{"id":73429,"date":"2026-05-13T13:11:09","date_gmt":"2026-05-13T13:11:09","guid":{"rendered":"https:\/\/continent.lv\/?post_type=product&#038;p=73429"},"modified":"2026-05-13T13:11:18","modified_gmt":"2026-05-13T13:11:18","slug":"makita-dlm432pt2-43-cm","status":"publish","type":"product","link":"https:\/\/continent.lv\/ru\/product\/makita-dlm432pt2-43-cm\/","title":{"rendered":"Makita DLM432PT2, 43 cm"},"content":{"rendered":"<p>\u0410\u043a\u043a\u0443\u043c\u0443\u043b\u044f\u0442\u043e\u0440\u043d\u044b\u0435 \u0433\u0430\u0437\u043e\u043d\u043e\u043a\u043e\u0441\u0438\u043b\u043a\u0438<br \/>\n\u0411\u0440\u0435\u043d\u0434 Makita<br \/>\nModelis DLM432PT2<br \/>\n\u0422\u0438\u043f \u0433\u0430\u0437\u043e\u043d\u043e\u043a\u043e\u0441\u0438\u043b\u043a\u0438 \u0422\u043e\u043b\u043a\u0430\u0442\u0435\u043b\u044c\u043d\u0430\u044f<br \/>\n\u0422\u0438\u043f \u044d\u043b\u0435\u043a\u0442\u0440\u0438\u0447\u0435\u0441\u043a\u043e\u0433\u043e \u0434\u0432\u0438\u0433\u0430\u0442\u0435\u043b\u044f \u0429\u0435\u0442\u043e\u0447\u043d\u044b\u0439<br \/>\n\u041f\u0430\u0440\u0430\u043c\u0435\u0442\u0440\u044b \u0441\u0442\u0440\u0438\u0436\u043a\u0438<br \/>\n\u0412\u044b\u0441\u043e\u0442\u0430 \u0441\u043a\u0430\u0448\u0438\u0432\u0430\u043d\u0438\u044f (\u043c\u0438\u043d) 20 \u043c\u043c<br \/>\n\u0412\u044b\u0441\u043e\u0442\u0430 \u0441\u043a\u0430\u0448\u0438\u0432\u0430\u043d\u0438\u044f (\u043c\u0430\u043a\u0441.) 75 \u043c\u043c<br \/>\nDarba platums 43 cm<br \/>\nMaksimums ieteicam\u0101 p\u013cau\u0161anas plat\u012bba l\u012bdz 575 m\u00b2<br \/>\nP\u013cau\u0161anas augstuma poz\u012bcijas 13<br \/>\n\u0420\u0435\u0433\u0443\u043b\u0438\u0440\u043e\u0432\u043a\u0430 \u0432\u044b\u0441\u043e\u0442\u044b \u0441\u043a\u0430\u0448\u0438\u0432\u0430\u043d\u0438\u044f \u0426\u0435\u043d\u0442\u0440\u0430\u043b\u044c\u043d\u0430\u044f<br \/>\n\u0413\u0440\u0435\u0431\u0435\u043d\u044c \u0434\u043b\u044f \u0442\u0440\u0430\u0432\u044b \u041d\u0435\u0442<br \/>\n\u041c\u0443\u043b\u044c\u0447\u0438\u0440\u043e\u0432\u0430\u043d\u0438\u0435 \u0442\u0440\u0430\u0432\u044b \u0414\u0430<br \/>\n\u0421\u0431\u043e\u0440 \u0442\u0440\u0430\u0432\u044b \u0414\u0430<br \/>\n\u0411\u043e\u043a\u043e\u0432\u043e\u0439 \u0432\u044b\u0431\u0440\u043e\u0441 \u0442\u0440\u0430\u0432\u044b \u041d\u0435\u0442<br \/>\n\u0412\u044b\u0431\u0440\u043e\u0441 \u0442\u0440\u0430\u0432\u044b \u043d\u0430\u0437\u0430\u0434 \u041d\u0435\u0442<br \/>\n\u0424\u0438\u0437\u0438\u0447\u0435\u0441\u043a\u0438\u0435 \u043f\u0430\u0440\u0430\u043c\u0435\u0442\u0440\u044b<br \/>\n\u0412\u0435\u0441 17.5 \u043a\u0433<br \/>\nGarums 1435 mm<br \/>\nPlatums 460 mm<br \/>\nAugstums 1045 mm<br \/>\nJauda 950 W<br \/>\nKr\u0101sa Melna kr\u0101s., Zila kr\u0101s.<br \/>\n\u041c\u0430\u0442\u0435\u0440\u0438\u0430\u043b \u043a\u043e\u0440\u043f\u0443\u0441\u0430 \u041f\u043b\u0430\u0441\u0442\u043c\u0430\u0441\u0441\u0430<br \/>\nRite\u0146i Rite\u0146u materi\u0101ls<br \/>\n\u041f\u043b\u0430\u0441\u0442\u0438\u043a<br \/>\nPriek\u0161\u0113jo rite\u0146u diametrs 14 cm<br \/>\nAizmugur\u0113jo rite\u0146u diametrs 16 cm<br \/>\n\u0410\u043a\u043a\u0443\u043c\u0443\u043b\u044f\u0442\u043e\u0440<br \/>\n\u0422\u0438\u043f \u0430\u043a\u043a\u0443\u043c\u0443\u043b\u044f\u0442\u043e\u0440\u0430 Li-Ion<br \/>\n\u0410\u043a\u043a\u0443\u043c\u0443\u043b\u044f\u0442\u043e\u0440 \u0432 \u043a\u043e\u043c\u043f\u043b\u0435\u043a\u0442\u0435 \u0414\u0430<br \/>\nAkumulatoru skaits komplekt\u0101 2<br \/>\n\u0417\u0430\u0440\u044f\u0434\u043d\u043e\u0435 \u0443\u0441\u0442\u0440\u043e\u0439\u0441\u0442\u0432\u043e \u0432 \u043a\u043e\u043c\u043f\u043b\u0435\u043a\u0442\u0435 \u0414\u0430<br \/>\n\u041d\u0435\u043e\u0431\u0445\u043e\u0434\u0438\u043c\u043e\u0435 \u043a\u043e\u043b\u0438\u0447\u0435\u0441\u0442\u0432\u043e \u0430\u043a\u043a\u0443\u043c\u0443\u043b\u044f\u0442\u043e\u0440\u043e\u0432 2<br \/>\nAkumulatora kapacit\u0101te 5 Ah<br \/>\nAkumulatora spriegums 18 \u2013 36 V<br \/>\n\u0412\u0440\u0435\u043c\u044f \u0437\u0430\u0440\u044f\u0434\u043a\u0438 90 \u043c\u0438\u043d<br \/>\n\u0423\u0440\u043e\u0432\u0435\u043d\u044c \u0448\u0443\u043c\u0430 81 \u0434\u0411<br \/>\n\u0421\u043a\u043b\u0430\u0434\u043d\u0430\u044f \u0440\u0443\u043a\u043e\u044f\u0442\u043a\u0430 \u0414\u0430<br \/>\n\u0414\u043e\u043f\u043e\u043b\u043d\u0438\u0442\u0435\u043b\u044c\u043d\u0430\u044f \u0438\u043d\u0444\u043e\u0440\u043c\u0430\u0446\u0438\u044f<br \/>\nAkumulators iek\u013cauts komplekt\u0101.<br \/>\nAkumulatoru skaits komplekt\u0101: 2.<br \/>\nL\u0101d\u0113t\u0101js iek\u013cauts.<br \/>\nAkumulatora spriegums: 18 \u2013 36V.<br \/>\nUzl\u0101des laiks: 45 min.<br \/>\nTrok\u0161\u0146a l\u012bmenis: 81 dB<br \/>\n\u0421\u0442\u0440\u0430\u043d\u0430 \u043f\u0440\u043e\u0438\u0441\u0445\u043e\u0436\u0434\u0435\u043d\u0438\u044f \u041a\u0438\u0442\u0430\u0439<\/p>","protected":false},"excerpt":{"rendered":"<p>Akumulatora z\u0101les p\u013c\u0101v\u0113ji Z\u012bmols Makita Modelis DLM432PT2 Z\u0101les p\u013c\u0101v\u0113ja tips Stumjams Elektrisk\u0101 dzin\u0113ja tips Ar suk\u0101m P\u013cau\u0161anas parametri P\u013cau\u0161anas augstums (Min) 20 mm P\u013cau\u0161anas augstums (Maks) 75 mm Darba platums 43 cm Maksimums ieteicam\u0101 p\u013cau\u0161anas plat\u012bba l\u012bdz 575 m\u00b2 P\u013cau\u0161anas augstuma poz\u012bcijas 13 P\u013cau\u0161anas augstuma regul\u0113\u0161ana Centr\u0101lais Z\u0101les \u0137emme N\u0113 Z\u0101les mulc\u0113\u0161ana J\u0101 Z\u0101les sav\u0101k\u0161ana [&hellip;]<\/p>\n","protected":false},"featured_media":73431,"comment_status":"open","ping_status":"closed","template":"","meta":{"_joinchat":[]},"product_brand":[489],"product_cat":[335],"product_tag":[],"class_list":{"0":"post-73429","1":"product","2":"type-product","3":"status-publish","4":"has-post-thumbnail","6":"product_brand-makita","7":"product_cat-darza-tehnika-akumulatora-zales-plaveji","9":"first","10":"instock","11":"shipping-taxable","12":"purchasable","13":"product-type-simple"},"yoast_head":"<!-- This site is optimized with the Yoast SEO plugin v27.5 - https:\/\/yoast.com\/product\/yoast-seo-wordpress\/ -->\n<title>Makita DLM432PT2, 43 cm - Continent.lv<\/title>\n<meta name=\"robots\" content=\"index, follow, max-snippet:-1, max-image-preview:large, max-video-preview:-1\" \/>\n<link rel=\"canonical\" href=\"https:\/\/continent.lv\/ru\/product\/makita-dlm432pt2-43-cm\/\" \/>\n<meta property=\"og:locale\" content=\"ru_RU\" \/>\n<meta property=\"og:type\" content=\"article\" \/>\n<meta property=\"og:title\" content=\"Makita DLM432PT2, 43 cm - Continent.lv\" \/>\n<meta property=\"og:description\" content=\"Akumulatora z\u0101les p\u013c\u0101v\u0113ji Z\u012bmols Makita Modelis DLM432PT2 Z\u0101les p\u013c\u0101v\u0113ja tips Stumjams Elektrisk\u0101 dzin\u0113ja tips Ar suk\u0101m P\u013cau\u0161anas parametri P\u013cau\u0161anas augstums (Min) 20 mm P\u013cau\u0161anas augstums (Maks) 75 mm Darba platums 43 cm Maksimums ieteicam\u0101 p\u013cau\u0161anas plat\u012bba l\u012bdz 575 m\u00b2 P\u013cau\u0161anas augstuma poz\u012bcijas 13 P\u013cau\u0161anas augstuma regul\u0113\u0161ana Centr\u0101lais Z\u0101les \u0137emme N\u0113 Z\u0101les mulc\u0113\u0161ana J\u0101 Z\u0101les sav\u0101k\u0161ana [&hellip;]\" \/>\n<meta property=\"og:url\" content=\"https:\/\/continent.lv\/ru\/product\/makita-dlm432pt2-43-cm\/\" \/>\n<meta property=\"og:site_name\" content=\"Continent.lv\" \/>\n<meta property=\"article:modified_time\" content=\"2026-05-13T13:11:18+00:00\" \/>\n<meta property=\"og:image\" content=\"http:\/\/continent.lv\/wp-content\/uploads\/2026\/05\/21-20.jpeg\" \/>\n\t<meta property=\"og:image:width\" content=\"1440\" \/>\n\t<meta property=\"og:image:height\" content=\"1440\" \/>\n\t<meta property=\"og:image:type\" content=\"image\/jpeg\" \/>\n<meta name=\"twitter:card\" content=\"summary_large_image\" \/>\n<meta name=\"twitter:label1\" content=\"\u041f\u0440\u0438\u043c\u0435\u0440\u043d\u043e\u0435 \u0432\u0440\u0435\u043c\u044f \u0434\u043b\u044f \u0447\u0442\u0435\u043d\u0438\u044f\" \/>\n\t<meta name=\"twitter:data1\" content=\"2 \u043c\u0438\u043d\u0443\u0442\u044b\" \/>\n<script type=\"application\/ld+json\" class=\"yoast-schema-graph\">{\"@context\":\"https:\\\/\\\/schema.org\",\"@graph\":[{\"@type\":\"WebPage\",\"@id\":\"https:\\\/\\\/continent.lv\\\/product\\\/makita-dlm432pt2-43-cm\\\/\",\"url\":\"https:\\\/\\\/continent.lv\\\/product\\\/makita-dlm432pt2-43-cm\\\/\",\"name\":\"Makita DLM432PT2, 43 cm - Continent.lv\",\"isPartOf\":{\"@id\":\"https:\\\/\\\/continent.lv\\\/#website\"},\"primaryImageOfPage\":{\"@id\":\"https:\\\/\\\/continent.lv\\\/product\\\/makita-dlm432pt2-43-cm\\\/#primaryimage\"},\"image\":{\"@id\":\"https:\\\/\\\/continent.lv\\\/product\\\/makita-dlm432pt2-43-cm\\\/#primaryimage\"},\"thumbnailUrl\":\"https:\\\/\\\/continent.lv\\\/wp-content\\\/uploads\\\/2026\\\/05\\\/21-20.jpeg\",\"datePublished\":\"2026-05-13T13:11:09+00:00\",\"dateModified\":\"2026-05-13T13:11:18+00:00\",\"breadcrumb\":{\"@id\":\"https:\\\/\\\/continent.lv\\\/product\\\/makita-dlm432pt2-43-cm\\\/#breadcrumb\"},\"inLanguage\":\"ru-RU\",\"potentialAction\":[{\"@type\":\"ReadAction\",\"target\":[\"https:\\\/\\\/continent.lv\\\/product\\\/makita-dlm432pt2-43-cm\\\/\"]}]},{\"@type\":\"ImageObject\",\"inLanguage\":\"ru-RU\",\"@id\":\"https:\\\/\\\/continent.lv\\\/product\\\/makita-dlm432pt2-43-cm\\\/#primaryimage\",\"url\":\"https:\\\/\\\/continent.lv\\\/wp-content\\\/uploads\\\/2026\\\/05\\\/21-20.jpeg\",\"contentUrl\":\"https:\\\/\\\/continent.lv\\\/wp-content\\\/uploads\\\/2026\\\/05\\\/21-20.jpeg\",\"width\":1440,\"height\":1440},{\"@type\":\"BreadcrumbList\",\"@id\":\"https:\\\/\\\/continent.lv\\\/product\\\/makita-dlm432pt2-43-cm\\\/#breadcrumb\",\"itemListElement\":[{\"@type\":\"ListItem\",\"position\":1,\"name\":\"Home\",\"item\":\"https:\\\/\\\/continent.lv\\\/\"},{\"@type\":\"ListItem\",\"position\":2,\"name\":\"Veikals\",\"item\":\"https:\\\/\\\/continent.lv\\\/shop\\\/\"},{\"@type\":\"ListItem\",\"position\":3,\"name\":\"Makita DLM432PT2, 43 cm\"}]},{\"@type\":\"WebSite\",\"@id\":\"https:\\\/\\\/continent.lv\\\/#website\",\"url\":\"https:\\\/\\\/continent.lv\\\/\",\"name\":\"Continent.lv\",\"description\":\"Sadz\u012bves pre\u010du internetveikals\",\"publisher\":{\"@id\":\"https:\\\/\\\/continent.lv\\\/#organization\"},\"potentialAction\":[{\"@type\":\"SearchAction\",\"target\":{\"@type\":\"EntryPoint\",\"urlTemplate\":\"https:\\\/\\\/continent.lv\\\/?s={search_term_string}\"},\"query-input\":{\"@type\":\"PropertyValueSpecification\",\"valueRequired\":true,\"valueName\":\"search_term_string\"}}],\"inLanguage\":\"ru-RU\"},{\"@type\":\"Organization\",\"@id\":\"https:\\\/\\\/continent.lv\\\/#organization\",\"name\":\"Continent.lv\",\"url\":\"https:\\\/\\\/continent.lv\\\/\",\"logo\":{\"@type\":\"ImageObject\",\"inLanguage\":\"ru-RU\",\"@id\":\"https:\\\/\\\/continent.lv\\\/#\\\/schema\\\/logo\\\/image\\\/\",\"url\":\"https:\\\/\\\/continent.lv\\\/wp-content\\\/uploads\\\/2026\\\/05\\\/logo_continent_5nwv-jh.jpg\",\"contentUrl\":\"https:\\\/\\\/continent.lv\\\/wp-content\\\/uploads\\\/2026\\\/05\\\/logo_continent_5nwv-jh.jpg\",\"width\":221,\"height\":50,\"caption\":\"Continent.lv\"},\"image\":{\"@id\":\"https:\\\/\\\/continent.lv\\\/#\\\/schema\\\/logo\\\/image\\\/\"}}]}<\/script>\n<!-- \/ Yoast SEO plugin. -->","yoast_head_json":{"title":"Makita DLM432PT2, 43 cm - Continent.lv","robots":{"index":"index","follow":"follow","max-snippet":"max-snippet:-1","max-image-preview":"max-image-preview:large","max-video-preview":"max-video-preview:-1"},"canonical":"https:\/\/continent.lv\/ru\/product\/makita-dlm432pt2-43-cm\/","og_locale":"ru_RU","og_type":"article","og_title":"Makita DLM432PT2, 43 cm - Continent.lv","og_description":"Akumulatora z\u0101les p\u013c\u0101v\u0113ji Z\u012bmols Makita Modelis DLM432PT2 Z\u0101les p\u013c\u0101v\u0113ja tips Stumjams Elektrisk\u0101 dzin\u0113ja tips Ar suk\u0101m P\u013cau\u0161anas parametri P\u013cau\u0161anas augstums (Min) 20 mm P\u013cau\u0161anas augstums (Maks) 75 mm Darba platums 43 cm Maksimums ieteicam\u0101 p\u013cau\u0161anas plat\u012bba l\u012bdz 575 m\u00b2 P\u013cau\u0161anas augstuma poz\u012bcijas 13 P\u013cau\u0161anas augstuma regul\u0113\u0161ana Centr\u0101lais Z\u0101les \u0137emme N\u0113 Z\u0101les mulc\u0113\u0161ana J\u0101 Z\u0101les sav\u0101k\u0161ana [&hellip;]","og_url":"https:\/\/continent.lv\/ru\/product\/makita-dlm432pt2-43-cm\/","og_site_name":"Continent.lv","article_modified_time":"2026-05-13T13:11:18+00:00","og_image":[{"width":1440,"height":1440,"url":"http:\/\/continent.lv\/wp-content\/uploads\/2026\/05\/21-20.jpeg","type":"image\/jpeg"}],"twitter_card":"summary_large_image","twitter_misc":{"\u041f\u0440\u0438\u043c\u0435\u0440\u043d\u043e\u0435 \u0432\u0440\u0435\u043c\u044f \u0434\u043b\u044f \u0447\u0442\u0435\u043d\u0438\u044f":"2 \u043c\u0438\u043d\u0443\u0442\u044b"},"schema":{"@context":"https:\/\/schema.org","@graph":[{"@type":"WebPage","@id":"https:\/\/continent.lv\/product\/makita-dlm432pt2-43-cm\/","url":"https:\/\/continent.lv\/product\/makita-dlm432pt2-43-cm\/","name":"Makita DLM432PT2, 43 cm - Continent.lv","isPartOf":{"@id":"https:\/\/continent.lv\/#website"},"primaryImageOfPage":{"@id":"https:\/\/continent.lv\/product\/makita-dlm432pt2-43-cm\/#primaryimage"},"image":{"@id":"https:\/\/continent.lv\/product\/makita-dlm432pt2-43-cm\/#primaryimage"},"thumbnailUrl":"https:\/\/continent.lv\/wp-content\/uploads\/2026\/05\/21-20.jpeg","datePublished":"2026-05-13T13:11:09+00:00","dateModified":"2026-05-13T13:11:18+00:00","breadcrumb":{"@id":"https:\/\/continent.lv\/product\/makita-dlm432pt2-43-cm\/#breadcrumb"},"inLanguage":"ru-RU","potentialAction":[{"@type":"ReadAction","target":["https:\/\/continent.lv\/product\/makita-dlm432pt2-43-cm\/"]}]},{"@type":"ImageObject","inLanguage":"ru-RU","@id":"https:\/\/continent.lv\/product\/makita-dlm432pt2-43-cm\/#primaryimage","url":"https:\/\/continent.lv\/wp-content\/uploads\/2026\/05\/21-20.jpeg","contentUrl":"https:\/\/continent.lv\/wp-content\/uploads\/2026\/05\/21-20.jpeg","width":1440,"height":1440},{"@type":"BreadcrumbList","@id":"https:\/\/continent.lv\/product\/makita-dlm432pt2-43-cm\/#breadcrumb","itemListElement":[{"@type":"ListItem","position":1,"name":"Home","item":"https:\/\/continent.lv\/"},{"@type":"ListItem","position":2,"name":"Veikals","item":"https:\/\/continent.lv\/shop\/"},{"@type":"ListItem","position":3,"name":"Makita DLM432PT2, 43 cm"}]},{"@type":"WebSite","@id":"https:\/\/continent.lv\/#website","url":"https:\/\/continent.lv\/","name":"Continent.lv","description":"Sadz\u012bves pre\u010du internetveikals","publisher":{"@id":"https:\/\/continent.lv\/#organization"},"potentialAction":[{"@type":"SearchAction","target":{"@type":"EntryPoint","urlTemplate":"https:\/\/continent.lv\/?s={search_term_string}"},"query-input":{"@type":"PropertyValueSpecification","valueRequired":true,"valueName":"search_term_string"}}],"inLanguage":"ru-RU"},{"@type":"Organization","@id":"https:\/\/continent.lv\/#organization","name":"Continent.lv","url":"https:\/\/continent.lv\/","logo":{"@type":"ImageObject","inLanguage":"ru-RU","@id":"https:\/\/continent.lv\/#\/schema\/logo\/image\/","url":"https:\/\/continent.lv\/wp-content\/uploads\/2026\/05\/logo_continent_5nwv-jh.jpg","contentUrl":"https:\/\/continent.lv\/wp-content\/uploads\/2026\/05\/logo_continent_5nwv-jh.jpg","width":221,"height":50,"caption":"Continent.lv"},"image":{"@id":"https:\/\/continent.lv\/#\/schema\/logo\/image\/"}}]}},"_links":{"self":[{"href":"https:\/\/continent.lv\/ru\/wp-json\/wp\/v2\/product\/73429","targetHints":{"allow":["GET"]}}],"collection":[{"href":"https:\/\/continent.lv\/ru\/wp-json\/wp\/v2\/product"}],"about":[{"href":"https:\/\/continent.lv\/ru\/wp-json\/wp\/v2\/types\/product"}],"replies":[{"embeddable":true,"href":"https:\/\/continent.lv\/ru\/wp-json\/wp\/v2\/comments?post=73429"}],"wp:featuredmedia":[{"embeddable":true,"href":"https:\/\/continent.lv\/ru\/wp-json\/wp\/v2\/media\/73431"}],"wp:attachment":[{"href":"https:\/\/continent.lv\/ru\/wp-json\/wp\/v2\/media?parent=73429"}],"wp:term":[{"taxonomy":"product_brand","embeddable":true,"href":"https:\/\/continent.lv\/ru\/wp-json\/wp\/v2\/product_brand?post=73429"},{"taxonomy":"product_cat","embeddable":true,"href":"https:\/\/continent.lv\/ru\/wp-json\/wp\/v2\/product_cat?post=73429"},{"taxonomy":"product_tag","embeddable":true,"href":"https:\/\/continent.lv\/ru\/wp-json\/wp\/v2\/product_tag?post=73429"}],"curies":[{"name":"wp","href":"https:\/\/api.w.org\/{rel}","templated":true}]}}