{"id":73359,"date":"2026-05-13T11:11:37","date_gmt":"2026-05-13T11:11:37","guid":{"rendered":"https:\/\/continent.lv\/?post_type=product&#038;p=73359"},"modified":"2026-05-13T11:11:46","modified_gmt":"2026-05-13T11:11:46","slug":"alpina-at3-98-ha","status":"publish","type":"product","link":"https:\/\/continent.lv\/ru\/product\/alpina-at3-98-ha\/","title":{"rendered":"Alpina AT3 98 HA"},"content":{"rendered":"<p>\u0422\u0438\u043f \u043f\u0440\u043e\u0434\u0443\u043a\u0442\u0430 \u0413\u0430\u0437\u043e\u043d\u043e\u043a\u043e\u0441\u0438\u043b\u043a\u0430-\u0442\u0440\u0430\u043a\u0442\u043e\u0440<br \/>\n\u0411\u0440\u0435\u043d\u0434 Alpina<br \/>\nModelis AT3 98 HA<br \/>\nJauda 7100 W<br \/>\n\u0412\u044b\u0441\u043e\u0442\u0430 \u0441\u043a\u0430\u0448\u0438\u0432\u0430\u043d\u0438\u044f (\u043c\u0438\u043d.) 25 \u043c\u043c<br \/>\n\u0412\u044b\u0441\u043e\u0442\u0430 \u0441\u043a\u0430\u0448\u0438\u0432\u0430\u043d\u0438\u044f (\u041c\u0430\u043a\u0441) 80 \u043c\u043c<br \/>\nPiederumi j\u0101ieg\u0101d\u0101jas atsevi\u0161\u0137i<br \/>\n\u0421\u0431\u043e\u0440 \u0442\u0440\u0430\u0432\u044b \u0414\u0430<br \/>\n\u0411\u043e\u043a\u043e\u0432\u043e\u0439 \u0432\u044b\u0431\u0440\u043e\u0441 \u0442\u0440\u0430\u0432\u044b \u0414\u0430<br \/>\n\u0417\u0430\u0434\u043d\u0438\u0439 \u0432\u044b\u0431\u0440\u043e\u0441 \u0442\u0440\u0430\u0432\u044b \u0414\u0430<br \/>\n\u041e\u0431\u044a\u0435\u043c \u043c\u0435\u0448\u043a\u0430 \u0434\u043b\u044f \u0441\u0431\u043e\u0440\u0430 0 \u043b<br \/>\n\u0420\u0435\u0433\u0443\u043b\u0438\u0440\u043e\u0432\u043a\u0430 \u0432\u044b\u0441\u043e\u0442\u044b \u0441\u043a\u0430\u0448\u0438\u0432\u0430\u043d\u0438\u044f \u0414\u0430<br \/>\n\u041f\u043e\u0437\u0438\u0446\u0438\u0438 \u0432\u044b\u0441\u043e\u0442\u044b \u043a\u043e\u0448\u0435\u043d\u0438\u044f 7<br \/>\nDarba platums 98 cm<br \/>\n\u041a\u043e\u043b\u0438\u0447\u0435\u0441\u0442\u0432\u043e \u043b\u0435\u0437\u0432\u0438\u0439 2<br \/>\n\u0412\u043a\u043b\u044e\u0447\u0435\u043d\u0438\u0435 \u043b\u0435\u0437\u0432\u0438\u0439 \u042d\u043b\u0435\u043a\u0442\u0440\u0438\u0447\u0435\u0441\u043a\u043e\u0435<br \/>\nAr tvertni N\u0113<br \/>\n\u0422\u0438\u043f \u0434\u0432\u0438\u0433\u0430\u0442\u0435\u043b\u044f \u0411\u0435\u043d\u0437\u0438\u043d\u043e\u0432\u044b\u0439 \u0434\u0432\u0438\u0433\u0430\u0442\u0435\u043b\u044c<br \/>\nDzin\u0113ja modelis ST400<br \/>\n\u041f\u0440\u043e\u0438\u0437\u0432\u043e\u0434\u0438\u0442\u0435\u043b\u044c \u0434\u0432\u0438\u0433\u0430\u0442\u0435\u043b\u044f STIGA<br \/>\nDzin\u0113ja \u0101trums 2800 rpm<br \/>\nDzin\u0113ja cilindra tilpums 414 cm\u00b3<br \/>\n\u041a\u043e\u043b\u0438\u0447\u0435\u0441\u0442\u0432\u043e \u0446\u0438\u043b\u0438\u043d\u0434\u0440\u043e\u0432 1<br \/>\nTransmisijas tips Autom\u0101tisk\u0101 (hidrostatisk\u0101)<br \/>\nDegvielas tvertnes tilpums 6 l<br \/>\n\u041a\u043e\u043b\u0451\u0441\u0430<br \/>\n\u041f\u0440\u0438\u0432\u043e\u0434\u043d\u044b\u0435 \u043a\u043e\u043b\u0451\u0441\u0430 \u0417\u0430\u0434\u043d\u0438\u0435<br \/>\n\u041a\u043e\u043b\u0435\u0441\u0430 \u0441 \u043f\u043e\u0434\u0448\u0438\u043f\u043d\u0438\u043a\u0430\u043c\u0438 \u0414\u0430<br \/>\n\u041c\u0430\u0442\u0435\u0440\u0438\u0430\u043b \u043a\u043e\u043b\u0435\u0441 \u0420\u0435\u0437\u0438\u043d\u0430<br \/>\n\u041a\u043e\u043b\u0438\u0447\u0435\u0441\u0442\u0432\u043e \u043a\u043e\u043b\u0435\u0441 4<br \/>\nPriek\u0161\u0113jo rite\u0146u izm\u0113rs 15<br \/>\nAizmugur\u0113jo rite\u0146u izm\u0113rs 18<br \/>\nPriek\u0161\u0113jo rite\u0146u diametrs 38 cm<br \/>\nAizmugur\u0113jo rite\u0146u diametrs 46 cm<br \/>\n\u0410\u043a\u043a\u0443\u043c\u0443\u043b\u044f\u0442\u043e\u0440 \u0432 \u043a\u043e\u043c\u043f\u043b\u0435\u043a\u0442\u0435 \u0414\u0430<br \/>\nAkumulatora kapacit\u0101te 1800 mAh<br \/>\nAkumulatora spriegums 12 V<br \/>\n\u0424\u0438\u0437\u0438\u0447\u0435\u0441\u043a\u0438\u0435 \u043f\u0430\u0440\u0430\u043c\u0435\u0442\u0440\u044b<br \/>\nGarums 173 cm<br \/>\nPlatums 120 cm<br \/>\n\u0412\u044b\u0441\u043e\u0442\u0430 110 \u0441\u043c<br \/>\nSvars 162 kg<br \/>\n\u0426\u0432\u0435\u0442 \u0427\u0435\u0440\u043d\u044b\u0439<br \/>\n\u0414\u043e\u043f\u043e\u043b\u043d\u0438\u0442\u0435\u043b\u044c\u043d\u043e<br \/>\n\u0411\u0430\u043c\u043f\u0435\u0440 \u0414\u0430<br \/>\n\u0424\u0430\u0440\u044b \u0414\u0430<br \/>\n\u0421\u043e\u0435\u0434\u0438\u043d\u0438\u0442\u0435\u043b\u044c \u0434\u043b\u044f \u0448\u043b\u0430\u043d\u0433\u0430 \u043c\u043e\u0439\u043a\u0438 \u0414\u0430<br \/>\n\u0423\u0440\u043e\u0432\u0435\u043d\u044c \u0448\u0443\u043c\u0430 100 \u0434\u0411<br \/>\n\u041d\u0430\u0434\u0443\u0432\u043d\u043e\u0435 \u043a\u043e\u043b\u044c\u0446\u043e \u0414\u0430<\/p>","protected":false},"excerpt":{"rendered":"<p>Produkta veids Z\u0101les p\u013cau\u0161anas traktors Z\u012bmols Alpina Modelis AT3 98 HA Jauda 7100 W P\u013cau\u0161anas augstums (Min) 25 mm P\u013cau\u0161anas augstums (Maks) 80 mm Piederumi j\u0101ieg\u0101d\u0101jas atsevi\u0161\u0137i Z\u0101les sav\u0101k\u0161ana J\u0101 Z\u0101les izme\u0161ana s\u0101nos J\u0101 Z\u0101les izme\u0161ana aizmugur\u0113 J\u0101 Sav\u0101k\u0161anas maisa tilpums 0 l P\u013cau\u0161anas augstuma regul\u0113\u0161ana J\u0101 P\u013cau\u0161anas augstuma poz\u012bcijas 7 Darba platums 98 cm [&hellip;]<\/p>\n","protected":false},"featured_media":73362,"comment_status":"open","ping_status":"closed","template":"","meta":{"_joinchat":[]},"product_brand":[487],"product_cat":[391],"product_tag":[],"class_list":{"0":"post-73359","1":"product","2":"type-product","3":"status-publish","4":"has-post-thumbnail","6":"product_brand-alpine","7":"product_cat-darza-tehnika-darza-traktori-un-piederumi","9":"first","10":"instock","11":"shipping-taxable","12":"purchasable","13":"product-type-simple"},"yoast_head":"<!-- This site is optimized with the Yoast SEO plugin v27.5 - https:\/\/yoast.com\/product\/yoast-seo-wordpress\/ -->\n<title>Alpina AT3 98 HA - Continent.lv<\/title>\n<meta name=\"robots\" content=\"index, follow, max-snippet:-1, max-image-preview:large, max-video-preview:-1\" \/>\n<link rel=\"canonical\" href=\"https:\/\/continent.lv\/ru\/product\/alpina-at3-98-ha\/\" \/>\n<meta property=\"og:locale\" content=\"ru_RU\" \/>\n<meta property=\"og:type\" content=\"article\" \/>\n<meta property=\"og:title\" content=\"Alpina AT3 98 HA - Continent.lv\" \/>\n<meta property=\"og:description\" content=\"Produkta veids Z\u0101les p\u013cau\u0161anas traktors Z\u012bmols Alpina Modelis AT3 98 HA Jauda 7100 W P\u013cau\u0161anas augstums (Min) 25 mm P\u013cau\u0161anas augstums (Maks) 80 mm Piederumi j\u0101ieg\u0101d\u0101jas atsevi\u0161\u0137i Z\u0101les sav\u0101k\u0161ana J\u0101 Z\u0101les izme\u0161ana s\u0101nos J\u0101 Z\u0101les izme\u0161ana aizmugur\u0113 J\u0101 Sav\u0101k\u0161anas maisa tilpums 0 l P\u013cau\u0161anas augstuma regul\u0113\u0161ana J\u0101 P\u013cau\u0161anas augstuma poz\u012bcijas 7 Darba platums 98 cm [&hellip;]\" \/>\n<meta property=\"og:url\" content=\"https:\/\/continent.lv\/ru\/product\/alpina-at3-98-ha\/\" \/>\n<meta property=\"og:site_name\" content=\"Continent.lv\" \/>\n<meta property=\"article:modified_time\" content=\"2026-05-13T11:11:46+00:00\" \/>\n<meta property=\"og:image\" content=\"http:\/\/continent.lv\/wp-content\/uploads\/2026\/05\/21-15.jpeg\" \/>\n\t<meta property=\"og:image:width\" content=\"1440\" \/>\n\t<meta property=\"og:image:height\" content=\"1440\" \/>\n\t<meta property=\"og:image:type\" content=\"image\/jpeg\" \/>\n<meta name=\"twitter:card\" content=\"summary_large_image\" \/>\n<meta name=\"twitter:label1\" content=\"\u041f\u0440\u0438\u043c\u0435\u0440\u043d\u043e\u0435 \u0432\u0440\u0435\u043c\u044f \u0434\u043b\u044f \u0447\u0442\u0435\u043d\u0438\u044f\" \/>\n\t<meta name=\"twitter:data1\" content=\"2 \u043c\u0438\u043d\u0443\u0442\u044b\" \/>\n<script type=\"application\/ld+json\" class=\"yoast-schema-graph\">{\"@context\":\"https:\\\/\\\/schema.org\",\"@graph\":[{\"@type\":\"WebPage\",\"@id\":\"https:\\\/\\\/continent.lv\\\/product\\\/alpina-at3-98-ha\\\/\",\"url\":\"https:\\\/\\\/continent.lv\\\/product\\\/alpina-at3-98-ha\\\/\",\"name\":\"Alpina AT3 98 HA - Continent.lv\",\"isPartOf\":{\"@id\":\"https:\\\/\\\/continent.lv\\\/#website\"},\"primaryImageOfPage\":{\"@id\":\"https:\\\/\\\/continent.lv\\\/product\\\/alpina-at3-98-ha\\\/#primaryimage\"},\"image\":{\"@id\":\"https:\\\/\\\/continent.lv\\\/product\\\/alpina-at3-98-ha\\\/#primaryimage\"},\"thumbnailUrl\":\"https:\\\/\\\/continent.lv\\\/wp-content\\\/uploads\\\/2026\\\/05\\\/21-15.jpeg\",\"datePublished\":\"2026-05-13T11:11:37+00:00\",\"dateModified\":\"2026-05-13T11:11:46+00:00\",\"breadcrumb\":{\"@id\":\"https:\\\/\\\/continent.lv\\\/product\\\/alpina-at3-98-ha\\\/#breadcrumb\"},\"inLanguage\":\"ru-RU\",\"potentialAction\":[{\"@type\":\"ReadAction\",\"target\":[\"https:\\\/\\\/continent.lv\\\/product\\\/alpina-at3-98-ha\\\/\"]}]},{\"@type\":\"ImageObject\",\"inLanguage\":\"ru-RU\",\"@id\":\"https:\\\/\\\/continent.lv\\\/product\\\/alpina-at3-98-ha\\\/#primaryimage\",\"url\":\"https:\\\/\\\/continent.lv\\\/wp-content\\\/uploads\\\/2026\\\/05\\\/21-15.jpeg\",\"contentUrl\":\"https:\\\/\\\/continent.lv\\\/wp-content\\\/uploads\\\/2026\\\/05\\\/21-15.jpeg\",\"width\":1440,\"height\":1440},{\"@type\":\"BreadcrumbList\",\"@id\":\"https:\\\/\\\/continent.lv\\\/product\\\/alpina-at3-98-ha\\\/#breadcrumb\",\"itemListElement\":[{\"@type\":\"ListItem\",\"position\":1,\"name\":\"Home\",\"item\":\"https:\\\/\\\/continent.lv\\\/\"},{\"@type\":\"ListItem\",\"position\":2,\"name\":\"Veikals\",\"item\":\"https:\\\/\\\/continent.lv\\\/shop\\\/\"},{\"@type\":\"ListItem\",\"position\":3,\"name\":\"Alpina AT3 98 HA\"}]},{\"@type\":\"WebSite\",\"@id\":\"https:\\\/\\\/continent.lv\\\/#website\",\"url\":\"https:\\\/\\\/continent.lv\\\/\",\"name\":\"Continent.lv\",\"description\":\"Sadz\u012bves pre\u010du internetveikals\",\"publisher\":{\"@id\":\"https:\\\/\\\/continent.lv\\\/#organization\"},\"potentialAction\":[{\"@type\":\"SearchAction\",\"target\":{\"@type\":\"EntryPoint\",\"urlTemplate\":\"https:\\\/\\\/continent.lv\\\/?s={search_term_string}\"},\"query-input\":{\"@type\":\"PropertyValueSpecification\",\"valueRequired\":true,\"valueName\":\"search_term_string\"}}],\"inLanguage\":\"ru-RU\"},{\"@type\":\"Organization\",\"@id\":\"https:\\\/\\\/continent.lv\\\/#organization\",\"name\":\"Continent.lv\",\"url\":\"https:\\\/\\\/continent.lv\\\/\",\"logo\":{\"@type\":\"ImageObject\",\"inLanguage\":\"ru-RU\",\"@id\":\"https:\\\/\\\/continent.lv\\\/#\\\/schema\\\/logo\\\/image\\\/\",\"url\":\"https:\\\/\\\/continent.lv\\\/wp-content\\\/uploads\\\/2026\\\/05\\\/logo_continent_5nwv-jh.jpg\",\"contentUrl\":\"https:\\\/\\\/continent.lv\\\/wp-content\\\/uploads\\\/2026\\\/05\\\/logo_continent_5nwv-jh.jpg\",\"width\":221,\"height\":50,\"caption\":\"Continent.lv\"},\"image\":{\"@id\":\"https:\\\/\\\/continent.lv\\\/#\\\/schema\\\/logo\\\/image\\\/\"}}]}<\/script>\n<!-- \/ Yoast SEO plugin. -->","yoast_head_json":{"title":"Alpina AT3 98 HA - Continent.lv","robots":{"index":"index","follow":"follow","max-snippet":"max-snippet:-1","max-image-preview":"max-image-preview:large","max-video-preview":"max-video-preview:-1"},"canonical":"https:\/\/continent.lv\/ru\/product\/alpina-at3-98-ha\/","og_locale":"ru_RU","og_type":"article","og_title":"Alpina AT3 98 HA - Continent.lv","og_description":"Produkta veids Z\u0101les p\u013cau\u0161anas traktors Z\u012bmols Alpina Modelis AT3 98 HA Jauda 7100 W P\u013cau\u0161anas augstums (Min) 25 mm P\u013cau\u0161anas augstums (Maks) 80 mm Piederumi j\u0101ieg\u0101d\u0101jas atsevi\u0161\u0137i Z\u0101les sav\u0101k\u0161ana J\u0101 Z\u0101les izme\u0161ana s\u0101nos J\u0101 Z\u0101les izme\u0161ana aizmugur\u0113 J\u0101 Sav\u0101k\u0161anas maisa tilpums 0 l P\u013cau\u0161anas augstuma regul\u0113\u0161ana J\u0101 P\u013cau\u0161anas augstuma poz\u012bcijas 7 Darba platums 98 cm [&hellip;]","og_url":"https:\/\/continent.lv\/ru\/product\/alpina-at3-98-ha\/","og_site_name":"Continent.lv","article_modified_time":"2026-05-13T11:11:46+00:00","og_image":[{"width":1440,"height":1440,"url":"http:\/\/continent.lv\/wp-content\/uploads\/2026\/05\/21-15.jpeg","type":"image\/jpeg"}],"twitter_card":"summary_large_image","twitter_misc":{"\u041f\u0440\u0438\u043c\u0435\u0440\u043d\u043e\u0435 \u0432\u0440\u0435\u043c\u044f \u0434\u043b\u044f \u0447\u0442\u0435\u043d\u0438\u044f":"2 \u043c\u0438\u043d\u0443\u0442\u044b"},"schema":{"@context":"https:\/\/schema.org","@graph":[{"@type":"WebPage","@id":"https:\/\/continent.lv\/product\/alpina-at3-98-ha\/","url":"https:\/\/continent.lv\/product\/alpina-at3-98-ha\/","name":"Alpina AT3 98 HA - Continent.lv","isPartOf":{"@id":"https:\/\/continent.lv\/#website"},"primaryImageOfPage":{"@id":"https:\/\/continent.lv\/product\/alpina-at3-98-ha\/#primaryimage"},"image":{"@id":"https:\/\/continent.lv\/product\/alpina-at3-98-ha\/#primaryimage"},"thumbnailUrl":"https:\/\/continent.lv\/wp-content\/uploads\/2026\/05\/21-15.jpeg","datePublished":"2026-05-13T11:11:37+00:00","dateModified":"2026-05-13T11:11:46+00:00","breadcrumb":{"@id":"https:\/\/continent.lv\/product\/alpina-at3-98-ha\/#breadcrumb"},"inLanguage":"ru-RU","potentialAction":[{"@type":"ReadAction","target":["https:\/\/continent.lv\/product\/alpina-at3-98-ha\/"]}]},{"@type":"ImageObject","inLanguage":"ru-RU","@id":"https:\/\/continent.lv\/product\/alpina-at3-98-ha\/#primaryimage","url":"https:\/\/continent.lv\/wp-content\/uploads\/2026\/05\/21-15.jpeg","contentUrl":"https:\/\/continent.lv\/wp-content\/uploads\/2026\/05\/21-15.jpeg","width":1440,"height":1440},{"@type":"BreadcrumbList","@id":"https:\/\/continent.lv\/product\/alpina-at3-98-ha\/#breadcrumb","itemListElement":[{"@type":"ListItem","position":1,"name":"Home","item":"https:\/\/continent.lv\/"},{"@type":"ListItem","position":2,"name":"Veikals","item":"https:\/\/continent.lv\/shop\/"},{"@type":"ListItem","position":3,"name":"Alpina AT3 98 HA"}]},{"@type":"WebSite","@id":"https:\/\/continent.lv\/#website","url":"https:\/\/continent.lv\/","name":"Continent.lv","description":"Sadz\u012bves pre\u010du internetveikals","publisher":{"@id":"https:\/\/continent.lv\/#organization"},"potentialAction":[{"@type":"SearchAction","target":{"@type":"EntryPoint","urlTemplate":"https:\/\/continent.lv\/?s={search_term_string}"},"query-input":{"@type":"PropertyValueSpecification","valueRequired":true,"valueName":"search_term_string"}}],"inLanguage":"ru-RU"},{"@type":"Organization","@id":"https:\/\/continent.lv\/#organization","name":"Continent.lv","url":"https:\/\/continent.lv\/","logo":{"@type":"ImageObject","inLanguage":"ru-RU","@id":"https:\/\/continent.lv\/#\/schema\/logo\/image\/","url":"https:\/\/continent.lv\/wp-content\/uploads\/2026\/05\/logo_continent_5nwv-jh.jpg","contentUrl":"https:\/\/continent.lv\/wp-content\/uploads\/2026\/05\/logo_continent_5nwv-jh.jpg","width":221,"height":50,"caption":"Continent.lv"},"image":{"@id":"https:\/\/continent.lv\/#\/schema\/logo\/image\/"}}]}},"_links":{"self":[{"href":"https:\/\/continent.lv\/ru\/wp-json\/wp\/v2\/product\/73359","targetHints":{"allow":["GET"]}}],"collection":[{"href":"https:\/\/continent.lv\/ru\/wp-json\/wp\/v2\/product"}],"about":[{"href":"https:\/\/continent.lv\/ru\/wp-json\/wp\/v2\/types\/product"}],"replies":[{"embeddable":true,"href":"https:\/\/continent.lv\/ru\/wp-json\/wp\/v2\/comments?post=73359"}],"wp:featuredmedia":[{"embeddable":true,"href":"https:\/\/continent.lv\/ru\/wp-json\/wp\/v2\/media\/73362"}],"wp:attachment":[{"href":"https:\/\/continent.lv\/ru\/wp-json\/wp\/v2\/media?parent=73359"}],"wp:term":[{"taxonomy":"product_brand","embeddable":true,"href":"https:\/\/continent.lv\/ru\/wp-json\/wp\/v2\/product_brand?post=73359"},{"taxonomy":"product_cat","embeddable":true,"href":"https:\/\/continent.lv\/ru\/wp-json\/wp\/v2\/product_cat?post=73359"},{"taxonomy":"product_tag","embeddable":true,"href":"https:\/\/continent.lv\/ru\/wp-json\/wp\/v2\/product_tag?post=73359"}],"curies":[{"name":"wp","href":"https:\/\/api.w.org\/{rel}","templated":true}]}}