{"id":73317,"date":"2026-05-11T08:33:27","date_gmt":"2026-05-11T08:33:27","guid":{"rendered":"https:\/\/continent.lv\/?post_type=product&#038;p=73317"},"modified":"2026-05-11T08:33:27","modified_gmt":"2026-05-11T08:33:27","slug":"pagarinatajs-okko-3-x-15-mm%c2%b2-15-m","status":"publish","type":"product","link":"https:\/\/continent.lv\/ru\/product\/pagarinatajs-okko-3-x-15-mm%c2%b2-15-m\/","title":{"rendered":"Pagarin\u0101t\u0101js Okko, 3 x 1,5 mm\u00b2, 15 m"},"content":{"rendered":"<p>Produkta veids Pagarin\u0101t\u0101ji<br \/>\n\u0411\u0440\u0435\u043d\u0434 Okko<br \/>\nLigzdu skaits 1 ligzda<br \/>\nVada garums 15 m<br \/>\nStr\u0101vas stiprums 16 A<br \/>\nSpriegums 250 V<br \/>\nVada tips 3 x 1,5 mm\u00b2<br \/>\nZem\u0113juma kontakti J\u0101<br \/>\nKr\u0101sa Oran\u017ea kr\u0101s.<br \/>\nAr sl\u0113dzi N\u0113<br \/>\n\u0421\u0442\u0440\u0430\u043d\u0430 \u043f\u0440\u043e\u0438\u0441\u0445\u043e\u0436\u0434\u0435\u043d\u0438\u044f \u041a\u0438\u0442\u0430\u0439<\/p>","protected":false},"excerpt":{"rendered":"<p>Produkta veids Pagarin\u0101t\u0101ji Z\u012bmols Okko Ligzdu skaits 1 ligzda Vada garums 15 m Str\u0101vas stiprums 16 A Spriegums 250 V Vada tips 3 x 1,5 mm\u00b2 Zem\u0113juma kontakti J\u0101 Kr\u0101sa Oran\u017ea kr\u0101s. Ar sl\u0113dzi N\u0113 Izcelsmes valsts \u0136\u012bna<\/p>","protected":false},"featured_media":73319,"comment_status":"open","ping_status":"closed","template":"","meta":{"_joinchat":[]},"product_brand":[485],"product_cat":[357],"product_tag":[],"class_list":{"0":"post-73317","1":"product","2":"type-product","3":"status-publish","4":"has-post-thumbnail","6":"product_brand-okko","7":"product_cat-citi","9":"first","10":"instock","11":"shipping-taxable","12":"purchasable","13":"product-type-simple"},"yoast_head":"<!-- This site is optimized with the Yoast SEO plugin v27.5 - https:\/\/yoast.com\/product\/yoast-seo-wordpress\/ -->\n<title>Pagarin\u0101t\u0101js Okko, 3 x 1,5 mm\u00b2, 15 m - Continent.lv<\/title>\n<meta name=\"robots\" content=\"index, follow, max-snippet:-1, max-image-preview:large, max-video-preview:-1\" \/>\n<link rel=\"canonical\" href=\"https:\/\/continent.lv\/ru\/product\/pagarinatajs-okko-3-x-15-mm\u00b2-15-m\/\" \/>\n<meta property=\"og:locale\" content=\"ru_RU\" \/>\n<meta property=\"og:type\" content=\"article\" \/>\n<meta property=\"og:title\" content=\"Pagarin\u0101t\u0101js Okko, 3 x 1,5 mm\u00b2, 15 m - Continent.lv\" \/>\n<meta property=\"og:description\" content=\"Produkta veids Pagarin\u0101t\u0101ji Z\u012bmols Okko Ligzdu skaits 1 ligzda Vada garums 15 m Str\u0101vas stiprums 16 A Spriegums 250 V Vada tips 3 x 1,5 mm\u00b2 Zem\u0113juma kontakti J\u0101 Kr\u0101sa Oran\u017ea kr\u0101s. Ar sl\u0113dzi N\u0113 Izcelsmes valsts \u0136\u012bna\" \/>\n<meta property=\"og:url\" content=\"https:\/\/continent.lv\/ru\/product\/pagarinatajs-okko-3-x-15-mm\u00b2-15-m\/\" \/>\n<meta property=\"og:site_name\" content=\"Continent.lv\" \/>\n<meta property=\"og:image\" content=\"http:\/\/continent.lv\/wp-content\/uploads\/2026\/05\/21-12.jpeg\" \/>\n\t<meta property=\"og:image:width\" content=\"1440\" \/>\n\t<meta property=\"og:image:height\" content=\"532\" \/>\n\t<meta property=\"og:image:type\" content=\"image\/jpeg\" \/>\n<meta name=\"twitter:card\" content=\"summary_large_image\" \/>\n<meta name=\"twitter:label1\" content=\"\u041f\u0440\u0438\u043c\u0435\u0440\u043d\u043e\u0435 \u0432\u0440\u0435\u043c\u044f \u0434\u043b\u044f \u0447\u0442\u0435\u043d\u0438\u044f\" \/>\n\t<meta name=\"twitter:data1\" content=\"1 \u043c\u0438\u043d\u0443\u0442\u0430\" \/>\n<script type=\"application\/ld+json\" class=\"yoast-schema-graph\">{\"@context\":\"https:\\\/\\\/schema.org\",\"@graph\":[{\"@type\":\"WebPage\",\"@id\":\"https:\\\/\\\/continent.lv\\\/product\\\/pagarinatajs-okko-3-x-15-mm%c2%b2-15-m\\\/\",\"url\":\"https:\\\/\\\/continent.lv\\\/product\\\/pagarinatajs-okko-3-x-15-mm%c2%b2-15-m\\\/\",\"name\":\"Pagarin\u0101t\u0101js Okko, 3 x 1,5 mm\u00b2, 15 m - Continent.lv\",\"isPartOf\":{\"@id\":\"https:\\\/\\\/continent.lv\\\/#website\"},\"primaryImageOfPage\":{\"@id\":\"https:\\\/\\\/continent.lv\\\/product\\\/pagarinatajs-okko-3-x-15-mm%c2%b2-15-m\\\/#primaryimage\"},\"image\":{\"@id\":\"https:\\\/\\\/continent.lv\\\/product\\\/pagarinatajs-okko-3-x-15-mm%c2%b2-15-m\\\/#primaryimage\"},\"thumbnailUrl\":\"https:\\\/\\\/continent.lv\\\/wp-content\\\/uploads\\\/2026\\\/05\\\/21-12.jpeg\",\"datePublished\":\"2026-05-11T08:33:27+00:00\",\"breadcrumb\":{\"@id\":\"https:\\\/\\\/continent.lv\\\/product\\\/pagarinatajs-okko-3-x-15-mm%c2%b2-15-m\\\/#breadcrumb\"},\"inLanguage\":\"ru-RU\",\"potentialAction\":[{\"@type\":\"ReadAction\",\"target\":[\"https:\\\/\\\/continent.lv\\\/product\\\/pagarinatajs-okko-3-x-15-mm%c2%b2-15-m\\\/\"]}]},{\"@type\":\"ImageObject\",\"inLanguage\":\"ru-RU\",\"@id\":\"https:\\\/\\\/continent.lv\\\/product\\\/pagarinatajs-okko-3-x-15-mm%c2%b2-15-m\\\/#primaryimage\",\"url\":\"https:\\\/\\\/continent.lv\\\/wp-content\\\/uploads\\\/2026\\\/05\\\/21-12.jpeg\",\"contentUrl\":\"https:\\\/\\\/continent.lv\\\/wp-content\\\/uploads\\\/2026\\\/05\\\/21-12.jpeg\",\"width\":1440,\"height\":532},{\"@type\":\"BreadcrumbList\",\"@id\":\"https:\\\/\\\/continent.lv\\\/product\\\/pagarinatajs-okko-3-x-15-mm%c2%b2-15-m\\\/#breadcrumb\",\"itemListElement\":[{\"@type\":\"ListItem\",\"position\":1,\"name\":\"Home\",\"item\":\"https:\\\/\\\/continent.lv\\\/\"},{\"@type\":\"ListItem\",\"position\":2,\"name\":\"Veikals\",\"item\":\"https:\\\/\\\/continent.lv\\\/shop\\\/\"},{\"@type\":\"ListItem\",\"position\":3,\"name\":\"Pagarin\u0101t\u0101js Okko, 3 x 1,5 mm\u00b2, 15 m\"}]},{\"@type\":\"WebSite\",\"@id\":\"https:\\\/\\\/continent.lv\\\/#website\",\"url\":\"https:\\\/\\\/continent.lv\\\/\",\"name\":\"Continent.lv\",\"description\":\"Sadz\u012bves pre\u010du internetveikals\",\"publisher\":{\"@id\":\"https:\\\/\\\/continent.lv\\\/#organization\"},\"potentialAction\":[{\"@type\":\"SearchAction\",\"target\":{\"@type\":\"EntryPoint\",\"urlTemplate\":\"https:\\\/\\\/continent.lv\\\/?s={search_term_string}\"},\"query-input\":{\"@type\":\"PropertyValueSpecification\",\"valueRequired\":true,\"valueName\":\"search_term_string\"}}],\"inLanguage\":\"ru-RU\"},{\"@type\":\"Organization\",\"@id\":\"https:\\\/\\\/continent.lv\\\/#organization\",\"name\":\"Continent.lv\",\"url\":\"https:\\\/\\\/continent.lv\\\/\",\"logo\":{\"@type\":\"ImageObject\",\"inLanguage\":\"ru-RU\",\"@id\":\"https:\\\/\\\/continent.lv\\\/#\\\/schema\\\/logo\\\/image\\\/\",\"url\":\"https:\\\/\\\/continent.lv\\\/wp-content\\\/uploads\\\/2026\\\/05\\\/logo_continent_5nwv-jh.jpg\",\"contentUrl\":\"https:\\\/\\\/continent.lv\\\/wp-content\\\/uploads\\\/2026\\\/05\\\/logo_continent_5nwv-jh.jpg\",\"width\":221,\"height\":50,\"caption\":\"Continent.lv\"},\"image\":{\"@id\":\"https:\\\/\\\/continent.lv\\\/#\\\/schema\\\/logo\\\/image\\\/\"}}]}<\/script>\n<!-- \/ Yoast SEO plugin. -->","yoast_head_json":{"title":"Pagarin\u0101t\u0101js Okko, 3 x 1,5 mm\u00b2, 15 m - Continent.lv","robots":{"index":"index","follow":"follow","max-snippet":"max-snippet:-1","max-image-preview":"max-image-preview:large","max-video-preview":"max-video-preview:-1"},"canonical":"https:\/\/continent.lv\/ru\/product\/pagarinatajs-okko-3-x-15-mm\u00b2-15-m\/","og_locale":"ru_RU","og_type":"article","og_title":"Pagarin\u0101t\u0101js Okko, 3 x 1,5 mm\u00b2, 15 m - Continent.lv","og_description":"Produkta veids Pagarin\u0101t\u0101ji Z\u012bmols Okko Ligzdu skaits 1 ligzda Vada garums 15 m Str\u0101vas stiprums 16 A Spriegums 250 V Vada tips 3 x 1,5 mm\u00b2 Zem\u0113juma kontakti J\u0101 Kr\u0101sa Oran\u017ea kr\u0101s. Ar sl\u0113dzi N\u0113 Izcelsmes valsts \u0136\u012bna","og_url":"https:\/\/continent.lv\/ru\/product\/pagarinatajs-okko-3-x-15-mm\u00b2-15-m\/","og_site_name":"Continent.lv","og_image":[{"width":1440,"height":532,"url":"http:\/\/continent.lv\/wp-content\/uploads\/2026\/05\/21-12.jpeg","type":"image\/jpeg"}],"twitter_card":"summary_large_image","twitter_misc":{"\u041f\u0440\u0438\u043c\u0435\u0440\u043d\u043e\u0435 \u0432\u0440\u0435\u043c\u044f \u0434\u043b\u044f \u0447\u0442\u0435\u043d\u0438\u044f":"1 \u043c\u0438\u043d\u0443\u0442\u0430"},"schema":{"@context":"https:\/\/schema.org","@graph":[{"@type":"WebPage","@id":"https:\/\/continent.lv\/product\/pagarinatajs-okko-3-x-15-mm%c2%b2-15-m\/","url":"https:\/\/continent.lv\/product\/pagarinatajs-okko-3-x-15-mm%c2%b2-15-m\/","name":"Pagarin\u0101t\u0101js Okko, 3 x 1,5 mm\u00b2, 15 m - Continent.lv","isPartOf":{"@id":"https:\/\/continent.lv\/#website"},"primaryImageOfPage":{"@id":"https:\/\/continent.lv\/product\/pagarinatajs-okko-3-x-15-mm%c2%b2-15-m\/#primaryimage"},"image":{"@id":"https:\/\/continent.lv\/product\/pagarinatajs-okko-3-x-15-mm%c2%b2-15-m\/#primaryimage"},"thumbnailUrl":"https:\/\/continent.lv\/wp-content\/uploads\/2026\/05\/21-12.jpeg","datePublished":"2026-05-11T08:33:27+00:00","breadcrumb":{"@id":"https:\/\/continent.lv\/product\/pagarinatajs-okko-3-x-15-mm%c2%b2-15-m\/#breadcrumb"},"inLanguage":"ru-RU","potentialAction":[{"@type":"ReadAction","target":["https:\/\/continent.lv\/product\/pagarinatajs-okko-3-x-15-mm%c2%b2-15-m\/"]}]},{"@type":"ImageObject","inLanguage":"ru-RU","@id":"https:\/\/continent.lv\/product\/pagarinatajs-okko-3-x-15-mm%c2%b2-15-m\/#primaryimage","url":"https:\/\/continent.lv\/wp-content\/uploads\/2026\/05\/21-12.jpeg","contentUrl":"https:\/\/continent.lv\/wp-content\/uploads\/2026\/05\/21-12.jpeg","width":1440,"height":532},{"@type":"BreadcrumbList","@id":"https:\/\/continent.lv\/product\/pagarinatajs-okko-3-x-15-mm%c2%b2-15-m\/#breadcrumb","itemListElement":[{"@type":"ListItem","position":1,"name":"Home","item":"https:\/\/continent.lv\/"},{"@type":"ListItem","position":2,"name":"Veikals","item":"https:\/\/continent.lv\/shop\/"},{"@type":"ListItem","position":3,"name":"Pagarin\u0101t\u0101js Okko, 3 x 1,5 mm\u00b2, 15 m"}]},{"@type":"WebSite","@id":"https:\/\/continent.lv\/#website","url":"https:\/\/continent.lv\/","name":"Continent.lv","description":"Sadz\u012bves pre\u010du internetveikals","publisher":{"@id":"https:\/\/continent.lv\/#organization"},"potentialAction":[{"@type":"SearchAction","target":{"@type":"EntryPoint","urlTemplate":"https:\/\/continent.lv\/?s={search_term_string}"},"query-input":{"@type":"PropertyValueSpecification","valueRequired":true,"valueName":"search_term_string"}}],"inLanguage":"ru-RU"},{"@type":"Organization","@id":"https:\/\/continent.lv\/#organization","name":"Continent.lv","url":"https:\/\/continent.lv\/","logo":{"@type":"ImageObject","inLanguage":"ru-RU","@id":"https:\/\/continent.lv\/#\/schema\/logo\/image\/","url":"https:\/\/continent.lv\/wp-content\/uploads\/2026\/05\/logo_continent_5nwv-jh.jpg","contentUrl":"https:\/\/continent.lv\/wp-content\/uploads\/2026\/05\/logo_continent_5nwv-jh.jpg","width":221,"height":50,"caption":"Continent.lv"},"image":{"@id":"https:\/\/continent.lv\/#\/schema\/logo\/image\/"}}]}},"_links":{"self":[{"href":"https:\/\/continent.lv\/ru\/wp-json\/wp\/v2\/product\/73317","targetHints":{"allow":["GET"]}}],"collection":[{"href":"https:\/\/continent.lv\/ru\/wp-json\/wp\/v2\/product"}],"about":[{"href":"https:\/\/continent.lv\/ru\/wp-json\/wp\/v2\/types\/product"}],"replies":[{"embeddable":true,"href":"https:\/\/continent.lv\/ru\/wp-json\/wp\/v2\/comments?post=73317"}],"wp:featuredmedia":[{"embeddable":true,"href":"https:\/\/continent.lv\/ru\/wp-json\/wp\/v2\/media\/73319"}],"wp:attachment":[{"href":"https:\/\/continent.lv\/ru\/wp-json\/wp\/v2\/media?parent=73317"}],"wp:term":[{"taxonomy":"product_brand","embeddable":true,"href":"https:\/\/continent.lv\/ru\/wp-json\/wp\/v2\/product_brand?post=73317"},{"taxonomy":"product_cat","embeddable":true,"href":"https:\/\/continent.lv\/ru\/wp-json\/wp\/v2\/product_cat?post=73317"},{"taxonomy":"product_tag","embeddable":true,"href":"https:\/\/continent.lv\/ru\/wp-json\/wp\/v2\/product_tag?post=73317"}],"curies":[{"name":"wp","href":"https:\/\/api.w.org\/{rel}","templated":true}]}}