{"id":49796,"date":"2026-05-07T13:40:49","date_gmt":"2026-05-07T13:40:49","guid":{"rendered":"https:\/\/continent.lv\/?post_type=product&#038;p=49796"},"modified":"2026-05-08T08:46:22","modified_gmt":"2026-05-08T08:46:22","slug":"dreame-a1-pro-mlla7210-2000-m%c2%b2","status":"publish","type":"product","link":"https:\/\/continent.lv\/ru\/product\/dreame-a1-pro-mlla7210-2000-m%c2%b2\/","title":{"rendered":"Dreame A1 PRO MLLA7210 2000 m\u00b2"},"content":{"rendered":"<p>\u0411\u0440\u0435\u043d\u0434 Dreame<br \/>\nTips Robots z\u0101lesp\u013c\u0101v\u0113js<br \/>\nBaro\u0161anas veids Akumulatora<br \/>\n\u0426\u0432\u0435\u0442 \u0421\u0435\u0440\u044b\u0439<br \/>\n\u0422\u0438\u043f \u043f\u0438\u0442\u0430\u043d\u0438\u044f Li-Ion<br \/>\nPa\u0161g\u0101j\u0113ja funkcija Ir<br \/>\nP\u013cau\u0161anas joslas platums 22 cm<br \/>\nIeteicam\u0101 p\u013cau\u0161anas plat\u012bba, (m\u00b2) 2000<br \/>\nEAN 6977328064103<br \/>\nDzin\u0113js<br \/>\nAkumulatora jauda, mAh 5000<br \/>\n\u0412\u0440\u0435\u043c\u044f \u0440\u0430\u0431\u043e\u0442\u044b (\u043c\u0438\u043d) \u0434\u043e 180<br \/>\nUzl\u0101des ilgums (h) 1.1<br \/>\n\u0420\u0430\u0437\u043c\u0435\u0440\u044b, \u0432\u0435\u0441<br \/>\nIzm\u0113ri AxPxD (cm) 28x46x64<br \/>\n\u0412\u0435\u0441 12 \u043a\u0433<br \/>\n\u0412\u0435\u0441 \u0441 \u0443\u043f\u0430\u043a\u043e\u0432\u043a\u043e\u0439 18 \u043a\u0433<br \/>\nTrok\u0161\u0146a l\u012bmenis 60 dB<br \/>\n\u0414\u0440\u0443\u0433\u0438\u0435 \u043f\u0430\u0440\u0430\u043c\u0435\u0442\u0440\u044b<br \/>\nZ\u0101les izsvie\u0161ana Mul\u010d\u0113\u0161ana<br \/>\nP\u013cau\u0161anas augstums (mm) 30-70<\/p>","protected":false},"excerpt":{"rendered":"<p>Pre\u010du z\u012bme Dreame Tips Robots z\u0101lesp\u013c\u0101v\u0113js Baro\u0161anas veids Akumulatora Kr\u0101sa Pel\u0113ka Baro\u0161anas avota tips Li-Ion Pa\u0161g\u0101j\u0113ja funkcija Ir P\u013cau\u0161anas joslas platums 22 cm Ieteicam\u0101 p\u013cau\u0161anas plat\u012bba, (m\u00b2) 2000 EAN 6977328064103 Dzin\u0113js Akumulatora jauda, mAh 5000 Darb\u012bbas ilgums (min) l\u012bdz 180 Uzl\u0101des ilgums (h) 1.1 Izm\u0113ri, svars Izm\u0113ri AxPxD (cm) 28x46x64 Svars 12 kg Svars ar [&hellip;]<\/p>\n","protected":false},"featured_media":49798,"comment_status":"open","ping_status":"closed","template":"","meta":{"_joinchat":[]},"product_brand":[371],"product_cat":[477,474,478],"product_tag":[],"class_list":{"0":"post-49796","1":"product","2":"type-product","3":"status-publish","4":"has-post-thumbnail","6":"product_brand-dreame","7":"product_cat-darza-tehnika-majai-darzam","8":"product_cat-majai-darzam","9":"product_cat-zales-plaveji","11":"first","12":"instock","13":"shipping-taxable","14":"purchasable","15":"product-type-simple"},"yoast_head":"<!-- This site is optimized with the Yoast SEO plugin v27.5 - https:\/\/yoast.com\/product\/yoast-seo-wordpress\/ -->\n<title>Dreame A1 PRO MLLA7210 2000 m\u00b2 - Continent.lv<\/title>\n<meta name=\"robots\" content=\"index, follow, max-snippet:-1, max-image-preview:large, max-video-preview:-1\" \/>\n<link rel=\"canonical\" href=\"https:\/\/continent.lv\/ru\/product\/dreame-a1-pro-mlla7210-2000-m\u00b2\/\" \/>\n<meta property=\"og:locale\" content=\"ru_RU\" \/>\n<meta property=\"og:type\" content=\"article\" \/>\n<meta property=\"og:title\" content=\"Dreame A1 PRO MLLA7210 2000 m\u00b2 - Continent.lv\" \/>\n<meta property=\"og:description\" content=\"Pre\u010du z\u012bme Dreame Tips Robots z\u0101lesp\u013c\u0101v\u0113js Baro\u0161anas veids Akumulatora Kr\u0101sa Pel\u0113ka Baro\u0161anas avota tips Li-Ion Pa\u0161g\u0101j\u0113ja funkcija Ir P\u013cau\u0161anas joslas platums 22 cm Ieteicam\u0101 p\u013cau\u0161anas plat\u012bba, (m\u00b2) 2000 EAN 6977328064103 Dzin\u0113js Akumulatora jauda, mAh 5000 Darb\u012bbas ilgums (min) l\u012bdz 180 Uzl\u0101des ilgums (h) 1.1 Izm\u0113ri, svars Izm\u0113ri AxPxD (cm) 28x46x64 Svars 12 kg Svars ar [&hellip;]\" \/>\n<meta property=\"og:url\" content=\"https:\/\/continent.lv\/ru\/product\/dreame-a1-pro-mlla7210-2000-m\u00b2\/\" \/>\n<meta property=\"og:site_name\" content=\"Continent.lv\" \/>\n<meta property=\"article:modified_time\" content=\"2026-05-08T08:46:22+00:00\" \/>\n<meta property=\"og:image\" content=\"http:\/\/continent.lv\/wp-content\/uploads\/2026\/05\/21-11.jpeg\" \/>\n\t<meta property=\"og:image:width\" content=\"600\" \/>\n\t<meta property=\"og:image:height\" content=\"600\" \/>\n\t<meta property=\"og:image:type\" content=\"image\/jpeg\" \/>\n<meta name=\"twitter:card\" content=\"summary_large_image\" \/>\n<meta name=\"twitter:label1\" content=\"\u041f\u0440\u0438\u043c\u0435\u0440\u043d\u043e\u0435 \u0432\u0440\u0435\u043c\u044f \u0434\u043b\u044f \u0447\u0442\u0435\u043d\u0438\u044f\" \/>\n\t<meta name=\"twitter:data1\" content=\"1 \u043c\u0438\u043d\u0443\u0442\u0430\" \/>\n<script type=\"application\/ld+json\" class=\"yoast-schema-graph\">{\"@context\":\"https:\\\/\\\/schema.org\",\"@graph\":[{\"@type\":\"WebPage\",\"@id\":\"https:\\\/\\\/continent.lv\\\/product\\\/dreame-a1-pro-mlla7210-2000-m%c2%b2\\\/\",\"url\":\"https:\\\/\\\/continent.lv\\\/product\\\/dreame-a1-pro-mlla7210-2000-m%c2%b2\\\/\",\"name\":\"Dreame A1 PRO MLLA7210 2000 m\u00b2 - Continent.lv\",\"isPartOf\":{\"@id\":\"https:\\\/\\\/continent.lv\\\/#website\"},\"primaryImageOfPage\":{\"@id\":\"https:\\\/\\\/continent.lv\\\/product\\\/dreame-a1-pro-mlla7210-2000-m%c2%b2\\\/#primaryimage\"},\"image\":{\"@id\":\"https:\\\/\\\/continent.lv\\\/product\\\/dreame-a1-pro-mlla7210-2000-m%c2%b2\\\/#primaryimage\"},\"thumbnailUrl\":\"https:\\\/\\\/continent.lv\\\/wp-content\\\/uploads\\\/2026\\\/05\\\/21-11.jpeg\",\"datePublished\":\"2026-05-07T13:40:49+00:00\",\"dateModified\":\"2026-05-08T08:46:22+00:00\",\"breadcrumb\":{\"@id\":\"https:\\\/\\\/continent.lv\\\/product\\\/dreame-a1-pro-mlla7210-2000-m%c2%b2\\\/#breadcrumb\"},\"inLanguage\":\"ru-RU\",\"potentialAction\":[{\"@type\":\"ReadAction\",\"target\":[\"https:\\\/\\\/continent.lv\\\/product\\\/dreame-a1-pro-mlla7210-2000-m%c2%b2\\\/\"]}]},{\"@type\":\"ImageObject\",\"inLanguage\":\"ru-RU\",\"@id\":\"https:\\\/\\\/continent.lv\\\/product\\\/dreame-a1-pro-mlla7210-2000-m%c2%b2\\\/#primaryimage\",\"url\":\"https:\\\/\\\/continent.lv\\\/wp-content\\\/uploads\\\/2026\\\/05\\\/21-11.jpeg\",\"contentUrl\":\"https:\\\/\\\/continent.lv\\\/wp-content\\\/uploads\\\/2026\\\/05\\\/21-11.jpeg\",\"width\":600,\"height\":600},{\"@type\":\"BreadcrumbList\",\"@id\":\"https:\\\/\\\/continent.lv\\\/product\\\/dreame-a1-pro-mlla7210-2000-m%c2%b2\\\/#breadcrumb\",\"itemListElement\":[{\"@type\":\"ListItem\",\"position\":1,\"name\":\"Home\",\"item\":\"https:\\\/\\\/continent.lv\\\/\"},{\"@type\":\"ListItem\",\"position\":2,\"name\":\"Veikals\",\"item\":\"https:\\\/\\\/continent.lv\\\/shop\\\/\"},{\"@type\":\"ListItem\",\"position\":3,\"name\":\"Dreame A1 PRO MLLA7210 2000 m\u00b2\"}]},{\"@type\":\"WebSite\",\"@id\":\"https:\\\/\\\/continent.lv\\\/#website\",\"url\":\"https:\\\/\\\/continent.lv\\\/\",\"name\":\"Continent.lv\",\"description\":\"Sadz\u012bves pre\u010du internetveikals\",\"publisher\":{\"@id\":\"https:\\\/\\\/continent.lv\\\/#organization\"},\"potentialAction\":[{\"@type\":\"SearchAction\",\"target\":{\"@type\":\"EntryPoint\",\"urlTemplate\":\"https:\\\/\\\/continent.lv\\\/?s={search_term_string}\"},\"query-input\":{\"@type\":\"PropertyValueSpecification\",\"valueRequired\":true,\"valueName\":\"search_term_string\"}}],\"inLanguage\":\"ru-RU\"},{\"@type\":\"Organization\",\"@id\":\"https:\\\/\\\/continent.lv\\\/#organization\",\"name\":\"Continent.lv\",\"url\":\"https:\\\/\\\/continent.lv\\\/\",\"logo\":{\"@type\":\"ImageObject\",\"inLanguage\":\"ru-RU\",\"@id\":\"https:\\\/\\\/continent.lv\\\/#\\\/schema\\\/logo\\\/image\\\/\",\"url\":\"https:\\\/\\\/continent.lv\\\/wp-content\\\/uploads\\\/2026\\\/05\\\/logo_continent_5nwv-jh.jpg\",\"contentUrl\":\"https:\\\/\\\/continent.lv\\\/wp-content\\\/uploads\\\/2026\\\/05\\\/logo_continent_5nwv-jh.jpg\",\"width\":221,\"height\":50,\"caption\":\"Continent.lv\"},\"image\":{\"@id\":\"https:\\\/\\\/continent.lv\\\/#\\\/schema\\\/logo\\\/image\\\/\"}}]}<\/script>\n<!-- \/ Yoast SEO plugin. -->","yoast_head_json":{"title":"Dreame A1 PRO MLLA7210 2000 m\u00b2 - Continent.lv","robots":{"index":"index","follow":"follow","max-snippet":"max-snippet:-1","max-image-preview":"max-image-preview:large","max-video-preview":"max-video-preview:-1"},"canonical":"https:\/\/continent.lv\/ru\/product\/dreame-a1-pro-mlla7210-2000-m\u00b2\/","og_locale":"ru_RU","og_type":"article","og_title":"Dreame A1 PRO MLLA7210 2000 m\u00b2 - Continent.lv","og_description":"Pre\u010du z\u012bme Dreame Tips Robots z\u0101lesp\u013c\u0101v\u0113js Baro\u0161anas veids Akumulatora Kr\u0101sa Pel\u0113ka Baro\u0161anas avota tips Li-Ion Pa\u0161g\u0101j\u0113ja funkcija Ir P\u013cau\u0161anas joslas platums 22 cm Ieteicam\u0101 p\u013cau\u0161anas plat\u012bba, (m\u00b2) 2000 EAN 6977328064103 Dzin\u0113js Akumulatora jauda, mAh 5000 Darb\u012bbas ilgums (min) l\u012bdz 180 Uzl\u0101des ilgums (h) 1.1 Izm\u0113ri, svars Izm\u0113ri AxPxD (cm) 28x46x64 Svars 12 kg Svars ar [&hellip;]","og_url":"https:\/\/continent.lv\/ru\/product\/dreame-a1-pro-mlla7210-2000-m\u00b2\/","og_site_name":"Continent.lv","article_modified_time":"2026-05-08T08:46:22+00:00","og_image":[{"width":600,"height":600,"url":"http:\/\/continent.lv\/wp-content\/uploads\/2026\/05\/21-11.jpeg","type":"image\/jpeg"}],"twitter_card":"summary_large_image","twitter_misc":{"\u041f\u0440\u0438\u043c\u0435\u0440\u043d\u043e\u0435 \u0432\u0440\u0435\u043c\u044f \u0434\u043b\u044f \u0447\u0442\u0435\u043d\u0438\u044f":"1 \u043c\u0438\u043d\u0443\u0442\u0430"},"schema":{"@context":"https:\/\/schema.org","@graph":[{"@type":"WebPage","@id":"https:\/\/continent.lv\/product\/dreame-a1-pro-mlla7210-2000-m%c2%b2\/","url":"https:\/\/continent.lv\/product\/dreame-a1-pro-mlla7210-2000-m%c2%b2\/","name":"Dreame A1 PRO MLLA7210 2000 m\u00b2 - Continent.lv","isPartOf":{"@id":"https:\/\/continent.lv\/#website"},"primaryImageOfPage":{"@id":"https:\/\/continent.lv\/product\/dreame-a1-pro-mlla7210-2000-m%c2%b2\/#primaryimage"},"image":{"@id":"https:\/\/continent.lv\/product\/dreame-a1-pro-mlla7210-2000-m%c2%b2\/#primaryimage"},"thumbnailUrl":"https:\/\/continent.lv\/wp-content\/uploads\/2026\/05\/21-11.jpeg","datePublished":"2026-05-07T13:40:49+00:00","dateModified":"2026-05-08T08:46:22+00:00","breadcrumb":{"@id":"https:\/\/continent.lv\/product\/dreame-a1-pro-mlla7210-2000-m%c2%b2\/#breadcrumb"},"inLanguage":"ru-RU","potentialAction":[{"@type":"ReadAction","target":["https:\/\/continent.lv\/product\/dreame-a1-pro-mlla7210-2000-m%c2%b2\/"]}]},{"@type":"ImageObject","inLanguage":"ru-RU","@id":"https:\/\/continent.lv\/product\/dreame-a1-pro-mlla7210-2000-m%c2%b2\/#primaryimage","url":"https:\/\/continent.lv\/wp-content\/uploads\/2026\/05\/21-11.jpeg","contentUrl":"https:\/\/continent.lv\/wp-content\/uploads\/2026\/05\/21-11.jpeg","width":600,"height":600},{"@type":"BreadcrumbList","@id":"https:\/\/continent.lv\/product\/dreame-a1-pro-mlla7210-2000-m%c2%b2\/#breadcrumb","itemListElement":[{"@type":"ListItem","position":1,"name":"Home","item":"https:\/\/continent.lv\/"},{"@type":"ListItem","position":2,"name":"Veikals","item":"https:\/\/continent.lv\/shop\/"},{"@type":"ListItem","position":3,"name":"Dreame A1 PRO MLLA7210 2000 m\u00b2"}]},{"@type":"WebSite","@id":"https:\/\/continent.lv\/#website","url":"https:\/\/continent.lv\/","name":"Continent.lv","description":"Sadz\u012bves pre\u010du internetveikals","publisher":{"@id":"https:\/\/continent.lv\/#organization"},"potentialAction":[{"@type":"SearchAction","target":{"@type":"EntryPoint","urlTemplate":"https:\/\/continent.lv\/?s={search_term_string}"},"query-input":{"@type":"PropertyValueSpecification","valueRequired":true,"valueName":"search_term_string"}}],"inLanguage":"ru-RU"},{"@type":"Organization","@id":"https:\/\/continent.lv\/#organization","name":"Continent.lv","url":"https:\/\/continent.lv\/","logo":{"@type":"ImageObject","inLanguage":"ru-RU","@id":"https:\/\/continent.lv\/#\/schema\/logo\/image\/","url":"https:\/\/continent.lv\/wp-content\/uploads\/2026\/05\/logo_continent_5nwv-jh.jpg","contentUrl":"https:\/\/continent.lv\/wp-content\/uploads\/2026\/05\/logo_continent_5nwv-jh.jpg","width":221,"height":50,"caption":"Continent.lv"},"image":{"@id":"https:\/\/continent.lv\/#\/schema\/logo\/image\/"}}]}},"_links":{"self":[{"href":"https:\/\/continent.lv\/ru\/wp-json\/wp\/v2\/product\/49796","targetHints":{"allow":["GET"]}}],"collection":[{"href":"https:\/\/continent.lv\/ru\/wp-json\/wp\/v2\/product"}],"about":[{"href":"https:\/\/continent.lv\/ru\/wp-json\/wp\/v2\/types\/product"}],"replies":[{"embeddable":true,"href":"https:\/\/continent.lv\/ru\/wp-json\/wp\/v2\/comments?post=49796"}],"wp:featuredmedia":[{"embeddable":true,"href":"https:\/\/continent.lv\/ru\/wp-json\/wp\/v2\/media\/49798"}],"wp:attachment":[{"href":"https:\/\/continent.lv\/ru\/wp-json\/wp\/v2\/media?parent=49796"}],"wp:term":[{"taxonomy":"product_brand","embeddable":true,"href":"https:\/\/continent.lv\/ru\/wp-json\/wp\/v2\/product_brand?post=49796"},{"taxonomy":"product_cat","embeddable":true,"href":"https:\/\/continent.lv\/ru\/wp-json\/wp\/v2\/product_cat?post=49796"},{"taxonomy":"product_tag","embeddable":true,"href":"https:\/\/continent.lv\/ru\/wp-json\/wp\/v2\/product_tag?post=49796"}],"curies":[{"name":"wp","href":"https:\/\/api.w.org\/{rel}","templated":true}]}}