{"id":49775,"date":"2026-05-06T10:20:51","date_gmt":"2026-05-06T10:20:51","guid":{"rendered":"https:\/\/continent.lv\/?post_type=product&#038;p=49775"},"modified":"2026-05-06T10:46:35","modified_gmt":"2026-05-06T10:46:35","slug":"gorenje-nrk418ecs4-182-5cm-no-frost","status":"publish","type":"product","link":"https:\/\/continent.lv\/ru\/product\/gorenje-nrk418ecs4-182-5cm-no-frost\/","title":{"rendered":"(Ir veikal\u0101!) Gorenje NRK418ECS4 182.5cm No Frost"},"content":{"rendered":"<p>Produkta veids: Ledusskapji<br \/>\n\u0422\u0438\u043f \u0445\u043e\u043b\u043e\u0434\u0438\u043b\u044c\u043d\u0438\u043a\u0430: \u041c\u043e\u0440\u043e\u0437\u0438\u043b\u044c\u043d\u0430\u044f \u043a\u0430\u043c\u0435\u0440\u0430 \u0441\u043d\u0438\u0437\u0443<br \/>\nZ\u012bmols: Gorenje<br \/>\n\u0426\u0432\u0435\u0442: \u0421\u0435\u0440\u044b\u0439<br \/>\nENER\u0122IJAS PAT\u0112RI\u0145\u0160<br \/>\n\u041a\u043b\u0430\u0441\u0441 \u044d\u043d\u0435\u0440\u0433\u043e\u043f\u043e\u0442\u0440\u0435\u0431\u043b\u0435\u043d\u0438\u044f: E<br \/>\nGada ener\u0123ijas pat\u0113ri\u0146\u0161: 226 kWh<br \/>\nLEDUSSKAPJA KAMERA<br \/>\nKop\u0113jais ledusskapja tilpums: 256 l<br \/>\nIzmantojamais ledusskapja tilpums: 171 l<br \/>\nPlauktu skaits: 3<br \/>\nPlauktu materi\u0101ls: R\u016bd\u012btais stikls<br \/>\nD\u0101rze\u0146u un aug\u013cu nodal\u012bjums: J\u0101<br \/>\nAr apgaismojumu: J\u0101<br \/>\n\u0422\u0438\u043f \u043f\u043e\u0434\u0441\u0432\u0435\u0442\u043a\u0438: LED<br \/>\nSALD\u0112TAVAS KAMERA<br \/>\nKop\u0113jais sald\u0113tavas tilpums: 85 l<br \/>\nSald\u0113tavas zvaig\u017e\u0146u skaits: 4<br \/>\nSald\u0113\u0161anas atvilkt\u0146u skaits: 3<br \/>\nATSALD\u0112\u0160ANAS UN SASALD\u0112\u0160ANAS SIST\u0112MA<br \/>\n\u0422\u0435\u0440\u043c\u043e\u0441\u0442\u0430\u0442: \u0414\u0430<br \/>\nTermostata tips: Meh\u0101nisks<br \/>\nTuvu 0 \u00b0C temperat\u016bras zona: J\u0101<br \/>\n\u0410\u0432\u0442\u043e\u043c\u0430\u0442\u0438\u0447\u0435\u0441\u043a\u0430\u044f \u0440\u0430\u0437\u043c\u043e\u0440\u043e\u0437\u043a\u0430: \u0414\u0430<br \/>\nSald\u0113\u0161anas sist\u0113ma sald\u0113tav\u0101: No Frost Plus<br \/>\nSald\u0113\u0161anas jauda, kg\/24h: 5<br \/>\n\u0411\u044b\u0441\u0442\u0440\u0430\u044f \u0437\u0430\u043c\u043e\u0440\u043e\u0437\u043a\u0430: \u0434\u0430<br \/>\nDro\u0161\u012bbas laiks str\u0101vas p\u0101rr\u0101vuma gad\u012bjum\u0101: 13 h<br \/>\nSald\u0113tavas autom\u0101tisk\u0101 atkaus\u0113\u0161ana: J\u0101<br \/>\nVAD\u012aBA<br \/>\n\u0418\u0437\u043c\u0435\u043d\u0435\u043d\u0438\u0435 \u043d\u0430\u043f\u0440\u0430\u0432\u043b\u0435\u043d\u0438\u044f \u043e\u0442\u043a\u0440\u044b\u0432\u0430\u043d\u0438\u044f \u0434\u0432\u0435\u0440\u0438: \u0414\u0430<br \/>\nVad\u012bba: Elektroniska<br \/>\nPAPILDUS<br \/>\nKlimata klase: SN-ST<br \/>\nTrok\u0161\u0146a klase: C<br \/>\nTrok\u0161\u0146a l\u012bmenis: 37 dB<br \/>\nIZM\u0112RI UN SVARS<br \/>\n\u0412\u044b\u0441\u043e\u0442\u0430<br \/>\n182.4 \u0441\u043c<br \/>\n\u0428\u0438\u0440\u0438\u043d\u0430<br \/>\n55 \u0441\u043c<br \/>\n\u0413\u043b\u0443\u0431\u0438\u043d\u0430<br \/>\n55.7 \u0441\u043c<br \/>\n\u0412\u0435\u0441<br \/>\n51 \u043a\u0433<\/p>","protected":false},"excerpt":{"rendered":"<p>Produkta veids: Ledusskapji Ledusskapja veids: Sald\u0113tava apak\u0161\u0101 Z\u012bmols: Gorenje Kr\u0101sa: Pel\u0113ka kr\u0101s. ENER\u0122IJAS PAT\u0112RI\u0145\u0160 Energoefektivit\u0101tes klase: E Gada ener\u0123ijas pat\u0113ri\u0146\u0161: 226 kWh LEDUSSKAPJA KAMERA Kop\u0113jais ledusskapja tilpums: 256 l Izmantojamais ledusskapja tilpums: 171 l Plauktu skaits: 3 Plauktu materi\u0101ls: R\u016bd\u012btais stikls D\u0101rze\u0146u un aug\u013cu nodal\u012bjums: J\u0101 Ar apgaismojumu: J\u0101 Apgaismojuma tips: LED SALD\u0112TAVAS KAMERA Kop\u0113jais [&hellip;]<\/p>\n","protected":false},"featured_media":49776,"comment_status":"open","ping_status":"closed","template":"","meta":{"_joinchat":[]},"product_brand":[271],"product_cat":[272],"product_tag":[],"class_list":{"0":"post-49775","1":"product","2":"type-product","3":"status-publish","4":"has-post-thumbnail","6":"product_brand-gorenje","7":"product_cat-sadzives-tehnika-ledusskapji","9":"first","10":"instock","11":"shipping-taxable","12":"purchasable","13":"product-type-simple"},"yoast_head":"<!-- This site is optimized with the Yoast SEO plugin v27.5 - https:\/\/yoast.com\/product\/yoast-seo-wordpress\/ -->\n<title>(Ir veikal\u0101!) Gorenje NRK418ECS4 182.5cm No Frost - Continent.lv<\/title>\n<meta name=\"robots\" content=\"index, follow, max-snippet:-1, max-image-preview:large, max-video-preview:-1\" \/>\n<link rel=\"canonical\" href=\"https:\/\/continent.lv\/ru\/product\/gorenje-nrk418ecs4-182-5cm-no-frost\/\" \/>\n<meta property=\"og:locale\" content=\"ru_RU\" \/>\n<meta property=\"og:type\" content=\"article\" \/>\n<meta property=\"og:title\" content=\"(Ir veikal\u0101!) Gorenje NRK418ECS4 182.5cm No Frost - Continent.lv\" \/>\n<meta property=\"og:description\" content=\"Produkta veids: Ledusskapji Ledusskapja veids: Sald\u0113tava apak\u0161\u0101 Z\u012bmols: Gorenje Kr\u0101sa: Pel\u0113ka kr\u0101s. ENER\u0122IJAS PAT\u0112RI\u0145\u0160 Energoefektivit\u0101tes klase: E Gada ener\u0123ijas pat\u0113ri\u0146\u0161: 226 kWh LEDUSSKAPJA KAMERA Kop\u0113jais ledusskapja tilpums: 256 l Izmantojamais ledusskapja tilpums: 171 l Plauktu skaits: 3 Plauktu materi\u0101ls: R\u016bd\u012btais stikls D\u0101rze\u0146u un aug\u013cu nodal\u012bjums: J\u0101 Ar apgaismojumu: J\u0101 Apgaismojuma tips: LED SALD\u0112TAVAS KAMERA Kop\u0113jais [&hellip;]\" \/>\n<meta property=\"og:url\" content=\"https:\/\/continent.lv\/ru\/product\/gorenje-nrk418ecs4-182-5cm-no-frost\/\" \/>\n<meta property=\"og:site_name\" content=\"Continent.lv\" \/>\n<meta property=\"article:modified_time\" content=\"2026-05-06T10:46:35+00:00\" \/>\n<meta property=\"og:image\" content=\"http:\/\/continent.lv\/wp-content\/uploads\/2026\/05\/Gorenje-NRK418ECS4.webp\" \/>\n\t<meta property=\"og:image:width\" content=\"1260\" \/>\n\t<meta property=\"og:image:height\" content=\"1260\" \/>\n\t<meta property=\"og:image:type\" content=\"image\/webp\" \/>\n<meta name=\"twitter:card\" content=\"summary_large_image\" \/>\n<meta name=\"twitter:label1\" content=\"\u041f\u0440\u0438\u043c\u0435\u0440\u043d\u043e\u0435 \u0432\u0440\u0435\u043c\u044f \u0434\u043b\u044f \u0447\u0442\u0435\u043d\u0438\u044f\" \/>\n\t<meta name=\"twitter:data1\" content=\"1 \u043c\u0438\u043d\u0443\u0442\u0430\" \/>\n<script type=\"application\/ld+json\" class=\"yoast-schema-graph\">{\"@context\":\"https:\\\/\\\/schema.org\",\"@graph\":[{\"@type\":\"WebPage\",\"@id\":\"https:\\\/\\\/continent.lv\\\/product\\\/gorenje-nrk418ecs4-182-5cm-no-frost\\\/\",\"url\":\"https:\\\/\\\/continent.lv\\\/product\\\/gorenje-nrk418ecs4-182-5cm-no-frost\\\/\",\"name\":\"(Ir veikal\u0101!) Gorenje NRK418ECS4 182.5cm No Frost - Continent.lv\",\"isPartOf\":{\"@id\":\"https:\\\/\\\/continent.lv\\\/#website\"},\"primaryImageOfPage\":{\"@id\":\"https:\\\/\\\/continent.lv\\\/product\\\/gorenje-nrk418ecs4-182-5cm-no-frost\\\/#primaryimage\"},\"image\":{\"@id\":\"https:\\\/\\\/continent.lv\\\/product\\\/gorenje-nrk418ecs4-182-5cm-no-frost\\\/#primaryimage\"},\"thumbnailUrl\":\"https:\\\/\\\/continent.lv\\\/wp-content\\\/uploads\\\/2026\\\/05\\\/Gorenje-NRK418ECS4.webp\",\"datePublished\":\"2026-05-06T10:20:51+00:00\",\"dateModified\":\"2026-05-06T10:46:35+00:00\",\"breadcrumb\":{\"@id\":\"https:\\\/\\\/continent.lv\\\/product\\\/gorenje-nrk418ecs4-182-5cm-no-frost\\\/#breadcrumb\"},\"inLanguage\":\"ru-RU\",\"potentialAction\":[{\"@type\":\"ReadAction\",\"target\":[\"https:\\\/\\\/continent.lv\\\/product\\\/gorenje-nrk418ecs4-182-5cm-no-frost\\\/\"]}]},{\"@type\":\"ImageObject\",\"inLanguage\":\"ru-RU\",\"@id\":\"https:\\\/\\\/continent.lv\\\/product\\\/gorenje-nrk418ecs4-182-5cm-no-frost\\\/#primaryimage\",\"url\":\"https:\\\/\\\/continent.lv\\\/wp-content\\\/uploads\\\/2026\\\/05\\\/Gorenje-NRK418ECS4.webp\",\"contentUrl\":\"https:\\\/\\\/continent.lv\\\/wp-content\\\/uploads\\\/2026\\\/05\\\/Gorenje-NRK418ECS4.webp\",\"width\":1260,\"height\":1260},{\"@type\":\"BreadcrumbList\",\"@id\":\"https:\\\/\\\/continent.lv\\\/product\\\/gorenje-nrk418ecs4-182-5cm-no-frost\\\/#breadcrumb\",\"itemListElement\":[{\"@type\":\"ListItem\",\"position\":1,\"name\":\"Home\",\"item\":\"https:\\\/\\\/continent.lv\\\/\"},{\"@type\":\"ListItem\",\"position\":2,\"name\":\"Veikals\",\"item\":\"https:\\\/\\\/continent.lv\\\/shop\\\/\"},{\"@type\":\"ListItem\",\"position\":3,\"name\":\"(Ir veikal\u0101!) Gorenje NRK418ECS4 182.5cm No Frost\"}]},{\"@type\":\"WebSite\",\"@id\":\"https:\\\/\\\/continent.lv\\\/#website\",\"url\":\"https:\\\/\\\/continent.lv\\\/\",\"name\":\"Continent.lv\",\"description\":\"Sadz\u012bves pre\u010du internetveikals\",\"publisher\":{\"@id\":\"https:\\\/\\\/continent.lv\\\/#organization\"},\"potentialAction\":[{\"@type\":\"SearchAction\",\"target\":{\"@type\":\"EntryPoint\",\"urlTemplate\":\"https:\\\/\\\/continent.lv\\\/?s={search_term_string}\"},\"query-input\":{\"@type\":\"PropertyValueSpecification\",\"valueRequired\":true,\"valueName\":\"search_term_string\"}}],\"inLanguage\":\"ru-RU\"},{\"@type\":\"Organization\",\"@id\":\"https:\\\/\\\/continent.lv\\\/#organization\",\"name\":\"Continent.lv\",\"url\":\"https:\\\/\\\/continent.lv\\\/\",\"logo\":{\"@type\":\"ImageObject\",\"inLanguage\":\"ru-RU\",\"@id\":\"https:\\\/\\\/continent.lv\\\/#\\\/schema\\\/logo\\\/image\\\/\",\"url\":\"https:\\\/\\\/continent.lv\\\/wp-content\\\/uploads\\\/2026\\\/05\\\/logo_continent_5nwv-jh.jpg\",\"contentUrl\":\"https:\\\/\\\/continent.lv\\\/wp-content\\\/uploads\\\/2026\\\/05\\\/logo_continent_5nwv-jh.jpg\",\"width\":221,\"height\":50,\"caption\":\"Continent.lv\"},\"image\":{\"@id\":\"https:\\\/\\\/continent.lv\\\/#\\\/schema\\\/logo\\\/image\\\/\"}}]}<\/script>\n<!-- \/ Yoast SEO plugin. -->","yoast_head_json":{"title":"(Ir veikal\u0101!) Gorenje NRK418ECS4 182.5cm No Frost - Continent.lv","robots":{"index":"index","follow":"follow","max-snippet":"max-snippet:-1","max-image-preview":"max-image-preview:large","max-video-preview":"max-video-preview:-1"},"canonical":"https:\/\/continent.lv\/ru\/product\/gorenje-nrk418ecs4-182-5cm-no-frost\/","og_locale":"ru_RU","og_type":"article","og_title":"(Ir veikal\u0101!) Gorenje NRK418ECS4 182.5cm No Frost - Continent.lv","og_description":"Produkta veids: Ledusskapji Ledusskapja veids: Sald\u0113tava apak\u0161\u0101 Z\u012bmols: Gorenje Kr\u0101sa: Pel\u0113ka kr\u0101s. ENER\u0122IJAS PAT\u0112RI\u0145\u0160 Energoefektivit\u0101tes klase: E Gada ener\u0123ijas pat\u0113ri\u0146\u0161: 226 kWh LEDUSSKAPJA KAMERA Kop\u0113jais ledusskapja tilpums: 256 l Izmantojamais ledusskapja tilpums: 171 l Plauktu skaits: 3 Plauktu materi\u0101ls: R\u016bd\u012btais stikls D\u0101rze\u0146u un aug\u013cu nodal\u012bjums: J\u0101 Ar apgaismojumu: J\u0101 Apgaismojuma tips: LED SALD\u0112TAVAS KAMERA Kop\u0113jais [&hellip;]","og_url":"https:\/\/continent.lv\/ru\/product\/gorenje-nrk418ecs4-182-5cm-no-frost\/","og_site_name":"Continent.lv","article_modified_time":"2026-05-06T10:46:35+00:00","og_image":[{"width":1260,"height":1260,"url":"http:\/\/continent.lv\/wp-content\/uploads\/2026\/05\/Gorenje-NRK418ECS4.webp","type":"image\/webp"}],"twitter_card":"summary_large_image","twitter_misc":{"\u041f\u0440\u0438\u043c\u0435\u0440\u043d\u043e\u0435 \u0432\u0440\u0435\u043c\u044f \u0434\u043b\u044f \u0447\u0442\u0435\u043d\u0438\u044f":"1 \u043c\u0438\u043d\u0443\u0442\u0430"},"schema":{"@context":"https:\/\/schema.org","@graph":[{"@type":"WebPage","@id":"https:\/\/continent.lv\/product\/gorenje-nrk418ecs4-182-5cm-no-frost\/","url":"https:\/\/continent.lv\/product\/gorenje-nrk418ecs4-182-5cm-no-frost\/","name":"(Ir veikal\u0101!) Gorenje NRK418ECS4 182.5cm No Frost - Continent.lv","isPartOf":{"@id":"https:\/\/continent.lv\/#website"},"primaryImageOfPage":{"@id":"https:\/\/continent.lv\/product\/gorenje-nrk418ecs4-182-5cm-no-frost\/#primaryimage"},"image":{"@id":"https:\/\/continent.lv\/product\/gorenje-nrk418ecs4-182-5cm-no-frost\/#primaryimage"},"thumbnailUrl":"https:\/\/continent.lv\/wp-content\/uploads\/2026\/05\/Gorenje-NRK418ECS4.webp","datePublished":"2026-05-06T10:20:51+00:00","dateModified":"2026-05-06T10:46:35+00:00","breadcrumb":{"@id":"https:\/\/continent.lv\/product\/gorenje-nrk418ecs4-182-5cm-no-frost\/#breadcrumb"},"inLanguage":"ru-RU","potentialAction":[{"@type":"ReadAction","target":["https:\/\/continent.lv\/product\/gorenje-nrk418ecs4-182-5cm-no-frost\/"]}]},{"@type":"ImageObject","inLanguage":"ru-RU","@id":"https:\/\/continent.lv\/product\/gorenje-nrk418ecs4-182-5cm-no-frost\/#primaryimage","url":"https:\/\/continent.lv\/wp-content\/uploads\/2026\/05\/Gorenje-NRK418ECS4.webp","contentUrl":"https:\/\/continent.lv\/wp-content\/uploads\/2026\/05\/Gorenje-NRK418ECS4.webp","width":1260,"height":1260},{"@type":"BreadcrumbList","@id":"https:\/\/continent.lv\/product\/gorenje-nrk418ecs4-182-5cm-no-frost\/#breadcrumb","itemListElement":[{"@type":"ListItem","position":1,"name":"Home","item":"https:\/\/continent.lv\/"},{"@type":"ListItem","position":2,"name":"Veikals","item":"https:\/\/continent.lv\/shop\/"},{"@type":"ListItem","position":3,"name":"(Ir veikal\u0101!) Gorenje NRK418ECS4 182.5cm No Frost"}]},{"@type":"WebSite","@id":"https:\/\/continent.lv\/#website","url":"https:\/\/continent.lv\/","name":"Continent.lv","description":"Sadz\u012bves pre\u010du internetveikals","publisher":{"@id":"https:\/\/continent.lv\/#organization"},"potentialAction":[{"@type":"SearchAction","target":{"@type":"EntryPoint","urlTemplate":"https:\/\/continent.lv\/?s={search_term_string}"},"query-input":{"@type":"PropertyValueSpecification","valueRequired":true,"valueName":"search_term_string"}}],"inLanguage":"ru-RU"},{"@type":"Organization","@id":"https:\/\/continent.lv\/#organization","name":"Continent.lv","url":"https:\/\/continent.lv\/","logo":{"@type":"ImageObject","inLanguage":"ru-RU","@id":"https:\/\/continent.lv\/#\/schema\/logo\/image\/","url":"https:\/\/continent.lv\/wp-content\/uploads\/2026\/05\/logo_continent_5nwv-jh.jpg","contentUrl":"https:\/\/continent.lv\/wp-content\/uploads\/2026\/05\/logo_continent_5nwv-jh.jpg","width":221,"height":50,"caption":"Continent.lv"},"image":{"@id":"https:\/\/continent.lv\/#\/schema\/logo\/image\/"}}]}},"_links":{"self":[{"href":"https:\/\/continent.lv\/ru\/wp-json\/wp\/v2\/product\/49775","targetHints":{"allow":["GET"]}}],"collection":[{"href":"https:\/\/continent.lv\/ru\/wp-json\/wp\/v2\/product"}],"about":[{"href":"https:\/\/continent.lv\/ru\/wp-json\/wp\/v2\/types\/product"}],"replies":[{"embeddable":true,"href":"https:\/\/continent.lv\/ru\/wp-json\/wp\/v2\/comments?post=49775"}],"wp:featuredmedia":[{"embeddable":true,"href":"https:\/\/continent.lv\/ru\/wp-json\/wp\/v2\/media\/49776"}],"wp:attachment":[{"href":"https:\/\/continent.lv\/ru\/wp-json\/wp\/v2\/media?parent=49775"}],"wp:term":[{"taxonomy":"product_brand","embeddable":true,"href":"https:\/\/continent.lv\/ru\/wp-json\/wp\/v2\/product_brand?post=49775"},{"taxonomy":"product_cat","embeddable":true,"href":"https:\/\/continent.lv\/ru\/wp-json\/wp\/v2\/product_cat?post=49775"},{"taxonomy":"product_tag","embeddable":true,"href":"https:\/\/continent.lv\/ru\/wp-json\/wp\/v2\/product_tag?post=49775"}],"curies":[{"name":"wp","href":"https:\/\/api.w.org\/{rel}","templated":true}]}}