{"id":49770,"date":"2026-05-06T08:24:59","date_gmt":"2026-05-06T08:24:59","guid":{"rendered":"https:\/\/continent.lv\/?post_type=product&#038;p=49770"},"modified":"2026-05-06T08:30:30","modified_gmt":"2026-05-06T08:30:30","slug":"candy-cs41262de1s-6kg-45cm","status":"publish","type":"product","link":"https:\/\/continent.lv\/ru\/product\/candy-cs41262de1s-6kg-45cm\/","title":{"rendered":"Candy CS41262DE1S 6kg , 45cm"},"content":{"rendered":"<p>\u0422\u043e\u0440\u0433\u043e\u0432\u0430\u044f \u043c\u0430\u0440\u043a\u0430 Candy<br \/>\n\u0426\u0432\u0435\u0442 \u0411\u0435\u043b\u044b\u0439<br \/>\n\u0422\u0438\u043f \u0443\u0441\u0442\u0440\u043e\u0439\u0441\u0442\u0432\u0430 \u0421\u0432\u043e\u0431\u043e\u0434\u043d\u043e\u0441\u0442\u043e\u044f\u0449\u0438\u0439<br \/>\n\u0422\u0438\u043f \u0441\u0442\u0438\u0440\u0430\u043b\u044c\u043d\u043e\u0439 \u043c\u0430\u0448\u0438\u043d\u044b \u0421 \u0444\u0440\u043e\u043d\u0442\u0430\u043b\u044c\u043d\u043e\u0439 \u0437\u0430\u0433\u0440\u0443\u0437\u043a\u043e\u0439<br \/>\nEAN 8059019005232<br \/>\n\u041d\u043e\u0432\u0430\u044f \u044d\u043d\u0435\u0440\u0433\u0435\u0442\u0438\u0447\u0435\u0441\u043a\u0430\u044f \u043c\u0430\u0440\u043a\u0438\u0440\u043e\u0432\u043a\u0430 \u0441 2021 \u0433\u043e\u0434\u0430<br \/>\n\u041a\u043b\u0430\u0441\u0441 \u044d\u043d\u0435\u0440\u0433\u043e\u043f\u043e\u0442\u0440\u0435\u0431\u043b\u0435\u043d\u0438\u044f D<br \/>\n\u041f\u043e\u0442\u0440\u0435\u0431\u043b\u0435\u043d\u0438\u0435 \u044d\u043b\u0435\u043a\u0442\u0440\u043e\u044d\u043d\u0435\u0440\u0433\u0438\u0438 \u0437\u0430 100 \u0446\u0438\u043a\u043b\u043e\u0432 \u0441\u0442\u0438\u0440\u043a\u0438 65 \u043a\u0412\u0442\u00b7\u0447<br \/>\n\u0401\u043c\u043a\u043e\u0441\u0442\u044c<br \/>\n\u0412\u043c\u0435\u0441\u0442\u0438\u043c\u043e\u0441\u0442\u044c \u043f\u0440\u0438 \u0441\u0442\u0438\u0440\u043a\u0435 6 \u043a\u0433<br \/>\n\u041c\u043e\u0439\u043a\u0430<br \/>\n\u0414\u043b\u0438\u0442\u0435\u043b\u044c\u043d\u043e\u0441\u0442\u044c \u0446\u0438\u043a\u043b\u0430 \u0441\u0442\u0438\u0440\u043a\u0438 \"Eco 40-60\" 3:18<br \/>\n\u041f\u043e\u0442\u0440\u0435\u0431\u043b\u0435\u043d\u0438\u0435 \u0432\u043e\u0434\u044b \u0437\u0430 \u043e\u0434\u0438\u043d \u0446\u0438\u043a\u043b \u0441\u0442\u0438\u0440\u043a\u0438 40 \u043b<br \/>\n\u041e\u0442\u0436\u0438\u043c<br \/>\n\u0421\u043a\u043e\u0440\u043e\u0441\u0442\u044c \u043e\u0442\u0436\u0438\u043c\u0430, \u043e\u0431\/\u043c\u0438\u043d 1200<br \/>\n\u041a\u043b\u0430\u0441\u0441 \u044d\u043d\u0435\u0440\u0433\u043e\u044d\u0444\u0444\u0435\u043a\u0442\u0438\u0432\u043d\u043e\u0441\u0442\u0438 \u043e\u0442\u0436\u0438\u043c\u0430 B<br \/>\n\u0423\u0440\u043e\u0432\u0435\u043d\u044c \u0448\u0443\u043c\u0430 \u0432\u043e \u0432\u0440\u0435\u043c\u044f \u043e\u0442\u0436\u0438\u043c\u0430 79 \u0434\u0411<br \/>\n\u041a\u043b\u0430\u0441\u0441 \u0430\u043a\u0443\u0441\u0442\u0438\u0447\u0435\u0441\u043a\u043e\u0433\u043e \u0448\u0443\u043c\u0430 \u044d\u043c\u0438\u0441\u0441\u0438\u0438 C<br \/>\n\u0420\u0430\u0437\u043c\u0435\u0440\u044b, \u0432\u0435\u0441<br \/>\n\u0412\u044b\u0441\u043e\u0442\u0430 85 \u0441\u043c<br \/>\n\u0428\u0438\u0440\u0438\u043d\u0430 60 \u0441\u043c<br \/>\n\u0413\u043b\u0443\u0431\u0438\u043d\u0430 45 \u0441\u043c<br \/>\n\u0412\u0435\u0441 61 \u043a\u0433<br \/>\n\u0412\u0435\u0441 \u0441 \u0443\u043f\u0430\u043a\u043e\u0432\u043a\u043e\u0439 63 \u043a\u0433<br \/>\n\u0423\u043f\u0440\u0430\u0432\u043b\u0435\u043d\u0438\u0435<br \/>\n\u042d\u043b\u0435\u043a\u0442\u0440\u043e\u043d\u043d\u044b\u0439 \u0434\u0438\u0441\u043f\u043b\u0435\u0439 \u0415\u0441\u0442\u044c<br \/>\n\u0423\u043f\u0440\u0430\u0432\u043b\u0435\u043d\u0438\u0435 \u042d\u043b\u0435\u043a\u0442\u0440\u043e\u043d\u043d\u043e\u0435<br \/>\n\u0414\u0440\u0443\u0433\u0438\u0435 \u043f\u0430\u0440\u0430\u043c\u0435\u0442\u0440\u044b<br \/>\n\u041a\u043e\u043b\u0438\u0447\u0435\u0441\u0442\u0432\u043e \u043f\u0440\u043e\u0433\u0440\u0430\u043c\u043c 16<br \/>\n\u0422\u0430\u0439\u043c\u0435\u0440 \u043e\u0442\u043b\u043e\u0436\u0435\u043d\u043d\u043e\u0433\u043e \u0441\u0442\u0430\u0440\u0442\u0430 \u0415\u0441\u0442\u044c<br \/>\n\u0417\u0430\u0449\u0438\u0442\u0430 \u043e\u0442 \u0434\u0435\u0442\u0435\u0439 \u0415\u0441\u0442\u044c<\/p>","protected":false},"excerpt":{"rendered":"<p>Pre\u010du z\u012bme Candy Kr\u0101sa Balta Iek\u0101rtas tips Br\u012bvst\u0101vo\u0161s Ve\u013cas mazg\u0101jam\u0101s ma\u0161\u012bnas veids Ar front\u0101lo iel\u0101di EAN 8059019005232 Jaunais energomar\u0137\u0113jums no 2021.gada Energoefektivit\u0101tes klase D Elektroener\u0123ijas pat\u0113ri\u0146\u0161 100 mazg\u0101\u0161anas ciklos 65 kWh Ietilp\u012bba Ve\u013cas ietilp\u012bba mazg\u0101jot 6 kg Mazg\u0101\u0161ana Mazg\u0101\u0161anas cikla \u201cEco 40-60\u201d ilgums 3:18 \u016adens pat\u0113ri\u0146\u0161 vien\u0101 mazg\u0101\u0161anas cikl\u0101 40 l Centrif\u016bga Centrif\u016bgas apgriezieni min\u016bt\u0113 [&hellip;]<\/p>\n","protected":false},"featured_media":49773,"comment_status":"open","ping_status":"closed","template":"","meta":{"_joinchat":[]},"product_brand":[267],"product_cat":[285],"product_tag":[],"class_list":{"0":"post-49770","1":"product","2":"type-product","3":"status-publish","4":"has-post-thumbnail","6":"product_brand-candy","7":"product_cat-sadzives-tehnika-velas-masinas-ar-frontalo-ieladi","9":"first","10":"instock","11":"shipping-taxable","12":"purchasable","13":"product-type-simple"},"yoast_head":"<!-- This site is optimized with the Yoast SEO plugin v27.5 - https:\/\/yoast.com\/product\/yoast-seo-wordpress\/ -->\n<title>Candy CS41262DE1S 6kg , 45cm - Continent.lv<\/title>\n<meta name=\"robots\" content=\"index, follow, max-snippet:-1, max-image-preview:large, max-video-preview:-1\" \/>\n<link rel=\"canonical\" href=\"https:\/\/continent.lv\/ru\/product\/candy-cs41262de1s-6kg-45cm\/\" \/>\n<meta property=\"og:locale\" content=\"ru_RU\" \/>\n<meta property=\"og:type\" content=\"article\" \/>\n<meta property=\"og:title\" content=\"Candy CS41262DE1S 6kg , 45cm - Continent.lv\" \/>\n<meta property=\"og:description\" content=\"Pre\u010du z\u012bme Candy Kr\u0101sa Balta Iek\u0101rtas tips Br\u012bvst\u0101vo\u0161s Ve\u013cas mazg\u0101jam\u0101s ma\u0161\u012bnas veids Ar front\u0101lo iel\u0101di EAN 8059019005232 Jaunais energomar\u0137\u0113jums no 2021.gada Energoefektivit\u0101tes klase D Elektroener\u0123ijas pat\u0113ri\u0146\u0161 100 mazg\u0101\u0161anas ciklos 65 kWh Ietilp\u012bba Ve\u013cas ietilp\u012bba mazg\u0101jot 6 kg Mazg\u0101\u0161ana Mazg\u0101\u0161anas cikla \u201cEco 40-60\u201d ilgums 3:18 \u016adens pat\u0113ri\u0146\u0161 vien\u0101 mazg\u0101\u0161anas cikl\u0101 40 l Centrif\u016bga Centrif\u016bgas apgriezieni min\u016bt\u0113 [&hellip;]\" \/>\n<meta property=\"og:url\" content=\"https:\/\/continent.lv\/ru\/product\/candy-cs41262de1s-6kg-45cm\/\" \/>\n<meta property=\"og:site_name\" content=\"Continent.lv\" \/>\n<meta property=\"article:modified_time\" content=\"2026-05-06T08:30:30+00:00\" \/>\n<meta property=\"og:image\" content=\"http:\/\/continent.lv\/wp-content\/uploads\/2026\/05\/23-9.jpeg\" \/>\n\t<meta property=\"og:image:width\" content=\"640\" \/>\n\t<meta property=\"og:image:height\" content=\"640\" \/>\n\t<meta property=\"og:image:type\" content=\"image\/jpeg\" \/>\n<meta name=\"twitter:card\" content=\"summary_large_image\" \/>\n<meta name=\"twitter:label1\" content=\"\u041f\u0440\u0438\u043c\u0435\u0440\u043d\u043e\u0435 \u0432\u0440\u0435\u043c\u044f \u0434\u043b\u044f \u0447\u0442\u0435\u043d\u0438\u044f\" \/>\n\t<meta name=\"twitter:data1\" content=\"1 \u043c\u0438\u043d\u0443\u0442\u0430\" \/>\n<script type=\"application\/ld+json\" class=\"yoast-schema-graph\">{\"@context\":\"https:\\\/\\\/schema.org\",\"@graph\":[{\"@type\":\"WebPage\",\"@id\":\"https:\\\/\\\/continent.lv\\\/product\\\/candy-cs41262de1s-6kg-45cm\\\/\",\"url\":\"https:\\\/\\\/continent.lv\\\/product\\\/candy-cs41262de1s-6kg-45cm\\\/\",\"name\":\"Candy CS41262DE1S 6kg , 45cm - Continent.lv\",\"isPartOf\":{\"@id\":\"https:\\\/\\\/continent.lv\\\/#website\"},\"primaryImageOfPage\":{\"@id\":\"https:\\\/\\\/continent.lv\\\/product\\\/candy-cs41262de1s-6kg-45cm\\\/#primaryimage\"},\"image\":{\"@id\":\"https:\\\/\\\/continent.lv\\\/product\\\/candy-cs41262de1s-6kg-45cm\\\/#primaryimage\"},\"thumbnailUrl\":\"https:\\\/\\\/continent.lv\\\/wp-content\\\/uploads\\\/2026\\\/05\\\/23-9.jpeg\",\"datePublished\":\"2026-05-06T08:24:59+00:00\",\"dateModified\":\"2026-05-06T08:30:30+00:00\",\"breadcrumb\":{\"@id\":\"https:\\\/\\\/continent.lv\\\/product\\\/candy-cs41262de1s-6kg-45cm\\\/#breadcrumb\"},\"inLanguage\":\"ru-RU\",\"potentialAction\":[{\"@type\":\"ReadAction\",\"target\":[\"https:\\\/\\\/continent.lv\\\/product\\\/candy-cs41262de1s-6kg-45cm\\\/\"]}]},{\"@type\":\"ImageObject\",\"inLanguage\":\"ru-RU\",\"@id\":\"https:\\\/\\\/continent.lv\\\/product\\\/candy-cs41262de1s-6kg-45cm\\\/#primaryimage\",\"url\":\"https:\\\/\\\/continent.lv\\\/wp-content\\\/uploads\\\/2026\\\/05\\\/23-9.jpeg\",\"contentUrl\":\"https:\\\/\\\/continent.lv\\\/wp-content\\\/uploads\\\/2026\\\/05\\\/23-9.jpeg\",\"width\":640,\"height\":640},{\"@type\":\"BreadcrumbList\",\"@id\":\"https:\\\/\\\/continent.lv\\\/product\\\/candy-cs41262de1s-6kg-45cm\\\/#breadcrumb\",\"itemListElement\":[{\"@type\":\"ListItem\",\"position\":1,\"name\":\"Home\",\"item\":\"https:\\\/\\\/continent.lv\\\/\"},{\"@type\":\"ListItem\",\"position\":2,\"name\":\"Veikals\",\"item\":\"https:\\\/\\\/continent.lv\\\/shop\\\/\"},{\"@type\":\"ListItem\",\"position\":3,\"name\":\"Candy CS41262DE1S 6kg , 45cm\"}]},{\"@type\":\"WebSite\",\"@id\":\"https:\\\/\\\/continent.lv\\\/#website\",\"url\":\"https:\\\/\\\/continent.lv\\\/\",\"name\":\"Continent.lv\",\"description\":\"Sadz\u012bves pre\u010du internetveikals\",\"publisher\":{\"@id\":\"https:\\\/\\\/continent.lv\\\/#organization\"},\"potentialAction\":[{\"@type\":\"SearchAction\",\"target\":{\"@type\":\"EntryPoint\",\"urlTemplate\":\"https:\\\/\\\/continent.lv\\\/?s={search_term_string}\"},\"query-input\":{\"@type\":\"PropertyValueSpecification\",\"valueRequired\":true,\"valueName\":\"search_term_string\"}}],\"inLanguage\":\"ru-RU\"},{\"@type\":\"Organization\",\"@id\":\"https:\\\/\\\/continent.lv\\\/#organization\",\"name\":\"Continent.lv\",\"url\":\"https:\\\/\\\/continent.lv\\\/\",\"logo\":{\"@type\":\"ImageObject\",\"inLanguage\":\"ru-RU\",\"@id\":\"https:\\\/\\\/continent.lv\\\/#\\\/schema\\\/logo\\\/image\\\/\",\"url\":\"https:\\\/\\\/continent.lv\\\/wp-content\\\/uploads\\\/2026\\\/05\\\/logo_continent_5nwv-jh.jpg\",\"contentUrl\":\"https:\\\/\\\/continent.lv\\\/wp-content\\\/uploads\\\/2026\\\/05\\\/logo_continent_5nwv-jh.jpg\",\"width\":221,\"height\":50,\"caption\":\"Continent.lv\"},\"image\":{\"@id\":\"https:\\\/\\\/continent.lv\\\/#\\\/schema\\\/logo\\\/image\\\/\"}}]}<\/script>\n<!-- \/ Yoast SEO plugin. -->","yoast_head_json":{"title":"Candy CS41262DE1S 6kg , 45cm - Continent.lv","robots":{"index":"index","follow":"follow","max-snippet":"max-snippet:-1","max-image-preview":"max-image-preview:large","max-video-preview":"max-video-preview:-1"},"canonical":"https:\/\/continent.lv\/ru\/product\/candy-cs41262de1s-6kg-45cm\/","og_locale":"ru_RU","og_type":"article","og_title":"Candy CS41262DE1S 6kg , 45cm - Continent.lv","og_description":"Pre\u010du z\u012bme Candy Kr\u0101sa Balta Iek\u0101rtas tips Br\u012bvst\u0101vo\u0161s Ve\u013cas mazg\u0101jam\u0101s ma\u0161\u012bnas veids Ar front\u0101lo iel\u0101di EAN 8059019005232 Jaunais energomar\u0137\u0113jums no 2021.gada Energoefektivit\u0101tes klase D Elektroener\u0123ijas pat\u0113ri\u0146\u0161 100 mazg\u0101\u0161anas ciklos 65 kWh Ietilp\u012bba Ve\u013cas ietilp\u012bba mazg\u0101jot 6 kg Mazg\u0101\u0161ana Mazg\u0101\u0161anas cikla \u201cEco 40-60\u201d ilgums 3:18 \u016adens pat\u0113ri\u0146\u0161 vien\u0101 mazg\u0101\u0161anas cikl\u0101 40 l Centrif\u016bga Centrif\u016bgas apgriezieni min\u016bt\u0113 [&hellip;]","og_url":"https:\/\/continent.lv\/ru\/product\/candy-cs41262de1s-6kg-45cm\/","og_site_name":"Continent.lv","article_modified_time":"2026-05-06T08:30:30+00:00","og_image":[{"width":640,"height":640,"url":"http:\/\/continent.lv\/wp-content\/uploads\/2026\/05\/23-9.jpeg","type":"image\/jpeg"}],"twitter_card":"summary_large_image","twitter_misc":{"\u041f\u0440\u0438\u043c\u0435\u0440\u043d\u043e\u0435 \u0432\u0440\u0435\u043c\u044f \u0434\u043b\u044f \u0447\u0442\u0435\u043d\u0438\u044f":"1 \u043c\u0438\u043d\u0443\u0442\u0430"},"schema":{"@context":"https:\/\/schema.org","@graph":[{"@type":"WebPage","@id":"https:\/\/continent.lv\/product\/candy-cs41262de1s-6kg-45cm\/","url":"https:\/\/continent.lv\/product\/candy-cs41262de1s-6kg-45cm\/","name":"Candy CS41262DE1S 6kg , 45cm - Continent.lv","isPartOf":{"@id":"https:\/\/continent.lv\/#website"},"primaryImageOfPage":{"@id":"https:\/\/continent.lv\/product\/candy-cs41262de1s-6kg-45cm\/#primaryimage"},"image":{"@id":"https:\/\/continent.lv\/product\/candy-cs41262de1s-6kg-45cm\/#primaryimage"},"thumbnailUrl":"https:\/\/continent.lv\/wp-content\/uploads\/2026\/05\/23-9.jpeg","datePublished":"2026-05-06T08:24:59+00:00","dateModified":"2026-05-06T08:30:30+00:00","breadcrumb":{"@id":"https:\/\/continent.lv\/product\/candy-cs41262de1s-6kg-45cm\/#breadcrumb"},"inLanguage":"ru-RU","potentialAction":[{"@type":"ReadAction","target":["https:\/\/continent.lv\/product\/candy-cs41262de1s-6kg-45cm\/"]}]},{"@type":"ImageObject","inLanguage":"ru-RU","@id":"https:\/\/continent.lv\/product\/candy-cs41262de1s-6kg-45cm\/#primaryimage","url":"https:\/\/continent.lv\/wp-content\/uploads\/2026\/05\/23-9.jpeg","contentUrl":"https:\/\/continent.lv\/wp-content\/uploads\/2026\/05\/23-9.jpeg","width":640,"height":640},{"@type":"BreadcrumbList","@id":"https:\/\/continent.lv\/product\/candy-cs41262de1s-6kg-45cm\/#breadcrumb","itemListElement":[{"@type":"ListItem","position":1,"name":"Home","item":"https:\/\/continent.lv\/"},{"@type":"ListItem","position":2,"name":"Veikals","item":"https:\/\/continent.lv\/shop\/"},{"@type":"ListItem","position":3,"name":"Candy CS41262DE1S 6kg , 45cm"}]},{"@type":"WebSite","@id":"https:\/\/continent.lv\/#website","url":"https:\/\/continent.lv\/","name":"Continent.lv","description":"Sadz\u012bves pre\u010du internetveikals","publisher":{"@id":"https:\/\/continent.lv\/#organization"},"potentialAction":[{"@type":"SearchAction","target":{"@type":"EntryPoint","urlTemplate":"https:\/\/continent.lv\/?s={search_term_string}"},"query-input":{"@type":"PropertyValueSpecification","valueRequired":true,"valueName":"search_term_string"}}],"inLanguage":"ru-RU"},{"@type":"Organization","@id":"https:\/\/continent.lv\/#organization","name":"Continent.lv","url":"https:\/\/continent.lv\/","logo":{"@type":"ImageObject","inLanguage":"ru-RU","@id":"https:\/\/continent.lv\/#\/schema\/logo\/image\/","url":"https:\/\/continent.lv\/wp-content\/uploads\/2026\/05\/logo_continent_5nwv-jh.jpg","contentUrl":"https:\/\/continent.lv\/wp-content\/uploads\/2026\/05\/logo_continent_5nwv-jh.jpg","width":221,"height":50,"caption":"Continent.lv"},"image":{"@id":"https:\/\/continent.lv\/#\/schema\/logo\/image\/"}}]}},"_links":{"self":[{"href":"https:\/\/continent.lv\/ru\/wp-json\/wp\/v2\/product\/49770","targetHints":{"allow":["GET"]}}],"collection":[{"href":"https:\/\/continent.lv\/ru\/wp-json\/wp\/v2\/product"}],"about":[{"href":"https:\/\/continent.lv\/ru\/wp-json\/wp\/v2\/types\/product"}],"replies":[{"embeddable":true,"href":"https:\/\/continent.lv\/ru\/wp-json\/wp\/v2\/comments?post=49770"}],"wp:featuredmedia":[{"embeddable":true,"href":"https:\/\/continent.lv\/ru\/wp-json\/wp\/v2\/media\/49773"}],"wp:attachment":[{"href":"https:\/\/continent.lv\/ru\/wp-json\/wp\/v2\/media?parent=49770"}],"wp:term":[{"taxonomy":"product_brand","embeddable":true,"href":"https:\/\/continent.lv\/ru\/wp-json\/wp\/v2\/product_brand?post=49770"},{"taxonomy":"product_cat","embeddable":true,"href":"https:\/\/continent.lv\/ru\/wp-json\/wp\/v2\/product_cat?post=49770"},{"taxonomy":"product_tag","embeddable":true,"href":"https:\/\/continent.lv\/ru\/wp-json\/wp\/v2\/product_tag?post=49770"}],"curies":[{"name":"wp","href":"https:\/\/api.w.org\/{rel}","templated":true}]}}