{"id":48937,"date":"2026-05-01T10:28:36","date_gmt":"2026-05-01T10:28:36","guid":{"rendered":"https:\/\/continent.lv\/product\/hp-color-laserjet-pro-4202dw\/"},"modified":"2026-05-01T10:28:36","modified_gmt":"2026-05-01T10:28:36","slug":"hp-color-laserjet-pro-4202dw","status":"publish","type":"product","link":"https:\/\/continent.lv\/ru\/product\/hp-color-laserjet-pro-4202dw\/","title":{"rendered":"HP Color LaserJet Pro 4202DW"},"content":{"rendered":"<p>Produkta veids\u00a0 \u00a0 \u00a0L\u0101zerprinteri<\/p>\n<p>Z\u012bmols\u00a0 \u00a0 \u00a0HP<br \/>Modelis\u00a0 \u00a0 \u00a0Color LaserJet Pro 4202DW<br \/>Dzi\u013cums\u00a0 \u00a0 \u00a0421 mm<br \/>Platums\u00a0 \u00a0 \u00a0636 mm<br \/>Augstums\u00a0 \u00a0 \u00a0420 mm<br \/>Svars\u00a0 \u00a0 \u00a016.33 kg<br \/>Druk\u0101\u0161anas metode\u00a0 \u00a0 L\u0101zera<br \/>Drukas iz\u0161\u0137irtsp\u0113ja\u00a0 \u00a0 600 x 600 dpi<br \/>Melnbalt\u0101s drukas \u0101trums (lpp\/min)\u00a0 \u00a0 33<br \/>Kr\u0101su druka\u00a0 \u00a0 J\u0101<br \/>Kr\u0101su drukas \u0101trums (lpp\/min)\u00a0 \u00a0 33<br \/>Maksim\u0101lais drukas ra\u017e\u012bguma skaits (lpp\/m\u0113nes\u012b)\u00a0 \u00a0 50000<br \/>Form\u0101ts\u00a0 \u00a0 A4<br \/>Fotoatt\u0113lu druk\u0101\u0161ana\u00a0 \u00a0 J\u0101<br \/>Pap\u012bra padeves ietilp\u012bba\u00a0 \u00a0 \u00a0850<br \/>Autom\u0101tiska divpus\u0113ja druka\u00a0 \u00a0 \u00a0J\u0101<br \/>USB savienot\u0101js\u00a0 \u00a0 J\u0101<br \/>WiFi savienojums\u00a0 \u00a0 J\u0101<br \/>WiFi tie\u0161\u0101 saskarne\u00a0 \u00a0 J\u0101<br \/>Bezvadu\u00a0 \u00a0 \u00a0J\u0101<br \/>Savienojumi\u00a0 \u00a0 RJ-45<br \/>Operat\u012bv\u0101 atmi\u0146a (RAM)\u00a0 \u00a0 512 MB\u00a0<\/p><\/p>","protected":false},"excerpt":{"rendered":"<p>Produkta veids\u00a0 \u00a0 \u00a0L\u0101zerprinteri Z\u012bmols\u00a0 \u00a0 \u00a0HPModelis\u00a0 \u00a0 \u00a0Color LaserJet Pro 4202DWDzi\u013cums\u00a0 \u00a0 \u00a0421 mmPlatums\u00a0 \u00a0 \u00a0636 mmAugstums\u00a0 \u00a0 \u00a0420 mmSvars\u00a0 \u00a0 \u00a016.33 kgDruk\u0101\u0161anas metode\u00a0 \u00a0 L\u0101zeraDrukas iz\u0161\u0137irtsp\u0113ja\u00a0 \u00a0 600 x 600 dpiMelnbalt\u0101s drukas \u0101trums (lpp\/min)\u00a0 \u00a0 33Kr\u0101su druka\u00a0 \u00a0 J\u0101Kr\u0101su drukas \u0101trums (lpp\/min)\u00a0 \u00a0 33Maksim\u0101lais drukas ra\u017e\u012bguma skaits (lpp\/m\u0113nes\u012b)\u00a0 \u00a0 50000Form\u0101ts\u00a0 \u00a0 A4Fotoatt\u0113lu druk\u0101\u0161ana\u00a0 [&hellip;]<\/p>\n","protected":false},"featured_media":48932,"comment_status":"open","ping_status":"closed","template":"","meta":{"_joinchat":[]},"product_brand":[399],"product_cat":[402],"product_tag":[],"class_list":{"0":"post-48937","1":"product","2":"type-product","3":"status-publish","4":"has-post-thumbnail","6":"product_brand-hp","7":"product_cat-datortehnika-preces-birojam-printeri","9":"first","10":"instock","11":"shipping-taxable","12":"purchasable","13":"product-type-simple"},"yoast_head":"<!-- This site is optimized with the Yoast SEO plugin v27.5 - https:\/\/yoast.com\/product\/yoast-seo-wordpress\/ -->\n<title>HP Color LaserJet Pro 4202DW - Continent.lv<\/title>\n<meta name=\"robots\" content=\"index, follow, max-snippet:-1, max-image-preview:large, max-video-preview:-1\" \/>\n<link rel=\"canonical\" href=\"https:\/\/continent.lv\/ru\/product\/hp-color-laserjet-pro-4202dw\/\" \/>\n<meta property=\"og:locale\" content=\"ru_RU\" \/>\n<meta property=\"og:type\" content=\"article\" \/>\n<meta property=\"og:title\" content=\"HP Color LaserJet Pro 4202DW - Continent.lv\" \/>\n<meta property=\"og:description\" content=\"Produkta veids\u00a0 \u00a0 \u00a0L\u0101zerprinteri Z\u012bmols\u00a0 \u00a0 \u00a0HPModelis\u00a0 \u00a0 \u00a0Color LaserJet Pro 4202DWDzi\u013cums\u00a0 \u00a0 \u00a0421 mmPlatums\u00a0 \u00a0 \u00a0636 mmAugstums\u00a0 \u00a0 \u00a0420 mmSvars\u00a0 \u00a0 \u00a016.33 kgDruk\u0101\u0161anas metode\u00a0 \u00a0 L\u0101zeraDrukas iz\u0161\u0137irtsp\u0113ja\u00a0 \u00a0 600 x 600 dpiMelnbalt\u0101s drukas \u0101trums (lpp\/min)\u00a0 \u00a0 33Kr\u0101su druka\u00a0 \u00a0 J\u0101Kr\u0101su drukas \u0101trums (lpp\/min)\u00a0 \u00a0 33Maksim\u0101lais drukas ra\u017e\u012bguma skaits (lpp\/m\u0113nes\u012b)\u00a0 \u00a0 50000Form\u0101ts\u00a0 \u00a0 A4Fotoatt\u0113lu druk\u0101\u0161ana\u00a0 [&hellip;]\" \/>\n<meta property=\"og:url\" content=\"https:\/\/continent.lv\/ru\/product\/hp-color-laserjet-pro-4202dw\/\" \/>\n<meta property=\"og:site_name\" content=\"Continent.lv\" \/>\n<meta property=\"og:image\" content=\"https:\/\/continent.lv\/wp-content\/uploads\/2026\/05\/21_p8uk-sv.jpeg\" \/>\n\t<meta property=\"og:image:width\" content=\"2000\" \/>\n\t<meta property=\"og:image:height\" content=\"2000\" \/>\n\t<meta property=\"og:image:type\" content=\"image\/jpeg\" \/>\n<meta name=\"twitter:card\" content=\"summary_large_image\" \/>\n<meta name=\"twitter:label1\" content=\"\u041f\u0440\u0438\u043c\u0435\u0440\u043d\u043e\u0435 \u0432\u0440\u0435\u043c\u044f \u0434\u043b\u044f \u0447\u0442\u0435\u043d\u0438\u044f\" \/>\n\t<meta name=\"twitter:data1\" content=\"1 \u043c\u0438\u043d\u0443\u0442\u0430\" \/>\n<script type=\"application\/ld+json\" class=\"yoast-schema-graph\">{\"@context\":\"https:\\\/\\\/schema.org\",\"@graph\":[{\"@type\":\"WebPage\",\"@id\":\"https:\\\/\\\/continent.lv\\\/product\\\/hp-color-laserjet-pro-4202dw\\\/\",\"url\":\"https:\\\/\\\/continent.lv\\\/product\\\/hp-color-laserjet-pro-4202dw\\\/\",\"name\":\"HP Color LaserJet Pro 4202DW - Continent.lv\",\"isPartOf\":{\"@id\":\"https:\\\/\\\/continent.lv\\\/#website\"},\"primaryImageOfPage\":{\"@id\":\"https:\\\/\\\/continent.lv\\\/product\\\/hp-color-laserjet-pro-4202dw\\\/#primaryimage\"},\"image\":{\"@id\":\"https:\\\/\\\/continent.lv\\\/product\\\/hp-color-laserjet-pro-4202dw\\\/#primaryimage\"},\"thumbnailUrl\":\"https:\\\/\\\/continent.lv\\\/wp-content\\\/uploads\\\/2026\\\/05\\\/21_p8uk-sv.jpeg\",\"datePublished\":\"2026-05-01T10:28:36+00:00\",\"breadcrumb\":{\"@id\":\"https:\\\/\\\/continent.lv\\\/product\\\/hp-color-laserjet-pro-4202dw\\\/#breadcrumb\"},\"inLanguage\":\"ru-RU\",\"potentialAction\":[{\"@type\":\"ReadAction\",\"target\":[\"https:\\\/\\\/continent.lv\\\/product\\\/hp-color-laserjet-pro-4202dw\\\/\"]}]},{\"@type\":\"ImageObject\",\"inLanguage\":\"ru-RU\",\"@id\":\"https:\\\/\\\/continent.lv\\\/product\\\/hp-color-laserjet-pro-4202dw\\\/#primaryimage\",\"url\":\"https:\\\/\\\/continent.lv\\\/wp-content\\\/uploads\\\/2026\\\/05\\\/21_p8uk-sv.jpeg\",\"contentUrl\":\"https:\\\/\\\/continent.lv\\\/wp-content\\\/uploads\\\/2026\\\/05\\\/21_p8uk-sv.jpeg\",\"width\":2000,\"height\":2000},{\"@type\":\"BreadcrumbList\",\"@id\":\"https:\\\/\\\/continent.lv\\\/product\\\/hp-color-laserjet-pro-4202dw\\\/#breadcrumb\",\"itemListElement\":[{\"@type\":\"ListItem\",\"position\":1,\"name\":\"Home\",\"item\":\"https:\\\/\\\/continent.lv\\\/\"},{\"@type\":\"ListItem\",\"position\":2,\"name\":\"Veikals\",\"item\":\"https:\\\/\\\/continent.lv\\\/shop\\\/\"},{\"@type\":\"ListItem\",\"position\":3,\"name\":\"HP Color LaserJet Pro 4202DW\"}]},{\"@type\":\"WebSite\",\"@id\":\"https:\\\/\\\/continent.lv\\\/#website\",\"url\":\"https:\\\/\\\/continent.lv\\\/\",\"name\":\"Continent.lv\",\"description\":\"Sadz\u012bves pre\u010du internetveikals\",\"publisher\":{\"@id\":\"https:\\\/\\\/continent.lv\\\/#organization\"},\"potentialAction\":[{\"@type\":\"SearchAction\",\"target\":{\"@type\":\"EntryPoint\",\"urlTemplate\":\"https:\\\/\\\/continent.lv\\\/?s={search_term_string}\"},\"query-input\":{\"@type\":\"PropertyValueSpecification\",\"valueRequired\":true,\"valueName\":\"search_term_string\"}}],\"inLanguage\":\"ru-RU\"},{\"@type\":\"Organization\",\"@id\":\"https:\\\/\\\/continent.lv\\\/#organization\",\"name\":\"Continent.lv\",\"url\":\"https:\\\/\\\/continent.lv\\\/\",\"logo\":{\"@type\":\"ImageObject\",\"inLanguage\":\"ru-RU\",\"@id\":\"https:\\\/\\\/continent.lv\\\/#\\\/schema\\\/logo\\\/image\\\/\",\"url\":\"https:\\\/\\\/continent.lv\\\/wp-content\\\/uploads\\\/2026\\\/05\\\/logo_continent_5nwv-jh.jpg\",\"contentUrl\":\"https:\\\/\\\/continent.lv\\\/wp-content\\\/uploads\\\/2026\\\/05\\\/logo_continent_5nwv-jh.jpg\",\"width\":221,\"height\":50,\"caption\":\"Continent.lv\"},\"image\":{\"@id\":\"https:\\\/\\\/continent.lv\\\/#\\\/schema\\\/logo\\\/image\\\/\"}}]}<\/script>\n<!-- \/ Yoast SEO plugin. -->","yoast_head_json":{"title":"HP Color LaserJet Pro 4202DW - Continent.lv","robots":{"index":"index","follow":"follow","max-snippet":"max-snippet:-1","max-image-preview":"max-image-preview:large","max-video-preview":"max-video-preview:-1"},"canonical":"https:\/\/continent.lv\/ru\/product\/hp-color-laserjet-pro-4202dw\/","og_locale":"ru_RU","og_type":"article","og_title":"HP Color LaserJet Pro 4202DW - Continent.lv","og_description":"Produkta veids\u00a0 \u00a0 \u00a0L\u0101zerprinteri Z\u012bmols\u00a0 \u00a0 \u00a0HPModelis\u00a0 \u00a0 \u00a0Color LaserJet Pro 4202DWDzi\u013cums\u00a0 \u00a0 \u00a0421 mmPlatums\u00a0 \u00a0 \u00a0636 mmAugstums\u00a0 \u00a0 \u00a0420 mmSvars\u00a0 \u00a0 \u00a016.33 kgDruk\u0101\u0161anas metode\u00a0 \u00a0 L\u0101zeraDrukas iz\u0161\u0137irtsp\u0113ja\u00a0 \u00a0 600 x 600 dpiMelnbalt\u0101s drukas \u0101trums (lpp\/min)\u00a0 \u00a0 33Kr\u0101su druka\u00a0 \u00a0 J\u0101Kr\u0101su drukas \u0101trums (lpp\/min)\u00a0 \u00a0 33Maksim\u0101lais drukas ra\u017e\u012bguma skaits (lpp\/m\u0113nes\u012b)\u00a0 \u00a0 50000Form\u0101ts\u00a0 \u00a0 A4Fotoatt\u0113lu druk\u0101\u0161ana\u00a0 [&hellip;]","og_url":"https:\/\/continent.lv\/ru\/product\/hp-color-laserjet-pro-4202dw\/","og_site_name":"Continent.lv","og_image":[{"width":2000,"height":2000,"url":"https:\/\/continent.lv\/wp-content\/uploads\/2026\/05\/21_p8uk-sv.jpeg","type":"image\/jpeg"}],"twitter_card":"summary_large_image","twitter_misc":{"\u041f\u0440\u0438\u043c\u0435\u0440\u043d\u043e\u0435 \u0432\u0440\u0435\u043c\u044f \u0434\u043b\u044f \u0447\u0442\u0435\u043d\u0438\u044f":"1 \u043c\u0438\u043d\u0443\u0442\u0430"},"schema":{"@context":"https:\/\/schema.org","@graph":[{"@type":"WebPage","@id":"https:\/\/continent.lv\/product\/hp-color-laserjet-pro-4202dw\/","url":"https:\/\/continent.lv\/product\/hp-color-laserjet-pro-4202dw\/","name":"HP Color LaserJet Pro 4202DW - Continent.lv","isPartOf":{"@id":"https:\/\/continent.lv\/#website"},"primaryImageOfPage":{"@id":"https:\/\/continent.lv\/product\/hp-color-laserjet-pro-4202dw\/#primaryimage"},"image":{"@id":"https:\/\/continent.lv\/product\/hp-color-laserjet-pro-4202dw\/#primaryimage"},"thumbnailUrl":"https:\/\/continent.lv\/wp-content\/uploads\/2026\/05\/21_p8uk-sv.jpeg","datePublished":"2026-05-01T10:28:36+00:00","breadcrumb":{"@id":"https:\/\/continent.lv\/product\/hp-color-laserjet-pro-4202dw\/#breadcrumb"},"inLanguage":"ru-RU","potentialAction":[{"@type":"ReadAction","target":["https:\/\/continent.lv\/product\/hp-color-laserjet-pro-4202dw\/"]}]},{"@type":"ImageObject","inLanguage":"ru-RU","@id":"https:\/\/continent.lv\/product\/hp-color-laserjet-pro-4202dw\/#primaryimage","url":"https:\/\/continent.lv\/wp-content\/uploads\/2026\/05\/21_p8uk-sv.jpeg","contentUrl":"https:\/\/continent.lv\/wp-content\/uploads\/2026\/05\/21_p8uk-sv.jpeg","width":2000,"height":2000},{"@type":"BreadcrumbList","@id":"https:\/\/continent.lv\/product\/hp-color-laserjet-pro-4202dw\/#breadcrumb","itemListElement":[{"@type":"ListItem","position":1,"name":"Home","item":"https:\/\/continent.lv\/"},{"@type":"ListItem","position":2,"name":"Veikals","item":"https:\/\/continent.lv\/shop\/"},{"@type":"ListItem","position":3,"name":"HP Color LaserJet Pro 4202DW"}]},{"@type":"WebSite","@id":"https:\/\/continent.lv\/#website","url":"https:\/\/continent.lv\/","name":"Continent.lv","description":"Sadz\u012bves pre\u010du internetveikals","publisher":{"@id":"https:\/\/continent.lv\/#organization"},"potentialAction":[{"@type":"SearchAction","target":{"@type":"EntryPoint","urlTemplate":"https:\/\/continent.lv\/?s={search_term_string}"},"query-input":{"@type":"PropertyValueSpecification","valueRequired":true,"valueName":"search_term_string"}}],"inLanguage":"ru-RU"},{"@type":"Organization","@id":"https:\/\/continent.lv\/#organization","name":"Continent.lv","url":"https:\/\/continent.lv\/","logo":{"@type":"ImageObject","inLanguage":"ru-RU","@id":"https:\/\/continent.lv\/#\/schema\/logo\/image\/","url":"https:\/\/continent.lv\/wp-content\/uploads\/2026\/05\/logo_continent_5nwv-jh.jpg","contentUrl":"https:\/\/continent.lv\/wp-content\/uploads\/2026\/05\/logo_continent_5nwv-jh.jpg","width":221,"height":50,"caption":"Continent.lv"},"image":{"@id":"https:\/\/continent.lv\/#\/schema\/logo\/image\/"}}]}},"_links":{"self":[{"href":"https:\/\/continent.lv\/ru\/wp-json\/wp\/v2\/product\/48937","targetHints":{"allow":["GET"]}}],"collection":[{"href":"https:\/\/continent.lv\/ru\/wp-json\/wp\/v2\/product"}],"about":[{"href":"https:\/\/continent.lv\/ru\/wp-json\/wp\/v2\/types\/product"}],"replies":[{"embeddable":true,"href":"https:\/\/continent.lv\/ru\/wp-json\/wp\/v2\/comments?post=48937"}],"wp:featuredmedia":[{"embeddable":true,"href":"https:\/\/continent.lv\/ru\/wp-json\/wp\/v2\/media\/48932"}],"wp:attachment":[{"href":"https:\/\/continent.lv\/ru\/wp-json\/wp\/v2\/media?parent=48937"}],"wp:term":[{"taxonomy":"product_brand","embeddable":true,"href":"https:\/\/continent.lv\/ru\/wp-json\/wp\/v2\/product_brand?post=48937"},{"taxonomy":"product_cat","embeddable":true,"href":"https:\/\/continent.lv\/ru\/wp-json\/wp\/v2\/product_cat?post=48937"},{"taxonomy":"product_tag","embeddable":true,"href":"https:\/\/continent.lv\/ru\/wp-json\/wp\/v2\/product_tag?post=48937"}],"curies":[{"name":"wp","href":"https:\/\/api.w.org\/{rel}","templated":true}]}}