{"id":48830,"date":"2026-05-01T10:21:55","date_gmt":"2026-05-01T10:21:55","guid":{"rendered":"https:\/\/continent.lv\/product\/asus-zenbook-duo-ux8406ca-intel-core-ultra-9-285h-32-gb-2-tb-14-intel-arc-graphics\/"},"modified":"2026-05-01T10:21:55","modified_gmt":"2026-05-01T10:21:55","slug":"asus-zenbook-duo-ux8406ca-intel-core-ultra-9-285h-32-gb-2-tb-14-intel-arc-graphics","status":"publish","type":"product","link":"https:\/\/continent.lv\/ru\/product\/asus-zenbook-duo-ux8406ca-intel-core-ultra-9-285h-32-gb-2-tb-14-intel-arc-graphics\/","title":{"rendered":"Asus ZenBook Duo UX8406CA, Intel\u00ae Core\u2122 Ultra 9 285H, 32 \u0413\u0411, 2 \u0422\u0411, 14 &#8220;, Intel Arc Graphics"},"content":{"rendered":"<p>Produkta veids\u00a0 \u00a0 \u00a0Portat\u012bvie datori<\/p>\n<p>Z\u012bmols\u00a0 \u00a0 \u00a0Asus<br \/>S\u0113rija\u00a0 \u00a0 \u00a0Asus ZenBook Duo<br \/>Modelis\u00a0 \u00a0 \u00a0UX8406CA<br \/>Datora tips\u00a0 \u00a0 \u00a0Ar sk\u0101rienekr\u0101nu, Biznesam, M\u0101jai\/izgl\u012bt\u012bbai<br \/>Atjaunots\u00a0 \u00a0 N\u0113<br \/>P\u0101rpakots\u00a0 \u00a0 N\u0113<br \/>Korpusa kr\u0101sa\u00a0 \u00a0 \u00a0Tum\u0161i pel\u0113ka<br \/>Svars\u00a0 \u00a0 \u00a01.65 kg<br \/>Garums\u00a0 \u00a0 \u00a0217.9 mm<br \/>Platums\u00a0 \u00a0 \u00a0313.5 mm<br \/>Augstums\u00a0 \u00a0 \u00a019.9 mm<br \/>\u042d\u043a\u0440\u0430\u043d<br \/>Ekr\u0101na izm\u0113rs pa diagon\u0101li\u00a0 \u00a0 \u00a014 \u201c<br \/>Ekr\u0101na virsmas tips\u00a0 \u00a0 Sp\u012bd\u012bgs<br \/>Ieb\u016bv\u0113ts priv\u0101tuma filtrs\u00a0 \u00a0 N\u0113<br \/>Sk\u0101rienj\u016bt\u012bgais ekr\u0101ns\u00a0 \u00a0 \u00a0J\u0101<br \/>Ekr\u0101na iz\u0161\u0137irtsp\u0113ja\u00a0 \u00a0 \u00a02880 x 1800<br \/>Ekr\u0101na frekvence\u00a0 \u00a0 \u00a0120 Hz<br \/>Ekr\u0101na tips\u00a0 \u00a0 \u00a0OLED<br \/>\u041e\u043f\u0435\u0440\u0430\u0446\u0438\u043e\u043d\u043d\u0430\u044f \u0441\u0438\u0441\u0442\u0435\u043c\u0430<br \/>Oper\u0113t\u0101jsist\u0113ma\u00a0 \u00a0 Windows 11 Home<br \/>Atbalst\u012bt\u0101s oper\u0113t\u0101jsist\u0113mas\u00a0 \u00a0 \u00a0Windows 11<br \/>\u041f\u0440\u043e\u0446\u0435\u0441\u0441\u043e\u0440<br \/>Procesora klase\u00a0 \u00a0 \u00a0Intel\u00ae Core\u2122 Ultra 9<br \/>Procesora tips\u00a0 \u00a0 Intel<br \/>Procesora modelis\u00a0 \u00a0 \u00a0Intel\u00ae Core\u2122 Ultra 9 285H<br \/>Procesora kodoli\u00a0 \u00a0 16<br \/>Procesora frekvence\u00a0 \u00a0 \u00a05.4 GHz<br \/>Ke\u0161atmi\u0146a\u00a0 \u00a0 24 MB<br \/>\u041e\u043f\u0435\u0440\u0430\u0442\u0438\u0432\u043d\u0430\u044f \u043f\u0430\u043c\u044f\u0442\u044c<br \/>Operat\u012bv\u0101s atmi\u0146as tips\u00a0 \u00a0 LPDDR5X<br \/>Operat\u012bv\u0101 atmi\u0146a (RAM)\u00a0 \u00a0 32 GB<br \/>Maksim\u0101lais operat\u012bv\u0101s atmi\u0146as daudzums (RAM)\u00a0 \u00a0 32 GB<br \/>\u0416\u0451\u0441\u0442\u043a\u0438\u0439 \u0434\u0438\u0441\u043a<br \/>Multivides tips\u00a0 \u00a0 \u00a0SSD<br \/>SSD\/eMMC diska ietilp\u012bba\u00a0 \u00a0 2 TB<br \/>Kop\u0113j\u0101 datora atmi\u0146as ietilp\u012bba\u00a0 \u00a0 \u00a02 TB<br \/>\u0412\u0438\u0434\u0435\u043e\u043a\u0430\u0440\u0442\u0430<br \/>Integr\u0113ta video karte\u00a0 \u00a0 \u00a0J\u0101<br \/>Video kartes tips\u00a0 \u00a0 \u00a0Intel<br \/>Video kar\u0161u s\u0113rija\u00a0 \u00a0 \u00a0Arc<br \/>Video kartes modelis\u00a0 \u00a0 Intel Arc Graphics<br \/>Video kartes atmi\u0146a\u00a0 \u00a0 Dynamic<br \/>VR (Virtual reality) ready\u00a0 \u00a0 N\u0113<br \/>nVidia G-Sync\u00a0 \u00a0 N\u0113<br \/>AMD FreeSync\u00a0 \u00a0 N\u0113<br \/>\u0424\u0438\u0437\u0438\u0447\u0435\u0441\u043a\u0438\u0435 \u0441\u043e\u0435\u0434\u0438\u043d\u0435\u043d\u0438\u044f \u0438 \u0443\u043f\u0440\u0430\u0432\u043b\u0435\u043d\u0438\u0435<br \/>Savienojumi\u00a0 \u00a0 1 x USB 3.2 Gen 1 Type A, 2 x Thunderbolt 4, 3.5 mm (AUX), Bluetooth 5.4, HDMI 2.1<br \/>T\u012bkla karte\u00a0 \u00a0 Wi-Fi 7 (802.11be) (Tri-band) 2*2<br \/>Sk\u0101rienjosla (\u201cTouch Bar\u201d)\u00a0 \u00a0 \u00a0N\u0113<br \/>Bluetooth interfeiss\u00a0 \u00a0 \u00a0J\u0101<br \/>\u0412\u0441\u0442\u0440\u043e\u0435\u043d\u043d\u044b\u0435 \u0434\u043e\u043f\u043e\u043b\u043d\u0438\u0442\u0435\u043b\u044c\u043d\u044b\u0435 \u0443\u0441\u0442\u0440\u043e\u0439\u0441\u0442\u0432\u0430<br \/>Diskdzinis\u00a0 \u00a0 N\u0113<br \/>Ska\u0146as kartes modelis\u00a0 \u00a0 Built-In<br \/>Ar video kameru\u00a0 \u00a0 J\u0101<br \/>Ieb\u016bv\u0113ts mikrofons\u00a0 \u00a0 J\u0101<br \/>Ieb\u016bv\u0113ts kar\u0161u las\u012bt\u0101js\u00a0 \u00a0 N\u0113<br \/>Ska\u0146as sist\u0113ma\u00a0 \u00a0 \u00a0Stereo<br \/>\u041a\u043b\u0430\u0432\u0438\u0430\u0442\u0443\u0440\u0430 \u0438 \u043a\u043e\u0440\u043f\u0443\u0441<br \/>Korpusa materi\u0101ls\u00a0 \u00a0 \u00a0Alum\u012bnijs<br \/>Tastat\u016bras valoda\u00a0 \u00a0 \u00a0Ang\u013cu<br \/>Tastat\u016bras apgaismojums\u00a0 \u00a0 \u00a0J\u0101<br \/>Atsevi\u0161\u0137s ciparu bloks\u00a0 \u00a0 N\u0113<br \/>Meh\u0101niskie tausti\u0146i\u00a0 \u00a0 N\u0113<br \/>Mitrumdro\u0161a klaviat\u016bra\u00a0 \u00a0 \u00a0N\u0113<br \/>\u0411\u0430\u0442\u0430\u0440\u0435\u044f \u0438 \u0431\u0435\u0437\u043e\u043f\u0430\u0441\u043d\u043e\u0441\u0442\u044c<br \/>Akumulatora tehnolo\u0123ija\u00a0 \u00a0 Li-Ion<br \/>Akumulatora jauda (Wh)\u00a0 \u00a0 \u00a075<br \/>Integr\u0113ts akumulators\u00a0 \u00a0 \u00a0J\u0101<br \/>Dro\u0161\u012bbas sist\u0113ma\u00a0 \u00a0 \u00a0TPM<br \/>Pirkstu nospiedumu las\u012bt\u0101js\u00a0 \u00a0 \u00a0N\u0113<br \/>\u0414\u043e\u043f\u043e\u043b\u043d\u0438\u0442\u0435\u043b\u044c\u043d\u043e<br \/>4G savienojums\u00a0 \u00a0 \u00a0N\u0113<br \/>Izcelsmes valsts\u00a0 \u00a0 \u00a0\u0136\u012bna\u00a0<\/p><\/p>","protected":false},"excerpt":{"rendered":"<p>Produkta veids\u00a0 \u00a0 \u00a0Portat\u012bvie datori Z\u012bmols\u00a0 \u00a0 \u00a0AsusS\u0113rija\u00a0 \u00a0 \u00a0Asus ZenBook DuoModelis\u00a0 \u00a0 \u00a0UX8406CADatora tips\u00a0 \u00a0 \u00a0Ar sk\u0101rienekr\u0101nu, Biznesam, M\u0101jai\/izgl\u012bt\u012bbaiAtjaunots\u00a0 \u00a0 N\u0113P\u0101rpakots\u00a0 \u00a0 N\u0113Korpusa kr\u0101sa\u00a0 \u00a0 \u00a0Tum\u0161i pel\u0113kaSvars\u00a0 \u00a0 \u00a01.65 kgGarums\u00a0 \u00a0 \u00a0217.9 mmPlatums\u00a0 \u00a0 \u00a0313.5 mmAugstums\u00a0 \u00a0 \u00a019.9 mmEkr\u0101nsEkr\u0101na izm\u0113rs pa diagon\u0101li\u00a0 \u00a0 \u00a014 \u201cEkr\u0101na virsmas tips\u00a0 \u00a0 Sp\u012bd\u012bgsIeb\u016bv\u0113ts priv\u0101tuma filtrs\u00a0 \u00a0 N\u0113Sk\u0101rienj\u016bt\u012bgais ekr\u0101ns\u00a0 [&hellip;]<\/p>\n","protected":false},"featured_media":48813,"comment_status":"open","ping_status":"closed","template":"","meta":{"_joinchat":[]},"product_brand":[62],"product_cat":[345],"product_tag":[],"class_list":{"0":"post-48830","1":"product","2":"type-product","3":"status-publish","4":"has-post-thumbnail","6":"product_brand-asus","7":"product_cat-datortehnika-preces-birojam-portativie-datori-un-citas-preces","9":"first","10":"instock","11":"shipping-taxable","12":"purchasable","13":"product-type-simple"},"yoast_head":"<!-- This site is optimized with the Yoast SEO plugin v27.5 - https:\/\/yoast.com\/product\/yoast-seo-wordpress\/ -->\n<title>Asus ZenBook Duo UX8406CA, Intel\u00ae Core\u2122 Ultra 9 285H, 32 GB, 2 TB, 14 &quot;, Intel Arc Graphics - Continent.lv<\/title>\n<meta name=\"robots\" content=\"index, follow, max-snippet:-1, max-image-preview:large, max-video-preview:-1\" \/>\n<link rel=\"canonical\" href=\"https:\/\/continent.lv\/ru\/product\/asus-zenbook-duo-ux8406ca-intel-core-ultra-9-285h-32-gb-2-tb-14-intel-arc-graphics\/\" \/>\n<meta property=\"og:locale\" content=\"ru_RU\" \/>\n<meta property=\"og:type\" content=\"article\" \/>\n<meta property=\"og:title\" content=\"Asus ZenBook Duo UX8406CA, Intel\u00ae Core\u2122 Ultra 9 285H, 32 GB, 2 TB, 14 &quot;, Intel Arc Graphics - Continent.lv\" \/>\n<meta property=\"og:description\" content=\"Produkta veids\u00a0 \u00a0 \u00a0Portat\u012bvie datori Z\u012bmols\u00a0 \u00a0 \u00a0AsusS\u0113rija\u00a0 \u00a0 \u00a0Asus ZenBook DuoModelis\u00a0 \u00a0 \u00a0UX8406CADatora tips\u00a0 \u00a0 \u00a0Ar sk\u0101rienekr\u0101nu, Biznesam, M\u0101jai\/izgl\u012bt\u012bbaiAtjaunots\u00a0 \u00a0 N\u0113P\u0101rpakots\u00a0 \u00a0 N\u0113Korpusa kr\u0101sa\u00a0 \u00a0 \u00a0Tum\u0161i pel\u0113kaSvars\u00a0 \u00a0 \u00a01.65 kgGarums\u00a0 \u00a0 \u00a0217.9 mmPlatums\u00a0 \u00a0 \u00a0313.5 mmAugstums\u00a0 \u00a0 \u00a019.9 mmEkr\u0101nsEkr\u0101na izm\u0113rs pa diagon\u0101li\u00a0 \u00a0 \u00a014 \u201cEkr\u0101na virsmas tips\u00a0 \u00a0 Sp\u012bd\u012bgsIeb\u016bv\u0113ts priv\u0101tuma filtrs\u00a0 \u00a0 N\u0113Sk\u0101rienj\u016bt\u012bgais ekr\u0101ns\u00a0 [&hellip;]\" \/>\n<meta property=\"og:url\" content=\"https:\/\/continent.lv\/ru\/product\/asus-zenbook-duo-ux8406ca-intel-core-ultra-9-285h-32-gb-2-tb-14-intel-arc-graphics\/\" \/>\n<meta property=\"og:site_name\" content=\"Continent.lv\" \/>\n<meta property=\"og:image\" content=\"https:\/\/continent.lv\/wp-content\/uploads\/2026\/05\/21_wb6o-au.jpeg\" \/>\n\t<meta property=\"og:image:width\" content=\"2000\" \/>\n\t<meta property=\"og:image:height\" content=\"2247\" \/>\n\t<meta property=\"og:image:type\" content=\"image\/jpeg\" \/>\n<meta name=\"twitter:card\" content=\"summary_large_image\" \/>\n<meta name=\"twitter:label1\" content=\"\u041f\u0440\u0438\u043c\u0435\u0440\u043d\u043e\u0435 \u0432\u0440\u0435\u043c\u044f \u0434\u043b\u044f \u0447\u0442\u0435\u043d\u0438\u044f\" \/>\n\t<meta name=\"twitter:data1\" content=\"2 \u043c\u0438\u043d\u0443\u0442\u044b\" \/>\n<script type=\"application\/ld+json\" class=\"yoast-schema-graph\">{\"@context\":\"https:\\\/\\\/schema.org\",\"@graph\":[{\"@type\":\"WebPage\",\"@id\":\"https:\\\/\\\/continent.lv\\\/product\\\/asus-zenbook-duo-ux8406ca-intel-core-ultra-9-285h-32-gb-2-tb-14-intel-arc-graphics\\\/\",\"url\":\"https:\\\/\\\/continent.lv\\\/product\\\/asus-zenbook-duo-ux8406ca-intel-core-ultra-9-285h-32-gb-2-tb-14-intel-arc-graphics\\\/\",\"name\":\"Asus ZenBook Duo UX8406CA, Intel\u00ae Core\u2122 Ultra 9 285H, 32 GB, 2 TB, 14 \\\", Intel Arc Graphics - Continent.lv\",\"isPartOf\":{\"@id\":\"https:\\\/\\\/continent.lv\\\/#website\"},\"primaryImageOfPage\":{\"@id\":\"https:\\\/\\\/continent.lv\\\/product\\\/asus-zenbook-duo-ux8406ca-intel-core-ultra-9-285h-32-gb-2-tb-14-intel-arc-graphics\\\/#primaryimage\"},\"image\":{\"@id\":\"https:\\\/\\\/continent.lv\\\/product\\\/asus-zenbook-duo-ux8406ca-intel-core-ultra-9-285h-32-gb-2-tb-14-intel-arc-graphics\\\/#primaryimage\"},\"thumbnailUrl\":\"https:\\\/\\\/continent.lv\\\/wp-content\\\/uploads\\\/2026\\\/05\\\/21_wb6o-au.jpeg\",\"datePublished\":\"2026-05-01T10:21:55+00:00\",\"breadcrumb\":{\"@id\":\"https:\\\/\\\/continent.lv\\\/product\\\/asus-zenbook-duo-ux8406ca-intel-core-ultra-9-285h-32-gb-2-tb-14-intel-arc-graphics\\\/#breadcrumb\"},\"inLanguage\":\"ru-RU\",\"potentialAction\":[{\"@type\":\"ReadAction\",\"target\":[\"https:\\\/\\\/continent.lv\\\/product\\\/asus-zenbook-duo-ux8406ca-intel-core-ultra-9-285h-32-gb-2-tb-14-intel-arc-graphics\\\/\"]}]},{\"@type\":\"ImageObject\",\"inLanguage\":\"ru-RU\",\"@id\":\"https:\\\/\\\/continent.lv\\\/product\\\/asus-zenbook-duo-ux8406ca-intel-core-ultra-9-285h-32-gb-2-tb-14-intel-arc-graphics\\\/#primaryimage\",\"url\":\"https:\\\/\\\/continent.lv\\\/wp-content\\\/uploads\\\/2026\\\/05\\\/21_wb6o-au.jpeg\",\"contentUrl\":\"https:\\\/\\\/continent.lv\\\/wp-content\\\/uploads\\\/2026\\\/05\\\/21_wb6o-au.jpeg\",\"width\":2000,\"height\":2247},{\"@type\":\"BreadcrumbList\",\"@id\":\"https:\\\/\\\/continent.lv\\\/product\\\/asus-zenbook-duo-ux8406ca-intel-core-ultra-9-285h-32-gb-2-tb-14-intel-arc-graphics\\\/#breadcrumb\",\"itemListElement\":[{\"@type\":\"ListItem\",\"position\":1,\"name\":\"Home\",\"item\":\"https:\\\/\\\/continent.lv\\\/\"},{\"@type\":\"ListItem\",\"position\":2,\"name\":\"Veikals\",\"item\":\"https:\\\/\\\/continent.lv\\\/shop\\\/\"},{\"@type\":\"ListItem\",\"position\":3,\"name\":\"Asus ZenBook Duo UX8406CA, Intel\u00ae Core\u2122 Ultra 9 285H, 32 GB, 2 TB, 14 &#8220;, Intel Arc Graphics\"}]},{\"@type\":\"WebSite\",\"@id\":\"https:\\\/\\\/continent.lv\\\/#website\",\"url\":\"https:\\\/\\\/continent.lv\\\/\",\"name\":\"Continent.lv\",\"description\":\"Sadz\u012bves pre\u010du internetveikals\",\"publisher\":{\"@id\":\"https:\\\/\\\/continent.lv\\\/#organization\"},\"potentialAction\":[{\"@type\":\"SearchAction\",\"target\":{\"@type\":\"EntryPoint\",\"urlTemplate\":\"https:\\\/\\\/continent.lv\\\/?s={search_term_string}\"},\"query-input\":{\"@type\":\"PropertyValueSpecification\",\"valueRequired\":true,\"valueName\":\"search_term_string\"}}],\"inLanguage\":\"ru-RU\"},{\"@type\":\"Organization\",\"@id\":\"https:\\\/\\\/continent.lv\\\/#organization\",\"name\":\"Continent.lv\",\"url\":\"https:\\\/\\\/continent.lv\\\/\",\"logo\":{\"@type\":\"ImageObject\",\"inLanguage\":\"ru-RU\",\"@id\":\"https:\\\/\\\/continent.lv\\\/#\\\/schema\\\/logo\\\/image\\\/\",\"url\":\"https:\\\/\\\/continent.lv\\\/wp-content\\\/uploads\\\/2026\\\/05\\\/logo_continent_5nwv-jh.jpg\",\"contentUrl\":\"https:\\\/\\\/continent.lv\\\/wp-content\\\/uploads\\\/2026\\\/05\\\/logo_continent_5nwv-jh.jpg\",\"width\":221,\"height\":50,\"caption\":\"Continent.lv\"},\"image\":{\"@id\":\"https:\\\/\\\/continent.lv\\\/#\\\/schema\\\/logo\\\/image\\\/\"}}]}<\/script>\n<!-- \/ Yoast SEO plugin. -->","yoast_head_json":{"title":"Asus ZenBook Duo UX8406CA, Intel\u00ae Core\u2122 Ultra 9 285H, 32 GB, 2 TB, 14 \", Intel Arc Graphics - Continent.lv","robots":{"index":"index","follow":"follow","max-snippet":"max-snippet:-1","max-image-preview":"max-image-preview:large","max-video-preview":"max-video-preview:-1"},"canonical":"https:\/\/continent.lv\/ru\/product\/asus-zenbook-duo-ux8406ca-intel-core-ultra-9-285h-32-gb-2-tb-14-intel-arc-graphics\/","og_locale":"ru_RU","og_type":"article","og_title":"Asus ZenBook Duo UX8406CA, Intel\u00ae Core\u2122 Ultra 9 285H, 32 GB, 2 TB, 14 \", Intel Arc Graphics - Continent.lv","og_description":"Produkta veids\u00a0 \u00a0 \u00a0Portat\u012bvie datori Z\u012bmols\u00a0 \u00a0 \u00a0AsusS\u0113rija\u00a0 \u00a0 \u00a0Asus ZenBook DuoModelis\u00a0 \u00a0 \u00a0UX8406CADatora tips\u00a0 \u00a0 \u00a0Ar sk\u0101rienekr\u0101nu, Biznesam, M\u0101jai\/izgl\u012bt\u012bbaiAtjaunots\u00a0 \u00a0 N\u0113P\u0101rpakots\u00a0 \u00a0 N\u0113Korpusa kr\u0101sa\u00a0 \u00a0 \u00a0Tum\u0161i pel\u0113kaSvars\u00a0 \u00a0 \u00a01.65 kgGarums\u00a0 \u00a0 \u00a0217.9 mmPlatums\u00a0 \u00a0 \u00a0313.5 mmAugstums\u00a0 \u00a0 \u00a019.9 mmEkr\u0101nsEkr\u0101na izm\u0113rs pa diagon\u0101li\u00a0 \u00a0 \u00a014 \u201cEkr\u0101na virsmas tips\u00a0 \u00a0 Sp\u012bd\u012bgsIeb\u016bv\u0113ts priv\u0101tuma filtrs\u00a0 \u00a0 N\u0113Sk\u0101rienj\u016bt\u012bgais ekr\u0101ns\u00a0 [&hellip;]","og_url":"https:\/\/continent.lv\/ru\/product\/asus-zenbook-duo-ux8406ca-intel-core-ultra-9-285h-32-gb-2-tb-14-intel-arc-graphics\/","og_site_name":"Continent.lv","og_image":[{"width":2000,"height":2247,"url":"https:\/\/continent.lv\/wp-content\/uploads\/2026\/05\/21_wb6o-au.jpeg","type":"image\/jpeg"}],"twitter_card":"summary_large_image","twitter_misc":{"\u041f\u0440\u0438\u043c\u0435\u0440\u043d\u043e\u0435 \u0432\u0440\u0435\u043c\u044f \u0434\u043b\u044f \u0447\u0442\u0435\u043d\u0438\u044f":"2 \u043c\u0438\u043d\u0443\u0442\u044b"},"schema":{"@context":"https:\/\/schema.org","@graph":[{"@type":"WebPage","@id":"https:\/\/continent.lv\/product\/asus-zenbook-duo-ux8406ca-intel-core-ultra-9-285h-32-gb-2-tb-14-intel-arc-graphics\/","url":"https:\/\/continent.lv\/product\/asus-zenbook-duo-ux8406ca-intel-core-ultra-9-285h-32-gb-2-tb-14-intel-arc-graphics\/","name":"Asus ZenBook Duo UX8406CA, Intel\u00ae Core\u2122 Ultra 9 285H, 32 GB, 2 TB, 14 \", Intel Arc Graphics - Continent.lv","isPartOf":{"@id":"https:\/\/continent.lv\/#website"},"primaryImageOfPage":{"@id":"https:\/\/continent.lv\/product\/asus-zenbook-duo-ux8406ca-intel-core-ultra-9-285h-32-gb-2-tb-14-intel-arc-graphics\/#primaryimage"},"image":{"@id":"https:\/\/continent.lv\/product\/asus-zenbook-duo-ux8406ca-intel-core-ultra-9-285h-32-gb-2-tb-14-intel-arc-graphics\/#primaryimage"},"thumbnailUrl":"https:\/\/continent.lv\/wp-content\/uploads\/2026\/05\/21_wb6o-au.jpeg","datePublished":"2026-05-01T10:21:55+00:00","breadcrumb":{"@id":"https:\/\/continent.lv\/product\/asus-zenbook-duo-ux8406ca-intel-core-ultra-9-285h-32-gb-2-tb-14-intel-arc-graphics\/#breadcrumb"},"inLanguage":"ru-RU","potentialAction":[{"@type":"ReadAction","target":["https:\/\/continent.lv\/product\/asus-zenbook-duo-ux8406ca-intel-core-ultra-9-285h-32-gb-2-tb-14-intel-arc-graphics\/"]}]},{"@type":"ImageObject","inLanguage":"ru-RU","@id":"https:\/\/continent.lv\/product\/asus-zenbook-duo-ux8406ca-intel-core-ultra-9-285h-32-gb-2-tb-14-intel-arc-graphics\/#primaryimage","url":"https:\/\/continent.lv\/wp-content\/uploads\/2026\/05\/21_wb6o-au.jpeg","contentUrl":"https:\/\/continent.lv\/wp-content\/uploads\/2026\/05\/21_wb6o-au.jpeg","width":2000,"height":2247},{"@type":"BreadcrumbList","@id":"https:\/\/continent.lv\/product\/asus-zenbook-duo-ux8406ca-intel-core-ultra-9-285h-32-gb-2-tb-14-intel-arc-graphics\/#breadcrumb","itemListElement":[{"@type":"ListItem","position":1,"name":"Home","item":"https:\/\/continent.lv\/"},{"@type":"ListItem","position":2,"name":"Veikals","item":"https:\/\/continent.lv\/shop\/"},{"@type":"ListItem","position":3,"name":"Asus ZenBook Duo UX8406CA, Intel\u00ae Core\u2122 Ultra 9 285H, 32 GB, 2 TB, 14 &#8220;, Intel Arc Graphics"}]},{"@type":"WebSite","@id":"https:\/\/continent.lv\/#website","url":"https:\/\/continent.lv\/","name":"Continent.lv","description":"Sadz\u012bves pre\u010du internetveikals","publisher":{"@id":"https:\/\/continent.lv\/#organization"},"potentialAction":[{"@type":"SearchAction","target":{"@type":"EntryPoint","urlTemplate":"https:\/\/continent.lv\/?s={search_term_string}"},"query-input":{"@type":"PropertyValueSpecification","valueRequired":true,"valueName":"search_term_string"}}],"inLanguage":"ru-RU"},{"@type":"Organization","@id":"https:\/\/continent.lv\/#organization","name":"Continent.lv","url":"https:\/\/continent.lv\/","logo":{"@type":"ImageObject","inLanguage":"ru-RU","@id":"https:\/\/continent.lv\/#\/schema\/logo\/image\/","url":"https:\/\/continent.lv\/wp-content\/uploads\/2026\/05\/logo_continent_5nwv-jh.jpg","contentUrl":"https:\/\/continent.lv\/wp-content\/uploads\/2026\/05\/logo_continent_5nwv-jh.jpg","width":221,"height":50,"caption":"Continent.lv"},"image":{"@id":"https:\/\/continent.lv\/#\/schema\/logo\/image\/"}}]}},"_links":{"self":[{"href":"https:\/\/continent.lv\/ru\/wp-json\/wp\/v2\/product\/48830","targetHints":{"allow":["GET"]}}],"collection":[{"href":"https:\/\/continent.lv\/ru\/wp-json\/wp\/v2\/product"}],"about":[{"href":"https:\/\/continent.lv\/ru\/wp-json\/wp\/v2\/types\/product"}],"replies":[{"embeddable":true,"href":"https:\/\/continent.lv\/ru\/wp-json\/wp\/v2\/comments?post=48830"}],"wp:featuredmedia":[{"embeddable":true,"href":"https:\/\/continent.lv\/ru\/wp-json\/wp\/v2\/media\/48813"}],"wp:attachment":[{"href":"https:\/\/continent.lv\/ru\/wp-json\/wp\/v2\/media?parent=48830"}],"wp:term":[{"taxonomy":"product_brand","embeddable":true,"href":"https:\/\/continent.lv\/ru\/wp-json\/wp\/v2\/product_brand?post=48830"},{"taxonomy":"product_cat","embeddable":true,"href":"https:\/\/continent.lv\/ru\/wp-json\/wp\/v2\/product_cat?post=48830"},{"taxonomy":"product_tag","embeddable":true,"href":"https:\/\/continent.lv\/ru\/wp-json\/wp\/v2\/product_tag?post=48830"}],"curies":[{"name":"wp","href":"https:\/\/api.w.org\/{rel}","templated":true}]}}