{"id":48496,"date":"2026-05-01T10:06:57","date_gmt":"2026-05-01T10:06:57","guid":{"rendered":"https:\/\/continent.lv\/product\/xiaomi-a-pro-2026-ela5990eu\/"},"modified":"2026-05-01T10:06:57","modified_gmt":"2026-05-01T10:06:57","slug":"xiaomi-a-pro-2026-ela5990eu","status":"publish","type":"product","link":"https:\/\/continent.lv\/ru\/product\/xiaomi-a-pro-2026-ela5990eu\/","title":{"rendered":"Xiaomi A Pro 2026 ELA5990EU"},"content":{"rendered":"<p>Produkta veids\u00a0 \u00a0 \u00a0Televizori<\/p>\n<p>Ekr\u0101na izm\u0113rs pa diagon\u0101li\u00a0 \u00a0 \u00a065 \u201c<br \/>TV diagon\u0101le\u00a0 \u00a0 \u00a066-75\u2033<br \/>Z\u012bmols\u00a0 \u00a0 \u00a0Xiaomi<br \/>S\u0113rija\u00a0 \u00a0 \u00a0A Pro 2026<br \/>Modelis\u00a0 \u00a0 \u00a0ELA5990EU<br \/>Energoefektivit\u0101tes klase\u00a0 \u00a0 F<br \/>Energoefektivit\u0101tes kla\u0161u skala\u00a0 \u00a0 \u00a0A \u2013 G<br \/>Jauda\u00a0 \u00a0 \u00a0100 W<br \/>Gada ener\u0123ijas pat\u0113ri\u0146\u0161\u00a0 \u00a0 100 kWh<br \/>Kr\u0101sa\u00a0 \u00a0 \u00a0Melna<br \/>Procesora modelis\u00a0 \u00a0 Quad A55<br \/>Gatav\u012bbas re\u017e\u012bma elektropat\u0113ri\u0146\u0161\u00a0 \u00a0 \u00a00.5 W<br \/>Ener\u0123ijas pat\u0113ri\u0146\u0161, kWh\/1000 h\u00a0 \u00a0 \u00a0100<br \/>\u042d\u043a\u0440\u0430\u043d<br \/>Ekr\u0101na iz\u0161\u0137irtsp\u0113ja\u00a0 \u00a0 4K (3840 x 2160)<br \/>Ekr\u0101na tips\u00a0 \u00a0 \u00a0UHD\/QNED\/QLED<br \/>Ekr\u0101na iz\u0161\u0137irtsp\u0113jas veids\u00a0 \u00a0 \u00a04K QLED<br \/>Oper\u0113t\u0101jsist\u0113ma\u00a0 \u00a0 \u00a0Google (Android) TV<br \/>Ekr\u0101na frekvence\u00a0 \u00a0 60 Hz<br \/>Ekr\u0101na forma\u00a0 \u00a0 \u00a0Plakana<br \/>3D funkcija\u00a0 \u00a0 N\u0113<br \/>Apgaismojums\u00a0 \u00a0 J\u0101<br \/>\u0421\u043c\u0430\u0440\u0442 \u0422\u0412 \u0438 \u0438\u043d\u0442\u0435\u0440\u043d\u0435\u0442<br \/>\u201cSmart TV\u201d\u00a0 \u00a0 J\u0101<br \/>\u0423\u043f\u0440\u0430\u0432\u043b\u0435\u043d\u0438\u0435 \u0438 \u0430\u0443\u0434\u0438\u043e<br \/>Ska\u0146as jauda\u00a0 \u00a0 20 W<br \/>Ska\u0146as sist\u0113ma\u00a0 \u00a0 DTS Virtual:X, DTS-X, Dolby Audio<br \/>\u0411\u0435\u0441\u043f\u0440\u043e\u0432\u043e\u0434\u043d\u044b\u0435 \u0438 \u0444\u0438\u0437\u0438\u0447\u0435\u0441\u043a\u0438\u0435 \u043f\u043e\u0434\u043a\u043b\u044e\u0447\u0435\u043d\u0438\u044f<br \/>USB 2.0 savienot\u0101ju skaits\u00a0 \u00a0 1<br \/>HDMI piesl\u0113gvietu skaits\u00a0 \u00a0 3<br \/>S\/PDIF savienot\u0101js\u00a0 \u00a0 \u00a0J\u0101<br \/>3.5mm austi\u0146u kontakts\u00a0 \u00a0 \u00a0N\u0113<br \/>WiFi savienojums\u00a0 \u00a0 J\u0101<br \/>WiFi tie\u0161\u0101 saskarne\u00a0 \u00a0 J\u0101<br \/>Ethernet LAN (RJ-45) kontakts\u00a0 \u00a0 \u00a0J\u0101<br \/>WiDi saskarne\u00a0 \u00a0 J\u0101<br \/>Optisk\u0101 audio savienot\u0101js\u00a0 \u00a0 \u00a0J\u0101<br \/>Bluetooth interfeiss\u00a0 \u00a0 \u00a0J\u0101<br \/>DLNA\u00a0 \u00a0 N\u0113<br \/>NFC\u00a0 \u00a0 N\u0113<br \/>\u0420\u0430\u0437\u043c\u0435\u0440\u044b \u0438 \u0432\u0435\u0441<br \/>Platums\u00a0 \u00a0 \u00a0144.5 cm<br \/>Dzi\u013cums\u00a0 \u00a0 \u00a07.5 cm<br \/>Augstums\u00a0 \u00a0 \u00a083.3 cm<br \/>Svars bez stat\u012bva\u00a0 \u00a0 \u00a012.7 kg<br \/>Dzi\u013cums ar stat\u012bvu\u00a0 \u00a0 \u00a039.1 cm<br \/>Augstums ar stat\u012bvu\u00a0 \u00a0 \u00a090 cm<br \/>Svars\u00a0 \u00a0 \u00a013 kg<br \/>VESA standarts\u00a0 \u00a0 \u00a0300 x 300<br \/>Iek\u0161\u0113j\u0101 atmi\u0146a, GB\u00a0 \u00a0 \u00a08<br \/>Ciparu uztv\u0113r\u0113ja tips\u00a0 \u00a0 DVB-S2, DVB-T2<br \/>Izcelsmes valsts\u00a0 \u00a0 \u00a0\u0136\u012bna\u00a0<\/p><\/p>","protected":false},"excerpt":{"rendered":"<p>Produkta veids\u00a0 \u00a0 \u00a0Televizori Ekr\u0101na izm\u0113rs pa diagon\u0101li\u00a0 \u00a0 \u00a065 \u201cTV diagon\u0101le\u00a0 \u00a0 \u00a066-75\u2033Z\u012bmols\u00a0 \u00a0 \u00a0XiaomiS\u0113rija\u00a0 \u00a0 \u00a0A Pro 2026Modelis\u00a0 \u00a0 \u00a0ELA5990EUEnergoefektivit\u0101tes klase\u00a0 \u00a0 FEnergoefektivit\u0101tes kla\u0161u skala\u00a0 \u00a0 \u00a0A \u2013 GJauda\u00a0 \u00a0 \u00a0100 WGada ener\u0123ijas pat\u0113ri\u0146\u0161\u00a0 \u00a0 100 kWhKr\u0101sa\u00a0 \u00a0 \u00a0MelnaProcesora modelis\u00a0 \u00a0 Quad A55Gatav\u012bbas re\u017e\u012bma elektropat\u0113ri\u0146\u0161\u00a0 \u00a0 \u00a00.5 WEner\u0123ijas pat\u0113ri\u0146\u0161, kWh\/1000 h\u00a0 \u00a0 \u00a0100Ekr\u0101nsEkr\u0101na [&hellip;]<\/p>\n","protected":false},"featured_media":48491,"comment_status":"open","ping_status":"closed","template":"","meta":{"_joinchat":[]},"product_brand":[329],"product_cat":[294],"product_tag":[],"class_list":{"0":"post-48496","1":"product","2":"type-product","3":"status-publish","4":"has-post-thumbnail","6":"product_brand-xiaomi","7":"product_cat-tv-foto-video-audio-televizori-un-aksesuari-led-televizori","9":"first","10":"instock","11":"shipping-taxable","12":"purchasable","13":"product-type-simple"},"yoast_head":"<!-- This site is optimized with the Yoast SEO plugin v27.5 - https:\/\/yoast.com\/product\/yoast-seo-wordpress\/ -->\n<title>Xiaomi A Pro 2026 ELA5990EU - Continent.lv<\/title>\n<meta name=\"robots\" content=\"index, follow, max-snippet:-1, max-image-preview:large, max-video-preview:-1\" \/>\n<link rel=\"canonical\" href=\"https:\/\/continent.lv\/ru\/product\/xiaomi-a-pro-2026-ela5990eu\/\" \/>\n<meta property=\"og:locale\" content=\"ru_RU\" \/>\n<meta property=\"og:type\" content=\"article\" \/>\n<meta property=\"og:title\" content=\"Xiaomi A Pro 2026 ELA5990EU - Continent.lv\" \/>\n<meta property=\"og:description\" content=\"Produkta veids\u00a0 \u00a0 \u00a0Televizori Ekr\u0101na izm\u0113rs pa diagon\u0101li\u00a0 \u00a0 \u00a065 \u201cTV diagon\u0101le\u00a0 \u00a0 \u00a066-75\u2033Z\u012bmols\u00a0 \u00a0 \u00a0XiaomiS\u0113rija\u00a0 \u00a0 \u00a0A Pro 2026Modelis\u00a0 \u00a0 \u00a0ELA5990EUEnergoefektivit\u0101tes klase\u00a0 \u00a0 FEnergoefektivit\u0101tes kla\u0161u skala\u00a0 \u00a0 \u00a0A \u2013 GJauda\u00a0 \u00a0 \u00a0100 WGada ener\u0123ijas pat\u0113ri\u0146\u0161\u00a0 \u00a0 100 kWhKr\u0101sa\u00a0 \u00a0 \u00a0MelnaProcesora modelis\u00a0 \u00a0 Quad A55Gatav\u012bbas re\u017e\u012bma elektropat\u0113ri\u0146\u0161\u00a0 \u00a0 \u00a00.5 WEner\u0123ijas pat\u0113ri\u0146\u0161, kWh\/1000 h\u00a0 \u00a0 \u00a0100Ekr\u0101nsEkr\u0101na [&hellip;]\" \/>\n<meta property=\"og:url\" content=\"https:\/\/continent.lv\/ru\/product\/xiaomi-a-pro-2026-ela5990eu\/\" \/>\n<meta property=\"og:site_name\" content=\"Continent.lv\" \/>\n<meta property=\"og:image\" content=\"https:\/\/continent.lv\/wp-content\/uploads\/2026\/05\/21_n2sh-5r.jpeg\" \/>\n\t<meta property=\"og:image:width\" content=\"2000\" \/>\n\t<meta property=\"og:image:height\" content=\"1291\" \/>\n\t<meta property=\"og:image:type\" content=\"image\/jpeg\" \/>\n<meta name=\"twitter:card\" content=\"summary_large_image\" \/>\n<meta name=\"twitter:label1\" content=\"\u041f\u0440\u0438\u043c\u0435\u0440\u043d\u043e\u0435 \u0432\u0440\u0435\u043c\u044f \u0434\u043b\u044f \u0447\u0442\u0435\u043d\u0438\u044f\" \/>\n\t<meta name=\"twitter:data1\" content=\"2 \u043c\u0438\u043d\u0443\u0442\u044b\" \/>\n<script type=\"application\/ld+json\" class=\"yoast-schema-graph\">{\"@context\":\"https:\\\/\\\/schema.org\",\"@graph\":[{\"@type\":\"WebPage\",\"@id\":\"https:\\\/\\\/continent.lv\\\/product\\\/xiaomi-a-pro-2026-ela5990eu\\\/\",\"url\":\"https:\\\/\\\/continent.lv\\\/product\\\/xiaomi-a-pro-2026-ela5990eu\\\/\",\"name\":\"Xiaomi A Pro 2026 ELA5990EU - Continent.lv\",\"isPartOf\":{\"@id\":\"https:\\\/\\\/continent.lv\\\/#website\"},\"primaryImageOfPage\":{\"@id\":\"https:\\\/\\\/continent.lv\\\/product\\\/xiaomi-a-pro-2026-ela5990eu\\\/#primaryimage\"},\"image\":{\"@id\":\"https:\\\/\\\/continent.lv\\\/product\\\/xiaomi-a-pro-2026-ela5990eu\\\/#primaryimage\"},\"thumbnailUrl\":\"https:\\\/\\\/continent.lv\\\/wp-content\\\/uploads\\\/2026\\\/05\\\/21_n2sh-5r.jpeg\",\"datePublished\":\"2026-05-01T10:06:57+00:00\",\"breadcrumb\":{\"@id\":\"https:\\\/\\\/continent.lv\\\/product\\\/xiaomi-a-pro-2026-ela5990eu\\\/#breadcrumb\"},\"inLanguage\":\"ru-RU\",\"potentialAction\":[{\"@type\":\"ReadAction\",\"target\":[\"https:\\\/\\\/continent.lv\\\/product\\\/xiaomi-a-pro-2026-ela5990eu\\\/\"]}]},{\"@type\":\"ImageObject\",\"inLanguage\":\"ru-RU\",\"@id\":\"https:\\\/\\\/continent.lv\\\/product\\\/xiaomi-a-pro-2026-ela5990eu\\\/#primaryimage\",\"url\":\"https:\\\/\\\/continent.lv\\\/wp-content\\\/uploads\\\/2026\\\/05\\\/21_n2sh-5r.jpeg\",\"contentUrl\":\"https:\\\/\\\/continent.lv\\\/wp-content\\\/uploads\\\/2026\\\/05\\\/21_n2sh-5r.jpeg\",\"width\":2000,\"height\":1291},{\"@type\":\"BreadcrumbList\",\"@id\":\"https:\\\/\\\/continent.lv\\\/product\\\/xiaomi-a-pro-2026-ela5990eu\\\/#breadcrumb\",\"itemListElement\":[{\"@type\":\"ListItem\",\"position\":1,\"name\":\"Home\",\"item\":\"https:\\\/\\\/continent.lv\\\/\"},{\"@type\":\"ListItem\",\"position\":2,\"name\":\"Veikals\",\"item\":\"https:\\\/\\\/continent.lv\\\/shop\\\/\"},{\"@type\":\"ListItem\",\"position\":3,\"name\":\"Xiaomi A Pro 2026 ELA5990EU\"}]},{\"@type\":\"WebSite\",\"@id\":\"https:\\\/\\\/continent.lv\\\/#website\",\"url\":\"https:\\\/\\\/continent.lv\\\/\",\"name\":\"Continent.lv\",\"description\":\"Sadz\u012bves pre\u010du internetveikals\",\"publisher\":{\"@id\":\"https:\\\/\\\/continent.lv\\\/#organization\"},\"potentialAction\":[{\"@type\":\"SearchAction\",\"target\":{\"@type\":\"EntryPoint\",\"urlTemplate\":\"https:\\\/\\\/continent.lv\\\/?s={search_term_string}\"},\"query-input\":{\"@type\":\"PropertyValueSpecification\",\"valueRequired\":true,\"valueName\":\"search_term_string\"}}],\"inLanguage\":\"ru-RU\"},{\"@type\":\"Organization\",\"@id\":\"https:\\\/\\\/continent.lv\\\/#organization\",\"name\":\"Continent.lv\",\"url\":\"https:\\\/\\\/continent.lv\\\/\",\"logo\":{\"@type\":\"ImageObject\",\"inLanguage\":\"ru-RU\",\"@id\":\"https:\\\/\\\/continent.lv\\\/#\\\/schema\\\/logo\\\/image\\\/\",\"url\":\"https:\\\/\\\/continent.lv\\\/wp-content\\\/uploads\\\/2026\\\/05\\\/logo_continent_5nwv-jh.jpg\",\"contentUrl\":\"https:\\\/\\\/continent.lv\\\/wp-content\\\/uploads\\\/2026\\\/05\\\/logo_continent_5nwv-jh.jpg\",\"width\":221,\"height\":50,\"caption\":\"Continent.lv\"},\"image\":{\"@id\":\"https:\\\/\\\/continent.lv\\\/#\\\/schema\\\/logo\\\/image\\\/\"}}]}<\/script>\n<!-- \/ Yoast SEO plugin. -->","yoast_head_json":{"title":"Xiaomi A Pro 2026 ELA5990EU - Continent.lv","robots":{"index":"index","follow":"follow","max-snippet":"max-snippet:-1","max-image-preview":"max-image-preview:large","max-video-preview":"max-video-preview:-1"},"canonical":"https:\/\/continent.lv\/ru\/product\/xiaomi-a-pro-2026-ela5990eu\/","og_locale":"ru_RU","og_type":"article","og_title":"Xiaomi A Pro 2026 ELA5990EU - Continent.lv","og_description":"Produkta veids\u00a0 \u00a0 \u00a0Televizori Ekr\u0101na izm\u0113rs pa diagon\u0101li\u00a0 \u00a0 \u00a065 \u201cTV diagon\u0101le\u00a0 \u00a0 \u00a066-75\u2033Z\u012bmols\u00a0 \u00a0 \u00a0XiaomiS\u0113rija\u00a0 \u00a0 \u00a0A Pro 2026Modelis\u00a0 \u00a0 \u00a0ELA5990EUEnergoefektivit\u0101tes klase\u00a0 \u00a0 FEnergoefektivit\u0101tes kla\u0161u skala\u00a0 \u00a0 \u00a0A \u2013 GJauda\u00a0 \u00a0 \u00a0100 WGada ener\u0123ijas pat\u0113ri\u0146\u0161\u00a0 \u00a0 100 kWhKr\u0101sa\u00a0 \u00a0 \u00a0MelnaProcesora modelis\u00a0 \u00a0 Quad A55Gatav\u012bbas re\u017e\u012bma elektropat\u0113ri\u0146\u0161\u00a0 \u00a0 \u00a00.5 WEner\u0123ijas pat\u0113ri\u0146\u0161, kWh\/1000 h\u00a0 \u00a0 \u00a0100Ekr\u0101nsEkr\u0101na [&hellip;]","og_url":"https:\/\/continent.lv\/ru\/product\/xiaomi-a-pro-2026-ela5990eu\/","og_site_name":"Continent.lv","og_image":[{"width":2000,"height":1291,"url":"https:\/\/continent.lv\/wp-content\/uploads\/2026\/05\/21_n2sh-5r.jpeg","type":"image\/jpeg"}],"twitter_card":"summary_large_image","twitter_misc":{"\u041f\u0440\u0438\u043c\u0435\u0440\u043d\u043e\u0435 \u0432\u0440\u0435\u043c\u044f \u0434\u043b\u044f \u0447\u0442\u0435\u043d\u0438\u044f":"2 \u043c\u0438\u043d\u0443\u0442\u044b"},"schema":{"@context":"https:\/\/schema.org","@graph":[{"@type":"WebPage","@id":"https:\/\/continent.lv\/product\/xiaomi-a-pro-2026-ela5990eu\/","url":"https:\/\/continent.lv\/product\/xiaomi-a-pro-2026-ela5990eu\/","name":"Xiaomi A Pro 2026 ELA5990EU - Continent.lv","isPartOf":{"@id":"https:\/\/continent.lv\/#website"},"primaryImageOfPage":{"@id":"https:\/\/continent.lv\/product\/xiaomi-a-pro-2026-ela5990eu\/#primaryimage"},"image":{"@id":"https:\/\/continent.lv\/product\/xiaomi-a-pro-2026-ela5990eu\/#primaryimage"},"thumbnailUrl":"https:\/\/continent.lv\/wp-content\/uploads\/2026\/05\/21_n2sh-5r.jpeg","datePublished":"2026-05-01T10:06:57+00:00","breadcrumb":{"@id":"https:\/\/continent.lv\/product\/xiaomi-a-pro-2026-ela5990eu\/#breadcrumb"},"inLanguage":"ru-RU","potentialAction":[{"@type":"ReadAction","target":["https:\/\/continent.lv\/product\/xiaomi-a-pro-2026-ela5990eu\/"]}]},{"@type":"ImageObject","inLanguage":"ru-RU","@id":"https:\/\/continent.lv\/product\/xiaomi-a-pro-2026-ela5990eu\/#primaryimage","url":"https:\/\/continent.lv\/wp-content\/uploads\/2026\/05\/21_n2sh-5r.jpeg","contentUrl":"https:\/\/continent.lv\/wp-content\/uploads\/2026\/05\/21_n2sh-5r.jpeg","width":2000,"height":1291},{"@type":"BreadcrumbList","@id":"https:\/\/continent.lv\/product\/xiaomi-a-pro-2026-ela5990eu\/#breadcrumb","itemListElement":[{"@type":"ListItem","position":1,"name":"Home","item":"https:\/\/continent.lv\/"},{"@type":"ListItem","position":2,"name":"Veikals","item":"https:\/\/continent.lv\/shop\/"},{"@type":"ListItem","position":3,"name":"Xiaomi A Pro 2026 ELA5990EU"}]},{"@type":"WebSite","@id":"https:\/\/continent.lv\/#website","url":"https:\/\/continent.lv\/","name":"Continent.lv","description":"Sadz\u012bves pre\u010du internetveikals","publisher":{"@id":"https:\/\/continent.lv\/#organization"},"potentialAction":[{"@type":"SearchAction","target":{"@type":"EntryPoint","urlTemplate":"https:\/\/continent.lv\/?s={search_term_string}"},"query-input":{"@type":"PropertyValueSpecification","valueRequired":true,"valueName":"search_term_string"}}],"inLanguage":"ru-RU"},{"@type":"Organization","@id":"https:\/\/continent.lv\/#organization","name":"Continent.lv","url":"https:\/\/continent.lv\/","logo":{"@type":"ImageObject","inLanguage":"ru-RU","@id":"https:\/\/continent.lv\/#\/schema\/logo\/image\/","url":"https:\/\/continent.lv\/wp-content\/uploads\/2026\/05\/logo_continent_5nwv-jh.jpg","contentUrl":"https:\/\/continent.lv\/wp-content\/uploads\/2026\/05\/logo_continent_5nwv-jh.jpg","width":221,"height":50,"caption":"Continent.lv"},"image":{"@id":"https:\/\/continent.lv\/#\/schema\/logo\/image\/"}}]}},"_links":{"self":[{"href":"https:\/\/continent.lv\/ru\/wp-json\/wp\/v2\/product\/48496","targetHints":{"allow":["GET"]}}],"collection":[{"href":"https:\/\/continent.lv\/ru\/wp-json\/wp\/v2\/product"}],"about":[{"href":"https:\/\/continent.lv\/ru\/wp-json\/wp\/v2\/types\/product"}],"replies":[{"embeddable":true,"href":"https:\/\/continent.lv\/ru\/wp-json\/wp\/v2\/comments?post=48496"}],"wp:featuredmedia":[{"embeddable":true,"href":"https:\/\/continent.lv\/ru\/wp-json\/wp\/v2\/media\/48491"}],"wp:attachment":[{"href":"https:\/\/continent.lv\/ru\/wp-json\/wp\/v2\/media?parent=48496"}],"wp:term":[{"taxonomy":"product_brand","embeddable":true,"href":"https:\/\/continent.lv\/ru\/wp-json\/wp\/v2\/product_brand?post=48496"},{"taxonomy":"product_cat","embeddable":true,"href":"https:\/\/continent.lv\/ru\/wp-json\/wp\/v2\/product_cat?post=48496"},{"taxonomy":"product_tag","embeddable":true,"href":"https:\/\/continent.lv\/ru\/wp-json\/wp\/v2\/product_tag?post=48496"}],"curies":[{"name":"wp","href":"https:\/\/api.w.org\/{rel}","templated":true}]}}