{"id":48387,"date":"2026-05-01T10:02:02","date_gmt":"2026-05-01T10:02:02","guid":{"rendered":"https:\/\/continent.lv\/product\/beko-gno5322xpn-side-by-side-no-frost-177cm\/"},"modified":"2026-05-01T10:02:02","modified_gmt":"2026-05-01T10:02:02","slug":"beko-gno5322xpn-side-by-side-no-frost-177cm","status":"publish","type":"product","link":"https:\/\/continent.lv\/ru\/product\/beko-gno5322xpn-side-by-side-no-frost-177cm\/","title":{"rendered":"Beko GNO5322XPN Side by side No Frost 177\u0441\u043c"},"content":{"rendered":"<\/p>\n<p class=\"translation-block\"><p><\/p><p>\u0411\u0440\u0435\u043d\u0434 Beko<br>\u0422\u0438\u043f \u0443\u0441\u0442\u0440\u043e\u0439\u0441\u0442\u0432\u0430 \u041e\u0442\u0434\u0435\u043b\u044c\u043d\u043e\u0441\u0442\u043e\u044f\u0449\u0438\u0439<br>\u0422\u0438\u043f \u0445\u043e\u043b\u043e\u0434\u0438\u043b\u044c\u043d\u0438\u043a\u0430 Side-by-side<br>No frost \u0415\u0441\u0442\u044c<br>\u0426\u0432\u0435\u0442 \u041d\u0435\u0440\u0436\u0430\u0432\u0435\u044e\u0449\u0430\u044f \u0441\u0442\u0430\u043b\u044c<br>EAN 8690842582639<br>\u041d\u043e\u0432\u0430\u044f \u044d\u043d\u0435\u0440\u0433\u0435\u0442\u0438\u0447\u0435\u0441\u043a\u0430\u044f \u043c\u0430\u0440\u043a\u0438\u0440\u043e\u0432\u043a\u0430 \u0441 2021 \u0433\u043e\u0434\u0430<br>\u041a\u043b\u0430\u0441\u0441 \u044d\u043d\u0435\u0440\u0433\u043e\u044d\u0444\u0444\u0435\u043a\u0442\u0438\u0432\u043d\u043e\u0441\u0442\u0438 E<br>\u0413\u043e\u0434\u043e\u0432\u043e\u0435 \u044d\u043d\u0435\u0440\u0433\u043e\u043f\u043e\u0442\u0440\u0435\u0431\u043b\u0435\u043d\u0438\u0435 313 \u043a\u0412\u0442\u00b7\u0447<br>\u0412\u043c\u0435\u0441\u0442\u0438\u043c\u043e\u0441\u0442\u044c<br>\u041e\u0431\u0449\u0438\u0439 \u043e\u0431\u044a\u0435\u043c 532 \u043b<br>\u041e\u0431\u044a\u0435\u043c \u043e\u0442\u0434\u0435\u043b\u0435\u043d\u0438\u044f \u0434\u043b\u044f \u0441\u0432\u0435\u0436\u0438\u0445 \u043f\u0440\u043e\u0434\u0443\u043a\u0442\u043e\u0432 347 \u043b<br>\u041e\u0431\u044a\u0435\u043c \u043e\u0442\u0434\u0435\u043b\u0435\u043d\u0438\u044f \u0434\u043b\u044f \u0437\u0430\u043c\u043e\u0440\u043e\u0436\u0435\u043d\u043d\u044b\u0445 \u043f\u0440\u043e\u0434\u0443\u043a\u0442\u043e\u0432 185 \u043b<br>\u0423\u0440\u043e\u0432\u0435\u043d\u044c \u0448\u0443\u043c\u0430<br>\u0423\u0440\u043e\u0432\u0435\u043d\u044c \u0448\u0443\u043c\u0430 39 \u0434\u0411<br>\u041a\u043b\u0430\u0441\u0441 \u0430\u043a\u0443\u0441\u0442\u0438\u0447\u0435\u0441\u043a\u043e\u0433\u043e \u0448\u0443\u043c\u0430 C<br>\u0420\u0430\u0437\u043c\u0435\u0440\u044b, \u0432\u0435\u0441<br>\u0412\u044b\u0441\u043e\u0442\u0430 177 \u0441\u043c<br>\u0428\u0438\u0440\u0438\u043d\u0430 90 \u0441\u043c<br>\u0413\u043b\u0443\u0431\u0438\u043d\u0430 66 \u0441\u043c<br>\u0412\u0435\u0441 89 \u043a\u0433<br>\u0412\u0435\u0441 \u0441 \u0443\u043f\u0430\u043a\u043e\u0432\u043a\u043e\u0439 93 \u043a\u0433<br>\u0423\u043f\u0440\u0430\u0432\u043b\u0435\u043d\u0438\u0435<br>\u042d\u043b\u0435\u043a\u0442\u0440\u043e\u043d\u043d\u044b\u0439 \u0434\u0438\u0441\u043f\u043b\u0435\u0439 \u0415\u0441\u0442\u044c<br>\u0423\u043f\u0440\u0430\u0432\u043b\u0435\u043d\u0438\u0435 \u042d\u043b\u0435\u043a\u0442\u0440\u043e\u043d\u043d\u043e\u0435<br>\u0424\u0443\u043d\u043a\u0446\u0438\u0438<br>\u0421\u0438\u0433\u043d\u0430\u043b\u0438\u0437\u0430\u0446\u0438\u044f \u043e\u0442\u043a\u0440\u044b\u0442\u044b\u0445 \u0434\u0432\u0435\u0440\u0435\u0439 \u0415\u0441\u0442\u044c<br>\u0411\u044b\u0441\u0442\u0440\u043e\u0435 \u043e\u0445\u043b\u0430\u0436\u0434\u0435\u043d\u0438\u0435 \u0415\u0441\u0442\u044c<br>\u0411\u044b\u0441\u0442\u0440\u0430\u044f \u0437\u0430\u043c\u043e\u0440\u043e\u0437\u043a\u0430 \u0415\u0441\u0442\u044c<br>\u041f\u0440\u043e\u0447\u0438\u0435 \u043f\u0430\u0440\u0430\u043c\u0435\u0442\u0440\u044b<br>\u041a\u043e\u043b\u0438\u0447\u0435\u0441\u0442\u0432\u043e \u0434\u0432\u0435\u0440\u0435\u0439 2<br>\u0420\u0443\u0447\u043a\u0430 \u0434\u0432\u0435\u0440\u0438 \u0412\u0441\u0442\u0440\u043e\u0435\u043d\u043d\u0430\u044f<br>\u0422\u0438\u043f \u043f\u043e\u043b\u043e\u043a \u0417\u0430\u043a\u0430\u043b\u0435\u043d\u043d\u043e\u0435 \u0441\u0442\u0435\u043a\u043b\u043e<br>\u041c\u043e\u0449\u043d\u043e\u0441\u0442\u044c \u0437\u0430\u043c\u043e\u0440\u043e\u0437\u043a\u0438 \u043a\u0433\/24\u0447 14<br>\u041a\u043b\u0430\u0441\u0441 \u043c\u043e\u0440\u043e\u0437\u0438\u043b\u044c\u043d\u043e\u0439 \u043a\u0430\u043c\u0435\u0440\u044b ****<br>\u0421\u043e\u0445\u0440\u0430\u043d\u0435\u043d\u0438\u0435 \u0445\u043e\u043b\u043e\u0434\u0430 \u043f\u0440\u0438 \u043e\u0442\u043a\u043b\u044e\u0447\u0435\u043d\u0438\u0438 \u043f\u0438\u0442\u0430\u043d\u0438\u044f (\u0447) 8<br>\u041a\u043b\u0438\u043c\u0430\u0442\u0438\u0447\u0435\u0441\u043a\u0438\u0439 \u043a\u043b\u0430\u0441\u0441 SN-T<\/p><\/p>","protected":false},"excerpt":{"rendered":"<p>Pre\u010du z\u012bme BekoIek\u0101rtas tips Br\u012bvst\u0101vo\u0161sLedusskapja veids Side-by-sideNo frost IrKr\u0101sa Ner\u016bs\u0113jo\u0161a t\u0113raudaEAN 8690842582639Jaunais energomar\u0137\u0113jums no 2021.gadaEnergoefektivit\u0101tes klase EElektroener\u0123ijas pat\u0113ri\u0146\u0161 gad\u0101 313 kWhIetilp\u012bbaKop\u0113jais tilpums 532 lSvaigo p\u0101rtikas produktu nodal\u012bjuma tilpums 347 lSald\u0113to p\u0101rtikas produktu nodal\u012bjuma tilpums 185 lTrok\u0161\u0146a l\u012bmenisTrok\u0161\u0146a l\u012bmenis 39 dBAkustisk\u0101 trok\u0161\u0146a emisijas klase CIzm\u0113ri, svarsAugstums 177 cmPlatums 90 cmDzi\u013cums 66 cmSvars 89 kgSvars ar iepakojumu [&hellip;]<\/p>\n","protected":false},"featured_media":48383,"comment_status":"open","ping_status":"closed","template":"","meta":{"_joinchat":[]},"product_brand":[269],"product_cat":[272],"product_tag":[],"class_list":{"0":"post-48387","1":"product","2":"type-product","3":"status-publish","4":"has-post-thumbnail","6":"product_brand-beko","7":"product_cat-sadzives-tehnika-ledusskapji","9":"first","10":"instock","11":"shipping-taxable","12":"purchasable","13":"product-type-simple"},"yoast_head":"<!-- This site is optimized with the Yoast SEO plugin v27.5 - https:\/\/yoast.com\/product\/yoast-seo-wordpress\/ -->\n<title>Beko GNO5322XPN Side by side No Frost 177cm - Continent.lv<\/title>\n<meta name=\"robots\" content=\"index, follow, max-snippet:-1, max-image-preview:large, max-video-preview:-1\" \/>\n<link rel=\"canonical\" href=\"https:\/\/continent.lv\/ru\/product\/beko-gno5322xpn-side-by-side-no-frost-177cm\/\" \/>\n<meta property=\"og:locale\" content=\"ru_RU\" \/>\n<meta property=\"og:type\" content=\"article\" \/>\n<meta property=\"og:title\" content=\"Beko GNO5322XPN Side by side No Frost 177cm - Continent.lv\" \/>\n<meta property=\"og:description\" content=\"Pre\u010du z\u012bme BekoIek\u0101rtas tips Br\u012bvst\u0101vo\u0161sLedusskapja veids Side-by-sideNo frost IrKr\u0101sa Ner\u016bs\u0113jo\u0161a t\u0113raudaEAN 8690842582639Jaunais energomar\u0137\u0113jums no 2021.gadaEnergoefektivit\u0101tes klase EElektroener\u0123ijas pat\u0113ri\u0146\u0161 gad\u0101 313 kWhIetilp\u012bbaKop\u0113jais tilpums 532 lSvaigo p\u0101rtikas produktu nodal\u012bjuma tilpums 347 lSald\u0113to p\u0101rtikas produktu nodal\u012bjuma tilpums 185 lTrok\u0161\u0146a l\u012bmenisTrok\u0161\u0146a l\u012bmenis 39 dBAkustisk\u0101 trok\u0161\u0146a emisijas klase CIzm\u0113ri, svarsAugstums 177 cmPlatums 90 cmDzi\u013cums 66 cmSvars 89 kgSvars ar iepakojumu [&hellip;]\" \/>\n<meta property=\"og:url\" content=\"https:\/\/continent.lv\/ru\/product\/beko-gno5322xpn-side-by-side-no-frost-177cm\/\" \/>\n<meta property=\"og:site_name\" content=\"Continent.lv\" \/>\n<meta property=\"og:image\" content=\"https:\/\/continent.lv\/wp-content\/uploads\/2026\/05\/Beko_GNO5322XPN.jpeg\" \/>\n\t<meta property=\"og:image:width\" content=\"529\" \/>\n\t<meta property=\"og:image:height\" content=\"1024\" \/>\n\t<meta property=\"og:image:type\" content=\"image\/jpeg\" \/>\n<meta name=\"twitter:card\" content=\"summary_large_image\" \/>\n<meta name=\"twitter:label1\" content=\"\u041f\u0440\u0438\u043c\u0435\u0440\u043d\u043e\u0435 \u0432\u0440\u0435\u043c\u044f \u0434\u043b\u044f \u0447\u0442\u0435\u043d\u0438\u044f\" \/>\n\t<meta name=\"twitter:data1\" content=\"1 \u043c\u0438\u043d\u0443\u0442\u0430\" \/>\n<script type=\"application\/ld+json\" class=\"yoast-schema-graph\">{\"@context\":\"https:\\\/\\\/schema.org\",\"@graph\":[{\"@type\":\"WebPage\",\"@id\":\"https:\\\/\\\/continent.lv\\\/product\\\/beko-gno5322xpn-side-by-side-no-frost-177cm\\\/\",\"url\":\"https:\\\/\\\/continent.lv\\\/product\\\/beko-gno5322xpn-side-by-side-no-frost-177cm\\\/\",\"name\":\"Beko GNO5322XPN Side by side No Frost 177cm - Continent.lv\",\"isPartOf\":{\"@id\":\"https:\\\/\\\/continent.lv\\\/#website\"},\"primaryImageOfPage\":{\"@id\":\"https:\\\/\\\/continent.lv\\\/product\\\/beko-gno5322xpn-side-by-side-no-frost-177cm\\\/#primaryimage\"},\"image\":{\"@id\":\"https:\\\/\\\/continent.lv\\\/product\\\/beko-gno5322xpn-side-by-side-no-frost-177cm\\\/#primaryimage\"},\"thumbnailUrl\":\"https:\\\/\\\/continent.lv\\\/wp-content\\\/uploads\\\/2026\\\/05\\\/Beko_GNO5322XPN.jpeg\",\"datePublished\":\"2026-05-01T10:02:02+00:00\",\"breadcrumb\":{\"@id\":\"https:\\\/\\\/continent.lv\\\/product\\\/beko-gno5322xpn-side-by-side-no-frost-177cm\\\/#breadcrumb\"},\"inLanguage\":\"ru-RU\",\"potentialAction\":[{\"@type\":\"ReadAction\",\"target\":[\"https:\\\/\\\/continent.lv\\\/product\\\/beko-gno5322xpn-side-by-side-no-frost-177cm\\\/\"]}]},{\"@type\":\"ImageObject\",\"inLanguage\":\"ru-RU\",\"@id\":\"https:\\\/\\\/continent.lv\\\/product\\\/beko-gno5322xpn-side-by-side-no-frost-177cm\\\/#primaryimage\",\"url\":\"https:\\\/\\\/continent.lv\\\/wp-content\\\/uploads\\\/2026\\\/05\\\/Beko_GNO5322XPN.jpeg\",\"contentUrl\":\"https:\\\/\\\/continent.lv\\\/wp-content\\\/uploads\\\/2026\\\/05\\\/Beko_GNO5322XPN.jpeg\",\"width\":529,\"height\":1024},{\"@type\":\"BreadcrumbList\",\"@id\":\"https:\\\/\\\/continent.lv\\\/product\\\/beko-gno5322xpn-side-by-side-no-frost-177cm\\\/#breadcrumb\",\"itemListElement\":[{\"@type\":\"ListItem\",\"position\":1,\"name\":\"Home\",\"item\":\"https:\\\/\\\/continent.lv\\\/\"},{\"@type\":\"ListItem\",\"position\":2,\"name\":\"Veikals\",\"item\":\"https:\\\/\\\/continent.lv\\\/shop\\\/\"},{\"@type\":\"ListItem\",\"position\":3,\"name\":\"Beko GNO5322XPN Side by side No Frost 177cm\"}]},{\"@type\":\"WebSite\",\"@id\":\"https:\\\/\\\/continent.lv\\\/#website\",\"url\":\"https:\\\/\\\/continent.lv\\\/\",\"name\":\"Continent.lv\",\"description\":\"Sadz\u012bves pre\u010du internetveikals\",\"publisher\":{\"@id\":\"https:\\\/\\\/continent.lv\\\/#organization\"},\"potentialAction\":[{\"@type\":\"SearchAction\",\"target\":{\"@type\":\"EntryPoint\",\"urlTemplate\":\"https:\\\/\\\/continent.lv\\\/?s={search_term_string}\"},\"query-input\":{\"@type\":\"PropertyValueSpecification\",\"valueRequired\":true,\"valueName\":\"search_term_string\"}}],\"inLanguage\":\"ru-RU\"},{\"@type\":\"Organization\",\"@id\":\"https:\\\/\\\/continent.lv\\\/#organization\",\"name\":\"Continent.lv\",\"url\":\"https:\\\/\\\/continent.lv\\\/\",\"logo\":{\"@type\":\"ImageObject\",\"inLanguage\":\"ru-RU\",\"@id\":\"https:\\\/\\\/continent.lv\\\/#\\\/schema\\\/logo\\\/image\\\/\",\"url\":\"https:\\\/\\\/continent.lv\\\/wp-content\\\/uploads\\\/2026\\\/05\\\/logo_continent_5nwv-jh.jpg\",\"contentUrl\":\"https:\\\/\\\/continent.lv\\\/wp-content\\\/uploads\\\/2026\\\/05\\\/logo_continent_5nwv-jh.jpg\",\"width\":221,\"height\":50,\"caption\":\"Continent.lv\"},\"image\":{\"@id\":\"https:\\\/\\\/continent.lv\\\/#\\\/schema\\\/logo\\\/image\\\/\"}}]}<\/script>\n<!-- \/ Yoast SEO plugin. -->","yoast_head_json":{"title":"Beko GNO5322XPN Side by side No Frost 177cm - Continent.lv","robots":{"index":"index","follow":"follow","max-snippet":"max-snippet:-1","max-image-preview":"max-image-preview:large","max-video-preview":"max-video-preview:-1"},"canonical":"https:\/\/continent.lv\/ru\/product\/beko-gno5322xpn-side-by-side-no-frost-177cm\/","og_locale":"ru_RU","og_type":"article","og_title":"Beko GNO5322XPN Side by side No Frost 177cm - Continent.lv","og_description":"Pre\u010du z\u012bme BekoIek\u0101rtas tips Br\u012bvst\u0101vo\u0161sLedusskapja veids Side-by-sideNo frost IrKr\u0101sa Ner\u016bs\u0113jo\u0161a t\u0113raudaEAN 8690842582639Jaunais energomar\u0137\u0113jums no 2021.gadaEnergoefektivit\u0101tes klase EElektroener\u0123ijas pat\u0113ri\u0146\u0161 gad\u0101 313 kWhIetilp\u012bbaKop\u0113jais tilpums 532 lSvaigo p\u0101rtikas produktu nodal\u012bjuma tilpums 347 lSald\u0113to p\u0101rtikas produktu nodal\u012bjuma tilpums 185 lTrok\u0161\u0146a l\u012bmenisTrok\u0161\u0146a l\u012bmenis 39 dBAkustisk\u0101 trok\u0161\u0146a emisijas klase CIzm\u0113ri, svarsAugstums 177 cmPlatums 90 cmDzi\u013cums 66 cmSvars 89 kgSvars ar iepakojumu [&hellip;]","og_url":"https:\/\/continent.lv\/ru\/product\/beko-gno5322xpn-side-by-side-no-frost-177cm\/","og_site_name":"Continent.lv","og_image":[{"width":529,"height":1024,"url":"https:\/\/continent.lv\/wp-content\/uploads\/2026\/05\/Beko_GNO5322XPN.jpeg","type":"image\/jpeg"}],"twitter_card":"summary_large_image","twitter_misc":{"\u041f\u0440\u0438\u043c\u0435\u0440\u043d\u043e\u0435 \u0432\u0440\u0435\u043c\u044f \u0434\u043b\u044f \u0447\u0442\u0435\u043d\u0438\u044f":"1 \u043c\u0438\u043d\u0443\u0442\u0430"},"schema":{"@context":"https:\/\/schema.org","@graph":[{"@type":"WebPage","@id":"https:\/\/continent.lv\/product\/beko-gno5322xpn-side-by-side-no-frost-177cm\/","url":"https:\/\/continent.lv\/product\/beko-gno5322xpn-side-by-side-no-frost-177cm\/","name":"Beko GNO5322XPN Side by side No Frost 177cm - Continent.lv","isPartOf":{"@id":"https:\/\/continent.lv\/#website"},"primaryImageOfPage":{"@id":"https:\/\/continent.lv\/product\/beko-gno5322xpn-side-by-side-no-frost-177cm\/#primaryimage"},"image":{"@id":"https:\/\/continent.lv\/product\/beko-gno5322xpn-side-by-side-no-frost-177cm\/#primaryimage"},"thumbnailUrl":"https:\/\/continent.lv\/wp-content\/uploads\/2026\/05\/Beko_GNO5322XPN.jpeg","datePublished":"2026-05-01T10:02:02+00:00","breadcrumb":{"@id":"https:\/\/continent.lv\/product\/beko-gno5322xpn-side-by-side-no-frost-177cm\/#breadcrumb"},"inLanguage":"ru-RU","potentialAction":[{"@type":"ReadAction","target":["https:\/\/continent.lv\/product\/beko-gno5322xpn-side-by-side-no-frost-177cm\/"]}]},{"@type":"ImageObject","inLanguage":"ru-RU","@id":"https:\/\/continent.lv\/product\/beko-gno5322xpn-side-by-side-no-frost-177cm\/#primaryimage","url":"https:\/\/continent.lv\/wp-content\/uploads\/2026\/05\/Beko_GNO5322XPN.jpeg","contentUrl":"https:\/\/continent.lv\/wp-content\/uploads\/2026\/05\/Beko_GNO5322XPN.jpeg","width":529,"height":1024},{"@type":"BreadcrumbList","@id":"https:\/\/continent.lv\/product\/beko-gno5322xpn-side-by-side-no-frost-177cm\/#breadcrumb","itemListElement":[{"@type":"ListItem","position":1,"name":"Home","item":"https:\/\/continent.lv\/"},{"@type":"ListItem","position":2,"name":"Veikals","item":"https:\/\/continent.lv\/shop\/"},{"@type":"ListItem","position":3,"name":"Beko GNO5322XPN Side by side No Frost 177cm"}]},{"@type":"WebSite","@id":"https:\/\/continent.lv\/#website","url":"https:\/\/continent.lv\/","name":"Continent.lv","description":"Sadz\u012bves pre\u010du internetveikals","publisher":{"@id":"https:\/\/continent.lv\/#organization"},"potentialAction":[{"@type":"SearchAction","target":{"@type":"EntryPoint","urlTemplate":"https:\/\/continent.lv\/?s={search_term_string}"},"query-input":{"@type":"PropertyValueSpecification","valueRequired":true,"valueName":"search_term_string"}}],"inLanguage":"ru-RU"},{"@type":"Organization","@id":"https:\/\/continent.lv\/#organization","name":"Continent.lv","url":"https:\/\/continent.lv\/","logo":{"@type":"ImageObject","inLanguage":"ru-RU","@id":"https:\/\/continent.lv\/#\/schema\/logo\/image\/","url":"https:\/\/continent.lv\/wp-content\/uploads\/2026\/05\/logo_continent_5nwv-jh.jpg","contentUrl":"https:\/\/continent.lv\/wp-content\/uploads\/2026\/05\/logo_continent_5nwv-jh.jpg","width":221,"height":50,"caption":"Continent.lv"},"image":{"@id":"https:\/\/continent.lv\/#\/schema\/logo\/image\/"}}]}},"_links":{"self":[{"href":"https:\/\/continent.lv\/ru\/wp-json\/wp\/v2\/product\/48387","targetHints":{"allow":["GET"]}}],"collection":[{"href":"https:\/\/continent.lv\/ru\/wp-json\/wp\/v2\/product"}],"about":[{"href":"https:\/\/continent.lv\/ru\/wp-json\/wp\/v2\/types\/product"}],"replies":[{"embeddable":true,"href":"https:\/\/continent.lv\/ru\/wp-json\/wp\/v2\/comments?post=48387"}],"wp:featuredmedia":[{"embeddable":true,"href":"https:\/\/continent.lv\/ru\/wp-json\/wp\/v2\/media\/48383"}],"wp:attachment":[{"href":"https:\/\/continent.lv\/ru\/wp-json\/wp\/v2\/media?parent=48387"}],"wp:term":[{"taxonomy":"product_brand","embeddable":true,"href":"https:\/\/continent.lv\/ru\/wp-json\/wp\/v2\/product_brand?post=48387"},{"taxonomy":"product_cat","embeddable":true,"href":"https:\/\/continent.lv\/ru\/wp-json\/wp\/v2\/product_cat?post=48387"},{"taxonomy":"product_tag","embeddable":true,"href":"https:\/\/continent.lv\/ru\/wp-json\/wp\/v2\/product_tag?post=48387"}],"curies":[{"name":"wp","href":"https:\/\/api.w.org\/{rel}","templated":true}]}}