{"id":48375,"date":"2026-05-01T10:01:40","date_gmt":"2026-05-01T10:01:40","guid":{"rendered":"https:\/\/continent.lv\/product\/lg-55qned84a3c-55-qned-2025\/"},"modified":"2026-05-01T10:01:40","modified_gmt":"2026-05-01T10:01:40","slug":"lg-55qned84a3c-55-qned-2025","status":"publish","type":"product","link":"https:\/\/continent.lv\/ru\/product\/lg-55qned84a3c-55-qned-2025\/","title":{"rendered":"LG 55QNED84A3C, 55\" QNED 2025"},"content":{"rendered":"<p>Produkta veids\u00a0 \u00a0 \u00a0Televizori<\/p>\n<p>Ekr\u0101na izm\u0113rs pa diagon\u0101li\u00a0 \u00a0 \u00a055 \u201c<br \/>TV diagon\u0101le\u00a0 \u00a0 \u00a051-55\u2033<br \/>Z\u012bmols\u00a0 \u00a0 \u00a0LG<br \/>S\u0113rija\u00a0 \u00a0 \u00a0\u2013<br \/>Modelis\u00a0 \u00a0 \u00a055QNED84A3C<br \/>Energoefektivit\u0101tes klase\u00a0 \u00a0 F<br \/>Energoefektivit\u0101tes kla\u0161u skala\u00a0 \u00a0 \u00a0A \u2013 G<br \/>Kr\u0101sa\u00a0 \u00a0 \u00a0Melna<br \/>\u042d\u043a\u0440\u0430\u043d<br \/>Ekr\u0101na iz\u0161\u0137irtsp\u0113ja\u00a0 \u00a0 4K (3840 x 2160)<br \/>Ekr\u0101na tips\u00a0 \u00a0 \u00a0UHD\/QNED\/QLED<br \/>Ekr\u0101na iz\u0161\u0137irtsp\u0113jas veids\u00a0 \u00a0 \u00a04K QNED<br \/>Oper\u0113t\u0101jsist\u0113ma\u00a0 \u00a0 \u00a0webOS<br \/>Ekr\u0101na frekvence\u00a0 \u00a0 60 Hz<br \/>Ekr\u0101na forma\u00a0 \u00a0 \u00a0Plakana<br \/>3D funkcija\u00a0 \u00a0 N\u0113<br \/>Apgaismojums\u00a0 \u00a0 J\u0101<br \/>\u0421\u043c\u0430\u0440\u0442 \u0422\u0412 \u0438 \u0438\u043d\u0442\u0435\u0440\u043d\u0435\u0442<br \/>\u201cSmart TV\u201d\u00a0 \u00a0 J\u0101<br \/>\u0423\u043f\u0440\u0430\u0432\u043b\u0435\u043d\u0438\u0435 \u0438 \u0430\u0443\u0434\u0438\u043e<br \/>Ska\u0146as jauda\u00a0 \u00a0 20 W<br \/>\u0411\u0435\u0441\u043f\u0440\u043e\u0432\u043e\u0434\u043d\u044b\u0435 \u0438 \u0444\u0438\u0437\u0438\u0447\u0435\u0441\u043a\u0438\u0435 \u043f\u043e\u0434\u043a\u043b\u044e\u0447\u0435\u043d\u0438\u044f<br \/>HDMI piesl\u0113gvietu skaits\u00a0 \u00a0 3<br \/>3.5mm austi\u0146u kontakts\u00a0 \u00a0 \u00a0N\u0113<br \/>WiFi savienojums\u00a0 \u00a0 J\u0101<br \/>WiFi tie\u0161\u0101 saskarne\u00a0 \u00a0 N\u0113<br \/>WiDi saskarne\u00a0 \u00a0 N\u0113<br \/>Bluetooth interfeiss\u00a0 \u00a0 \u00a0J\u0101<br \/>DLNA\u00a0 \u00a0 N\u0113<br \/>NFC\u00a0 \u00a0 N\u0113<br \/>\u0420\u0430\u0437\u043c\u0435\u0440\u044b \u0438 \u0432\u0435\u0441<br \/>Platums\u00a0 \u00a0 \u00a0123.6 cm<br \/>Dzi\u013cums\u00a0 \u00a0 \u00a04.49 cm<br \/>Augstums\u00a0 \u00a0 \u00a071.8 cm<br \/>Svars bez stat\u012bva\u00a0 \u00a0 \u00a017.2 kg<br \/>Dzi\u013cums ar stat\u012bvu\u00a0 \u00a0 \u00a023.5 cm<br \/>Augstums ar stat\u012bvu\u00a0 \u00a0 \u00a078 cm<br \/>Svars\u00a0 \u00a0 \u00a017.5 kg<br \/>VESA standarts\u00a0 \u00a0 \u00a0300 x 300<br \/>Ciparu uztv\u0113r\u0113ja tips\u00a0 \u00a0 DVB-T2\/C\/S2<br \/>Izcelsmes valsts\u00a0 \u00a0 \u00a0Polija\u00a0<\/p><\/p>","protected":false},"excerpt":{"rendered":"<p>Produkta veids\u00a0 \u00a0 \u00a0Televizori Ekr\u0101na izm\u0113rs pa diagon\u0101li\u00a0 \u00a0 \u00a055 \u201cTV diagon\u0101le\u00a0 \u00a0 \u00a051-55\u2033Z\u012bmols\u00a0 \u00a0 \u00a0LGS\u0113rija\u00a0 \u00a0 \u00a0\u2013Modelis\u00a0 \u00a0 \u00a055QNED84A3CEnergoefektivit\u0101tes klase\u00a0 \u00a0 FEnergoefektivit\u0101tes kla\u0161u skala\u00a0 \u00a0 \u00a0A \u2013 GKr\u0101sa\u00a0 \u00a0 \u00a0MelnaEkr\u0101nsEkr\u0101na iz\u0161\u0137irtsp\u0113ja\u00a0 \u00a0 4K (3840 x 2160)Ekr\u0101na tips\u00a0 \u00a0 \u00a0UHD\/QNED\/QLEDEkr\u0101na iz\u0161\u0137irtsp\u0113jas veids\u00a0 \u00a0 \u00a04K QNEDOper\u0113t\u0101jsist\u0113ma\u00a0 \u00a0 \u00a0webOSEkr\u0101na frekvence\u00a0 \u00a0 60 HzEkr\u0101na forma\u00a0 \u00a0 \u00a0Plakana3D funkcija\u00a0 [&hellip;]<\/p>\n","protected":false},"featured_media":48365,"comment_status":"open","ping_status":"closed","template":"","meta":{"_joinchat":[]},"product_brand":[112],"product_cat":[294],"product_tag":[],"class_list":{"0":"post-48375","1":"product","2":"type-product","3":"status-publish","4":"has-post-thumbnail","6":"product_brand-lg","7":"product_cat-tv-foto-video-audio-televizori-un-aksesuari-led-televizori","9":"first","10":"instock","11":"shipping-taxable","12":"purchasable","13":"product-type-simple"},"yoast_head":"<!-- This site is optimized with the Yoast SEO plugin v27.5 - https:\/\/yoast.com\/product\/yoast-seo-wordpress\/ -->\n<title>LG 55QNED84A3C, 55&quot; QNED 2025 - Continent.lv<\/title>\n<meta name=\"robots\" content=\"index, follow, max-snippet:-1, max-image-preview:large, max-video-preview:-1\" \/>\n<link rel=\"canonical\" href=\"https:\/\/continent.lv\/ru\/product\/lg-55qned84a3c-55-qned-2025\/\" \/>\n<meta property=\"og:locale\" content=\"ru_RU\" \/>\n<meta property=\"og:type\" content=\"article\" \/>\n<meta property=\"og:title\" content=\"LG 55QNED84A3C, 55&quot; QNED 2025 - Continent.lv\" \/>\n<meta property=\"og:description\" content=\"Produkta veids\u00a0 \u00a0 \u00a0Televizori Ekr\u0101na izm\u0113rs pa diagon\u0101li\u00a0 \u00a0 \u00a055 \u201cTV diagon\u0101le\u00a0 \u00a0 \u00a051-55\u2033Z\u012bmols\u00a0 \u00a0 \u00a0LGS\u0113rija\u00a0 \u00a0 \u00a0\u2013Modelis\u00a0 \u00a0 \u00a055QNED84A3CEnergoefektivit\u0101tes klase\u00a0 \u00a0 FEnergoefektivit\u0101tes kla\u0161u skala\u00a0 \u00a0 \u00a0A \u2013 GKr\u0101sa\u00a0 \u00a0 \u00a0MelnaEkr\u0101nsEkr\u0101na iz\u0161\u0137irtsp\u0113ja\u00a0 \u00a0 4K (3840 x 2160)Ekr\u0101na tips\u00a0 \u00a0 \u00a0UHD\/QNED\/QLEDEkr\u0101na iz\u0161\u0137irtsp\u0113jas veids\u00a0 \u00a0 \u00a04K QNEDOper\u0113t\u0101jsist\u0113ma\u00a0 \u00a0 \u00a0webOSEkr\u0101na frekvence\u00a0 \u00a0 60 HzEkr\u0101na forma\u00a0 \u00a0 \u00a0Plakana3D funkcija\u00a0 [&hellip;]\" \/>\n<meta property=\"og:url\" content=\"https:\/\/continent.lv\/ru\/product\/lg-55qned84a3c-55-qned-2025\/\" \/>\n<meta property=\"og:site_name\" content=\"Continent.lv\" \/>\n<meta property=\"og:image\" content=\"https:\/\/continent.lv\/wp-content\/uploads\/2026\/05\/29_itj2-1t.jpeg\" \/>\n\t<meta property=\"og:image:width\" content=\"2000\" \/>\n\t<meta property=\"og:image:height\" content=\"1125\" \/>\n\t<meta property=\"og:image:type\" content=\"image\/jpeg\" \/>\n<meta name=\"twitter:card\" content=\"summary_large_image\" \/>\n<meta name=\"twitter:label1\" content=\"\u041f\u0440\u0438\u043c\u0435\u0440\u043d\u043e\u0435 \u0432\u0440\u0435\u043c\u044f \u0434\u043b\u044f \u0447\u0442\u0435\u043d\u0438\u044f\" \/>\n\t<meta name=\"twitter:data1\" content=\"1 \u043c\u0438\u043d\u0443\u0442\u0430\" \/>\n<script type=\"application\/ld+json\" class=\"yoast-schema-graph\">{\"@context\":\"https:\\\/\\\/schema.org\",\"@graph\":[{\"@type\":\"WebPage\",\"@id\":\"https:\\\/\\\/continent.lv\\\/product\\\/lg-55qned84a3c-55-qned-2025\\\/\",\"url\":\"https:\\\/\\\/continent.lv\\\/product\\\/lg-55qned84a3c-55-qned-2025\\\/\",\"name\":\"LG 55QNED84A3C, 55\\\" QNED 2025 - Continent.lv\",\"isPartOf\":{\"@id\":\"https:\\\/\\\/continent.lv\\\/#website\"},\"primaryImageOfPage\":{\"@id\":\"https:\\\/\\\/continent.lv\\\/product\\\/lg-55qned84a3c-55-qned-2025\\\/#primaryimage\"},\"image\":{\"@id\":\"https:\\\/\\\/continent.lv\\\/product\\\/lg-55qned84a3c-55-qned-2025\\\/#primaryimage\"},\"thumbnailUrl\":\"https:\\\/\\\/continent.lv\\\/wp-content\\\/uploads\\\/2026\\\/05\\\/29_itj2-1t.jpeg\",\"datePublished\":\"2026-05-01T10:01:40+00:00\",\"breadcrumb\":{\"@id\":\"https:\\\/\\\/continent.lv\\\/product\\\/lg-55qned84a3c-55-qned-2025\\\/#breadcrumb\"},\"inLanguage\":\"ru-RU\",\"potentialAction\":[{\"@type\":\"ReadAction\",\"target\":[\"https:\\\/\\\/continent.lv\\\/product\\\/lg-55qned84a3c-55-qned-2025\\\/\"]}]},{\"@type\":\"ImageObject\",\"inLanguage\":\"ru-RU\",\"@id\":\"https:\\\/\\\/continent.lv\\\/product\\\/lg-55qned84a3c-55-qned-2025\\\/#primaryimage\",\"url\":\"https:\\\/\\\/continent.lv\\\/wp-content\\\/uploads\\\/2026\\\/05\\\/29_itj2-1t.jpeg\",\"contentUrl\":\"https:\\\/\\\/continent.lv\\\/wp-content\\\/uploads\\\/2026\\\/05\\\/29_itj2-1t.jpeg\",\"width\":2000,\"height\":1125},{\"@type\":\"BreadcrumbList\",\"@id\":\"https:\\\/\\\/continent.lv\\\/product\\\/lg-55qned84a3c-55-qned-2025\\\/#breadcrumb\",\"itemListElement\":[{\"@type\":\"ListItem\",\"position\":1,\"name\":\"Home\",\"item\":\"https:\\\/\\\/continent.lv\\\/\"},{\"@type\":\"ListItem\",\"position\":2,\"name\":\"Veikals\",\"item\":\"https:\\\/\\\/continent.lv\\\/shop\\\/\"},{\"@type\":\"ListItem\",\"position\":3,\"name\":\"LG 55QNED84A3C, 55&#8243; QNED 2025\"}]},{\"@type\":\"WebSite\",\"@id\":\"https:\\\/\\\/continent.lv\\\/#website\",\"url\":\"https:\\\/\\\/continent.lv\\\/\",\"name\":\"Continent.lv\",\"description\":\"Sadz\u012bves pre\u010du internetveikals\",\"publisher\":{\"@id\":\"https:\\\/\\\/continent.lv\\\/#organization\"},\"potentialAction\":[{\"@type\":\"SearchAction\",\"target\":{\"@type\":\"EntryPoint\",\"urlTemplate\":\"https:\\\/\\\/continent.lv\\\/?s={search_term_string}\"},\"query-input\":{\"@type\":\"PropertyValueSpecification\",\"valueRequired\":true,\"valueName\":\"search_term_string\"}}],\"inLanguage\":\"ru-RU\"},{\"@type\":\"Organization\",\"@id\":\"https:\\\/\\\/continent.lv\\\/#organization\",\"name\":\"Continent.lv\",\"url\":\"https:\\\/\\\/continent.lv\\\/\",\"logo\":{\"@type\":\"ImageObject\",\"inLanguage\":\"ru-RU\",\"@id\":\"https:\\\/\\\/continent.lv\\\/#\\\/schema\\\/logo\\\/image\\\/\",\"url\":\"https:\\\/\\\/continent.lv\\\/wp-content\\\/uploads\\\/2026\\\/05\\\/logo_continent_5nwv-jh.jpg\",\"contentUrl\":\"https:\\\/\\\/continent.lv\\\/wp-content\\\/uploads\\\/2026\\\/05\\\/logo_continent_5nwv-jh.jpg\",\"width\":221,\"height\":50,\"caption\":\"Continent.lv\"},\"image\":{\"@id\":\"https:\\\/\\\/continent.lv\\\/#\\\/schema\\\/logo\\\/image\\\/\"}}]}<\/script>\n<!-- \/ Yoast SEO plugin. -->","yoast_head_json":{"title":"LG 55QNED84A3C, 55\" QNED 2025 - Continent.lv","robots":{"index":"index","follow":"follow","max-snippet":"max-snippet:-1","max-image-preview":"max-image-preview:large","max-video-preview":"max-video-preview:-1"},"canonical":"https:\/\/continent.lv\/ru\/product\/lg-55qned84a3c-55-qned-2025\/","og_locale":"ru_RU","og_type":"article","og_title":"LG 55QNED84A3C, 55\" QNED 2025 - Continent.lv","og_description":"Produkta veids\u00a0 \u00a0 \u00a0Televizori Ekr\u0101na izm\u0113rs pa diagon\u0101li\u00a0 \u00a0 \u00a055 \u201cTV diagon\u0101le\u00a0 \u00a0 \u00a051-55\u2033Z\u012bmols\u00a0 \u00a0 \u00a0LGS\u0113rija\u00a0 \u00a0 \u00a0\u2013Modelis\u00a0 \u00a0 \u00a055QNED84A3CEnergoefektivit\u0101tes klase\u00a0 \u00a0 FEnergoefektivit\u0101tes kla\u0161u skala\u00a0 \u00a0 \u00a0A \u2013 GKr\u0101sa\u00a0 \u00a0 \u00a0MelnaEkr\u0101nsEkr\u0101na iz\u0161\u0137irtsp\u0113ja\u00a0 \u00a0 4K (3840 x 2160)Ekr\u0101na tips\u00a0 \u00a0 \u00a0UHD\/QNED\/QLEDEkr\u0101na iz\u0161\u0137irtsp\u0113jas veids\u00a0 \u00a0 \u00a04K QNEDOper\u0113t\u0101jsist\u0113ma\u00a0 \u00a0 \u00a0webOSEkr\u0101na frekvence\u00a0 \u00a0 60 HzEkr\u0101na forma\u00a0 \u00a0 \u00a0Plakana3D funkcija\u00a0 [&hellip;]","og_url":"https:\/\/continent.lv\/ru\/product\/lg-55qned84a3c-55-qned-2025\/","og_site_name":"Continent.lv","og_image":[{"width":2000,"height":1125,"url":"https:\/\/continent.lv\/wp-content\/uploads\/2026\/05\/29_itj2-1t.jpeg","type":"image\/jpeg"}],"twitter_card":"summary_large_image","twitter_misc":{"\u041f\u0440\u0438\u043c\u0435\u0440\u043d\u043e\u0435 \u0432\u0440\u0435\u043c\u044f \u0434\u043b\u044f \u0447\u0442\u0435\u043d\u0438\u044f":"1 \u043c\u0438\u043d\u0443\u0442\u0430"},"schema":{"@context":"https:\/\/schema.org","@graph":[{"@type":"WebPage","@id":"https:\/\/continent.lv\/product\/lg-55qned84a3c-55-qned-2025\/","url":"https:\/\/continent.lv\/product\/lg-55qned84a3c-55-qned-2025\/","name":"LG 55QNED84A3C, 55\" QNED 2025 - Continent.lv","isPartOf":{"@id":"https:\/\/continent.lv\/#website"},"primaryImageOfPage":{"@id":"https:\/\/continent.lv\/product\/lg-55qned84a3c-55-qned-2025\/#primaryimage"},"image":{"@id":"https:\/\/continent.lv\/product\/lg-55qned84a3c-55-qned-2025\/#primaryimage"},"thumbnailUrl":"https:\/\/continent.lv\/wp-content\/uploads\/2026\/05\/29_itj2-1t.jpeg","datePublished":"2026-05-01T10:01:40+00:00","breadcrumb":{"@id":"https:\/\/continent.lv\/product\/lg-55qned84a3c-55-qned-2025\/#breadcrumb"},"inLanguage":"ru-RU","potentialAction":[{"@type":"ReadAction","target":["https:\/\/continent.lv\/product\/lg-55qned84a3c-55-qned-2025\/"]}]},{"@type":"ImageObject","inLanguage":"ru-RU","@id":"https:\/\/continent.lv\/product\/lg-55qned84a3c-55-qned-2025\/#primaryimage","url":"https:\/\/continent.lv\/wp-content\/uploads\/2026\/05\/29_itj2-1t.jpeg","contentUrl":"https:\/\/continent.lv\/wp-content\/uploads\/2026\/05\/29_itj2-1t.jpeg","width":2000,"height":1125},{"@type":"BreadcrumbList","@id":"https:\/\/continent.lv\/product\/lg-55qned84a3c-55-qned-2025\/#breadcrumb","itemListElement":[{"@type":"ListItem","position":1,"name":"Home","item":"https:\/\/continent.lv\/"},{"@type":"ListItem","position":2,"name":"Veikals","item":"https:\/\/continent.lv\/shop\/"},{"@type":"ListItem","position":3,"name":"LG 55QNED84A3C, 55&#8243; QNED 2025"}]},{"@type":"WebSite","@id":"https:\/\/continent.lv\/#website","url":"https:\/\/continent.lv\/","name":"Continent.lv","description":"Sadz\u012bves pre\u010du internetveikals","publisher":{"@id":"https:\/\/continent.lv\/#organization"},"potentialAction":[{"@type":"SearchAction","target":{"@type":"EntryPoint","urlTemplate":"https:\/\/continent.lv\/?s={search_term_string}"},"query-input":{"@type":"PropertyValueSpecification","valueRequired":true,"valueName":"search_term_string"}}],"inLanguage":"ru-RU"},{"@type":"Organization","@id":"https:\/\/continent.lv\/#organization","name":"Continent.lv","url":"https:\/\/continent.lv\/","logo":{"@type":"ImageObject","inLanguage":"ru-RU","@id":"https:\/\/continent.lv\/#\/schema\/logo\/image\/","url":"https:\/\/continent.lv\/wp-content\/uploads\/2026\/05\/logo_continent_5nwv-jh.jpg","contentUrl":"https:\/\/continent.lv\/wp-content\/uploads\/2026\/05\/logo_continent_5nwv-jh.jpg","width":221,"height":50,"caption":"Continent.lv"},"image":{"@id":"https:\/\/continent.lv\/#\/schema\/logo\/image\/"}}]}},"_links":{"self":[{"href":"https:\/\/continent.lv\/ru\/wp-json\/wp\/v2\/product\/48375","targetHints":{"allow":["GET"]}}],"collection":[{"href":"https:\/\/continent.lv\/ru\/wp-json\/wp\/v2\/product"}],"about":[{"href":"https:\/\/continent.lv\/ru\/wp-json\/wp\/v2\/types\/product"}],"replies":[{"embeddable":true,"href":"https:\/\/continent.lv\/ru\/wp-json\/wp\/v2\/comments?post=48375"}],"wp:featuredmedia":[{"embeddable":true,"href":"https:\/\/continent.lv\/ru\/wp-json\/wp\/v2\/media\/48365"}],"wp:attachment":[{"href":"https:\/\/continent.lv\/ru\/wp-json\/wp\/v2\/media?parent=48375"}],"wp:term":[{"taxonomy":"product_brand","embeddable":true,"href":"https:\/\/continent.lv\/ru\/wp-json\/wp\/v2\/product_brand?post=48375"},{"taxonomy":"product_cat","embeddable":true,"href":"https:\/\/continent.lv\/ru\/wp-json\/wp\/v2\/product_cat?post=48375"},{"taxonomy":"product_tag","embeddable":true,"href":"https:\/\/continent.lv\/ru\/wp-json\/wp\/v2\/product_tag?post=48375"}],"curies":[{"name":"wp","href":"https:\/\/api.w.org\/{rel}","templated":true}]}}