{"id":48358,"date":"2026-05-01T10:00:47","date_gmt":"2026-05-01T10:00:47","guid":{"rendered":"https:\/\/continent.lv\/product\/samsung-rs70f65qeteo-side-by-side-no-frost\/"},"modified":"2026-05-01T10:00:47","modified_gmt":"2026-05-01T10:00:47","slug":"samsung-rs70f65qeteo-side-by-side-no-frost","status":"publish","type":"product","link":"https:\/\/continent.lv\/ru\/product\/samsung-rs70f65qeteo-side-by-side-no-frost\/","title":{"rendered":"Samsung RS70F65QETEO Side by side No Frost"},"content":{"rendered":"<p>S\u0113rija:\u00a0 \u00a0 Samsung BESPOKE\u00a0\u00a0<\/p>\n<p>Tips:\u00a0 \u00a0 Side-by-side leduskapis\u00a0\u00a0<br \/>Izvieto\u0161ana:\u00a0 \u00a0 Br\u012bvi st\u0101vo\u0161s\u00a0\u00a0<br \/>Sald\u0113tavas izvietojums:\u00a0 \u00a0 Kreis\u0101 pus\u0113\u00a0\u00a0<br \/>Izm\u0113ri (AxPxDz):\u00a0 \u00a0 178.4 x 91,2 x 72,6 cm\u00a0 \u00a0<br \/>Energoefektivit\u0101tes klase:\u00a0 \u00a0 E\u00a0\u00a0<br \/>Ener\u0123ijas pat\u0113ri\u0146\u0161:\u00a0 \u00a0 364 kWh\/ gad\u0101\u00a0 \u00a0<br \/>Kop\u0113jais tilpums:\u00a0 \u00a0 659 L L\u00a0 \u00a0<br \/>Ledusskapja tilpums:\u00a0 \u00a0 420 L\u00a0 \u00a0<br \/>Sald\u0113tavas tilpums:\u00a0 \u00a0 239 L\u00a0 \u00a0<br \/>\u0421\u0438\u0441\u0442\u0435\u043c\u0430 \u0440\u0430\u0437\u043c\u043e\u0440\u0430\u0436\u0438\u0432\u0430\u043d\u0438\u044f<br \/>No Frost (Frost Free):\u00a0 \u00a0 Full No Frost\u00a0 \u00a0<br \/>Ledusskapja atkaus\u0113\u0161ana:\u00a0 \u00a0 Autom\u0101tiska\u00a0 \u00a0<br \/>Sald\u0113tavas atkaus\u0113\u0161ana:\u00a0 \u00a0 Autom\u0101tiska\u00a0 \u00a0<br \/>Vad\u012bbas tips:\u00a0 \u00a0 Sk\u0101rienjut\u012bga vad\u012bba\u00a0 \u00a0<br \/>Displejs:\u00a0 \u00a0 Simple UX\u00a0 \u00a0<br \/>\u0424\u0443\u043d\u043a\u0446\u0438\u0438<br \/>\u0100tr\u0101 atdzes\u0113\u0161ana:\u00a0 \u00a0 Ir\u00a0 \u00a0<br \/>\u0100tr\u0101 sasald\u0113\u0161ana:\u00a0 \u00a0 Ir\u00a0 \u00a0<br \/>Br\u012bvdienu re\u017e\u012bms:\u00a0 \u00a0 Ir\u00a0 \u00a0<br \/>\u0423\u043d\u0438\u043a\u0430\u043b\u044c\u043d\u044b\u0435 \u0441\u0432\u043e\u0439\u0441\u0442\u0432\u0430<br \/>Temperat\u016bras izmai\u0146as signaliz\u0101cija:\u00a0 \u00a0 Ir\u00a0 \u00a0<br \/>Wi-Fi:\u00a0 \u00a0 Ir\u00a0 \u00a0<br \/>Nulles zona:\u00a0 \u00a0 Nav\u00a0\u00a0<br \/>Svaiguma zona:\u00a0 \u00a0 Ir\u00a0\u00a0<br \/>Plaukts pudel\u0113m:\u00a0 \u00a0 Nav\u00a0 \u00a0<br \/>\u016adens piesl\u0113gums:\u00a0 \u00a0 Nav\u00a0\u00a0<br \/>Ledus \u0123enerators:\u00a0 \u00a0 Ir\u00a0\u00a0<br \/>Dispensers:\u00a0 \u00a0 Nav\u00a0\u00a0<br \/>Plauktu tips:\u00a0 \u00a0 R\u016bd\u012btais stikls\u00a0 \u00a0<br \/>Termostats:\u00a0 \u00a0 Elektronisks\u00a0 \u00a0<br \/>Sald\u0113tavas nodal\u012bjumi:\u00a0 \u00a0 6\u00a0\u00a0<br \/>Sald\u0113\u0161anas jauda:\u00a0 \u00a0 14 kg\/24h kg\/24st\u00a0 \u00a0<br \/>Klimata klase:\u00a0 \u00a0 ST (no +18 l\u012bdz +38\u00b0\u0421)\u00a0\u00a0<br \/>Sald\u0113tavas kameras klimatisk\u0101 klase:\u00a0 \u00a0 t**** (L\u012bdz -24C)\u00a0 \u00a0<br \/>Temp. saglab\u0101\u0161anas ilgums elektroen. atsl. gad\u012bjum\u0101:\u00a0 \u00a0 7 h st\u00a0 \u00a0<br \/>Trok\u0161\u0146a l\u012bmenis:\u00a0 \u00a0 36 dB dB\u00a0\u00a0<br \/>Abpus\u0113ji veram\u0101s durvis:\u00a0 \u00a0 Nav\u00a0\u00a0<br \/>Kr\u0101sa:\u00a0 \u00a0 Ner\u016bs\u0113jo\u0161\u0101 t\u0113rauda (MATT DOI)\u00a0 \u00a0<\/p><\/p>","protected":false},"excerpt":{"rendered":"<p>S\u0113rija:\u00a0 \u00a0 Samsung BESPOKE\u00a0\u00a0 Tips:\u00a0 \u00a0 Side-by-side leduskapis\u00a0\u00a0Izvieto\u0161ana:\u00a0 \u00a0 Br\u012bvi st\u0101vo\u0161s\u00a0\u00a0Sald\u0113tavas izvietojums:\u00a0 \u00a0 Kreis\u0101 pus\u0113\u00a0\u00a0Izm\u0113ri (AxPxDz):\u00a0 \u00a0 178.4 x 91,2 x 72,6 cm\u00a0 \u00a0Energoefektivit\u0101tes klase:\u00a0 \u00a0 E\u00a0\u00a0Ener\u0123ijas pat\u0113ri\u0146\u0161:\u00a0 \u00a0 364 kWh\/ gad\u0101\u00a0 \u00a0Kop\u0113jais tilpums:\u00a0 \u00a0 659 L L\u00a0 \u00a0Ledusskapja tilpums:\u00a0 \u00a0 420 L\u00a0 \u00a0Sald\u0113tavas tilpums:\u00a0 \u00a0 239 L\u00a0 \u00a0Atkaus\u0113\u0161anas sist\u0113maNo Frost (Frost Free):\u00a0 \u00a0 Full [&hellip;]<\/p>\n","protected":false},"featured_media":48352,"comment_status":"open","ping_status":"closed","template":"","meta":{"_joinchat":[]},"product_brand":[139],"product_cat":[272],"product_tag":[],"class_list":{"0":"post-48358","1":"product","2":"type-product","3":"status-publish","4":"has-post-thumbnail","6":"product_brand-samsung","7":"product_cat-sadzives-tehnika-ledusskapji","9":"first","10":"instock","11":"shipping-taxable","12":"purchasable","13":"product-type-simple"},"yoast_head":"<!-- This site is optimized with the Yoast SEO plugin v27.5 - https:\/\/yoast.com\/product\/yoast-seo-wordpress\/ -->\n<title>Samsung RS70F65QETEO Side by side No Frost - Continent.lv<\/title>\n<meta name=\"robots\" content=\"index, follow, max-snippet:-1, max-image-preview:large, max-video-preview:-1\" \/>\n<link rel=\"canonical\" href=\"https:\/\/continent.lv\/ru\/product\/samsung-rs70f65qeteo-side-by-side-no-frost\/\" \/>\n<meta property=\"og:locale\" content=\"ru_RU\" \/>\n<meta property=\"og:type\" content=\"article\" \/>\n<meta property=\"og:title\" content=\"Samsung RS70F65QETEO Side by side No Frost - Continent.lv\" \/>\n<meta property=\"og:description\" content=\"S\u0113rija:\u00a0 \u00a0 Samsung BESPOKE\u00a0\u00a0 Tips:\u00a0 \u00a0 Side-by-side leduskapis\u00a0\u00a0Izvieto\u0161ana:\u00a0 \u00a0 Br\u012bvi st\u0101vo\u0161s\u00a0\u00a0Sald\u0113tavas izvietojums:\u00a0 \u00a0 Kreis\u0101 pus\u0113\u00a0\u00a0Izm\u0113ri (AxPxDz):\u00a0 \u00a0 178.4 x 91,2 x 72,6 cm\u00a0 \u00a0Energoefektivit\u0101tes klase:\u00a0 \u00a0 E\u00a0\u00a0Ener\u0123ijas pat\u0113ri\u0146\u0161:\u00a0 \u00a0 364 kWh\/ gad\u0101\u00a0 \u00a0Kop\u0113jais tilpums:\u00a0 \u00a0 659 L L\u00a0 \u00a0Ledusskapja tilpums:\u00a0 \u00a0 420 L\u00a0 \u00a0Sald\u0113tavas tilpums:\u00a0 \u00a0 239 L\u00a0 \u00a0Atkaus\u0113\u0161anas sist\u0113maNo Frost (Frost Free):\u00a0 \u00a0 Full [&hellip;]\" \/>\n<meta property=\"og:url\" content=\"https:\/\/continent.lv\/ru\/product\/samsung-rs70f65qeteo-side-by-side-no-frost\/\" \/>\n<meta property=\"og:site_name\" content=\"Continent.lv\" \/>\n<meta property=\"og:image\" content=\"https:\/\/continent.lv\/wp-content\/uploads\/2026\/05\/22_sns4-s5.jpeg\" \/>\n\t<meta property=\"og:image:width\" content=\"1054\" \/>\n\t<meta property=\"og:image:height\" content=\"1300\" \/>\n\t<meta property=\"og:image:type\" content=\"image\/jpeg\" \/>\n<meta name=\"twitter:card\" content=\"summary_large_image\" \/>\n<meta name=\"twitter:label1\" content=\"\u041f\u0440\u0438\u043c\u0435\u0440\u043d\u043e\u0435 \u0432\u0440\u0435\u043c\u044f \u0434\u043b\u044f \u0447\u0442\u0435\u043d\u0438\u044f\" \/>\n\t<meta name=\"twitter:data1\" content=\"2 \u043c\u0438\u043d\u0443\u0442\u044b\" \/>\n<script type=\"application\/ld+json\" class=\"yoast-schema-graph\">{\"@context\":\"https:\\\/\\\/schema.org\",\"@graph\":[{\"@type\":\"WebPage\",\"@id\":\"https:\\\/\\\/continent.lv\\\/product\\\/samsung-rs70f65qeteo-side-by-side-no-frost\\\/\",\"url\":\"https:\\\/\\\/continent.lv\\\/product\\\/samsung-rs70f65qeteo-side-by-side-no-frost\\\/\",\"name\":\"Samsung RS70F65QETEO Side by side No Frost - Continent.lv\",\"isPartOf\":{\"@id\":\"https:\\\/\\\/continent.lv\\\/#website\"},\"primaryImageOfPage\":{\"@id\":\"https:\\\/\\\/continent.lv\\\/product\\\/samsung-rs70f65qeteo-side-by-side-no-frost\\\/#primaryimage\"},\"image\":{\"@id\":\"https:\\\/\\\/continent.lv\\\/product\\\/samsung-rs70f65qeteo-side-by-side-no-frost\\\/#primaryimage\"},\"thumbnailUrl\":\"https:\\\/\\\/continent.lv\\\/wp-content\\\/uploads\\\/2026\\\/05\\\/22_sns4-s5.jpeg\",\"datePublished\":\"2026-05-01T10:00:47+00:00\",\"breadcrumb\":{\"@id\":\"https:\\\/\\\/continent.lv\\\/product\\\/samsung-rs70f65qeteo-side-by-side-no-frost\\\/#breadcrumb\"},\"inLanguage\":\"ru-RU\",\"potentialAction\":[{\"@type\":\"ReadAction\",\"target\":[\"https:\\\/\\\/continent.lv\\\/product\\\/samsung-rs70f65qeteo-side-by-side-no-frost\\\/\"]}]},{\"@type\":\"ImageObject\",\"inLanguage\":\"ru-RU\",\"@id\":\"https:\\\/\\\/continent.lv\\\/product\\\/samsung-rs70f65qeteo-side-by-side-no-frost\\\/#primaryimage\",\"url\":\"https:\\\/\\\/continent.lv\\\/wp-content\\\/uploads\\\/2026\\\/05\\\/22_sns4-s5.jpeg\",\"contentUrl\":\"https:\\\/\\\/continent.lv\\\/wp-content\\\/uploads\\\/2026\\\/05\\\/22_sns4-s5.jpeg\",\"width\":1054,\"height\":1300},{\"@type\":\"BreadcrumbList\",\"@id\":\"https:\\\/\\\/continent.lv\\\/product\\\/samsung-rs70f65qeteo-side-by-side-no-frost\\\/#breadcrumb\",\"itemListElement\":[{\"@type\":\"ListItem\",\"position\":1,\"name\":\"Home\",\"item\":\"https:\\\/\\\/continent.lv\\\/\"},{\"@type\":\"ListItem\",\"position\":2,\"name\":\"Veikals\",\"item\":\"https:\\\/\\\/continent.lv\\\/shop\\\/\"},{\"@type\":\"ListItem\",\"position\":3,\"name\":\"Samsung RS70F65QETEO Side by side No Frost\"}]},{\"@type\":\"WebSite\",\"@id\":\"https:\\\/\\\/continent.lv\\\/#website\",\"url\":\"https:\\\/\\\/continent.lv\\\/\",\"name\":\"Continent.lv\",\"description\":\"Sadz\u012bves pre\u010du internetveikals\",\"publisher\":{\"@id\":\"https:\\\/\\\/continent.lv\\\/#organization\"},\"potentialAction\":[{\"@type\":\"SearchAction\",\"target\":{\"@type\":\"EntryPoint\",\"urlTemplate\":\"https:\\\/\\\/continent.lv\\\/?s={search_term_string}\"},\"query-input\":{\"@type\":\"PropertyValueSpecification\",\"valueRequired\":true,\"valueName\":\"search_term_string\"}}],\"inLanguage\":\"ru-RU\"},{\"@type\":\"Organization\",\"@id\":\"https:\\\/\\\/continent.lv\\\/#organization\",\"name\":\"Continent.lv\",\"url\":\"https:\\\/\\\/continent.lv\\\/\",\"logo\":{\"@type\":\"ImageObject\",\"inLanguage\":\"ru-RU\",\"@id\":\"https:\\\/\\\/continent.lv\\\/#\\\/schema\\\/logo\\\/image\\\/\",\"url\":\"https:\\\/\\\/continent.lv\\\/wp-content\\\/uploads\\\/2026\\\/05\\\/logo_continent_5nwv-jh.jpg\",\"contentUrl\":\"https:\\\/\\\/continent.lv\\\/wp-content\\\/uploads\\\/2026\\\/05\\\/logo_continent_5nwv-jh.jpg\",\"width\":221,\"height\":50,\"caption\":\"Continent.lv\"},\"image\":{\"@id\":\"https:\\\/\\\/continent.lv\\\/#\\\/schema\\\/logo\\\/image\\\/\"}}]}<\/script>\n<!-- \/ Yoast SEO plugin. -->","yoast_head_json":{"title":"Samsung RS70F65QETEO Side by side No Frost - Continent.lv","robots":{"index":"index","follow":"follow","max-snippet":"max-snippet:-1","max-image-preview":"max-image-preview:large","max-video-preview":"max-video-preview:-1"},"canonical":"https:\/\/continent.lv\/ru\/product\/samsung-rs70f65qeteo-side-by-side-no-frost\/","og_locale":"ru_RU","og_type":"article","og_title":"Samsung RS70F65QETEO Side by side No Frost - Continent.lv","og_description":"S\u0113rija:\u00a0 \u00a0 Samsung BESPOKE\u00a0\u00a0 Tips:\u00a0 \u00a0 Side-by-side leduskapis\u00a0\u00a0Izvieto\u0161ana:\u00a0 \u00a0 Br\u012bvi st\u0101vo\u0161s\u00a0\u00a0Sald\u0113tavas izvietojums:\u00a0 \u00a0 Kreis\u0101 pus\u0113\u00a0\u00a0Izm\u0113ri (AxPxDz):\u00a0 \u00a0 178.4 x 91,2 x 72,6 cm\u00a0 \u00a0Energoefektivit\u0101tes klase:\u00a0 \u00a0 E\u00a0\u00a0Ener\u0123ijas pat\u0113ri\u0146\u0161:\u00a0 \u00a0 364 kWh\/ gad\u0101\u00a0 \u00a0Kop\u0113jais tilpums:\u00a0 \u00a0 659 L L\u00a0 \u00a0Ledusskapja tilpums:\u00a0 \u00a0 420 L\u00a0 \u00a0Sald\u0113tavas tilpums:\u00a0 \u00a0 239 L\u00a0 \u00a0Atkaus\u0113\u0161anas sist\u0113maNo Frost (Frost Free):\u00a0 \u00a0 Full [&hellip;]","og_url":"https:\/\/continent.lv\/ru\/product\/samsung-rs70f65qeteo-side-by-side-no-frost\/","og_site_name":"Continent.lv","og_image":[{"width":1054,"height":1300,"url":"https:\/\/continent.lv\/wp-content\/uploads\/2026\/05\/22_sns4-s5.jpeg","type":"image\/jpeg"}],"twitter_card":"summary_large_image","twitter_misc":{"\u041f\u0440\u0438\u043c\u0435\u0440\u043d\u043e\u0435 \u0432\u0440\u0435\u043c\u044f \u0434\u043b\u044f \u0447\u0442\u0435\u043d\u0438\u044f":"2 \u043c\u0438\u043d\u0443\u0442\u044b"},"schema":{"@context":"https:\/\/schema.org","@graph":[{"@type":"WebPage","@id":"https:\/\/continent.lv\/product\/samsung-rs70f65qeteo-side-by-side-no-frost\/","url":"https:\/\/continent.lv\/product\/samsung-rs70f65qeteo-side-by-side-no-frost\/","name":"Samsung RS70F65QETEO Side by side No Frost - Continent.lv","isPartOf":{"@id":"https:\/\/continent.lv\/#website"},"primaryImageOfPage":{"@id":"https:\/\/continent.lv\/product\/samsung-rs70f65qeteo-side-by-side-no-frost\/#primaryimage"},"image":{"@id":"https:\/\/continent.lv\/product\/samsung-rs70f65qeteo-side-by-side-no-frost\/#primaryimage"},"thumbnailUrl":"https:\/\/continent.lv\/wp-content\/uploads\/2026\/05\/22_sns4-s5.jpeg","datePublished":"2026-05-01T10:00:47+00:00","breadcrumb":{"@id":"https:\/\/continent.lv\/product\/samsung-rs70f65qeteo-side-by-side-no-frost\/#breadcrumb"},"inLanguage":"ru-RU","potentialAction":[{"@type":"ReadAction","target":["https:\/\/continent.lv\/product\/samsung-rs70f65qeteo-side-by-side-no-frost\/"]}]},{"@type":"ImageObject","inLanguage":"ru-RU","@id":"https:\/\/continent.lv\/product\/samsung-rs70f65qeteo-side-by-side-no-frost\/#primaryimage","url":"https:\/\/continent.lv\/wp-content\/uploads\/2026\/05\/22_sns4-s5.jpeg","contentUrl":"https:\/\/continent.lv\/wp-content\/uploads\/2026\/05\/22_sns4-s5.jpeg","width":1054,"height":1300},{"@type":"BreadcrumbList","@id":"https:\/\/continent.lv\/product\/samsung-rs70f65qeteo-side-by-side-no-frost\/#breadcrumb","itemListElement":[{"@type":"ListItem","position":1,"name":"Home","item":"https:\/\/continent.lv\/"},{"@type":"ListItem","position":2,"name":"Veikals","item":"https:\/\/continent.lv\/shop\/"},{"@type":"ListItem","position":3,"name":"Samsung RS70F65QETEO Side by side No Frost"}]},{"@type":"WebSite","@id":"https:\/\/continent.lv\/#website","url":"https:\/\/continent.lv\/","name":"Continent.lv","description":"Sadz\u012bves pre\u010du internetveikals","publisher":{"@id":"https:\/\/continent.lv\/#organization"},"potentialAction":[{"@type":"SearchAction","target":{"@type":"EntryPoint","urlTemplate":"https:\/\/continent.lv\/?s={search_term_string}"},"query-input":{"@type":"PropertyValueSpecification","valueRequired":true,"valueName":"search_term_string"}}],"inLanguage":"ru-RU"},{"@type":"Organization","@id":"https:\/\/continent.lv\/#organization","name":"Continent.lv","url":"https:\/\/continent.lv\/","logo":{"@type":"ImageObject","inLanguage":"ru-RU","@id":"https:\/\/continent.lv\/#\/schema\/logo\/image\/","url":"https:\/\/continent.lv\/wp-content\/uploads\/2026\/05\/logo_continent_5nwv-jh.jpg","contentUrl":"https:\/\/continent.lv\/wp-content\/uploads\/2026\/05\/logo_continent_5nwv-jh.jpg","width":221,"height":50,"caption":"Continent.lv"},"image":{"@id":"https:\/\/continent.lv\/#\/schema\/logo\/image\/"}}]}},"_links":{"self":[{"href":"https:\/\/continent.lv\/ru\/wp-json\/wp\/v2\/product\/48358","targetHints":{"allow":["GET"]}}],"collection":[{"href":"https:\/\/continent.lv\/ru\/wp-json\/wp\/v2\/product"}],"about":[{"href":"https:\/\/continent.lv\/ru\/wp-json\/wp\/v2\/types\/product"}],"replies":[{"embeddable":true,"href":"https:\/\/continent.lv\/ru\/wp-json\/wp\/v2\/comments?post=48358"}],"wp:featuredmedia":[{"embeddable":true,"href":"https:\/\/continent.lv\/ru\/wp-json\/wp\/v2\/media\/48352"}],"wp:attachment":[{"href":"https:\/\/continent.lv\/ru\/wp-json\/wp\/v2\/media?parent=48358"}],"wp:term":[{"taxonomy":"product_brand","embeddable":true,"href":"https:\/\/continent.lv\/ru\/wp-json\/wp\/v2\/product_brand?post=48358"},{"taxonomy":"product_cat","embeddable":true,"href":"https:\/\/continent.lv\/ru\/wp-json\/wp\/v2\/product_cat?post=48358"},{"taxonomy":"product_tag","embeddable":true,"href":"https:\/\/continent.lv\/ru\/wp-json\/wp\/v2\/product_tag?post=48358"}],"curies":[{"name":"wp","href":"https:\/\/api.w.org\/{rel}","templated":true}]}}