{"id":48298,"date":"2026-05-01T09:58:33","date_gmt":"2026-05-01T09:58:33","guid":{"rendered":"https:\/\/continent.lv\/product\/sony-playstation-portal\/"},"modified":"2026-05-01T09:58:33","modified_gmt":"2026-05-01T09:58:33","slug":"sony-playstation-portal","status":"publish","type":"product","link":"https:\/\/continent.lv\/ru\/product\/sony-playstation-portal\/","title":{"rendered":"Sony PlayStation Portal"},"content":{"rendered":"<p>Produkta veids\u00a0 \u00a0 \u00a0Sp\u0113\u013cu konsoles<\/p>\n<p>Z\u012bmols\u00a0 \u00a0 \u00a0Sony<br \/>Modelis\u00a0 \u00a0 \u00a0PlayStation Portal\u2122<br \/>Kr\u0101sa\u00a0 \u00a0 \u00a0Balta, Melna<br \/>Sp\u0113\u013cu kontrolieris\u00a0 \u00a0 Citi vad\u012bbas kontrolieri<br \/>Maksim\u0101l\u0101 iz\u0161\u0137irtsp\u0113ja\u00a0 \u00a0 \u00a01920 x 1080<br \/>Augstums\u00a0 \u00a0 \u00a09.5 cm<br \/>Garums\u00a0 \u00a0 \u00a033.7 cm<br \/>Platums\u00a0 \u00a0 \u00a015 cm<br \/>Svars\u00a0 \u00a0 \u00a00.54 kg<br \/>\u041f\u0440\u043e\u0446\u0435\u0441\u0441\u043e\u0440 \u0438 \u043c\u0430\u0442\u0435\u0440\u0438\u043d\u0441\u043a\u0430\u044f \u043f\u043b\u0430\u0442\u0430<br \/>Procesora modelis\u00a0 \u00a0 \u00a0Qualcomm Snapdragon 662<br \/>Procesora frekvence\u00a0 \u00a0 \u00a01 GHz<br \/>\u041e\u043f\u0435\u0440\u0430\u0442\u0438\u0432\u043d\u0430\u044f \u043f\u0430\u043c\u044f\u0442\u044c<br \/>Operat\u012bv\u0101 atmi\u0146a (RAM)\u00a0 \u00a0 \u00a0\u2013<br \/>\u0416\u0451\u0441\u0442\u043a\u0438\u0439 \u0434\u0438\u0441\u043a<br \/>Ciet\u0101 diska tips\u00a0 \u00a0 \u00a0\u2013<br \/>\u041e\u0431\u044a\u0435\u043c \u0434\u0438\u0441\u043a\u0430<br \/>\u00a0 \u00a0 \u2013<br \/>\u0421\u043e\u0435\u0434\u0438\u043d\u0435\u043d\u0438\u044f<br \/>USB portu skaits\u00a0 \u00a0 0<br \/>HDMI piesl\u0113gvietu skaits\u00a0 \u00a0 0<br \/>Savienojumi\u00a0 \u00a0 Wi-Fi<br \/>\u0414\u043e\u043f\u043e\u043b\u043d\u0438\u0442\u0435\u043b\u044c\u043d\u043e<br \/>Papildus inform\u0101cija\u00a0 \u00a0 \u00a0Sp\u0113\u013cu straum\u0113\u0161anai no PlayStation 5 konsoles, izmantojot Wi-Fi t\u012bklu.\u00a0<\/p><\/p>","protected":false},"excerpt":{"rendered":"<p>Produkta veids\u00a0 \u00a0 \u00a0Sp\u0113\u013cu konsoles Z\u012bmols\u00a0 \u00a0 \u00a0SonyModelis\u00a0 \u00a0 \u00a0PlayStation Portal\u2122Kr\u0101sa\u00a0 \u00a0 \u00a0Balta, MelnaSp\u0113\u013cu kontrolieris\u00a0 \u00a0 Citi vad\u012bbas kontrolieriMaksim\u0101l\u0101 iz\u0161\u0137irtsp\u0113ja\u00a0 \u00a0 \u00a01920 x 1080Augstums\u00a0 \u00a0 \u00a09.5 cmGarums\u00a0 \u00a0 \u00a033.7 cmPlatums\u00a0 \u00a0 \u00a015 cmSvars\u00a0 \u00a0 \u00a00.54 kgProcesors un m\u0101tes plateProcesora modelis\u00a0 \u00a0 \u00a0Qualcomm Snapdragon 662Procesora frekvence\u00a0 \u00a0 \u00a01 GHzOperat\u012bv\u0101 atmi\u0146aOperat\u012bv\u0101 atmi\u0146a (RAM)\u00a0 \u00a0 \u00a0\u2013Cietais disksCiet\u0101 diska [&hellip;]<\/p>\n","protected":false},"featured_media":48290,"comment_status":"open","ping_status":"closed","template":"","meta":{"_joinchat":[]},"product_brand":[],"product_cat":[293],"product_tag":[],"class_list":{"0":"post-48298","1":"product","2":"type-product","3":"status-publish","4":"has-post-thumbnail","6":"product_cat-tv-foto-video-audio-televizori-un-aksesuari","8":"first","9":"instock","10":"shipping-taxable","11":"purchasable","12":"product-type-simple"},"yoast_head":"<!-- This site is optimized with the Yoast SEO plugin v27.5 - https:\/\/yoast.com\/product\/yoast-seo-wordpress\/ -->\n<title>Sony PlayStation Portal - Continent.lv<\/title>\n<meta name=\"robots\" content=\"index, follow, max-snippet:-1, max-image-preview:large, max-video-preview:-1\" \/>\n<link rel=\"canonical\" href=\"https:\/\/continent.lv\/ru\/product\/sony-playstation-portal\/\" \/>\n<meta property=\"og:locale\" content=\"ru_RU\" \/>\n<meta property=\"og:type\" content=\"article\" \/>\n<meta property=\"og:title\" content=\"Sony PlayStation Portal - Continent.lv\" \/>\n<meta property=\"og:description\" content=\"Produkta veids\u00a0 \u00a0 \u00a0Sp\u0113\u013cu konsoles Z\u012bmols\u00a0 \u00a0 \u00a0SonyModelis\u00a0 \u00a0 \u00a0PlayStation Portal\u2122Kr\u0101sa\u00a0 \u00a0 \u00a0Balta, MelnaSp\u0113\u013cu kontrolieris\u00a0 \u00a0 Citi vad\u012bbas kontrolieriMaksim\u0101l\u0101 iz\u0161\u0137irtsp\u0113ja\u00a0 \u00a0 \u00a01920 x 1080Augstums\u00a0 \u00a0 \u00a09.5 cmGarums\u00a0 \u00a0 \u00a033.7 cmPlatums\u00a0 \u00a0 \u00a015 cmSvars\u00a0 \u00a0 \u00a00.54 kgProcesors un m\u0101tes plateProcesora modelis\u00a0 \u00a0 \u00a0Qualcomm Snapdragon 662Procesora frekvence\u00a0 \u00a0 \u00a01 GHzOperat\u012bv\u0101 atmi\u0146aOperat\u012bv\u0101 atmi\u0146a (RAM)\u00a0 \u00a0 \u00a0\u2013Cietais disksCiet\u0101 diska [&hellip;]\" \/>\n<meta property=\"og:url\" content=\"https:\/\/continent.lv\/ru\/product\/sony-playstation-portal\/\" \/>\n<meta property=\"og:site_name\" content=\"Continent.lv\" \/>\n<meta property=\"og:image\" content=\"https:\/\/continent.lv\/wp-content\/uploads\/2026\/05\/21_s0ie-xo.jpeg\" \/>\n\t<meta property=\"og:image:width\" content=\"2000\" \/>\n\t<meta property=\"og:image:height\" content=\"911\" \/>\n\t<meta property=\"og:image:type\" content=\"image\/jpeg\" \/>\n<meta name=\"twitter:card\" content=\"summary_large_image\" \/>\n<meta name=\"twitter:label1\" content=\"\u041f\u0440\u0438\u043c\u0435\u0440\u043d\u043e\u0435 \u0432\u0440\u0435\u043c\u044f \u0434\u043b\u044f \u0447\u0442\u0435\u043d\u0438\u044f\" \/>\n\t<meta name=\"twitter:data1\" content=\"1 \u043c\u0438\u043d\u0443\u0442\u0430\" \/>\n<script type=\"application\/ld+json\" class=\"yoast-schema-graph\">{\"@context\":\"https:\\\/\\\/schema.org\",\"@graph\":[{\"@type\":\"WebPage\",\"@id\":\"https:\\\/\\\/continent.lv\\\/product\\\/sony-playstation-portal\\\/\",\"url\":\"https:\\\/\\\/continent.lv\\\/product\\\/sony-playstation-portal\\\/\",\"name\":\"Sony PlayStation Portal - Continent.lv\",\"isPartOf\":{\"@id\":\"https:\\\/\\\/continent.lv\\\/#website\"},\"primaryImageOfPage\":{\"@id\":\"https:\\\/\\\/continent.lv\\\/product\\\/sony-playstation-portal\\\/#primaryimage\"},\"image\":{\"@id\":\"https:\\\/\\\/continent.lv\\\/product\\\/sony-playstation-portal\\\/#primaryimage\"},\"thumbnailUrl\":\"https:\\\/\\\/continent.lv\\\/wp-content\\\/uploads\\\/2026\\\/05\\\/21_s0ie-xo.jpeg\",\"datePublished\":\"2026-05-01T09:58:33+00:00\",\"breadcrumb\":{\"@id\":\"https:\\\/\\\/continent.lv\\\/product\\\/sony-playstation-portal\\\/#breadcrumb\"},\"inLanguage\":\"ru-RU\",\"potentialAction\":[{\"@type\":\"ReadAction\",\"target\":[\"https:\\\/\\\/continent.lv\\\/product\\\/sony-playstation-portal\\\/\"]}]},{\"@type\":\"ImageObject\",\"inLanguage\":\"ru-RU\",\"@id\":\"https:\\\/\\\/continent.lv\\\/product\\\/sony-playstation-portal\\\/#primaryimage\",\"url\":\"https:\\\/\\\/continent.lv\\\/wp-content\\\/uploads\\\/2026\\\/05\\\/21_s0ie-xo.jpeg\",\"contentUrl\":\"https:\\\/\\\/continent.lv\\\/wp-content\\\/uploads\\\/2026\\\/05\\\/21_s0ie-xo.jpeg\",\"width\":2000,\"height\":911},{\"@type\":\"BreadcrumbList\",\"@id\":\"https:\\\/\\\/continent.lv\\\/product\\\/sony-playstation-portal\\\/#breadcrumb\",\"itemListElement\":[{\"@type\":\"ListItem\",\"position\":1,\"name\":\"Home\",\"item\":\"https:\\\/\\\/continent.lv\\\/\"},{\"@type\":\"ListItem\",\"position\":2,\"name\":\"Veikals\",\"item\":\"https:\\\/\\\/continent.lv\\\/shop\\\/\"},{\"@type\":\"ListItem\",\"position\":3,\"name\":\"Sony PlayStation Portal\"}]},{\"@type\":\"WebSite\",\"@id\":\"https:\\\/\\\/continent.lv\\\/#website\",\"url\":\"https:\\\/\\\/continent.lv\\\/\",\"name\":\"Continent.lv\",\"description\":\"Sadz\u012bves pre\u010du internetveikals\",\"publisher\":{\"@id\":\"https:\\\/\\\/continent.lv\\\/#organization\"},\"potentialAction\":[{\"@type\":\"SearchAction\",\"target\":{\"@type\":\"EntryPoint\",\"urlTemplate\":\"https:\\\/\\\/continent.lv\\\/?s={search_term_string}\"},\"query-input\":{\"@type\":\"PropertyValueSpecification\",\"valueRequired\":true,\"valueName\":\"search_term_string\"}}],\"inLanguage\":\"ru-RU\"},{\"@type\":\"Organization\",\"@id\":\"https:\\\/\\\/continent.lv\\\/#organization\",\"name\":\"Continent.lv\",\"url\":\"https:\\\/\\\/continent.lv\\\/\",\"logo\":{\"@type\":\"ImageObject\",\"inLanguage\":\"ru-RU\",\"@id\":\"https:\\\/\\\/continent.lv\\\/#\\\/schema\\\/logo\\\/image\\\/\",\"url\":\"https:\\\/\\\/continent.lv\\\/wp-content\\\/uploads\\\/2026\\\/05\\\/logo_continent_5nwv-jh.jpg\",\"contentUrl\":\"https:\\\/\\\/continent.lv\\\/wp-content\\\/uploads\\\/2026\\\/05\\\/logo_continent_5nwv-jh.jpg\",\"width\":221,\"height\":50,\"caption\":\"Continent.lv\"},\"image\":{\"@id\":\"https:\\\/\\\/continent.lv\\\/#\\\/schema\\\/logo\\\/image\\\/\"}}]}<\/script>\n<!-- \/ Yoast SEO plugin. -->","yoast_head_json":{"title":"Sony PlayStation Portal - Continent.lv","robots":{"index":"index","follow":"follow","max-snippet":"max-snippet:-1","max-image-preview":"max-image-preview:large","max-video-preview":"max-video-preview:-1"},"canonical":"https:\/\/continent.lv\/ru\/product\/sony-playstation-portal\/","og_locale":"ru_RU","og_type":"article","og_title":"Sony PlayStation Portal - Continent.lv","og_description":"Produkta veids\u00a0 \u00a0 \u00a0Sp\u0113\u013cu konsoles Z\u012bmols\u00a0 \u00a0 \u00a0SonyModelis\u00a0 \u00a0 \u00a0PlayStation Portal\u2122Kr\u0101sa\u00a0 \u00a0 \u00a0Balta, MelnaSp\u0113\u013cu kontrolieris\u00a0 \u00a0 Citi vad\u012bbas kontrolieriMaksim\u0101l\u0101 iz\u0161\u0137irtsp\u0113ja\u00a0 \u00a0 \u00a01920 x 1080Augstums\u00a0 \u00a0 \u00a09.5 cmGarums\u00a0 \u00a0 \u00a033.7 cmPlatums\u00a0 \u00a0 \u00a015 cmSvars\u00a0 \u00a0 \u00a00.54 kgProcesors un m\u0101tes plateProcesora modelis\u00a0 \u00a0 \u00a0Qualcomm Snapdragon 662Procesora frekvence\u00a0 \u00a0 \u00a01 GHzOperat\u012bv\u0101 atmi\u0146aOperat\u012bv\u0101 atmi\u0146a (RAM)\u00a0 \u00a0 \u00a0\u2013Cietais disksCiet\u0101 diska [&hellip;]","og_url":"https:\/\/continent.lv\/ru\/product\/sony-playstation-portal\/","og_site_name":"Continent.lv","og_image":[{"width":2000,"height":911,"url":"https:\/\/continent.lv\/wp-content\/uploads\/2026\/05\/21_s0ie-xo.jpeg","type":"image\/jpeg"}],"twitter_card":"summary_large_image","twitter_misc":{"\u041f\u0440\u0438\u043c\u0435\u0440\u043d\u043e\u0435 \u0432\u0440\u0435\u043c\u044f \u0434\u043b\u044f \u0447\u0442\u0435\u043d\u0438\u044f":"1 \u043c\u0438\u043d\u0443\u0442\u0430"},"schema":{"@context":"https:\/\/schema.org","@graph":[{"@type":"WebPage","@id":"https:\/\/continent.lv\/product\/sony-playstation-portal\/","url":"https:\/\/continent.lv\/product\/sony-playstation-portal\/","name":"Sony PlayStation Portal - Continent.lv","isPartOf":{"@id":"https:\/\/continent.lv\/#website"},"primaryImageOfPage":{"@id":"https:\/\/continent.lv\/product\/sony-playstation-portal\/#primaryimage"},"image":{"@id":"https:\/\/continent.lv\/product\/sony-playstation-portal\/#primaryimage"},"thumbnailUrl":"https:\/\/continent.lv\/wp-content\/uploads\/2026\/05\/21_s0ie-xo.jpeg","datePublished":"2026-05-01T09:58:33+00:00","breadcrumb":{"@id":"https:\/\/continent.lv\/product\/sony-playstation-portal\/#breadcrumb"},"inLanguage":"ru-RU","potentialAction":[{"@type":"ReadAction","target":["https:\/\/continent.lv\/product\/sony-playstation-portal\/"]}]},{"@type":"ImageObject","inLanguage":"ru-RU","@id":"https:\/\/continent.lv\/product\/sony-playstation-portal\/#primaryimage","url":"https:\/\/continent.lv\/wp-content\/uploads\/2026\/05\/21_s0ie-xo.jpeg","contentUrl":"https:\/\/continent.lv\/wp-content\/uploads\/2026\/05\/21_s0ie-xo.jpeg","width":2000,"height":911},{"@type":"BreadcrumbList","@id":"https:\/\/continent.lv\/product\/sony-playstation-portal\/#breadcrumb","itemListElement":[{"@type":"ListItem","position":1,"name":"Home","item":"https:\/\/continent.lv\/"},{"@type":"ListItem","position":2,"name":"Veikals","item":"https:\/\/continent.lv\/shop\/"},{"@type":"ListItem","position":3,"name":"Sony PlayStation Portal"}]},{"@type":"WebSite","@id":"https:\/\/continent.lv\/#website","url":"https:\/\/continent.lv\/","name":"Continent.lv","description":"Sadz\u012bves pre\u010du internetveikals","publisher":{"@id":"https:\/\/continent.lv\/#organization"},"potentialAction":[{"@type":"SearchAction","target":{"@type":"EntryPoint","urlTemplate":"https:\/\/continent.lv\/?s={search_term_string}"},"query-input":{"@type":"PropertyValueSpecification","valueRequired":true,"valueName":"search_term_string"}}],"inLanguage":"ru-RU"},{"@type":"Organization","@id":"https:\/\/continent.lv\/#organization","name":"Continent.lv","url":"https:\/\/continent.lv\/","logo":{"@type":"ImageObject","inLanguage":"ru-RU","@id":"https:\/\/continent.lv\/#\/schema\/logo\/image\/","url":"https:\/\/continent.lv\/wp-content\/uploads\/2026\/05\/logo_continent_5nwv-jh.jpg","contentUrl":"https:\/\/continent.lv\/wp-content\/uploads\/2026\/05\/logo_continent_5nwv-jh.jpg","width":221,"height":50,"caption":"Continent.lv"},"image":{"@id":"https:\/\/continent.lv\/#\/schema\/logo\/image\/"}}]}},"_links":{"self":[{"href":"https:\/\/continent.lv\/ru\/wp-json\/wp\/v2\/product\/48298","targetHints":{"allow":["GET"]}}],"collection":[{"href":"https:\/\/continent.lv\/ru\/wp-json\/wp\/v2\/product"}],"about":[{"href":"https:\/\/continent.lv\/ru\/wp-json\/wp\/v2\/types\/product"}],"replies":[{"embeddable":true,"href":"https:\/\/continent.lv\/ru\/wp-json\/wp\/v2\/comments?post=48298"}],"wp:featuredmedia":[{"embeddable":true,"href":"https:\/\/continent.lv\/ru\/wp-json\/wp\/v2\/media\/48290"}],"wp:attachment":[{"href":"https:\/\/continent.lv\/ru\/wp-json\/wp\/v2\/media?parent=48298"}],"wp:term":[{"taxonomy":"product_brand","embeddable":true,"href":"https:\/\/continent.lv\/ru\/wp-json\/wp\/v2\/product_brand?post=48298"},{"taxonomy":"product_cat","embeddable":true,"href":"https:\/\/continent.lv\/ru\/wp-json\/wp\/v2\/product_cat?post=48298"},{"taxonomy":"product_tag","embeddable":true,"href":"https:\/\/continent.lv\/ru\/wp-json\/wp\/v2\/product_tag?post=48298"}],"curies":[{"name":"wp","href":"https:\/\/api.w.org\/{rel}","templated":true}]}}