{"id":48184,"date":"2026-05-01T09:50:25","date_gmt":"2026-05-01T09:50:25","guid":{"rendered":"https:\/\/continent.lv\/product\/blaupunkt-ps05-2db\/"},"modified":"2026-05-01T09:50:25","modified_gmt":"2026-05-01T09:50:25","slug":"blaupunkt-ps05-2db","status":"publish","type":"product","link":"https:\/\/continent.lv\/ru\/product\/blaupunkt-ps05-2db\/","title":{"rendered":"Blaupunkt PS05.2DB"},"content":{"rendered":"<p>Produkta veids\u00a0 \u00a0 \u00a0Ska\u0146as sist\u0113ma<\/p>\n<p>Z\u012bmols\u00a0 \u00a0 \u00a0Blaupunkt<br \/>Modelis\u00a0 \u00a0 \u00a0PS05.2DB<br \/>Ska\u0146as jauda\u00a0 \u00a0 \u00a0800 W<br \/>Atbalst\u012bt\u0101s atmi\u0146as kartes\u00a0 \u00a0 \u00a0\u2013<br \/>Savienojumi\u00a0 \u00a0 \u00a03.5 mm (AUX), USB<br \/>Bluetooth interfeiss\u00a0 \u00a0 \u00a0J\u0101<br \/>WiFi savienojums\u00a0 \u00a0 \u00a0N\u0113<br \/>Garantija\u00a0 \u00a0 \u00a024 m\u0113n<br \/>Platums\u00a0 \u00a0 \u00a021 cm<br \/>Dzi\u013cums\u00a0 \u00a0 \u00a030 cm<br \/>Augstums\u00a0 \u00a0 \u00a061 cm<br \/>Svars\u00a0 \u00a0 \u00a07.5 kg<br \/>Kr\u0101sa\u00a0 \u00a0 \u00a0Melna<br \/>Spriegums\u00a0 \u00a0 \u00a0220 \u2013 240 V<br \/>Atbalst\u012bt\u0101 multivide\u00a0 \u00a0 \u00a0USB<br \/>Audio failu form\u0101ti\u00a0 \u00a0 \u00a0MP3, WMA<br \/>Radio uztv\u0113r\u0113js\u00a0 \u00a0 \u00a0FM<br \/>Interneta radio\u00a0 \u00a0 \u00a0N\u0113<br \/>Karaokes funkcija\u00a0 \u00a0 \u00a0N\u0113<br \/>Att\u0101lin\u0101t\u0101s vad\u012bbas funkcija\u00a0 \u00a0 \u00a0J\u0101<br \/>Ieb\u016bv\u0113ts mikrofons\u00a0 \u00a0 \u00a0J\u0101<br \/>Darb\u012bbas ilgums p\u0113c uzl\u0101des\u00a0 \u00a0 \u00a03 h<br \/>Uzl\u0101des laiks\u00a0 \u00a0 \u00a03 h<br \/>Papildus inform\u0101cija\u00a0 \u00a0 \u00a0Mikrofons ir komplekt\u0101<br \/>Izcelsmes valsts\u00a0 \u00a0 \u00a0\u0136\u012bna\u00a0<\/p><\/p>","protected":false},"excerpt":{"rendered":"<p>Produkta veids\u00a0 \u00a0 \u00a0Ska\u0146as sist\u0113ma Z\u012bmols\u00a0 \u00a0 \u00a0BlaupunktModelis\u00a0 \u00a0 \u00a0PS05.2DBSka\u0146as jauda\u00a0 \u00a0 \u00a0800 WAtbalst\u012bt\u0101s atmi\u0146as kartes\u00a0 \u00a0 \u00a0\u2013Savienojumi\u00a0 \u00a0 \u00a03.5 mm (AUX), USBBluetooth interfeiss\u00a0 \u00a0 \u00a0J\u0101WiFi savienojums\u00a0 \u00a0 \u00a0N\u0113Garantija\u00a0 \u00a0 \u00a024 m\u0113nPlatums\u00a0 \u00a0 \u00a021 cmDzi\u013cums\u00a0 \u00a0 \u00a030 cmAugstums\u00a0 \u00a0 \u00a061 cmSvars\u00a0 \u00a0 \u00a07.5 kgKr\u0101sa\u00a0 \u00a0 \u00a0MelnaSpriegums\u00a0 \u00a0 \u00a0220 \u2013 240 VAtbalst\u012bt\u0101 multivide\u00a0 \u00a0 \u00a0USBAudio failu [&hellip;]<\/p>\n","protected":false},"featured_media":48178,"comment_status":"open","ping_status":"closed","template":"","meta":{"_joinchat":[]},"product_brand":[],"product_cat":[304],"product_tag":[],"class_list":{"0":"post-48184","1":"product","2":"type-product","3":"status-publish","4":"has-post-thumbnail","6":"product_cat-tv-foto-video-audio-audio-aparatura-skalruni","8":"first","9":"instock","10":"shipping-taxable","11":"purchasable","12":"product-type-simple"},"yoast_head":"<!-- This site is optimized with the Yoast SEO plugin v27.5 - https:\/\/yoast.com\/product\/yoast-seo-wordpress\/ -->\n<title>Blaupunkt PS05.2DB - Continent.lv<\/title>\n<meta name=\"robots\" content=\"index, follow, max-snippet:-1, max-image-preview:large, max-video-preview:-1\" \/>\n<link rel=\"canonical\" href=\"https:\/\/continent.lv\/ru\/product\/blaupunkt-ps05-2db\/\" \/>\n<meta property=\"og:locale\" content=\"ru_RU\" \/>\n<meta property=\"og:type\" content=\"article\" \/>\n<meta property=\"og:title\" content=\"Blaupunkt PS05.2DB - Continent.lv\" \/>\n<meta property=\"og:description\" content=\"Produkta veids\u00a0 \u00a0 \u00a0Ska\u0146as sist\u0113ma Z\u012bmols\u00a0 \u00a0 \u00a0BlaupunktModelis\u00a0 \u00a0 \u00a0PS05.2DBSka\u0146as jauda\u00a0 \u00a0 \u00a0800 WAtbalst\u012bt\u0101s atmi\u0146as kartes\u00a0 \u00a0 \u00a0\u2013Savienojumi\u00a0 \u00a0 \u00a03.5 mm (AUX), USBBluetooth interfeiss\u00a0 \u00a0 \u00a0J\u0101WiFi savienojums\u00a0 \u00a0 \u00a0N\u0113Garantija\u00a0 \u00a0 \u00a024 m\u0113nPlatums\u00a0 \u00a0 \u00a021 cmDzi\u013cums\u00a0 \u00a0 \u00a030 cmAugstums\u00a0 \u00a0 \u00a061 cmSvars\u00a0 \u00a0 \u00a07.5 kgKr\u0101sa\u00a0 \u00a0 \u00a0MelnaSpriegums\u00a0 \u00a0 \u00a0220 \u2013 240 VAtbalst\u012bt\u0101 multivide\u00a0 \u00a0 \u00a0USBAudio failu [&hellip;]\" \/>\n<meta property=\"og:url\" content=\"https:\/\/continent.lv\/ru\/product\/blaupunkt-ps05-2db\/\" \/>\n<meta property=\"og:site_name\" content=\"Continent.lv\" \/>\n<meta property=\"og:image\" content=\"https:\/\/continent.lv\/wp-content\/uploads\/2026\/05\/21_rynf-dc-400x1024.jpeg\" \/>\n\t<meta property=\"og:image:width\" content=\"400\" \/>\n\t<meta property=\"og:image:height\" content=\"1024\" \/>\n\t<meta property=\"og:image:type\" content=\"image\/jpeg\" \/>\n<meta name=\"twitter:card\" content=\"summary_large_image\" \/>\n<meta name=\"twitter:label1\" content=\"\u041f\u0440\u0438\u043c\u0435\u0440\u043d\u043e\u0435 \u0432\u0440\u0435\u043c\u044f \u0434\u043b\u044f \u0447\u0442\u0435\u043d\u0438\u044f\" \/>\n\t<meta name=\"twitter:data1\" content=\"1 \u043c\u0438\u043d\u0443\u0442\u0430\" \/>\n<script type=\"application\/ld+json\" class=\"yoast-schema-graph\">{\"@context\":\"https:\\\/\\\/schema.org\",\"@graph\":[{\"@type\":\"WebPage\",\"@id\":\"https:\\\/\\\/continent.lv\\\/product\\\/blaupunkt-ps05-2db\\\/\",\"url\":\"https:\\\/\\\/continent.lv\\\/product\\\/blaupunkt-ps05-2db\\\/\",\"name\":\"Blaupunkt PS05.2DB - Continent.lv\",\"isPartOf\":{\"@id\":\"https:\\\/\\\/continent.lv\\\/#website\"},\"primaryImageOfPage\":{\"@id\":\"https:\\\/\\\/continent.lv\\\/product\\\/blaupunkt-ps05-2db\\\/#primaryimage\"},\"image\":{\"@id\":\"https:\\\/\\\/continent.lv\\\/product\\\/blaupunkt-ps05-2db\\\/#primaryimage\"},\"thumbnailUrl\":\"https:\\\/\\\/continent.lv\\\/wp-content\\\/uploads\\\/2026\\\/05\\\/21_rynf-dc.jpeg\",\"datePublished\":\"2026-05-01T09:50:25+00:00\",\"breadcrumb\":{\"@id\":\"https:\\\/\\\/continent.lv\\\/product\\\/blaupunkt-ps05-2db\\\/#breadcrumb\"},\"inLanguage\":\"ru-RU\",\"potentialAction\":[{\"@type\":\"ReadAction\",\"target\":[\"https:\\\/\\\/continent.lv\\\/product\\\/blaupunkt-ps05-2db\\\/\"]}]},{\"@type\":\"ImageObject\",\"inLanguage\":\"ru-RU\",\"@id\":\"https:\\\/\\\/continent.lv\\\/product\\\/blaupunkt-ps05-2db\\\/#primaryimage\",\"url\":\"https:\\\/\\\/continent.lv\\\/wp-content\\\/uploads\\\/2026\\\/05\\\/21_rynf-dc.jpeg\",\"contentUrl\":\"https:\\\/\\\/continent.lv\\\/wp-content\\\/uploads\\\/2026\\\/05\\\/21_rynf-dc.jpeg\",\"width\":2000,\"height\":5118},{\"@type\":\"BreadcrumbList\",\"@id\":\"https:\\\/\\\/continent.lv\\\/product\\\/blaupunkt-ps05-2db\\\/#breadcrumb\",\"itemListElement\":[{\"@type\":\"ListItem\",\"position\":1,\"name\":\"Home\",\"item\":\"https:\\\/\\\/continent.lv\\\/\"},{\"@type\":\"ListItem\",\"position\":2,\"name\":\"Veikals\",\"item\":\"https:\\\/\\\/continent.lv\\\/shop\\\/\"},{\"@type\":\"ListItem\",\"position\":3,\"name\":\"Blaupunkt PS05.2DB\"}]},{\"@type\":\"WebSite\",\"@id\":\"https:\\\/\\\/continent.lv\\\/#website\",\"url\":\"https:\\\/\\\/continent.lv\\\/\",\"name\":\"Continent.lv\",\"description\":\"Sadz\u012bves pre\u010du internetveikals\",\"publisher\":{\"@id\":\"https:\\\/\\\/continent.lv\\\/#organization\"},\"potentialAction\":[{\"@type\":\"SearchAction\",\"target\":{\"@type\":\"EntryPoint\",\"urlTemplate\":\"https:\\\/\\\/continent.lv\\\/?s={search_term_string}\"},\"query-input\":{\"@type\":\"PropertyValueSpecification\",\"valueRequired\":true,\"valueName\":\"search_term_string\"}}],\"inLanguage\":\"ru-RU\"},{\"@type\":\"Organization\",\"@id\":\"https:\\\/\\\/continent.lv\\\/#organization\",\"name\":\"Continent.lv\",\"url\":\"https:\\\/\\\/continent.lv\\\/\",\"logo\":{\"@type\":\"ImageObject\",\"inLanguage\":\"ru-RU\",\"@id\":\"https:\\\/\\\/continent.lv\\\/#\\\/schema\\\/logo\\\/image\\\/\",\"url\":\"https:\\\/\\\/continent.lv\\\/wp-content\\\/uploads\\\/2026\\\/05\\\/logo_continent_5nwv-jh.jpg\",\"contentUrl\":\"https:\\\/\\\/continent.lv\\\/wp-content\\\/uploads\\\/2026\\\/05\\\/logo_continent_5nwv-jh.jpg\",\"width\":221,\"height\":50,\"caption\":\"Continent.lv\"},\"image\":{\"@id\":\"https:\\\/\\\/continent.lv\\\/#\\\/schema\\\/logo\\\/image\\\/\"}}]}<\/script>\n<!-- \/ Yoast SEO plugin. -->","yoast_head_json":{"title":"Blaupunkt PS05.2DB - Continent.lv","robots":{"index":"index","follow":"follow","max-snippet":"max-snippet:-1","max-image-preview":"max-image-preview:large","max-video-preview":"max-video-preview:-1"},"canonical":"https:\/\/continent.lv\/ru\/product\/blaupunkt-ps05-2db\/","og_locale":"ru_RU","og_type":"article","og_title":"Blaupunkt PS05.2DB - Continent.lv","og_description":"Produkta veids\u00a0 \u00a0 \u00a0Ska\u0146as sist\u0113ma Z\u012bmols\u00a0 \u00a0 \u00a0BlaupunktModelis\u00a0 \u00a0 \u00a0PS05.2DBSka\u0146as jauda\u00a0 \u00a0 \u00a0800 WAtbalst\u012bt\u0101s atmi\u0146as kartes\u00a0 \u00a0 \u00a0\u2013Savienojumi\u00a0 \u00a0 \u00a03.5 mm (AUX), USBBluetooth interfeiss\u00a0 \u00a0 \u00a0J\u0101WiFi savienojums\u00a0 \u00a0 \u00a0N\u0113Garantija\u00a0 \u00a0 \u00a024 m\u0113nPlatums\u00a0 \u00a0 \u00a021 cmDzi\u013cums\u00a0 \u00a0 \u00a030 cmAugstums\u00a0 \u00a0 \u00a061 cmSvars\u00a0 \u00a0 \u00a07.5 kgKr\u0101sa\u00a0 \u00a0 \u00a0MelnaSpriegums\u00a0 \u00a0 \u00a0220 \u2013 240 VAtbalst\u012bt\u0101 multivide\u00a0 \u00a0 \u00a0USBAudio failu [&hellip;]","og_url":"https:\/\/continent.lv\/ru\/product\/blaupunkt-ps05-2db\/","og_site_name":"Continent.lv","og_image":[{"width":400,"height":1024,"url":"https:\/\/continent.lv\/wp-content\/uploads\/2026\/05\/21_rynf-dc-400x1024.jpeg","type":"image\/jpeg"}],"twitter_card":"summary_large_image","twitter_misc":{"\u041f\u0440\u0438\u043c\u0435\u0440\u043d\u043e\u0435 \u0432\u0440\u0435\u043c\u044f \u0434\u043b\u044f \u0447\u0442\u0435\u043d\u0438\u044f":"1 \u043c\u0438\u043d\u0443\u0442\u0430"},"schema":{"@context":"https:\/\/schema.org","@graph":[{"@type":"WebPage","@id":"https:\/\/continent.lv\/product\/blaupunkt-ps05-2db\/","url":"https:\/\/continent.lv\/product\/blaupunkt-ps05-2db\/","name":"Blaupunkt PS05.2DB - Continent.lv","isPartOf":{"@id":"https:\/\/continent.lv\/#website"},"primaryImageOfPage":{"@id":"https:\/\/continent.lv\/product\/blaupunkt-ps05-2db\/#primaryimage"},"image":{"@id":"https:\/\/continent.lv\/product\/blaupunkt-ps05-2db\/#primaryimage"},"thumbnailUrl":"https:\/\/continent.lv\/wp-content\/uploads\/2026\/05\/21_rynf-dc.jpeg","datePublished":"2026-05-01T09:50:25+00:00","breadcrumb":{"@id":"https:\/\/continent.lv\/product\/blaupunkt-ps05-2db\/#breadcrumb"},"inLanguage":"ru-RU","potentialAction":[{"@type":"ReadAction","target":["https:\/\/continent.lv\/product\/blaupunkt-ps05-2db\/"]}]},{"@type":"ImageObject","inLanguage":"ru-RU","@id":"https:\/\/continent.lv\/product\/blaupunkt-ps05-2db\/#primaryimage","url":"https:\/\/continent.lv\/wp-content\/uploads\/2026\/05\/21_rynf-dc.jpeg","contentUrl":"https:\/\/continent.lv\/wp-content\/uploads\/2026\/05\/21_rynf-dc.jpeg","width":2000,"height":5118},{"@type":"BreadcrumbList","@id":"https:\/\/continent.lv\/product\/blaupunkt-ps05-2db\/#breadcrumb","itemListElement":[{"@type":"ListItem","position":1,"name":"Home","item":"https:\/\/continent.lv\/"},{"@type":"ListItem","position":2,"name":"Veikals","item":"https:\/\/continent.lv\/shop\/"},{"@type":"ListItem","position":3,"name":"Blaupunkt PS05.2DB"}]},{"@type":"WebSite","@id":"https:\/\/continent.lv\/#website","url":"https:\/\/continent.lv\/","name":"Continent.lv","description":"Sadz\u012bves pre\u010du internetveikals","publisher":{"@id":"https:\/\/continent.lv\/#organization"},"potentialAction":[{"@type":"SearchAction","target":{"@type":"EntryPoint","urlTemplate":"https:\/\/continent.lv\/?s={search_term_string}"},"query-input":{"@type":"PropertyValueSpecification","valueRequired":true,"valueName":"search_term_string"}}],"inLanguage":"ru-RU"},{"@type":"Organization","@id":"https:\/\/continent.lv\/#organization","name":"Continent.lv","url":"https:\/\/continent.lv\/","logo":{"@type":"ImageObject","inLanguage":"ru-RU","@id":"https:\/\/continent.lv\/#\/schema\/logo\/image\/","url":"https:\/\/continent.lv\/wp-content\/uploads\/2026\/05\/logo_continent_5nwv-jh.jpg","contentUrl":"https:\/\/continent.lv\/wp-content\/uploads\/2026\/05\/logo_continent_5nwv-jh.jpg","width":221,"height":50,"caption":"Continent.lv"},"image":{"@id":"https:\/\/continent.lv\/#\/schema\/logo\/image\/"}}]}},"_links":{"self":[{"href":"https:\/\/continent.lv\/ru\/wp-json\/wp\/v2\/product\/48184","targetHints":{"allow":["GET"]}}],"collection":[{"href":"https:\/\/continent.lv\/ru\/wp-json\/wp\/v2\/product"}],"about":[{"href":"https:\/\/continent.lv\/ru\/wp-json\/wp\/v2\/types\/product"}],"replies":[{"embeddable":true,"href":"https:\/\/continent.lv\/ru\/wp-json\/wp\/v2\/comments?post=48184"}],"wp:featuredmedia":[{"embeddable":true,"href":"https:\/\/continent.lv\/ru\/wp-json\/wp\/v2\/media\/48178"}],"wp:attachment":[{"href":"https:\/\/continent.lv\/ru\/wp-json\/wp\/v2\/media?parent=48184"}],"wp:term":[{"taxonomy":"product_brand","embeddable":true,"href":"https:\/\/continent.lv\/ru\/wp-json\/wp\/v2\/product_brand?post=48184"},{"taxonomy":"product_cat","embeddable":true,"href":"https:\/\/continent.lv\/ru\/wp-json\/wp\/v2\/product_cat?post=48184"},{"taxonomy":"product_tag","embeddable":true,"href":"https:\/\/continent.lv\/ru\/wp-json\/wp\/v2\/product_tag?post=48184"}],"curies":[{"name":"wp","href":"https:\/\/api.w.org\/{rel}","templated":true}]}}