{"id":48113,"date":"2026-05-01T09:46:33","date_gmt":"2026-05-01T09:46:33","guid":{"rendered":"https:\/\/continent.lv\/product\/elica-era-c-bl-a-52\/"},"modified":"2026-05-01T09:46:33","modified_gmt":"2026-05-01T09:46:33","slug":"elica-era-c-bl-a-52","status":"publish","type":"product","link":"https:\/\/continent.lv\/ru\/product\/elica-era-c-bl-a-52\/","title":{"rendered":"Elica ERA C BL\/A\/52"},"content":{"rendered":"<p>\u041f\u0440\u043e\u0438\u0437\u0432\u043e\u0434\u0438\u0442\u0435\u043b\u044c Elica<\/p>\n<p>\u041f\u043e\u0434\u0441\u0432\u0435\u0442\u043a\u0430 \u0415\u0441\u0442\u044c<br \/>\u041a\u043b\u0430\u0441\u0441 \u044d\u043d\u0435\u0440\u0433\u043e\u043f\u043e\u0442\u0440\u0435\u0431\u043b\u0435\u043d\u0438\u044f D<br \/>Komplekt\u0101 filtrs\u00a0 N\u0113<br \/>Jaudas interv\u0101ls, m\u00b3\/h 200 \u2013 399<br \/>Ekstrakcijas jauda atbilsto\u0161i IEC 61591, m\u00b3\/h\u00a0 370<br \/>\u0422\u0438\u043f \u043f\u043e\u0434\u043a\u043b\u044e\u0447\u0435\u043d\u0438\u044f \u0432\u044b\u0442\u044f\u0436\u043a\u0438<br \/>\u041f\u043e\u0434\u043a\u043b\u044e\u0447\u0430\u0435\u0442\u0441\u044f \u043a \u0432\u0435\u043d\u0442\u0438\u043b\u044f\u0446\u0438\u043e\u043d\u043d\u043e\u043c\u0443 \u043e\u0442\u0432\u0435\u0440\u0441\u0442\u0438\u044e<br \/>Platuma interv\u0101ls, cm 50 \u2013 59 cm<br \/>\u0426\u0432\u0435\u0442 \u0427\u0435\u0440\u043d\u044b\u0439<br \/>\u0412\u0435\u0441, \u043a\u0433 5.8 \u043a\u0433<br \/>\u0423\u0440\u043e\u0432\u0435\u043d\u044c \u0448\u0443\u043c\u0430 67 \u0434\u0411<br \/>\u0423\u043f\u0440\u0430\u0432\u043b\u0435\u043d\u0438\u0435 \u042d\u043b\u0435\u043a\u0442\u0440\u043e\u043d\u043d\u043e\u0435<br \/>\u0412\u044b\u0441\u043e\u0442\u0430 20.78 \u0441\u043c<br \/>\u0413\u043b\u0443\u0431\u0438\u043d\u0430 30 \u0441\u043c<br \/>\u0428\u0438\u0440\u0438\u043d\u0430 54 \u0441\u043c<\/p><\/p>","protected":false},"excerpt":{"rendered":"<p>Ra\u017eot\u0101js Elica Apgaismojums IrEner\u0123ijas klase DKomplekt\u0101 filtrs\u00a0 N\u0113Jaudas interv\u0101ls, m\u00b3\/h 200 \u2013 399Ekstrakcijas jauda atbilsto\u0161i IEC 61591, m\u00b3\/h\u00a0 370Tvaika nos\u016bc\u0113ja piesl\u0113guma veidsPievienojams ventil\u0101cijas atvereiPlatuma interv\u0101ls, cm 50 \u2013 59 cmKr\u0101sa MelnsSvars, Kg 5.8 kgSka\u013cuma l\u012bmenis 67 dBP\u0101rvald\u012bba Elektronisks\u0410ugstums 20.78 cmDzi\u013cums 30 cmPlatums 54 cm<\/p>","protected":false},"featured_media":48110,"comment_status":"open","ping_status":"closed","template":"","meta":{"_joinchat":[]},"product_brand":[],"product_cat":[298],"product_tag":[],"class_list":{"0":"post-48113","1":"product","2":"type-product","3":"status-publish","4":"has-post-thumbnail","6":"product_cat-iebuvejama-sadzives-tehnika-iebuvejamie-tvaika-nosuceji","8":"first","9":"instock","10":"shipping-taxable","11":"purchasable","12":"product-type-simple"},"yoast_head":"<!-- This site is optimized with the Yoast SEO plugin v27.5 - https:\/\/yoast.com\/product\/yoast-seo-wordpress\/ -->\n<title>Elica ERA C BL\/A\/52 - Continent.lv<\/title>\n<meta name=\"robots\" content=\"index, follow, max-snippet:-1, max-image-preview:large, max-video-preview:-1\" \/>\n<link rel=\"canonical\" href=\"https:\/\/continent.lv\/ru\/product\/elica-era-c-bl-a-52\/\" \/>\n<meta property=\"og:locale\" content=\"ru_RU\" \/>\n<meta property=\"og:type\" content=\"article\" \/>\n<meta property=\"og:title\" content=\"Elica ERA C BL\/A\/52 - Continent.lv\" \/>\n<meta property=\"og:description\" content=\"Ra\u017eot\u0101js Elica Apgaismojums IrEner\u0123ijas klase DKomplekt\u0101 filtrs\u00a0 N\u0113Jaudas interv\u0101ls, m\u00b3\/h 200 \u2013 399Ekstrakcijas jauda atbilsto\u0161i IEC 61591, m\u00b3\/h\u00a0 370Tvaika nos\u016bc\u0113ja piesl\u0113guma veidsPievienojams ventil\u0101cijas atvereiPlatuma interv\u0101ls, cm 50 \u2013 59 cmKr\u0101sa MelnsSvars, Kg 5.8 kgSka\u013cuma l\u012bmenis 67 dBP\u0101rvald\u012bba Elektronisks\u0410ugstums 20.78 cmDzi\u013cums 30 cmPlatums 54 cm\" \/>\n<meta property=\"og:url\" content=\"https:\/\/continent.lv\/ru\/product\/elica-era-c-bl-a-52\/\" \/>\n<meta property=\"og:site_name\" content=\"Continent.lv\" \/>\n<meta property=\"og:image\" content=\"https:\/\/continent.lv\/wp-content\/uploads\/2026\/05\/21_z21x-dr.jpeg\" \/>\n\t<meta property=\"og:image:width\" content=\"870\" \/>\n\t<meta property=\"og:image:height\" content=\"1074\" \/>\n\t<meta property=\"og:image:type\" content=\"image\/jpeg\" \/>\n<meta name=\"twitter:card\" content=\"summary_large_image\" \/>\n<script type=\"application\/ld+json\" class=\"yoast-schema-graph\">{\"@context\":\"https:\\\/\\\/schema.org\",\"@graph\":[{\"@type\":\"WebPage\",\"@id\":\"https:\\\/\\\/continent.lv\\\/product\\\/elica-era-c-bl-a-52\\\/\",\"url\":\"https:\\\/\\\/continent.lv\\\/product\\\/elica-era-c-bl-a-52\\\/\",\"name\":\"Elica ERA C BL\\\/A\\\/52 - Continent.lv\",\"isPartOf\":{\"@id\":\"https:\\\/\\\/continent.lv\\\/#website\"},\"primaryImageOfPage\":{\"@id\":\"https:\\\/\\\/continent.lv\\\/product\\\/elica-era-c-bl-a-52\\\/#primaryimage\"},\"image\":{\"@id\":\"https:\\\/\\\/continent.lv\\\/product\\\/elica-era-c-bl-a-52\\\/#primaryimage\"},\"thumbnailUrl\":\"https:\\\/\\\/continent.lv\\\/wp-content\\\/uploads\\\/2026\\\/05\\\/21_z21x-dr.jpeg\",\"datePublished\":\"2026-05-01T09:46:33+00:00\",\"breadcrumb\":{\"@id\":\"https:\\\/\\\/continent.lv\\\/product\\\/elica-era-c-bl-a-52\\\/#breadcrumb\"},\"inLanguage\":\"ru-RU\",\"potentialAction\":[{\"@type\":\"ReadAction\",\"target\":[\"https:\\\/\\\/continent.lv\\\/product\\\/elica-era-c-bl-a-52\\\/\"]}]},{\"@type\":\"ImageObject\",\"inLanguage\":\"ru-RU\",\"@id\":\"https:\\\/\\\/continent.lv\\\/product\\\/elica-era-c-bl-a-52\\\/#primaryimage\",\"url\":\"https:\\\/\\\/continent.lv\\\/wp-content\\\/uploads\\\/2026\\\/05\\\/21_z21x-dr.jpeg\",\"contentUrl\":\"https:\\\/\\\/continent.lv\\\/wp-content\\\/uploads\\\/2026\\\/05\\\/21_z21x-dr.jpeg\",\"width\":870,\"height\":1074},{\"@type\":\"BreadcrumbList\",\"@id\":\"https:\\\/\\\/continent.lv\\\/product\\\/elica-era-c-bl-a-52\\\/#breadcrumb\",\"itemListElement\":[{\"@type\":\"ListItem\",\"position\":1,\"name\":\"Home\",\"item\":\"https:\\\/\\\/continent.lv\\\/\"},{\"@type\":\"ListItem\",\"position\":2,\"name\":\"Veikals\",\"item\":\"https:\\\/\\\/continent.lv\\\/shop\\\/\"},{\"@type\":\"ListItem\",\"position\":3,\"name\":\"Elica ERA C BL\\\/A\\\/52\"}]},{\"@type\":\"WebSite\",\"@id\":\"https:\\\/\\\/continent.lv\\\/#website\",\"url\":\"https:\\\/\\\/continent.lv\\\/\",\"name\":\"Continent.lv\",\"description\":\"Sadz\u012bves pre\u010du internetveikals\",\"publisher\":{\"@id\":\"https:\\\/\\\/continent.lv\\\/#organization\"},\"potentialAction\":[{\"@type\":\"SearchAction\",\"target\":{\"@type\":\"EntryPoint\",\"urlTemplate\":\"https:\\\/\\\/continent.lv\\\/?s={search_term_string}\"},\"query-input\":{\"@type\":\"PropertyValueSpecification\",\"valueRequired\":true,\"valueName\":\"search_term_string\"}}],\"inLanguage\":\"ru-RU\"},{\"@type\":\"Organization\",\"@id\":\"https:\\\/\\\/continent.lv\\\/#organization\",\"name\":\"Continent.lv\",\"url\":\"https:\\\/\\\/continent.lv\\\/\",\"logo\":{\"@type\":\"ImageObject\",\"inLanguage\":\"ru-RU\",\"@id\":\"https:\\\/\\\/continent.lv\\\/#\\\/schema\\\/logo\\\/image\\\/\",\"url\":\"https:\\\/\\\/continent.lv\\\/wp-content\\\/uploads\\\/2026\\\/05\\\/logo_continent_5nwv-jh.jpg\",\"contentUrl\":\"https:\\\/\\\/continent.lv\\\/wp-content\\\/uploads\\\/2026\\\/05\\\/logo_continent_5nwv-jh.jpg\",\"width\":221,\"height\":50,\"caption\":\"Continent.lv\"},\"image\":{\"@id\":\"https:\\\/\\\/continent.lv\\\/#\\\/schema\\\/logo\\\/image\\\/\"}}]}<\/script>\n<!-- \/ Yoast SEO plugin. -->","yoast_head_json":{"title":"Elica ERA C BL\/A\/52 - Continent.lv","robots":{"index":"index","follow":"follow","max-snippet":"max-snippet:-1","max-image-preview":"max-image-preview:large","max-video-preview":"max-video-preview:-1"},"canonical":"https:\/\/continent.lv\/ru\/product\/elica-era-c-bl-a-52\/","og_locale":"ru_RU","og_type":"article","og_title":"Elica ERA C BL\/A\/52 - Continent.lv","og_description":"Ra\u017eot\u0101js Elica Apgaismojums IrEner\u0123ijas klase DKomplekt\u0101 filtrs\u00a0 N\u0113Jaudas interv\u0101ls, m\u00b3\/h 200 \u2013 399Ekstrakcijas jauda atbilsto\u0161i IEC 61591, m\u00b3\/h\u00a0 370Tvaika nos\u016bc\u0113ja piesl\u0113guma veidsPievienojams ventil\u0101cijas atvereiPlatuma interv\u0101ls, cm 50 \u2013 59 cmKr\u0101sa MelnsSvars, Kg 5.8 kgSka\u013cuma l\u012bmenis 67 dBP\u0101rvald\u012bba Elektronisks\u0410ugstums 20.78 cmDzi\u013cums 30 cmPlatums 54 cm","og_url":"https:\/\/continent.lv\/ru\/product\/elica-era-c-bl-a-52\/","og_site_name":"Continent.lv","og_image":[{"width":870,"height":1074,"url":"https:\/\/continent.lv\/wp-content\/uploads\/2026\/05\/21_z21x-dr.jpeg","type":"image\/jpeg"}],"twitter_card":"summary_large_image","schema":{"@context":"https:\/\/schema.org","@graph":[{"@type":"WebPage","@id":"https:\/\/continent.lv\/product\/elica-era-c-bl-a-52\/","url":"https:\/\/continent.lv\/product\/elica-era-c-bl-a-52\/","name":"Elica ERA C BL\/A\/52 - Continent.lv","isPartOf":{"@id":"https:\/\/continent.lv\/#website"},"primaryImageOfPage":{"@id":"https:\/\/continent.lv\/product\/elica-era-c-bl-a-52\/#primaryimage"},"image":{"@id":"https:\/\/continent.lv\/product\/elica-era-c-bl-a-52\/#primaryimage"},"thumbnailUrl":"https:\/\/continent.lv\/wp-content\/uploads\/2026\/05\/21_z21x-dr.jpeg","datePublished":"2026-05-01T09:46:33+00:00","breadcrumb":{"@id":"https:\/\/continent.lv\/product\/elica-era-c-bl-a-52\/#breadcrumb"},"inLanguage":"ru-RU","potentialAction":[{"@type":"ReadAction","target":["https:\/\/continent.lv\/product\/elica-era-c-bl-a-52\/"]}]},{"@type":"ImageObject","inLanguage":"ru-RU","@id":"https:\/\/continent.lv\/product\/elica-era-c-bl-a-52\/#primaryimage","url":"https:\/\/continent.lv\/wp-content\/uploads\/2026\/05\/21_z21x-dr.jpeg","contentUrl":"https:\/\/continent.lv\/wp-content\/uploads\/2026\/05\/21_z21x-dr.jpeg","width":870,"height":1074},{"@type":"BreadcrumbList","@id":"https:\/\/continent.lv\/product\/elica-era-c-bl-a-52\/#breadcrumb","itemListElement":[{"@type":"ListItem","position":1,"name":"Home","item":"https:\/\/continent.lv\/"},{"@type":"ListItem","position":2,"name":"Veikals","item":"https:\/\/continent.lv\/shop\/"},{"@type":"ListItem","position":3,"name":"Elica ERA C BL\/A\/52"}]},{"@type":"WebSite","@id":"https:\/\/continent.lv\/#website","url":"https:\/\/continent.lv\/","name":"Continent.lv","description":"Sadz\u012bves pre\u010du internetveikals","publisher":{"@id":"https:\/\/continent.lv\/#organization"},"potentialAction":[{"@type":"SearchAction","target":{"@type":"EntryPoint","urlTemplate":"https:\/\/continent.lv\/?s={search_term_string}"},"query-input":{"@type":"PropertyValueSpecification","valueRequired":true,"valueName":"search_term_string"}}],"inLanguage":"ru-RU"},{"@type":"Organization","@id":"https:\/\/continent.lv\/#organization","name":"Continent.lv","url":"https:\/\/continent.lv\/","logo":{"@type":"ImageObject","inLanguage":"ru-RU","@id":"https:\/\/continent.lv\/#\/schema\/logo\/image\/","url":"https:\/\/continent.lv\/wp-content\/uploads\/2026\/05\/logo_continent_5nwv-jh.jpg","contentUrl":"https:\/\/continent.lv\/wp-content\/uploads\/2026\/05\/logo_continent_5nwv-jh.jpg","width":221,"height":50,"caption":"Continent.lv"},"image":{"@id":"https:\/\/continent.lv\/#\/schema\/logo\/image\/"}}]}},"_links":{"self":[{"href":"https:\/\/continent.lv\/ru\/wp-json\/wp\/v2\/product\/48113","targetHints":{"allow":["GET"]}}],"collection":[{"href":"https:\/\/continent.lv\/ru\/wp-json\/wp\/v2\/product"}],"about":[{"href":"https:\/\/continent.lv\/ru\/wp-json\/wp\/v2\/types\/product"}],"replies":[{"embeddable":true,"href":"https:\/\/continent.lv\/ru\/wp-json\/wp\/v2\/comments?post=48113"}],"wp:featuredmedia":[{"embeddable":true,"href":"https:\/\/continent.lv\/ru\/wp-json\/wp\/v2\/media\/48110"}],"wp:attachment":[{"href":"https:\/\/continent.lv\/ru\/wp-json\/wp\/v2\/media?parent=48113"}],"wp:term":[{"taxonomy":"product_brand","embeddable":true,"href":"https:\/\/continent.lv\/ru\/wp-json\/wp\/v2\/product_brand?post=48113"},{"taxonomy":"product_cat","embeddable":true,"href":"https:\/\/continent.lv\/ru\/wp-json\/wp\/v2\/product_cat?post=48113"},{"taxonomy":"product_tag","embeddable":true,"href":"https:\/\/continent.lv\/ru\/wp-json\/wp\/v2\/product_tag?post=48113"}],"curies":[{"name":"wp","href":"https:\/\/api.w.org\/{rel}","templated":true}]}}