{"id":47885,"date":"2026-05-01T09:37:28","date_gmt":"2026-05-01T09:37:28","guid":{"rendered":"https:\/\/continent.lv\/product\/jbl-partybox-stage-320\/"},"modified":"2026-05-01T09:37:28","modified_gmt":"2026-05-01T09:37:28","slug":"jbl-partybox-stage-320","status":"publish","type":"product","link":"https:\/\/continent.lv\/ru\/product\/jbl-partybox-stage-320\/","title":{"rendered":"JBL PartyBox Stage 320"},"content":{"rendered":"<p>Produkta veids\u00a0 \u00a0 \u00a0Ska\u0146as sist\u0113ma<\/p>\n<p>Z\u012bmols\u00a0 \u00a0 \u00a0JBL<br \/>Modelis\u00a0 \u00a0 \u00a0PartyBox Stage 320<br \/>Ska\u0146as jauda\u00a0 \u00a0 \u00a0240 W<br \/>Atbalst\u012bt\u0101s atmi\u0146as kartes\u00a0 \u00a0 \u00a0\u2013<br \/>Savienojumi\u00a0 \u00a0 \u00a03.5 mm, AC, Bluetooth, MIC\/Guitar jack<br \/>Bluetooth interfeiss\u00a0 \u00a0 \u00a0J\u0101<br \/>WiFi savienojums\u00a0 \u00a0 \u00a0N\u0113<br \/>Platums\u00a0 \u00a0 \u00a033.5 cm<br \/>Dzi\u013cums\u00a0 \u00a0 \u00a038.5 cm<br \/>Augstums\u00a0 \u00a0 \u00a067 cm<br \/>Svars\u00a0 \u00a0 \u00a016.5 kg<br \/>Kr\u0101sa\u00a0 \u00a0 \u00a0Melna<br \/>Spriegums\u00a0 \u00a0 \u00a0220 \u2013 240 V<br \/>Atbalst\u012bt\u0101 multivide\u00a0 \u00a0 \u00a0AUX-IN<br \/>Audio failu form\u0101ti\u00a0 \u00a0 \u00a0MP3<br \/>Radio uztv\u0113r\u0113js\u00a0 \u00a0 \u00a0Nav<br \/>Interneta radio\u00a0 \u00a0 \u00a0N\u0113<br \/>Karaokes funkcija\u00a0 \u00a0 \u00a0J\u0101<br \/>Apgaismojums\u00a0 \u00a0 \u00a0J\u0101<br \/>Ieb\u016bv\u0113ts mikrofons\u00a0 \u00a0 \u00a0N\u0113<br \/>Darb\u012bbas ilgums p\u0113c uzl\u0101des\u00a0 \u00a0 \u00a018 h<br \/>Uzl\u0101des laiks\u00a0 \u00a0 \u00a03 h<\/p><\/p>","protected":false},"excerpt":{"rendered":"<p>Produkta veids\u00a0 \u00a0 \u00a0Ska\u0146as sist\u0113ma Z\u012bmols\u00a0 \u00a0 \u00a0JBLModelis\u00a0 \u00a0 \u00a0PartyBox Stage 320Ska\u0146as jauda\u00a0 \u00a0 \u00a0240 WAtbalst\u012bt\u0101s atmi\u0146as kartes\u00a0 \u00a0 \u00a0\u2013Savienojumi\u00a0 \u00a0 \u00a03.5 mm, AC, Bluetooth, MIC\/Guitar jackBluetooth interfeiss\u00a0 \u00a0 \u00a0J\u0101WiFi savienojums\u00a0 \u00a0 \u00a0N\u0113Platums\u00a0 \u00a0 \u00a033.5 cmDzi\u013cums\u00a0 \u00a0 \u00a038.5 cmAugstums\u00a0 \u00a0 \u00a067 cmSvars\u00a0 \u00a0 \u00a016.5 kgKr\u0101sa\u00a0 \u00a0 \u00a0MelnaSpriegums\u00a0 \u00a0 \u00a0220 \u2013 240 VAtbalst\u012bt\u0101 multivide\u00a0 \u00a0 \u00a0AUX-INAudio [&hellip;]<\/p>\n","protected":false},"featured_media":47879,"comment_status":"open","ping_status":"closed","template":"","meta":{"_joinchat":[]},"product_brand":[],"product_cat":[304],"product_tag":[],"class_list":{"0":"post-47885","1":"product","2":"type-product","3":"status-publish","4":"has-post-thumbnail","6":"product_cat-tv-foto-video-audio-audio-aparatura-skalruni","8":"first","9":"instock","10":"shipping-taxable","11":"purchasable","12":"product-type-simple"},"yoast_head":"<!-- This site is optimized with the Yoast SEO plugin v27.5 - https:\/\/yoast.com\/product\/yoast-seo-wordpress\/ -->\n<title>JBL PartyBox Stage 320 - Continent.lv<\/title>\n<meta name=\"robots\" content=\"index, follow, max-snippet:-1, max-image-preview:large, max-video-preview:-1\" \/>\n<link rel=\"canonical\" href=\"https:\/\/continent.lv\/ru\/product\/jbl-partybox-stage-320\/\" \/>\n<meta property=\"og:locale\" content=\"ru_RU\" \/>\n<meta property=\"og:type\" content=\"article\" \/>\n<meta property=\"og:title\" content=\"JBL PartyBox Stage 320 - Continent.lv\" \/>\n<meta property=\"og:description\" content=\"Produkta veids\u00a0 \u00a0 \u00a0Ska\u0146as sist\u0113ma Z\u012bmols\u00a0 \u00a0 \u00a0JBLModelis\u00a0 \u00a0 \u00a0PartyBox Stage 320Ska\u0146as jauda\u00a0 \u00a0 \u00a0240 WAtbalst\u012bt\u0101s atmi\u0146as kartes\u00a0 \u00a0 \u00a0\u2013Savienojumi\u00a0 \u00a0 \u00a03.5 mm, AC, Bluetooth, MIC\/Guitar jackBluetooth interfeiss\u00a0 \u00a0 \u00a0J\u0101WiFi savienojums\u00a0 \u00a0 \u00a0N\u0113Platums\u00a0 \u00a0 \u00a033.5 cmDzi\u013cums\u00a0 \u00a0 \u00a038.5 cmAugstums\u00a0 \u00a0 \u00a067 cmSvars\u00a0 \u00a0 \u00a016.5 kgKr\u0101sa\u00a0 \u00a0 \u00a0MelnaSpriegums\u00a0 \u00a0 \u00a0220 \u2013 240 VAtbalst\u012bt\u0101 multivide\u00a0 \u00a0 \u00a0AUX-INAudio [&hellip;]\" \/>\n<meta property=\"og:url\" content=\"https:\/\/continent.lv\/ru\/product\/jbl-partybox-stage-320\/\" \/>\n<meta property=\"og:site_name\" content=\"Continent.lv\" \/>\n<meta property=\"og:image\" content=\"https:\/\/continent.lv\/wp-content\/uploads\/2026\/05\/21_c4ff-sd.jpeg\" \/>\n\t<meta property=\"og:image:width\" content=\"2000\" \/>\n\t<meta property=\"og:image:height\" content=\"4711\" \/>\n\t<meta property=\"og:image:type\" content=\"image\/jpeg\" \/>\n<meta name=\"twitter:card\" content=\"summary_large_image\" \/>\n<meta name=\"twitter:label1\" content=\"\u041f\u0440\u0438\u043c\u0435\u0440\u043d\u043e\u0435 \u0432\u0440\u0435\u043c\u044f \u0434\u043b\u044f \u0447\u0442\u0435\u043d\u0438\u044f\" \/>\n\t<meta name=\"twitter:data1\" content=\"1 \u043c\u0438\u043d\u0443\u0442\u0430\" \/>\n<script type=\"application\/ld+json\" class=\"yoast-schema-graph\">{\"@context\":\"https:\\\/\\\/schema.org\",\"@graph\":[{\"@type\":\"WebPage\",\"@id\":\"https:\\\/\\\/continent.lv\\\/product\\\/jbl-partybox-stage-320\\\/\",\"url\":\"https:\\\/\\\/continent.lv\\\/product\\\/jbl-partybox-stage-320\\\/\",\"name\":\"JBL PartyBox Stage 320 - Continent.lv\",\"isPartOf\":{\"@id\":\"https:\\\/\\\/continent.lv\\\/#website\"},\"primaryImageOfPage\":{\"@id\":\"https:\\\/\\\/continent.lv\\\/product\\\/jbl-partybox-stage-320\\\/#primaryimage\"},\"image\":{\"@id\":\"https:\\\/\\\/continent.lv\\\/product\\\/jbl-partybox-stage-320\\\/#primaryimage\"},\"thumbnailUrl\":\"https:\\\/\\\/continent.lv\\\/wp-content\\\/uploads\\\/2026\\\/05\\\/21_c4ff-sd.jpeg\",\"datePublished\":\"2026-05-01T09:37:28+00:00\",\"breadcrumb\":{\"@id\":\"https:\\\/\\\/continent.lv\\\/product\\\/jbl-partybox-stage-320\\\/#breadcrumb\"},\"inLanguage\":\"ru-RU\",\"potentialAction\":[{\"@type\":\"ReadAction\",\"target\":[\"https:\\\/\\\/continent.lv\\\/product\\\/jbl-partybox-stage-320\\\/\"]}]},{\"@type\":\"ImageObject\",\"inLanguage\":\"ru-RU\",\"@id\":\"https:\\\/\\\/continent.lv\\\/product\\\/jbl-partybox-stage-320\\\/#primaryimage\",\"url\":\"https:\\\/\\\/continent.lv\\\/wp-content\\\/uploads\\\/2026\\\/05\\\/21_c4ff-sd.jpeg\",\"contentUrl\":\"https:\\\/\\\/continent.lv\\\/wp-content\\\/uploads\\\/2026\\\/05\\\/21_c4ff-sd.jpeg\",\"width\":2000,\"height\":4711},{\"@type\":\"BreadcrumbList\",\"@id\":\"https:\\\/\\\/continent.lv\\\/product\\\/jbl-partybox-stage-320\\\/#breadcrumb\",\"itemListElement\":[{\"@type\":\"ListItem\",\"position\":1,\"name\":\"Home\",\"item\":\"https:\\\/\\\/continent.lv\\\/\"},{\"@type\":\"ListItem\",\"position\":2,\"name\":\"Veikals\",\"item\":\"https:\\\/\\\/continent.lv\\\/shop\\\/\"},{\"@type\":\"ListItem\",\"position\":3,\"name\":\"JBL PartyBox Stage 320\"}]},{\"@type\":\"WebSite\",\"@id\":\"https:\\\/\\\/continent.lv\\\/#website\",\"url\":\"https:\\\/\\\/continent.lv\\\/\",\"name\":\"Continent.lv\",\"description\":\"Sadz\u012bves pre\u010du internetveikals\",\"publisher\":{\"@id\":\"https:\\\/\\\/continent.lv\\\/#organization\"},\"potentialAction\":[{\"@type\":\"SearchAction\",\"target\":{\"@type\":\"EntryPoint\",\"urlTemplate\":\"https:\\\/\\\/continent.lv\\\/?s={search_term_string}\"},\"query-input\":{\"@type\":\"PropertyValueSpecification\",\"valueRequired\":true,\"valueName\":\"search_term_string\"}}],\"inLanguage\":\"ru-RU\"},{\"@type\":\"Organization\",\"@id\":\"https:\\\/\\\/continent.lv\\\/#organization\",\"name\":\"Continent.lv\",\"url\":\"https:\\\/\\\/continent.lv\\\/\",\"logo\":{\"@type\":\"ImageObject\",\"inLanguage\":\"ru-RU\",\"@id\":\"https:\\\/\\\/continent.lv\\\/#\\\/schema\\\/logo\\\/image\\\/\",\"url\":\"https:\\\/\\\/continent.lv\\\/wp-content\\\/uploads\\\/2026\\\/05\\\/logo_continent_5nwv-jh.jpg\",\"contentUrl\":\"https:\\\/\\\/continent.lv\\\/wp-content\\\/uploads\\\/2026\\\/05\\\/logo_continent_5nwv-jh.jpg\",\"width\":221,\"height\":50,\"caption\":\"Continent.lv\"},\"image\":{\"@id\":\"https:\\\/\\\/continent.lv\\\/#\\\/schema\\\/logo\\\/image\\\/\"}}]}<\/script>\n<!-- \/ Yoast SEO plugin. -->","yoast_head_json":{"title":"JBL PartyBox Stage 320 - Continent.lv","robots":{"index":"index","follow":"follow","max-snippet":"max-snippet:-1","max-image-preview":"max-image-preview:large","max-video-preview":"max-video-preview:-1"},"canonical":"https:\/\/continent.lv\/ru\/product\/jbl-partybox-stage-320\/","og_locale":"ru_RU","og_type":"article","og_title":"JBL PartyBox Stage 320 - Continent.lv","og_description":"Produkta veids\u00a0 \u00a0 \u00a0Ska\u0146as sist\u0113ma Z\u012bmols\u00a0 \u00a0 \u00a0JBLModelis\u00a0 \u00a0 \u00a0PartyBox Stage 320Ska\u0146as jauda\u00a0 \u00a0 \u00a0240 WAtbalst\u012bt\u0101s atmi\u0146as kartes\u00a0 \u00a0 \u00a0\u2013Savienojumi\u00a0 \u00a0 \u00a03.5 mm, AC, Bluetooth, MIC\/Guitar jackBluetooth interfeiss\u00a0 \u00a0 \u00a0J\u0101WiFi savienojums\u00a0 \u00a0 \u00a0N\u0113Platums\u00a0 \u00a0 \u00a033.5 cmDzi\u013cums\u00a0 \u00a0 \u00a038.5 cmAugstums\u00a0 \u00a0 \u00a067 cmSvars\u00a0 \u00a0 \u00a016.5 kgKr\u0101sa\u00a0 \u00a0 \u00a0MelnaSpriegums\u00a0 \u00a0 \u00a0220 \u2013 240 VAtbalst\u012bt\u0101 multivide\u00a0 \u00a0 \u00a0AUX-INAudio [&hellip;]","og_url":"https:\/\/continent.lv\/ru\/product\/jbl-partybox-stage-320\/","og_site_name":"Continent.lv","og_image":[{"width":2000,"height":4711,"url":"https:\/\/continent.lv\/wp-content\/uploads\/2026\/05\/21_c4ff-sd.jpeg","type":"image\/jpeg"}],"twitter_card":"summary_large_image","twitter_misc":{"\u041f\u0440\u0438\u043c\u0435\u0440\u043d\u043e\u0435 \u0432\u0440\u0435\u043c\u044f \u0434\u043b\u044f \u0447\u0442\u0435\u043d\u0438\u044f":"1 \u043c\u0438\u043d\u0443\u0442\u0430"},"schema":{"@context":"https:\/\/schema.org","@graph":[{"@type":"WebPage","@id":"https:\/\/continent.lv\/product\/jbl-partybox-stage-320\/","url":"https:\/\/continent.lv\/product\/jbl-partybox-stage-320\/","name":"JBL PartyBox Stage 320 - Continent.lv","isPartOf":{"@id":"https:\/\/continent.lv\/#website"},"primaryImageOfPage":{"@id":"https:\/\/continent.lv\/product\/jbl-partybox-stage-320\/#primaryimage"},"image":{"@id":"https:\/\/continent.lv\/product\/jbl-partybox-stage-320\/#primaryimage"},"thumbnailUrl":"https:\/\/continent.lv\/wp-content\/uploads\/2026\/05\/21_c4ff-sd.jpeg","datePublished":"2026-05-01T09:37:28+00:00","breadcrumb":{"@id":"https:\/\/continent.lv\/product\/jbl-partybox-stage-320\/#breadcrumb"},"inLanguage":"ru-RU","potentialAction":[{"@type":"ReadAction","target":["https:\/\/continent.lv\/product\/jbl-partybox-stage-320\/"]}]},{"@type":"ImageObject","inLanguage":"ru-RU","@id":"https:\/\/continent.lv\/product\/jbl-partybox-stage-320\/#primaryimage","url":"https:\/\/continent.lv\/wp-content\/uploads\/2026\/05\/21_c4ff-sd.jpeg","contentUrl":"https:\/\/continent.lv\/wp-content\/uploads\/2026\/05\/21_c4ff-sd.jpeg","width":2000,"height":4711},{"@type":"BreadcrumbList","@id":"https:\/\/continent.lv\/product\/jbl-partybox-stage-320\/#breadcrumb","itemListElement":[{"@type":"ListItem","position":1,"name":"Home","item":"https:\/\/continent.lv\/"},{"@type":"ListItem","position":2,"name":"Veikals","item":"https:\/\/continent.lv\/shop\/"},{"@type":"ListItem","position":3,"name":"JBL PartyBox Stage 320"}]},{"@type":"WebSite","@id":"https:\/\/continent.lv\/#website","url":"https:\/\/continent.lv\/","name":"Continent.lv","description":"Sadz\u012bves pre\u010du internetveikals","publisher":{"@id":"https:\/\/continent.lv\/#organization"},"potentialAction":[{"@type":"SearchAction","target":{"@type":"EntryPoint","urlTemplate":"https:\/\/continent.lv\/?s={search_term_string}"},"query-input":{"@type":"PropertyValueSpecification","valueRequired":true,"valueName":"search_term_string"}}],"inLanguage":"ru-RU"},{"@type":"Organization","@id":"https:\/\/continent.lv\/#organization","name":"Continent.lv","url":"https:\/\/continent.lv\/","logo":{"@type":"ImageObject","inLanguage":"ru-RU","@id":"https:\/\/continent.lv\/#\/schema\/logo\/image\/","url":"https:\/\/continent.lv\/wp-content\/uploads\/2026\/05\/logo_continent_5nwv-jh.jpg","contentUrl":"https:\/\/continent.lv\/wp-content\/uploads\/2026\/05\/logo_continent_5nwv-jh.jpg","width":221,"height":50,"caption":"Continent.lv"},"image":{"@id":"https:\/\/continent.lv\/#\/schema\/logo\/image\/"}}]}},"_links":{"self":[{"href":"https:\/\/continent.lv\/ru\/wp-json\/wp\/v2\/product\/47885","targetHints":{"allow":["GET"]}}],"collection":[{"href":"https:\/\/continent.lv\/ru\/wp-json\/wp\/v2\/product"}],"about":[{"href":"https:\/\/continent.lv\/ru\/wp-json\/wp\/v2\/types\/product"}],"replies":[{"embeddable":true,"href":"https:\/\/continent.lv\/ru\/wp-json\/wp\/v2\/comments?post=47885"}],"wp:featuredmedia":[{"embeddable":true,"href":"https:\/\/continent.lv\/ru\/wp-json\/wp\/v2\/media\/47879"}],"wp:attachment":[{"href":"https:\/\/continent.lv\/ru\/wp-json\/wp\/v2\/media?parent=47885"}],"wp:term":[{"taxonomy":"product_brand","embeddable":true,"href":"https:\/\/continent.lv\/ru\/wp-json\/wp\/v2\/product_brand?post=47885"},{"taxonomy":"product_cat","embeddable":true,"href":"https:\/\/continent.lv\/ru\/wp-json\/wp\/v2\/product_cat?post=47885"},{"taxonomy":"product_tag","embeddable":true,"href":"https:\/\/continent.lv\/ru\/wp-json\/wp\/v2\/product_tag?post=47885"}],"curies":[{"name":"wp","href":"https:\/\/api.w.org\/{rel}","templated":true}]}}