{"id":47803,"date":"2026-05-01T09:34:27","date_gmt":"2026-05-01T09:34:27","guid":{"rendered":"https:\/\/continent.lv\/product\/sharp-sj-ftb01itxle-eu-sjftb01itxleeu\/"},"modified":"2026-05-01T09:34:27","modified_gmt":"2026-05-01T09:34:27","slug":"sharp-sj-ftb01itxle-eu-sjftb01itxleeu","status":"publish","type":"product","link":"https:\/\/continent.lv\/ru\/product\/sharp-sj-ftb01itxle-eu-sjftb01itxleeu\/","title":{"rendered":"Sharp SJ-FTB01ITXLE-EU (SJFTB01ITXLEEU)"},"content":{"rendered":"<p>Apgaismojuma tips\u00a0 \u00a0 LED<\/p>\n<p>Atkaus\u0113\u0161anas metode\u00a0 \u00a0 Statisks<br \/>Augstums (cm)\u00a0 \u00a0 145<br \/>Bruto svars ( ar iepakojumu kg)\u00a0 \u00a0 42<br \/>Dzi\u013cums (cm)\u00a0 \u00a0 57<br \/>Ener\u0123ijas klase\u00a0 \u00a0 E<br \/>Ener\u0123ijas pat\u0113ri\u0146\u0161 gad\u0101 (kWh)\u00a0 \u00a0 177<br \/>Kop\u0113jais tilpums, neto (l)\u00a0 \u00a0 213<br \/>Kr\u0101sa\u00a0 \u00a0 Ner\u016bs\u0113jo\u0161ais t\u0113rauds<br \/>Ledusskapja tilpums, neto (l)\u00a0 \u00a0 171<br \/>Ledusskapja tips\u00a0 \u00a0 Sald\u0113tava aug\u0161\u0101<br \/>Platums (cm)\u00a0 \u00a0 54<br \/>Sald\u0113\u0161anas jauda (kg \/ 24h)\u00a0 \u00a0 2,6<br \/>Sald\u0113tavas kameras tilpums, neto (l)\u00a0 \u00a0 42<br \/>Trok\u0161\u0146a l\u012bmenis (dB)\u00a0 \u00a0 41<br \/>Trok\u0161\u0146a l\u012bmenis (klase)\u00a0 \u00a0 C<\/p><\/p>","protected":false},"excerpt":{"rendered":"<p>Apgaismojuma tips\u00a0 \u00a0 LED Atkaus\u0113\u0161anas metode\u00a0 \u00a0 StatisksAugstums (cm)\u00a0 \u00a0 145Bruto svars ( ar iepakojumu kg)\u00a0 \u00a0 42Dzi\u013cums (cm)\u00a0 \u00a0 57Ener\u0123ijas klase\u00a0 \u00a0 EEner\u0123ijas pat\u0113ri\u0146\u0161 gad\u0101 (kWh)\u00a0 \u00a0 177Kop\u0113jais tilpums, neto (l)\u00a0 \u00a0 213Kr\u0101sa\u00a0 \u00a0 Ner\u016bs\u0113jo\u0161ais t\u0113raudsLedusskapja tilpums, neto (l)\u00a0 \u00a0 171Ledusskapja tips\u00a0 \u00a0 Sald\u0113tava aug\u0161\u0101Platums (cm)\u00a0 \u00a0 54Sald\u0113\u0161anas jauda (kg \/ 24h)\u00a0 \u00a0 2,6Sald\u0113tavas [&hellip;]<\/p>\n","protected":false},"featured_media":47799,"comment_status":"open","ping_status":"closed","template":"","meta":{"_joinchat":[]},"product_brand":[339],"product_cat":[272],"product_tag":[],"class_list":{"0":"post-47803","1":"product","2":"type-product","3":"status-publish","4":"has-post-thumbnail","6":"product_brand-sharp","7":"product_cat-sadzives-tehnika-ledusskapji","9":"first","10":"instock","11":"shipping-taxable","12":"purchasable","13":"product-type-simple"},"yoast_head":"<!-- This site is optimized with the Yoast SEO plugin v27.5 - https:\/\/yoast.com\/product\/yoast-seo-wordpress\/ -->\n<title>Sharp SJ-FTB01ITXLE-EU (SJFTB01ITXLEEU) - Continent.lv<\/title>\n<meta name=\"robots\" content=\"index, follow, max-snippet:-1, max-image-preview:large, max-video-preview:-1\" \/>\n<link rel=\"canonical\" href=\"https:\/\/continent.lv\/ru\/product\/sharp-sj-ftb01itxle-eu-sjftb01itxleeu\/\" \/>\n<meta property=\"og:locale\" content=\"ru_RU\" \/>\n<meta property=\"og:type\" content=\"article\" \/>\n<meta property=\"og:title\" content=\"Sharp SJ-FTB01ITXLE-EU (SJFTB01ITXLEEU) - Continent.lv\" \/>\n<meta property=\"og:description\" content=\"Apgaismojuma tips\u00a0 \u00a0 LED Atkaus\u0113\u0161anas metode\u00a0 \u00a0 StatisksAugstums (cm)\u00a0 \u00a0 145Bruto svars ( ar iepakojumu kg)\u00a0 \u00a0 42Dzi\u013cums (cm)\u00a0 \u00a0 57Ener\u0123ijas klase\u00a0 \u00a0 EEner\u0123ijas pat\u0113ri\u0146\u0161 gad\u0101 (kWh)\u00a0 \u00a0 177Kop\u0113jais tilpums, neto (l)\u00a0 \u00a0 213Kr\u0101sa\u00a0 \u00a0 Ner\u016bs\u0113jo\u0161ais t\u0113raudsLedusskapja tilpums, neto (l)\u00a0 \u00a0 171Ledusskapja tips\u00a0 \u00a0 Sald\u0113tava aug\u0161\u0101Platums (cm)\u00a0 \u00a0 54Sald\u0113\u0161anas jauda (kg \/ 24h)\u00a0 \u00a0 2,6Sald\u0113tavas [&hellip;]\" \/>\n<meta property=\"og:url\" content=\"https:\/\/continent.lv\/ru\/product\/sharp-sj-ftb01itxle-eu-sjftb01itxleeu\/\" \/>\n<meta property=\"og:site_name\" content=\"Continent.lv\" \/>\n<meta property=\"og:image\" content=\"https:\/\/continent.lv\/wp-content\/uploads\/2026\/05\/21_2mgb-d3.jpeg\" \/>\n\t<meta property=\"og:image:width\" content=\"800\" \/>\n\t<meta property=\"og:image:height\" content=\"800\" \/>\n\t<meta property=\"og:image:type\" content=\"image\/jpeg\" \/>\n<meta name=\"twitter:card\" content=\"summary_large_image\" \/>\n<meta name=\"twitter:label1\" content=\"\u041f\u0440\u0438\u043c\u0435\u0440\u043d\u043e\u0435 \u0432\u0440\u0435\u043c\u044f \u0434\u043b\u044f \u0447\u0442\u0435\u043d\u0438\u044f\" \/>\n\t<meta name=\"twitter:data1\" content=\"1 \u043c\u0438\u043d\u0443\u0442\u0430\" \/>\n<script type=\"application\/ld+json\" class=\"yoast-schema-graph\">{\"@context\":\"https:\\\/\\\/schema.org\",\"@graph\":[{\"@type\":\"WebPage\",\"@id\":\"https:\\\/\\\/continent.lv\\\/product\\\/sharp-sj-ftb01itxle-eu-sjftb01itxleeu\\\/\",\"url\":\"https:\\\/\\\/continent.lv\\\/product\\\/sharp-sj-ftb01itxle-eu-sjftb01itxleeu\\\/\",\"name\":\"Sharp SJ-FTB01ITXLE-EU (SJFTB01ITXLEEU) - Continent.lv\",\"isPartOf\":{\"@id\":\"https:\\\/\\\/continent.lv\\\/#website\"},\"primaryImageOfPage\":{\"@id\":\"https:\\\/\\\/continent.lv\\\/product\\\/sharp-sj-ftb01itxle-eu-sjftb01itxleeu\\\/#primaryimage\"},\"image\":{\"@id\":\"https:\\\/\\\/continent.lv\\\/product\\\/sharp-sj-ftb01itxle-eu-sjftb01itxleeu\\\/#primaryimage\"},\"thumbnailUrl\":\"https:\\\/\\\/continent.lv\\\/wp-content\\\/uploads\\\/2026\\\/05\\\/21_2mgb-d3.jpeg\",\"datePublished\":\"2026-05-01T09:34:27+00:00\",\"breadcrumb\":{\"@id\":\"https:\\\/\\\/continent.lv\\\/product\\\/sharp-sj-ftb01itxle-eu-sjftb01itxleeu\\\/#breadcrumb\"},\"inLanguage\":\"ru-RU\",\"potentialAction\":[{\"@type\":\"ReadAction\",\"target\":[\"https:\\\/\\\/continent.lv\\\/product\\\/sharp-sj-ftb01itxle-eu-sjftb01itxleeu\\\/\"]}]},{\"@type\":\"ImageObject\",\"inLanguage\":\"ru-RU\",\"@id\":\"https:\\\/\\\/continent.lv\\\/product\\\/sharp-sj-ftb01itxle-eu-sjftb01itxleeu\\\/#primaryimage\",\"url\":\"https:\\\/\\\/continent.lv\\\/wp-content\\\/uploads\\\/2026\\\/05\\\/21_2mgb-d3.jpeg\",\"contentUrl\":\"https:\\\/\\\/continent.lv\\\/wp-content\\\/uploads\\\/2026\\\/05\\\/21_2mgb-d3.jpeg\",\"width\":800,\"height\":800},{\"@type\":\"BreadcrumbList\",\"@id\":\"https:\\\/\\\/continent.lv\\\/product\\\/sharp-sj-ftb01itxle-eu-sjftb01itxleeu\\\/#breadcrumb\",\"itemListElement\":[{\"@type\":\"ListItem\",\"position\":1,\"name\":\"Home\",\"item\":\"https:\\\/\\\/continent.lv\\\/\"},{\"@type\":\"ListItem\",\"position\":2,\"name\":\"Veikals\",\"item\":\"https:\\\/\\\/continent.lv\\\/shop\\\/\"},{\"@type\":\"ListItem\",\"position\":3,\"name\":\"Sharp SJ-FTB01ITXLE-EU (SJFTB01ITXLEEU)\"}]},{\"@type\":\"WebSite\",\"@id\":\"https:\\\/\\\/continent.lv\\\/#website\",\"url\":\"https:\\\/\\\/continent.lv\\\/\",\"name\":\"Continent.lv\",\"description\":\"Sadz\u012bves pre\u010du internetveikals\",\"publisher\":{\"@id\":\"https:\\\/\\\/continent.lv\\\/#organization\"},\"potentialAction\":[{\"@type\":\"SearchAction\",\"target\":{\"@type\":\"EntryPoint\",\"urlTemplate\":\"https:\\\/\\\/continent.lv\\\/?s={search_term_string}\"},\"query-input\":{\"@type\":\"PropertyValueSpecification\",\"valueRequired\":true,\"valueName\":\"search_term_string\"}}],\"inLanguage\":\"ru-RU\"},{\"@type\":\"Organization\",\"@id\":\"https:\\\/\\\/continent.lv\\\/#organization\",\"name\":\"Continent.lv\",\"url\":\"https:\\\/\\\/continent.lv\\\/\",\"logo\":{\"@type\":\"ImageObject\",\"inLanguage\":\"ru-RU\",\"@id\":\"https:\\\/\\\/continent.lv\\\/#\\\/schema\\\/logo\\\/image\\\/\",\"url\":\"https:\\\/\\\/continent.lv\\\/wp-content\\\/uploads\\\/2026\\\/05\\\/logo_continent_5nwv-jh.jpg\",\"contentUrl\":\"https:\\\/\\\/continent.lv\\\/wp-content\\\/uploads\\\/2026\\\/05\\\/logo_continent_5nwv-jh.jpg\",\"width\":221,\"height\":50,\"caption\":\"Continent.lv\"},\"image\":{\"@id\":\"https:\\\/\\\/continent.lv\\\/#\\\/schema\\\/logo\\\/image\\\/\"}}]}<\/script>\n<!-- \/ Yoast SEO plugin. -->","yoast_head_json":{"title":"Sharp SJ-FTB01ITXLE-EU (SJFTB01ITXLEEU) - Continent.lv","robots":{"index":"index","follow":"follow","max-snippet":"max-snippet:-1","max-image-preview":"max-image-preview:large","max-video-preview":"max-video-preview:-1"},"canonical":"https:\/\/continent.lv\/ru\/product\/sharp-sj-ftb01itxle-eu-sjftb01itxleeu\/","og_locale":"ru_RU","og_type":"article","og_title":"Sharp SJ-FTB01ITXLE-EU (SJFTB01ITXLEEU) - Continent.lv","og_description":"Apgaismojuma tips\u00a0 \u00a0 LED Atkaus\u0113\u0161anas metode\u00a0 \u00a0 StatisksAugstums (cm)\u00a0 \u00a0 145Bruto svars ( ar iepakojumu kg)\u00a0 \u00a0 42Dzi\u013cums (cm)\u00a0 \u00a0 57Ener\u0123ijas klase\u00a0 \u00a0 EEner\u0123ijas pat\u0113ri\u0146\u0161 gad\u0101 (kWh)\u00a0 \u00a0 177Kop\u0113jais tilpums, neto (l)\u00a0 \u00a0 213Kr\u0101sa\u00a0 \u00a0 Ner\u016bs\u0113jo\u0161ais t\u0113raudsLedusskapja tilpums, neto (l)\u00a0 \u00a0 171Ledusskapja tips\u00a0 \u00a0 Sald\u0113tava aug\u0161\u0101Platums (cm)\u00a0 \u00a0 54Sald\u0113\u0161anas jauda (kg \/ 24h)\u00a0 \u00a0 2,6Sald\u0113tavas [&hellip;]","og_url":"https:\/\/continent.lv\/ru\/product\/sharp-sj-ftb01itxle-eu-sjftb01itxleeu\/","og_site_name":"Continent.lv","og_image":[{"width":800,"height":800,"url":"https:\/\/continent.lv\/wp-content\/uploads\/2026\/05\/21_2mgb-d3.jpeg","type":"image\/jpeg"}],"twitter_card":"summary_large_image","twitter_misc":{"\u041f\u0440\u0438\u043c\u0435\u0440\u043d\u043e\u0435 \u0432\u0440\u0435\u043c\u044f \u0434\u043b\u044f \u0447\u0442\u0435\u043d\u0438\u044f":"1 \u043c\u0438\u043d\u0443\u0442\u0430"},"schema":{"@context":"https:\/\/schema.org","@graph":[{"@type":"WebPage","@id":"https:\/\/continent.lv\/product\/sharp-sj-ftb01itxle-eu-sjftb01itxleeu\/","url":"https:\/\/continent.lv\/product\/sharp-sj-ftb01itxle-eu-sjftb01itxleeu\/","name":"Sharp SJ-FTB01ITXLE-EU (SJFTB01ITXLEEU) - Continent.lv","isPartOf":{"@id":"https:\/\/continent.lv\/#website"},"primaryImageOfPage":{"@id":"https:\/\/continent.lv\/product\/sharp-sj-ftb01itxle-eu-sjftb01itxleeu\/#primaryimage"},"image":{"@id":"https:\/\/continent.lv\/product\/sharp-sj-ftb01itxle-eu-sjftb01itxleeu\/#primaryimage"},"thumbnailUrl":"https:\/\/continent.lv\/wp-content\/uploads\/2026\/05\/21_2mgb-d3.jpeg","datePublished":"2026-05-01T09:34:27+00:00","breadcrumb":{"@id":"https:\/\/continent.lv\/product\/sharp-sj-ftb01itxle-eu-sjftb01itxleeu\/#breadcrumb"},"inLanguage":"ru-RU","potentialAction":[{"@type":"ReadAction","target":["https:\/\/continent.lv\/product\/sharp-sj-ftb01itxle-eu-sjftb01itxleeu\/"]}]},{"@type":"ImageObject","inLanguage":"ru-RU","@id":"https:\/\/continent.lv\/product\/sharp-sj-ftb01itxle-eu-sjftb01itxleeu\/#primaryimage","url":"https:\/\/continent.lv\/wp-content\/uploads\/2026\/05\/21_2mgb-d3.jpeg","contentUrl":"https:\/\/continent.lv\/wp-content\/uploads\/2026\/05\/21_2mgb-d3.jpeg","width":800,"height":800},{"@type":"BreadcrumbList","@id":"https:\/\/continent.lv\/product\/sharp-sj-ftb01itxle-eu-sjftb01itxleeu\/#breadcrumb","itemListElement":[{"@type":"ListItem","position":1,"name":"Home","item":"https:\/\/continent.lv\/"},{"@type":"ListItem","position":2,"name":"Veikals","item":"https:\/\/continent.lv\/shop\/"},{"@type":"ListItem","position":3,"name":"Sharp SJ-FTB01ITXLE-EU (SJFTB01ITXLEEU)"}]},{"@type":"WebSite","@id":"https:\/\/continent.lv\/#website","url":"https:\/\/continent.lv\/","name":"Continent.lv","description":"Sadz\u012bves pre\u010du internetveikals","publisher":{"@id":"https:\/\/continent.lv\/#organization"},"potentialAction":[{"@type":"SearchAction","target":{"@type":"EntryPoint","urlTemplate":"https:\/\/continent.lv\/?s={search_term_string}"},"query-input":{"@type":"PropertyValueSpecification","valueRequired":true,"valueName":"search_term_string"}}],"inLanguage":"ru-RU"},{"@type":"Organization","@id":"https:\/\/continent.lv\/#organization","name":"Continent.lv","url":"https:\/\/continent.lv\/","logo":{"@type":"ImageObject","inLanguage":"ru-RU","@id":"https:\/\/continent.lv\/#\/schema\/logo\/image\/","url":"https:\/\/continent.lv\/wp-content\/uploads\/2026\/05\/logo_continent_5nwv-jh.jpg","contentUrl":"https:\/\/continent.lv\/wp-content\/uploads\/2026\/05\/logo_continent_5nwv-jh.jpg","width":221,"height":50,"caption":"Continent.lv"},"image":{"@id":"https:\/\/continent.lv\/#\/schema\/logo\/image\/"}}]}},"_links":{"self":[{"href":"https:\/\/continent.lv\/ru\/wp-json\/wp\/v2\/product\/47803","targetHints":{"allow":["GET"]}}],"collection":[{"href":"https:\/\/continent.lv\/ru\/wp-json\/wp\/v2\/product"}],"about":[{"href":"https:\/\/continent.lv\/ru\/wp-json\/wp\/v2\/types\/product"}],"replies":[{"embeddable":true,"href":"https:\/\/continent.lv\/ru\/wp-json\/wp\/v2\/comments?post=47803"}],"wp:featuredmedia":[{"embeddable":true,"href":"https:\/\/continent.lv\/ru\/wp-json\/wp\/v2\/media\/47799"}],"wp:attachment":[{"href":"https:\/\/continent.lv\/ru\/wp-json\/wp\/v2\/media?parent=47803"}],"wp:term":[{"taxonomy":"product_brand","embeddable":true,"href":"https:\/\/continent.lv\/ru\/wp-json\/wp\/v2\/product_brand?post=47803"},{"taxonomy":"product_cat","embeddable":true,"href":"https:\/\/continent.lv\/ru\/wp-json\/wp\/v2\/product_cat?post=47803"},{"taxonomy":"product_tag","embeddable":true,"href":"https:\/\/continent.lv\/ru\/wp-json\/wp\/v2\/product_tag?post=47803"}],"curies":[{"name":"wp","href":"https:\/\/api.w.org\/{rel}","templated":true}]}}