{"id":47193,"date":"2026-05-01T09:13:35","date_gmt":"2026-05-01T09:13:35","guid":{"rendered":"https:\/\/continent.lv\/product\/miele-cm-5510-alu-silber-met\/"},"modified":"2026-05-01T09:13:35","modified_gmt":"2026-05-01T09:13:35","slug":"miele-cm-5510-alu-silber-met","status":"publish","type":"product","link":"https:\/\/continent.lv\/ru\/product\/miele-cm-5510-alu-silber-met\/","title":{"rendered":"Miele CM 5510 Alu-Silber-Met"},"content":{"rendered":"<p>Produkta veids\u00a0 \u00a0 \u00a0Autom\u0101tiskie kafijas autom\u0101ti<\/p>\n<p>Z\u012bmols\u00a0 \u00a0 \u00a0Miele<br \/>Modelis\u00a0 \u00a0 \u00a0CM 5510 Alu-Silber-Met<br \/>Kafijas autom\u0101ta veids\u00a0 \u00a0 \u00a0Autom\u0101tisks<br \/>Piena sist\u0113mas tips\u00a0 \u00a0 \u00a0Autom\u0101tisks piena putu veidot\u0101js<br \/>Jauda\u00a0 \u00a0 1500 W<br \/>Maksim\u0101lais darba spiediens\u00a0 \u00a0 15 Bar<br \/>Korpusa materi\u0101ls\u00a0 \u00a0 \u00a0Plastmasa<br \/>Izcelsmes valsts\u00a0 \u00a0 \u00a0\u0160veice<br \/>\u016adens filtrs\u00a0 \u00a0 N\u0113<br \/>Kr\u0101sa\u00a0 \u00a0 \u00a0Melna, Pel\u0113ka<br \/>Ekr\u0101ns\u00a0 \u00a0 \u00a0J\u0101<br \/>Ekr\u0101na tips\u00a0 \u00a0 \u00a0Kr\u0101su sk\u0101rienj\u016bt\u012bgs ekr\u0101ns<br \/>\u0412\u0438\u0434\u044b \u043a\u043e\u0444\u0435 \u0438 \u043f\u0440\u0438\u0433\u043e\u0442\u043e\u0432\u043b\u0435\u043d\u0438\u0435<br \/>Kafijas veids\u00a0 \u00a0 Kafijas pupi\u0146as, Malta kafija<br \/>Kafijas pagatavo\u0161anas metodes\u00a0 \u00a0 2 x Espresso, 2 x Meln\u0101 kafija, Espresso, Kapu\u010dino, Karsts \u016bdens, Latte Macchiato, Piena porcija, Piena putu porcija, Ristretto<br \/>Kafijas stipruma regul\u0113\u0161ana\u00a0 \u00a0 J\u0101<br \/>Iestat\u0101mi un individu\u0101li piel\u0101gojami kafijas stipruma l\u012bme\u0146i\u00a0 \u00a0 \u00a05<br \/>Kafijas dz\u0113rienu skaits\u00a0 \u00a0 \u00a019<br \/>\u0424\u0443\u043d\u043a\u0446\u0438\u0438 \u0438 \u0432\u043e\u0437\u043c\u043e\u0436\u043d\u043e\u0441\u0442\u0438<br \/>\u016adens ciet\u012bbas regul\u0113\u0161ana\u00a0 \u00a0 J\u0101<br \/>Vienlaic\u012bgi sagatavo vair\u0101kas devas\u00a0 \u00a0 J\u0101<br \/>Kr\u016bzes uzsild\u012b\u0161ana\u00a0 \u00a0 N\u0113<br \/>Tvaika uzgalis\u00a0 \u00a0 J\u0101<br \/>Saglab\u0101 kafijas veidus\u00a0 \u00a0 J\u0101<br \/>Programm\u0113jama \u016bdens temperat\u016bra\u00a0 \u00a0 \u00a0J\u0101<br \/>Programm\u0113jams kafijas daudzums\u00a0 \u00a0 \u00a0J\u0101<br \/>Ar manometru\u00a0 \u00a0 N\u0113<br \/>Regul\u0113jams spiediens\u00a0 \u00a0 \u00a0N\u0113<br \/>Aizsardz\u012bba pret \u016bdens nopl\u016bdi\u00a0 \u00a0 \u00a0J\u0101<br \/>Autom\u0101tisk\u0101 izsl\u0113g\u0161an\u0101s\u00a0 \u00a0 \u00a0N\u0113<br \/>Aukstu dz\u0113rienu pagatavo\u0161ana\u00a0 \u00a0 \u00a0N\u0113<br \/>Inteli\u0123ent\u0101 iepriek\u0161\u0113j\u0101 uzkars\u0113\u0161ana\u00a0 \u00a0 \u00a0N\u0113<br \/>Dz\u0113rienu kop\u0113\u0161ana un personaliz\u0113\u0161ana\u00a0 \u00a0 \u00a0J\u0101<br \/>Iestat\u0101ma piena\/ piena putu temperat\u016bra\u00a0 \u00a0 \u00a0J\u0101<br \/>Kafijas pupi\u0146u daudzuma kontrole\u00a0 \u00a0 \u00a0N\u0113<br \/>Pulvera tekne maltai kafijai\u00a0 \u00a0 \u00a0J\u0101<br \/>Porcijas izv\u0113le melnai kafijai\u00a0 \u00a0 \u00a02<br \/>Porcijas izv\u0113le kafijai ar pienu\u00a0 \u00a0 \u00a02<br \/>Programm\u0113jams porcijas lielums\u00a0 \u00a0 \u00a0J\u0101<br \/>Karst\u0101 \u016bdens sagatavo\u0161ana\u00a0 \u00a0 \u00a0J\u0101<br \/>Karst\u0101 piena pagatavo\u0161ana\u00a0 \u00a0 \u00a0J\u0101<br \/>Kontrol\u0113ts, izmantojot lietojumprogrammu\u00a0 \u00a0 \u00a0N\u0113<br \/>Kafijas pupi\u0146u daudzuma kontrole\u00a0 \u00a0 \u00a0N\u0113<br \/>Programm\u0113jams piena \/ piena putu daudzums\u00a0 \u00a0 \u00a0J\u0101<br \/>Vad\u012bbas tips\u00a0 \u00a0 \u00a0Autom\u0101tisk\u0101, Manu\u0101l\u0101<br \/>Sader\u012bgs ar J.O.E\u00ae\u00a0 \u00a0 \u00a0N\u0113<br \/>Notekpapl\u0101tes kontrole\u00a0 \u00a0 \u00a0N\u0113<br \/>Uzst\u0101d\u0101ms izsl\u0113g\u0161an\u0101s laiks\u00a0 \u00a0 \u00a0J\u0101<br \/>Pulsa ekstrakcijas process (P.E.P.\u00ae)\u00a0 \u00a0 \u00a0N\u0113<br \/>Lungo funkcija, ar vienu pogas piesk\u0101rienu\u00a0 \u00a0 \u00a0N\u0113<br \/>Funkcija ar vienas pogas piesk\u0101rienu\u00a0 \u00a0 \u00a0N\u0113<br \/>3D kafijas pagatavo\u0161anas tehnolo\u0123ija\u00a0 \u00a0 \u00a0N\u0113<br \/>Autom\u0101tisk\u0101 p\u0101rsl\u0113g\u0161an\u0101s no piena pagatavo\u0161anas uz piena put\u0101m\u00a0 \u00a0 \u00a0J\u0101<br \/>Viedais re\u017e\u012bms\u00a0 \u00a0 \u00a0N\u0113<br \/>JURA Cockpit ar apkopes statusa att\u0113lo\u0161anu\u00a0 \u00a0 \u00a0N\u0113<br \/>Cold Extraction Process\u00a0 \u00a0 \u00a0N\u0113<br \/>Daudzfunkcion\u0101lais vad\u012bbas sl\u0113dzis\u00a0 \u00a0 \u00a0N\u0113<br \/>\u016adens daudzumu ir iesp\u0113jams uzst\u0101d\u012bt katrai pagatavo\u0161anas reizei\u00a0 \u00a0 \u00a0J\u0101<br \/>Kafijas pagatavo\u0161anas temperat\u016bru iesp\u0113jams uzst\u0101d\u012bt vair\u0101k\u0101s pak\u0101p\u0113s\u00a0 \u00a0 \u00a03<br \/>\u041a\u043e\u0444\u0435\u043c\u043e\u043b\u043a\u0430<br \/>Kafijas dzirnavi\u0146as\u00a0 \u00a0 J\u0101<br \/>Regul\u0113jama kafijas smalcin\u0101\u0161ana\u00a0 \u00a0 J\u0101<br \/>Kafijas pupi\u0146u ietilp\u012bba\u00a0 \u00a0 \u00a0200 g<br \/>Kafijas padeves kr\u0101na augstums\u00a0 \u00a0 \u00a080 \u2013 135 mm<br \/>Arom\u0101ta saglab\u0101\u0161anas v\u0101ks\u00a0 \u00a0 \u00a0N\u0113<br \/>Autom\u0101tisk\u0101 dzirnavi\u0146u piel\u0101go\u0161ana (A.G.A.)\u00a0 \u00a0 \u00a0N\u0113<br \/>\u0420\u0435\u0437\u0435\u0440\u0432\u0443\u0430\u0440\u044b<br \/>\u016adens tvertne\u00a0 \u00a0 \u00a01.3 l<br \/>Kafijas konteiners (trauks)\u00a0 \u00a0 7<br \/>Piena trauks\u00a0 \u00a0 N\u0113<br \/>Inteli\u0123ent\u0101 \u016adens Sist\u0113ma (I.W.S.)\u00a0 \u00a0 \u00a0N\u0113<br \/>\u041e\u0447\u0438\u0441\u0442\u043a\u0430<br \/>Autom\u0101tiska mazg\u0101\u0161ana\u00a0 \u00a0 J\u0101<br \/>Autom\u0101tisk\u0101 atka\u013c\u0137o\u0161an\u0101s\u00a0 \u00a0 N\u0113<br \/>Autom\u0101tiska piena sist\u0113mas t\u012br\u012b\u0161ana\u00a0 \u00a0 \u00a0N\u0113<br \/>Piena sist\u0113mas t\u012br\u012b\u0161ana ar vienu piesk\u0101rienu (autom\u0101tiski)\u00a0 \u00a0 \u00a0J\u0101<br \/>Integr\u0113tas skalo\u0161anas, t\u012br\u012b\u0161anas un ka\u013c\u0137akmens no\u0146em\u0161anas programmas\u00a0 \u00a0 \u00a0J\u0101<br \/>\u0420\u0430\u0437\u043c\u0435\u0440\u044b \u0438 \u0432\u0435\u0441<br \/>Dzi\u013cums\u00a0 \u00a0 \u00a046 cm<br \/>Platums\u00a0 \u00a0 \u00a024.1 cm<br \/>Augstums\u00a0 \u00a0 \u00a036 cm<br \/>Svars\u00a0 \u00a0 \u00a09.48 kg<br \/>\u0414\u043e\u043f\u043e\u043b\u043d\u0438\u0442\u0435\u043b\u044c\u043d\u043e<br \/>Telefona savienojums iek\u013cauts standarta komplekt\u0101\u00a0 \u00a0 \u00a0N\u0113<br \/>Vada garums\u00a0 \u00a0 \u00a01.2 m<br \/>Papildus inform\u0101cija\u00a0 \u00a0 \u00a0Divas porcijas vienlaikus \u2013 \u201cOneTouch for Two\u201d. AromaticSystem. Kr\u0113m\u012bgas piena putas<br \/>Ener\u0123ijas taup\u012b\u0161anas re\u017e\u012bms (E.S.M. \u00a9)\u00a0 \u00a0 \u00a0N\u0113<br \/>Nulles ener\u0123ijas sl\u0113dzis vai jaudas sl\u0113dzis\u00a0 \u00a0 \u00a0N\u0113<br \/>Savienojams WiFi t\u012bkl\u0101\u00a0 \u00a0 \u00a0N\u0113<br \/>Raid\u012bt\u0101js ietilpst standarta komplekt\u0101\u00a0 \u00a0 \u00a0N\u0113\u00a0<\/p><\/p>","protected":false},"excerpt":{"rendered":"<p>Produkta veids\u00a0 \u00a0 \u00a0Autom\u0101tiskie kafijas autom\u0101ti Z\u012bmols\u00a0 \u00a0 \u00a0MieleModelis\u00a0 \u00a0 \u00a0CM 5510 Alu-Silber-MetKafijas autom\u0101ta veids\u00a0 \u00a0 \u00a0Autom\u0101tisksPiena sist\u0113mas tips\u00a0 \u00a0 \u00a0Autom\u0101tisks piena putu veidot\u0101jsJauda\u00a0 \u00a0 1500 WMaksim\u0101lais darba spiediens\u00a0 \u00a0 15 BarKorpusa materi\u0101ls\u00a0 \u00a0 \u00a0PlastmasaIzcelsmes valsts\u00a0 \u00a0 \u00a0\u0160veice\u016adens filtrs\u00a0 \u00a0 N\u0113Kr\u0101sa\u00a0 \u00a0 \u00a0Melna, Pel\u0113kaEkr\u0101ns\u00a0 \u00a0 \u00a0J\u0101Ekr\u0101na tips\u00a0 \u00a0 \u00a0Kr\u0101su sk\u0101rienj\u016bt\u012bgs ekr\u0101nsKafijas veidi un pagatavo\u0161anaKafijas veids\u00a0 [&hellip;]<\/p>\n","protected":false},"featured_media":47190,"comment_status":"open","ping_status":"closed","template":"","meta":{"_joinchat":[]},"product_brand":[302],"product_cat":[314],"product_tag":[],"class_list":{"0":"post-47193","1":"product","2":"type-product","3":"status-publish","4":"has-post-thumbnail","6":"product_brand-miele","7":"product_cat-maza-sadzives-tehnika-kafijas-automati","9":"first","10":"instock","11":"shipping-taxable","12":"purchasable","13":"product-type-simple"},"yoast_head":"<!-- This site is optimized with the Yoast SEO plugin v27.5 - https:\/\/yoast.com\/product\/yoast-seo-wordpress\/ -->\n<title>Miele CM 5510 Alu-Silber-Met - Continent.lv<\/title>\n<meta name=\"robots\" content=\"index, follow, max-snippet:-1, max-image-preview:large, max-video-preview:-1\" \/>\n<link rel=\"canonical\" href=\"https:\/\/continent.lv\/ru\/product\/miele-cm-5510-alu-silber-met\/\" \/>\n<meta property=\"og:locale\" content=\"ru_RU\" \/>\n<meta property=\"og:type\" content=\"article\" \/>\n<meta property=\"og:title\" content=\"Miele CM 5510 Alu-Silber-Met - Continent.lv\" \/>\n<meta property=\"og:description\" content=\"Produkta veids\u00a0 \u00a0 \u00a0Autom\u0101tiskie kafijas autom\u0101ti Z\u012bmols\u00a0 \u00a0 \u00a0MieleModelis\u00a0 \u00a0 \u00a0CM 5510 Alu-Silber-MetKafijas autom\u0101ta veids\u00a0 \u00a0 \u00a0Autom\u0101tisksPiena sist\u0113mas tips\u00a0 \u00a0 \u00a0Autom\u0101tisks piena putu veidot\u0101jsJauda\u00a0 \u00a0 1500 WMaksim\u0101lais darba spiediens\u00a0 \u00a0 15 BarKorpusa materi\u0101ls\u00a0 \u00a0 \u00a0PlastmasaIzcelsmes valsts\u00a0 \u00a0 \u00a0\u0160veice\u016adens filtrs\u00a0 \u00a0 N\u0113Kr\u0101sa\u00a0 \u00a0 \u00a0Melna, Pel\u0113kaEkr\u0101ns\u00a0 \u00a0 \u00a0J\u0101Ekr\u0101na tips\u00a0 \u00a0 \u00a0Kr\u0101su sk\u0101rienj\u016bt\u012bgs ekr\u0101nsKafijas veidi un pagatavo\u0161anaKafijas veids\u00a0 [&hellip;]\" \/>\n<meta property=\"og:url\" content=\"https:\/\/continent.lv\/ru\/product\/miele-cm-5510-alu-silber-met\/\" \/>\n<meta property=\"og:site_name\" content=\"Continent.lv\" \/>\n<meta property=\"og:image\" content=\"https:\/\/continent.lv\/wp-content\/uploads\/2026\/05\/21_jp7t-3g.jpeg\" \/>\n\t<meta property=\"og:image:width\" content=\"2000\" \/>\n\t<meta property=\"og:image:height\" content=\"2951\" \/>\n\t<meta property=\"og:image:type\" content=\"image\/jpeg\" \/>\n<meta name=\"twitter:card\" content=\"summary_large_image\" \/>\n<meta name=\"twitter:label1\" content=\"\u041f\u0440\u0438\u043c\u0435\u0440\u043d\u043e\u0435 \u0432\u0440\u0435\u043c\u044f \u0434\u043b\u044f \u0447\u0442\u0435\u043d\u0438\u044f\" \/>\n\t<meta name=\"twitter:data1\" content=\"4 \u043c\u0438\u043d\u0443\u0442\u044b\" \/>\n<script type=\"application\/ld+json\" class=\"yoast-schema-graph\">{\"@context\":\"https:\\\/\\\/schema.org\",\"@graph\":[{\"@type\":\"WebPage\",\"@id\":\"https:\\\/\\\/continent.lv\\\/product\\\/miele-cm-5510-alu-silber-met\\\/\",\"url\":\"https:\\\/\\\/continent.lv\\\/product\\\/miele-cm-5510-alu-silber-met\\\/\",\"name\":\"Miele CM 5510 Alu-Silber-Met - Continent.lv\",\"isPartOf\":{\"@id\":\"https:\\\/\\\/continent.lv\\\/#website\"},\"primaryImageOfPage\":{\"@id\":\"https:\\\/\\\/continent.lv\\\/product\\\/miele-cm-5510-alu-silber-met\\\/#primaryimage\"},\"image\":{\"@id\":\"https:\\\/\\\/continent.lv\\\/product\\\/miele-cm-5510-alu-silber-met\\\/#primaryimage\"},\"thumbnailUrl\":\"https:\\\/\\\/continent.lv\\\/wp-content\\\/uploads\\\/2026\\\/05\\\/21_jp7t-3g.jpeg\",\"datePublished\":\"2026-05-01T09:13:35+00:00\",\"breadcrumb\":{\"@id\":\"https:\\\/\\\/continent.lv\\\/product\\\/miele-cm-5510-alu-silber-met\\\/#breadcrumb\"},\"inLanguage\":\"ru-RU\",\"potentialAction\":[{\"@type\":\"ReadAction\",\"target\":[\"https:\\\/\\\/continent.lv\\\/product\\\/miele-cm-5510-alu-silber-met\\\/\"]}]},{\"@type\":\"ImageObject\",\"inLanguage\":\"ru-RU\",\"@id\":\"https:\\\/\\\/continent.lv\\\/product\\\/miele-cm-5510-alu-silber-met\\\/#primaryimage\",\"url\":\"https:\\\/\\\/continent.lv\\\/wp-content\\\/uploads\\\/2026\\\/05\\\/21_jp7t-3g.jpeg\",\"contentUrl\":\"https:\\\/\\\/continent.lv\\\/wp-content\\\/uploads\\\/2026\\\/05\\\/21_jp7t-3g.jpeg\",\"width\":2000,\"height\":2951},{\"@type\":\"BreadcrumbList\",\"@id\":\"https:\\\/\\\/continent.lv\\\/product\\\/miele-cm-5510-alu-silber-met\\\/#breadcrumb\",\"itemListElement\":[{\"@type\":\"ListItem\",\"position\":1,\"name\":\"Home\",\"item\":\"https:\\\/\\\/continent.lv\\\/\"},{\"@type\":\"ListItem\",\"position\":2,\"name\":\"Veikals\",\"item\":\"https:\\\/\\\/continent.lv\\\/shop\\\/\"},{\"@type\":\"ListItem\",\"position\":3,\"name\":\"Miele CM 5510 Alu-Silber-Met\"}]},{\"@type\":\"WebSite\",\"@id\":\"https:\\\/\\\/continent.lv\\\/#website\",\"url\":\"https:\\\/\\\/continent.lv\\\/\",\"name\":\"Continent.lv\",\"description\":\"Sadz\u012bves pre\u010du internetveikals\",\"publisher\":{\"@id\":\"https:\\\/\\\/continent.lv\\\/#organization\"},\"potentialAction\":[{\"@type\":\"SearchAction\",\"target\":{\"@type\":\"EntryPoint\",\"urlTemplate\":\"https:\\\/\\\/continent.lv\\\/?s={search_term_string}\"},\"query-input\":{\"@type\":\"PropertyValueSpecification\",\"valueRequired\":true,\"valueName\":\"search_term_string\"}}],\"inLanguage\":\"ru-RU\"},{\"@type\":\"Organization\",\"@id\":\"https:\\\/\\\/continent.lv\\\/#organization\",\"name\":\"Continent.lv\",\"url\":\"https:\\\/\\\/continent.lv\\\/\",\"logo\":{\"@type\":\"ImageObject\",\"inLanguage\":\"ru-RU\",\"@id\":\"https:\\\/\\\/continent.lv\\\/#\\\/schema\\\/logo\\\/image\\\/\",\"url\":\"https:\\\/\\\/continent.lv\\\/wp-content\\\/uploads\\\/2026\\\/05\\\/logo_continent_5nwv-jh.jpg\",\"contentUrl\":\"https:\\\/\\\/continent.lv\\\/wp-content\\\/uploads\\\/2026\\\/05\\\/logo_continent_5nwv-jh.jpg\",\"width\":221,\"height\":50,\"caption\":\"Continent.lv\"},\"image\":{\"@id\":\"https:\\\/\\\/continent.lv\\\/#\\\/schema\\\/logo\\\/image\\\/\"}}]}<\/script>\n<!-- \/ Yoast SEO plugin. -->","yoast_head_json":{"title":"Miele CM 5510 Alu-Silber-Met - Continent.lv","robots":{"index":"index","follow":"follow","max-snippet":"max-snippet:-1","max-image-preview":"max-image-preview:large","max-video-preview":"max-video-preview:-1"},"canonical":"https:\/\/continent.lv\/ru\/product\/miele-cm-5510-alu-silber-met\/","og_locale":"ru_RU","og_type":"article","og_title":"Miele CM 5510 Alu-Silber-Met - Continent.lv","og_description":"Produkta veids\u00a0 \u00a0 \u00a0Autom\u0101tiskie kafijas autom\u0101ti Z\u012bmols\u00a0 \u00a0 \u00a0MieleModelis\u00a0 \u00a0 \u00a0CM 5510 Alu-Silber-MetKafijas autom\u0101ta veids\u00a0 \u00a0 \u00a0Autom\u0101tisksPiena sist\u0113mas tips\u00a0 \u00a0 \u00a0Autom\u0101tisks piena putu veidot\u0101jsJauda\u00a0 \u00a0 1500 WMaksim\u0101lais darba spiediens\u00a0 \u00a0 15 BarKorpusa materi\u0101ls\u00a0 \u00a0 \u00a0PlastmasaIzcelsmes valsts\u00a0 \u00a0 \u00a0\u0160veice\u016adens filtrs\u00a0 \u00a0 N\u0113Kr\u0101sa\u00a0 \u00a0 \u00a0Melna, Pel\u0113kaEkr\u0101ns\u00a0 \u00a0 \u00a0J\u0101Ekr\u0101na tips\u00a0 \u00a0 \u00a0Kr\u0101su sk\u0101rienj\u016bt\u012bgs ekr\u0101nsKafijas veidi un pagatavo\u0161anaKafijas veids\u00a0 [&hellip;]","og_url":"https:\/\/continent.lv\/ru\/product\/miele-cm-5510-alu-silber-met\/","og_site_name":"Continent.lv","og_image":[{"width":2000,"height":2951,"url":"https:\/\/continent.lv\/wp-content\/uploads\/2026\/05\/21_jp7t-3g.jpeg","type":"image\/jpeg"}],"twitter_card":"summary_large_image","twitter_misc":{"\u041f\u0440\u0438\u043c\u0435\u0440\u043d\u043e\u0435 \u0432\u0440\u0435\u043c\u044f \u0434\u043b\u044f \u0447\u0442\u0435\u043d\u0438\u044f":"4 \u043c\u0438\u043d\u0443\u0442\u044b"},"schema":{"@context":"https:\/\/schema.org","@graph":[{"@type":"WebPage","@id":"https:\/\/continent.lv\/product\/miele-cm-5510-alu-silber-met\/","url":"https:\/\/continent.lv\/product\/miele-cm-5510-alu-silber-met\/","name":"Miele CM 5510 Alu-Silber-Met - Continent.lv","isPartOf":{"@id":"https:\/\/continent.lv\/#website"},"primaryImageOfPage":{"@id":"https:\/\/continent.lv\/product\/miele-cm-5510-alu-silber-met\/#primaryimage"},"image":{"@id":"https:\/\/continent.lv\/product\/miele-cm-5510-alu-silber-met\/#primaryimage"},"thumbnailUrl":"https:\/\/continent.lv\/wp-content\/uploads\/2026\/05\/21_jp7t-3g.jpeg","datePublished":"2026-05-01T09:13:35+00:00","breadcrumb":{"@id":"https:\/\/continent.lv\/product\/miele-cm-5510-alu-silber-met\/#breadcrumb"},"inLanguage":"ru-RU","potentialAction":[{"@type":"ReadAction","target":["https:\/\/continent.lv\/product\/miele-cm-5510-alu-silber-met\/"]}]},{"@type":"ImageObject","inLanguage":"ru-RU","@id":"https:\/\/continent.lv\/product\/miele-cm-5510-alu-silber-met\/#primaryimage","url":"https:\/\/continent.lv\/wp-content\/uploads\/2026\/05\/21_jp7t-3g.jpeg","contentUrl":"https:\/\/continent.lv\/wp-content\/uploads\/2026\/05\/21_jp7t-3g.jpeg","width":2000,"height":2951},{"@type":"BreadcrumbList","@id":"https:\/\/continent.lv\/product\/miele-cm-5510-alu-silber-met\/#breadcrumb","itemListElement":[{"@type":"ListItem","position":1,"name":"Home","item":"https:\/\/continent.lv\/"},{"@type":"ListItem","position":2,"name":"Veikals","item":"https:\/\/continent.lv\/shop\/"},{"@type":"ListItem","position":3,"name":"Miele CM 5510 Alu-Silber-Met"}]},{"@type":"WebSite","@id":"https:\/\/continent.lv\/#website","url":"https:\/\/continent.lv\/","name":"Continent.lv","description":"Sadz\u012bves pre\u010du internetveikals","publisher":{"@id":"https:\/\/continent.lv\/#organization"},"potentialAction":[{"@type":"SearchAction","target":{"@type":"EntryPoint","urlTemplate":"https:\/\/continent.lv\/?s={search_term_string}"},"query-input":{"@type":"PropertyValueSpecification","valueRequired":true,"valueName":"search_term_string"}}],"inLanguage":"ru-RU"},{"@type":"Organization","@id":"https:\/\/continent.lv\/#organization","name":"Continent.lv","url":"https:\/\/continent.lv\/","logo":{"@type":"ImageObject","inLanguage":"ru-RU","@id":"https:\/\/continent.lv\/#\/schema\/logo\/image\/","url":"https:\/\/continent.lv\/wp-content\/uploads\/2026\/05\/logo_continent_5nwv-jh.jpg","contentUrl":"https:\/\/continent.lv\/wp-content\/uploads\/2026\/05\/logo_continent_5nwv-jh.jpg","width":221,"height":50,"caption":"Continent.lv"},"image":{"@id":"https:\/\/continent.lv\/#\/schema\/logo\/image\/"}}]}},"_links":{"self":[{"href":"https:\/\/continent.lv\/ru\/wp-json\/wp\/v2\/product\/47193","targetHints":{"allow":["GET"]}}],"collection":[{"href":"https:\/\/continent.lv\/ru\/wp-json\/wp\/v2\/product"}],"about":[{"href":"https:\/\/continent.lv\/ru\/wp-json\/wp\/v2\/types\/product"}],"replies":[{"embeddable":true,"href":"https:\/\/continent.lv\/ru\/wp-json\/wp\/v2\/comments?post=47193"}],"wp:featuredmedia":[{"embeddable":true,"href":"https:\/\/continent.lv\/ru\/wp-json\/wp\/v2\/media\/47190"}],"wp:attachment":[{"href":"https:\/\/continent.lv\/ru\/wp-json\/wp\/v2\/media?parent=47193"}],"wp:term":[{"taxonomy":"product_brand","embeddable":true,"href":"https:\/\/continent.lv\/ru\/wp-json\/wp\/v2\/product_brand?post=47193"},{"taxonomy":"product_cat","embeddable":true,"href":"https:\/\/continent.lv\/ru\/wp-json\/wp\/v2\/product_cat?post=47193"},{"taxonomy":"product_tag","embeddable":true,"href":"https:\/\/continent.lv\/ru\/wp-json\/wp\/v2\/product_tag?post=47193"}],"curies":[{"name":"wp","href":"https:\/\/api.w.org\/{rel}","templated":true}]}}