{"id":47172,"date":"2026-05-01T09:12:12","date_gmt":"2026-05-01T09:12:12","guid":{"rendered":"https:\/\/continent.lv\/product\/midea-fs40-20m\/"},"modified":"2026-05-01T09:12:12","modified_gmt":"2026-05-01T09:12:12","slug":"midea-fs40-20m","status":"publish","type":"product","link":"https:\/\/continent.lv\/ru\/product\/midea-fs40-20m\/","title":{"rendered":"Midea FS40-20M"},"content":{"rendered":"<p>\u041e\u0431\u0449\u0438\u0435 \u043f\u0430\u0440\u0430\u043c\u0435\u0442\u0440\u044b<\/p>\n<p>Produkta veids\u00a0 \u00a0 \u00a0Gr\u012bdas ventilatori<br \/>Z\u012bmols\u00a0 \u00a0 \u00a0Midea<br \/>Modelis\u00a0 \u00a0 \u00a0FS40-20M<br \/>Augstums\u00a0 \u00a0 \u00a040 cm<br \/>Diametrs\u00a0 \u00a0 40 cm<br \/>Svars\u00a0 \u00a0 \u00a05.6 kg<br \/>Jauda\u00a0 \u00a0 40 W<br \/>Kr\u0101sa\u00a0 \u00a0 \u00a0Balta<br \/>Materi\u0101ls\u00a0 \u00a0 \u00a0Plastmasa<br \/>Trok\u0161\u0146a l\u012bmenis\u00a0 \u00a0 \u00a050 dB<br \/>Korpusa grie\u0161an\u0101s gr\u0101di\u00a0 \u00a0 \u00a075 \u00b0<br \/>\u0100trumu skaits\u00a0 \u00a0 3<br \/>Funkcijas\u00a0 \u00a0 \u00a0Ventil\u0101cija<br \/>Att\u0101lin\u0101t\u0101s vad\u012bbas funkcija\u00a0 \u00a0 \u00a0N\u0113<\/p><\/p>","protected":false},"excerpt":{"rendered":"<p>Kop\u0113jie parametri Produkta veids\u00a0 \u00a0 \u00a0Gr\u012bdas ventilatoriZ\u012bmols\u00a0 \u00a0 \u00a0MideaModelis\u00a0 \u00a0 \u00a0FS40-20MAugstums\u00a0 \u00a0 \u00a040 cmDiametrs\u00a0 \u00a0 40 cmSvars\u00a0 \u00a0 \u00a05.6 kgJauda\u00a0 \u00a0 40 WKr\u0101sa\u00a0 \u00a0 \u00a0BaltaMateri\u0101ls\u00a0 \u00a0 \u00a0PlastmasaTrok\u0161\u0146a l\u012bmenis\u00a0 \u00a0 \u00a050 dBKorpusa grie\u0161an\u0101s gr\u0101di\u00a0 \u00a0 \u00a075 \u00b0\u0100trumu skaits\u00a0 \u00a0 3Funkcijas\u00a0 \u00a0 \u00a0Ventil\u0101cijaAtt\u0101lin\u0101t\u0101s vad\u012bbas funkcija\u00a0 \u00a0 \u00a0N\u0113<\/p>","protected":false},"featured_media":47171,"comment_status":"open","ping_status":"closed","template":"","meta":{"_joinchat":[]},"product_brand":[396],"product_cat":[319],"product_tag":[],"class_list":{"0":"post-47172","1":"product","2":"type-product","3":"status-publish","4":"has-post-thumbnail","6":"product_brand-midea","7":"product_cat-maza-sadzives-tehnika-gaisa-ventilatori","9":"first","10":"instock","11":"shipping-taxable","12":"purchasable","13":"product-type-simple"},"yoast_head":"<!-- This site is optimized with the Yoast SEO plugin v27.5 - https:\/\/yoast.com\/product\/yoast-seo-wordpress\/ -->\n<title>Midea FS40-20M - Continent.lv<\/title>\n<meta name=\"robots\" content=\"index, follow, max-snippet:-1, max-image-preview:large, max-video-preview:-1\" \/>\n<link rel=\"canonical\" href=\"https:\/\/continent.lv\/ru\/product\/midea-fs40-20m\/\" \/>\n<meta property=\"og:locale\" content=\"ru_RU\" \/>\n<meta property=\"og:type\" content=\"article\" \/>\n<meta property=\"og:title\" content=\"Midea FS40-20M - Continent.lv\" \/>\n<meta property=\"og:description\" content=\"Kop\u0113jie parametri Produkta veids\u00a0 \u00a0 \u00a0Gr\u012bdas ventilatoriZ\u012bmols\u00a0 \u00a0 \u00a0MideaModelis\u00a0 \u00a0 \u00a0FS40-20MAugstums\u00a0 \u00a0 \u00a040 cmDiametrs\u00a0 \u00a0 40 cmSvars\u00a0 \u00a0 \u00a05.6 kgJauda\u00a0 \u00a0 40 WKr\u0101sa\u00a0 \u00a0 \u00a0BaltaMateri\u0101ls\u00a0 \u00a0 \u00a0PlastmasaTrok\u0161\u0146a l\u012bmenis\u00a0 \u00a0 \u00a050 dBKorpusa grie\u0161an\u0101s gr\u0101di\u00a0 \u00a0 \u00a075 \u00b0\u0100trumu skaits\u00a0 \u00a0 3Funkcijas\u00a0 \u00a0 \u00a0Ventil\u0101cijaAtt\u0101lin\u0101t\u0101s vad\u012bbas funkcija\u00a0 \u00a0 \u00a0N\u0113\" \/>\n<meta property=\"og:url\" content=\"https:\/\/continent.lv\/ru\/product\/midea-fs40-20m\/\" \/>\n<meta property=\"og:site_name\" content=\"Continent.lv\" \/>\n<meta property=\"og:image\" content=\"https:\/\/continent.lv\/wp-content\/uploads\/2026\/05\/21_3zo2-op.jpeg\" \/>\n\t<meta property=\"og:image:width\" content=\"2000\" \/>\n\t<meta property=\"og:image:height\" content=\"4658\" \/>\n\t<meta property=\"og:image:type\" content=\"image\/jpeg\" \/>\n<meta name=\"twitter:card\" content=\"summary_large_image\" \/>\n<script type=\"application\/ld+json\" class=\"yoast-schema-graph\">{\"@context\":\"https:\\\/\\\/schema.org\",\"@graph\":[{\"@type\":\"WebPage\",\"@id\":\"https:\\\/\\\/continent.lv\\\/product\\\/midea-fs40-20m\\\/\",\"url\":\"https:\\\/\\\/continent.lv\\\/product\\\/midea-fs40-20m\\\/\",\"name\":\"Midea FS40-20M - Continent.lv\",\"isPartOf\":{\"@id\":\"https:\\\/\\\/continent.lv\\\/#website\"},\"primaryImageOfPage\":{\"@id\":\"https:\\\/\\\/continent.lv\\\/product\\\/midea-fs40-20m\\\/#primaryimage\"},\"image\":{\"@id\":\"https:\\\/\\\/continent.lv\\\/product\\\/midea-fs40-20m\\\/#primaryimage\"},\"thumbnailUrl\":\"https:\\\/\\\/continent.lv\\\/wp-content\\\/uploads\\\/2026\\\/05\\\/21_3zo2-op.jpeg\",\"datePublished\":\"2026-05-01T09:12:12+00:00\",\"breadcrumb\":{\"@id\":\"https:\\\/\\\/continent.lv\\\/product\\\/midea-fs40-20m\\\/#breadcrumb\"},\"inLanguage\":\"ru-RU\",\"potentialAction\":[{\"@type\":\"ReadAction\",\"target\":[\"https:\\\/\\\/continent.lv\\\/product\\\/midea-fs40-20m\\\/\"]}]},{\"@type\":\"ImageObject\",\"inLanguage\":\"ru-RU\",\"@id\":\"https:\\\/\\\/continent.lv\\\/product\\\/midea-fs40-20m\\\/#primaryimage\",\"url\":\"https:\\\/\\\/continent.lv\\\/wp-content\\\/uploads\\\/2026\\\/05\\\/21_3zo2-op.jpeg\",\"contentUrl\":\"https:\\\/\\\/continent.lv\\\/wp-content\\\/uploads\\\/2026\\\/05\\\/21_3zo2-op.jpeg\",\"width\":2000,\"height\":4658},{\"@type\":\"BreadcrumbList\",\"@id\":\"https:\\\/\\\/continent.lv\\\/product\\\/midea-fs40-20m\\\/#breadcrumb\",\"itemListElement\":[{\"@type\":\"ListItem\",\"position\":1,\"name\":\"Home\",\"item\":\"https:\\\/\\\/continent.lv\\\/\"},{\"@type\":\"ListItem\",\"position\":2,\"name\":\"Veikals\",\"item\":\"https:\\\/\\\/continent.lv\\\/shop\\\/\"},{\"@type\":\"ListItem\",\"position\":3,\"name\":\"Midea FS40-20M\"}]},{\"@type\":\"WebSite\",\"@id\":\"https:\\\/\\\/continent.lv\\\/#website\",\"url\":\"https:\\\/\\\/continent.lv\\\/\",\"name\":\"Continent.lv\",\"description\":\"Sadz\u012bves pre\u010du internetveikals\",\"publisher\":{\"@id\":\"https:\\\/\\\/continent.lv\\\/#organization\"},\"potentialAction\":[{\"@type\":\"SearchAction\",\"target\":{\"@type\":\"EntryPoint\",\"urlTemplate\":\"https:\\\/\\\/continent.lv\\\/?s={search_term_string}\"},\"query-input\":{\"@type\":\"PropertyValueSpecification\",\"valueRequired\":true,\"valueName\":\"search_term_string\"}}],\"inLanguage\":\"ru-RU\"},{\"@type\":\"Organization\",\"@id\":\"https:\\\/\\\/continent.lv\\\/#organization\",\"name\":\"Continent.lv\",\"url\":\"https:\\\/\\\/continent.lv\\\/\",\"logo\":{\"@type\":\"ImageObject\",\"inLanguage\":\"ru-RU\",\"@id\":\"https:\\\/\\\/continent.lv\\\/#\\\/schema\\\/logo\\\/image\\\/\",\"url\":\"https:\\\/\\\/continent.lv\\\/wp-content\\\/uploads\\\/2026\\\/05\\\/logo_continent_5nwv-jh.jpg\",\"contentUrl\":\"https:\\\/\\\/continent.lv\\\/wp-content\\\/uploads\\\/2026\\\/05\\\/logo_continent_5nwv-jh.jpg\",\"width\":221,\"height\":50,\"caption\":\"Continent.lv\"},\"image\":{\"@id\":\"https:\\\/\\\/continent.lv\\\/#\\\/schema\\\/logo\\\/image\\\/\"}}]}<\/script>\n<!-- \/ Yoast SEO plugin. -->","yoast_head_json":{"title":"Midea FS40-20M - Continent.lv","robots":{"index":"index","follow":"follow","max-snippet":"max-snippet:-1","max-image-preview":"max-image-preview:large","max-video-preview":"max-video-preview:-1"},"canonical":"https:\/\/continent.lv\/ru\/product\/midea-fs40-20m\/","og_locale":"ru_RU","og_type":"article","og_title":"Midea FS40-20M - Continent.lv","og_description":"Kop\u0113jie parametri Produkta veids\u00a0 \u00a0 \u00a0Gr\u012bdas ventilatoriZ\u012bmols\u00a0 \u00a0 \u00a0MideaModelis\u00a0 \u00a0 \u00a0FS40-20MAugstums\u00a0 \u00a0 \u00a040 cmDiametrs\u00a0 \u00a0 40 cmSvars\u00a0 \u00a0 \u00a05.6 kgJauda\u00a0 \u00a0 40 WKr\u0101sa\u00a0 \u00a0 \u00a0BaltaMateri\u0101ls\u00a0 \u00a0 \u00a0PlastmasaTrok\u0161\u0146a l\u012bmenis\u00a0 \u00a0 \u00a050 dBKorpusa grie\u0161an\u0101s gr\u0101di\u00a0 \u00a0 \u00a075 \u00b0\u0100trumu skaits\u00a0 \u00a0 3Funkcijas\u00a0 \u00a0 \u00a0Ventil\u0101cijaAtt\u0101lin\u0101t\u0101s vad\u012bbas funkcija\u00a0 \u00a0 \u00a0N\u0113","og_url":"https:\/\/continent.lv\/ru\/product\/midea-fs40-20m\/","og_site_name":"Continent.lv","og_image":[{"width":2000,"height":4658,"url":"https:\/\/continent.lv\/wp-content\/uploads\/2026\/05\/21_3zo2-op.jpeg","type":"image\/jpeg"}],"twitter_card":"summary_large_image","schema":{"@context":"https:\/\/schema.org","@graph":[{"@type":"WebPage","@id":"https:\/\/continent.lv\/product\/midea-fs40-20m\/","url":"https:\/\/continent.lv\/product\/midea-fs40-20m\/","name":"Midea FS40-20M - Continent.lv","isPartOf":{"@id":"https:\/\/continent.lv\/#website"},"primaryImageOfPage":{"@id":"https:\/\/continent.lv\/product\/midea-fs40-20m\/#primaryimage"},"image":{"@id":"https:\/\/continent.lv\/product\/midea-fs40-20m\/#primaryimage"},"thumbnailUrl":"https:\/\/continent.lv\/wp-content\/uploads\/2026\/05\/21_3zo2-op.jpeg","datePublished":"2026-05-01T09:12:12+00:00","breadcrumb":{"@id":"https:\/\/continent.lv\/product\/midea-fs40-20m\/#breadcrumb"},"inLanguage":"ru-RU","potentialAction":[{"@type":"ReadAction","target":["https:\/\/continent.lv\/product\/midea-fs40-20m\/"]}]},{"@type":"ImageObject","inLanguage":"ru-RU","@id":"https:\/\/continent.lv\/product\/midea-fs40-20m\/#primaryimage","url":"https:\/\/continent.lv\/wp-content\/uploads\/2026\/05\/21_3zo2-op.jpeg","contentUrl":"https:\/\/continent.lv\/wp-content\/uploads\/2026\/05\/21_3zo2-op.jpeg","width":2000,"height":4658},{"@type":"BreadcrumbList","@id":"https:\/\/continent.lv\/product\/midea-fs40-20m\/#breadcrumb","itemListElement":[{"@type":"ListItem","position":1,"name":"Home","item":"https:\/\/continent.lv\/"},{"@type":"ListItem","position":2,"name":"Veikals","item":"https:\/\/continent.lv\/shop\/"},{"@type":"ListItem","position":3,"name":"Midea FS40-20M"}]},{"@type":"WebSite","@id":"https:\/\/continent.lv\/#website","url":"https:\/\/continent.lv\/","name":"Continent.lv","description":"Sadz\u012bves pre\u010du internetveikals","publisher":{"@id":"https:\/\/continent.lv\/#organization"},"potentialAction":[{"@type":"SearchAction","target":{"@type":"EntryPoint","urlTemplate":"https:\/\/continent.lv\/?s={search_term_string}"},"query-input":{"@type":"PropertyValueSpecification","valueRequired":true,"valueName":"search_term_string"}}],"inLanguage":"ru-RU"},{"@type":"Organization","@id":"https:\/\/continent.lv\/#organization","name":"Continent.lv","url":"https:\/\/continent.lv\/","logo":{"@type":"ImageObject","inLanguage":"ru-RU","@id":"https:\/\/continent.lv\/#\/schema\/logo\/image\/","url":"https:\/\/continent.lv\/wp-content\/uploads\/2026\/05\/logo_continent_5nwv-jh.jpg","contentUrl":"https:\/\/continent.lv\/wp-content\/uploads\/2026\/05\/logo_continent_5nwv-jh.jpg","width":221,"height":50,"caption":"Continent.lv"},"image":{"@id":"https:\/\/continent.lv\/#\/schema\/logo\/image\/"}}]}},"_links":{"self":[{"href":"https:\/\/continent.lv\/ru\/wp-json\/wp\/v2\/product\/47172","targetHints":{"allow":["GET"]}}],"collection":[{"href":"https:\/\/continent.lv\/ru\/wp-json\/wp\/v2\/product"}],"about":[{"href":"https:\/\/continent.lv\/ru\/wp-json\/wp\/v2\/types\/product"}],"replies":[{"embeddable":true,"href":"https:\/\/continent.lv\/ru\/wp-json\/wp\/v2\/comments?post=47172"}],"wp:featuredmedia":[{"embeddable":true,"href":"https:\/\/continent.lv\/ru\/wp-json\/wp\/v2\/media\/47171"}],"wp:attachment":[{"href":"https:\/\/continent.lv\/ru\/wp-json\/wp\/v2\/media?parent=47172"}],"wp:term":[{"taxonomy":"product_brand","embeddable":true,"href":"https:\/\/continent.lv\/ru\/wp-json\/wp\/v2\/product_brand?post=47172"},{"taxonomy":"product_cat","embeddable":true,"href":"https:\/\/continent.lv\/ru\/wp-json\/wp\/v2\/product_cat?post=47172"},{"taxonomy":"product_tag","embeddable":true,"href":"https:\/\/continent.lv\/ru\/wp-json\/wp\/v2\/product_tag?post=47172"}],"curies":[{"name":"wp","href":"https:\/\/api.w.org\/{rel}","templated":true}]}}