{"id":47117,"date":"2026-05-01T09:08:15","date_gmt":"2026-05-01T09:08:15","guid":{"rendered":"https:\/\/continent.lv\/product\/ravanson-wt-7040sn\/"},"modified":"2026-05-01T09:08:15","modified_gmt":"2026-05-01T09:08:15","slug":"ravanson-wt-7040sn","status":"publish","type":"product","link":"https:\/\/continent.lv\/ru\/product\/ravanson-wt-7040sn\/","title":{"rendered":"Ravanson WT-7040SN"},"content":{"rendered":"<\/p>\n<p>\u041e\u0431\u0449\u0438\u0435 \u043f\u0430\u0440\u0430\u043c\u0435\u0442\u0440\u044b<br \/>Produkta veids\u00a0 \u00a0 \u00a0Gr\u012bdas ventilatori<br \/>Z\u012bmols\u00a0 \u00a0 \u00a0Ravanson<br \/>Modelis\u00a0 \u00a0 \u00a0WT-7040SN<br \/>Augstums\u00a0 \u00a0 \u00a0125 cm<br \/>Diametrs\u00a0 \u00a0 45 cm<br \/>Svars\u00a0 \u00a0 \u00a06.1 kg<br \/>Jauda\u00a0 \u00a0 50 W<br \/>Kr\u0101sas nosaukums\u00a0 \u00a0 \u00a0Ner\u016bs\u0113jo\u0161\u0101 t\u0113rauda, Pel\u0113ka<br \/>Materi\u0101ls\u00a0 \u00a0 \u00a0Met\u0101ls<br \/>Trok\u0161\u0146a l\u012bmenis\u00a0 \u00a0 \u00a062.5 dB<br \/>Korpusa grie\u0161an\u0101s gr\u0101di\u00a0 \u00a0 \u00a090 \u00b0<br \/>\u0100trumu skaits\u00a0 \u00a0 3<br \/>Funkcijas\u00a0 \u00a0 \u00a0Ventil\u0101cija<br \/>Att\u0101lin\u0101t\u0101s vad\u012bbas funkcija\u00a0 \u00a0 \u00a0N\u0113<br \/>Garantija\u00a0 \u00a0 \u00a024 m\u0113n<br \/>Papildus inform\u0101cija\u00a0 \u00a0 \u00a0Aizsardz\u012bba pret p\u0101rkar\u0161anu<br \/>Izcelsmes valsts\u00a0 \u00a0 \u00a0Polija\u00a0<\/p><\/p>","protected":false},"excerpt":{"rendered":"<p>Kop\u0113jie parametriProdukta veids\u00a0 \u00a0 \u00a0Gr\u012bdas ventilatoriZ\u012bmols\u00a0 \u00a0 \u00a0RavansonModelis\u00a0 \u00a0 \u00a0WT-7040SNAugstums\u00a0 \u00a0 \u00a0125 cmDiametrs\u00a0 \u00a0 45 cmSvars\u00a0 \u00a0 \u00a06.1 kgJauda\u00a0 \u00a0 50 WKr\u0101sas nosaukums\u00a0 \u00a0 \u00a0Ner\u016bs\u0113jo\u0161\u0101 t\u0113rauda, Pel\u0113kaMateri\u0101ls\u00a0 \u00a0 \u00a0Met\u0101lsTrok\u0161\u0146a l\u012bmenis\u00a0 \u00a0 \u00a062.5 dBKorpusa grie\u0161an\u0101s gr\u0101di\u00a0 \u00a0 \u00a090 \u00b0\u0100trumu skaits\u00a0 \u00a0 3Funkcijas\u00a0 \u00a0 \u00a0Ventil\u0101cijaAtt\u0101lin\u0101t\u0101s vad\u012bbas funkcija\u00a0 \u00a0 \u00a0N\u0113Garantija\u00a0 \u00a0 \u00a024 m\u0113nPapildus inform\u0101cija\u00a0 \u00a0 \u00a0Aizsardz\u012bba pret p\u0101rkar\u0161anuIzcelsmes [&hellip;]<\/p>\n","protected":false},"featured_media":47111,"comment_status":"open","ping_status":"closed","template":"","meta":{"_joinchat":[]},"product_brand":[],"product_cat":[319],"product_tag":[],"class_list":{"0":"post-47117","1":"product","2":"type-product","3":"status-publish","4":"has-post-thumbnail","6":"product_cat-maza-sadzives-tehnika-gaisa-ventilatori","8":"first","9":"instock","10":"shipping-taxable","11":"purchasable","12":"product-type-simple"},"yoast_head":"<!-- This site is optimized with the Yoast SEO plugin v27.5 - https:\/\/yoast.com\/product\/yoast-seo-wordpress\/ -->\n<title>Ravanson WT-7040SN - Continent.lv<\/title>\n<meta name=\"robots\" content=\"index, follow, max-snippet:-1, max-image-preview:large, max-video-preview:-1\" \/>\n<link rel=\"canonical\" href=\"https:\/\/continent.lv\/ru\/product\/ravanson-wt-7040sn\/\" \/>\n<meta property=\"og:locale\" content=\"ru_RU\" \/>\n<meta property=\"og:type\" content=\"article\" \/>\n<meta property=\"og:title\" content=\"Ravanson WT-7040SN - Continent.lv\" \/>\n<meta property=\"og:description\" content=\"Kop\u0113jie parametriProdukta veids\u00a0 \u00a0 \u00a0Gr\u012bdas ventilatoriZ\u012bmols\u00a0 \u00a0 \u00a0RavansonModelis\u00a0 \u00a0 \u00a0WT-7040SNAugstums\u00a0 \u00a0 \u00a0125 cmDiametrs\u00a0 \u00a0 45 cmSvars\u00a0 \u00a0 \u00a06.1 kgJauda\u00a0 \u00a0 50 WKr\u0101sas nosaukums\u00a0 \u00a0 \u00a0Ner\u016bs\u0113jo\u0161\u0101 t\u0113rauda, Pel\u0113kaMateri\u0101ls\u00a0 \u00a0 \u00a0Met\u0101lsTrok\u0161\u0146a l\u012bmenis\u00a0 \u00a0 \u00a062.5 dBKorpusa grie\u0161an\u0101s gr\u0101di\u00a0 \u00a0 \u00a090 \u00b0\u0100trumu skaits\u00a0 \u00a0 3Funkcijas\u00a0 \u00a0 \u00a0Ventil\u0101cijaAtt\u0101lin\u0101t\u0101s vad\u012bbas funkcija\u00a0 \u00a0 \u00a0N\u0113Garantija\u00a0 \u00a0 \u00a024 m\u0113nPapildus inform\u0101cija\u00a0 \u00a0 \u00a0Aizsardz\u012bba pret p\u0101rkar\u0161anuIzcelsmes [&hellip;]\" \/>\n<meta property=\"og:url\" content=\"https:\/\/continent.lv\/ru\/product\/ravanson-wt-7040sn\/\" \/>\n<meta property=\"og:site_name\" content=\"Continent.lv\" \/>\n<meta property=\"og:image\" content=\"https:\/\/continent.lv\/wp-content\/uploads\/2026\/05\/21_2lih-ol.jpeg\" \/>\n\t<meta property=\"og:image:width\" content=\"2000\" \/>\n\t<meta property=\"og:image:height\" content=\"2000\" \/>\n\t<meta property=\"og:image:type\" content=\"image\/jpeg\" \/>\n<meta name=\"twitter:card\" content=\"summary_large_image\" \/>\n<meta name=\"twitter:label1\" content=\"\u041f\u0440\u0438\u043c\u0435\u0440\u043d\u043e\u0435 \u0432\u0440\u0435\u043c\u044f \u0434\u043b\u044f \u0447\u0442\u0435\u043d\u0438\u044f\" \/>\n\t<meta name=\"twitter:data1\" content=\"1 \u043c\u0438\u043d\u0443\u0442\u0430\" \/>\n<script type=\"application\/ld+json\" class=\"yoast-schema-graph\">{\"@context\":\"https:\\\/\\\/schema.org\",\"@graph\":[{\"@type\":\"WebPage\",\"@id\":\"https:\\\/\\\/continent.lv\\\/product\\\/ravanson-wt-7040sn\\\/\",\"url\":\"https:\\\/\\\/continent.lv\\\/product\\\/ravanson-wt-7040sn\\\/\",\"name\":\"Ravanson WT-7040SN - Continent.lv\",\"isPartOf\":{\"@id\":\"https:\\\/\\\/continent.lv\\\/#website\"},\"primaryImageOfPage\":{\"@id\":\"https:\\\/\\\/continent.lv\\\/product\\\/ravanson-wt-7040sn\\\/#primaryimage\"},\"image\":{\"@id\":\"https:\\\/\\\/continent.lv\\\/product\\\/ravanson-wt-7040sn\\\/#primaryimage\"},\"thumbnailUrl\":\"https:\\\/\\\/continent.lv\\\/wp-content\\\/uploads\\\/2026\\\/05\\\/21_2lih-ol.jpeg\",\"datePublished\":\"2026-05-01T09:08:15+00:00\",\"breadcrumb\":{\"@id\":\"https:\\\/\\\/continent.lv\\\/product\\\/ravanson-wt-7040sn\\\/#breadcrumb\"},\"inLanguage\":\"ru-RU\",\"potentialAction\":[{\"@type\":\"ReadAction\",\"target\":[\"https:\\\/\\\/continent.lv\\\/product\\\/ravanson-wt-7040sn\\\/\"]}]},{\"@type\":\"ImageObject\",\"inLanguage\":\"ru-RU\",\"@id\":\"https:\\\/\\\/continent.lv\\\/product\\\/ravanson-wt-7040sn\\\/#primaryimage\",\"url\":\"https:\\\/\\\/continent.lv\\\/wp-content\\\/uploads\\\/2026\\\/05\\\/21_2lih-ol.jpeg\",\"contentUrl\":\"https:\\\/\\\/continent.lv\\\/wp-content\\\/uploads\\\/2026\\\/05\\\/21_2lih-ol.jpeg\",\"width\":2000,\"height\":2000},{\"@type\":\"BreadcrumbList\",\"@id\":\"https:\\\/\\\/continent.lv\\\/product\\\/ravanson-wt-7040sn\\\/#breadcrumb\",\"itemListElement\":[{\"@type\":\"ListItem\",\"position\":1,\"name\":\"Home\",\"item\":\"https:\\\/\\\/continent.lv\\\/\"},{\"@type\":\"ListItem\",\"position\":2,\"name\":\"Veikals\",\"item\":\"https:\\\/\\\/continent.lv\\\/shop\\\/\"},{\"@type\":\"ListItem\",\"position\":3,\"name\":\"Ravanson WT-7040SN\"}]},{\"@type\":\"WebSite\",\"@id\":\"https:\\\/\\\/continent.lv\\\/#website\",\"url\":\"https:\\\/\\\/continent.lv\\\/\",\"name\":\"Continent.lv\",\"description\":\"Sadz\u012bves pre\u010du internetveikals\",\"publisher\":{\"@id\":\"https:\\\/\\\/continent.lv\\\/#organization\"},\"potentialAction\":[{\"@type\":\"SearchAction\",\"target\":{\"@type\":\"EntryPoint\",\"urlTemplate\":\"https:\\\/\\\/continent.lv\\\/?s={search_term_string}\"},\"query-input\":{\"@type\":\"PropertyValueSpecification\",\"valueRequired\":true,\"valueName\":\"search_term_string\"}}],\"inLanguage\":\"ru-RU\"},{\"@type\":\"Organization\",\"@id\":\"https:\\\/\\\/continent.lv\\\/#organization\",\"name\":\"Continent.lv\",\"url\":\"https:\\\/\\\/continent.lv\\\/\",\"logo\":{\"@type\":\"ImageObject\",\"inLanguage\":\"ru-RU\",\"@id\":\"https:\\\/\\\/continent.lv\\\/#\\\/schema\\\/logo\\\/image\\\/\",\"url\":\"https:\\\/\\\/continent.lv\\\/wp-content\\\/uploads\\\/2026\\\/05\\\/logo_continent_5nwv-jh.jpg\",\"contentUrl\":\"https:\\\/\\\/continent.lv\\\/wp-content\\\/uploads\\\/2026\\\/05\\\/logo_continent_5nwv-jh.jpg\",\"width\":221,\"height\":50,\"caption\":\"Continent.lv\"},\"image\":{\"@id\":\"https:\\\/\\\/continent.lv\\\/#\\\/schema\\\/logo\\\/image\\\/\"}}]}<\/script>\n<!-- \/ Yoast SEO plugin. -->","yoast_head_json":{"title":"Ravanson WT-7040SN - Continent.lv","robots":{"index":"index","follow":"follow","max-snippet":"max-snippet:-1","max-image-preview":"max-image-preview:large","max-video-preview":"max-video-preview:-1"},"canonical":"https:\/\/continent.lv\/ru\/product\/ravanson-wt-7040sn\/","og_locale":"ru_RU","og_type":"article","og_title":"Ravanson WT-7040SN - Continent.lv","og_description":"Kop\u0113jie parametriProdukta veids\u00a0 \u00a0 \u00a0Gr\u012bdas ventilatoriZ\u012bmols\u00a0 \u00a0 \u00a0RavansonModelis\u00a0 \u00a0 \u00a0WT-7040SNAugstums\u00a0 \u00a0 \u00a0125 cmDiametrs\u00a0 \u00a0 45 cmSvars\u00a0 \u00a0 \u00a06.1 kgJauda\u00a0 \u00a0 50 WKr\u0101sas nosaukums\u00a0 \u00a0 \u00a0Ner\u016bs\u0113jo\u0161\u0101 t\u0113rauda, Pel\u0113kaMateri\u0101ls\u00a0 \u00a0 \u00a0Met\u0101lsTrok\u0161\u0146a l\u012bmenis\u00a0 \u00a0 \u00a062.5 dBKorpusa grie\u0161an\u0101s gr\u0101di\u00a0 \u00a0 \u00a090 \u00b0\u0100trumu skaits\u00a0 \u00a0 3Funkcijas\u00a0 \u00a0 \u00a0Ventil\u0101cijaAtt\u0101lin\u0101t\u0101s vad\u012bbas funkcija\u00a0 \u00a0 \u00a0N\u0113Garantija\u00a0 \u00a0 \u00a024 m\u0113nPapildus inform\u0101cija\u00a0 \u00a0 \u00a0Aizsardz\u012bba pret p\u0101rkar\u0161anuIzcelsmes [&hellip;]","og_url":"https:\/\/continent.lv\/ru\/product\/ravanson-wt-7040sn\/","og_site_name":"Continent.lv","og_image":[{"width":2000,"height":2000,"url":"https:\/\/continent.lv\/wp-content\/uploads\/2026\/05\/21_2lih-ol.jpeg","type":"image\/jpeg"}],"twitter_card":"summary_large_image","twitter_misc":{"\u041f\u0440\u0438\u043c\u0435\u0440\u043d\u043e\u0435 \u0432\u0440\u0435\u043c\u044f \u0434\u043b\u044f \u0447\u0442\u0435\u043d\u0438\u044f":"1 \u043c\u0438\u043d\u0443\u0442\u0430"},"schema":{"@context":"https:\/\/schema.org","@graph":[{"@type":"WebPage","@id":"https:\/\/continent.lv\/product\/ravanson-wt-7040sn\/","url":"https:\/\/continent.lv\/product\/ravanson-wt-7040sn\/","name":"Ravanson WT-7040SN - Continent.lv","isPartOf":{"@id":"https:\/\/continent.lv\/#website"},"primaryImageOfPage":{"@id":"https:\/\/continent.lv\/product\/ravanson-wt-7040sn\/#primaryimage"},"image":{"@id":"https:\/\/continent.lv\/product\/ravanson-wt-7040sn\/#primaryimage"},"thumbnailUrl":"https:\/\/continent.lv\/wp-content\/uploads\/2026\/05\/21_2lih-ol.jpeg","datePublished":"2026-05-01T09:08:15+00:00","breadcrumb":{"@id":"https:\/\/continent.lv\/product\/ravanson-wt-7040sn\/#breadcrumb"},"inLanguage":"ru-RU","potentialAction":[{"@type":"ReadAction","target":["https:\/\/continent.lv\/product\/ravanson-wt-7040sn\/"]}]},{"@type":"ImageObject","inLanguage":"ru-RU","@id":"https:\/\/continent.lv\/product\/ravanson-wt-7040sn\/#primaryimage","url":"https:\/\/continent.lv\/wp-content\/uploads\/2026\/05\/21_2lih-ol.jpeg","contentUrl":"https:\/\/continent.lv\/wp-content\/uploads\/2026\/05\/21_2lih-ol.jpeg","width":2000,"height":2000},{"@type":"BreadcrumbList","@id":"https:\/\/continent.lv\/product\/ravanson-wt-7040sn\/#breadcrumb","itemListElement":[{"@type":"ListItem","position":1,"name":"Home","item":"https:\/\/continent.lv\/"},{"@type":"ListItem","position":2,"name":"Veikals","item":"https:\/\/continent.lv\/shop\/"},{"@type":"ListItem","position":3,"name":"Ravanson WT-7040SN"}]},{"@type":"WebSite","@id":"https:\/\/continent.lv\/#website","url":"https:\/\/continent.lv\/","name":"Continent.lv","description":"Sadz\u012bves pre\u010du internetveikals","publisher":{"@id":"https:\/\/continent.lv\/#organization"},"potentialAction":[{"@type":"SearchAction","target":{"@type":"EntryPoint","urlTemplate":"https:\/\/continent.lv\/?s={search_term_string}"},"query-input":{"@type":"PropertyValueSpecification","valueRequired":true,"valueName":"search_term_string"}}],"inLanguage":"ru-RU"},{"@type":"Organization","@id":"https:\/\/continent.lv\/#organization","name":"Continent.lv","url":"https:\/\/continent.lv\/","logo":{"@type":"ImageObject","inLanguage":"ru-RU","@id":"https:\/\/continent.lv\/#\/schema\/logo\/image\/","url":"https:\/\/continent.lv\/wp-content\/uploads\/2026\/05\/logo_continent_5nwv-jh.jpg","contentUrl":"https:\/\/continent.lv\/wp-content\/uploads\/2026\/05\/logo_continent_5nwv-jh.jpg","width":221,"height":50,"caption":"Continent.lv"},"image":{"@id":"https:\/\/continent.lv\/#\/schema\/logo\/image\/"}}]}},"_links":{"self":[{"href":"https:\/\/continent.lv\/ru\/wp-json\/wp\/v2\/product\/47117","targetHints":{"allow":["GET"]}}],"collection":[{"href":"https:\/\/continent.lv\/ru\/wp-json\/wp\/v2\/product"}],"about":[{"href":"https:\/\/continent.lv\/ru\/wp-json\/wp\/v2\/types\/product"}],"replies":[{"embeddable":true,"href":"https:\/\/continent.lv\/ru\/wp-json\/wp\/v2\/comments?post=47117"}],"wp:featuredmedia":[{"embeddable":true,"href":"https:\/\/continent.lv\/ru\/wp-json\/wp\/v2\/media\/47111"}],"wp:attachment":[{"href":"https:\/\/continent.lv\/ru\/wp-json\/wp\/v2\/media?parent=47117"}],"wp:term":[{"taxonomy":"product_brand","embeddable":true,"href":"https:\/\/continent.lv\/ru\/wp-json\/wp\/v2\/product_brand?post=47117"},{"taxonomy":"product_cat","embeddable":true,"href":"https:\/\/continent.lv\/ru\/wp-json\/wp\/v2\/product_cat?post=47117"},{"taxonomy":"product_tag","embeddable":true,"href":"https:\/\/continent.lv\/ru\/wp-json\/wp\/v2\/product_tag?post=47117"}],"curies":[{"name":"wp","href":"https:\/\/api.w.org\/{rel}","templated":true}]}}