{"id":47005,"date":"2026-05-01T09:03:32","date_gmt":"2026-05-01T09:03:32","guid":{"rendered":"https:\/\/continent.lv\/product\/gorenje-gi601fmc-indukcijas\/"},"modified":"2026-05-01T09:03:32","modified_gmt":"2026-05-01T09:03:32","slug":"gorenje-gi601fmc-indukcijas","status":"publish","type":"product","link":"https:\/\/continent.lv\/ru\/product\/gorenje-gi601fmc-indukcijas\/","title":{"rendered":"Gorenje GI601FMC \u0418\u043d\u0434\u0443\u043a\u0446\u0438\u043e\u043d\u043d\u0430\u044f"},"content":{"rendered":"<p>Augstums (cm)\u00a0 \u00a0 5,4<\/p>\n<p>Bruto svars ( ar iepakojumu kg)\u00a0 \u00a0 8,3<br \/>Dzi\u013cums (cm)\u00a0 \u00a0 52<br \/>Gatavo\u0161anas zonu savieno\u0161ana\u00a0 \u00a0 \u2013<br \/>Gatavo\u0161anas zonu skaits\u00a0 \u00a0 4<br \/>Kr\u0101sa\u00a0 \u00a0 Melns<br \/>Papla\u0161in\u0101mas gatavo\u0161anas zonas\u00a0 \u00a0 \u2013<br \/>Platums (cm)\u00a0 \u00a0 59,5<br \/>Pl\u012bts virsmas veids\u00a0 \u00a0 Indukcijas pl\u012bts virsma<br \/>Savienojums starp pl\u012bts virsmu un tvaika nos\u016bc\u0113ju\u00a0 \u00a0 \u2013<br \/>\u041a\u0440\u043e\u043c\u043a\u0430 \u0411\u0435\u0437\u0440\u0430\u043c\u043e\u0447\u043d\u0430\u044f<br \/>Svars (kg)\u00a0 \u00a0 7,8<br \/>Taimeris\u00a0 \u00a0 +<br \/>Vad\u012bbas panelis\u00a0 \u00a0 Sk\u0101rienjut\u012bgs<\/p><\/p>","protected":false},"excerpt":{"rendered":"<p>Augstums (cm)\u00a0 \u00a0 5,4 Bruto svars ( ar iepakojumu kg)\u00a0 \u00a0 8,3Dzi\u013cums (cm)\u00a0 \u00a0 52Gatavo\u0161anas zonu savieno\u0161ana\u00a0 \u00a0 \u2013Gatavo\u0161anas zonu skaits\u00a0 \u00a0 4Kr\u0101sa\u00a0 \u00a0 MelnsPapla\u0161in\u0101mas gatavo\u0161anas zonas\u00a0 \u00a0 \u2013Platums (cm)\u00a0 \u00a0 59,5Pl\u012bts virsmas veids\u00a0 \u00a0 Indukcijas pl\u012bts virsmaSavienojums starp pl\u012bts virsmu un tvaika nos\u016bc\u0113ju\u00a0 \u00a0 \u2013mala Bezr\u0101mjuSvars (kg)\u00a0 \u00a0 7,8Taimeris\u00a0 \u00a0 +Vad\u012bbas panelis\u00a0 \u00a0 Sk\u0101rienjut\u012bgs<\/p>","protected":false},"featured_media":47002,"comment_status":"open","ping_status":"closed","template":"","meta":{"_joinchat":[]},"product_brand":[271],"product_cat":[264],"product_tag":[],"class_list":{"0":"post-47005","1":"product","2":"type-product","3":"status-publish","4":"has-post-thumbnail","6":"product_brand-gorenje","7":"product_cat-iebuvejama-sadzives-tehnika-iebuvejamas-elektriskas-plits-virsmas","9":"first","10":"instock","11":"shipping-taxable","12":"purchasable","13":"product-type-simple"},"yoast_head":"<!-- This site is optimized with the Yoast SEO plugin v27.5 - https:\/\/yoast.com\/product\/yoast-seo-wordpress\/ -->\n<title>Gorenje GI601FMC Indukcijas - Continent.lv<\/title>\n<meta name=\"robots\" content=\"index, follow, max-snippet:-1, max-image-preview:large, max-video-preview:-1\" \/>\n<link rel=\"canonical\" href=\"https:\/\/continent.lv\/ru\/product\/gorenje-gi601fmc-indukcijas\/\" \/>\n<meta property=\"og:locale\" content=\"ru_RU\" \/>\n<meta property=\"og:type\" content=\"article\" \/>\n<meta property=\"og:title\" content=\"Gorenje GI601FMC Indukcijas - Continent.lv\" \/>\n<meta property=\"og:description\" content=\"Augstums (cm)\u00a0 \u00a0 5,4 Bruto svars ( ar iepakojumu kg)\u00a0 \u00a0 8,3Dzi\u013cums (cm)\u00a0 \u00a0 52Gatavo\u0161anas zonu savieno\u0161ana\u00a0 \u00a0 \u2013Gatavo\u0161anas zonu skaits\u00a0 \u00a0 4Kr\u0101sa\u00a0 \u00a0 MelnsPapla\u0161in\u0101mas gatavo\u0161anas zonas\u00a0 \u00a0 \u2013Platums (cm)\u00a0 \u00a0 59,5Pl\u012bts virsmas veids\u00a0 \u00a0 Indukcijas pl\u012bts virsmaSavienojums starp pl\u012bts virsmu un tvaika nos\u016bc\u0113ju\u00a0 \u00a0 \u2013mala Bezr\u0101mjuSvars (kg)\u00a0 \u00a0 7,8Taimeris\u00a0 \u00a0 +Vad\u012bbas panelis\u00a0 \u00a0 Sk\u0101rienjut\u012bgs\" \/>\n<meta property=\"og:url\" content=\"https:\/\/continent.lv\/ru\/product\/gorenje-gi601fmc-indukcijas\/\" \/>\n<meta property=\"og:site_name\" content=\"Continent.lv\" \/>\n<meta property=\"og:image\" content=\"https:\/\/continent.lv\/wp-content\/uploads\/2026\/05\/21_gix1-0q.jpeg\" \/>\n\t<meta property=\"og:image:width\" content=\"1300\" \/>\n\t<meta property=\"og:image:height\" content=\"1605\" \/>\n\t<meta property=\"og:image:type\" content=\"image\/jpeg\" \/>\n<meta name=\"twitter:card\" content=\"summary_large_image\" \/>\n<script type=\"application\/ld+json\" class=\"yoast-schema-graph\">{\"@context\":\"https:\\\/\\\/schema.org\",\"@graph\":[{\"@type\":\"WebPage\",\"@id\":\"https:\\\/\\\/continent.lv\\\/product\\\/gorenje-gi601fmc-indukcijas\\\/\",\"url\":\"https:\\\/\\\/continent.lv\\\/product\\\/gorenje-gi601fmc-indukcijas\\\/\",\"name\":\"Gorenje GI601FMC Indukcijas - Continent.lv\",\"isPartOf\":{\"@id\":\"https:\\\/\\\/continent.lv\\\/#website\"},\"primaryImageOfPage\":{\"@id\":\"https:\\\/\\\/continent.lv\\\/product\\\/gorenje-gi601fmc-indukcijas\\\/#primaryimage\"},\"image\":{\"@id\":\"https:\\\/\\\/continent.lv\\\/product\\\/gorenje-gi601fmc-indukcijas\\\/#primaryimage\"},\"thumbnailUrl\":\"https:\\\/\\\/continent.lv\\\/wp-content\\\/uploads\\\/2026\\\/05\\\/21_gix1-0q.jpeg\",\"datePublished\":\"2026-05-01T09:03:32+00:00\",\"breadcrumb\":{\"@id\":\"https:\\\/\\\/continent.lv\\\/product\\\/gorenje-gi601fmc-indukcijas\\\/#breadcrumb\"},\"inLanguage\":\"ru-RU\",\"potentialAction\":[{\"@type\":\"ReadAction\",\"target\":[\"https:\\\/\\\/continent.lv\\\/product\\\/gorenje-gi601fmc-indukcijas\\\/\"]}]},{\"@type\":\"ImageObject\",\"inLanguage\":\"ru-RU\",\"@id\":\"https:\\\/\\\/continent.lv\\\/product\\\/gorenje-gi601fmc-indukcijas\\\/#primaryimage\",\"url\":\"https:\\\/\\\/continent.lv\\\/wp-content\\\/uploads\\\/2026\\\/05\\\/21_gix1-0q.jpeg\",\"contentUrl\":\"https:\\\/\\\/continent.lv\\\/wp-content\\\/uploads\\\/2026\\\/05\\\/21_gix1-0q.jpeg\",\"width\":1300,\"height\":1605},{\"@type\":\"BreadcrumbList\",\"@id\":\"https:\\\/\\\/continent.lv\\\/product\\\/gorenje-gi601fmc-indukcijas\\\/#breadcrumb\",\"itemListElement\":[{\"@type\":\"ListItem\",\"position\":1,\"name\":\"Home\",\"item\":\"https:\\\/\\\/continent.lv\\\/\"},{\"@type\":\"ListItem\",\"position\":2,\"name\":\"Veikals\",\"item\":\"https:\\\/\\\/continent.lv\\\/shop\\\/\"},{\"@type\":\"ListItem\",\"position\":3,\"name\":\"Gorenje GI601FMC Indukcijas\"}]},{\"@type\":\"WebSite\",\"@id\":\"https:\\\/\\\/continent.lv\\\/#website\",\"url\":\"https:\\\/\\\/continent.lv\\\/\",\"name\":\"Continent.lv\",\"description\":\"Sadz\u012bves pre\u010du internetveikals\",\"publisher\":{\"@id\":\"https:\\\/\\\/continent.lv\\\/#organization\"},\"potentialAction\":[{\"@type\":\"SearchAction\",\"target\":{\"@type\":\"EntryPoint\",\"urlTemplate\":\"https:\\\/\\\/continent.lv\\\/?s={search_term_string}\"},\"query-input\":{\"@type\":\"PropertyValueSpecification\",\"valueRequired\":true,\"valueName\":\"search_term_string\"}}],\"inLanguage\":\"ru-RU\"},{\"@type\":\"Organization\",\"@id\":\"https:\\\/\\\/continent.lv\\\/#organization\",\"name\":\"Continent.lv\",\"url\":\"https:\\\/\\\/continent.lv\\\/\",\"logo\":{\"@type\":\"ImageObject\",\"inLanguage\":\"ru-RU\",\"@id\":\"https:\\\/\\\/continent.lv\\\/#\\\/schema\\\/logo\\\/image\\\/\",\"url\":\"https:\\\/\\\/continent.lv\\\/wp-content\\\/uploads\\\/2026\\\/05\\\/logo_continent_5nwv-jh.jpg\",\"contentUrl\":\"https:\\\/\\\/continent.lv\\\/wp-content\\\/uploads\\\/2026\\\/05\\\/logo_continent_5nwv-jh.jpg\",\"width\":221,\"height\":50,\"caption\":\"Continent.lv\"},\"image\":{\"@id\":\"https:\\\/\\\/continent.lv\\\/#\\\/schema\\\/logo\\\/image\\\/\"}}]}<\/script>\n<!-- \/ Yoast SEO plugin. -->","yoast_head_json":{"title":"Gorenje GI601FMC Indukcijas - Continent.lv","robots":{"index":"index","follow":"follow","max-snippet":"max-snippet:-1","max-image-preview":"max-image-preview:large","max-video-preview":"max-video-preview:-1"},"canonical":"https:\/\/continent.lv\/ru\/product\/gorenje-gi601fmc-indukcijas\/","og_locale":"ru_RU","og_type":"article","og_title":"Gorenje GI601FMC Indukcijas - Continent.lv","og_description":"Augstums (cm)\u00a0 \u00a0 5,4 Bruto svars ( ar iepakojumu kg)\u00a0 \u00a0 8,3Dzi\u013cums (cm)\u00a0 \u00a0 52Gatavo\u0161anas zonu savieno\u0161ana\u00a0 \u00a0 \u2013Gatavo\u0161anas zonu skaits\u00a0 \u00a0 4Kr\u0101sa\u00a0 \u00a0 MelnsPapla\u0161in\u0101mas gatavo\u0161anas zonas\u00a0 \u00a0 \u2013Platums (cm)\u00a0 \u00a0 59,5Pl\u012bts virsmas veids\u00a0 \u00a0 Indukcijas pl\u012bts virsmaSavienojums starp pl\u012bts virsmu un tvaika nos\u016bc\u0113ju\u00a0 \u00a0 \u2013mala Bezr\u0101mjuSvars (kg)\u00a0 \u00a0 7,8Taimeris\u00a0 \u00a0 +Vad\u012bbas panelis\u00a0 \u00a0 Sk\u0101rienjut\u012bgs","og_url":"https:\/\/continent.lv\/ru\/product\/gorenje-gi601fmc-indukcijas\/","og_site_name":"Continent.lv","og_image":[{"width":1300,"height":1605,"url":"https:\/\/continent.lv\/wp-content\/uploads\/2026\/05\/21_gix1-0q.jpeg","type":"image\/jpeg"}],"twitter_card":"summary_large_image","schema":{"@context":"https:\/\/schema.org","@graph":[{"@type":"WebPage","@id":"https:\/\/continent.lv\/product\/gorenje-gi601fmc-indukcijas\/","url":"https:\/\/continent.lv\/product\/gorenje-gi601fmc-indukcijas\/","name":"Gorenje GI601FMC Indukcijas - Continent.lv","isPartOf":{"@id":"https:\/\/continent.lv\/#website"},"primaryImageOfPage":{"@id":"https:\/\/continent.lv\/product\/gorenje-gi601fmc-indukcijas\/#primaryimage"},"image":{"@id":"https:\/\/continent.lv\/product\/gorenje-gi601fmc-indukcijas\/#primaryimage"},"thumbnailUrl":"https:\/\/continent.lv\/wp-content\/uploads\/2026\/05\/21_gix1-0q.jpeg","datePublished":"2026-05-01T09:03:32+00:00","breadcrumb":{"@id":"https:\/\/continent.lv\/product\/gorenje-gi601fmc-indukcijas\/#breadcrumb"},"inLanguage":"ru-RU","potentialAction":[{"@type":"ReadAction","target":["https:\/\/continent.lv\/product\/gorenje-gi601fmc-indukcijas\/"]}]},{"@type":"ImageObject","inLanguage":"ru-RU","@id":"https:\/\/continent.lv\/product\/gorenje-gi601fmc-indukcijas\/#primaryimage","url":"https:\/\/continent.lv\/wp-content\/uploads\/2026\/05\/21_gix1-0q.jpeg","contentUrl":"https:\/\/continent.lv\/wp-content\/uploads\/2026\/05\/21_gix1-0q.jpeg","width":1300,"height":1605},{"@type":"BreadcrumbList","@id":"https:\/\/continent.lv\/product\/gorenje-gi601fmc-indukcijas\/#breadcrumb","itemListElement":[{"@type":"ListItem","position":1,"name":"Home","item":"https:\/\/continent.lv\/"},{"@type":"ListItem","position":2,"name":"Veikals","item":"https:\/\/continent.lv\/shop\/"},{"@type":"ListItem","position":3,"name":"Gorenje GI601FMC Indukcijas"}]},{"@type":"WebSite","@id":"https:\/\/continent.lv\/#website","url":"https:\/\/continent.lv\/","name":"Continent.lv","description":"Sadz\u012bves pre\u010du internetveikals","publisher":{"@id":"https:\/\/continent.lv\/#organization"},"potentialAction":[{"@type":"SearchAction","target":{"@type":"EntryPoint","urlTemplate":"https:\/\/continent.lv\/?s={search_term_string}"},"query-input":{"@type":"PropertyValueSpecification","valueRequired":true,"valueName":"search_term_string"}}],"inLanguage":"ru-RU"},{"@type":"Organization","@id":"https:\/\/continent.lv\/#organization","name":"Continent.lv","url":"https:\/\/continent.lv\/","logo":{"@type":"ImageObject","inLanguage":"ru-RU","@id":"https:\/\/continent.lv\/#\/schema\/logo\/image\/","url":"https:\/\/continent.lv\/wp-content\/uploads\/2026\/05\/logo_continent_5nwv-jh.jpg","contentUrl":"https:\/\/continent.lv\/wp-content\/uploads\/2026\/05\/logo_continent_5nwv-jh.jpg","width":221,"height":50,"caption":"Continent.lv"},"image":{"@id":"https:\/\/continent.lv\/#\/schema\/logo\/image\/"}}]}},"_links":{"self":[{"href":"https:\/\/continent.lv\/ru\/wp-json\/wp\/v2\/product\/47005","targetHints":{"allow":["GET"]}}],"collection":[{"href":"https:\/\/continent.lv\/ru\/wp-json\/wp\/v2\/product"}],"about":[{"href":"https:\/\/continent.lv\/ru\/wp-json\/wp\/v2\/types\/product"}],"replies":[{"embeddable":true,"href":"https:\/\/continent.lv\/ru\/wp-json\/wp\/v2\/comments?post=47005"}],"wp:featuredmedia":[{"embeddable":true,"href":"https:\/\/continent.lv\/ru\/wp-json\/wp\/v2\/media\/47002"}],"wp:attachment":[{"href":"https:\/\/continent.lv\/ru\/wp-json\/wp\/v2\/media?parent=47005"}],"wp:term":[{"taxonomy":"product_brand","embeddable":true,"href":"https:\/\/continent.lv\/ru\/wp-json\/wp\/v2\/product_brand?post=47005"},{"taxonomy":"product_cat","embeddable":true,"href":"https:\/\/continent.lv\/ru\/wp-json\/wp\/v2\/product_cat?post=47005"},{"taxonomy":"product_tag","embeddable":true,"href":"https:\/\/continent.lv\/ru\/wp-json\/wp\/v2\/product_tag?post=47005"}],"curies":[{"name":"wp","href":"https:\/\/api.w.org\/{rel}","templated":true}]}}