{"id":46890,"date":"2026-05-01T08:59:00","date_gmt":"2026-05-01T08:59:00","guid":{"rendered":"https:\/\/continent.lv\/product\/bosch-smv2itx09e-60cm-iebuvejama\/"},"modified":"2026-05-01T08:59:00","modified_gmt":"2026-05-01T08:59:00","slug":"bosch-smv2itx09e-60cm-iebuvejama","status":"publish","type":"product","link":"https:\/\/continent.lv\/ru\/product\/bosch-smv2itx09e-60cm-iebuvejama\/","title":{"rendered":"Bosch SMV2ITX09E 60 \u0441\u043c \u0412\u0441\u0442\u0440\u0430\u0438\u0432\u0430\u0435\u043c\u0430\u044f!"},"content":{"rendered":"<p>Pre\u010du z\u012bme\u00a0 \u00a0 Bosch<\/p>\n<p>\u00a0 \u00a0 Veids\u00a0 \u00a0 Piln\u012bb\u0101 ieb\u016bv\u0113jama<br \/>\u00a0 \u00a0 Vad\u012bbas panelis\u00a0 \u00a0 Integr\u0113ts<br \/>\u00a0 \u00a0 Izm\u0113rs\u00a0 \u00a0 60 cm platums<br \/>\u00a0 \u00a0 EAN\u00a0 \u00a0 4242005498765<br \/>\u041d\u043e\u0432\u0430\u044f \u044d\u043d\u0435\u0440\u0433\u0435\u0442\u0438\u0447\u0435\u0441\u043a\u0430\u044f \u043c\u0430\u0440\u043a\u0438\u0440\u043e\u0432\u043a\u0430 \u0441 2021 \u0433\u043e\u0434\u0430<br \/>\u00a0 \u00a0 Energoefektivit\u0101tes klase\u00a0 \u00a0 E<br \/>\u00a0 \u00a0 Elektroener\u0123ijas pat\u0113ri\u0146\u0161 100 mazg\u0101\u0161anas ciklos\u00a0 \u00a0 94 kWh<br \/>\u0401\u043c\u043a\u043e\u0441\u0442\u044c<br \/>\u00a0 \u00a0 Trauku komplektu skaits\u00a0 \u00a0 13<br \/>\u041c\u043e\u0439\u043a\u0430<br \/>\u00a0 \u00a0 \u016adens pat\u0113ri\u0146\u0161 vien\u0101 mazg\u0101\u0161anas cikl\u0101\u00a0 \u00a0 9.5 l<br \/>\u00a0 \u00a0 Ekonomisk\u0101s programmas ilgums (stundas : min\u016btes)\u00a0 \u00a0 4:10<br \/>\u00a0 \u00a0 Trok\u0161\u0146a l\u012bmenis\u00a0 \u00a0 46 dB<br \/>\u00a0 \u00a0 Akustisk\u0101 trok\u0161\u0146a emisijas klase\u00a0 \u00a0 C<br \/>\u0420\u0430\u0437\u043c\u0435\u0440\u044b, \u0432\u0435\u0441<br \/>\u00a0 \u00a0 Augstums\u00a0 \u00a0 81.5 \u2013 87.5 cm<br \/>\u00a0 \u00a0 Platums\u00a0 \u00a0 59.8 cm<br \/>\u00a0 \u00a0 Dzi\u013cums\u00a0 \u00a0 55 cm<br \/>\u00a0 \u00a0 Svars\u00a0 \u00a0 33.5 kg<br \/>\u00a0 \u00a0 Svars ar iepakojumu\u00a0 \u00a0 35.6 kg<br \/>\u0423\u043f\u0440\u0430\u0432\u043b\u0435\u043d\u0438\u0435<br \/>\u00a0 \u00a0 Vad\u012bba\u00a0 \u00a0 Elektroniska<br \/>\u00a0 \u00a0 Wi-Fi\u00a0 \u00a0 Ir<br \/>\u0414\u0440\u0443\u0433\u0438\u0435 \u043f\u0430\u0440\u0430\u043c\u0435\u0442\u0440\u044b<br \/>\u00a0 \u00a0 Grozu skaits\u00a0 \u00a0 2<br \/>\u00a0 \u00a0 Programmu skaits\u00a0 \u00a0 5<br \/>\u00a0 \u00a0 Nodro\u0161in\u0101jums pret appl\u016bdi\u00a0 \u00a0 Aquastop<br \/>\u00a0 \u00a0 \u0418\u043d\u0434\u0438\u043a\u0430\u0442\u043e\u0440 \u043a\u043e\u043b\u0438\u0447\u0435\u0441\u0442\u0432\u0430 \u0441\u043e\u043b\u0438 \u0438 \u043e\u043f\u043e\u043b\u0430\u0441\u043a\u0438\u0432\u0430\u0442\u0435\u043b\u044f\u00a0 \u00a0\u00a0<\/p><\/p>","protected":false},"excerpt":{"rendered":"<p>Pre\u010du z\u012bme\u00a0 \u00a0 Bosch \u00a0 \u00a0 Veids\u00a0 \u00a0 Piln\u012bb\u0101 ieb\u016bv\u0113jama\u00a0 \u00a0 Vad\u012bbas panelis\u00a0 \u00a0 Integr\u0113ts\u00a0 \u00a0 Izm\u0113rs\u00a0 \u00a0 60 cm platums\u00a0 \u00a0 EAN\u00a0 \u00a0 4242005498765Jaunais energomar\u0137\u0113jums no 2021.gada\u00a0 \u00a0 Energoefektivit\u0101tes klase\u00a0 \u00a0 E\u00a0 \u00a0 Elektroener\u0123ijas pat\u0113ri\u0146\u0161 100 mazg\u0101\u0161anas ciklos\u00a0 \u00a0 94 kWhIetilp\u012bba\u00a0 \u00a0 Trauku komplektu skaits\u00a0 \u00a0 13Mazg\u0101\u0161ana\u00a0 \u00a0 \u016adens pat\u0113ri\u0146\u0161 vien\u0101 mazg\u0101\u0161anas cikl\u0101\u00a0 \u00a0 [&hellip;]<\/p>\n","protected":false},"featured_media":46882,"comment_status":"open","ping_status":"closed","template":"","meta":{"_joinchat":[]},"product_brand":[281],"product_cat":[280],"product_tag":[],"class_list":{"0":"post-46890","1":"product","2":"type-product","3":"status-publish","4":"has-post-thumbnail","6":"product_brand-bosch","7":"product_cat-iebuvejama-sadzives-tehnika-iebuvejamas-trauku-mazgajamas-masinas","9":"first","10":"instock","11":"shipping-taxable","12":"purchasable","13":"product-type-simple"},"yoast_head":"<!-- This site is optimized with the Yoast SEO plugin v27.5 - https:\/\/yoast.com\/product\/yoast-seo-wordpress\/ -->\n<title>Bosch SMV2ITX09E 60cm Ieb\u016bv\u0113jama! - Continent.lv<\/title>\n<meta name=\"robots\" content=\"index, follow, max-snippet:-1, max-image-preview:large, max-video-preview:-1\" \/>\n<link rel=\"canonical\" href=\"https:\/\/continent.lv\/ru\/product\/bosch-smv2itx09e-60cm-iebuvejama\/\" \/>\n<meta property=\"og:locale\" content=\"ru_RU\" \/>\n<meta property=\"og:type\" content=\"article\" \/>\n<meta property=\"og:title\" content=\"Bosch SMV2ITX09E 60cm Ieb\u016bv\u0113jama! - Continent.lv\" \/>\n<meta property=\"og:description\" content=\"Pre\u010du z\u012bme\u00a0 \u00a0 Bosch \u00a0 \u00a0 Veids\u00a0 \u00a0 Piln\u012bb\u0101 ieb\u016bv\u0113jama\u00a0 \u00a0 Vad\u012bbas panelis\u00a0 \u00a0 Integr\u0113ts\u00a0 \u00a0 Izm\u0113rs\u00a0 \u00a0 60 cm platums\u00a0 \u00a0 EAN\u00a0 \u00a0 4242005498765Jaunais energomar\u0137\u0113jums no 2021.gada\u00a0 \u00a0 Energoefektivit\u0101tes klase\u00a0 \u00a0 E\u00a0 \u00a0 Elektroener\u0123ijas pat\u0113ri\u0146\u0161 100 mazg\u0101\u0161anas ciklos\u00a0 \u00a0 94 kWhIetilp\u012bba\u00a0 \u00a0 Trauku komplektu skaits\u00a0 \u00a0 13Mazg\u0101\u0161ana\u00a0 \u00a0 \u016adens pat\u0113ri\u0146\u0161 vien\u0101 mazg\u0101\u0161anas cikl\u0101\u00a0 \u00a0 [&hellip;]\" \/>\n<meta property=\"og:url\" content=\"https:\/\/continent.lv\/ru\/product\/bosch-smv2itx09e-60cm-iebuvejama\/\" \/>\n<meta property=\"og:site_name\" content=\"Continent.lv\" \/>\n<meta property=\"og:image\" content=\"https:\/\/continent.lv\/wp-content\/uploads\/2026\/05\/21_hukg-9v.jpeg\" \/>\n\t<meta property=\"og:image:width\" content=\"1181\" \/>\n\t<meta property=\"og:image:height\" content=\"1458\" \/>\n\t<meta property=\"og:image:type\" content=\"image\/jpeg\" \/>\n<meta name=\"twitter:card\" content=\"summary_large_image\" \/>\n<meta name=\"twitter:label1\" content=\"\u041f\u0440\u0438\u043c\u0435\u0440\u043d\u043e\u0435 \u0432\u0440\u0435\u043c\u044f \u0434\u043b\u044f \u0447\u0442\u0435\u043d\u0438\u044f\" \/>\n\t<meta name=\"twitter:data1\" content=\"1 \u043c\u0438\u043d\u0443\u0442\u0430\" \/>\n<script type=\"application\/ld+json\" class=\"yoast-schema-graph\">{\"@context\":\"https:\\\/\\\/schema.org\",\"@graph\":[{\"@type\":\"WebPage\",\"@id\":\"https:\\\/\\\/continent.lv\\\/product\\\/bosch-smv2itx09e-60cm-iebuvejama\\\/\",\"url\":\"https:\\\/\\\/continent.lv\\\/product\\\/bosch-smv2itx09e-60cm-iebuvejama\\\/\",\"name\":\"Bosch SMV2ITX09E 60cm Ieb\u016bv\u0113jama! - Continent.lv\",\"isPartOf\":{\"@id\":\"https:\\\/\\\/continent.lv\\\/#website\"},\"primaryImageOfPage\":{\"@id\":\"https:\\\/\\\/continent.lv\\\/product\\\/bosch-smv2itx09e-60cm-iebuvejama\\\/#primaryimage\"},\"image\":{\"@id\":\"https:\\\/\\\/continent.lv\\\/product\\\/bosch-smv2itx09e-60cm-iebuvejama\\\/#primaryimage\"},\"thumbnailUrl\":\"https:\\\/\\\/continent.lv\\\/wp-content\\\/uploads\\\/2026\\\/05\\\/21_hukg-9v.jpeg\",\"datePublished\":\"2026-05-01T08:59:00+00:00\",\"breadcrumb\":{\"@id\":\"https:\\\/\\\/continent.lv\\\/product\\\/bosch-smv2itx09e-60cm-iebuvejama\\\/#breadcrumb\"},\"inLanguage\":\"ru-RU\",\"potentialAction\":[{\"@type\":\"ReadAction\",\"target\":[\"https:\\\/\\\/continent.lv\\\/product\\\/bosch-smv2itx09e-60cm-iebuvejama\\\/\"]}]},{\"@type\":\"ImageObject\",\"inLanguage\":\"ru-RU\",\"@id\":\"https:\\\/\\\/continent.lv\\\/product\\\/bosch-smv2itx09e-60cm-iebuvejama\\\/#primaryimage\",\"url\":\"https:\\\/\\\/continent.lv\\\/wp-content\\\/uploads\\\/2026\\\/05\\\/21_hukg-9v.jpeg\",\"contentUrl\":\"https:\\\/\\\/continent.lv\\\/wp-content\\\/uploads\\\/2026\\\/05\\\/21_hukg-9v.jpeg\",\"width\":1181,\"height\":1458},{\"@type\":\"BreadcrumbList\",\"@id\":\"https:\\\/\\\/continent.lv\\\/product\\\/bosch-smv2itx09e-60cm-iebuvejama\\\/#breadcrumb\",\"itemListElement\":[{\"@type\":\"ListItem\",\"position\":1,\"name\":\"Home\",\"item\":\"https:\\\/\\\/continent.lv\\\/\"},{\"@type\":\"ListItem\",\"position\":2,\"name\":\"Veikals\",\"item\":\"https:\\\/\\\/continent.lv\\\/shop\\\/\"},{\"@type\":\"ListItem\",\"position\":3,\"name\":\"Bosch SMV2ITX09E 60cm Ieb\u016bv\u0113jama!\"}]},{\"@type\":\"WebSite\",\"@id\":\"https:\\\/\\\/continent.lv\\\/#website\",\"url\":\"https:\\\/\\\/continent.lv\\\/\",\"name\":\"Continent.lv\",\"description\":\"Sadz\u012bves pre\u010du internetveikals\",\"publisher\":{\"@id\":\"https:\\\/\\\/continent.lv\\\/#organization\"},\"potentialAction\":[{\"@type\":\"SearchAction\",\"target\":{\"@type\":\"EntryPoint\",\"urlTemplate\":\"https:\\\/\\\/continent.lv\\\/?s={search_term_string}\"},\"query-input\":{\"@type\":\"PropertyValueSpecification\",\"valueRequired\":true,\"valueName\":\"search_term_string\"}}],\"inLanguage\":\"ru-RU\"},{\"@type\":\"Organization\",\"@id\":\"https:\\\/\\\/continent.lv\\\/#organization\",\"name\":\"Continent.lv\",\"url\":\"https:\\\/\\\/continent.lv\\\/\",\"logo\":{\"@type\":\"ImageObject\",\"inLanguage\":\"ru-RU\",\"@id\":\"https:\\\/\\\/continent.lv\\\/#\\\/schema\\\/logo\\\/image\\\/\",\"url\":\"https:\\\/\\\/continent.lv\\\/wp-content\\\/uploads\\\/2026\\\/05\\\/logo_continent_5nwv-jh.jpg\",\"contentUrl\":\"https:\\\/\\\/continent.lv\\\/wp-content\\\/uploads\\\/2026\\\/05\\\/logo_continent_5nwv-jh.jpg\",\"width\":221,\"height\":50,\"caption\":\"Continent.lv\"},\"image\":{\"@id\":\"https:\\\/\\\/continent.lv\\\/#\\\/schema\\\/logo\\\/image\\\/\"}}]}<\/script>\n<!-- \/ Yoast SEO plugin. -->","yoast_head_json":{"title":"Bosch SMV2ITX09E 60cm Ieb\u016bv\u0113jama! - Continent.lv","robots":{"index":"index","follow":"follow","max-snippet":"max-snippet:-1","max-image-preview":"max-image-preview:large","max-video-preview":"max-video-preview:-1"},"canonical":"https:\/\/continent.lv\/ru\/product\/bosch-smv2itx09e-60cm-iebuvejama\/","og_locale":"ru_RU","og_type":"article","og_title":"Bosch SMV2ITX09E 60cm Ieb\u016bv\u0113jama! - Continent.lv","og_description":"Pre\u010du z\u012bme\u00a0 \u00a0 Bosch \u00a0 \u00a0 Veids\u00a0 \u00a0 Piln\u012bb\u0101 ieb\u016bv\u0113jama\u00a0 \u00a0 Vad\u012bbas panelis\u00a0 \u00a0 Integr\u0113ts\u00a0 \u00a0 Izm\u0113rs\u00a0 \u00a0 60 cm platums\u00a0 \u00a0 EAN\u00a0 \u00a0 4242005498765Jaunais energomar\u0137\u0113jums no 2021.gada\u00a0 \u00a0 Energoefektivit\u0101tes klase\u00a0 \u00a0 E\u00a0 \u00a0 Elektroener\u0123ijas pat\u0113ri\u0146\u0161 100 mazg\u0101\u0161anas ciklos\u00a0 \u00a0 94 kWhIetilp\u012bba\u00a0 \u00a0 Trauku komplektu skaits\u00a0 \u00a0 13Mazg\u0101\u0161ana\u00a0 \u00a0 \u016adens pat\u0113ri\u0146\u0161 vien\u0101 mazg\u0101\u0161anas cikl\u0101\u00a0 \u00a0 [&hellip;]","og_url":"https:\/\/continent.lv\/ru\/product\/bosch-smv2itx09e-60cm-iebuvejama\/","og_site_name":"Continent.lv","og_image":[{"width":1181,"height":1458,"url":"https:\/\/continent.lv\/wp-content\/uploads\/2026\/05\/21_hukg-9v.jpeg","type":"image\/jpeg"}],"twitter_card":"summary_large_image","twitter_misc":{"\u041f\u0440\u0438\u043c\u0435\u0440\u043d\u043e\u0435 \u0432\u0440\u0435\u043c\u044f \u0434\u043b\u044f \u0447\u0442\u0435\u043d\u0438\u044f":"1 \u043c\u0438\u043d\u0443\u0442\u0430"},"schema":{"@context":"https:\/\/schema.org","@graph":[{"@type":"WebPage","@id":"https:\/\/continent.lv\/product\/bosch-smv2itx09e-60cm-iebuvejama\/","url":"https:\/\/continent.lv\/product\/bosch-smv2itx09e-60cm-iebuvejama\/","name":"Bosch SMV2ITX09E 60cm Ieb\u016bv\u0113jama! - Continent.lv","isPartOf":{"@id":"https:\/\/continent.lv\/#website"},"primaryImageOfPage":{"@id":"https:\/\/continent.lv\/product\/bosch-smv2itx09e-60cm-iebuvejama\/#primaryimage"},"image":{"@id":"https:\/\/continent.lv\/product\/bosch-smv2itx09e-60cm-iebuvejama\/#primaryimage"},"thumbnailUrl":"https:\/\/continent.lv\/wp-content\/uploads\/2026\/05\/21_hukg-9v.jpeg","datePublished":"2026-05-01T08:59:00+00:00","breadcrumb":{"@id":"https:\/\/continent.lv\/product\/bosch-smv2itx09e-60cm-iebuvejama\/#breadcrumb"},"inLanguage":"ru-RU","potentialAction":[{"@type":"ReadAction","target":["https:\/\/continent.lv\/product\/bosch-smv2itx09e-60cm-iebuvejama\/"]}]},{"@type":"ImageObject","inLanguage":"ru-RU","@id":"https:\/\/continent.lv\/product\/bosch-smv2itx09e-60cm-iebuvejama\/#primaryimage","url":"https:\/\/continent.lv\/wp-content\/uploads\/2026\/05\/21_hukg-9v.jpeg","contentUrl":"https:\/\/continent.lv\/wp-content\/uploads\/2026\/05\/21_hukg-9v.jpeg","width":1181,"height":1458},{"@type":"BreadcrumbList","@id":"https:\/\/continent.lv\/product\/bosch-smv2itx09e-60cm-iebuvejama\/#breadcrumb","itemListElement":[{"@type":"ListItem","position":1,"name":"Home","item":"https:\/\/continent.lv\/"},{"@type":"ListItem","position":2,"name":"Veikals","item":"https:\/\/continent.lv\/shop\/"},{"@type":"ListItem","position":3,"name":"Bosch SMV2ITX09E 60cm Ieb\u016bv\u0113jama!"}]},{"@type":"WebSite","@id":"https:\/\/continent.lv\/#website","url":"https:\/\/continent.lv\/","name":"Continent.lv","description":"Sadz\u012bves pre\u010du internetveikals","publisher":{"@id":"https:\/\/continent.lv\/#organization"},"potentialAction":[{"@type":"SearchAction","target":{"@type":"EntryPoint","urlTemplate":"https:\/\/continent.lv\/?s={search_term_string}"},"query-input":{"@type":"PropertyValueSpecification","valueRequired":true,"valueName":"search_term_string"}}],"inLanguage":"ru-RU"},{"@type":"Organization","@id":"https:\/\/continent.lv\/#organization","name":"Continent.lv","url":"https:\/\/continent.lv\/","logo":{"@type":"ImageObject","inLanguage":"ru-RU","@id":"https:\/\/continent.lv\/#\/schema\/logo\/image\/","url":"https:\/\/continent.lv\/wp-content\/uploads\/2026\/05\/logo_continent_5nwv-jh.jpg","contentUrl":"https:\/\/continent.lv\/wp-content\/uploads\/2026\/05\/logo_continent_5nwv-jh.jpg","width":221,"height":50,"caption":"Continent.lv"},"image":{"@id":"https:\/\/continent.lv\/#\/schema\/logo\/image\/"}}]}},"_links":{"self":[{"href":"https:\/\/continent.lv\/ru\/wp-json\/wp\/v2\/product\/46890","targetHints":{"allow":["GET"]}}],"collection":[{"href":"https:\/\/continent.lv\/ru\/wp-json\/wp\/v2\/product"}],"about":[{"href":"https:\/\/continent.lv\/ru\/wp-json\/wp\/v2\/types\/product"}],"replies":[{"embeddable":true,"href":"https:\/\/continent.lv\/ru\/wp-json\/wp\/v2\/comments?post=46890"}],"wp:featuredmedia":[{"embeddable":true,"href":"https:\/\/continent.lv\/ru\/wp-json\/wp\/v2\/media\/46882"}],"wp:attachment":[{"href":"https:\/\/continent.lv\/ru\/wp-json\/wp\/v2\/media?parent=46890"}],"wp:term":[{"taxonomy":"product_brand","embeddable":true,"href":"https:\/\/continent.lv\/ru\/wp-json\/wp\/v2\/product_brand?post=46890"},{"taxonomy":"product_cat","embeddable":true,"href":"https:\/\/continent.lv\/ru\/wp-json\/wp\/v2\/product_cat?post=46890"},{"taxonomy":"product_tag","embeddable":true,"href":"https:\/\/continent.lv\/ru\/wp-json\/wp\/v2\/product_tag?post=46890"}],"curies":[{"name":"wp","href":"https:\/\/api.w.org\/{rel}","templated":true}]}}