{"id":46490,"date":"2026-05-01T08:45:15","date_gmt":"2026-05-01T08:45:15","guid":{"rendered":"https:\/\/continent.lv\/product\/whirlpool-w8-w946wb-ee\/"},"modified":"2026-05-01T08:45:15","modified_gmt":"2026-05-01T08:45:15","slug":"whirlpool-w8-w946wb-ee","status":"publish","type":"product","link":"https:\/\/continent.lv\/ru\/product\/whirlpool-w8-w946wb-ee\/","title":{"rendered":"Whirlpool W8 W946WB EE"},"content":{"rendered":"<p>\u041e\u0431\u0449\u0438\u0435 \u043f\u0430\u0440\u0430\u043c\u0435\u0442\u0440\u044b<\/p>\n<p>Produkta veids\u00a0\u00a0\u00a0\u00a0 Ve\u013cas ma\u0161\u012bnas<br \/>Z\u012bmols\u00a0\u00a0\u00a0\u00a0 Whirlpool<br \/>Modelis\u00a0\u00a0\u00a0\u00a0 W8 W946WB EE<br \/>Kr\u0101sa\u00a0\u00a0\u00a0\u00a0 Balta, Melna<br \/>\u042d\u043d\u0435\u0440\u0433\u043e\u043f\u043e\u0442\u0440\u0435\u0431\u043b\u0435\u043d\u0438\u0435 \u0438 \u0440\u0430\u0441\u0445\u043e\u0434 \u0432\u043e\u0434\u044b<br \/>Ve\u013cas ietilp\u012bba\u00a0\u00a0\u00a0 9 kg<br \/>Energoefektivit\u0101tes klase\u00a0\u00a0\u00a0 A<br \/>Energoefektivit\u0101tes kla\u0161u skala\u00a0\u00a0\u00a0\u00a0 A \u2013 G<br \/>Centrif\u016bgas apgriezieni, apgr.\/min\u00a0\u00a0\u00a0 1351<br \/>Trok\u0161\u0146a l\u012bmenis izgrie\u0161anas laik\u0101\u00a0\u00a0\u00a0\u00a0 71 dB<br \/>\u016adens pat\u0113ri\u0146\u0161 cikl\u0101\u00a0\u00a0\u00a0\u00a0 45 l<br \/>Ieb\u016bv\u0113jams\u00a0\u00a0\u00a0\u00a0 N\u0113<br \/>\u0420\u0430\u0437\u043c\u0435\u0440\u044b<br \/>Platums\u00a0\u00a0\u00a0\u00a0 59.9 cm<br \/>Augstums\u00a0\u00a0\u00a0\u00a0 84.5 cm<br \/>Dzi\u013cums\u00a0\u00a0\u00a0\u00a0 64.3 cm<br \/>\u0423\u043f\u0440\u0430\u0432\u043b\u0435\u043d\u0438\u0435<br \/>Vad\u012bba\u00a0\u00a0\u00a0 Meh\u0101nisks<br \/>Ekr\u0101ns\u00a0\u00a0\u00a0 J\u0101<br \/>Ekr\u0101na tips\u00a0\u00a0\u00a0 LCD<br \/>\u041f\u0440\u043e\u0433\u0440\u0430\u043c\u043c\u044b \u0438 \u0444\u0443\u043d\u043a\u0446\u0438\u0438<br \/>Programmu skaits\u00a0\u00a0\u00a0\u00a0 14<br \/>\u041f\u0440\u043e\u0433\u0440\u0430\u043c\u043c\u044b \u0441\u0442\u0438\u0440\u043a\u0438<br \/>\u00a0\u00a0\u00a0 \u041f\u0440\u043e\u0433\u0440\u0430\u043c\u043c\u0430 20\u00b0 C, \u0410\u043d\u0442\u0438\u0430\u043b\u043b\u0435\u0440\u0433\u0435\u043d\u043d\u0430\u044f \u043f\u0440\u043e\u0433\u0440\u0430\u043c\u043c\u0430, Eco \u0445\u043b\u043e\u043f\u043e\u043a, \u041e\u0442\u0436\u0438\u043c \u0438 \u0441\u043b\u0438\u0432 \u0432\u043e\u0434\u044b, \u0421\u043c\u0435\u0448\u0430\u043d\u043d\u0430\u044f, \u0425\u043b\u043e\u043f\u043e\u043a, \u0420\u0443\u0447\u043d\u0430\u044f (\u0449\u0430\u0434\u044f\u0449\u0430\u044f) \u0441\u0442\u0438\u0440\u043a\u0430, \u041f\u043e\u043b\u043e\u0441\u043a\u0430\u043d\u0438\u0435 \u0438 \u043e\u0442\u0436\u0438\u043c, \u0421\u0438\u043d\u0442\u0435\u0442\u0438\u043a\u0430, \u041f\u0430\u0440\u043e\u0432\u0430\u044f \u043e\u0431\u0440\u0430\u0431\u043e\u0442\u043a\u0430, \u041f\u0440\u043e\u0433\u0440\u0430\u043c\u043c\u0430 \u0434\u043b\u044f \u0441\u0442\u0438\u0440\u043a\u0438 \u0448\u0435\u0440\u0441\u0442\u0438, \u0411\u044b\u0441\u0442\u0440\u0430\u044f \u0441\u0442\u0438\u0440\u043a\u0430<br \/>\u017d\u0101v\u0113\u0161ana\u00a0\u00a0\u00a0 N\u0113<br \/>\u0411\u0435\u0437\u043e\u043f\u0430\u0441\u043d\u043e\u0441\u0442\u044c<br \/>Aizsardz\u012bba pret \u016bdens nopl\u016bdi\u00a0\u00a0\u00a0 J\u0101<br \/>\u0414\u043e\u043f\u043e\u043b\u043d\u0438\u0442\u0435\u043b\u044c\u043d\u043e<br \/>Garantija\u00a0\u00a0\u00a0\u00a0 24 m\u0113n<br \/>Izcelsmes valsts\u00a0\u00a0\u00a0\u00a0 \u0136\u012bna<br \/>6TH SENSE \u0422\u0415\u0425\u041d\u041e\u041b\u041e\u0413\u0418\u042f<br \/>\u042d\u0442\u0430 \u0443\u0441\u043e\u0432\u0435\u0440\u0448\u0435\u043d\u0441\u0442\u0432\u043e\u0432\u0430\u043d\u043d\u0430\u044f \u0444\u0443\u043d\u043a\u0446\u0438\u044f \u0430\u0434\u0430\u043f\u0442\u0438\u0440\u0443\u0435\u0442 \u0438\u0441\u043f\u043e\u043b\u044c\u0437\u043e\u0432\u0430\u043d\u0438\u0435 \u044d\u043d\u0435\u0440\u0433\u0438\u0438 \u0432 \u0437\u0430\u0432\u0438\u0441\u0438\u043c\u043e\u0441\u0442\u0438 \u043e\u0442 \u0444\u0430\u043a\u0442\u0438\u0447\u0435\u0441\u043a\u043e\u0439 \u0437\u0430\u0433\u0440\u0443\u0437\u043a\u0438 \u0431\u0435\u043b\u044c\u044f, \u043e\u0431\u0435\u0441\u043f\u0435\u0447\u0438\u0432\u0430\u044f \u0438\u0441\u043a\u043b\u044e\u0447\u0438\u0442\u0435\u043b\u044c\u043d\u0443\u044e \u0438 \u044d\u0444\u0444\u0435\u043a\u0442\u0438\u0432\u043d\u0443\u044e \u043e\u0447\u0438\u0441\u0442\u043a\u0443 \u0441 \u0431\u043e\u043b\u044c\u0448\u0438\u043c \u044d\u043a\u043e\u043d\u043e\u043c\u0438\u0447\u043d\u044b\u043c \u044d\u0444\u0444\u0435\u043a\u0442\u043e\u043c: \u0434\u043e 45% \u044d\u043a\u043e\u043d\u043e\u043c\u0438\u0438 \u044d\u043d\u0435\u0440\u0433\u0438\u0438* \u043f\u0440\u0438 \u043a\u0430\u0436\u0434\u043e\u0439 \u0441\u0442\u0438\u0440\u043a\u0435. *\u0422\u0435\u0441\u0442\u0438\u0440\u043e\u0432\u0430\u043b\u043e\u0441\u044c \u043f\u0440\u0438 \u043f\u043e\u043b\u043d\u043e\u0439 \u0437\u0430\u0433\u0440\u0443\u0437\u043a\u0435 45 \u043c\u0438\u043d\u0443\u0442, \u0445\u043b\u043e\u043f\u043e\u043a, \u0441\u043c\u0435\u0448\u0430\u043d\u043d\u044b\u0435 \u0438 ECO 40-60 \u0446\u0438\u043a\u043b\u044b \u0441 \u0442\u0435\u0445\u043d\u043e\u043b\u043e\u0433\u0438\u0435\u0439 6TH Sense \u043f\u043e \u0441\u0440\u0430\u0432\u043d\u0435\u043d\u0438\u044e \u0441 \u044d\u0442\u0438\u043c\u0438 \u0446\u0438\u043a\u043b\u0430\u043c\u0438 \u0431\u0435\u0437 \u0442\u0435\u0445\u043d\u043e\u043b\u043e\u0433\u0438\u0438 6TH Sense.<\/p>\n<p>ZEN \u0422\u0415\u0425\u041d\u041e\u041b\u041e\u0413\u0418\u042f<br \/>\u041d\u0430\u0441\u043b\u0430\u0436\u0434\u0430\u0439\u0442\u0435\u0441\u044c \u0442\u0438\u0448\u0438\u043d\u043e\u0439! \u0418\u043d\u043d\u043e\u0432\u0430\u0446\u0438\u043e\u043d\u043d\u0430\u044f ZEN \u0442\u0435\u0445\u043d\u043e\u043b\u043e\u0433\u0438\u044f \u0437\u0430\u043c\u0435\u043d\u044f\u0435\u0442 \u0442\u0440\u0430\u0434\u0438\u0446\u0438\u043e\u043d\u043d\u044b\u0439 \u0440\u0435\u043c\u0435\u043d\u043d\u043e\u0439 \u043f\u0440\u0438\u0432\u043e\u0434 \u043c\u043e\u0449\u043d\u044b\u043c \u043c\u043e\u0442\u043e\u0440\u043e\u043c \u0441 \u043f\u0440\u044f\u043c\u044b\u043c \u043f\u0440\u0438\u0432\u043e\u0434\u043e\u043c, \u0432\u0440\u0430\u0449\u0430\u044e\u0449\u0438\u043c \u0431\u0430\u0440\u0430\u0431\u0430\u043d. \u042d\u0442\u043e \u043e\u0437\u043d\u0430\u0447\u0430\u0435\u0442 \u043c\u0435\u043d\u044c\u0448\u0435 \u0432\u0438\u0431\u0440\u0430\u0446\u0438\u0439, \u0431\u043e\u043b\u0435\u0435 \u043d\u0438\u0437\u043a\u0438\u0435 \u043e\u0431\u043e\u0440\u043e\u0442\u044b \u0438 \u0431\u043e\u043b\u044c\u0448\u0435 \u043f\u043e\u043a\u043e\u044f \u0438 \u0442\u0438\u0448\u0438\u043d\u044b.<\/p>\n<p>AUTODOSE<br \/>\u0410\u0432\u0442\u043e\u043c\u0430\u0442\u0438\u0447\u0435\u0441\u043a\u0430\u044f \u0441\u0438\u0441\u0442\u0435\u043c\u0430 \u0434\u043e\u0437\u0438\u0440\u043e\u0432\u0430\u043d\u0438\u044f, \u043f\u043e\u0437\u0432\u043e\u043b\u044f\u044e\u0449\u0430\u044f \u0441\u044d\u043a\u043e\u043d\u043e\u043c\u0438\u0442\u044c \u0434\u043e 30%* \u043c\u043e\u044e\u0449\u0435\u0433\u043e \u0441\u0440\u0435\u0434\u0441\u0442\u0432\u0430 \u043f\u0440\u0438 \u043a\u0430\u0436\u0434\u043e\u0439 \u0441\u0442\u0438\u0440\u043a\u0435 \u0438 \u043e\u0431\u0435\u0441\u043f\u0435\u0447\u0438\u0432\u0430\u044e\u0449\u0430\u044f \u0434\u043e 26 \u0446\u0438\u043a\u043b\u043e\u0432** \u0431\u0435\u0437 \u0434\u043e\u0437\u0430\u043f\u0440\u0430\u0432\u043a\u0438. \u0421\u0438\u0441\u0442\u0435\u043c\u0430 AutoDose \u0432\u044b\u0434\u0430\u0451\u0442 \u0442\u043e\u0447\u043d\u043e \u043d\u0435\u043e\u0431\u0445\u043e\u0434\u0438\u043c\u043e\u0435 \u043a\u043e\u043b\u0438\u0447\u0435\u0441\u0442\u0432\u043e \u043c\u043e\u044e\u0449\u0435\u0433\u043e \u0441\u0440\u0435\u0434\u0441\u0442\u0432\u0430 \u0438 \u043a\u043e\u043d\u0434\u0438\u0446\u0438\u043e\u043d\u0435\u0440\u0430 (\u043d\u0430 \u043e\u0441\u043d\u043e\u0432\u0435 \u043a\u043e\u043b\u0438\u0447\u0435\u0441\u0442\u0432\u0430 \u0431\u0435\u043b\u044c\u044f \u0438 \u0432\u044b\u0431\u0440\u0430\u043d\u043d\u043e\u0439 \u043f\u0440\u043e\u0433\u0440\u0430\u043c\u043c\u044b), \u0447\u0442\u043e \u043f\u043e\u0437\u0432\u043e\u043b\u044f\u0435\u0442 \u044d\u0444\u0444\u0435\u043a\u0442\u0438\u0432\u043d\u0435\u0435 \u043e\u0447\u0438\u0441\u0442\u0438\u0442\u044c, \u0438\u0437\u0431\u0435\u0433\u0430\u044f \u0438\u0437\u043d\u043e\u0441\u0430 \u0432\u043e\u043b\u043e\u043a\u043e\u043d, \u0432\u044b\u0437\u0432\u0430\u043d\u043d\u043e\u0433\u043e \u0447\u0440\u0435\u0437\u043c\u0435\u0440\u043d\u044b\u043c \u0438\u0441\u043f\u043e\u043b\u044c\u0437\u043e\u0432\u0430\u043d\u0438\u0435\u043c \u043c\u043e\u044e\u0449\u0438\u0445 \u0441\u0440\u0435\u0434\u0441\u0442\u0432. *\u0418\u0441\u043f\u043e\u043b\u044c\u0437\u043e\u0432\u0430\u043d\u0438\u0435 \u0436\u0438\u0434\u043a\u043e\u0433\u043e \u043c\u043e\u044e\u0449\u0435\u0433\u043e \u0441\u0440\u0435\u0434\u0441\u0442\u0432\u0430 \u043f\u0440\u0438 \u0437\u0430\u0433\u0440\u0443\u0437\u043a\u0435 5 \u043a\u0433 \u0431\u0435\u043b\u044c\u044f (\u043d\u043e\u0440\u043c\u0430\u0442\u0438\u0432\u043d\u0430\u044f \u0437\u0430\u0433\u0440\u0443\u0437\u043a\u0430 \u0445\u043b\u043e\u043f\u043a\u0430 \u0441\u043e\u0433\u043b\u0430\u0441\u043d\u043e \u0441\u0442\u0430\u043d\u0434\u0430\u0440\u0442\u0443 IEC 60456), \u043a\u043e\u043d\u0446\u0435\u043d\u0442\u0440\u0430\u0446\u0438\u044f \u043c\u043e\u044e\u0449\u0435\u0433\u043e \u0441\u0440\u0435\u0434\u0441\u0442\u0432\u0430 4X (\u0421\u0440\u0435\u0434\u043d\u0435\u0435 20<\/p>\n<p>WATERSAVE<br \/>\u0420\u0430\u0437\u0440\u0430\u0431\u043e\u0442\u0430\u043d\u0430 \u0434\u043b\u044f \u044d\u043a\u043e\u043d\u043e\u043c\u0438\u0438 \u0434\u043e 59% \u0432\u043e\u0434\u044b \u0437\u0430 \u0446\u0438\u043a\u043b* (\u0434\u043e 38 \u043b \u0437\u0430 \u043e\u0434\u043d\u0443 \u0441\u0442\u0438\u0440\u043a\u0443). \u042d\u0442\u0430 \u043f\u0435\u0440\u0435\u0434\u043e\u0432\u0430\u044f \u0442\u0435\u0445\u043d\u043e\u043b\u043e\u0433\u0438\u044f \u0443\u043b\u0443\u0447\u0448\u0430\u0435\u0442 \u044d\u0444\u0444\u0435\u043a\u0442\u0438\u0432\u043d\u043e\u0441\u0442\u044c \u0441\u0442\u0438\u0440\u043a\u0438 \u0438 \u044d\u043a\u043e\u043d\u043e\u043c\u0438\u044e \u0440\u0435\u0441\u0443\u0440\u0441\u043e\u0432, \u0430\u0434\u0430\u043f\u0442\u0438\u0440\u0443\u044f \u043f\u043e\u0442\u0440\u0435\u0431\u043b\u0435\u043d\u0438\u0435 \u0432\u043e\u0434\u044b \u0432 \u0437\u0430\u0432\u0438\u0441\u0438\u043c\u043e\u0441\u0442\u0438 \u043e\u0442 \u0437\u0430\u0433\u0440\u0443\u0437\u043a\u0438 \u0438 \u043f\u043e\u0437\u0432\u043e\u043b\u044f\u044f \u0432\u043e\u0434\u0435 \u0441\u0442\u0435\u043a\u0430\u0442\u044c \u043f\u043e \u0431\u0435\u043b\u044c\u044e, \u043a\u0430\u043a \u0432\u043e\u0434\u043e\u043f\u0430\u0434, \u0434\u043b\u044f \u0434\u043e\u0441\u0442\u0438\u0436\u0435\u043d\u0438\u044f \u0438\u0434\u0435\u0430\u043b\u044c\u043d\u043e\u0433\u043e \u0440\u0435\u0437\u0443\u043b\u044c\u0442\u0430\u0442\u0430 \u0441\u0442\u0438\u0440\u043a\u0438. *\u0422\u0435\u0441\u0442\u0438\u0440\u043e\u0432\u0430\u043b\u043e\u0441\u044c \u043f\u0440\u0438 \u043f\u043e\u043b\u043d\u043e\u0439 \u0437\u0430\u0433\u0440\u0443\u0437\u043a\u0435 45 \u043c\u0438\u043d\u0443\u0442, \u0445\u043b\u043e\u043f\u043e\u043a, \u0441\u043c\u0435\u0448\u0430\u043d\u043d\u044b\u0435 \u0438 ECO 40-60 \u0446\u0438\u043a\u043b\u044b \u0441 \u0438 \u0431\u0435\u0437 \u0442\u0435\u0445\u043d\u043e\u043b\u043e\u0433\u0438\u0439 WaterSave \u0438 6th Sense.<\/p>\n<p>PRECISIONCLEAN<br \/>\u0418\u0434\u0435\u0430\u043b\u044c\u043d\u044b\u0435 \u0440\u0435\u0437\u0443\u043b\u044c\u0442\u0430\u0442\u044b \u0441\u0442\u0438\u0440\u043a\u0438. \u041c\u043e\u0449\u043d\u044b\u0435 \u0441\u0442\u0440\u0443\u0438 \u0432\u043e\u0434\u044b PrecisionClean \u043d\u0430\u043f\u0440\u0430\u0432\u043b\u0435\u043d\u044b \u043d\u0435\u043f\u043e\u0441\u0440\u0435\u0434\u0441\u0442\u0432\u0435\u043d\u043d\u043e \u043d\u0430 \u0437\u0430\u0433\u0440\u044f\u0437\u043d\u0435\u043d\u0438\u044f, \u0430 \u043d\u0435 \u043d\u0430 \u0432\u043e\u043b\u043e\u043a\u043d\u0430, \u043e\u0431\u0435\u0441\u043f\u0435\u0447\u0438\u0432\u0430\u044f \u0440\u0430\u0432\u043d\u043e\u043c\u0435\u0440\u043d\u044b\u0435 \u0440\u0435\u0437\u0443\u043b\u044c\u0442\u0430\u0442\u044b \u0441\u0442\u0438\u0440\u043a\u0438.<\/p><\/p>","protected":false},"excerpt":{"rendered":"<p>Kop\u0113jie parametri Produkta veids\u00a0\u00a0\u00a0\u00a0 Ve\u013cas ma\u0161\u012bnasZ\u012bmols\u00a0\u00a0\u00a0\u00a0 WhirlpoolModelis\u00a0\u00a0\u00a0\u00a0 W8 W946WB EEKr\u0101sa\u00a0\u00a0\u00a0\u00a0 Balta, MelnaEner\u0123ijas un \u016bdens pat\u0113ri\u0146\u0161Ve\u013cas ietilp\u012bba\u00a0\u00a0\u00a0 9 kgEnergoefektivit\u0101tes klase\u00a0\u00a0\u00a0 AEnergoefektivit\u0101tes kla\u0161u skala\u00a0\u00a0\u00a0\u00a0 A \u2013 GCentrif\u016bgas apgriezieni, apgr.\/min\u00a0\u00a0\u00a0 1351Trok\u0161\u0146a l\u012bmenis izgrie\u0161anas laik\u0101\u00a0\u00a0\u00a0\u00a0 71 dB\u016adens pat\u0113ri\u0146\u0161 cikl\u0101\u00a0\u00a0\u00a0\u00a0 45 lIeb\u016bv\u0113jams\u00a0\u00a0\u00a0\u00a0 N\u0113Izm\u0113riPlatums\u00a0\u00a0\u00a0\u00a0 59.9 cmAugstums\u00a0\u00a0\u00a0\u00a0 84.5 cmDzi\u013cums\u00a0\u00a0\u00a0\u00a0 64.3 cmVad\u012bbaVad\u012bba\u00a0\u00a0\u00a0 Meh\u0101nisksEkr\u0101ns\u00a0\u00a0\u00a0 J\u0101Ekr\u0101na tips\u00a0\u00a0\u00a0 LCDProgrammas un funkcijasProgrammu skaits\u00a0\u00a0\u00a0\u00a0 14Mazg\u0101\u0161anas programmas\u00a0\u00a0\u00a0 20\u00b0 C [&hellip;]<\/p>\n","protected":false},"featured_media":46479,"comment_status":"open","ping_status":"closed","template":"","meta":{"_joinchat":[]},"product_brand":[286],"product_cat":[285],"product_tag":[],"class_list":{"0":"post-46490","1":"product","2":"type-product","3":"status-publish","4":"has-post-thumbnail","6":"product_brand-whirlpool","7":"product_cat-sadzives-tehnika-velas-masinas-ar-frontalo-ieladi","9":"first","10":"instock","11":"shipping-taxable","12":"purchasable","13":"product-type-simple"},"yoast_head":"<!-- This site is optimized with the Yoast SEO plugin v27.5 - https:\/\/yoast.com\/product\/yoast-seo-wordpress\/ -->\n<title>Whirlpool W8 W946WB EE - Continent.lv<\/title>\n<meta name=\"robots\" content=\"index, follow, max-snippet:-1, max-image-preview:large, max-video-preview:-1\" \/>\n<link rel=\"canonical\" href=\"https:\/\/continent.lv\/ru\/product\/whirlpool-w8-w946wb-ee\/\" \/>\n<meta property=\"og:locale\" content=\"ru_RU\" \/>\n<meta property=\"og:type\" content=\"article\" \/>\n<meta property=\"og:title\" content=\"Whirlpool W8 W946WB EE - Continent.lv\" \/>\n<meta property=\"og:description\" content=\"Kop\u0113jie parametri Produkta veids\u00a0\u00a0\u00a0\u00a0 Ve\u013cas ma\u0161\u012bnasZ\u012bmols\u00a0\u00a0\u00a0\u00a0 WhirlpoolModelis\u00a0\u00a0\u00a0\u00a0 W8 W946WB EEKr\u0101sa\u00a0\u00a0\u00a0\u00a0 Balta, MelnaEner\u0123ijas un \u016bdens pat\u0113ri\u0146\u0161Ve\u013cas ietilp\u012bba\u00a0\u00a0\u00a0 9 kgEnergoefektivit\u0101tes klase\u00a0\u00a0\u00a0 AEnergoefektivit\u0101tes kla\u0161u skala\u00a0\u00a0\u00a0\u00a0 A \u2013 GCentrif\u016bgas apgriezieni, apgr.\/min\u00a0\u00a0\u00a0 1351Trok\u0161\u0146a l\u012bmenis izgrie\u0161anas laik\u0101\u00a0\u00a0\u00a0\u00a0 71 dB\u016adens pat\u0113ri\u0146\u0161 cikl\u0101\u00a0\u00a0\u00a0\u00a0 45 lIeb\u016bv\u0113jams\u00a0\u00a0\u00a0\u00a0 N\u0113Izm\u0113riPlatums\u00a0\u00a0\u00a0\u00a0 59.9 cmAugstums\u00a0\u00a0\u00a0\u00a0 84.5 cmDzi\u013cums\u00a0\u00a0\u00a0\u00a0 64.3 cmVad\u012bbaVad\u012bba\u00a0\u00a0\u00a0 Meh\u0101nisksEkr\u0101ns\u00a0\u00a0\u00a0 J\u0101Ekr\u0101na tips\u00a0\u00a0\u00a0 LCDProgrammas un funkcijasProgrammu skaits\u00a0\u00a0\u00a0\u00a0 14Mazg\u0101\u0161anas programmas\u00a0\u00a0\u00a0 20\u00b0 C [&hellip;]\" \/>\n<meta property=\"og:url\" content=\"https:\/\/continent.lv\/ru\/product\/whirlpool-w8-w946wb-ee\/\" \/>\n<meta property=\"og:site_name\" content=\"Continent.lv\" \/>\n<meta property=\"og:image\" content=\"https:\/\/continent.lv\/wp-content\/uploads\/2026\/05\/21_sq05-ha.jpeg\" \/>\n\t<meta property=\"og:image:width\" content=\"2000\" \/>\n\t<meta property=\"og:image:height\" content=\"1728\" \/>\n\t<meta property=\"og:image:type\" content=\"image\/jpeg\" \/>\n<meta name=\"twitter:card\" content=\"summary_large_image\" \/>\n<meta name=\"twitter:label1\" content=\"\u041f\u0440\u0438\u043c\u0435\u0440\u043d\u043e\u0435 \u0432\u0440\u0435\u043c\u044f \u0434\u043b\u044f \u0447\u0442\u0435\u043d\u0438\u044f\" \/>\n\t<meta name=\"twitter:data1\" content=\"3 \u043c\u0438\u043d\u0443\u0442\u044b\" \/>\n<script type=\"application\/ld+json\" class=\"yoast-schema-graph\">{\"@context\":\"https:\\\/\\\/schema.org\",\"@graph\":[{\"@type\":\"WebPage\",\"@id\":\"https:\\\/\\\/continent.lv\\\/product\\\/whirlpool-w8-w946wb-ee\\\/\",\"url\":\"https:\\\/\\\/continent.lv\\\/product\\\/whirlpool-w8-w946wb-ee\\\/\",\"name\":\"Whirlpool W8 W946WB EE - Continent.lv\",\"isPartOf\":{\"@id\":\"https:\\\/\\\/continent.lv\\\/#website\"},\"primaryImageOfPage\":{\"@id\":\"https:\\\/\\\/continent.lv\\\/product\\\/whirlpool-w8-w946wb-ee\\\/#primaryimage\"},\"image\":{\"@id\":\"https:\\\/\\\/continent.lv\\\/product\\\/whirlpool-w8-w946wb-ee\\\/#primaryimage\"},\"thumbnailUrl\":\"https:\\\/\\\/continent.lv\\\/wp-content\\\/uploads\\\/2026\\\/05\\\/21_sq05-ha.jpeg\",\"datePublished\":\"2026-05-01T08:45:15+00:00\",\"breadcrumb\":{\"@id\":\"https:\\\/\\\/continent.lv\\\/product\\\/whirlpool-w8-w946wb-ee\\\/#breadcrumb\"},\"inLanguage\":\"ru-RU\",\"potentialAction\":[{\"@type\":\"ReadAction\",\"target\":[\"https:\\\/\\\/continent.lv\\\/product\\\/whirlpool-w8-w946wb-ee\\\/\"]}]},{\"@type\":\"ImageObject\",\"inLanguage\":\"ru-RU\",\"@id\":\"https:\\\/\\\/continent.lv\\\/product\\\/whirlpool-w8-w946wb-ee\\\/#primaryimage\",\"url\":\"https:\\\/\\\/continent.lv\\\/wp-content\\\/uploads\\\/2026\\\/05\\\/21_sq05-ha.jpeg\",\"contentUrl\":\"https:\\\/\\\/continent.lv\\\/wp-content\\\/uploads\\\/2026\\\/05\\\/21_sq05-ha.jpeg\",\"width\":2000,\"height\":1728},{\"@type\":\"BreadcrumbList\",\"@id\":\"https:\\\/\\\/continent.lv\\\/product\\\/whirlpool-w8-w946wb-ee\\\/#breadcrumb\",\"itemListElement\":[{\"@type\":\"ListItem\",\"position\":1,\"name\":\"Home\",\"item\":\"https:\\\/\\\/continent.lv\\\/\"},{\"@type\":\"ListItem\",\"position\":2,\"name\":\"Veikals\",\"item\":\"https:\\\/\\\/continent.lv\\\/shop\\\/\"},{\"@type\":\"ListItem\",\"position\":3,\"name\":\"Whirlpool W8 W946WB EE\"}]},{\"@type\":\"WebSite\",\"@id\":\"https:\\\/\\\/continent.lv\\\/#website\",\"url\":\"https:\\\/\\\/continent.lv\\\/\",\"name\":\"Continent.lv\",\"description\":\"Sadz\u012bves pre\u010du internetveikals\",\"publisher\":{\"@id\":\"https:\\\/\\\/continent.lv\\\/#organization\"},\"potentialAction\":[{\"@type\":\"SearchAction\",\"target\":{\"@type\":\"EntryPoint\",\"urlTemplate\":\"https:\\\/\\\/continent.lv\\\/?s={search_term_string}\"},\"query-input\":{\"@type\":\"PropertyValueSpecification\",\"valueRequired\":true,\"valueName\":\"search_term_string\"}}],\"inLanguage\":\"ru-RU\"},{\"@type\":\"Organization\",\"@id\":\"https:\\\/\\\/continent.lv\\\/#organization\",\"name\":\"Continent.lv\",\"url\":\"https:\\\/\\\/continent.lv\\\/\",\"logo\":{\"@type\":\"ImageObject\",\"inLanguage\":\"ru-RU\",\"@id\":\"https:\\\/\\\/continent.lv\\\/#\\\/schema\\\/logo\\\/image\\\/\",\"url\":\"https:\\\/\\\/continent.lv\\\/wp-content\\\/uploads\\\/2026\\\/05\\\/logo_continent_5nwv-jh.jpg\",\"contentUrl\":\"https:\\\/\\\/continent.lv\\\/wp-content\\\/uploads\\\/2026\\\/05\\\/logo_continent_5nwv-jh.jpg\",\"width\":221,\"height\":50,\"caption\":\"Continent.lv\"},\"image\":{\"@id\":\"https:\\\/\\\/continent.lv\\\/#\\\/schema\\\/logo\\\/image\\\/\"}}]}<\/script>\n<!-- \/ Yoast SEO plugin. -->","yoast_head_json":{"title":"Whirlpool W8 W946WB EE - Continent.lv","robots":{"index":"index","follow":"follow","max-snippet":"max-snippet:-1","max-image-preview":"max-image-preview:large","max-video-preview":"max-video-preview:-1"},"canonical":"https:\/\/continent.lv\/ru\/product\/whirlpool-w8-w946wb-ee\/","og_locale":"ru_RU","og_type":"article","og_title":"Whirlpool W8 W946WB EE - Continent.lv","og_description":"Kop\u0113jie parametri Produkta veids\u00a0\u00a0\u00a0\u00a0 Ve\u013cas ma\u0161\u012bnasZ\u012bmols\u00a0\u00a0\u00a0\u00a0 WhirlpoolModelis\u00a0\u00a0\u00a0\u00a0 W8 W946WB EEKr\u0101sa\u00a0\u00a0\u00a0\u00a0 Balta, MelnaEner\u0123ijas un \u016bdens pat\u0113ri\u0146\u0161Ve\u013cas ietilp\u012bba\u00a0\u00a0\u00a0 9 kgEnergoefektivit\u0101tes klase\u00a0\u00a0\u00a0 AEnergoefektivit\u0101tes kla\u0161u skala\u00a0\u00a0\u00a0\u00a0 A \u2013 GCentrif\u016bgas apgriezieni, apgr.\/min\u00a0\u00a0\u00a0 1351Trok\u0161\u0146a l\u012bmenis izgrie\u0161anas laik\u0101\u00a0\u00a0\u00a0\u00a0 71 dB\u016adens pat\u0113ri\u0146\u0161 cikl\u0101\u00a0\u00a0\u00a0\u00a0 45 lIeb\u016bv\u0113jams\u00a0\u00a0\u00a0\u00a0 N\u0113Izm\u0113riPlatums\u00a0\u00a0\u00a0\u00a0 59.9 cmAugstums\u00a0\u00a0\u00a0\u00a0 84.5 cmDzi\u013cums\u00a0\u00a0\u00a0\u00a0 64.3 cmVad\u012bbaVad\u012bba\u00a0\u00a0\u00a0 Meh\u0101nisksEkr\u0101ns\u00a0\u00a0\u00a0 J\u0101Ekr\u0101na tips\u00a0\u00a0\u00a0 LCDProgrammas un funkcijasProgrammu skaits\u00a0\u00a0\u00a0\u00a0 14Mazg\u0101\u0161anas programmas\u00a0\u00a0\u00a0 20\u00b0 C [&hellip;]","og_url":"https:\/\/continent.lv\/ru\/product\/whirlpool-w8-w946wb-ee\/","og_site_name":"Continent.lv","og_image":[{"width":2000,"height":1728,"url":"https:\/\/continent.lv\/wp-content\/uploads\/2026\/05\/21_sq05-ha.jpeg","type":"image\/jpeg"}],"twitter_card":"summary_large_image","twitter_misc":{"\u041f\u0440\u0438\u043c\u0435\u0440\u043d\u043e\u0435 \u0432\u0440\u0435\u043c\u044f \u0434\u043b\u044f \u0447\u0442\u0435\u043d\u0438\u044f":"3 \u043c\u0438\u043d\u0443\u0442\u044b"},"schema":{"@context":"https:\/\/schema.org","@graph":[{"@type":"WebPage","@id":"https:\/\/continent.lv\/product\/whirlpool-w8-w946wb-ee\/","url":"https:\/\/continent.lv\/product\/whirlpool-w8-w946wb-ee\/","name":"Whirlpool W8 W946WB EE - Continent.lv","isPartOf":{"@id":"https:\/\/continent.lv\/#website"},"primaryImageOfPage":{"@id":"https:\/\/continent.lv\/product\/whirlpool-w8-w946wb-ee\/#primaryimage"},"image":{"@id":"https:\/\/continent.lv\/product\/whirlpool-w8-w946wb-ee\/#primaryimage"},"thumbnailUrl":"https:\/\/continent.lv\/wp-content\/uploads\/2026\/05\/21_sq05-ha.jpeg","datePublished":"2026-05-01T08:45:15+00:00","breadcrumb":{"@id":"https:\/\/continent.lv\/product\/whirlpool-w8-w946wb-ee\/#breadcrumb"},"inLanguage":"ru-RU","potentialAction":[{"@type":"ReadAction","target":["https:\/\/continent.lv\/product\/whirlpool-w8-w946wb-ee\/"]}]},{"@type":"ImageObject","inLanguage":"ru-RU","@id":"https:\/\/continent.lv\/product\/whirlpool-w8-w946wb-ee\/#primaryimage","url":"https:\/\/continent.lv\/wp-content\/uploads\/2026\/05\/21_sq05-ha.jpeg","contentUrl":"https:\/\/continent.lv\/wp-content\/uploads\/2026\/05\/21_sq05-ha.jpeg","width":2000,"height":1728},{"@type":"BreadcrumbList","@id":"https:\/\/continent.lv\/product\/whirlpool-w8-w946wb-ee\/#breadcrumb","itemListElement":[{"@type":"ListItem","position":1,"name":"Home","item":"https:\/\/continent.lv\/"},{"@type":"ListItem","position":2,"name":"Veikals","item":"https:\/\/continent.lv\/shop\/"},{"@type":"ListItem","position":3,"name":"Whirlpool W8 W946WB EE"}]},{"@type":"WebSite","@id":"https:\/\/continent.lv\/#website","url":"https:\/\/continent.lv\/","name":"Continent.lv","description":"Sadz\u012bves pre\u010du internetveikals","publisher":{"@id":"https:\/\/continent.lv\/#organization"},"potentialAction":[{"@type":"SearchAction","target":{"@type":"EntryPoint","urlTemplate":"https:\/\/continent.lv\/?s={search_term_string}"},"query-input":{"@type":"PropertyValueSpecification","valueRequired":true,"valueName":"search_term_string"}}],"inLanguage":"ru-RU"},{"@type":"Organization","@id":"https:\/\/continent.lv\/#organization","name":"Continent.lv","url":"https:\/\/continent.lv\/","logo":{"@type":"ImageObject","inLanguage":"ru-RU","@id":"https:\/\/continent.lv\/#\/schema\/logo\/image\/","url":"https:\/\/continent.lv\/wp-content\/uploads\/2026\/05\/logo_continent_5nwv-jh.jpg","contentUrl":"https:\/\/continent.lv\/wp-content\/uploads\/2026\/05\/logo_continent_5nwv-jh.jpg","width":221,"height":50,"caption":"Continent.lv"},"image":{"@id":"https:\/\/continent.lv\/#\/schema\/logo\/image\/"}}]}},"_links":{"self":[{"href":"https:\/\/continent.lv\/ru\/wp-json\/wp\/v2\/product\/46490","targetHints":{"allow":["GET"]}}],"collection":[{"href":"https:\/\/continent.lv\/ru\/wp-json\/wp\/v2\/product"}],"about":[{"href":"https:\/\/continent.lv\/ru\/wp-json\/wp\/v2\/types\/product"}],"replies":[{"embeddable":true,"href":"https:\/\/continent.lv\/ru\/wp-json\/wp\/v2\/comments?post=46490"}],"wp:featuredmedia":[{"embeddable":true,"href":"https:\/\/continent.lv\/ru\/wp-json\/wp\/v2\/media\/46479"}],"wp:attachment":[{"href":"https:\/\/continent.lv\/ru\/wp-json\/wp\/v2\/media?parent=46490"}],"wp:term":[{"taxonomy":"product_brand","embeddable":true,"href":"https:\/\/continent.lv\/ru\/wp-json\/wp\/v2\/product_brand?post=46490"},{"taxonomy":"product_cat","embeddable":true,"href":"https:\/\/continent.lv\/ru\/wp-json\/wp\/v2\/product_cat?post=46490"},{"taxonomy":"product_tag","embeddable":true,"href":"https:\/\/continent.lv\/ru\/wp-json\/wp\/v2\/product_tag?post=46490"}],"curies":[{"name":"wp","href":"https:\/\/api.w.org\/{rel}","templated":true}]}}