{"id":46319,"date":"2026-05-01T08:36:19","date_gmt":"2026-05-01T08:36:19","guid":{"rendered":"https:\/\/continent.lv\/product\/iebuvejama-cepeskrasns-ar-tvaiku-un-mikrovilnu-funkciju-bosch-serie-8-hng978qb1-60x60cm-ar-kameru\/"},"modified":"2026-05-01T08:36:19","modified_gmt":"2026-05-01T08:36:19","slug":"iebuvejama-cepeskrasns-ar-tvaiku-un-mikrovilnu-funkciju-bosch-serie-8-hng978qb1-60x60cm-ar-kameru","status":"publish","type":"product","link":"https:\/\/continent.lv\/ru\/product\/iebuvejama-cepeskrasns-ar-tvaiku-un-mikrovilnu-funkciju-bosch-serie-8-hng978qb1-60x60cm-ar-kameru\/","title":{"rendered":"\u0412\u0441\u0442\u0440\u0430\u0438\u0432\u0430\u0435\u043c\u0430\u044f \u0434\u0443\u0445\u043e\u0432\u043a\u0430 \u0441 \u043f\u0430\u0440\u043e\u043c \u0438 \u0444\u0443\u043d\u043a\u0446\u0438\u0435\u0439 \u043c\u0438\u043a\u0440\u043e\u0432\u043e\u043b\u043d\u043e\u0432\u043e\u0439 \u043f\u0435\u0447\u0438 Bosch Serie 8 HNG978QB1, 60x60\u0441\u043c, \u0441 \u043a\u0430\u043c\u0435\u0440\u043e\u0439"},"content":{"rendered":"<p>\u0425\u0430\u0440\u0430\u043a\u0442\u0435\u0440\u0438\u0441\u0442\u0438\u043a\u0438<\/p>\n<p>\u041e\u0431\u0449\u0430\u044f \u0438\u043d\u0444\u043e\u0440\u043c\u0430\u0446\u0438\u044f<br \/>\u041e\u0441\u043d\u043e\u0432\u043d\u043e\u0439 \u0446\u0432\u0435\u0442 \u043f\u0440\u043e\u0434\u0443\u043a\u0442\u0430 \u0427\u0435\u0440\u043d\u044b\u0439<br \/>\u0418\u043d\u0442\u0435\u0440\u0444\u0435\u0439\u0441 \u043f\u043e\u043b\u044c\u0437\u043e\u0432\u0430\u0442\u0435\u043b\u044f \u041f\u043e\u043b\u043d\u044b\u0439 TFT \u0441\u0435\u043d\u0441\u043e\u0440\u043d\u044b\u0439 \u044d\u043a\u0440\u0430\u043d Pro \u0441 \u0446\u0438\u0444\u0440\u043e\u0432\u044b\u043c \u0443\u043f\u0440\u0430\u0432\u043b\u044f\u044e\u0449\u0438\u043c \u043a\u043e\u043b\u044c\u0446\u043e\u043c<br \/>\u041c\u0430\u043a\u0441\u0438\u043c\u0430\u043b\u044c\u043d\u0430\u044f \u043c\u043e\u0449\u043d\u043e\u0441\u0442\u044c \u043c\u0438\u043a\u0440\u043e\u0432\u043e\u043b\u043d 800 \u0412\u0442<br \/>\u041a\u043e\u043b\u0438\u0447\u0435\u0441\u0442\u0432\u043e \u0443\u0440\u043e\u0432\u043d\u0435\u0439 \u043c\u043e\u0449\u043d\u043e\u0441\u0442\u0438 5<br \/>\u0423\u0440\u043e\u0432\u043d\u0438 \u043c\u043e\u0449\u043d\u043e\u0441\u0442\u0438 \u043c\u0438\u043a\u0440\u043e\u0432\u043e\u043b\u043d (\u0412\u0442) 90, 180, 360, 600, boost \u0412\u0442<br \/>\u041a\u043e\u043b\u0438\u0447\u0435\u0441\u0442\u0432\u043e \u0440\u0435\u0436\u0438\u043c\u043e\u0432 \u043d\u0430\u0433\u0440\u0435\u0432\u0430 \u0438 \u043a\u043e\u043c\u0431\u0438\u043d\u0438\u0440\u043e\u0432\u0430\u043d\u043d\u044b\u0445 \u0440\u0435\u0436\u0438\u043c\u043e\u0432 28<br \/>\u0420\u0435\u0436\u0438\u043c\u044b \u043d\u0430\u0433\u0440\u0435\u0432\u0430:<br \/>\u0444\u0435\u0440\u043c\u0435\u043d\u0442\u0430\u0446\u0438\u044f, \u041c\u0438\u043a\u0440\u043e\u0432\u043e\u043b\u043d\u043e\u0432\u0430\u044f \u043f\u0435\u0447\u044c, \u0412\u043e\u0441\u0441\u0442\u0430\u043d\u043e\u0432\u043b\u0435\u043d\u0438\u0435, 4D \u0433\u043e\u0440\u044f\u0447\u0438\u0439 \u0432\u043e\u0437\u0434\u0443\u0445, \u0420\u0430\u0437\u043c\u043e\u0440\u0430\u0436\u0438\u0432\u0430\u043d\u0438\u0435, Air Fry - \u0444\u0440\u0438\u0442\u044e\u0440\u043d\u0438\u0446\u0430 \u0441 \u0433\u043e\u0440\u044f\u0447\u0438\u043c \u0432\u043e\u0437\u0434\u0443\u0445\u043e\u043c, \u0414\u0435\u0433\u0438\u0434\u0440\u0430\u0442\u0430\u0446\u0438\u044f, \u0420\u0435\u0448\u0435\u0442\u043a\u0430 \u043f\u043e\u043b\u043d\u043e\u0439 \u0448\u0438\u0440\u0438\u043d\u044b, \u041c\u044f\u0433\u043a\u0438\u0439 \u0433\u043e\u0440\u044f\u0447\u0438\u0439 \u0432\u043e\u0437\u0434\u0443\u0445, \u0418\u043d\u0442\u0435\u043d\u0441\u0438\u0432\u043d\u044b\u0439 \u043d\u0430\u0433\u0440\u0435\u0432, \u0420\u0435\u0448\u0435\u0442\u043a\u0430 \u043f\u043e\u043b\u043e\u0432\u0438\u043d\u043d\u043e\u0439 \u0448\u0438\u0440\u0438\u043d\u044b, \u041e\u0431\u044b\u0447\u043d\u043e\u0435 \u0442\u0435\u043f\u043b\u043e, \u0429\u0430\u0434\u044f\u0449\u0435\u0435 \u0442\u0440\u0430\u0434\u0438\u0446\u0438\u043e\u043d\u043d\u043e\u0435 \u0442\u0435\u043f\u043b\u043e, \u041d\u0430\u0441\u0442\u0440\u043e\u0439\u043a\u0430 \u043f\u0438\u0446\u0446\u044b, \u043f\u0440\u0438\u0433\u043e\u0442\u043e\u0432\u043b\u0435\u043d\u0438\u0435 \u043f\u0440\u0438 \u043d\u0438\u0437\u043a\u043e\u0439 \u0442\u0435\u043c\u043f\u0435\u0440\u0430\u0442\u0443\u0440\u0435, \u041d\u0438\u0436\u043d\u0438\u0439 \u043d\u0430\u0433\u0440\u0435\u0432, \u0413\u0440\u0438\u043b\u044c \u0441 \u0433\u043e\u0440\u044f\u0447\u0438\u043c \u0432\u043e\u0437\u0434\u0443\u0445\u043e\u043c, \u041f\u0440\u0435\u0434\u0432\u0430\u0440\u0438\u0442\u0435\u043b\u044c\u043d\u044b\u0439 \u0440\u0430\u0437\u043e\u0433\u0440\u0435\u0432, \u041f\u043e\u0434\u0434\u0435\u0440\u0436\u0430\u043d\u0438\u0435 \u0442\u0435\u043f\u043b\u0430<br \/>\u041c\u0435\u0442\u043e\u0434\u044b \u043d\u0430\u0433\u0440\u0435\u0432\u0430 \u0434\u043e\u0441\u0442\u0443\u043f\u043d\u044b \u0442\u043e\u043b\u044c\u043a\u043e \u0447\u0435\u0440\u0435\u0437 \u043f\u0440\u0438\u043b\u043e\u0436\u0435\u043d\u0438\u0435 Home Connect<br \/>\u041e\u0442\u0434\u044b\u0445, \u043f\u0440\u0435\u0434\u0432\u0430\u0440\u0438\u0442\u0435\u043b\u044c\u043d\u044b\u0439 \u0440\u0430\u0437\u043e\u0433\u0440\u0435\u0432<br \/>\u0420\u0435\u0436\u0438\u043c\u044b \u043d\u0430\u0433\u0440\u0435\u0432\u0430, \u0441\u043e\u0432\u043c\u0435\u0441\u0442\u0438\u043c\u044b\u0435 \u0441 \u0444\u0443\u043d\u043a\u0446\u0438\u0435\u0439 \u043f\u0430\u0440\u0430<br \/>4D \u0433\u043e\u0440\u044f\u0447\u0438\u0439 \u0432\u043e\u0437\u0434\u0443\u0445, \u041e\u0431\u044b\u0447\u043d\u043e\u0435 \u0442\u0435\u043f\u043b\u043e, \u0413\u0440\u0438\u043b\u044c \u0441 \u0433\u043e\u0440\u044f\u0447\u0438\u043c \u0432\u043e\u0437\u0434\u0443\u0445\u043e\u043c, \u041f\u043e\u0434\u0434\u0435\u0440\u0436\u0430\u043d\u0438\u0435 \u0442\u0435\u043f\u043b\u0430<br \/>\u0420\u0435\u0436\u0438\u043c\u044b \u043d\u0430\u0433\u0440\u0435\u0432\u0430, \u0441\u043e\u0432\u043c\u0435\u0441\u0442\u0438\u043c\u044b\u0435 \u0441 \u0444\u0443\u043d\u043a\u0446\u0438\u0435\u0439 \u043c\u0438\u043a\u0440\u043e\u0432\u043e\u043b\u043d<br \/>4D \u0433\u043e\u0440\u044f\u0447\u0438\u0439 \u0432\u043e\u0437\u0434\u0443\u0445, \u0420\u0435\u0448\u0435\u0442\u043a\u0430 \u043f\u043e\u043b\u043d\u043e\u0439 \u0448\u0438\u0440\u0438\u043d\u044b, \u0420\u0435\u0448\u0435\u0442\u043a\u0430 \u043f\u043e\u043b\u043e\u0432\u0438\u043d\u043d\u043e\u0439 \u0448\u0438\u0440\u0438\u043d\u044b, \u041e\u0431\u044b\u0447\u043d\u043e\u0435 \u0442\u0435\u043f\u043b\u043e, \u0413\u0440\u0438\u043b\u044c \u0441 \u0433\u043e\u0440\u044f\u0447\u0438\u043c \u0432\u043e\u0437\u0434\u0443\u0445\u043e\u043c<br \/>\u0414\u0438\u0430\u043f\u0430\u0437\u043e\u043d \u0442\u0435\u043c\u043f\u0435\u0440\u0430\u0442\u0443\u0440 (\u00b0C)<br \/>30-300 \u00b0C<br \/>\u041f\u0430\u0440\u043e\u0432\u0430\u044f \u0442\u0435\u0445\u043d\u043e\u043b\u043e\u0433\u0438\u044f \u0414\u043e\u0431\u0430\u0432\u043b\u0435\u043d \u043f\u0430\u0440<br \/>\u041f\u043e\u0433\u043b\u043e\u0449\u0435\u043d\u0438\u0435 \u0432\u043e\u0434\u044b \u0421\u044a\u0435\u043c\u043d\u044b\u0439 \u0432\u043e\u0434\u044f\u043d\u043e\u0439 \u0440\u0435\u0437\u0435\u0440\u0432\u0443\u0430\u0440<br \/>\u041e\u0431\u044a\u0435\u043c \u0432\u043e\u0434\u044f\u043d\u043e\u0433\u043e \u0440\u0435\u0437\u0435\u0440\u0432\u0443\u0430\u0440\u0430 1.0 \u043b<br \/>\u0418\u043d\u0442\u0435\u0433\u0440\u0438\u0440\u043e\u0432\u0430\u043d\u043d\u0430\u044f \u0441\u0438\u0441\u0442\u0435\u043c\u0430 \u043e\u0447\u0438\u0441\u0442\u043a\u0438<br \/>\u041f\u0438\u0440\u043e\u043b\u0438\u0442\u0438\u0447\u0435\u0441\u043a\u0430\u044f+\u0433\u0438\u0434\u0440\u043e\u043b\u0438\u0442\u0438\u0447\u0435\u0441\u043a\u0430\u044f<br \/>Pull-out sist\u0113ma 1 \u2013 l\u012bmenis<br \/>\u041e\u0442\u043a\u0440\u044b\u0442\u0438\u0435 \u0434\u0432\u0435\u0440\u0446\u044b \u0420\u0443\u0447\u043a\u0430<br \/>\u0412\u043c\u0435\u0441\u0442\u0438\u043c\u043e\u0441\u0442\u044c 67 \u043b<br \/>\u0423\u0441\u0442\u0440\u043e\u0439\u0441\u0442\u0432\u043e \u0431\u0435\u0437\u043e\u043f\u0430\u0441\u043d\u043e\u0441\u0442\u0438 \u041d\u0435 \u043f\u0440\u0438\u043c\u0435\u043d\u044f\u0435\u0442\u0441\u044f<br \/>\u0412\u043a\u043b\u044e\u0447\u0435\u043d\u043d\u044b\u0435 \u0430\u043a\u0441\u0435\u0441\u0441\u0443\u0430\u0440\u044b<br \/>1 x \u042d\u043c\u0430\u043b\u0438\u0440\u043e\u0432\u0430\u043d\u043d\u044b\u0439 \u043f\u0440\u043e\u0442\u0438\u0432\u0435\u043d\u044c, 1 x \u041a\u043e\u043c\u0431\u0438\u043d\u0438\u0440\u043e\u0432\u0430\u043d\u043d\u0430\u044f \u0440\u0435\u0448\u0435\u0442\u043a\u0430, 1 x \u0423\u043d\u0438\u0432\u0435\u0440\u0441\u0430\u043b\u044c\u043d\u0430\u044f \u0435\u043c\u043a\u043e\u0441\u0442\u044c, 1 x \u041f\u0440\u043e\u0442\u0438\u0432\u0435\u043d\u044c \u0441 \u0440\u0443\u0447\u043a\u043e\u0439 Air Fry<br \/>\u0420\u0430\u0437\u043c\u0435\u0440\u044b \u0438 \u0432\u0435\u0441<br \/>\u0420\u0430\u0437\u043c\u0435\u0440\u044b \u043f\u0440\u043e\u0434\u0443\u043a\u0442\u0430 595x594x548 \u043c\u043c<br \/>\u0420\u0430\u0437\u043c\u0435\u0440\u044b \u0443\u043f\u0430\u043a\u043e\u0432\u0430\u043d\u043d\u043e\u0433\u043e \u043f\u0440\u043e\u0434\u0443\u043a\u0442\u0430 (\u0428\u0445\u0412\u0445\u0413) 670 x 670 x 680 \u043c\u043c<br \/>\u041c\u0438\u043d\u0438\u043c\u0430\u043b\u044c\u043d\u0430\u044f \u0432\u044b\u0441\u043e\u0442\u0430 \u0443\u0441\u0442\u0430\u043d\u043e\u0432\u043a\u0438 585 \u043c\u043c<br \/>\u041c\u0430\u043a\u0441\u0438\u043c\u0430\u043b\u044c\u043d\u0430\u044f \u0432\u044b\u0441\u043e\u0442\u0430 \u0443\u0441\u0442\u0430\u043d\u043e\u0432\u043a\u0438 595 \u043c\u043c<br \/>\u041c\u0438\u043d\u0438\u043c\u0430\u043b\u044c\u043d\u0430\u044f \u0448\u0438\u0440\u0438\u043d\u0430 \u0443\u0441\u0442\u0430\u043d\u043e\u0432\u043a\u0438 560 \u043c\u043c<br \/>\u041c\u0430\u043a\u0441\u0438\u043c\u0430\u043b\u044c\u043d\u0430\u044f \u0448\u0438\u0440\u0438\u043d\u0430 \u0443\u0441\u0442\u0430\u043d\u043e\u0432\u043a\u0438 568 \u043c\u043c<br \/>\u0413\u043b\u0443\u0431\u0438\u043d\u0430 \u0443\u0441\u0442\u0430\u043d\u043e\u0432\u043a\u0438 550 \u043c\u043c<br \/>\u0412\u0435\u0441 \u043d\u0435\u0442\u0442\u043e 48.6 \u043a\u0433<\/p><\/p>","protected":false},"excerpt":{"rendered":"<p>Specifik\u0101cijas Visp\u0101r\u012bg\u0101 inform\u0101cijaProdukta galven\u0101 kr\u0101sa MelnsLietot\u0101ja saskarne Pilns TFT sk\u0101rienekr\u0101ns Pro ar digit\u0101lo vad\u012bbas gredzenuMaksim\u0101l\u0101 mikrovi\u013c\u0146u jauda 800 WJaudas l\u012bme\u0146u skaits 5Mikrovi\u013c\u0146u jaudas l\u012bme\u0146i (W) 90, 180, 360, 600, boost WSild\u012b\u0161anas un kombin\u0113to re\u017e\u012bmu skaits 28Sild\u012b\u0161anas re\u017e\u012bmi:ferment\u0101cija, Mikrovi\u013c\u0146u kr\u0101sns, Re\u0123ener\u0101cija, 4D karstais gaiss, Atkaus\u0113\u0161ana, Air Fry- karst\u0101 gais fritieris, Dehidrat\u0113t, Pilna platuma re\u017e\u0123is, Hotair maigs, [&hellip;]<\/p>\n","protected":false},"featured_media":46301,"comment_status":"open","ping_status":"closed","template":"","meta":{"_joinchat":[]},"product_brand":[],"product_cat":[266],"product_tag":[],"class_list":{"0":"post-46319","1":"product","2":"type-product","3":"status-publish","4":"has-post-thumbnail","6":"product_cat-iebuvejama-sadzives-tehnika-iebuvejamas-cepeskrasnis","8":"first","9":"instock","10":"shipping-taxable","11":"purchasable","12":"product-type-simple"},"yoast_head":"<!-- This site is optimized with the Yoast SEO plugin v27.5 - https:\/\/yoast.com\/product\/yoast-seo-wordpress\/ -->\n<title>Ieb\u016bv\u0113jama cepe\u0161kr\u0101sns ar tvaiku un mikrovi\u013c\u0146u funkciju Bosch Serie 8 HNG978QB1, 60x60cm, ar kameru - Continent.lv<\/title>\n<meta name=\"robots\" content=\"index, follow, max-snippet:-1, max-image-preview:large, max-video-preview:-1\" \/>\n<link rel=\"canonical\" href=\"https:\/\/continent.lv\/ru\/product\/iebuvejama-cepeskrasns-ar-tvaiku-un-mikrovilnu-funkciju-bosch-serie-8-hng978qb1-60x60cm-ar-kameru\/\" \/>\n<meta property=\"og:locale\" content=\"ru_RU\" \/>\n<meta property=\"og:type\" content=\"article\" \/>\n<meta property=\"og:title\" content=\"Ieb\u016bv\u0113jama cepe\u0161kr\u0101sns ar tvaiku un mikrovi\u013c\u0146u funkciju Bosch Serie 8 HNG978QB1, 60x60cm, ar kameru - Continent.lv\" \/>\n<meta property=\"og:description\" content=\"Specifik\u0101cijas Visp\u0101r\u012bg\u0101 inform\u0101cijaProdukta galven\u0101 kr\u0101sa MelnsLietot\u0101ja saskarne Pilns TFT sk\u0101rienekr\u0101ns Pro ar digit\u0101lo vad\u012bbas gredzenuMaksim\u0101l\u0101 mikrovi\u013c\u0146u jauda 800 WJaudas l\u012bme\u0146u skaits 5Mikrovi\u013c\u0146u jaudas l\u012bme\u0146i (W) 90, 180, 360, 600, boost WSild\u012b\u0161anas un kombin\u0113to re\u017e\u012bmu skaits 28Sild\u012b\u0161anas re\u017e\u012bmi:ferment\u0101cija, Mikrovi\u013c\u0146u kr\u0101sns, Re\u0123ener\u0101cija, 4D karstais gaiss, Atkaus\u0113\u0161ana, Air Fry- karst\u0101 gais fritieris, Dehidrat\u0113t, Pilna platuma re\u017e\u0123is, Hotair maigs, [&hellip;]\" \/>\n<meta property=\"og:url\" content=\"https:\/\/continent.lv\/ru\/product\/iebuvejama-cepeskrasns-ar-tvaiku-un-mikrovilnu-funkciju-bosch-serie-8-hng978qb1-60x60cm-ar-kameru\/\" \/>\n<meta property=\"og:site_name\" content=\"Continent.lv\" \/>\n<meta property=\"og:image\" content=\"https:\/\/continent.lv\/wp-content\/uploads\/2026\/05\/31_ydj4-gc.png\" \/>\n\t<meta property=\"og:image:width\" content=\"399\" \/>\n\t<meta property=\"og:image:height\" content=\"225\" \/>\n\t<meta property=\"og:image:type\" content=\"image\/png\" \/>\n<meta name=\"twitter:card\" content=\"summary_large_image\" \/>\n<meta name=\"twitter:label1\" content=\"\u041f\u0440\u0438\u043c\u0435\u0440\u043d\u043e\u0435 \u0432\u0440\u0435\u043c\u044f \u0434\u043b\u044f \u0447\u0442\u0435\u043d\u0438\u044f\" \/>\n\t<meta name=\"twitter:data1\" content=\"1 \u043c\u0438\u043d\u0443\u0442\u0430\" \/>\n<script type=\"application\/ld+json\" class=\"yoast-schema-graph\">{\"@context\":\"https:\\\/\\\/schema.org\",\"@graph\":[{\"@type\":\"WebPage\",\"@id\":\"https:\\\/\\\/continent.lv\\\/product\\\/iebuvejama-cepeskrasns-ar-tvaiku-un-mikrovilnu-funkciju-bosch-serie-8-hng978qb1-60x60cm-ar-kameru\\\/\",\"url\":\"https:\\\/\\\/continent.lv\\\/product\\\/iebuvejama-cepeskrasns-ar-tvaiku-un-mikrovilnu-funkciju-bosch-serie-8-hng978qb1-60x60cm-ar-kameru\\\/\",\"name\":\"Ieb\u016bv\u0113jama cepe\u0161kr\u0101sns ar tvaiku un mikrovi\u013c\u0146u funkciju Bosch Serie 8 HNG978QB1, 60x60cm, ar kameru - Continent.lv\",\"isPartOf\":{\"@id\":\"https:\\\/\\\/continent.lv\\\/#website\"},\"primaryImageOfPage\":{\"@id\":\"https:\\\/\\\/continent.lv\\\/product\\\/iebuvejama-cepeskrasns-ar-tvaiku-un-mikrovilnu-funkciju-bosch-serie-8-hng978qb1-60x60cm-ar-kameru\\\/#primaryimage\"},\"image\":{\"@id\":\"https:\\\/\\\/continent.lv\\\/product\\\/iebuvejama-cepeskrasns-ar-tvaiku-un-mikrovilnu-funkciju-bosch-serie-8-hng978qb1-60x60cm-ar-kameru\\\/#primaryimage\"},\"thumbnailUrl\":\"https:\\\/\\\/continent.lv\\\/wp-content\\\/uploads\\\/2026\\\/05\\\/31_ydj4-gc.png\",\"datePublished\":\"2026-05-01T08:36:19+00:00\",\"breadcrumb\":{\"@id\":\"https:\\\/\\\/continent.lv\\\/product\\\/iebuvejama-cepeskrasns-ar-tvaiku-un-mikrovilnu-funkciju-bosch-serie-8-hng978qb1-60x60cm-ar-kameru\\\/#breadcrumb\"},\"inLanguage\":\"ru-RU\",\"potentialAction\":[{\"@type\":\"ReadAction\",\"target\":[\"https:\\\/\\\/continent.lv\\\/product\\\/iebuvejama-cepeskrasns-ar-tvaiku-un-mikrovilnu-funkciju-bosch-serie-8-hng978qb1-60x60cm-ar-kameru\\\/\"]}]},{\"@type\":\"ImageObject\",\"inLanguage\":\"ru-RU\",\"@id\":\"https:\\\/\\\/continent.lv\\\/product\\\/iebuvejama-cepeskrasns-ar-tvaiku-un-mikrovilnu-funkciju-bosch-serie-8-hng978qb1-60x60cm-ar-kameru\\\/#primaryimage\",\"url\":\"https:\\\/\\\/continent.lv\\\/wp-content\\\/uploads\\\/2026\\\/05\\\/31_ydj4-gc.png\",\"contentUrl\":\"https:\\\/\\\/continent.lv\\\/wp-content\\\/uploads\\\/2026\\\/05\\\/31_ydj4-gc.png\",\"width\":399,\"height\":225},{\"@type\":\"BreadcrumbList\",\"@id\":\"https:\\\/\\\/continent.lv\\\/product\\\/iebuvejama-cepeskrasns-ar-tvaiku-un-mikrovilnu-funkciju-bosch-serie-8-hng978qb1-60x60cm-ar-kameru\\\/#breadcrumb\",\"itemListElement\":[{\"@type\":\"ListItem\",\"position\":1,\"name\":\"Home\",\"item\":\"https:\\\/\\\/continent.lv\\\/\"},{\"@type\":\"ListItem\",\"position\":2,\"name\":\"Veikals\",\"item\":\"https:\\\/\\\/continent.lv\\\/shop\\\/\"},{\"@type\":\"ListItem\",\"position\":3,\"name\":\"Ieb\u016bv\u0113jama cepe\u0161kr\u0101sns ar tvaiku un mikrovi\u013c\u0146u funkciju Bosch Serie 8 HNG978QB1, 60x60cm, ar kameru\"}]},{\"@type\":\"WebSite\",\"@id\":\"https:\\\/\\\/continent.lv\\\/#website\",\"url\":\"https:\\\/\\\/continent.lv\\\/\",\"name\":\"Continent.lv\",\"description\":\"Sadz\u012bves pre\u010du internetveikals\",\"publisher\":{\"@id\":\"https:\\\/\\\/continent.lv\\\/#organization\"},\"potentialAction\":[{\"@type\":\"SearchAction\",\"target\":{\"@type\":\"EntryPoint\",\"urlTemplate\":\"https:\\\/\\\/continent.lv\\\/?s={search_term_string}\"},\"query-input\":{\"@type\":\"PropertyValueSpecification\",\"valueRequired\":true,\"valueName\":\"search_term_string\"}}],\"inLanguage\":\"ru-RU\"},{\"@type\":\"Organization\",\"@id\":\"https:\\\/\\\/continent.lv\\\/#organization\",\"name\":\"Continent.lv\",\"url\":\"https:\\\/\\\/continent.lv\\\/\",\"logo\":{\"@type\":\"ImageObject\",\"inLanguage\":\"ru-RU\",\"@id\":\"https:\\\/\\\/continent.lv\\\/#\\\/schema\\\/logo\\\/image\\\/\",\"url\":\"https:\\\/\\\/continent.lv\\\/wp-content\\\/uploads\\\/2026\\\/05\\\/logo_continent_5nwv-jh.jpg\",\"contentUrl\":\"https:\\\/\\\/continent.lv\\\/wp-content\\\/uploads\\\/2026\\\/05\\\/logo_continent_5nwv-jh.jpg\",\"width\":221,\"height\":50,\"caption\":\"Continent.lv\"},\"image\":{\"@id\":\"https:\\\/\\\/continent.lv\\\/#\\\/schema\\\/logo\\\/image\\\/\"}}]}<\/script>\n<!-- \/ Yoast SEO plugin. -->","yoast_head_json":{"title":"Ieb\u016bv\u0113jama cepe\u0161kr\u0101sns ar tvaiku un mikrovi\u013c\u0146u funkciju Bosch Serie 8 HNG978QB1, 60x60cm, ar kameru - Continent.lv","robots":{"index":"index","follow":"follow","max-snippet":"max-snippet:-1","max-image-preview":"max-image-preview:large","max-video-preview":"max-video-preview:-1"},"canonical":"https:\/\/continent.lv\/ru\/product\/iebuvejama-cepeskrasns-ar-tvaiku-un-mikrovilnu-funkciju-bosch-serie-8-hng978qb1-60x60cm-ar-kameru\/","og_locale":"ru_RU","og_type":"article","og_title":"Ieb\u016bv\u0113jama cepe\u0161kr\u0101sns ar tvaiku un mikrovi\u013c\u0146u funkciju Bosch Serie 8 HNG978QB1, 60x60cm, ar kameru - Continent.lv","og_description":"Specifik\u0101cijas Visp\u0101r\u012bg\u0101 inform\u0101cijaProdukta galven\u0101 kr\u0101sa MelnsLietot\u0101ja saskarne Pilns TFT sk\u0101rienekr\u0101ns Pro ar digit\u0101lo vad\u012bbas gredzenuMaksim\u0101l\u0101 mikrovi\u013c\u0146u jauda 800 WJaudas l\u012bme\u0146u skaits 5Mikrovi\u013c\u0146u jaudas l\u012bme\u0146i (W) 90, 180, 360, 600, boost WSild\u012b\u0161anas un kombin\u0113to re\u017e\u012bmu skaits 28Sild\u012b\u0161anas re\u017e\u012bmi:ferment\u0101cija, Mikrovi\u013c\u0146u kr\u0101sns, Re\u0123ener\u0101cija, 4D karstais gaiss, Atkaus\u0113\u0161ana, Air Fry- karst\u0101 gais fritieris, Dehidrat\u0113t, Pilna platuma re\u017e\u0123is, Hotair maigs, [&hellip;]","og_url":"https:\/\/continent.lv\/ru\/product\/iebuvejama-cepeskrasns-ar-tvaiku-un-mikrovilnu-funkciju-bosch-serie-8-hng978qb1-60x60cm-ar-kameru\/","og_site_name":"Continent.lv","og_image":[{"width":399,"height":225,"url":"https:\/\/continent.lv\/wp-content\/uploads\/2026\/05\/31_ydj4-gc.png","type":"image\/png"}],"twitter_card":"summary_large_image","twitter_misc":{"\u041f\u0440\u0438\u043c\u0435\u0440\u043d\u043e\u0435 \u0432\u0440\u0435\u043c\u044f \u0434\u043b\u044f \u0447\u0442\u0435\u043d\u0438\u044f":"1 \u043c\u0438\u043d\u0443\u0442\u0430"},"schema":{"@context":"https:\/\/schema.org","@graph":[{"@type":"WebPage","@id":"https:\/\/continent.lv\/product\/iebuvejama-cepeskrasns-ar-tvaiku-un-mikrovilnu-funkciju-bosch-serie-8-hng978qb1-60x60cm-ar-kameru\/","url":"https:\/\/continent.lv\/product\/iebuvejama-cepeskrasns-ar-tvaiku-un-mikrovilnu-funkciju-bosch-serie-8-hng978qb1-60x60cm-ar-kameru\/","name":"Ieb\u016bv\u0113jama cepe\u0161kr\u0101sns ar tvaiku un mikrovi\u013c\u0146u funkciju Bosch Serie 8 HNG978QB1, 60x60cm, ar kameru - Continent.lv","isPartOf":{"@id":"https:\/\/continent.lv\/#website"},"primaryImageOfPage":{"@id":"https:\/\/continent.lv\/product\/iebuvejama-cepeskrasns-ar-tvaiku-un-mikrovilnu-funkciju-bosch-serie-8-hng978qb1-60x60cm-ar-kameru\/#primaryimage"},"image":{"@id":"https:\/\/continent.lv\/product\/iebuvejama-cepeskrasns-ar-tvaiku-un-mikrovilnu-funkciju-bosch-serie-8-hng978qb1-60x60cm-ar-kameru\/#primaryimage"},"thumbnailUrl":"https:\/\/continent.lv\/wp-content\/uploads\/2026\/05\/31_ydj4-gc.png","datePublished":"2026-05-01T08:36:19+00:00","breadcrumb":{"@id":"https:\/\/continent.lv\/product\/iebuvejama-cepeskrasns-ar-tvaiku-un-mikrovilnu-funkciju-bosch-serie-8-hng978qb1-60x60cm-ar-kameru\/#breadcrumb"},"inLanguage":"ru-RU","potentialAction":[{"@type":"ReadAction","target":["https:\/\/continent.lv\/product\/iebuvejama-cepeskrasns-ar-tvaiku-un-mikrovilnu-funkciju-bosch-serie-8-hng978qb1-60x60cm-ar-kameru\/"]}]},{"@type":"ImageObject","inLanguage":"ru-RU","@id":"https:\/\/continent.lv\/product\/iebuvejama-cepeskrasns-ar-tvaiku-un-mikrovilnu-funkciju-bosch-serie-8-hng978qb1-60x60cm-ar-kameru\/#primaryimage","url":"https:\/\/continent.lv\/wp-content\/uploads\/2026\/05\/31_ydj4-gc.png","contentUrl":"https:\/\/continent.lv\/wp-content\/uploads\/2026\/05\/31_ydj4-gc.png","width":399,"height":225},{"@type":"BreadcrumbList","@id":"https:\/\/continent.lv\/product\/iebuvejama-cepeskrasns-ar-tvaiku-un-mikrovilnu-funkciju-bosch-serie-8-hng978qb1-60x60cm-ar-kameru\/#breadcrumb","itemListElement":[{"@type":"ListItem","position":1,"name":"Home","item":"https:\/\/continent.lv\/"},{"@type":"ListItem","position":2,"name":"Veikals","item":"https:\/\/continent.lv\/shop\/"},{"@type":"ListItem","position":3,"name":"Ieb\u016bv\u0113jama cepe\u0161kr\u0101sns ar tvaiku un mikrovi\u013c\u0146u funkciju Bosch Serie 8 HNG978QB1, 60x60cm, ar kameru"}]},{"@type":"WebSite","@id":"https:\/\/continent.lv\/#website","url":"https:\/\/continent.lv\/","name":"Continent.lv","description":"Sadz\u012bves pre\u010du internetveikals","publisher":{"@id":"https:\/\/continent.lv\/#organization"},"potentialAction":[{"@type":"SearchAction","target":{"@type":"EntryPoint","urlTemplate":"https:\/\/continent.lv\/?s={search_term_string}"},"query-input":{"@type":"PropertyValueSpecification","valueRequired":true,"valueName":"search_term_string"}}],"inLanguage":"ru-RU"},{"@type":"Organization","@id":"https:\/\/continent.lv\/#organization","name":"Continent.lv","url":"https:\/\/continent.lv\/","logo":{"@type":"ImageObject","inLanguage":"ru-RU","@id":"https:\/\/continent.lv\/#\/schema\/logo\/image\/","url":"https:\/\/continent.lv\/wp-content\/uploads\/2026\/05\/logo_continent_5nwv-jh.jpg","contentUrl":"https:\/\/continent.lv\/wp-content\/uploads\/2026\/05\/logo_continent_5nwv-jh.jpg","width":221,"height":50,"caption":"Continent.lv"},"image":{"@id":"https:\/\/continent.lv\/#\/schema\/logo\/image\/"}}]}},"_links":{"self":[{"href":"https:\/\/continent.lv\/ru\/wp-json\/wp\/v2\/product\/46319","targetHints":{"allow":["GET"]}}],"collection":[{"href":"https:\/\/continent.lv\/ru\/wp-json\/wp\/v2\/product"}],"about":[{"href":"https:\/\/continent.lv\/ru\/wp-json\/wp\/v2\/types\/product"}],"replies":[{"embeddable":true,"href":"https:\/\/continent.lv\/ru\/wp-json\/wp\/v2\/comments?post=46319"}],"wp:featuredmedia":[{"embeddable":true,"href":"https:\/\/continent.lv\/ru\/wp-json\/wp\/v2\/media\/46301"}],"wp:attachment":[{"href":"https:\/\/continent.lv\/ru\/wp-json\/wp\/v2\/media?parent=46319"}],"wp:term":[{"taxonomy":"product_brand","embeddable":true,"href":"https:\/\/continent.lv\/ru\/wp-json\/wp\/v2\/product_brand?post=46319"},{"taxonomy":"product_cat","embeddable":true,"href":"https:\/\/continent.lv\/ru\/wp-json\/wp\/v2\/product_cat?post=46319"},{"taxonomy":"product_tag","embeddable":true,"href":"https:\/\/continent.lv\/ru\/wp-json\/wp\/v2\/product_tag?post=46319"}],"curies":[{"name":"wp","href":"https:\/\/api.w.org\/{rel}","templated":true}]}}