{"id":46300,"date":"2026-05-01T08:35:55","date_gmt":"2026-05-01T08:35:55","guid":{"rendered":"https:\/\/continent.lv\/product\/siemens-sx65ex12ce-60cm-iebuvejama\/"},"modified":"2026-05-01T08:35:55","modified_gmt":"2026-05-01T08:35:55","slug":"siemens-sx65ex12ce-60cm-iebuvejama","status":"publish","type":"product","link":"https:\/\/continent.lv\/ru\/product\/siemens-sx65ex12ce-60cm-iebuvejama\/","title":{"rendered":"Siemens SX65EX12CE 60 \u0441\u043c \u0412\u0441\u0442\u0440\u0430\u0438\u0432\u0430\u0435\u043c\u0430\u044f!"},"content":{"rendered":"<p>\u041e\u0431\u0449\u0438\u0435 \u043f\u0430\u0440\u0430\u043c\u0435\u0442\u0440\u044b<\/p>\n<p>Produkta veids\u00a0\u00a0\u00a0\u00a0 Trauku ma\u0161\u012bnas<br \/>Z\u012bmols\u00a0\u00a0\u00a0\u00a0 Siemens<br \/>S\u0113rija\u00a0\u00a0\u00a0\u00a0 iQ500<br \/>Modelis\u00a0\u00a0\u00a0\u00a0 SX65EX12CE<br \/>Trauku mazg\u0101jam\u0101s ma\u0161\u012bnas tips\u00a0\u00a0\u00a0\u00a0 Ieb\u016bv\u0113jams<br \/>Platums\u00a0\u00a0\u00a0\u00a0 59.8 cm<br \/>Dzi\u013cums\u00a0\u00a0\u00a0\u00a0 55 cm<br \/>Augstums\u00a0\u00a0\u00a0\u00a0 86.5 cm<br \/>Svars\u00a0\u00a0\u00a0\u00a0 40.6 kg<br \/>Trauku mazg\u0101jam\u0101 ma\u0161\u012bna ar apdari\u00a0\u00a0\u00a0\u00a0 N\u0113<br \/>\u042d\u043d\u0435\u0440\u0433\u043e\u043f\u043e\u0442\u0440\u0435\u0431\u043b\u0435\u043d\u0438\u0435 \u0438 \u0440\u0430\u0441\u0445\u043e\u0434 \u0432\u043e\u0434\u044b<br \/>Trauku skaits komplekt\u0101\u00a0\u00a0\u00a0 14<br \/>Energoefektivit\u0101tes klase\u00a0\u00a0\u00a0 A<br \/>Energoefektivit\u0101tes kla\u0161u skala\u00a0\u00a0\u00a0\u00a0 A \u2013 G<br \/>\u016adens pat\u0113ri\u0146\u0161 cikl\u0101\u00a0\u00a0\u00a0\u00a0 9 l<br \/>Trok\u0161\u0146a klase\u00a0\u00a0\u00a0\u00a0 B<br \/>Programmas \u201ceco\u201d ener\u0123ijas pat\u0113ri\u0146\u0161 (EPEC) uz 100 cikliem\u00a0\u00a0\u00a0\u00a0 54 kWh<br \/>Programmas \u201ceco\u201d trauku skaits komplekt\u0101\u00a0\u00a0\u00a0\u00a0 14<br \/>Programmas \u201ceco\u201d \u016bdens pat\u0113ri\u0146\u0161 uz ciklu\u00a0\u00a0\u00a0\u00a0 9 l<br \/>Programmas \u201ceco\u201d ilgums\u00a0\u00a0\u00a0\u00a0 270 min<br \/>Ener\u0123ijas pat\u0113ri\u0146\u0161 vien\u0101 cikl\u0101\u00a0\u00a0\u00a0\u00a0 0.543 kWh<br \/>\u0423\u043f\u0440\u0430\u0432\u043b\u0435\u043d\u0438\u0435<br \/>Ekr\u0101ns\u00a0\u00a0\u00a0 J\u0101<br \/>Vad\u012bba\u00a0\u00a0\u00a0 Meh\u0101nisks, Viedt\u0101lrunis<br \/>\u041f\u0440\u043e\u0433\u0440\u0430\u043c\u043c\u044b \u0438 \u0444\u0443\u043d\u043a\u0446\u0438\u0438<br \/>Programmu skaits\u00a0\u00a0\u00a0 8<br \/>Mazg\u0101\u0161anas programmas\u00a0\u00a0\u00a0 40 \u00b0C programma, 45 \u00b0C programma, 50 \u00b0C programma, 60 \u00b0C programma, 70 \u00b0C programma, Auto 45-65 \u00b0C<br \/>Darbar\u012bku atvilktnes\u00a0\u00a0\u00a0\u00a0 J\u0101<br \/>Programma starta atlik\u0161anai\u00a0\u00a0\u00a0 J\u0101<br \/>Aizsardz\u012bba pret \u016bdens nopl\u016bdi\u00a0\u00a0\u00a0 J\u0101<br \/>\u0414\u043e\u043f\u043e\u043b\u043d\u0438\u0442\u0435\u043b\u044c\u043d\u043e<br \/>Trok\u0161\u0146a l\u012bmenis\u00a0\u00a0\u00a0 42 dB<br \/>Izcelsmes valsts\u00a0\u00a0\u00a0\u00a0 V\u0101cija<\/p><\/p>","protected":false},"excerpt":{"rendered":"<p>Kop\u0113jie parametri Produkta veids\u00a0\u00a0\u00a0\u00a0 Trauku ma\u0161\u012bnasZ\u012bmols\u00a0\u00a0\u00a0\u00a0 SiemensS\u0113rija\u00a0\u00a0\u00a0\u00a0 iQ500Modelis\u00a0\u00a0\u00a0\u00a0 SX65EX12CETrauku mazg\u0101jam\u0101s ma\u0161\u012bnas tips\u00a0\u00a0\u00a0\u00a0 Ieb\u016bv\u0113jamsPlatums\u00a0\u00a0\u00a0\u00a0 59.8 cmDzi\u013cums\u00a0\u00a0\u00a0\u00a0 55 cmAugstums\u00a0\u00a0\u00a0\u00a0 86.5 cmSvars\u00a0\u00a0\u00a0\u00a0 40.6 kgTrauku mazg\u0101jam\u0101 ma\u0161\u012bna ar apdari\u00a0\u00a0\u00a0\u00a0 N\u0113Ener\u0123ijas un \u016bdens pat\u0113ri\u0146\u0161Trauku skaits komplekt\u0101\u00a0\u00a0\u00a0 14Energoefektivit\u0101tes klase\u00a0\u00a0\u00a0 AEnergoefektivit\u0101tes kla\u0161u skala\u00a0\u00a0\u00a0\u00a0 A \u2013 G\u016adens pat\u0113ri\u0146\u0161 cikl\u0101\u00a0\u00a0\u00a0\u00a0 9 lTrok\u0161\u0146a klase\u00a0\u00a0\u00a0\u00a0 BProgrammas \u201ceco\u201d ener\u0123ijas pat\u0113ri\u0146\u0161 (EPEC) uz 100 cikliem\u00a0\u00a0\u00a0\u00a0 54 kWhProgrammas \u201ceco\u201d [&hellip;]<\/p>\n","protected":false},"featured_media":46293,"comment_status":"open","ping_status":"closed","template":"","meta":{"_joinchat":[]},"product_brand":[291],"product_cat":[280],"product_tag":[],"class_list":{"0":"post-46300","1":"product","2":"type-product","3":"status-publish","4":"has-post-thumbnail","6":"product_brand-siemens","7":"product_cat-iebuvejama-sadzives-tehnika-iebuvejamas-trauku-mazgajamas-masinas","9":"first","10":"instock","11":"shipping-taxable","12":"purchasable","13":"product-type-simple"},"yoast_head":"<!-- This site is optimized with the Yoast SEO plugin v27.5 - https:\/\/yoast.com\/product\/yoast-seo-wordpress\/ -->\n<title>Siemens SX65EX12CE 60cm Ieb\u016bv\u0113jama! - Continent.lv<\/title>\n<meta name=\"robots\" content=\"index, follow, max-snippet:-1, max-image-preview:large, max-video-preview:-1\" \/>\n<link rel=\"canonical\" href=\"https:\/\/continent.lv\/ru\/product\/siemens-sx65ex12ce-60cm-iebuvejama\/\" \/>\n<meta property=\"og:locale\" content=\"ru_RU\" \/>\n<meta property=\"og:type\" content=\"article\" \/>\n<meta property=\"og:title\" content=\"Siemens SX65EX12CE 60cm Ieb\u016bv\u0113jama! - Continent.lv\" \/>\n<meta property=\"og:description\" content=\"Kop\u0113jie parametri Produkta veids\u00a0\u00a0\u00a0\u00a0 Trauku ma\u0161\u012bnasZ\u012bmols\u00a0\u00a0\u00a0\u00a0 SiemensS\u0113rija\u00a0\u00a0\u00a0\u00a0 iQ500Modelis\u00a0\u00a0\u00a0\u00a0 SX65EX12CETrauku mazg\u0101jam\u0101s ma\u0161\u012bnas tips\u00a0\u00a0\u00a0\u00a0 Ieb\u016bv\u0113jamsPlatums\u00a0\u00a0\u00a0\u00a0 59.8 cmDzi\u013cums\u00a0\u00a0\u00a0\u00a0 55 cmAugstums\u00a0\u00a0\u00a0\u00a0 86.5 cmSvars\u00a0\u00a0\u00a0\u00a0 40.6 kgTrauku mazg\u0101jam\u0101 ma\u0161\u012bna ar apdari\u00a0\u00a0\u00a0\u00a0 N\u0113Ener\u0123ijas un \u016bdens pat\u0113ri\u0146\u0161Trauku skaits komplekt\u0101\u00a0\u00a0\u00a0 14Energoefektivit\u0101tes klase\u00a0\u00a0\u00a0 AEnergoefektivit\u0101tes kla\u0161u skala\u00a0\u00a0\u00a0\u00a0 A \u2013 G\u016adens pat\u0113ri\u0146\u0161 cikl\u0101\u00a0\u00a0\u00a0\u00a0 9 lTrok\u0161\u0146a klase\u00a0\u00a0\u00a0\u00a0 BProgrammas \u201ceco\u201d ener\u0123ijas pat\u0113ri\u0146\u0161 (EPEC) uz 100 cikliem\u00a0\u00a0\u00a0\u00a0 54 kWhProgrammas \u201ceco\u201d [&hellip;]\" \/>\n<meta property=\"og:url\" content=\"https:\/\/continent.lv\/ru\/product\/siemens-sx65ex12ce-60cm-iebuvejama\/\" \/>\n<meta property=\"og:site_name\" content=\"Continent.lv\" \/>\n<meta property=\"og:image\" content=\"https:\/\/continent.lv\/wp-content\/uploads\/2026\/05\/21_wx0s-mr.webp\" \/>\n\t<meta property=\"og:image:width\" content=\"2000\" \/>\n\t<meta property=\"og:image:height\" content=\"2000\" \/>\n\t<meta property=\"og:image:type\" content=\"image\/webp\" \/>\n<meta name=\"twitter:card\" content=\"summary_large_image\" \/>\n<meta name=\"twitter:label1\" content=\"\u041f\u0440\u0438\u043c\u0435\u0440\u043d\u043e\u0435 \u0432\u0440\u0435\u043c\u044f \u0434\u043b\u044f \u0447\u0442\u0435\u043d\u0438\u044f\" \/>\n\t<meta name=\"twitter:data1\" content=\"1 \u043c\u0438\u043d\u0443\u0442\u0430\" \/>\n<script type=\"application\/ld+json\" class=\"yoast-schema-graph\">{\"@context\":\"https:\\\/\\\/schema.org\",\"@graph\":[{\"@type\":\"WebPage\",\"@id\":\"https:\\\/\\\/continent.lv\\\/product\\\/siemens-sx65ex12ce-60cm-iebuvejama\\\/\",\"url\":\"https:\\\/\\\/continent.lv\\\/product\\\/siemens-sx65ex12ce-60cm-iebuvejama\\\/\",\"name\":\"Siemens SX65EX12CE 60cm Ieb\u016bv\u0113jama! - Continent.lv\",\"isPartOf\":{\"@id\":\"https:\\\/\\\/continent.lv\\\/#website\"},\"primaryImageOfPage\":{\"@id\":\"https:\\\/\\\/continent.lv\\\/product\\\/siemens-sx65ex12ce-60cm-iebuvejama\\\/#primaryimage\"},\"image\":{\"@id\":\"https:\\\/\\\/continent.lv\\\/product\\\/siemens-sx65ex12ce-60cm-iebuvejama\\\/#primaryimage\"},\"thumbnailUrl\":\"https:\\\/\\\/continent.lv\\\/wp-content\\\/uploads\\\/2026\\\/05\\\/21_wx0s-mr.webp\",\"datePublished\":\"2026-05-01T08:35:55+00:00\",\"breadcrumb\":{\"@id\":\"https:\\\/\\\/continent.lv\\\/product\\\/siemens-sx65ex12ce-60cm-iebuvejama\\\/#breadcrumb\"},\"inLanguage\":\"ru-RU\",\"potentialAction\":[{\"@type\":\"ReadAction\",\"target\":[\"https:\\\/\\\/continent.lv\\\/product\\\/siemens-sx65ex12ce-60cm-iebuvejama\\\/\"]}]},{\"@type\":\"ImageObject\",\"inLanguage\":\"ru-RU\",\"@id\":\"https:\\\/\\\/continent.lv\\\/product\\\/siemens-sx65ex12ce-60cm-iebuvejama\\\/#primaryimage\",\"url\":\"https:\\\/\\\/continent.lv\\\/wp-content\\\/uploads\\\/2026\\\/05\\\/21_wx0s-mr.webp\",\"contentUrl\":\"https:\\\/\\\/continent.lv\\\/wp-content\\\/uploads\\\/2026\\\/05\\\/21_wx0s-mr.webp\",\"width\":2000,\"height\":2000},{\"@type\":\"BreadcrumbList\",\"@id\":\"https:\\\/\\\/continent.lv\\\/product\\\/siemens-sx65ex12ce-60cm-iebuvejama\\\/#breadcrumb\",\"itemListElement\":[{\"@type\":\"ListItem\",\"position\":1,\"name\":\"Home\",\"item\":\"https:\\\/\\\/continent.lv\\\/\"},{\"@type\":\"ListItem\",\"position\":2,\"name\":\"Veikals\",\"item\":\"https:\\\/\\\/continent.lv\\\/shop\\\/\"},{\"@type\":\"ListItem\",\"position\":3,\"name\":\"Siemens SX65EX12CE 60cm Ieb\u016bv\u0113jama!\"}]},{\"@type\":\"WebSite\",\"@id\":\"https:\\\/\\\/continent.lv\\\/#website\",\"url\":\"https:\\\/\\\/continent.lv\\\/\",\"name\":\"Continent.lv\",\"description\":\"Sadz\u012bves pre\u010du internetveikals\",\"publisher\":{\"@id\":\"https:\\\/\\\/continent.lv\\\/#organization\"},\"potentialAction\":[{\"@type\":\"SearchAction\",\"target\":{\"@type\":\"EntryPoint\",\"urlTemplate\":\"https:\\\/\\\/continent.lv\\\/?s={search_term_string}\"},\"query-input\":{\"@type\":\"PropertyValueSpecification\",\"valueRequired\":true,\"valueName\":\"search_term_string\"}}],\"inLanguage\":\"ru-RU\"},{\"@type\":\"Organization\",\"@id\":\"https:\\\/\\\/continent.lv\\\/#organization\",\"name\":\"Continent.lv\",\"url\":\"https:\\\/\\\/continent.lv\\\/\",\"logo\":{\"@type\":\"ImageObject\",\"inLanguage\":\"ru-RU\",\"@id\":\"https:\\\/\\\/continent.lv\\\/#\\\/schema\\\/logo\\\/image\\\/\",\"url\":\"https:\\\/\\\/continent.lv\\\/wp-content\\\/uploads\\\/2026\\\/05\\\/logo_continent_5nwv-jh.jpg\",\"contentUrl\":\"https:\\\/\\\/continent.lv\\\/wp-content\\\/uploads\\\/2026\\\/05\\\/logo_continent_5nwv-jh.jpg\",\"width\":221,\"height\":50,\"caption\":\"Continent.lv\"},\"image\":{\"@id\":\"https:\\\/\\\/continent.lv\\\/#\\\/schema\\\/logo\\\/image\\\/\"}}]}<\/script>\n<!-- \/ Yoast SEO plugin. -->","yoast_head_json":{"title":"Siemens SX65EX12CE 60cm Ieb\u016bv\u0113jama! - Continent.lv","robots":{"index":"index","follow":"follow","max-snippet":"max-snippet:-1","max-image-preview":"max-image-preview:large","max-video-preview":"max-video-preview:-1"},"canonical":"https:\/\/continent.lv\/ru\/product\/siemens-sx65ex12ce-60cm-iebuvejama\/","og_locale":"ru_RU","og_type":"article","og_title":"Siemens SX65EX12CE 60cm Ieb\u016bv\u0113jama! - Continent.lv","og_description":"Kop\u0113jie parametri Produkta veids\u00a0\u00a0\u00a0\u00a0 Trauku ma\u0161\u012bnasZ\u012bmols\u00a0\u00a0\u00a0\u00a0 SiemensS\u0113rija\u00a0\u00a0\u00a0\u00a0 iQ500Modelis\u00a0\u00a0\u00a0\u00a0 SX65EX12CETrauku mazg\u0101jam\u0101s ma\u0161\u012bnas tips\u00a0\u00a0\u00a0\u00a0 Ieb\u016bv\u0113jamsPlatums\u00a0\u00a0\u00a0\u00a0 59.8 cmDzi\u013cums\u00a0\u00a0\u00a0\u00a0 55 cmAugstums\u00a0\u00a0\u00a0\u00a0 86.5 cmSvars\u00a0\u00a0\u00a0\u00a0 40.6 kgTrauku mazg\u0101jam\u0101 ma\u0161\u012bna ar apdari\u00a0\u00a0\u00a0\u00a0 N\u0113Ener\u0123ijas un \u016bdens pat\u0113ri\u0146\u0161Trauku skaits komplekt\u0101\u00a0\u00a0\u00a0 14Energoefektivit\u0101tes klase\u00a0\u00a0\u00a0 AEnergoefektivit\u0101tes kla\u0161u skala\u00a0\u00a0\u00a0\u00a0 A \u2013 G\u016adens pat\u0113ri\u0146\u0161 cikl\u0101\u00a0\u00a0\u00a0\u00a0 9 lTrok\u0161\u0146a klase\u00a0\u00a0\u00a0\u00a0 BProgrammas \u201ceco\u201d ener\u0123ijas pat\u0113ri\u0146\u0161 (EPEC) uz 100 cikliem\u00a0\u00a0\u00a0\u00a0 54 kWhProgrammas \u201ceco\u201d [&hellip;]","og_url":"https:\/\/continent.lv\/ru\/product\/siemens-sx65ex12ce-60cm-iebuvejama\/","og_site_name":"Continent.lv","og_image":[{"width":2000,"height":2000,"url":"https:\/\/continent.lv\/wp-content\/uploads\/2026\/05\/21_wx0s-mr.webp","type":"image\/webp"}],"twitter_card":"summary_large_image","twitter_misc":{"\u041f\u0440\u0438\u043c\u0435\u0440\u043d\u043e\u0435 \u0432\u0440\u0435\u043c\u044f \u0434\u043b\u044f \u0447\u0442\u0435\u043d\u0438\u044f":"1 \u043c\u0438\u043d\u0443\u0442\u0430"},"schema":{"@context":"https:\/\/schema.org","@graph":[{"@type":"WebPage","@id":"https:\/\/continent.lv\/product\/siemens-sx65ex12ce-60cm-iebuvejama\/","url":"https:\/\/continent.lv\/product\/siemens-sx65ex12ce-60cm-iebuvejama\/","name":"Siemens SX65EX12CE 60cm Ieb\u016bv\u0113jama! - Continent.lv","isPartOf":{"@id":"https:\/\/continent.lv\/#website"},"primaryImageOfPage":{"@id":"https:\/\/continent.lv\/product\/siemens-sx65ex12ce-60cm-iebuvejama\/#primaryimage"},"image":{"@id":"https:\/\/continent.lv\/product\/siemens-sx65ex12ce-60cm-iebuvejama\/#primaryimage"},"thumbnailUrl":"https:\/\/continent.lv\/wp-content\/uploads\/2026\/05\/21_wx0s-mr.webp","datePublished":"2026-05-01T08:35:55+00:00","breadcrumb":{"@id":"https:\/\/continent.lv\/product\/siemens-sx65ex12ce-60cm-iebuvejama\/#breadcrumb"},"inLanguage":"ru-RU","potentialAction":[{"@type":"ReadAction","target":["https:\/\/continent.lv\/product\/siemens-sx65ex12ce-60cm-iebuvejama\/"]}]},{"@type":"ImageObject","inLanguage":"ru-RU","@id":"https:\/\/continent.lv\/product\/siemens-sx65ex12ce-60cm-iebuvejama\/#primaryimage","url":"https:\/\/continent.lv\/wp-content\/uploads\/2026\/05\/21_wx0s-mr.webp","contentUrl":"https:\/\/continent.lv\/wp-content\/uploads\/2026\/05\/21_wx0s-mr.webp","width":2000,"height":2000},{"@type":"BreadcrumbList","@id":"https:\/\/continent.lv\/product\/siemens-sx65ex12ce-60cm-iebuvejama\/#breadcrumb","itemListElement":[{"@type":"ListItem","position":1,"name":"Home","item":"https:\/\/continent.lv\/"},{"@type":"ListItem","position":2,"name":"Veikals","item":"https:\/\/continent.lv\/shop\/"},{"@type":"ListItem","position":3,"name":"Siemens SX65EX12CE 60cm Ieb\u016bv\u0113jama!"}]},{"@type":"WebSite","@id":"https:\/\/continent.lv\/#website","url":"https:\/\/continent.lv\/","name":"Continent.lv","description":"Sadz\u012bves pre\u010du internetveikals","publisher":{"@id":"https:\/\/continent.lv\/#organization"},"potentialAction":[{"@type":"SearchAction","target":{"@type":"EntryPoint","urlTemplate":"https:\/\/continent.lv\/?s={search_term_string}"},"query-input":{"@type":"PropertyValueSpecification","valueRequired":true,"valueName":"search_term_string"}}],"inLanguage":"ru-RU"},{"@type":"Organization","@id":"https:\/\/continent.lv\/#organization","name":"Continent.lv","url":"https:\/\/continent.lv\/","logo":{"@type":"ImageObject","inLanguage":"ru-RU","@id":"https:\/\/continent.lv\/#\/schema\/logo\/image\/","url":"https:\/\/continent.lv\/wp-content\/uploads\/2026\/05\/logo_continent_5nwv-jh.jpg","contentUrl":"https:\/\/continent.lv\/wp-content\/uploads\/2026\/05\/logo_continent_5nwv-jh.jpg","width":221,"height":50,"caption":"Continent.lv"},"image":{"@id":"https:\/\/continent.lv\/#\/schema\/logo\/image\/"}}]}},"_links":{"self":[{"href":"https:\/\/continent.lv\/ru\/wp-json\/wp\/v2\/product\/46300","targetHints":{"allow":["GET"]}}],"collection":[{"href":"https:\/\/continent.lv\/ru\/wp-json\/wp\/v2\/product"}],"about":[{"href":"https:\/\/continent.lv\/ru\/wp-json\/wp\/v2\/types\/product"}],"replies":[{"embeddable":true,"href":"https:\/\/continent.lv\/ru\/wp-json\/wp\/v2\/comments?post=46300"}],"wp:featuredmedia":[{"embeddable":true,"href":"https:\/\/continent.lv\/ru\/wp-json\/wp\/v2\/media\/46293"}],"wp:attachment":[{"href":"https:\/\/continent.lv\/ru\/wp-json\/wp\/v2\/media?parent=46300"}],"wp:term":[{"taxonomy":"product_brand","embeddable":true,"href":"https:\/\/continent.lv\/ru\/wp-json\/wp\/v2\/product_brand?post=46300"},{"taxonomy":"product_cat","embeddable":true,"href":"https:\/\/continent.lv\/ru\/wp-json\/wp\/v2\/product_cat?post=46300"},{"taxonomy":"product_tag","embeddable":true,"href":"https:\/\/continent.lv\/ru\/wp-json\/wp\/v2\/product_tag?post=46300"}],"curies":[{"name":"wp","href":"https:\/\/api.w.org\/{rel}","templated":true}]}}