{"id":46124,"date":"2026-05-01T08:30:32","date_gmt":"2026-05-01T08:30:32","guid":{"rendered":"https:\/\/continent.lv\/product\/atlantic-opro-slim-v-30l-2000w\/"},"modified":"2026-05-01T08:30:32","modified_gmt":"2026-05-01T08:30:32","slug":"atlantic-opro-slim-v-30l-2000w","status":"publish","type":"product","link":"https:\/\/continent.lv\/ru\/product\/atlantic-opro-slim-v-30l-2000w\/","title":{"rendered":"Atlantic O\u2019PRO SLIM V-30L 2000W"},"content":{"rendered":"<p>\u016adens sild\u012bt\u0101ja veids:\u00a0\u00a0\u00a0 Vertik\u0101ls \u00a0<\/p>\n<p>Tilpums:\u00a0\u00a0\u00a0 30 l \u00a0<br \/>Jauda:\u00a0\u00a0\u00a0 2000 W\u00a0 \u00a0<br \/>Uzsildes laiks:\u00a0\u00a0\u00a0 57 min.\u00a0 \u00a0<br \/>Iek\u0161\u0113j\u0101s tvertnes materi\u0101ls:\u00a0\u00a0\u00a0 T\u0113rauds \u00a0<br \/>Iek\u0161\u0113j\u0101s tvertnes p\u0101rkl\u0101jums:\u00a0\u00a0\u00a0 Emalja\u00a0 \u00a0<br \/>Magnija anods:\u00a0\u00a0\u00a0 Ir\u00a0 \u00a0<br \/>Kr\u0101sa:\u00a0\u00a0\u00a0 Balta \u00a0<br \/>Izm\u0113ri (AxPxDz):\u00a0\u00a0\u00a0 61,7 x 33,8 cm\u00a0 \u00a0<br \/>Svars:\u00a0\u00a0\u00a0 11,5 kg\u00a0 \u00a0<br \/>\u0423\u043f\u0440\u0430\u0432\u043b\u0435\u043d\u0438\u0435<br \/>Displejs:\u00a0\u00a0\u00a0 Nav\u00a0 \u00a0<br \/>Termometrs:\u00a0\u00a0\u00a0 Nav \u00a0<br \/>Gaismas indikators:\u00a0\u00a0\u00a0 Ir\u00a0 \u00a0<br \/>\u041f\u043e\u0442\u0440\u0435\u0431\u043b\u0435\u043d\u0438\u0435 \u044d\u043b\u0435\u043a\u0442\u0440\u043e\u044d\u043d\u0435\u0440\u0433\u0438\u0438<br \/>Ener\u0123ijas pat\u0113ri\u0146a klase\u00a0\u00a0\u00a0 C\u00a0 \u00a0<br \/>Gada energopat\u0113ri\u0146\u0161:\u00a0\u00a0\u00a0 573 kWh\u00a0\u00a0<\/p><\/p>","protected":false},"excerpt":{"rendered":"<p>\u016adens sild\u012bt\u0101ja veids:\u00a0\u00a0\u00a0 Vertik\u0101ls \u00a0 Tilpums:\u00a0\u00a0\u00a0 30 l \u00a0Jauda:\u00a0\u00a0\u00a0 2000 W\u00a0 \u00a0Uzsildes laiks:\u00a0\u00a0\u00a0 57 min.\u00a0 \u00a0Iek\u0161\u0113j\u0101s tvertnes materi\u0101ls:\u00a0\u00a0\u00a0 T\u0113rauds \u00a0Iek\u0161\u0113j\u0101s tvertnes p\u0101rkl\u0101jums:\u00a0\u00a0\u00a0 Emalja\u00a0 \u00a0Magnija anods:\u00a0\u00a0\u00a0 Ir\u00a0 \u00a0Kr\u0101sa:\u00a0\u00a0\u00a0 Balta \u00a0Izm\u0113ri (AxPxDz):\u00a0\u00a0\u00a0 61,7 x 33,8 cm\u00a0 \u00a0Svars:\u00a0\u00a0\u00a0 11,5 kg\u00a0 \u00a0Vad\u012bbaDisplejs:\u00a0\u00a0\u00a0 Nav\u00a0 \u00a0Termometrs:\u00a0\u00a0\u00a0 Nav \u00a0Gaismas indikators:\u00a0\u00a0\u00a0 Ir\u00a0 \u00a0Elektroener\u0123ijas pat\u0113ri\u0146\u0161Ener\u0123ijas pat\u0113ri\u0146a klase\u00a0\u00a0\u00a0 C\u00a0 \u00a0Gada energopat\u0113ri\u0146\u0161:\u00a0\u00a0\u00a0 573 kWh\u00a0\u00a0<\/p>","protected":false},"featured_media":46122,"comment_status":"open","ping_status":"closed","template":"","meta":{"_joinchat":[]},"product_brand":[],"product_cat":[392],"product_tag":[],"class_list":{"0":"post-46124","1":"product","2":"type-product","3":"status-publish","4":"has-post-thumbnail","6":"product_cat-siltumtehnika-udens-silditaji-boileri","8":"first","9":"instock","10":"shipping-taxable","11":"purchasable","12":"product-type-simple"},"yoast_head":"<!-- This site is optimized with the Yoast SEO plugin v27.5 - https:\/\/yoast.com\/product\/yoast-seo-wordpress\/ -->\n<title>Atlantic O&#039;PRO SLIM V-30L 2000W - Continent.lv<\/title>\n<meta name=\"robots\" content=\"index, follow, max-snippet:-1, max-image-preview:large, max-video-preview:-1\" \/>\n<link rel=\"canonical\" href=\"https:\/\/continent.lv\/ru\/product\/atlantic-opro-slim-v-30l-2000w\/\" \/>\n<meta property=\"og:locale\" content=\"ru_RU\" \/>\n<meta property=\"og:type\" content=\"article\" \/>\n<meta property=\"og:title\" content=\"Atlantic O&#039;PRO SLIM V-30L 2000W - Continent.lv\" \/>\n<meta property=\"og:description\" content=\"\u016adens sild\u012bt\u0101ja veids:\u00a0\u00a0\u00a0 Vertik\u0101ls \u00a0 Tilpums:\u00a0\u00a0\u00a0 30 l \u00a0Jauda:\u00a0\u00a0\u00a0 2000 W\u00a0 \u00a0Uzsildes laiks:\u00a0\u00a0\u00a0 57 min.\u00a0 \u00a0Iek\u0161\u0113j\u0101s tvertnes materi\u0101ls:\u00a0\u00a0\u00a0 T\u0113rauds \u00a0Iek\u0161\u0113j\u0101s tvertnes p\u0101rkl\u0101jums:\u00a0\u00a0\u00a0 Emalja\u00a0 \u00a0Magnija anods:\u00a0\u00a0\u00a0 Ir\u00a0 \u00a0Kr\u0101sa:\u00a0\u00a0\u00a0 Balta \u00a0Izm\u0113ri (AxPxDz):\u00a0\u00a0\u00a0 61,7 x 33,8 cm\u00a0 \u00a0Svars:\u00a0\u00a0\u00a0 11,5 kg\u00a0 \u00a0Vad\u012bbaDisplejs:\u00a0\u00a0\u00a0 Nav\u00a0 \u00a0Termometrs:\u00a0\u00a0\u00a0 Nav \u00a0Gaismas indikators:\u00a0\u00a0\u00a0 Ir\u00a0 \u00a0Elektroener\u0123ijas pat\u0113ri\u0146\u0161Ener\u0123ijas pat\u0113ri\u0146a klase\u00a0\u00a0\u00a0 C\u00a0 \u00a0Gada energopat\u0113ri\u0146\u0161:\u00a0\u00a0\u00a0 573 kWh\u00a0\u00a0\" \/>\n<meta property=\"og:url\" content=\"https:\/\/continent.lv\/ru\/product\/atlantic-opro-slim-v-30l-2000w\/\" \/>\n<meta property=\"og:site_name\" content=\"Continent.lv\" \/>\n<meta property=\"og:image\" content=\"https:\/\/continent.lv\/wp-content\/uploads\/2026\/05\/21_fknc-xs.jpeg\" \/>\n\t<meta property=\"og:image:width\" content=\"157\" \/>\n\t<meta property=\"og:image:height\" content=\"295\" \/>\n\t<meta property=\"og:image:type\" content=\"image\/jpeg\" \/>\n<meta name=\"twitter:card\" content=\"summary_large_image\" \/>\n<meta name=\"twitter:label1\" content=\"\u041f\u0440\u0438\u043c\u0435\u0440\u043d\u043e\u0435 \u0432\u0440\u0435\u043c\u044f \u0434\u043b\u044f \u0447\u0442\u0435\u043d\u0438\u044f\" \/>\n\t<meta name=\"twitter:data1\" content=\"1 \u043c\u0438\u043d\u0443\u0442\u0430\" \/>\n<script type=\"application\/ld+json\" class=\"yoast-schema-graph\">{\"@context\":\"https:\\\/\\\/schema.org\",\"@graph\":[{\"@type\":\"WebPage\",\"@id\":\"https:\\\/\\\/continent.lv\\\/product\\\/atlantic-opro-slim-v-30l-2000w\\\/\",\"url\":\"https:\\\/\\\/continent.lv\\\/product\\\/atlantic-opro-slim-v-30l-2000w\\\/\",\"name\":\"Atlantic O'PRO SLIM V-30L 2000W - Continent.lv\",\"isPartOf\":{\"@id\":\"https:\\\/\\\/continent.lv\\\/#website\"},\"primaryImageOfPage\":{\"@id\":\"https:\\\/\\\/continent.lv\\\/product\\\/atlantic-opro-slim-v-30l-2000w\\\/#primaryimage\"},\"image\":{\"@id\":\"https:\\\/\\\/continent.lv\\\/product\\\/atlantic-opro-slim-v-30l-2000w\\\/#primaryimage\"},\"thumbnailUrl\":\"https:\\\/\\\/continent.lv\\\/wp-content\\\/uploads\\\/2026\\\/05\\\/21_fknc-xs.jpeg\",\"datePublished\":\"2026-05-01T08:30:32+00:00\",\"breadcrumb\":{\"@id\":\"https:\\\/\\\/continent.lv\\\/product\\\/atlantic-opro-slim-v-30l-2000w\\\/#breadcrumb\"},\"inLanguage\":\"ru-RU\",\"potentialAction\":[{\"@type\":\"ReadAction\",\"target\":[\"https:\\\/\\\/continent.lv\\\/product\\\/atlantic-opro-slim-v-30l-2000w\\\/\"]}]},{\"@type\":\"ImageObject\",\"inLanguage\":\"ru-RU\",\"@id\":\"https:\\\/\\\/continent.lv\\\/product\\\/atlantic-opro-slim-v-30l-2000w\\\/#primaryimage\",\"url\":\"https:\\\/\\\/continent.lv\\\/wp-content\\\/uploads\\\/2026\\\/05\\\/21_fknc-xs.jpeg\",\"contentUrl\":\"https:\\\/\\\/continent.lv\\\/wp-content\\\/uploads\\\/2026\\\/05\\\/21_fknc-xs.jpeg\",\"width\":157,\"height\":295},{\"@type\":\"BreadcrumbList\",\"@id\":\"https:\\\/\\\/continent.lv\\\/product\\\/atlantic-opro-slim-v-30l-2000w\\\/#breadcrumb\",\"itemListElement\":[{\"@type\":\"ListItem\",\"position\":1,\"name\":\"Home\",\"item\":\"https:\\\/\\\/continent.lv\\\/\"},{\"@type\":\"ListItem\",\"position\":2,\"name\":\"Veikals\",\"item\":\"https:\\\/\\\/continent.lv\\\/shop\\\/\"},{\"@type\":\"ListItem\",\"position\":3,\"name\":\"Atlantic O&#8217;PRO SLIM V-30L 2000W\"}]},{\"@type\":\"WebSite\",\"@id\":\"https:\\\/\\\/continent.lv\\\/#website\",\"url\":\"https:\\\/\\\/continent.lv\\\/\",\"name\":\"Continent.lv\",\"description\":\"Sadz\u012bves pre\u010du internetveikals\",\"publisher\":{\"@id\":\"https:\\\/\\\/continent.lv\\\/#organization\"},\"potentialAction\":[{\"@type\":\"SearchAction\",\"target\":{\"@type\":\"EntryPoint\",\"urlTemplate\":\"https:\\\/\\\/continent.lv\\\/?s={search_term_string}\"},\"query-input\":{\"@type\":\"PropertyValueSpecification\",\"valueRequired\":true,\"valueName\":\"search_term_string\"}}],\"inLanguage\":\"ru-RU\"},{\"@type\":\"Organization\",\"@id\":\"https:\\\/\\\/continent.lv\\\/#organization\",\"name\":\"Continent.lv\",\"url\":\"https:\\\/\\\/continent.lv\\\/\",\"logo\":{\"@type\":\"ImageObject\",\"inLanguage\":\"ru-RU\",\"@id\":\"https:\\\/\\\/continent.lv\\\/#\\\/schema\\\/logo\\\/image\\\/\",\"url\":\"https:\\\/\\\/continent.lv\\\/wp-content\\\/uploads\\\/2026\\\/05\\\/logo_continent_5nwv-jh.jpg\",\"contentUrl\":\"https:\\\/\\\/continent.lv\\\/wp-content\\\/uploads\\\/2026\\\/05\\\/logo_continent_5nwv-jh.jpg\",\"width\":221,\"height\":50,\"caption\":\"Continent.lv\"},\"image\":{\"@id\":\"https:\\\/\\\/continent.lv\\\/#\\\/schema\\\/logo\\\/image\\\/\"}}]}<\/script>\n<!-- \/ Yoast SEO plugin. -->","yoast_head_json":{"title":"Atlantic O'PRO SLIM V-30L 2000W - Continent.lv","robots":{"index":"index","follow":"follow","max-snippet":"max-snippet:-1","max-image-preview":"max-image-preview:large","max-video-preview":"max-video-preview:-1"},"canonical":"https:\/\/continent.lv\/ru\/product\/atlantic-opro-slim-v-30l-2000w\/","og_locale":"ru_RU","og_type":"article","og_title":"Atlantic O'PRO SLIM V-30L 2000W - Continent.lv","og_description":"\u016adens sild\u012bt\u0101ja veids:\u00a0\u00a0\u00a0 Vertik\u0101ls \u00a0 Tilpums:\u00a0\u00a0\u00a0 30 l \u00a0Jauda:\u00a0\u00a0\u00a0 2000 W\u00a0 \u00a0Uzsildes laiks:\u00a0\u00a0\u00a0 57 min.\u00a0 \u00a0Iek\u0161\u0113j\u0101s tvertnes materi\u0101ls:\u00a0\u00a0\u00a0 T\u0113rauds \u00a0Iek\u0161\u0113j\u0101s tvertnes p\u0101rkl\u0101jums:\u00a0\u00a0\u00a0 Emalja\u00a0 \u00a0Magnija anods:\u00a0\u00a0\u00a0 Ir\u00a0 \u00a0Kr\u0101sa:\u00a0\u00a0\u00a0 Balta \u00a0Izm\u0113ri (AxPxDz):\u00a0\u00a0\u00a0 61,7 x 33,8 cm\u00a0 \u00a0Svars:\u00a0\u00a0\u00a0 11,5 kg\u00a0 \u00a0Vad\u012bbaDisplejs:\u00a0\u00a0\u00a0 Nav\u00a0 \u00a0Termometrs:\u00a0\u00a0\u00a0 Nav \u00a0Gaismas indikators:\u00a0\u00a0\u00a0 Ir\u00a0 \u00a0Elektroener\u0123ijas pat\u0113ri\u0146\u0161Ener\u0123ijas pat\u0113ri\u0146a klase\u00a0\u00a0\u00a0 C\u00a0 \u00a0Gada energopat\u0113ri\u0146\u0161:\u00a0\u00a0\u00a0 573 kWh\u00a0\u00a0","og_url":"https:\/\/continent.lv\/ru\/product\/atlantic-opro-slim-v-30l-2000w\/","og_site_name":"Continent.lv","og_image":[{"width":157,"height":295,"url":"https:\/\/continent.lv\/wp-content\/uploads\/2026\/05\/21_fknc-xs.jpeg","type":"image\/jpeg"}],"twitter_card":"summary_large_image","twitter_misc":{"\u041f\u0440\u0438\u043c\u0435\u0440\u043d\u043e\u0435 \u0432\u0440\u0435\u043c\u044f \u0434\u043b\u044f \u0447\u0442\u0435\u043d\u0438\u044f":"1 \u043c\u0438\u043d\u0443\u0442\u0430"},"schema":{"@context":"https:\/\/schema.org","@graph":[{"@type":"WebPage","@id":"https:\/\/continent.lv\/product\/atlantic-opro-slim-v-30l-2000w\/","url":"https:\/\/continent.lv\/product\/atlantic-opro-slim-v-30l-2000w\/","name":"Atlantic O'PRO SLIM V-30L 2000W - Continent.lv","isPartOf":{"@id":"https:\/\/continent.lv\/#website"},"primaryImageOfPage":{"@id":"https:\/\/continent.lv\/product\/atlantic-opro-slim-v-30l-2000w\/#primaryimage"},"image":{"@id":"https:\/\/continent.lv\/product\/atlantic-opro-slim-v-30l-2000w\/#primaryimage"},"thumbnailUrl":"https:\/\/continent.lv\/wp-content\/uploads\/2026\/05\/21_fknc-xs.jpeg","datePublished":"2026-05-01T08:30:32+00:00","breadcrumb":{"@id":"https:\/\/continent.lv\/product\/atlantic-opro-slim-v-30l-2000w\/#breadcrumb"},"inLanguage":"ru-RU","potentialAction":[{"@type":"ReadAction","target":["https:\/\/continent.lv\/product\/atlantic-opro-slim-v-30l-2000w\/"]}]},{"@type":"ImageObject","inLanguage":"ru-RU","@id":"https:\/\/continent.lv\/product\/atlantic-opro-slim-v-30l-2000w\/#primaryimage","url":"https:\/\/continent.lv\/wp-content\/uploads\/2026\/05\/21_fknc-xs.jpeg","contentUrl":"https:\/\/continent.lv\/wp-content\/uploads\/2026\/05\/21_fknc-xs.jpeg","width":157,"height":295},{"@type":"BreadcrumbList","@id":"https:\/\/continent.lv\/product\/atlantic-opro-slim-v-30l-2000w\/#breadcrumb","itemListElement":[{"@type":"ListItem","position":1,"name":"Home","item":"https:\/\/continent.lv\/"},{"@type":"ListItem","position":2,"name":"Veikals","item":"https:\/\/continent.lv\/shop\/"},{"@type":"ListItem","position":3,"name":"Atlantic O&#8217;PRO SLIM V-30L 2000W"}]},{"@type":"WebSite","@id":"https:\/\/continent.lv\/#website","url":"https:\/\/continent.lv\/","name":"Continent.lv","description":"Sadz\u012bves pre\u010du internetveikals","publisher":{"@id":"https:\/\/continent.lv\/#organization"},"potentialAction":[{"@type":"SearchAction","target":{"@type":"EntryPoint","urlTemplate":"https:\/\/continent.lv\/?s={search_term_string}"},"query-input":{"@type":"PropertyValueSpecification","valueRequired":true,"valueName":"search_term_string"}}],"inLanguage":"ru-RU"},{"@type":"Organization","@id":"https:\/\/continent.lv\/#organization","name":"Continent.lv","url":"https:\/\/continent.lv\/","logo":{"@type":"ImageObject","inLanguage":"ru-RU","@id":"https:\/\/continent.lv\/#\/schema\/logo\/image\/","url":"https:\/\/continent.lv\/wp-content\/uploads\/2026\/05\/logo_continent_5nwv-jh.jpg","contentUrl":"https:\/\/continent.lv\/wp-content\/uploads\/2026\/05\/logo_continent_5nwv-jh.jpg","width":221,"height":50,"caption":"Continent.lv"},"image":{"@id":"https:\/\/continent.lv\/#\/schema\/logo\/image\/"}}]}},"_links":{"self":[{"href":"https:\/\/continent.lv\/ru\/wp-json\/wp\/v2\/product\/46124","targetHints":{"allow":["GET"]}}],"collection":[{"href":"https:\/\/continent.lv\/ru\/wp-json\/wp\/v2\/product"}],"about":[{"href":"https:\/\/continent.lv\/ru\/wp-json\/wp\/v2\/types\/product"}],"replies":[{"embeddable":true,"href":"https:\/\/continent.lv\/ru\/wp-json\/wp\/v2\/comments?post=46124"}],"wp:featuredmedia":[{"embeddable":true,"href":"https:\/\/continent.lv\/ru\/wp-json\/wp\/v2\/media\/46122"}],"wp:attachment":[{"href":"https:\/\/continent.lv\/ru\/wp-json\/wp\/v2\/media?parent=46124"}],"wp:term":[{"taxonomy":"product_brand","embeddable":true,"href":"https:\/\/continent.lv\/ru\/wp-json\/wp\/v2\/product_brand?post=46124"},{"taxonomy":"product_cat","embeddable":true,"href":"https:\/\/continent.lv\/ru\/wp-json\/wp\/v2\/product_cat?post=46124"},{"taxonomy":"product_tag","embeddable":true,"href":"https:\/\/continent.lv\/ru\/wp-json\/wp\/v2\/product_tag?post=46124"}],"curies":[{"name":"wp","href":"https:\/\/api.w.org\/{rel}","templated":true}]}}