{"id":46077,"date":"2026-05-01T08:29:14","date_gmt":"2026-05-01T08:29:14","guid":{"rendered":"https:\/\/continent.lv\/product\/electrolux-eacm-09-hr-n6\/"},"modified":"2026-05-01T08:29:14","modified_gmt":"2026-05-01T08:29:14","slug":"electrolux-eacm-09-hr-n6","status":"publish","type":"product","link":"https:\/\/continent.lv\/ru\/product\/electrolux-eacm-09-hr-n6\/","title":{"rendered":"Electrolux EACM-09 HR\/N6"},"content":{"rendered":"<p>Pre\u010du z\u012bme\u00a0\u00a0\u00a0\u00a0 Electrolux<\/p>\n<p>Mode\u013ca identifikators\u00a0\u00a0\u00a0\u00a0 EACM-09 HR\/N6<br \/>S\u0113rija\u00a0\u00a0\u00a0\u00a0 Air Line<br \/>Ier\u012bces tips\u00a0\u00a0\u00a0\u00a0 Lok\u0101lais gaisa dzes\u0113t\u0101js<br \/>Telpas plat\u012bba, m2\u00a0\u00a0\u00a0\u00a0 25<br \/>Dzes\u0113\u0161ana\u00a0\u00a0\u00a0\u00a0 +<br \/>Apsilde\u00a0\u00a0\u00a0\u00a0 +<br \/>Sausin\u0101\u0161ana\u00a0\u00a0\u00a0\u00a0 +<br \/>Ventil\u0101cija\u00a0\u00a0\u00a0\u00a0 +<br \/>EER energoefektivit\u0101tes koeficients dzes\u0113\u0161anai\u00a0\u00a0\u00a0\u00a0 2.6 (A)<br \/>COP energoefektivit\u0101tes koeficients apsildei\u00a0\u00a0\u00a0\u00a0 2.9 (A)<br \/>Dzes\u0113\u0161anas jauda, kW\u00a0\u00a0\u00a0\u00a0 2.6<br \/>Sild\u012b\u0161anas jauda, kW\u00a0\u00a0\u00a0\u00a0 2.3<br \/>Pat\u0113r\u0113jam\u0101 jauda (dzes\u0113\u0161ana), kW\u00a0\u00a0\u00a0\u00a0 1000<br \/>Pat\u0113r\u0113jam\u0101 jauda (apsilde), kW\u00a0\u00a0\u00a0\u00a0 790<br \/>Str\u0101vas spriegums, V\/Hz\u00a0\u00a0\u00a0\u00a0 220 \u2013 240 \/ 50<br \/>Darba str\u0101va, A\u00a0\u00a0\u00a0\u00a0 (Dzes\u0113\u0161anas \/ Sild\u012b\u0161ana) \u2013 4.4 \/ 3.5<br \/>Trok\u0161\u0146a l\u012bmenis, dB(A)\u00a0\u00a0\u00a0\u00a0 65<br \/>Gaisa pl\u016bsma, m3\/h\u00a0\u00a0\u00a0\u00a0 480 \u2013 600<br \/>Mitruma sav\u0101k\u0161anas ra\u017e\u012bba, L\/24h\u00a0\u00a0\u00a0\u00a0 22 (ar nosac\u012bjumu, ka telpas temperat\u016bra 30\u00b0C, mitrums 80%)<br \/>Aukstuma\u0123ents\u00a0\u00a0\u00a0\u00a0 R290<br \/>Vad\u012bba\u00a0\u00a0\u00a0\u00a0 Elektronisk\u0101<br \/>Displejs\u00a0\u00a0\u00a0\u00a0 LED<br \/>T\u0101lvad\u012bbas pults\u00a0\u00a0\u00a0\u00a0 +<br \/>Termostats\u00a0\u00a0\u00a0\u00a0 +<br \/>Ventilatora \u0101trumu skaits\u00a0\u00a0\u00a0\u00a0 3 + AUTO<br \/>Autom\u0101tiskais re\u017e\u012bms\u00a0\u00a0\u00a0\u00a0 +<br \/>Taimeris\u00a0\u00a0\u00a0\u00a0 24 stundu taimeris ON\/OFF<br \/>Gaisa joniz\u0113\u0161ana\u00a0\u00a0\u00a0\u00a0 \u2013<br \/>Gaisa filtr\u0101cija\u00a0\u00a0\u00a0\u00a0 Mazg\u0101jams rupjas att\u012br\u012b\u0161anas filtrs<br \/>Autom\u0101tiska kondens\u0101ta iztvaiko\u0161ana\u00a0\u00a0\u00a0\u00a0 +<br \/>Izm\u0113ri, P x A x D mm\u00a0\u00a0\u00a0\u00a0 476 x 710 x 380<br \/>Apar\u0101ta svars, kg\u00a0\u00a0\u00a0\u00a0 33.5<\/p><\/p>","protected":false},"excerpt":{"rendered":"<p>Pre\u010du z\u012bme\u00a0\u00a0\u00a0\u00a0 Electrolux Mode\u013ca identifikators\u00a0\u00a0\u00a0\u00a0 EACM-09 HR\/N6S\u0113rija\u00a0\u00a0\u00a0\u00a0 Air LineIer\u012bces tips\u00a0\u00a0\u00a0\u00a0 Lok\u0101lais gaisa dzes\u0113t\u0101jsTelpas plat\u012bba, m2\u00a0\u00a0\u00a0\u00a0 25Dzes\u0113\u0161ana\u00a0\u00a0\u00a0\u00a0 +Apsilde\u00a0\u00a0\u00a0\u00a0 +Sausin\u0101\u0161ana\u00a0\u00a0\u00a0\u00a0 +Ventil\u0101cija\u00a0\u00a0\u00a0\u00a0 +EER energoefektivit\u0101tes koeficients dzes\u0113\u0161anai\u00a0\u00a0\u00a0\u00a0 2.6 (A)COP energoefektivit\u0101tes koeficients apsildei\u00a0\u00a0\u00a0\u00a0 2.9 (A)Dzes\u0113\u0161anas jauda, kW\u00a0\u00a0\u00a0\u00a0 2.6Sild\u012b\u0161anas jauda, kW\u00a0\u00a0\u00a0\u00a0 2.3Pat\u0113r\u0113jam\u0101 jauda (dzes\u0113\u0161ana), kW\u00a0\u00a0\u00a0\u00a0 1000Pat\u0113r\u0113jam\u0101 jauda (apsilde), kW\u00a0\u00a0\u00a0\u00a0 790Str\u0101vas spriegums, V\/Hz\u00a0\u00a0\u00a0\u00a0 220 \u2013 240 \/ 50Darba str\u0101va, A\u00a0\u00a0\u00a0\u00a0 (Dzes\u0113\u0161anas \/ [&hellip;]<\/p>\n","protected":false},"featured_media":46073,"comment_status":"open","ping_status":"closed","template":"","meta":{"_joinchat":[]},"product_brand":[265],"product_cat":[316],"product_tag":[],"class_list":{"0":"post-46077","1":"product","2":"type-product","3":"status-publish","4":"has-post-thumbnail","6":"product_brand-electrolux","7":"product_cat-siltumtehnika-kondicionieri","9":"first","10":"instock","11":"shipping-taxable","12":"purchasable","13":"product-type-simple"},"yoast_head":"<!-- This site is optimized with the Yoast SEO plugin v27.5 - https:\/\/yoast.com\/product\/yoast-seo-wordpress\/ -->\n<title>Electrolux EACM-09 HR\/N6 - Continent.lv<\/title>\n<meta name=\"robots\" content=\"index, follow, max-snippet:-1, max-image-preview:large, max-video-preview:-1\" \/>\n<link rel=\"canonical\" href=\"https:\/\/continent.lv\/ru\/product\/electrolux-eacm-09-hr-n6\/\" \/>\n<meta property=\"og:locale\" content=\"ru_RU\" \/>\n<meta property=\"og:type\" content=\"article\" \/>\n<meta property=\"og:title\" content=\"Electrolux EACM-09 HR\/N6 - Continent.lv\" \/>\n<meta property=\"og:description\" content=\"Pre\u010du z\u012bme\u00a0\u00a0\u00a0\u00a0 Electrolux Mode\u013ca identifikators\u00a0\u00a0\u00a0\u00a0 EACM-09 HR\/N6S\u0113rija\u00a0\u00a0\u00a0\u00a0 Air LineIer\u012bces tips\u00a0\u00a0\u00a0\u00a0 Lok\u0101lais gaisa dzes\u0113t\u0101jsTelpas plat\u012bba, m2\u00a0\u00a0\u00a0\u00a0 25Dzes\u0113\u0161ana\u00a0\u00a0\u00a0\u00a0 +Apsilde\u00a0\u00a0\u00a0\u00a0 +Sausin\u0101\u0161ana\u00a0\u00a0\u00a0\u00a0 +Ventil\u0101cija\u00a0\u00a0\u00a0\u00a0 +EER energoefektivit\u0101tes koeficients dzes\u0113\u0161anai\u00a0\u00a0\u00a0\u00a0 2.6 (A)COP energoefektivit\u0101tes koeficients apsildei\u00a0\u00a0\u00a0\u00a0 2.9 (A)Dzes\u0113\u0161anas jauda, kW\u00a0\u00a0\u00a0\u00a0 2.6Sild\u012b\u0161anas jauda, kW\u00a0\u00a0\u00a0\u00a0 2.3Pat\u0113r\u0113jam\u0101 jauda (dzes\u0113\u0161ana), kW\u00a0\u00a0\u00a0\u00a0 1000Pat\u0113r\u0113jam\u0101 jauda (apsilde), kW\u00a0\u00a0\u00a0\u00a0 790Str\u0101vas spriegums, V\/Hz\u00a0\u00a0\u00a0\u00a0 220 \u2013 240 \/ 50Darba str\u0101va, A\u00a0\u00a0\u00a0\u00a0 (Dzes\u0113\u0161anas \/ [&hellip;]\" \/>\n<meta property=\"og:url\" content=\"https:\/\/continent.lv\/ru\/product\/electrolux-eacm-09-hr-n6\/\" \/>\n<meta property=\"og:site_name\" content=\"Continent.lv\" \/>\n<meta property=\"og:image\" content=\"https:\/\/continent.lv\/wp-content\/uploads\/2026\/05\/21_gpoo-y3.jpeg\" \/>\n\t<meta property=\"og:image:width\" content=\"640\" \/>\n\t<meta property=\"og:image:height\" content=\"892\" \/>\n\t<meta property=\"og:image:type\" content=\"image\/jpeg\" \/>\n<meta name=\"twitter:card\" content=\"summary_large_image\" \/>\n<meta name=\"twitter:label1\" content=\"\u041f\u0440\u0438\u043c\u0435\u0440\u043d\u043e\u0435 \u0432\u0440\u0435\u043c\u044f \u0434\u043b\u044f \u0447\u0442\u0435\u043d\u0438\u044f\" \/>\n\t<meta name=\"twitter:data1\" content=\"1 \u043c\u0438\u043d\u0443\u0442\u0430\" \/>\n<script type=\"application\/ld+json\" class=\"yoast-schema-graph\">{\"@context\":\"https:\\\/\\\/schema.org\",\"@graph\":[{\"@type\":\"WebPage\",\"@id\":\"https:\\\/\\\/continent.lv\\\/product\\\/electrolux-eacm-09-hr-n6\\\/\",\"url\":\"https:\\\/\\\/continent.lv\\\/product\\\/electrolux-eacm-09-hr-n6\\\/\",\"name\":\"Electrolux EACM-09 HR\\\/N6 - Continent.lv\",\"isPartOf\":{\"@id\":\"https:\\\/\\\/continent.lv\\\/#website\"},\"primaryImageOfPage\":{\"@id\":\"https:\\\/\\\/continent.lv\\\/product\\\/electrolux-eacm-09-hr-n6\\\/#primaryimage\"},\"image\":{\"@id\":\"https:\\\/\\\/continent.lv\\\/product\\\/electrolux-eacm-09-hr-n6\\\/#primaryimage\"},\"thumbnailUrl\":\"https:\\\/\\\/continent.lv\\\/wp-content\\\/uploads\\\/2026\\\/05\\\/21_gpoo-y3.jpeg\",\"datePublished\":\"2026-05-01T08:29:14+00:00\",\"breadcrumb\":{\"@id\":\"https:\\\/\\\/continent.lv\\\/product\\\/electrolux-eacm-09-hr-n6\\\/#breadcrumb\"},\"inLanguage\":\"ru-RU\",\"potentialAction\":[{\"@type\":\"ReadAction\",\"target\":[\"https:\\\/\\\/continent.lv\\\/product\\\/electrolux-eacm-09-hr-n6\\\/\"]}]},{\"@type\":\"ImageObject\",\"inLanguage\":\"ru-RU\",\"@id\":\"https:\\\/\\\/continent.lv\\\/product\\\/electrolux-eacm-09-hr-n6\\\/#primaryimage\",\"url\":\"https:\\\/\\\/continent.lv\\\/wp-content\\\/uploads\\\/2026\\\/05\\\/21_gpoo-y3.jpeg\",\"contentUrl\":\"https:\\\/\\\/continent.lv\\\/wp-content\\\/uploads\\\/2026\\\/05\\\/21_gpoo-y3.jpeg\",\"width\":640,\"height\":892},{\"@type\":\"BreadcrumbList\",\"@id\":\"https:\\\/\\\/continent.lv\\\/product\\\/electrolux-eacm-09-hr-n6\\\/#breadcrumb\",\"itemListElement\":[{\"@type\":\"ListItem\",\"position\":1,\"name\":\"Home\",\"item\":\"https:\\\/\\\/continent.lv\\\/\"},{\"@type\":\"ListItem\",\"position\":2,\"name\":\"Veikals\",\"item\":\"https:\\\/\\\/continent.lv\\\/shop\\\/\"},{\"@type\":\"ListItem\",\"position\":3,\"name\":\"Electrolux EACM-09 HR\\\/N6\"}]},{\"@type\":\"WebSite\",\"@id\":\"https:\\\/\\\/continent.lv\\\/#website\",\"url\":\"https:\\\/\\\/continent.lv\\\/\",\"name\":\"Continent.lv\",\"description\":\"Sadz\u012bves pre\u010du internetveikals\",\"publisher\":{\"@id\":\"https:\\\/\\\/continent.lv\\\/#organization\"},\"potentialAction\":[{\"@type\":\"SearchAction\",\"target\":{\"@type\":\"EntryPoint\",\"urlTemplate\":\"https:\\\/\\\/continent.lv\\\/?s={search_term_string}\"},\"query-input\":{\"@type\":\"PropertyValueSpecification\",\"valueRequired\":true,\"valueName\":\"search_term_string\"}}],\"inLanguage\":\"ru-RU\"},{\"@type\":\"Organization\",\"@id\":\"https:\\\/\\\/continent.lv\\\/#organization\",\"name\":\"Continent.lv\",\"url\":\"https:\\\/\\\/continent.lv\\\/\",\"logo\":{\"@type\":\"ImageObject\",\"inLanguage\":\"ru-RU\",\"@id\":\"https:\\\/\\\/continent.lv\\\/#\\\/schema\\\/logo\\\/image\\\/\",\"url\":\"https:\\\/\\\/continent.lv\\\/wp-content\\\/uploads\\\/2026\\\/05\\\/logo_continent_5nwv-jh.jpg\",\"contentUrl\":\"https:\\\/\\\/continent.lv\\\/wp-content\\\/uploads\\\/2026\\\/05\\\/logo_continent_5nwv-jh.jpg\",\"width\":221,\"height\":50,\"caption\":\"Continent.lv\"},\"image\":{\"@id\":\"https:\\\/\\\/continent.lv\\\/#\\\/schema\\\/logo\\\/image\\\/\"}}]}<\/script>\n<!-- \/ Yoast SEO plugin. -->","yoast_head_json":{"title":"Electrolux EACM-09 HR\/N6 - Continent.lv","robots":{"index":"index","follow":"follow","max-snippet":"max-snippet:-1","max-image-preview":"max-image-preview:large","max-video-preview":"max-video-preview:-1"},"canonical":"https:\/\/continent.lv\/ru\/product\/electrolux-eacm-09-hr-n6\/","og_locale":"ru_RU","og_type":"article","og_title":"Electrolux EACM-09 HR\/N6 - Continent.lv","og_description":"Pre\u010du z\u012bme\u00a0\u00a0\u00a0\u00a0 Electrolux Mode\u013ca identifikators\u00a0\u00a0\u00a0\u00a0 EACM-09 HR\/N6S\u0113rija\u00a0\u00a0\u00a0\u00a0 Air LineIer\u012bces tips\u00a0\u00a0\u00a0\u00a0 Lok\u0101lais gaisa dzes\u0113t\u0101jsTelpas plat\u012bba, m2\u00a0\u00a0\u00a0\u00a0 25Dzes\u0113\u0161ana\u00a0\u00a0\u00a0\u00a0 +Apsilde\u00a0\u00a0\u00a0\u00a0 +Sausin\u0101\u0161ana\u00a0\u00a0\u00a0\u00a0 +Ventil\u0101cija\u00a0\u00a0\u00a0\u00a0 +EER energoefektivit\u0101tes koeficients dzes\u0113\u0161anai\u00a0\u00a0\u00a0\u00a0 2.6 (A)COP energoefektivit\u0101tes koeficients apsildei\u00a0\u00a0\u00a0\u00a0 2.9 (A)Dzes\u0113\u0161anas jauda, kW\u00a0\u00a0\u00a0\u00a0 2.6Sild\u012b\u0161anas jauda, kW\u00a0\u00a0\u00a0\u00a0 2.3Pat\u0113r\u0113jam\u0101 jauda (dzes\u0113\u0161ana), kW\u00a0\u00a0\u00a0\u00a0 1000Pat\u0113r\u0113jam\u0101 jauda (apsilde), kW\u00a0\u00a0\u00a0\u00a0 790Str\u0101vas spriegums, V\/Hz\u00a0\u00a0\u00a0\u00a0 220 \u2013 240 \/ 50Darba str\u0101va, A\u00a0\u00a0\u00a0\u00a0 (Dzes\u0113\u0161anas \/ [&hellip;]","og_url":"https:\/\/continent.lv\/ru\/product\/electrolux-eacm-09-hr-n6\/","og_site_name":"Continent.lv","og_image":[{"width":640,"height":892,"url":"https:\/\/continent.lv\/wp-content\/uploads\/2026\/05\/21_gpoo-y3.jpeg","type":"image\/jpeg"}],"twitter_card":"summary_large_image","twitter_misc":{"\u041f\u0440\u0438\u043c\u0435\u0440\u043d\u043e\u0435 \u0432\u0440\u0435\u043c\u044f \u0434\u043b\u044f \u0447\u0442\u0435\u043d\u0438\u044f":"1 \u043c\u0438\u043d\u0443\u0442\u0430"},"schema":{"@context":"https:\/\/schema.org","@graph":[{"@type":"WebPage","@id":"https:\/\/continent.lv\/product\/electrolux-eacm-09-hr-n6\/","url":"https:\/\/continent.lv\/product\/electrolux-eacm-09-hr-n6\/","name":"Electrolux EACM-09 HR\/N6 - Continent.lv","isPartOf":{"@id":"https:\/\/continent.lv\/#website"},"primaryImageOfPage":{"@id":"https:\/\/continent.lv\/product\/electrolux-eacm-09-hr-n6\/#primaryimage"},"image":{"@id":"https:\/\/continent.lv\/product\/electrolux-eacm-09-hr-n6\/#primaryimage"},"thumbnailUrl":"https:\/\/continent.lv\/wp-content\/uploads\/2026\/05\/21_gpoo-y3.jpeg","datePublished":"2026-05-01T08:29:14+00:00","breadcrumb":{"@id":"https:\/\/continent.lv\/product\/electrolux-eacm-09-hr-n6\/#breadcrumb"},"inLanguage":"ru-RU","potentialAction":[{"@type":"ReadAction","target":["https:\/\/continent.lv\/product\/electrolux-eacm-09-hr-n6\/"]}]},{"@type":"ImageObject","inLanguage":"ru-RU","@id":"https:\/\/continent.lv\/product\/electrolux-eacm-09-hr-n6\/#primaryimage","url":"https:\/\/continent.lv\/wp-content\/uploads\/2026\/05\/21_gpoo-y3.jpeg","contentUrl":"https:\/\/continent.lv\/wp-content\/uploads\/2026\/05\/21_gpoo-y3.jpeg","width":640,"height":892},{"@type":"BreadcrumbList","@id":"https:\/\/continent.lv\/product\/electrolux-eacm-09-hr-n6\/#breadcrumb","itemListElement":[{"@type":"ListItem","position":1,"name":"Home","item":"https:\/\/continent.lv\/"},{"@type":"ListItem","position":2,"name":"Veikals","item":"https:\/\/continent.lv\/shop\/"},{"@type":"ListItem","position":3,"name":"Electrolux EACM-09 HR\/N6"}]},{"@type":"WebSite","@id":"https:\/\/continent.lv\/#website","url":"https:\/\/continent.lv\/","name":"Continent.lv","description":"Sadz\u012bves pre\u010du internetveikals","publisher":{"@id":"https:\/\/continent.lv\/#organization"},"potentialAction":[{"@type":"SearchAction","target":{"@type":"EntryPoint","urlTemplate":"https:\/\/continent.lv\/?s={search_term_string}"},"query-input":{"@type":"PropertyValueSpecification","valueRequired":true,"valueName":"search_term_string"}}],"inLanguage":"ru-RU"},{"@type":"Organization","@id":"https:\/\/continent.lv\/#organization","name":"Continent.lv","url":"https:\/\/continent.lv\/","logo":{"@type":"ImageObject","inLanguage":"ru-RU","@id":"https:\/\/continent.lv\/#\/schema\/logo\/image\/","url":"https:\/\/continent.lv\/wp-content\/uploads\/2026\/05\/logo_continent_5nwv-jh.jpg","contentUrl":"https:\/\/continent.lv\/wp-content\/uploads\/2026\/05\/logo_continent_5nwv-jh.jpg","width":221,"height":50,"caption":"Continent.lv"},"image":{"@id":"https:\/\/continent.lv\/#\/schema\/logo\/image\/"}}]}},"_links":{"self":[{"href":"https:\/\/continent.lv\/ru\/wp-json\/wp\/v2\/product\/46077","targetHints":{"allow":["GET"]}}],"collection":[{"href":"https:\/\/continent.lv\/ru\/wp-json\/wp\/v2\/product"}],"about":[{"href":"https:\/\/continent.lv\/ru\/wp-json\/wp\/v2\/types\/product"}],"replies":[{"embeddable":true,"href":"https:\/\/continent.lv\/ru\/wp-json\/wp\/v2\/comments?post=46077"}],"wp:featuredmedia":[{"embeddable":true,"href":"https:\/\/continent.lv\/ru\/wp-json\/wp\/v2\/media\/46073"}],"wp:attachment":[{"href":"https:\/\/continent.lv\/ru\/wp-json\/wp\/v2\/media?parent=46077"}],"wp:term":[{"taxonomy":"product_brand","embeddable":true,"href":"https:\/\/continent.lv\/ru\/wp-json\/wp\/v2\/product_brand?post=46077"},{"taxonomy":"product_cat","embeddable":true,"href":"https:\/\/continent.lv\/ru\/wp-json\/wp\/v2\/product_cat?post=46077"},{"taxonomy":"product_tag","embeddable":true,"href":"https:\/\/continent.lv\/ru\/wp-json\/wp\/v2\/product_tag?post=46077"}],"curies":[{"name":"wp","href":"https:\/\/api.w.org\/{rel}","templated":true}]}}