{"id":46072,"date":"2026-05-01T08:29:04","date_gmt":"2026-05-01T08:29:04","guid":{"rendered":"https:\/\/continent.lv\/product\/philips-lattego-ep3241-50\/"},"modified":"2026-05-01T08:29:04","modified_gmt":"2026-05-01T08:29:04","slug":"philips-lattego-ep3241-50","status":"publish","type":"product","link":"https:\/\/continent.lv\/ru\/product\/philips-lattego-ep3241-50\/","title":{"rendered":"Philips LatteGo EP3241\/50"},"content":{"rendered":"<p>Produkta veids\u00a0 \u00a0 \u00a0Autom\u0101tiskie kafijas autom\u0101ti<\/p>\n<p>Z\u012bmols\u00a0 \u00a0 \u00a0Philips<br \/>Modelis\u00a0 \u00a0 \u00a0LatteGo EP3241\/50<br \/>Kafijas autom\u0101ta veids\u00a0 \u00a0 \u00a0Autom\u0101tisks<br \/>Piena sist\u0113mas tips\u00a0 \u00a0 \u00a0Integr\u0113ta piena tvertne<br \/>Jauda\u00a0 \u00a0 1500 W<br \/>Maksim\u0101lais darba spiediens\u00a0 \u00a0 15 Bar<br \/>Korpusa materi\u0101ls\u00a0 \u00a0 \u00a0Plastmasa<br \/>Izcelsmes valsts\u00a0 \u00a0 \u00a0Rum\u0101nija<br \/>\u016adens filtrs\u00a0 \u00a0 J\u0101<br \/>Kr\u0101sa\u00a0 \u00a0 \u00a0Melna<br \/>Ekr\u0101ns\u00a0 \u00a0 \u00a0J\u0101<br \/>Ekr\u0101na tips\u00a0 \u00a0 \u00a0Kr\u0101su sk\u0101rienj\u016bt\u012bgs ekr\u0101ns<br \/>\u0412\u0438\u0434\u044b \u043a\u043e\u0444\u0435 \u0438 \u043f\u0440\u0438\u0433\u043e\u0442\u043e\u0432\u043b\u0435\u043d\u0438\u0435<br \/>Kafijas veids\u00a0 \u00a0 Kafijas pupi\u0146as, Malta kafija<br \/>Kafijas pagatavo\u0161anas metodes\u00a0 \u00a0 Caff\u00e8 latte, Espresso, Kafija, Kapu\u010dino<br \/>Kafijas stipruma regul\u0113\u0161ana\u00a0 \u00a0 J\u0101<br \/>\u0424\u0443\u043d\u043a\u0446\u0438\u0438 \u0438 \u0432\u043e\u0437\u043c\u043e\u0436\u043d\u043e\u0441\u0442\u0438<br \/>\u016adens ciet\u012bbas regul\u0113\u0161ana\u00a0 \u00a0 N\u0113<br \/>Vienlaic\u012bgi sagatavo vair\u0101kas devas\u00a0 \u00a0 J\u0101<br \/>Kr\u016bzes uzsild\u012b\u0161ana\u00a0 \u00a0 N\u0113<br \/>Tvaika uzgalis\u00a0 \u00a0 N\u0113<br \/>Saglab\u0101 kafijas veidus\u00a0 \u00a0 N\u0113<br \/>Programm\u0113jama \u016bdens temperat\u016bra\u00a0 \u00a0 \u00a0J\u0101<br \/>Programm\u0113jams kafijas daudzums\u00a0 \u00a0 \u00a0J\u0101<br \/>Ar manometru\u00a0 \u00a0 N\u0113<br \/>Regul\u0113jams spiediens\u00a0 \u00a0 \u00a0N\u0113<br \/>Aizsardz\u012bba pret \u016bdens nopl\u016bdi\u00a0 \u00a0 \u00a0N\u0113<br \/>Autom\u0101tisk\u0101 izsl\u0113g\u0161an\u0101s\u00a0 \u00a0 \u00a0J\u0101<br \/>Aukstu dz\u0113rienu pagatavo\u0161ana\u00a0 \u00a0 \u00a0N\u0113<br \/>Inteli\u0123ent\u0101 iepriek\u0161\u0113j\u0101 uzkars\u0113\u0161ana\u00a0 \u00a0 \u00a0N\u0113<br \/>Dz\u0113rienu kop\u0113\u0161ana un personaliz\u0113\u0161ana\u00a0 \u00a0 \u00a0N\u0113<br \/>Iestat\u0101ma piena\/ piena putu temperat\u016bra\u00a0 \u00a0 \u00a0N\u0113<br \/>Kafijas pupi\u0146u daudzuma kontrole\u00a0 \u00a0 \u00a0J\u0101<br \/>Pulvera tekne maltai kafijai\u00a0 \u00a0 \u00a0J\u0101<br \/>Porcijas izv\u0113le melnai kafijai\u00a0 \u00a0 \u00a02<br \/>Porcijas izv\u0113le kafijai ar pienu\u00a0 \u00a0 \u00a01<br \/>Programm\u0113jams porcijas lielums\u00a0 \u00a0 \u00a0J\u0101<br \/>Karst\u0101 \u016bdens sagatavo\u0161ana\u00a0 \u00a0 \u00a0J\u0101<br \/>Karst\u0101 piena pagatavo\u0161ana\u00a0 \u00a0 \u00a0J\u0101<br \/>Kontrol\u0113ts, izmantojot lietojumprogrammu\u00a0 \u00a0 \u00a0N\u0113<br \/>Kafijas pupi\u0146u daudzuma kontrole\u00a0 \u00a0 \u00a0J\u0101<br \/>Programm\u0113jams piena \/ piena putu daudzums\u00a0 \u00a0 \u00a0N\u0113<br \/>Vad\u012bbas tips\u00a0 \u00a0 \u00a0Autom\u0101tisk\u0101<br \/>\u041a\u043e\u0444\u0435\u043c\u043e\u043b\u043a\u0430<br \/>Kafijas dzirnavi\u0146as\u00a0 \u00a0 J\u0101<br \/>Regul\u0113jama kafijas smalcin\u0101\u0161ana\u00a0 \u00a0 J\u0101<br \/>Kafijas dzirnavi\u0146u materi\u0101ls\u00a0 \u00a0 \u00a0Keramika<br \/>Kafijas pupi\u0146u ietilp\u012bba\u00a0 \u00a0 \u00a0275 g<br \/>Piena trauka tilpums\u00a0 \u00a0 \u00a00.26 l<br \/>Kafijas padeves kr\u0101na augstums\u00a0 \u00a0 \u00a088 \u2013 145 mm<br \/>Autom\u0101tisk\u0101 dzirnavi\u0146u piel\u0101go\u0161ana\u00a0 \u00a0 \u00a0N\u0113<br \/>\u0420\u0435\u0437\u0435\u0440\u0432\u0443\u0430\u0440\u044b<br \/>\u016adens tvertne\u00a0 \u00a0 \u00a01.8 l<br \/>Kafijas konteiners (trauks)\u00a0 \u00a0 12<br \/>Piena trauks\u00a0 \u00a0 J\u0101<br \/>Maksim\u0101lais trauka augstums\u00a0 \u00a0 \u00a0150 mm<br \/>\u041e\u0447\u0438\u0441\u0442\u043a\u0430<br \/>Autom\u0101tiska mazg\u0101\u0161ana\u00a0 \u00a0 J\u0101<br \/>Autom\u0101tisk\u0101 atka\u013c\u0137o\u0161an\u0101s\u00a0 \u00a0 J\u0101<br \/>Autom\u0101tiska piena sist\u0113mas t\u012br\u012b\u0161ana\u00a0 \u00a0 \u00a0N\u0113<br \/>\u0420\u0430\u0437\u043c\u0435\u0440\u044b \u0438 \u0432\u0435\u0441<br \/>Dzi\u013cums\u00a0 \u00a0 \u00a036.6 cm<br \/>Platums\u00a0 \u00a0 \u00a024.7 cm<br \/>Augstums\u00a0 \u00a0 \u00a043.4 cm<br \/>Svars\u00a0 \u00a0 \u00a08 kg<br \/>\u0414\u043e\u043f\u043e\u043b\u043d\u0438\u0442\u0435\u043b\u044c\u043d\u043e<br \/>Komplekt\u0101cija\u00a0 \u00a0 \u00a0M\u0113rkarote , \u016adens ciet\u012bbas testa sloksne , AquaClean filtrs , LatteGo uzglab\u0101\u0161anas v\u0101ci\u0146\u0161 , Sm\u0113rvielas t\u016bbi\u0146a<br \/>Telefona savienojums iek\u013cauts standarta komplekt\u0101\u00a0 \u00a0 \u00a0N\u0113<br \/>Vada garums\u00a0 \u00a0 \u00a01 m<br \/>Papildus inform\u0101cija\u00a0 \u00a0 \u00a0Energoefektivit\u0101tes klase: A. Kafijas pupi\u0146u konteinera tilpums: 275 g. Piena rezervu\u0101ra tilpums: 0.26 l. Maksim\u0101lais kr\u016bz\u012btes augstums: 15 cm\u00a0<\/p><\/p>","protected":false},"excerpt":{"rendered":"<p>Produkta veids\u00a0 \u00a0 \u00a0Autom\u0101tiskie kafijas autom\u0101ti Z\u012bmols\u00a0 \u00a0 \u00a0PhilipsModelis\u00a0 \u00a0 \u00a0LatteGo EP3241\/50Kafijas autom\u0101ta veids\u00a0 \u00a0 \u00a0Autom\u0101tisksPiena sist\u0113mas tips\u00a0 \u00a0 \u00a0Integr\u0113ta piena tvertneJauda\u00a0 \u00a0 1500 WMaksim\u0101lais darba spiediens\u00a0 \u00a0 15 BarKorpusa materi\u0101ls\u00a0 \u00a0 \u00a0PlastmasaIzcelsmes valsts\u00a0 \u00a0 \u00a0Rum\u0101nija\u016adens filtrs\u00a0 \u00a0 J\u0101Kr\u0101sa\u00a0 \u00a0 \u00a0MelnaEkr\u0101ns\u00a0 \u00a0 \u00a0J\u0101Ekr\u0101na tips\u00a0 \u00a0 \u00a0Kr\u0101su sk\u0101rienj\u016bt\u012bgs ekr\u0101nsKafijas veidi un pagatavo\u0161anaKafijas veids\u00a0 \u00a0 Kafijas pupi\u0146as, [&hellip;]<\/p>\n","protected":false},"featured_media":46066,"comment_status":"open","ping_status":"closed","template":"","meta":{"_joinchat":[]},"product_brand":[307],"product_cat":[314],"product_tag":[],"class_list":{"0":"post-46072","1":"product","2":"type-product","3":"status-publish","4":"has-post-thumbnail","6":"product_brand-philips","7":"product_cat-maza-sadzives-tehnika-kafijas-automati","9":"first","10":"instock","11":"shipping-taxable","12":"purchasable","13":"product-type-simple"},"yoast_head":"<!-- This site is optimized with the Yoast SEO plugin v27.5 - https:\/\/yoast.com\/product\/yoast-seo-wordpress\/ -->\n<title>Philips LatteGo EP3241\/50 - Continent.lv<\/title>\n<meta name=\"robots\" content=\"index, follow, max-snippet:-1, max-image-preview:large, max-video-preview:-1\" \/>\n<link rel=\"canonical\" href=\"https:\/\/continent.lv\/ru\/product\/philips-lattego-ep3241-50\/\" \/>\n<meta property=\"og:locale\" content=\"ru_RU\" \/>\n<meta property=\"og:type\" content=\"article\" \/>\n<meta property=\"og:title\" content=\"Philips LatteGo EP3241\/50 - Continent.lv\" \/>\n<meta property=\"og:description\" content=\"Produkta veids\u00a0 \u00a0 \u00a0Autom\u0101tiskie kafijas autom\u0101ti Z\u012bmols\u00a0 \u00a0 \u00a0PhilipsModelis\u00a0 \u00a0 \u00a0LatteGo EP3241\/50Kafijas autom\u0101ta veids\u00a0 \u00a0 \u00a0Autom\u0101tisksPiena sist\u0113mas tips\u00a0 \u00a0 \u00a0Integr\u0113ta piena tvertneJauda\u00a0 \u00a0 1500 WMaksim\u0101lais darba spiediens\u00a0 \u00a0 15 BarKorpusa materi\u0101ls\u00a0 \u00a0 \u00a0PlastmasaIzcelsmes valsts\u00a0 \u00a0 \u00a0Rum\u0101nija\u016adens filtrs\u00a0 \u00a0 J\u0101Kr\u0101sa\u00a0 \u00a0 \u00a0MelnaEkr\u0101ns\u00a0 \u00a0 \u00a0J\u0101Ekr\u0101na tips\u00a0 \u00a0 \u00a0Kr\u0101su sk\u0101rienj\u016bt\u012bgs ekr\u0101nsKafijas veidi un pagatavo\u0161anaKafijas veids\u00a0 \u00a0 Kafijas pupi\u0146as, [&hellip;]\" \/>\n<meta property=\"og:url\" content=\"https:\/\/continent.lv\/ru\/product\/philips-lattego-ep3241-50\/\" \/>\n<meta property=\"og:site_name\" content=\"Continent.lv\" \/>\n<meta property=\"og:image\" content=\"https:\/\/continent.lv\/wp-content\/uploads\/2026\/05\/21_ejvz-8v.jpeg\" \/>\n\t<meta property=\"og:image:width\" content=\"2000\" \/>\n\t<meta property=\"og:image:height\" content=\"2000\" \/>\n\t<meta property=\"og:image:type\" content=\"image\/jpeg\" \/>\n<meta name=\"twitter:card\" content=\"summary_large_image\" \/>\n<meta name=\"twitter:label1\" content=\"\u041f\u0440\u0438\u043c\u0435\u0440\u043d\u043e\u0435 \u0432\u0440\u0435\u043c\u044f \u0434\u043b\u044f \u0447\u0442\u0435\u043d\u0438\u044f\" \/>\n\t<meta name=\"twitter:data1\" content=\"3 \u043c\u0438\u043d\u0443\u0442\u044b\" \/>\n<script type=\"application\/ld+json\" class=\"yoast-schema-graph\">{\"@context\":\"https:\\\/\\\/schema.org\",\"@graph\":[{\"@type\":\"WebPage\",\"@id\":\"https:\\\/\\\/continent.lv\\\/product\\\/philips-lattego-ep3241-50\\\/\",\"url\":\"https:\\\/\\\/continent.lv\\\/product\\\/philips-lattego-ep3241-50\\\/\",\"name\":\"Philips LatteGo EP3241\\\/50 - Continent.lv\",\"isPartOf\":{\"@id\":\"https:\\\/\\\/continent.lv\\\/#website\"},\"primaryImageOfPage\":{\"@id\":\"https:\\\/\\\/continent.lv\\\/product\\\/philips-lattego-ep3241-50\\\/#primaryimage\"},\"image\":{\"@id\":\"https:\\\/\\\/continent.lv\\\/product\\\/philips-lattego-ep3241-50\\\/#primaryimage\"},\"thumbnailUrl\":\"https:\\\/\\\/continent.lv\\\/wp-content\\\/uploads\\\/2026\\\/05\\\/21_ejvz-8v.jpeg\",\"datePublished\":\"2026-05-01T08:29:04+00:00\",\"breadcrumb\":{\"@id\":\"https:\\\/\\\/continent.lv\\\/product\\\/philips-lattego-ep3241-50\\\/#breadcrumb\"},\"inLanguage\":\"ru-RU\",\"potentialAction\":[{\"@type\":\"ReadAction\",\"target\":[\"https:\\\/\\\/continent.lv\\\/product\\\/philips-lattego-ep3241-50\\\/\"]}]},{\"@type\":\"ImageObject\",\"inLanguage\":\"ru-RU\",\"@id\":\"https:\\\/\\\/continent.lv\\\/product\\\/philips-lattego-ep3241-50\\\/#primaryimage\",\"url\":\"https:\\\/\\\/continent.lv\\\/wp-content\\\/uploads\\\/2026\\\/05\\\/21_ejvz-8v.jpeg\",\"contentUrl\":\"https:\\\/\\\/continent.lv\\\/wp-content\\\/uploads\\\/2026\\\/05\\\/21_ejvz-8v.jpeg\",\"width\":2000,\"height\":2000},{\"@type\":\"BreadcrumbList\",\"@id\":\"https:\\\/\\\/continent.lv\\\/product\\\/philips-lattego-ep3241-50\\\/#breadcrumb\",\"itemListElement\":[{\"@type\":\"ListItem\",\"position\":1,\"name\":\"Home\",\"item\":\"https:\\\/\\\/continent.lv\\\/\"},{\"@type\":\"ListItem\",\"position\":2,\"name\":\"Veikals\",\"item\":\"https:\\\/\\\/continent.lv\\\/shop\\\/\"},{\"@type\":\"ListItem\",\"position\":3,\"name\":\"Philips LatteGo EP3241\\\/50\"}]},{\"@type\":\"WebSite\",\"@id\":\"https:\\\/\\\/continent.lv\\\/#website\",\"url\":\"https:\\\/\\\/continent.lv\\\/\",\"name\":\"Continent.lv\",\"description\":\"Sadz\u012bves pre\u010du internetveikals\",\"publisher\":{\"@id\":\"https:\\\/\\\/continent.lv\\\/#organization\"},\"potentialAction\":[{\"@type\":\"SearchAction\",\"target\":{\"@type\":\"EntryPoint\",\"urlTemplate\":\"https:\\\/\\\/continent.lv\\\/?s={search_term_string}\"},\"query-input\":{\"@type\":\"PropertyValueSpecification\",\"valueRequired\":true,\"valueName\":\"search_term_string\"}}],\"inLanguage\":\"ru-RU\"},{\"@type\":\"Organization\",\"@id\":\"https:\\\/\\\/continent.lv\\\/#organization\",\"name\":\"Continent.lv\",\"url\":\"https:\\\/\\\/continent.lv\\\/\",\"logo\":{\"@type\":\"ImageObject\",\"inLanguage\":\"ru-RU\",\"@id\":\"https:\\\/\\\/continent.lv\\\/#\\\/schema\\\/logo\\\/image\\\/\",\"url\":\"https:\\\/\\\/continent.lv\\\/wp-content\\\/uploads\\\/2026\\\/05\\\/logo_continent_5nwv-jh.jpg\",\"contentUrl\":\"https:\\\/\\\/continent.lv\\\/wp-content\\\/uploads\\\/2026\\\/05\\\/logo_continent_5nwv-jh.jpg\",\"width\":221,\"height\":50,\"caption\":\"Continent.lv\"},\"image\":{\"@id\":\"https:\\\/\\\/continent.lv\\\/#\\\/schema\\\/logo\\\/image\\\/\"}}]}<\/script>\n<!-- \/ Yoast SEO plugin. -->","yoast_head_json":{"title":"Philips LatteGo EP3241\/50 - Continent.lv","robots":{"index":"index","follow":"follow","max-snippet":"max-snippet:-1","max-image-preview":"max-image-preview:large","max-video-preview":"max-video-preview:-1"},"canonical":"https:\/\/continent.lv\/ru\/product\/philips-lattego-ep3241-50\/","og_locale":"ru_RU","og_type":"article","og_title":"Philips LatteGo EP3241\/50 - Continent.lv","og_description":"Produkta veids\u00a0 \u00a0 \u00a0Autom\u0101tiskie kafijas autom\u0101ti Z\u012bmols\u00a0 \u00a0 \u00a0PhilipsModelis\u00a0 \u00a0 \u00a0LatteGo EP3241\/50Kafijas autom\u0101ta veids\u00a0 \u00a0 \u00a0Autom\u0101tisksPiena sist\u0113mas tips\u00a0 \u00a0 \u00a0Integr\u0113ta piena tvertneJauda\u00a0 \u00a0 1500 WMaksim\u0101lais darba spiediens\u00a0 \u00a0 15 BarKorpusa materi\u0101ls\u00a0 \u00a0 \u00a0PlastmasaIzcelsmes valsts\u00a0 \u00a0 \u00a0Rum\u0101nija\u016adens filtrs\u00a0 \u00a0 J\u0101Kr\u0101sa\u00a0 \u00a0 \u00a0MelnaEkr\u0101ns\u00a0 \u00a0 \u00a0J\u0101Ekr\u0101na tips\u00a0 \u00a0 \u00a0Kr\u0101su sk\u0101rienj\u016bt\u012bgs ekr\u0101nsKafijas veidi un pagatavo\u0161anaKafijas veids\u00a0 \u00a0 Kafijas pupi\u0146as, [&hellip;]","og_url":"https:\/\/continent.lv\/ru\/product\/philips-lattego-ep3241-50\/","og_site_name":"Continent.lv","og_image":[{"width":2000,"height":2000,"url":"https:\/\/continent.lv\/wp-content\/uploads\/2026\/05\/21_ejvz-8v.jpeg","type":"image\/jpeg"}],"twitter_card":"summary_large_image","twitter_misc":{"\u041f\u0440\u0438\u043c\u0435\u0440\u043d\u043e\u0435 \u0432\u0440\u0435\u043c\u044f \u0434\u043b\u044f \u0447\u0442\u0435\u043d\u0438\u044f":"3 \u043c\u0438\u043d\u0443\u0442\u044b"},"schema":{"@context":"https:\/\/schema.org","@graph":[{"@type":"WebPage","@id":"https:\/\/continent.lv\/product\/philips-lattego-ep3241-50\/","url":"https:\/\/continent.lv\/product\/philips-lattego-ep3241-50\/","name":"Philips LatteGo EP3241\/50 - Continent.lv","isPartOf":{"@id":"https:\/\/continent.lv\/#website"},"primaryImageOfPage":{"@id":"https:\/\/continent.lv\/product\/philips-lattego-ep3241-50\/#primaryimage"},"image":{"@id":"https:\/\/continent.lv\/product\/philips-lattego-ep3241-50\/#primaryimage"},"thumbnailUrl":"https:\/\/continent.lv\/wp-content\/uploads\/2026\/05\/21_ejvz-8v.jpeg","datePublished":"2026-05-01T08:29:04+00:00","breadcrumb":{"@id":"https:\/\/continent.lv\/product\/philips-lattego-ep3241-50\/#breadcrumb"},"inLanguage":"ru-RU","potentialAction":[{"@type":"ReadAction","target":["https:\/\/continent.lv\/product\/philips-lattego-ep3241-50\/"]}]},{"@type":"ImageObject","inLanguage":"ru-RU","@id":"https:\/\/continent.lv\/product\/philips-lattego-ep3241-50\/#primaryimage","url":"https:\/\/continent.lv\/wp-content\/uploads\/2026\/05\/21_ejvz-8v.jpeg","contentUrl":"https:\/\/continent.lv\/wp-content\/uploads\/2026\/05\/21_ejvz-8v.jpeg","width":2000,"height":2000},{"@type":"BreadcrumbList","@id":"https:\/\/continent.lv\/product\/philips-lattego-ep3241-50\/#breadcrumb","itemListElement":[{"@type":"ListItem","position":1,"name":"Home","item":"https:\/\/continent.lv\/"},{"@type":"ListItem","position":2,"name":"Veikals","item":"https:\/\/continent.lv\/shop\/"},{"@type":"ListItem","position":3,"name":"Philips LatteGo EP3241\/50"}]},{"@type":"WebSite","@id":"https:\/\/continent.lv\/#website","url":"https:\/\/continent.lv\/","name":"Continent.lv","description":"Sadz\u012bves pre\u010du internetveikals","publisher":{"@id":"https:\/\/continent.lv\/#organization"},"potentialAction":[{"@type":"SearchAction","target":{"@type":"EntryPoint","urlTemplate":"https:\/\/continent.lv\/?s={search_term_string}"},"query-input":{"@type":"PropertyValueSpecification","valueRequired":true,"valueName":"search_term_string"}}],"inLanguage":"ru-RU"},{"@type":"Organization","@id":"https:\/\/continent.lv\/#organization","name":"Continent.lv","url":"https:\/\/continent.lv\/","logo":{"@type":"ImageObject","inLanguage":"ru-RU","@id":"https:\/\/continent.lv\/#\/schema\/logo\/image\/","url":"https:\/\/continent.lv\/wp-content\/uploads\/2026\/05\/logo_continent_5nwv-jh.jpg","contentUrl":"https:\/\/continent.lv\/wp-content\/uploads\/2026\/05\/logo_continent_5nwv-jh.jpg","width":221,"height":50,"caption":"Continent.lv"},"image":{"@id":"https:\/\/continent.lv\/#\/schema\/logo\/image\/"}}]}},"_links":{"self":[{"href":"https:\/\/continent.lv\/ru\/wp-json\/wp\/v2\/product\/46072","targetHints":{"allow":["GET"]}}],"collection":[{"href":"https:\/\/continent.lv\/ru\/wp-json\/wp\/v2\/product"}],"about":[{"href":"https:\/\/continent.lv\/ru\/wp-json\/wp\/v2\/types\/product"}],"replies":[{"embeddable":true,"href":"https:\/\/continent.lv\/ru\/wp-json\/wp\/v2\/comments?post=46072"}],"wp:featuredmedia":[{"embeddable":true,"href":"https:\/\/continent.lv\/ru\/wp-json\/wp\/v2\/media\/46066"}],"wp:attachment":[{"href":"https:\/\/continent.lv\/ru\/wp-json\/wp\/v2\/media?parent=46072"}],"wp:term":[{"taxonomy":"product_brand","embeddable":true,"href":"https:\/\/continent.lv\/ru\/wp-json\/wp\/v2\/product_brand?post=46072"},{"taxonomy":"product_cat","embeddable":true,"href":"https:\/\/continent.lv\/ru\/wp-json\/wp\/v2\/product_cat?post=46072"},{"taxonomy":"product_tag","embeddable":true,"href":"https:\/\/continent.lv\/ru\/wp-json\/wp\/v2\/product_tag?post=46072"}],"curies":[{"name":"wp","href":"https:\/\/api.w.org\/{rel}","templated":true}]}}