{"id":46014,"date":"2026-05-01T08:27:07","date_gmt":"2026-05-01T08:27:07","guid":{"rendered":"https:\/\/continent.lv\/product\/samsung-nv7b4455uab-u3\/"},"modified":"2026-05-01T08:27:07","modified_gmt":"2026-05-01T08:27:07","slug":"samsung-nv7b4455uab-u3","status":"publish","type":"product","link":"https:\/\/continent.lv\/ru\/product\/samsung-nv7b4455uab-u3\/","title":{"rendered":"Samsung NV7B4455UAB\/U3"},"content":{"rendered":"<\/p>\n<p class=\"translation-block\"><p><\/p><p>\u0411\u0440\u0435\u043d\u0434 Samsung<br>\u0422\u0438\u043f \u0434\u0443\u0445\u043e\u0432\u043a\u0438 \u042d\u043b\u0435\u043a\u0442\u0440\u0438\u0447\u0435\u0441\u043a\u0430\u044f<br>\u041a\u043b\u0430\u0441\u0441 \u044d\u043d\u0435\u0440\u0433\u043e\u044d\u0444\u0444\u0435\u043a\u0442\u0438\u0432\u043d\u043e\u0441\u0442\u0438 A+<br>\u0426\u0432\u0435\u0442 \u0427\u0435\u0440\u043d\u0430\u044f \u043d\u0435\u0440\u0436\u0430\u0432\u0435\u044e\u0449\u0430\u044f \u0441\u0442\u0430\u043b\u044c<br>\u041e\u0431\u044a\u0435\u043c \u0434\u0443\u0445\u043e\u0432\u043a\u0438 76 \u043b<br>\u041e\u0431\u0449\u0430\u044f \u043c\u043e\u0449\u043d\u043e\u0441\u0442\u044c 4 \u043a\u0412\u0442<br>EAN 8806094337211<br>\u0412\u0435\u0441 40.7 \u043a\u0433<br>\u0412\u0435\u0441 \u0441 \u0443\u043f\u0430\u043a\u043e\u0432\u043a\u043e\u0439 45.4 \u043a\u0433<br>\u0414\u0440\u0443\u0433\u0438\u0435 \u043f\u0430\u0440\u0430\u043c\u0435\u0442\u0440\u044b<br>\u0413\u0440\u0438\u043b\u044c \u0432 \u0434\u0443\u0445\u043e\u0432\u043a\u0435 \u0415\u0441\u0442\u044c<br>\u041a\u043e\u043d\u0432\u0435\u043a\u0446\u0438\u044f \u0415\u0441\u0442\u044c<br>Wi-Fi \u0415\u0441\u0442\u044c<br>\u0424\u0443\u043d\u043a\u0446\u0438\u044f \u043e\u0447\u0438\u0441\u0442\u043a\u0438 \u0434\u0443\u0445\u043e\u0432\u043a\u0438 \u041f\u0438\u0440\u043e\u043b\u0438\u0442\u0438\u0447\u0435\u0441\u043a\u0430\u044f<br>\u041f\u043e\u0434\u0441\u0432\u0435\u0442\u043a\u0430 \u0434\u0443\u0445\u043e\u0432\u043a\u0438 \u0415\u0441\u0442\u044c<br>\u0422\u0430\u0439\u043c\u0435\u0440 \u0415\u0441\u0442\u044c<br>\u0420\u0435\u0436\u0438\u043c\u043e\u0432 11<br>\u0420\u0430\u0437\u043c\u0435\u0440\u044b \u043c\u043c (\u0412\u0445\u0428\u0445\u0413) 596x595x570<br>\u0412 \u043a\u043e\u043c\u043f\u043b\u0435\u043a\u0442\u0435 1 \u043f\u0440\u043e\u0442\u0438\u0432\u0435\u043d\u044c, 1 \u0440\u0435\u0448\u0435\u0442\u043a\u0430<br>\u0422\u0435\u043b\u0435\u0441\u043a\u043e\u043f\u0438\u0447\u0435\u0441\u043a\u0438\u0435 \u043d\u0430\u043f\u0440\u0430\u0432\u043b\u044f\u044e\u0449\u0438\u0435 1 \u0443\u0440\u043e\u0432\u0435\u043d\u044c<br>\u0414\u043e\u043f\u043e\u043b\u043d\u0438\u0442\u0435\u043b\u044c\u043d\u0430\u044f \u0438\u043d\u0444\u043e\u0440\u043c\u0430\u0446\u0438\u044f \u0424\u0443\u043d\u043a\u0446\u0438\u044f Air Sous Vide<\/p><\/p>","protected":false},"excerpt":{"rendered":"<p class=\"translation-block\"><p><\/p><p>\u0411\u0440\u0435\u043d\u0434 Samsung<br>\u0422\u0438\u043f \u0434\u0443\u0445\u043e\u0432\u043a\u0438 \u042d\u043b\u0435\u043a\u0442\u0440\u0438\u0447\u0435\u0441\u043a\u0430\u044f<br>\u041a\u043b\u0430\u0441\u0441 \u044d\u043d\u0435\u0440\u0433\u043e\u044d\u0444\u0444\u0435\u043a\u0442\u0438\u0432\u043d\u043e\u0441\u0442\u0438 A+<br>\u0426\u0432\u0435\u0442 \u0427\u0435\u0440\u043d\u0430\u044f \u043d\u0435\u0440\u0436\u0430\u0432\u0435\u044e\u0449\u0430\u044f \u0441\u0442\u0430\u043b\u044c<br>\u041e\u0431\u044a\u0435\u043c \u0434\u0443\u0445\u043e\u0432\u043a\u0438 76 \u043b<br>\u041e\u0431\u0449\u0430\u044f \u043c\u043e\u0449\u043d\u043e\u0441\u0442\u044c 4 \u043a\u0412\u0442<br>EAN 8806094337211<br>\u0412\u0435\u0441 40.7 \u043a\u0433<br>\u0412\u0435\u0441 \u0441 \u0443\u043f\u0430\u043a\u043e\u0432\u043a\u043e\u0439 45.4 \u043a\u0433<br>\u0414\u0440\u0443\u0433\u0438\u0435 \u043f\u0430\u0440\u0430\u043c\u0435\u0442\u0440\u044b<br>\u0413\u0440\u0438\u043b\u044c \u0432 \u0434\u0443\u0445\u043e\u0432\u043a\u0435 \u0415\u0441\u0442\u044c<br>\u041a\u043e\u043d\u0432\u0435\u043a\u0446\u0438\u044f \u0415\u0441\u0442\u044c<br>Wi-Fi \u0415\u0441\u0442\u044c<br>\u0424\u0443\u043d\u043a\u0446\u0438\u044f \u043e\u0447\u0438\u0441\u0442\u043a\u0438 \u0434\u0443\u0445\u043e\u0432\u043a\u0438 \u041f\u0438\u0440\u043e\u043b\u0438\u0442\u0438\u0447\u0435\u0441\u043a\u0430\u044f<br>\u041f\u043e\u0434\u0441\u0432\u0435\u0442\u043a\u0430 \u0434\u0443\u0445\u043e\u0432\u043a\u0438 \u0415\u0441\u0442\u044c<br>\u0422\u0430\u0439\u043c\u0435\u0440 \u0415\u0441\u0442\u044c<br>\u0420\u0435\u0436\u0438\u043c\u043e\u0432 11<br>\u0420\u0430\u0437\u043c\u0435\u0440\u044b \u043c\u043c (\u0412\u0445\u0428\u0445\u0413) 596x595x570<br>\u0412 \u043a\u043e\u043c\u043f\u043b\u0435\u043a\u0442\u0435 1 \u043f\u0440\u043e\u0442\u0438\u0432\u0435\u043d\u044c, 1 \u0440\u0435\u0448\u0435\u0442\u043a\u0430<br>\u0422\u0435\u043b\u0435\u0441\u043a\u043e\u043f\u0438\u0447\u0435\u0441\u043a\u0438\u0435 \u043d\u0430\u043f\u0440\u0430\u0432\u043b\u044f\u044e\u0449\u0438\u0435 1 \u0443\u0440\u043e\u0432\u0435\u043d\u044c<br>\u0414\u043e\u043f\u043e\u043b\u043d\u0438\u0442\u0435\u043b\u044c\u043d\u0430\u044f \u0438\u043d\u0444\u043e\u0440\u043c\u0430\u0446\u0438\u044f \u0424\u0443\u043d\u043a\u0446\u0438\u044f Air Sous Vide<\/p><\/p>","protected":false},"featured_media":46008,"comment_status":"open","ping_status":"closed","template":"","meta":{"_joinchat":[]},"product_brand":[139],"product_cat":[266],"product_tag":[],"class_list":{"0":"post-46014","1":"product","2":"type-product","3":"status-publish","4":"has-post-thumbnail","6":"product_brand-samsung","7":"product_cat-iebuvejama-sadzives-tehnika-iebuvejamas-cepeskrasnis","9":"first","10":"instock","11":"shipping-taxable","12":"purchasable","13":"product-type-simple"},"yoast_head":"<!-- This site is optimized with the Yoast SEO plugin v27.5 - https:\/\/yoast.com\/product\/yoast-seo-wordpress\/ -->\n<title>Samsung NV7B4455UAB\/U3 - Continent.lv<\/title>\n<meta name=\"robots\" content=\"index, follow, max-snippet:-1, max-image-preview:large, max-video-preview:-1\" \/>\n<link rel=\"canonical\" href=\"https:\/\/continent.lv\/ru\/product\/samsung-nv7b4455uab-u3\/\" \/>\n<meta property=\"og:locale\" content=\"ru_RU\" \/>\n<meta property=\"og:type\" content=\"article\" \/>\n<meta property=\"og:title\" content=\"Samsung NV7B4455UAB\/U3 - Continent.lv\" \/>\n<meta property=\"og:description\" content=\"Pre\u010du z\u012bme SamsungCepe\u0161kr\u0101sns veids ElektriskaEnergoefektivit\u0101tes klase A+Kr\u0101sa Melns ner\u016bs\u0113jo\u0161ais t\u0113raudsCepe\u0161kr\u0101sns tilpums 76 lKop\u0113j\u0101 jauda 4 kWEAN 8806094337211Svars 40.7 kgSvars ar iepakojumu 45.4 kgCiti parametriGrils cepe\u0161kr\u0101snij IrKonvekcija IrWi-Fi IrCepe\u0161kr\u0101sns t\u012br\u012b\u0161anas funkcija Pirol\u012btisk\u0101Cepe\u0161kr\u0101sns apgaismo\u0161ana IrTaimeris IrRe\u017e\u012bmi 11Izm\u0113ri mm (AxPxDz) 596x595x570Piederumi 1 cepe\u0161panna, 1 re\u017egisTeleskopisk\u0101s vadotnes 1 l\u012bme\u0146aPapildus inform\u0101cija Air Sous Vide funkcija\" \/>\n<meta property=\"og:url\" content=\"https:\/\/continent.lv\/ru\/product\/samsung-nv7b4455uab-u3\/\" \/>\n<meta property=\"og:site_name\" content=\"Continent.lv\" \/>\n<meta property=\"og:image\" content=\"https:\/\/continent.lv\/wp-content\/uploads\/2026\/05\/Samsung_NV7B4455UABU3.jpeg\" \/>\n\t<meta property=\"og:image:width\" content=\"1024\" \/>\n\t<meta property=\"og:image:height\" content=\"818\" \/>\n\t<meta property=\"og:image:type\" content=\"image\/jpeg\" \/>\n<meta name=\"twitter:card\" content=\"summary_large_image\" \/>\n<script type=\"application\/ld+json\" class=\"yoast-schema-graph\">{\"@context\":\"https:\\\/\\\/schema.org\",\"@graph\":[{\"@type\":\"WebPage\",\"@id\":\"https:\\\/\\\/continent.lv\\\/product\\\/samsung-nv7b4455uab-u3\\\/\",\"url\":\"https:\\\/\\\/continent.lv\\\/product\\\/samsung-nv7b4455uab-u3\\\/\",\"name\":\"Samsung NV7B4455UAB\\\/U3 - Continent.lv\",\"isPartOf\":{\"@id\":\"https:\\\/\\\/continent.lv\\\/#website\"},\"primaryImageOfPage\":{\"@id\":\"https:\\\/\\\/continent.lv\\\/product\\\/samsung-nv7b4455uab-u3\\\/#primaryimage\"},\"image\":{\"@id\":\"https:\\\/\\\/continent.lv\\\/product\\\/samsung-nv7b4455uab-u3\\\/#primaryimage\"},\"thumbnailUrl\":\"https:\\\/\\\/continent.lv\\\/wp-content\\\/uploads\\\/2026\\\/05\\\/Samsung_NV7B4455UABU3.jpeg\",\"datePublished\":\"2026-05-01T08:27:07+00:00\",\"breadcrumb\":{\"@id\":\"https:\\\/\\\/continent.lv\\\/product\\\/samsung-nv7b4455uab-u3\\\/#breadcrumb\"},\"inLanguage\":\"ru-RU\",\"potentialAction\":[{\"@type\":\"ReadAction\",\"target\":[\"https:\\\/\\\/continent.lv\\\/product\\\/samsung-nv7b4455uab-u3\\\/\"]}]},{\"@type\":\"ImageObject\",\"inLanguage\":\"ru-RU\",\"@id\":\"https:\\\/\\\/continent.lv\\\/product\\\/samsung-nv7b4455uab-u3\\\/#primaryimage\",\"url\":\"https:\\\/\\\/continent.lv\\\/wp-content\\\/uploads\\\/2026\\\/05\\\/Samsung_NV7B4455UABU3.jpeg\",\"contentUrl\":\"https:\\\/\\\/continent.lv\\\/wp-content\\\/uploads\\\/2026\\\/05\\\/Samsung_NV7B4455UABU3.jpeg\",\"width\":1024,\"height\":818},{\"@type\":\"BreadcrumbList\",\"@id\":\"https:\\\/\\\/continent.lv\\\/product\\\/samsung-nv7b4455uab-u3\\\/#breadcrumb\",\"itemListElement\":[{\"@type\":\"ListItem\",\"position\":1,\"name\":\"Home\",\"item\":\"https:\\\/\\\/continent.lv\\\/\"},{\"@type\":\"ListItem\",\"position\":2,\"name\":\"Veikals\",\"item\":\"https:\\\/\\\/continent.lv\\\/shop\\\/\"},{\"@type\":\"ListItem\",\"position\":3,\"name\":\"Samsung NV7B4455UAB\\\/U3\"}]},{\"@type\":\"WebSite\",\"@id\":\"https:\\\/\\\/continent.lv\\\/#website\",\"url\":\"https:\\\/\\\/continent.lv\\\/\",\"name\":\"Continent.lv\",\"description\":\"Sadz\u012bves pre\u010du internetveikals\",\"publisher\":{\"@id\":\"https:\\\/\\\/continent.lv\\\/#organization\"},\"potentialAction\":[{\"@type\":\"SearchAction\",\"target\":{\"@type\":\"EntryPoint\",\"urlTemplate\":\"https:\\\/\\\/continent.lv\\\/?s={search_term_string}\"},\"query-input\":{\"@type\":\"PropertyValueSpecification\",\"valueRequired\":true,\"valueName\":\"search_term_string\"}}],\"inLanguage\":\"ru-RU\"},{\"@type\":\"Organization\",\"@id\":\"https:\\\/\\\/continent.lv\\\/#organization\",\"name\":\"Continent.lv\",\"url\":\"https:\\\/\\\/continent.lv\\\/\",\"logo\":{\"@type\":\"ImageObject\",\"inLanguage\":\"ru-RU\",\"@id\":\"https:\\\/\\\/continent.lv\\\/#\\\/schema\\\/logo\\\/image\\\/\",\"url\":\"https:\\\/\\\/continent.lv\\\/wp-content\\\/uploads\\\/2026\\\/05\\\/logo_continent_5nwv-jh.jpg\",\"contentUrl\":\"https:\\\/\\\/continent.lv\\\/wp-content\\\/uploads\\\/2026\\\/05\\\/logo_continent_5nwv-jh.jpg\",\"width\":221,\"height\":50,\"caption\":\"Continent.lv\"},\"image\":{\"@id\":\"https:\\\/\\\/continent.lv\\\/#\\\/schema\\\/logo\\\/image\\\/\"}}]}<\/script>\n<!-- \/ Yoast SEO plugin. -->","yoast_head_json":{"title":"Samsung NV7B4455UAB\/U3 - Continent.lv","robots":{"index":"index","follow":"follow","max-snippet":"max-snippet:-1","max-image-preview":"max-image-preview:large","max-video-preview":"max-video-preview:-1"},"canonical":"https:\/\/continent.lv\/ru\/product\/samsung-nv7b4455uab-u3\/","og_locale":"ru_RU","og_type":"article","og_title":"Samsung NV7B4455UAB\/U3 - Continent.lv","og_description":"Pre\u010du z\u012bme SamsungCepe\u0161kr\u0101sns veids ElektriskaEnergoefektivit\u0101tes klase A+Kr\u0101sa Melns ner\u016bs\u0113jo\u0161ais t\u0113raudsCepe\u0161kr\u0101sns tilpums 76 lKop\u0113j\u0101 jauda 4 kWEAN 8806094337211Svars 40.7 kgSvars ar iepakojumu 45.4 kgCiti parametriGrils cepe\u0161kr\u0101snij IrKonvekcija IrWi-Fi IrCepe\u0161kr\u0101sns t\u012br\u012b\u0161anas funkcija Pirol\u012btisk\u0101Cepe\u0161kr\u0101sns apgaismo\u0161ana IrTaimeris IrRe\u017e\u012bmi 11Izm\u0113ri mm (AxPxDz) 596x595x570Piederumi 1 cepe\u0161panna, 1 re\u017egisTeleskopisk\u0101s vadotnes 1 l\u012bme\u0146aPapildus inform\u0101cija Air Sous Vide funkcija","og_url":"https:\/\/continent.lv\/ru\/product\/samsung-nv7b4455uab-u3\/","og_site_name":"Continent.lv","og_image":[{"width":1024,"height":818,"url":"https:\/\/continent.lv\/wp-content\/uploads\/2026\/05\/Samsung_NV7B4455UABU3.jpeg","type":"image\/jpeg"}],"twitter_card":"summary_large_image","schema":{"@context":"https:\/\/schema.org","@graph":[{"@type":"WebPage","@id":"https:\/\/continent.lv\/product\/samsung-nv7b4455uab-u3\/","url":"https:\/\/continent.lv\/product\/samsung-nv7b4455uab-u3\/","name":"Samsung NV7B4455UAB\/U3 - Continent.lv","isPartOf":{"@id":"https:\/\/continent.lv\/#website"},"primaryImageOfPage":{"@id":"https:\/\/continent.lv\/product\/samsung-nv7b4455uab-u3\/#primaryimage"},"image":{"@id":"https:\/\/continent.lv\/product\/samsung-nv7b4455uab-u3\/#primaryimage"},"thumbnailUrl":"https:\/\/continent.lv\/wp-content\/uploads\/2026\/05\/Samsung_NV7B4455UABU3.jpeg","datePublished":"2026-05-01T08:27:07+00:00","breadcrumb":{"@id":"https:\/\/continent.lv\/product\/samsung-nv7b4455uab-u3\/#breadcrumb"},"inLanguage":"ru-RU","potentialAction":[{"@type":"ReadAction","target":["https:\/\/continent.lv\/product\/samsung-nv7b4455uab-u3\/"]}]},{"@type":"ImageObject","inLanguage":"ru-RU","@id":"https:\/\/continent.lv\/product\/samsung-nv7b4455uab-u3\/#primaryimage","url":"https:\/\/continent.lv\/wp-content\/uploads\/2026\/05\/Samsung_NV7B4455UABU3.jpeg","contentUrl":"https:\/\/continent.lv\/wp-content\/uploads\/2026\/05\/Samsung_NV7B4455UABU3.jpeg","width":1024,"height":818},{"@type":"BreadcrumbList","@id":"https:\/\/continent.lv\/product\/samsung-nv7b4455uab-u3\/#breadcrumb","itemListElement":[{"@type":"ListItem","position":1,"name":"Home","item":"https:\/\/continent.lv\/"},{"@type":"ListItem","position":2,"name":"Veikals","item":"https:\/\/continent.lv\/shop\/"},{"@type":"ListItem","position":3,"name":"Samsung NV7B4455UAB\/U3"}]},{"@type":"WebSite","@id":"https:\/\/continent.lv\/#website","url":"https:\/\/continent.lv\/","name":"Continent.lv","description":"Sadz\u012bves pre\u010du internetveikals","publisher":{"@id":"https:\/\/continent.lv\/#organization"},"potentialAction":[{"@type":"SearchAction","target":{"@type":"EntryPoint","urlTemplate":"https:\/\/continent.lv\/?s={search_term_string}"},"query-input":{"@type":"PropertyValueSpecification","valueRequired":true,"valueName":"search_term_string"}}],"inLanguage":"ru-RU"},{"@type":"Organization","@id":"https:\/\/continent.lv\/#organization","name":"Continent.lv","url":"https:\/\/continent.lv\/","logo":{"@type":"ImageObject","inLanguage":"ru-RU","@id":"https:\/\/continent.lv\/#\/schema\/logo\/image\/","url":"https:\/\/continent.lv\/wp-content\/uploads\/2026\/05\/logo_continent_5nwv-jh.jpg","contentUrl":"https:\/\/continent.lv\/wp-content\/uploads\/2026\/05\/logo_continent_5nwv-jh.jpg","width":221,"height":50,"caption":"Continent.lv"},"image":{"@id":"https:\/\/continent.lv\/#\/schema\/logo\/image\/"}}]}},"_links":{"self":[{"href":"https:\/\/continent.lv\/ru\/wp-json\/wp\/v2\/product\/46014","targetHints":{"allow":["GET"]}}],"collection":[{"href":"https:\/\/continent.lv\/ru\/wp-json\/wp\/v2\/product"}],"about":[{"href":"https:\/\/continent.lv\/ru\/wp-json\/wp\/v2\/types\/product"}],"replies":[{"embeddable":true,"href":"https:\/\/continent.lv\/ru\/wp-json\/wp\/v2\/comments?post=46014"}],"wp:featuredmedia":[{"embeddable":true,"href":"https:\/\/continent.lv\/ru\/wp-json\/wp\/v2\/media\/46008"}],"wp:attachment":[{"href":"https:\/\/continent.lv\/ru\/wp-json\/wp\/v2\/media?parent=46014"}],"wp:term":[{"taxonomy":"product_brand","embeddable":true,"href":"https:\/\/continent.lv\/ru\/wp-json\/wp\/v2\/product_brand?post=46014"},{"taxonomy":"product_cat","embeddable":true,"href":"https:\/\/continent.lv\/ru\/wp-json\/wp\/v2\/product_cat?post=46014"},{"taxonomy":"product_tag","embeddable":true,"href":"https:\/\/continent.lv\/ru\/wp-json\/wp\/v2\/product_tag?post=46014"}],"curies":[{"name":"wp","href":"https:\/\/api.w.org\/{rel}","templated":true}]}}