{"id":45939,"date":"2026-05-01T08:24:54","date_gmt":"2026-05-01T08:24:54","guid":{"rendered":"https:\/\/continent.lv\/product\/grils-dm-grill-bruna-melna-45-cm\/"},"modified":"2026-05-01T08:24:54","modified_gmt":"2026-05-01T08:24:54","slug":"grils-dm-grill-bruna-melna-45-cm","status":"publish","type":"product","link":"https:\/\/continent.lv\/ru\/product\/grils-dm-grill-bruna-melna-45-cm\/","title":{"rendered":"\u0413\u0440\u0438\u043b\u044c DM Grill, \u043a\u043e\u0440\u0438\u0447\u043d\u0435\u0432\u044b\u0439\/\u0447\u0435\u0440\u043d\u044b\u0439, 45 \u0441\u043c"},"content":{"rendered":"<p> \u041e\u0431\u0449\u0438\u0435 \u043f\u0430\u0440\u0430\u043c\u0435\u0442\u0440\u044b<\/p>\n<p>Produkta veids\u00a0\u00a0\u00a0\u00a0 Grili<br \/>Z\u012bmols\u00a0\u00a0\u00a0\u00a0 DM Grill<br \/>Garums\u00a0\u00a0\u00a0\u00a0 45 cm<br \/>Platums\u00a0\u00a0\u00a0\u00a0 45 cm<br \/>Augstums\u00a0\u00a0\u00a0\u00a0 65 cm<br \/>Svars\u00a0\u00a0\u00a0\u00a0 31 kg<br \/>Kr\u0101sa\u00a0\u00a0\u00a0\u00a0 Br\u016bna, Melna<br \/>Materi\u0101ls\u00a0\u00a0\u00a0\u00a0 Koks, Melnais t\u0113rauds<br \/>Atbilsto\u0161s kurin\u0101mais vai degviela\u00a0\u00a0\u00a0\u00a0 Kokogles, Malka<br \/>V\u0101ka tips\u00a0\u00a0\u00a0\u00a0 Bez v\u0101ka<br \/>Ar termometru\u00a0\u00a0\u00a0\u00a0 N\u0113<br \/>No\u0146emama pelnu tvertne\u00a0\u00a0\u00a0\u00a0 N\u0113<br \/>Ar galdi\u0146u\u00a0\u00a0\u00a0\u00a0 J\u0101<br \/>Var izmantot k\u016bpin\u0101\u0161anai\u00a0\u00a0\u00a0\u00a0 N\u0113<br \/>Piem\u0113rots ce\u013cojumiem\u00a0\u00a0\u00a0\u00a0 N\u0113<\/p><\/p>","protected":false},"excerpt":{"rendered":"<p>Kop\u0113jie parametri Produkta veids\u00a0\u00a0\u00a0\u00a0 GriliZ\u012bmols\u00a0\u00a0\u00a0\u00a0 DM GrillGarums\u00a0\u00a0\u00a0\u00a0 45 cmPlatums\u00a0\u00a0\u00a0\u00a0 45 cmAugstums\u00a0\u00a0\u00a0\u00a0 65 cmSvars\u00a0\u00a0\u00a0\u00a0 31 kgKr\u0101sa\u00a0\u00a0\u00a0\u00a0 Br\u016bna, MelnaMateri\u0101ls\u00a0\u00a0\u00a0\u00a0 Koks, Melnais t\u0113raudsAtbilsto\u0161s kurin\u0101mais vai degviela\u00a0\u00a0\u00a0\u00a0 Kokogles, MalkaV\u0101ka tips\u00a0\u00a0\u00a0\u00a0 Bez v\u0101kaAr termometru\u00a0\u00a0\u00a0\u00a0 N\u0113No\u0146emama pelnu tvertne\u00a0\u00a0\u00a0\u00a0 N\u0113Ar galdi\u0146u\u00a0\u00a0\u00a0\u00a0 J\u0101Var izmantot k\u016bpin\u0101\u0161anai\u00a0\u00a0\u00a0\u00a0 N\u0113Piem\u0113rots ce\u013cojumiem\u00a0\u00a0\u00a0\u00a0 N\u0113<\/p>","protected":false},"featured_media":45934,"comment_status":"open","ping_status":"closed","template":"","meta":{"_joinchat":[]},"product_brand":[],"product_cat":[372],"product_tag":[],"class_list":{"0":"post-45939","1":"product","2":"type-product","3":"status-publish","4":"has-post-thumbnail","6":"product_cat-darza-tehnika-grili-kupinatavas-un-piederumi","8":"first","9":"instock","10":"shipping-taxable","11":"purchasable","12":"product-type-simple"},"yoast_head":"<!-- This site is optimized with the Yoast SEO plugin v27.5 - https:\/\/yoast.com\/product\/yoast-seo-wordpress\/ -->\n<title>Grils DM Grill, br\u016bna\/melna, 45 cm - Continent.lv<\/title>\n<meta name=\"robots\" content=\"index, follow, max-snippet:-1, max-image-preview:large, max-video-preview:-1\" \/>\n<link rel=\"canonical\" href=\"https:\/\/continent.lv\/ru\/product\/grils-dm-grill-bruna-melna-45-cm\/\" \/>\n<meta property=\"og:locale\" content=\"ru_RU\" \/>\n<meta property=\"og:type\" content=\"article\" \/>\n<meta property=\"og:title\" content=\"Grils DM Grill, br\u016bna\/melna, 45 cm - Continent.lv\" \/>\n<meta property=\"og:description\" content=\"Kop\u0113jie parametri Produkta veids\u00a0\u00a0\u00a0\u00a0 GriliZ\u012bmols\u00a0\u00a0\u00a0\u00a0 DM GrillGarums\u00a0\u00a0\u00a0\u00a0 45 cmPlatums\u00a0\u00a0\u00a0\u00a0 45 cmAugstums\u00a0\u00a0\u00a0\u00a0 65 cmSvars\u00a0\u00a0\u00a0\u00a0 31 kgKr\u0101sa\u00a0\u00a0\u00a0\u00a0 Br\u016bna, MelnaMateri\u0101ls\u00a0\u00a0\u00a0\u00a0 Koks, Melnais t\u0113raudsAtbilsto\u0161s kurin\u0101mais vai degviela\u00a0\u00a0\u00a0\u00a0 Kokogles, MalkaV\u0101ka tips\u00a0\u00a0\u00a0\u00a0 Bez v\u0101kaAr termometru\u00a0\u00a0\u00a0\u00a0 N\u0113No\u0146emama pelnu tvertne\u00a0\u00a0\u00a0\u00a0 N\u0113Ar galdi\u0146u\u00a0\u00a0\u00a0\u00a0 J\u0101Var izmantot k\u016bpin\u0101\u0161anai\u00a0\u00a0\u00a0\u00a0 N\u0113Piem\u0113rots ce\u013cojumiem\u00a0\u00a0\u00a0\u00a0 N\u0113\" \/>\n<meta property=\"og:url\" content=\"https:\/\/continent.lv\/ru\/product\/grils-dm-grill-bruna-melna-45-cm\/\" \/>\n<meta property=\"og:site_name\" content=\"Continent.lv\" \/>\n<meta property=\"og:image\" content=\"https:\/\/continent.lv\/wp-content\/uploads\/2026\/05\/21_92vk-8y.jpeg\" \/>\n\t<meta property=\"og:image:width\" content=\"1600\" \/>\n\t<meta property=\"og:image:height\" content=\"1600\" \/>\n\t<meta property=\"og:image:type\" content=\"image\/jpeg\" \/>\n<meta name=\"twitter:card\" content=\"summary_large_image\" \/>\n<meta name=\"twitter:label1\" content=\"\u041f\u0440\u0438\u043c\u0435\u0440\u043d\u043e\u0435 \u0432\u0440\u0435\u043c\u044f \u0434\u043b\u044f \u0447\u0442\u0435\u043d\u0438\u044f\" \/>\n\t<meta name=\"twitter:data1\" content=\"1 \u043c\u0438\u043d\u0443\u0442\u0430\" \/>\n<script type=\"application\/ld+json\" class=\"yoast-schema-graph\">{\"@context\":\"https:\\\/\\\/schema.org\",\"@graph\":[{\"@type\":\"WebPage\",\"@id\":\"https:\\\/\\\/continent.lv\\\/product\\\/grils-dm-grill-bruna-melna-45-cm\\\/\",\"url\":\"https:\\\/\\\/continent.lv\\\/product\\\/grils-dm-grill-bruna-melna-45-cm\\\/\",\"name\":\"Grils DM Grill, br\u016bna\\\/melna, 45 cm - Continent.lv\",\"isPartOf\":{\"@id\":\"https:\\\/\\\/continent.lv\\\/#website\"},\"primaryImageOfPage\":{\"@id\":\"https:\\\/\\\/continent.lv\\\/product\\\/grils-dm-grill-bruna-melna-45-cm\\\/#primaryimage\"},\"image\":{\"@id\":\"https:\\\/\\\/continent.lv\\\/product\\\/grils-dm-grill-bruna-melna-45-cm\\\/#primaryimage\"},\"thumbnailUrl\":\"https:\\\/\\\/continent.lv\\\/wp-content\\\/uploads\\\/2026\\\/05\\\/21_92vk-8y.jpeg\",\"datePublished\":\"2026-05-01T08:24:54+00:00\",\"breadcrumb\":{\"@id\":\"https:\\\/\\\/continent.lv\\\/product\\\/grils-dm-grill-bruna-melna-45-cm\\\/#breadcrumb\"},\"inLanguage\":\"ru-RU\",\"potentialAction\":[{\"@type\":\"ReadAction\",\"target\":[\"https:\\\/\\\/continent.lv\\\/product\\\/grils-dm-grill-bruna-melna-45-cm\\\/\"]}]},{\"@type\":\"ImageObject\",\"inLanguage\":\"ru-RU\",\"@id\":\"https:\\\/\\\/continent.lv\\\/product\\\/grils-dm-grill-bruna-melna-45-cm\\\/#primaryimage\",\"url\":\"https:\\\/\\\/continent.lv\\\/wp-content\\\/uploads\\\/2026\\\/05\\\/21_92vk-8y.jpeg\",\"contentUrl\":\"https:\\\/\\\/continent.lv\\\/wp-content\\\/uploads\\\/2026\\\/05\\\/21_92vk-8y.jpeg\",\"width\":1600,\"height\":1600},{\"@type\":\"BreadcrumbList\",\"@id\":\"https:\\\/\\\/continent.lv\\\/product\\\/grils-dm-grill-bruna-melna-45-cm\\\/#breadcrumb\",\"itemListElement\":[{\"@type\":\"ListItem\",\"position\":1,\"name\":\"Home\",\"item\":\"https:\\\/\\\/continent.lv\\\/\"},{\"@type\":\"ListItem\",\"position\":2,\"name\":\"Veikals\",\"item\":\"https:\\\/\\\/continent.lv\\\/shop\\\/\"},{\"@type\":\"ListItem\",\"position\":3,\"name\":\"Grils DM Grill, br\u016bna\\\/melna, 45 cm\"}]},{\"@type\":\"WebSite\",\"@id\":\"https:\\\/\\\/continent.lv\\\/#website\",\"url\":\"https:\\\/\\\/continent.lv\\\/\",\"name\":\"Continent.lv\",\"description\":\"Sadz\u012bves pre\u010du internetveikals\",\"publisher\":{\"@id\":\"https:\\\/\\\/continent.lv\\\/#organization\"},\"potentialAction\":[{\"@type\":\"SearchAction\",\"target\":{\"@type\":\"EntryPoint\",\"urlTemplate\":\"https:\\\/\\\/continent.lv\\\/?s={search_term_string}\"},\"query-input\":{\"@type\":\"PropertyValueSpecification\",\"valueRequired\":true,\"valueName\":\"search_term_string\"}}],\"inLanguage\":\"ru-RU\"},{\"@type\":\"Organization\",\"@id\":\"https:\\\/\\\/continent.lv\\\/#organization\",\"name\":\"Continent.lv\",\"url\":\"https:\\\/\\\/continent.lv\\\/\",\"logo\":{\"@type\":\"ImageObject\",\"inLanguage\":\"ru-RU\",\"@id\":\"https:\\\/\\\/continent.lv\\\/#\\\/schema\\\/logo\\\/image\\\/\",\"url\":\"https:\\\/\\\/continent.lv\\\/wp-content\\\/uploads\\\/2026\\\/05\\\/logo_continent_5nwv-jh.jpg\",\"contentUrl\":\"https:\\\/\\\/continent.lv\\\/wp-content\\\/uploads\\\/2026\\\/05\\\/logo_continent_5nwv-jh.jpg\",\"width\":221,\"height\":50,\"caption\":\"Continent.lv\"},\"image\":{\"@id\":\"https:\\\/\\\/continent.lv\\\/#\\\/schema\\\/logo\\\/image\\\/\"}}]}<\/script>\n<!-- \/ Yoast SEO plugin. -->","yoast_head_json":{"title":"Grils DM Grill, br\u016bna\/melna, 45 cm - Continent.lv","robots":{"index":"index","follow":"follow","max-snippet":"max-snippet:-1","max-image-preview":"max-image-preview:large","max-video-preview":"max-video-preview:-1"},"canonical":"https:\/\/continent.lv\/ru\/product\/grils-dm-grill-bruna-melna-45-cm\/","og_locale":"ru_RU","og_type":"article","og_title":"Grils DM Grill, br\u016bna\/melna, 45 cm - Continent.lv","og_description":"Kop\u0113jie parametri Produkta veids\u00a0\u00a0\u00a0\u00a0 GriliZ\u012bmols\u00a0\u00a0\u00a0\u00a0 DM GrillGarums\u00a0\u00a0\u00a0\u00a0 45 cmPlatums\u00a0\u00a0\u00a0\u00a0 45 cmAugstums\u00a0\u00a0\u00a0\u00a0 65 cmSvars\u00a0\u00a0\u00a0\u00a0 31 kgKr\u0101sa\u00a0\u00a0\u00a0\u00a0 Br\u016bna, MelnaMateri\u0101ls\u00a0\u00a0\u00a0\u00a0 Koks, Melnais t\u0113raudsAtbilsto\u0161s kurin\u0101mais vai degviela\u00a0\u00a0\u00a0\u00a0 Kokogles, MalkaV\u0101ka tips\u00a0\u00a0\u00a0\u00a0 Bez v\u0101kaAr termometru\u00a0\u00a0\u00a0\u00a0 N\u0113No\u0146emama pelnu tvertne\u00a0\u00a0\u00a0\u00a0 N\u0113Ar galdi\u0146u\u00a0\u00a0\u00a0\u00a0 J\u0101Var izmantot k\u016bpin\u0101\u0161anai\u00a0\u00a0\u00a0\u00a0 N\u0113Piem\u0113rots ce\u013cojumiem\u00a0\u00a0\u00a0\u00a0 N\u0113","og_url":"https:\/\/continent.lv\/ru\/product\/grils-dm-grill-bruna-melna-45-cm\/","og_site_name":"Continent.lv","og_image":[{"width":1600,"height":1600,"url":"https:\/\/continent.lv\/wp-content\/uploads\/2026\/05\/21_92vk-8y.jpeg","type":"image\/jpeg"}],"twitter_card":"summary_large_image","twitter_misc":{"\u041f\u0440\u0438\u043c\u0435\u0440\u043d\u043e\u0435 \u0432\u0440\u0435\u043c\u044f \u0434\u043b\u044f \u0447\u0442\u0435\u043d\u0438\u044f":"1 \u043c\u0438\u043d\u0443\u0442\u0430"},"schema":{"@context":"https:\/\/schema.org","@graph":[{"@type":"WebPage","@id":"https:\/\/continent.lv\/product\/grils-dm-grill-bruna-melna-45-cm\/","url":"https:\/\/continent.lv\/product\/grils-dm-grill-bruna-melna-45-cm\/","name":"Grils DM Grill, br\u016bna\/melna, 45 cm - Continent.lv","isPartOf":{"@id":"https:\/\/continent.lv\/#website"},"primaryImageOfPage":{"@id":"https:\/\/continent.lv\/product\/grils-dm-grill-bruna-melna-45-cm\/#primaryimage"},"image":{"@id":"https:\/\/continent.lv\/product\/grils-dm-grill-bruna-melna-45-cm\/#primaryimage"},"thumbnailUrl":"https:\/\/continent.lv\/wp-content\/uploads\/2026\/05\/21_92vk-8y.jpeg","datePublished":"2026-05-01T08:24:54+00:00","breadcrumb":{"@id":"https:\/\/continent.lv\/product\/grils-dm-grill-bruna-melna-45-cm\/#breadcrumb"},"inLanguage":"ru-RU","potentialAction":[{"@type":"ReadAction","target":["https:\/\/continent.lv\/product\/grils-dm-grill-bruna-melna-45-cm\/"]}]},{"@type":"ImageObject","inLanguage":"ru-RU","@id":"https:\/\/continent.lv\/product\/grils-dm-grill-bruna-melna-45-cm\/#primaryimage","url":"https:\/\/continent.lv\/wp-content\/uploads\/2026\/05\/21_92vk-8y.jpeg","contentUrl":"https:\/\/continent.lv\/wp-content\/uploads\/2026\/05\/21_92vk-8y.jpeg","width":1600,"height":1600},{"@type":"BreadcrumbList","@id":"https:\/\/continent.lv\/product\/grils-dm-grill-bruna-melna-45-cm\/#breadcrumb","itemListElement":[{"@type":"ListItem","position":1,"name":"Home","item":"https:\/\/continent.lv\/"},{"@type":"ListItem","position":2,"name":"Veikals","item":"https:\/\/continent.lv\/shop\/"},{"@type":"ListItem","position":3,"name":"Grils DM Grill, br\u016bna\/melna, 45 cm"}]},{"@type":"WebSite","@id":"https:\/\/continent.lv\/#website","url":"https:\/\/continent.lv\/","name":"Continent.lv","description":"Sadz\u012bves pre\u010du internetveikals","publisher":{"@id":"https:\/\/continent.lv\/#organization"},"potentialAction":[{"@type":"SearchAction","target":{"@type":"EntryPoint","urlTemplate":"https:\/\/continent.lv\/?s={search_term_string}"},"query-input":{"@type":"PropertyValueSpecification","valueRequired":true,"valueName":"search_term_string"}}],"inLanguage":"ru-RU"},{"@type":"Organization","@id":"https:\/\/continent.lv\/#organization","name":"Continent.lv","url":"https:\/\/continent.lv\/","logo":{"@type":"ImageObject","inLanguage":"ru-RU","@id":"https:\/\/continent.lv\/#\/schema\/logo\/image\/","url":"https:\/\/continent.lv\/wp-content\/uploads\/2026\/05\/logo_continent_5nwv-jh.jpg","contentUrl":"https:\/\/continent.lv\/wp-content\/uploads\/2026\/05\/logo_continent_5nwv-jh.jpg","width":221,"height":50,"caption":"Continent.lv"},"image":{"@id":"https:\/\/continent.lv\/#\/schema\/logo\/image\/"}}]}},"_links":{"self":[{"href":"https:\/\/continent.lv\/ru\/wp-json\/wp\/v2\/product\/45939","targetHints":{"allow":["GET"]}}],"collection":[{"href":"https:\/\/continent.lv\/ru\/wp-json\/wp\/v2\/product"}],"about":[{"href":"https:\/\/continent.lv\/ru\/wp-json\/wp\/v2\/types\/product"}],"replies":[{"embeddable":true,"href":"https:\/\/continent.lv\/ru\/wp-json\/wp\/v2\/comments?post=45939"}],"wp:featuredmedia":[{"embeddable":true,"href":"https:\/\/continent.lv\/ru\/wp-json\/wp\/v2\/media\/45934"}],"wp:attachment":[{"href":"https:\/\/continent.lv\/ru\/wp-json\/wp\/v2\/media?parent=45939"}],"wp:term":[{"taxonomy":"product_brand","embeddable":true,"href":"https:\/\/continent.lv\/ru\/wp-json\/wp\/v2\/product_brand?post=45939"},{"taxonomy":"product_cat","embeddable":true,"href":"https:\/\/continent.lv\/ru\/wp-json\/wp\/v2\/product_cat?post=45939"},{"taxonomy":"product_tag","embeddable":true,"href":"https:\/\/continent.lv\/ru\/wp-json\/wp\/v2\/product_tag?post=45939"}],"curies":[{"name":"wp","href":"https:\/\/api.w.org\/{rel}","templated":true}]}}