{"id":45387,"date":"2026-05-01T08:05:30","date_gmt":"2026-05-01T08:05:30","guid":{"rendered":"https:\/\/continent.lv\/product\/stanley-sg-2400\/"},"modified":"2026-05-01T08:05:30","modified_gmt":"2026-05-01T08:05:30","slug":"stanley-sg-2400","status":"publish","type":"product","link":"https:\/\/continent.lv\/ru\/product\/stanley-sg-2400\/","title":{"rendered":"Stanley SG 2400"},"content":{"rendered":"<p>\u041e\u0431\u0449\u0438\u0435 \u043f\u0430\u0440\u0430\u043c\u0435\u0442\u0440\u044b<\/p>\n<p>Produkta veids\u00a0\u00a0\u00a0\u00a0 Str\u0101vas \u0123eneratori<br \/>Z\u012bmols\u00a0\u00a0\u00a0\u00a0 Stanley<br \/>\u0122ener\u0101tora tips\u00a0\u00a0\u00a0\u00a0 Vienf\u0101zes<br \/>Dzin\u0113ja tips\u00a0\u00a0\u00a0\u00a0 Ar benz\u012bna dzin\u0113ju<br \/>Degvielas veids\u00a0\u00a0\u00a0\u00a0 Benz\u012bns<br \/>Maksim\u0101l\u0101 jauda\u00a0\u00a0\u00a0\u00a0 2300 W<br \/>Nomin\u0101l\u0101 jauda\u00a0\u00a0\u00a0\u00a0 2100 W<br \/>Trok\u0161\u0146a l\u012bmenis\u00a0\u00a0\u00a0\u00a0 96 dB<br \/>Degvielas tvertnes tilpums\u00a0\u00a0\u00a0\u00a0 15 l<br \/>Degvielas pat\u0113ri\u0146\u0161\u00a0\u00a0\u00a0\u00a0 1.5 l\/h<br \/>Startera tips\u00a0\u00a0\u00a0\u00a0 Rokasgr\u0101mata\/instrukcija<br \/>Past\u0101v\u012bgs izejas spriegums\u00a0\u00a0\u00a0\u00a0 230<br \/>E\u013c\u013cas l\u012bme\u0146a aizsardz\u012bba\u00a0\u00a0\u00a0\u00a0 J\u0101<br \/>Aizsardz\u012bba pret p\u0101rslodzi\u00a0\u00a0\u00a0\u00a0 J\u0101<br \/>Darba ilgums ar pilnu degvielas tvertni\u00a0\u00a0\u00a0\u00a0 480 min<br \/>Vienf\u0101zes piesl\u0113gumu skaits\u00a0\u00a0\u00a0\u00a0 2<br \/>Sprieguma m\u0113r\u012bt\u0101js\u00a0\u00a0\u00a0\u00a0 J\u0101<br \/>Sprieguma regul\u0113\u0161anas sist\u0113ma\u00a0\u00a0\u00a0\u00a0 J\u0101<br \/>Ar rite\u0146iem\u00a0\u00a0\u00a0\u00a0 N\u0113<br \/>Garums\u00a0\u00a0\u00a0\u00a0 605 mm<br \/>Ar rokturi\u00a0\u00a0\u00a0\u00a0 J\u0101<br \/>Platums\u00a0\u00a0\u00a0\u00a0 465 mm<br \/>Augstums\u00a0\u00a0\u00a0\u00a0 430 mm<br \/>Garantija\u00a0\u00a0\u00a0\u00a0 24 m\u0113n<br \/>Svars\u00a0\u00a0\u00a0\u00a0 39 kg<br \/>Garantija juridisk\u0101m person\u0101m\u00a0\u00a0\u00a0\u00a0 12 m\u0113n<br \/>Izcelsmes valsts\u00a0\u00a0\u00a0\u00a0 \u0136\u012bna<\/p><\/p>","protected":false},"excerpt":{"rendered":"<p>Kop\u0113jie parametri Produkta veids\u00a0\u00a0\u00a0\u00a0 Str\u0101vas \u0123eneratoriZ\u012bmols\u00a0\u00a0\u00a0\u00a0 Stanley\u0122ener\u0101tora tips\u00a0\u00a0\u00a0\u00a0 Vienf\u0101zesDzin\u0113ja tips\u00a0\u00a0\u00a0\u00a0 Ar benz\u012bna dzin\u0113juDegvielas veids\u00a0\u00a0\u00a0\u00a0 Benz\u012bnsMaksim\u0101l\u0101 jauda\u00a0\u00a0\u00a0\u00a0 2300 WNomin\u0101l\u0101 jauda\u00a0\u00a0\u00a0\u00a0 2100 WTrok\u0161\u0146a l\u012bmenis\u00a0\u00a0\u00a0\u00a0 96 dBDegvielas tvertnes tilpums\u00a0\u00a0\u00a0\u00a0 15 lDegvielas pat\u0113ri\u0146\u0161\u00a0\u00a0\u00a0\u00a0 1.5 l\/hStartera tips\u00a0\u00a0\u00a0\u00a0 Rokasgr\u0101mata\/instrukcijaPast\u0101v\u012bgs izejas spriegums\u00a0\u00a0\u00a0\u00a0 230E\u013c\u013cas l\u012bme\u0146a aizsardz\u012bba\u00a0\u00a0\u00a0\u00a0 J\u0101Aizsardz\u012bba pret p\u0101rslodzi\u00a0\u00a0\u00a0\u00a0 J\u0101Darba ilgums ar pilnu degvielas tvertni\u00a0\u00a0\u00a0\u00a0 480 minVienf\u0101zes piesl\u0113gumu skaits\u00a0\u00a0\u00a0\u00a0 2Sprieguma m\u0113r\u012bt\u0101js\u00a0\u00a0\u00a0\u00a0 J\u0101Sprieguma regul\u0113\u0161anas [&hellip;]<\/p>\n","protected":false},"featured_media":45383,"comment_status":"open","ping_status":"closed","template":"","meta":{"_joinchat":[]},"product_brand":[],"product_cat":[318],"product_tag":[],"class_list":{"0":"post-45387","1":"product","2":"type-product","3":"status-publish","4":"has-post-thumbnail","6":"product_cat-darza-tehnika-generatori","8":"first","9":"instock","10":"shipping-taxable","11":"purchasable","12":"product-type-simple"},"yoast_head":"<!-- This site is optimized with the Yoast SEO plugin v27.5 - https:\/\/yoast.com\/product\/yoast-seo-wordpress\/ -->\n<title>Stanley SG 2400 - Continent.lv<\/title>\n<meta name=\"robots\" content=\"index, follow, max-snippet:-1, max-image-preview:large, max-video-preview:-1\" \/>\n<link rel=\"canonical\" href=\"https:\/\/continent.lv\/ru\/product\/stanley-sg-2400\/\" \/>\n<meta property=\"og:locale\" content=\"ru_RU\" \/>\n<meta property=\"og:type\" content=\"article\" \/>\n<meta property=\"og:title\" content=\"Stanley SG 2400 - Continent.lv\" \/>\n<meta property=\"og:description\" content=\"Kop\u0113jie parametri Produkta veids\u00a0\u00a0\u00a0\u00a0 Str\u0101vas \u0123eneratoriZ\u012bmols\u00a0\u00a0\u00a0\u00a0 Stanley\u0122ener\u0101tora tips\u00a0\u00a0\u00a0\u00a0 Vienf\u0101zesDzin\u0113ja tips\u00a0\u00a0\u00a0\u00a0 Ar benz\u012bna dzin\u0113juDegvielas veids\u00a0\u00a0\u00a0\u00a0 Benz\u012bnsMaksim\u0101l\u0101 jauda\u00a0\u00a0\u00a0\u00a0 2300 WNomin\u0101l\u0101 jauda\u00a0\u00a0\u00a0\u00a0 2100 WTrok\u0161\u0146a l\u012bmenis\u00a0\u00a0\u00a0\u00a0 96 dBDegvielas tvertnes tilpums\u00a0\u00a0\u00a0\u00a0 15 lDegvielas pat\u0113ri\u0146\u0161\u00a0\u00a0\u00a0\u00a0 1.5 l\/hStartera tips\u00a0\u00a0\u00a0\u00a0 Rokasgr\u0101mata\/instrukcijaPast\u0101v\u012bgs izejas spriegums\u00a0\u00a0\u00a0\u00a0 230E\u013c\u013cas l\u012bme\u0146a aizsardz\u012bba\u00a0\u00a0\u00a0\u00a0 J\u0101Aizsardz\u012bba pret p\u0101rslodzi\u00a0\u00a0\u00a0\u00a0 J\u0101Darba ilgums ar pilnu degvielas tvertni\u00a0\u00a0\u00a0\u00a0 480 minVienf\u0101zes piesl\u0113gumu skaits\u00a0\u00a0\u00a0\u00a0 2Sprieguma m\u0113r\u012bt\u0101js\u00a0\u00a0\u00a0\u00a0 J\u0101Sprieguma regul\u0113\u0161anas [&hellip;]\" \/>\n<meta property=\"og:url\" content=\"https:\/\/continent.lv\/ru\/product\/stanley-sg-2400\/\" \/>\n<meta property=\"og:site_name\" content=\"Continent.lv\" \/>\n<meta property=\"og:image\" content=\"https:\/\/continent.lv\/wp-content\/uploads\/2026\/05\/21_flfk-zc.jpeg\" \/>\n\t<meta property=\"og:image:width\" content=\"2000\" \/>\n\t<meta property=\"og:image:height\" content=\"1605\" \/>\n\t<meta property=\"og:image:type\" content=\"image\/jpeg\" \/>\n<meta name=\"twitter:card\" content=\"summary_large_image\" \/>\n<meta name=\"twitter:label1\" content=\"\u041f\u0440\u0438\u043c\u0435\u0440\u043d\u043e\u0435 \u0432\u0440\u0435\u043c\u044f \u0434\u043b\u044f \u0447\u0442\u0435\u043d\u0438\u044f\" \/>\n\t<meta name=\"twitter:data1\" content=\"1 \u043c\u0438\u043d\u0443\u0442\u0430\" \/>\n<script type=\"application\/ld+json\" class=\"yoast-schema-graph\">{\"@context\":\"https:\\\/\\\/schema.org\",\"@graph\":[{\"@type\":\"WebPage\",\"@id\":\"https:\\\/\\\/continent.lv\\\/product\\\/stanley-sg-2400\\\/\",\"url\":\"https:\\\/\\\/continent.lv\\\/product\\\/stanley-sg-2400\\\/\",\"name\":\"Stanley SG 2400 - Continent.lv\",\"isPartOf\":{\"@id\":\"https:\\\/\\\/continent.lv\\\/#website\"},\"primaryImageOfPage\":{\"@id\":\"https:\\\/\\\/continent.lv\\\/product\\\/stanley-sg-2400\\\/#primaryimage\"},\"image\":{\"@id\":\"https:\\\/\\\/continent.lv\\\/product\\\/stanley-sg-2400\\\/#primaryimage\"},\"thumbnailUrl\":\"https:\\\/\\\/continent.lv\\\/wp-content\\\/uploads\\\/2026\\\/05\\\/21_flfk-zc.jpeg\",\"datePublished\":\"2026-05-01T08:05:30+00:00\",\"breadcrumb\":{\"@id\":\"https:\\\/\\\/continent.lv\\\/product\\\/stanley-sg-2400\\\/#breadcrumb\"},\"inLanguage\":\"ru-RU\",\"potentialAction\":[{\"@type\":\"ReadAction\",\"target\":[\"https:\\\/\\\/continent.lv\\\/product\\\/stanley-sg-2400\\\/\"]}]},{\"@type\":\"ImageObject\",\"inLanguage\":\"ru-RU\",\"@id\":\"https:\\\/\\\/continent.lv\\\/product\\\/stanley-sg-2400\\\/#primaryimage\",\"url\":\"https:\\\/\\\/continent.lv\\\/wp-content\\\/uploads\\\/2026\\\/05\\\/21_flfk-zc.jpeg\",\"contentUrl\":\"https:\\\/\\\/continent.lv\\\/wp-content\\\/uploads\\\/2026\\\/05\\\/21_flfk-zc.jpeg\",\"width\":2000,\"height\":1605},{\"@type\":\"BreadcrumbList\",\"@id\":\"https:\\\/\\\/continent.lv\\\/product\\\/stanley-sg-2400\\\/#breadcrumb\",\"itemListElement\":[{\"@type\":\"ListItem\",\"position\":1,\"name\":\"Home\",\"item\":\"https:\\\/\\\/continent.lv\\\/\"},{\"@type\":\"ListItem\",\"position\":2,\"name\":\"Veikals\",\"item\":\"https:\\\/\\\/continent.lv\\\/shop\\\/\"},{\"@type\":\"ListItem\",\"position\":3,\"name\":\"Stanley SG 2400\"}]},{\"@type\":\"WebSite\",\"@id\":\"https:\\\/\\\/continent.lv\\\/#website\",\"url\":\"https:\\\/\\\/continent.lv\\\/\",\"name\":\"Continent.lv\",\"description\":\"Sadz\u012bves pre\u010du internetveikals\",\"publisher\":{\"@id\":\"https:\\\/\\\/continent.lv\\\/#organization\"},\"potentialAction\":[{\"@type\":\"SearchAction\",\"target\":{\"@type\":\"EntryPoint\",\"urlTemplate\":\"https:\\\/\\\/continent.lv\\\/?s={search_term_string}\"},\"query-input\":{\"@type\":\"PropertyValueSpecification\",\"valueRequired\":true,\"valueName\":\"search_term_string\"}}],\"inLanguage\":\"ru-RU\"},{\"@type\":\"Organization\",\"@id\":\"https:\\\/\\\/continent.lv\\\/#organization\",\"name\":\"Continent.lv\",\"url\":\"https:\\\/\\\/continent.lv\\\/\",\"logo\":{\"@type\":\"ImageObject\",\"inLanguage\":\"ru-RU\",\"@id\":\"https:\\\/\\\/continent.lv\\\/#\\\/schema\\\/logo\\\/image\\\/\",\"url\":\"https:\\\/\\\/continent.lv\\\/wp-content\\\/uploads\\\/2026\\\/05\\\/logo_continent_5nwv-jh.jpg\",\"contentUrl\":\"https:\\\/\\\/continent.lv\\\/wp-content\\\/uploads\\\/2026\\\/05\\\/logo_continent_5nwv-jh.jpg\",\"width\":221,\"height\":50,\"caption\":\"Continent.lv\"},\"image\":{\"@id\":\"https:\\\/\\\/continent.lv\\\/#\\\/schema\\\/logo\\\/image\\\/\"}}]}<\/script>\n<!-- \/ Yoast SEO plugin. -->","yoast_head_json":{"title":"Stanley SG 2400 - Continent.lv","robots":{"index":"index","follow":"follow","max-snippet":"max-snippet:-1","max-image-preview":"max-image-preview:large","max-video-preview":"max-video-preview:-1"},"canonical":"https:\/\/continent.lv\/ru\/product\/stanley-sg-2400\/","og_locale":"ru_RU","og_type":"article","og_title":"Stanley SG 2400 - Continent.lv","og_description":"Kop\u0113jie parametri Produkta veids\u00a0\u00a0\u00a0\u00a0 Str\u0101vas \u0123eneratoriZ\u012bmols\u00a0\u00a0\u00a0\u00a0 Stanley\u0122ener\u0101tora tips\u00a0\u00a0\u00a0\u00a0 Vienf\u0101zesDzin\u0113ja tips\u00a0\u00a0\u00a0\u00a0 Ar benz\u012bna dzin\u0113juDegvielas veids\u00a0\u00a0\u00a0\u00a0 Benz\u012bnsMaksim\u0101l\u0101 jauda\u00a0\u00a0\u00a0\u00a0 2300 WNomin\u0101l\u0101 jauda\u00a0\u00a0\u00a0\u00a0 2100 WTrok\u0161\u0146a l\u012bmenis\u00a0\u00a0\u00a0\u00a0 96 dBDegvielas tvertnes tilpums\u00a0\u00a0\u00a0\u00a0 15 lDegvielas pat\u0113ri\u0146\u0161\u00a0\u00a0\u00a0\u00a0 1.5 l\/hStartera tips\u00a0\u00a0\u00a0\u00a0 Rokasgr\u0101mata\/instrukcijaPast\u0101v\u012bgs izejas spriegums\u00a0\u00a0\u00a0\u00a0 230E\u013c\u013cas l\u012bme\u0146a aizsardz\u012bba\u00a0\u00a0\u00a0\u00a0 J\u0101Aizsardz\u012bba pret p\u0101rslodzi\u00a0\u00a0\u00a0\u00a0 J\u0101Darba ilgums ar pilnu degvielas tvertni\u00a0\u00a0\u00a0\u00a0 480 minVienf\u0101zes piesl\u0113gumu skaits\u00a0\u00a0\u00a0\u00a0 2Sprieguma m\u0113r\u012bt\u0101js\u00a0\u00a0\u00a0\u00a0 J\u0101Sprieguma regul\u0113\u0161anas [&hellip;]","og_url":"https:\/\/continent.lv\/ru\/product\/stanley-sg-2400\/","og_site_name":"Continent.lv","og_image":[{"width":2000,"height":1605,"url":"https:\/\/continent.lv\/wp-content\/uploads\/2026\/05\/21_flfk-zc.jpeg","type":"image\/jpeg"}],"twitter_card":"summary_large_image","twitter_misc":{"\u041f\u0440\u0438\u043c\u0435\u0440\u043d\u043e\u0435 \u0432\u0440\u0435\u043c\u044f \u0434\u043b\u044f \u0447\u0442\u0435\u043d\u0438\u044f":"1 \u043c\u0438\u043d\u0443\u0442\u0430"},"schema":{"@context":"https:\/\/schema.org","@graph":[{"@type":"WebPage","@id":"https:\/\/continent.lv\/product\/stanley-sg-2400\/","url":"https:\/\/continent.lv\/product\/stanley-sg-2400\/","name":"Stanley SG 2400 - Continent.lv","isPartOf":{"@id":"https:\/\/continent.lv\/#website"},"primaryImageOfPage":{"@id":"https:\/\/continent.lv\/product\/stanley-sg-2400\/#primaryimage"},"image":{"@id":"https:\/\/continent.lv\/product\/stanley-sg-2400\/#primaryimage"},"thumbnailUrl":"https:\/\/continent.lv\/wp-content\/uploads\/2026\/05\/21_flfk-zc.jpeg","datePublished":"2026-05-01T08:05:30+00:00","breadcrumb":{"@id":"https:\/\/continent.lv\/product\/stanley-sg-2400\/#breadcrumb"},"inLanguage":"ru-RU","potentialAction":[{"@type":"ReadAction","target":["https:\/\/continent.lv\/product\/stanley-sg-2400\/"]}]},{"@type":"ImageObject","inLanguage":"ru-RU","@id":"https:\/\/continent.lv\/product\/stanley-sg-2400\/#primaryimage","url":"https:\/\/continent.lv\/wp-content\/uploads\/2026\/05\/21_flfk-zc.jpeg","contentUrl":"https:\/\/continent.lv\/wp-content\/uploads\/2026\/05\/21_flfk-zc.jpeg","width":2000,"height":1605},{"@type":"BreadcrumbList","@id":"https:\/\/continent.lv\/product\/stanley-sg-2400\/#breadcrumb","itemListElement":[{"@type":"ListItem","position":1,"name":"Home","item":"https:\/\/continent.lv\/"},{"@type":"ListItem","position":2,"name":"Veikals","item":"https:\/\/continent.lv\/shop\/"},{"@type":"ListItem","position":3,"name":"Stanley SG 2400"}]},{"@type":"WebSite","@id":"https:\/\/continent.lv\/#website","url":"https:\/\/continent.lv\/","name":"Continent.lv","description":"Sadz\u012bves pre\u010du internetveikals","publisher":{"@id":"https:\/\/continent.lv\/#organization"},"potentialAction":[{"@type":"SearchAction","target":{"@type":"EntryPoint","urlTemplate":"https:\/\/continent.lv\/?s={search_term_string}"},"query-input":{"@type":"PropertyValueSpecification","valueRequired":true,"valueName":"search_term_string"}}],"inLanguage":"ru-RU"},{"@type":"Organization","@id":"https:\/\/continent.lv\/#organization","name":"Continent.lv","url":"https:\/\/continent.lv\/","logo":{"@type":"ImageObject","inLanguage":"ru-RU","@id":"https:\/\/continent.lv\/#\/schema\/logo\/image\/","url":"https:\/\/continent.lv\/wp-content\/uploads\/2026\/05\/logo_continent_5nwv-jh.jpg","contentUrl":"https:\/\/continent.lv\/wp-content\/uploads\/2026\/05\/logo_continent_5nwv-jh.jpg","width":221,"height":50,"caption":"Continent.lv"},"image":{"@id":"https:\/\/continent.lv\/#\/schema\/logo\/image\/"}}]}},"_links":{"self":[{"href":"https:\/\/continent.lv\/ru\/wp-json\/wp\/v2\/product\/45387","targetHints":{"allow":["GET"]}}],"collection":[{"href":"https:\/\/continent.lv\/ru\/wp-json\/wp\/v2\/product"}],"about":[{"href":"https:\/\/continent.lv\/ru\/wp-json\/wp\/v2\/types\/product"}],"replies":[{"embeddable":true,"href":"https:\/\/continent.lv\/ru\/wp-json\/wp\/v2\/comments?post=45387"}],"wp:featuredmedia":[{"embeddable":true,"href":"https:\/\/continent.lv\/ru\/wp-json\/wp\/v2\/media\/45383"}],"wp:attachment":[{"href":"https:\/\/continent.lv\/ru\/wp-json\/wp\/v2\/media?parent=45387"}],"wp:term":[{"taxonomy":"product_brand","embeddable":true,"href":"https:\/\/continent.lv\/ru\/wp-json\/wp\/v2\/product_brand?post=45387"},{"taxonomy":"product_cat","embeddable":true,"href":"https:\/\/continent.lv\/ru\/wp-json\/wp\/v2\/product_cat?post=45387"},{"taxonomy":"product_tag","embeddable":true,"href":"https:\/\/continent.lv\/ru\/wp-json\/wp\/v2\/product_tag?post=45387"}],"curies":[{"name":"wp","href":"https:\/\/api.w.org\/{rel}","templated":true}]}}