{"id":45254,"date":"2026-05-01T08:00:56","date_gmt":"2026-05-01T08:00:56","guid":{"rendered":"https:\/\/continent.lv\/product\/beko-b5rcna405zxbr-203-5cm-no-frost\/"},"modified":"2026-05-01T08:00:56","modified_gmt":"2026-05-01T08:00:56","slug":"beko-b5rcna405zxbr-203-5cm-no-frost","status":"publish","type":"product","link":"https:\/\/continent.lv\/ru\/product\/beko-b5rcna405zxbr-203-5cm-no-frost\/","title":{"rendered":"Beko B5RCNA405ZXBR 203.5 \u0441\u043c, No Frost"},"content":{"rendered":"<p>\u0422\u0438\u043f \u043f\u0440\u043e\u0434\u0443\u043a\u0442\u0430 \u0425\u043e\u043b\u043e\u0434\u0438\u043b\u044c\u043d\u0438\u043a\u0438<\/p>\n<p>\u0422\u0438\u043f \u0445\u043e\u043b\u043e\u0434\u0438\u043b\u044c\u043d\u0438\u043a\u0430 \u041c\u043e\u0440\u043e\u0437\u0438\u043b\u044c\u043d\u0430\u044f \u043a\u0430\u043c\u0435\u0440\u0430 \u0441\u043d\u0438\u0437\u0443<br \/>\u0411\u0440\u0435\u043d\u0434 Beko<br \/>\u041c\u043e\u0434\u0435\u043b\u044c B5RCNA405ZXBR<br \/>\u041d\u0430\u0437\u0432\u0430\u043d\u0438\u0435 \u0446\u0432\u0435\u0442\u0430: \u0410\u043d\u0442\u0440\u0430\u0446\u0438\u0442, \u0422\u0435\u043c\u043d\u043e-\u0441\u0435\u0440\u044b\u0439<br \/>\u0426\u0432\u0435\u0442: \u0421\u0435\u0440\u044b\u0439<br \/>\u0420\u0430\u0437\u043c\u0435\u0440\u044b \u0438 \u0432\u0435\u0441<br \/>\u0412\u044b\u0441\u043e\u0442\u0430 203.5 \u0441\u043c<br \/>\u0428\u0438\u0440\u0438\u043d\u0430 59.5 \u0441\u043c<br \/>\u0413\u043b\u0443\u0431\u0438\u043d\u0430 66.3 \u0441\u043c<br \/>\u0412\u0435\u0441 76.1 \u043a\u0433<br \/>\u042d\u043d\u0435\u0440\u0433\u043e\u043f\u043e\u0442\u0440\u0435\u0431\u043b\u0435\u043d\u0438\u0435<br \/>\u041a\u043b\u0430\u0441\u0441 \u044d\u043d\u0435\u0440\u0433\u043e\u043f\u043e\u0442\u0440\u0435\u0431\u043b\u0435\u043d\u0438\u044f D<br \/>Energoefektivit\u0101tes kla\u0161u skala A \u2013 G<br \/>\u0413\u043e\u0434\u043e\u0432\u043e\u0435 \u044d\u043d\u0435\u0440\u0433\u043e\u043f\u043e\u0442\u0440\u0435\u0431\u043b\u0435\u043d\u0438\u0435 205 \u043a\u0412\u0442\u00b7\u0447<br \/>\u041a\u0430\u043c\u0435\u0440\u0430 \u0445\u043e\u043b\u043e\u0434\u0438\u043b\u044c\u043d\u0438\u043a\u0430<br \/>\u041e\u0431\u0449\u0438\u0439 \u043e\u0431\u044a\u0435\u043c \u0445\u043e\u043b\u043e\u0434\u0438\u043b\u044c\u043d\u0438\u043a\u0430 407 \u043b<br \/>\u041f\u043e\u043b\u0435\u0437\u043d\u044b\u0439 \u043e\u0431\u044a\u0435\u043c \u0445\u043e\u043b\u043e\u0434\u0438\u043b\u044c\u043d\u0438\u043a\u0430 355 \u043b<br \/>\u041a\u043e\u043b\u0438\u0447\u0435\u0441\u0442\u0432\u043e \u0437\u0432\u0435\u0437\u0434 \u043d\u0430 \u0445\u043e\u043b\u043e\u0434\u0438\u043b\u044c\u043d\u0438\u043a\u0435 4<br \/>\u041a\u043e\u043b\u0438\u0447\u0435\u0441\u0442\u0432\u043e \u043f\u043e\u043b\u043e\u043a 5<br \/>\u041c\u0430\u0442\u0435\u0440\u0438\u0430\u043b \u043f\u043e\u043b\u043e\u043a \u0421\u0442\u0435\u043a\u043b\u043e<br \/>\u041e\u0442\u0434\u0435\u043b\u0435\u043d\u0438\u0435 \u0434\u043b\u044f \u043e\u0432\u043e\u0449\u0435\u0439 \u0438 \u0444\u0440\u0443\u043a\u0442\u043e\u0432 \u0414\u0430<br \/>\u0421 \u043f\u043e\u0434\u0441\u0432\u0435\u0442\u043a\u043e\u0439 \u0414\u0430<br \/>\u0422\u0438\u043f \u043e\u0441\u0432\u0435\u0449\u0435\u043d\u0438\u044f LED<br \/>\u041a\u0430\u043c\u0435\u0440\u0430 \u043c\u043e\u0440\u043e\u0437\u0438\u043b\u044c\u043d\u0438\u043a\u0430<br \/>\u041f\u043e\u043b\u0435\u0437\u043d\u044b\u0439 \u043e\u0431\u044a\u0435\u043c \u043c\u043e\u0440\u043e\u0437\u0438\u043b\u044c\u043d\u043e\u0439 \u043a\u0430\u043c\u0435\u0440\u044b 106 \u043b<br \/>\u0421\u0438\u0441\u0442\u0435\u043c\u0430 \u0440\u0430\u0437\u043c\u043e\u0440\u0430\u0436\u0438\u0432\u0430\u043d\u0438\u044f \u0438 \u0437\u0430\u043c\u043e\u0440\u043e\u0437\u043a\u0438<br \/>\u0421\u0438\u0441\u0442\u0435\u043c\u0430 \u0437\u0430\u043c\u043e\u0440\u043e\u0437\u043a\u0438 \u0445\u043e\u043b\u043e\u0434\u0438\u043b\u044c\u043d\u0438\u043a\u0430 No Frost<br \/>\u0422\u0435\u0440\u043c\u043e\u0441\u0442\u0430\u0442 \u0414\u0430<br \/>\u0422\u0438\u043f \u0442\u0435\u0440\u043c\u043e\u0441\u0442\u0430\u0442\u0430 \u042d\u043b\u0435\u043a\u0442\u0440\u043e\u043d\u043d\u044b\u0439<br \/>\u041a\u043e\u043b\u0438\u0447\u0435\u0441\u0442\u0432\u043e \u043a\u043e\u043c\u043f\u0440\u0435\u0441\u0441\u043e\u0440\u043e\u0432 1<br \/>\u0417\u043e\u043d\u0430 \u0431\u043b\u0438\u0437\u043a\u0430\u044f \u043a 0 \u00b0C \u0414\u0430<br \/>\u0410\u0432\u0442\u043e\u043c\u0430\u0442\u0438\u0447\u0435\u0441\u043a\u0430\u044f \u0440\u0430\u0437\u043c\u043e\u0440\u043e\u0437\u043a\u0430 \u0414\u0430<br \/>\u0421\u0438\u0441\u0442\u0435\u043c\u0430 \u0437\u0430\u043c\u043e\u0440\u043e\u0437\u043a\u0438 \u043c\u043e\u0440\u043e\u0437\u0438\u043b\u044c\u043d\u0438\u043a\u0430 No Frost<br \/>\u041f\u0440\u043e\u0438\u0437\u0432\u043e\u0434\u0438\u0442\u0435\u043b\u044c\u043d\u043e\u0441\u0442\u044c \u0437\u0430\u043c\u043e\u0440\u043e\u0437\u043a\u0438, \u043a\u0433\/24\u0447 6<br \/>\u0411\u044b\u0441\u0442\u0440\u0430\u044f \u0437\u0430\u043c\u043e\u0440\u043e\u0437\u043a\u0430 \u0414\u0430<br \/>\u0412\u0440\u0435\u043c\u044f \u0441\u043e\u0445\u0440\u0430\u043d\u0435\u043d\u0438\u044f \u0442\u0435\u043c\u043f\u0435\u0440\u0430\u0442\u0443\u0440\u044b \u043f\u0440\u0438 \u043e\u0442\u043a\u043b\u044e\u0447\u0435\u043d\u0438\u0438 \u043f\u0438\u0442\u0430\u043d\u0438\u044f 11 \u0447<br \/>\u0410\u0432\u0442\u043e\u043c\u0430\u0442\u0438\u0447\u0435\u0441\u043a\u0430\u044f \u0440\u0430\u0437\u043c\u043e\u0440\u043e\u0437\u043a\u0430 \u043c\u043e\u0440\u043e\u0437\u0438\u043b\u044c\u043d\u0438\u043a\u0430 \u0414\u0430<br \/>\u0423\u043f\u0440\u0430\u0432\u043b\u0435\u043d\u0438\u0435<br \/>\u0412\u043e\u0437\u043c\u043e\u0436\u043d\u043e\u0441\u0442\u044c \u0441\u043c\u0435\u043d\u044b \u043d\u0430\u043f\u0440\u0430\u0432\u043b\u0435\u043d\u0438\u044f \u043e\u0442\u043a\u0440\u044b\u0432\u0430\u043d\u0438\u044f \u0434\u0432\u0435\u0440\u0438 \u0414\u0430<br \/>\u0423\u043f\u0440\u0430\u0432\u043b\u0435\u043d\u0438\u0435 \u042d\u043b\u0435\u043a\u0442\u0440\u043e\u043d\u043d\u043e\u0435<br \/>\u042d\u043a\u0440\u0430\u043d \u0414\u0430<br \/>\u0414\u043e\u043f\u043e\u043b\u043d\u0438\u0442\u0435\u043b\u044c\u043d\u043e<br \/>\u041a\u043b\u0438\u043c\u0430\u0442\u0438\u0447\u0435\u0441\u043a\u0438\u0439 \u043a\u043b\u0430\u0441\u0441 SN\/T<br \/>\u0423\u0440\u043e\u0432\u0435\u043d\u044c \u0448\u0443\u043c\u0430 35 \u0434\u0411<br \/>\u0422\u0438\u043f \u0443\u0441\u0442\u0430\u043d\u043e\u0432\u043a\u0438 \u041e\u0442\u0434\u0435\u043b\u044c\u043d\u043e\u0441\u0442\u043e\u044f\u0449\u0438\u0439<br \/>\u0412\u043e\u0434\u044f\u043d\u044b\u0435 \u0438 \u043b\u044c\u0434\u043e\u0432\u044b\u0435 \u0431\u043b\u043e\u043a\u0438 \u041d\u0435\u0442<br \/>\u0414\u0440\u0443\u0433\u0438\u0435 \u0444\u0443\u043d\u043a\u0446\u0438\u0438 HarvestFresh<br \/>\u0421\u0442\u0440\u0430\u043d\u0430 \u043f\u0440\u043e\u0438\u0441\u0445\u043e\u0436\u0434\u0435\u043d\u0438\u044f \u0420\u0443\u043c\u044b\u043d\u0438\u044f<\/p><\/p>","protected":false},"excerpt":{"rendered":"<p>Produkta veids Ledusskapji Ledusskapja veids Sald\u0113tava apak\u0161\u0101Z\u012bmols BekoModelis B5RCNA405ZXBRKr\u0101sas nosaukums Antrac\u012bta kr\u0101s., Tum\u0161i pel\u0113ka kr\u0101s.Kr\u0101sa Pel\u0113ka kr\u0101s.Izm\u0113ri un svarsAugstums 203.5 cmPlatums 59.5 cmDzi\u013cums 66.3 cmSvars 76.1 kgEner\u0123ijas pat\u0113ri\u0146\u0161Energoefektivit\u0101tes klase DEnergoefektivit\u0101tes kla\u0161u skala A \u2013 GGada ener\u0123ijas pat\u0113ri\u0146\u0161 205 kWhLedusskapja kameraKop\u0113jais ledusskapja tilpums 407 lIzmantojamais ledusskapja tilpums 355 lLedusskapja zvaig\u017e\u0146u skaits 4Plauktu skaits 5Plauktu materi\u0101ls StiklsD\u0101rze\u0146u [&hellip;]<\/p>\n","protected":false},"featured_media":45248,"comment_status":"open","ping_status":"closed","template":"","meta":{"_joinchat":[]},"product_brand":[269],"product_cat":[272],"product_tag":[],"class_list":{"0":"post-45254","1":"product","2":"type-product","3":"status-publish","4":"has-post-thumbnail","6":"product_brand-beko","7":"product_cat-sadzives-tehnika-ledusskapji","9":"first","10":"instock","11":"shipping-taxable","12":"purchasable","13":"product-type-simple"},"yoast_head":"<!-- This site is optimized with the Yoast SEO plugin v27.5 - https:\/\/yoast.com\/product\/yoast-seo-wordpress\/ -->\n<title>Beko B5RCNA405ZXBR 203.5cm , No Frost - Continent.lv<\/title>\n<meta name=\"robots\" content=\"index, follow, max-snippet:-1, max-image-preview:large, max-video-preview:-1\" \/>\n<link rel=\"canonical\" href=\"https:\/\/continent.lv\/ru\/product\/beko-b5rcna405zxbr-203-5cm-no-frost\/\" \/>\n<meta property=\"og:locale\" content=\"ru_RU\" \/>\n<meta property=\"og:type\" content=\"article\" \/>\n<meta property=\"og:title\" content=\"Beko B5RCNA405ZXBR 203.5cm , No Frost - Continent.lv\" \/>\n<meta property=\"og:description\" content=\"Produkta veids Ledusskapji Ledusskapja veids Sald\u0113tava apak\u0161\u0101Z\u012bmols BekoModelis B5RCNA405ZXBRKr\u0101sas nosaukums Antrac\u012bta kr\u0101s., Tum\u0161i pel\u0113ka kr\u0101s.Kr\u0101sa Pel\u0113ka kr\u0101s.Izm\u0113ri un svarsAugstums 203.5 cmPlatums 59.5 cmDzi\u013cums 66.3 cmSvars 76.1 kgEner\u0123ijas pat\u0113ri\u0146\u0161Energoefektivit\u0101tes klase DEnergoefektivit\u0101tes kla\u0161u skala A \u2013 GGada ener\u0123ijas pat\u0113ri\u0146\u0161 205 kWhLedusskapja kameraKop\u0113jais ledusskapja tilpums 407 lIzmantojamais ledusskapja tilpums 355 lLedusskapja zvaig\u017e\u0146u skaits 4Plauktu skaits 5Plauktu materi\u0101ls StiklsD\u0101rze\u0146u [&hellip;]\" \/>\n<meta property=\"og:url\" content=\"https:\/\/continent.lv\/ru\/product\/beko-b5rcna405zxbr-203-5cm-no-frost\/\" \/>\n<meta property=\"og:site_name\" content=\"Continent.lv\" \/>\n<meta property=\"og:image\" content=\"https:\/\/continent.lv\/wp-content\/uploads\/2026\/05\/21_aj6r-j8.jpeg\" \/>\n\t<meta property=\"og:image:width\" content=\"1440\" \/>\n\t<meta property=\"og:image:height\" content=\"4840\" \/>\n\t<meta property=\"og:image:type\" content=\"image\/jpeg\" \/>\n<meta name=\"twitter:card\" content=\"summary_large_image\" \/>\n<meta name=\"twitter:label1\" content=\"\u041f\u0440\u0438\u043c\u0435\u0440\u043d\u043e\u0435 \u0432\u0440\u0435\u043c\u044f \u0434\u043b\u044f \u0447\u0442\u0435\u043d\u0438\u044f\" \/>\n\t<meta name=\"twitter:data1\" content=\"1 \u043c\u0438\u043d\u0443\u0442\u0430\" \/>\n<script type=\"application\/ld+json\" class=\"yoast-schema-graph\">{\"@context\":\"https:\\\/\\\/schema.org\",\"@graph\":[{\"@type\":\"WebPage\",\"@id\":\"https:\\\/\\\/continent.lv\\\/product\\\/beko-b5rcna405zxbr-203-5cm-no-frost\\\/\",\"url\":\"https:\\\/\\\/continent.lv\\\/product\\\/beko-b5rcna405zxbr-203-5cm-no-frost\\\/\",\"name\":\"Beko B5RCNA405ZXBR 203.5cm , No Frost - Continent.lv\",\"isPartOf\":{\"@id\":\"https:\\\/\\\/continent.lv\\\/#website\"},\"primaryImageOfPage\":{\"@id\":\"https:\\\/\\\/continent.lv\\\/product\\\/beko-b5rcna405zxbr-203-5cm-no-frost\\\/#primaryimage\"},\"image\":{\"@id\":\"https:\\\/\\\/continent.lv\\\/product\\\/beko-b5rcna405zxbr-203-5cm-no-frost\\\/#primaryimage\"},\"thumbnailUrl\":\"https:\\\/\\\/continent.lv\\\/wp-content\\\/uploads\\\/2026\\\/05\\\/21_aj6r-j8.jpeg\",\"datePublished\":\"2026-05-01T08:00:56+00:00\",\"breadcrumb\":{\"@id\":\"https:\\\/\\\/continent.lv\\\/product\\\/beko-b5rcna405zxbr-203-5cm-no-frost\\\/#breadcrumb\"},\"inLanguage\":\"ru-RU\",\"potentialAction\":[{\"@type\":\"ReadAction\",\"target\":[\"https:\\\/\\\/continent.lv\\\/product\\\/beko-b5rcna405zxbr-203-5cm-no-frost\\\/\"]}]},{\"@type\":\"ImageObject\",\"inLanguage\":\"ru-RU\",\"@id\":\"https:\\\/\\\/continent.lv\\\/product\\\/beko-b5rcna405zxbr-203-5cm-no-frost\\\/#primaryimage\",\"url\":\"https:\\\/\\\/continent.lv\\\/wp-content\\\/uploads\\\/2026\\\/05\\\/21_aj6r-j8.jpeg\",\"contentUrl\":\"https:\\\/\\\/continent.lv\\\/wp-content\\\/uploads\\\/2026\\\/05\\\/21_aj6r-j8.jpeg\",\"width\":1440,\"height\":4840},{\"@type\":\"BreadcrumbList\",\"@id\":\"https:\\\/\\\/continent.lv\\\/product\\\/beko-b5rcna405zxbr-203-5cm-no-frost\\\/#breadcrumb\",\"itemListElement\":[{\"@type\":\"ListItem\",\"position\":1,\"name\":\"Home\",\"item\":\"https:\\\/\\\/continent.lv\\\/\"},{\"@type\":\"ListItem\",\"position\":2,\"name\":\"Veikals\",\"item\":\"https:\\\/\\\/continent.lv\\\/shop\\\/\"},{\"@type\":\"ListItem\",\"position\":3,\"name\":\"Beko B5RCNA405ZXBR 203.5cm , No Frost\"}]},{\"@type\":\"WebSite\",\"@id\":\"https:\\\/\\\/continent.lv\\\/#website\",\"url\":\"https:\\\/\\\/continent.lv\\\/\",\"name\":\"Continent.lv\",\"description\":\"Sadz\u012bves pre\u010du internetveikals\",\"publisher\":{\"@id\":\"https:\\\/\\\/continent.lv\\\/#organization\"},\"potentialAction\":[{\"@type\":\"SearchAction\",\"target\":{\"@type\":\"EntryPoint\",\"urlTemplate\":\"https:\\\/\\\/continent.lv\\\/?s={search_term_string}\"},\"query-input\":{\"@type\":\"PropertyValueSpecification\",\"valueRequired\":true,\"valueName\":\"search_term_string\"}}],\"inLanguage\":\"ru-RU\"},{\"@type\":\"Organization\",\"@id\":\"https:\\\/\\\/continent.lv\\\/#organization\",\"name\":\"Continent.lv\",\"url\":\"https:\\\/\\\/continent.lv\\\/\",\"logo\":{\"@type\":\"ImageObject\",\"inLanguage\":\"ru-RU\",\"@id\":\"https:\\\/\\\/continent.lv\\\/#\\\/schema\\\/logo\\\/image\\\/\",\"url\":\"https:\\\/\\\/continent.lv\\\/wp-content\\\/uploads\\\/2026\\\/05\\\/logo_continent_5nwv-jh.jpg\",\"contentUrl\":\"https:\\\/\\\/continent.lv\\\/wp-content\\\/uploads\\\/2026\\\/05\\\/logo_continent_5nwv-jh.jpg\",\"width\":221,\"height\":50,\"caption\":\"Continent.lv\"},\"image\":{\"@id\":\"https:\\\/\\\/continent.lv\\\/#\\\/schema\\\/logo\\\/image\\\/\"}}]}<\/script>\n<!-- \/ Yoast SEO plugin. -->","yoast_head_json":{"title":"Beko B5RCNA405ZXBR 203.5cm , No Frost - Continent.lv","robots":{"index":"index","follow":"follow","max-snippet":"max-snippet:-1","max-image-preview":"max-image-preview:large","max-video-preview":"max-video-preview:-1"},"canonical":"https:\/\/continent.lv\/ru\/product\/beko-b5rcna405zxbr-203-5cm-no-frost\/","og_locale":"ru_RU","og_type":"article","og_title":"Beko B5RCNA405ZXBR 203.5cm , No Frost - Continent.lv","og_description":"Produkta veids Ledusskapji Ledusskapja veids Sald\u0113tava apak\u0161\u0101Z\u012bmols BekoModelis B5RCNA405ZXBRKr\u0101sas nosaukums Antrac\u012bta kr\u0101s., Tum\u0161i pel\u0113ka kr\u0101s.Kr\u0101sa Pel\u0113ka kr\u0101s.Izm\u0113ri un svarsAugstums 203.5 cmPlatums 59.5 cmDzi\u013cums 66.3 cmSvars 76.1 kgEner\u0123ijas pat\u0113ri\u0146\u0161Energoefektivit\u0101tes klase DEnergoefektivit\u0101tes kla\u0161u skala A \u2013 GGada ener\u0123ijas pat\u0113ri\u0146\u0161 205 kWhLedusskapja kameraKop\u0113jais ledusskapja tilpums 407 lIzmantojamais ledusskapja tilpums 355 lLedusskapja zvaig\u017e\u0146u skaits 4Plauktu skaits 5Plauktu materi\u0101ls StiklsD\u0101rze\u0146u [&hellip;]","og_url":"https:\/\/continent.lv\/ru\/product\/beko-b5rcna405zxbr-203-5cm-no-frost\/","og_site_name":"Continent.lv","og_image":[{"width":1440,"height":4840,"url":"https:\/\/continent.lv\/wp-content\/uploads\/2026\/05\/21_aj6r-j8.jpeg","type":"image\/jpeg"}],"twitter_card":"summary_large_image","twitter_misc":{"\u041f\u0440\u0438\u043c\u0435\u0440\u043d\u043e\u0435 \u0432\u0440\u0435\u043c\u044f \u0434\u043b\u044f \u0447\u0442\u0435\u043d\u0438\u044f":"1 \u043c\u0438\u043d\u0443\u0442\u0430"},"schema":{"@context":"https:\/\/schema.org","@graph":[{"@type":"WebPage","@id":"https:\/\/continent.lv\/product\/beko-b5rcna405zxbr-203-5cm-no-frost\/","url":"https:\/\/continent.lv\/product\/beko-b5rcna405zxbr-203-5cm-no-frost\/","name":"Beko B5RCNA405ZXBR 203.5cm , No Frost - Continent.lv","isPartOf":{"@id":"https:\/\/continent.lv\/#website"},"primaryImageOfPage":{"@id":"https:\/\/continent.lv\/product\/beko-b5rcna405zxbr-203-5cm-no-frost\/#primaryimage"},"image":{"@id":"https:\/\/continent.lv\/product\/beko-b5rcna405zxbr-203-5cm-no-frost\/#primaryimage"},"thumbnailUrl":"https:\/\/continent.lv\/wp-content\/uploads\/2026\/05\/21_aj6r-j8.jpeg","datePublished":"2026-05-01T08:00:56+00:00","breadcrumb":{"@id":"https:\/\/continent.lv\/product\/beko-b5rcna405zxbr-203-5cm-no-frost\/#breadcrumb"},"inLanguage":"ru-RU","potentialAction":[{"@type":"ReadAction","target":["https:\/\/continent.lv\/product\/beko-b5rcna405zxbr-203-5cm-no-frost\/"]}]},{"@type":"ImageObject","inLanguage":"ru-RU","@id":"https:\/\/continent.lv\/product\/beko-b5rcna405zxbr-203-5cm-no-frost\/#primaryimage","url":"https:\/\/continent.lv\/wp-content\/uploads\/2026\/05\/21_aj6r-j8.jpeg","contentUrl":"https:\/\/continent.lv\/wp-content\/uploads\/2026\/05\/21_aj6r-j8.jpeg","width":1440,"height":4840},{"@type":"BreadcrumbList","@id":"https:\/\/continent.lv\/product\/beko-b5rcna405zxbr-203-5cm-no-frost\/#breadcrumb","itemListElement":[{"@type":"ListItem","position":1,"name":"Home","item":"https:\/\/continent.lv\/"},{"@type":"ListItem","position":2,"name":"Veikals","item":"https:\/\/continent.lv\/shop\/"},{"@type":"ListItem","position":3,"name":"Beko B5RCNA405ZXBR 203.5cm , No Frost"}]},{"@type":"WebSite","@id":"https:\/\/continent.lv\/#website","url":"https:\/\/continent.lv\/","name":"Continent.lv","description":"Sadz\u012bves pre\u010du internetveikals","publisher":{"@id":"https:\/\/continent.lv\/#organization"},"potentialAction":[{"@type":"SearchAction","target":{"@type":"EntryPoint","urlTemplate":"https:\/\/continent.lv\/?s={search_term_string}"},"query-input":{"@type":"PropertyValueSpecification","valueRequired":true,"valueName":"search_term_string"}}],"inLanguage":"ru-RU"},{"@type":"Organization","@id":"https:\/\/continent.lv\/#organization","name":"Continent.lv","url":"https:\/\/continent.lv\/","logo":{"@type":"ImageObject","inLanguage":"ru-RU","@id":"https:\/\/continent.lv\/#\/schema\/logo\/image\/","url":"https:\/\/continent.lv\/wp-content\/uploads\/2026\/05\/logo_continent_5nwv-jh.jpg","contentUrl":"https:\/\/continent.lv\/wp-content\/uploads\/2026\/05\/logo_continent_5nwv-jh.jpg","width":221,"height":50,"caption":"Continent.lv"},"image":{"@id":"https:\/\/continent.lv\/#\/schema\/logo\/image\/"}}]}},"_links":{"self":[{"href":"https:\/\/continent.lv\/ru\/wp-json\/wp\/v2\/product\/45254","targetHints":{"allow":["GET"]}}],"collection":[{"href":"https:\/\/continent.lv\/ru\/wp-json\/wp\/v2\/product"}],"about":[{"href":"https:\/\/continent.lv\/ru\/wp-json\/wp\/v2\/types\/product"}],"replies":[{"embeddable":true,"href":"https:\/\/continent.lv\/ru\/wp-json\/wp\/v2\/comments?post=45254"}],"wp:featuredmedia":[{"embeddable":true,"href":"https:\/\/continent.lv\/ru\/wp-json\/wp\/v2\/media\/45248"}],"wp:attachment":[{"href":"https:\/\/continent.lv\/ru\/wp-json\/wp\/v2\/media?parent=45254"}],"wp:term":[{"taxonomy":"product_brand","embeddable":true,"href":"https:\/\/continent.lv\/ru\/wp-json\/wp\/v2\/product_brand?post=45254"},{"taxonomy":"product_cat","embeddable":true,"href":"https:\/\/continent.lv\/ru\/wp-json\/wp\/v2\/product_cat?post=45254"},{"taxonomy":"product_tag","embeddable":true,"href":"https:\/\/continent.lv\/ru\/wp-json\/wp\/v2\/product_tag?post=45254"}],"curies":[{"name":"wp","href":"https:\/\/api.w.org\/{rel}","templated":true}]}}