{"id":45046,"date":"2026-05-01T07:53:22","date_gmt":"2026-05-01T07:53:22","guid":{"rendered":"https:\/\/continent.lv\/product\/bosch-kin96sfd0-193-5cm-iebuvejams\/"},"modified":"2026-05-01T07:53:22","modified_gmt":"2026-05-01T07:53:22","slug":"bosch-kin96sfd0-193-5cm-iebuvejams","status":"publish","type":"product","link":"https:\/\/continent.lv\/ru\/product\/bosch-kin96sfd0-193-5cm-iebuvejams\/","title":{"rendered":"Bosch KIN96SFD0 193.5\u0441\u043c \u0412\u0441\u0442\u0440\u0430\u0438\u0432\u0430\u0435\u043c\u044b\u0439!"},"content":{"rendered":"<p>\u0422\u0435\u0445\u043d\u0438\u0447\u0435\u0441\u043a\u043e\u0435 \u043e\u043f\u0438\u0441\u0430\u043d\u0438\u0435<\/p>\n<p>Apgaismojuma tips\u00a0\u00a0\u00a0 LED<br \/>Ledusskapja tips\u00a0\u00a0\u00a0 Sald\u0113tava apak\u0161\u0101<br \/>Atkaus\u0113\u0161anas metode\u00a0\u00a0\u00a0 No Frost (Frost free)<br \/>\u042d\u043d\u0435\u0440\u0433\u0438\u044f<br \/>Ener\u0123ijas klase\u00a0\u00a0\u00a0 D<br \/>Trok\u0161\u0146a l\u012bmenis (dB)\u00a0\u00a0\u00a0 34<br \/>Ener\u0123ijas pat\u0113ri\u0146\u0161 gad\u0101 (kWh)\u00a0\u00a0\u00a0 184<br \/>Trok\u0161\u0146a l\u012bmenis (klase)\u00a0\u00a0\u00a0 B<br \/>Uzglab\u0101\u0161anas laiks bez str\u0101vas (h)\u00a0\u00a0\u00a0 11<br \/>\u041f\u0435\u0440\u0435\u0434\u0430\u0447\u0430 \u0434\u0430\u043d\u043d\u044b\u0445 WiFi\/\u043f\u0440\u0438\u043b\u043e\u0436\u0435\u043d\u0438\u0435<br \/>\u0420\u0430\u0437\u043c\u0435\u0440\u044b<br \/>Augstums (cm)\u00a0\u00a0\u00a0 193,5<br \/>Platums (cm)\u00a0\u00a0\u00a0 55,8<br \/>Dzi\u013cums (cm)\u00a0\u00a0\u00a0 54,8<br \/>Svars (kg)\u00a0\u00a0\u00a0 62,2<br \/>Ledusskapja tilpums, neto (l)\u00a0\u00a0\u00a0 215<br \/>Sald\u0113tavas kameras tilpums, neto (l)\u00a0\u00a0\u00a0 75<br \/>ms, neto (l)\u00a0\u00a0\u00a0 290<br \/>\u041f\u0440\u043e\u0447\u0435\u0435<br \/>Kr\u0101sa\u00a0\u00a0\u00a0 Balts<br \/>\u041e\u0431\u0440\u0430\u0442\u043d\u043e\u0435 \u043e\u0442\u043a\u0440\u044b\u0432\u0430\u043d\u0438\u0435 \u0434\u0432\u0435\u0440\u0438<br \/>\u041f\u0435\u0440\u0435\u0434\u0430\u0447\u0430 \u0434\u0430\u043d\u043d\u044b\u0445 WiFi\/\u043f\u0440\u0438\u043b\u043e\u0436\u0435\u043d\u0438\u0435<\/p><\/p>","protected":false},"excerpt":{"rendered":"<p>Tehniskais apraksts Apgaismojuma tips\u00a0\u00a0\u00a0 LEDLedusskapja tips\u00a0\u00a0\u00a0 Sald\u0113tava apak\u0161\u0101Atkaus\u0113\u0161anas metode\u00a0\u00a0\u00a0 No Frost (Frost free)Ener\u0123ijaEner\u0123ijas klase\u00a0\u00a0\u00a0 DTrok\u0161\u0146a l\u012bmenis (dB)\u00a0\u00a0\u00a0 34Ener\u0123ijas pat\u0113ri\u0146\u0161 gad\u0101 (kWh)\u00a0\u00a0\u00a0 184Trok\u0161\u0146a l\u012bmenis (klase)\u00a0\u00a0\u00a0 BUzglab\u0101\u0161anas laiks bez str\u0101vas (h)\u00a0\u00a0\u00a0 11Datu komunik\u0101cija WiFi\/lietotneIzm\u0113riAugstums (cm)\u00a0\u00a0\u00a0 193,5Platums (cm)\u00a0\u00a0\u00a0 55,8Dzi\u013cums (cm)\u00a0\u00a0\u00a0 54,8Svars (kg)\u00a0\u00a0\u00a0 62,2Ledusskapja tilpums, neto (l)\u00a0\u00a0\u00a0 215Sald\u0113tavas kameras tilpums, neto (l)\u00a0\u00a0\u00a0 75ms, neto (l)\u00a0\u00a0\u00a0 290CitsKr\u0101sa\u00a0\u00a0\u00a0 BaltsReversa durviDatu komunik\u0101cija [&hellip;]<\/p>\n","protected":false},"featured_media":45039,"comment_status":"open","ping_status":"closed","template":"","meta":{"_joinchat":[]},"product_brand":[281],"product_cat":[296],"product_tag":[],"class_list":{"0":"post-45046","1":"product","2":"type-product","3":"status-publish","4":"has-post-thumbnail","6":"product_brand-bosch","7":"product_cat-iebuvejama-sadzives-tehnika-iebuvejamie-ledusskapji","9":"first","10":"instock","11":"shipping-taxable","12":"purchasable","13":"product-type-simple"},"yoast_head":"<!-- This site is optimized with the Yoast SEO plugin v27.5 - https:\/\/yoast.com\/product\/yoast-seo-wordpress\/ -->\n<title>Bosch KIN96SFD0 193.5cm Ieb\u016bv\u0113jams! - Continent.lv<\/title>\n<meta name=\"robots\" content=\"index, follow, max-snippet:-1, max-image-preview:large, max-video-preview:-1\" \/>\n<link rel=\"canonical\" href=\"https:\/\/continent.lv\/ru\/product\/bosch-kin96sfd0-193-5cm-iebuvejams\/\" \/>\n<meta property=\"og:locale\" content=\"ru_RU\" \/>\n<meta property=\"og:type\" content=\"article\" \/>\n<meta property=\"og:title\" content=\"Bosch KIN96SFD0 193.5cm Ieb\u016bv\u0113jams! - Continent.lv\" \/>\n<meta property=\"og:description\" content=\"Tehniskais apraksts Apgaismojuma tips\u00a0\u00a0\u00a0 LEDLedusskapja tips\u00a0\u00a0\u00a0 Sald\u0113tava apak\u0161\u0101Atkaus\u0113\u0161anas metode\u00a0\u00a0\u00a0 No Frost (Frost free)Ener\u0123ijaEner\u0123ijas klase\u00a0\u00a0\u00a0 DTrok\u0161\u0146a l\u012bmenis (dB)\u00a0\u00a0\u00a0 34Ener\u0123ijas pat\u0113ri\u0146\u0161 gad\u0101 (kWh)\u00a0\u00a0\u00a0 184Trok\u0161\u0146a l\u012bmenis (klase)\u00a0\u00a0\u00a0 BUzglab\u0101\u0161anas laiks bez str\u0101vas (h)\u00a0\u00a0\u00a0 11Datu komunik\u0101cija WiFi\/lietotneIzm\u0113riAugstums (cm)\u00a0\u00a0\u00a0 193,5Platums (cm)\u00a0\u00a0\u00a0 55,8Dzi\u013cums (cm)\u00a0\u00a0\u00a0 54,8Svars (kg)\u00a0\u00a0\u00a0 62,2Ledusskapja tilpums, neto (l)\u00a0\u00a0\u00a0 215Sald\u0113tavas kameras tilpums, neto (l)\u00a0\u00a0\u00a0 75ms, neto (l)\u00a0\u00a0\u00a0 290CitsKr\u0101sa\u00a0\u00a0\u00a0 BaltsReversa durviDatu komunik\u0101cija [&hellip;]\" \/>\n<meta property=\"og:url\" content=\"https:\/\/continent.lv\/ru\/product\/bosch-kin96sfd0-193-5cm-iebuvejams\/\" \/>\n<meta property=\"og:site_name\" content=\"Continent.lv\" \/>\n<meta property=\"og:image\" content=\"https:\/\/continent.lv\/wp-content\/uploads\/2026\/05\/21_f3jl-h3.jpeg\" \/>\n\t<meta property=\"og:image:width\" content=\"800\" \/>\n\t<meta property=\"og:image:height\" content=\"800\" \/>\n\t<meta property=\"og:image:type\" content=\"image\/jpeg\" \/>\n<meta name=\"twitter:card\" content=\"summary_large_image\" \/>\n<meta name=\"twitter:label1\" content=\"\u041f\u0440\u0438\u043c\u0435\u0440\u043d\u043e\u0435 \u0432\u0440\u0435\u043c\u044f \u0434\u043b\u044f \u0447\u0442\u0435\u043d\u0438\u044f\" \/>\n\t<meta name=\"twitter:data1\" content=\"1 \u043c\u0438\u043d\u0443\u0442\u0430\" \/>\n<script type=\"application\/ld+json\" class=\"yoast-schema-graph\">{\"@context\":\"https:\\\/\\\/schema.org\",\"@graph\":[{\"@type\":\"WebPage\",\"@id\":\"https:\\\/\\\/continent.lv\\\/product\\\/bosch-kin96sfd0-193-5cm-iebuvejams\\\/\",\"url\":\"https:\\\/\\\/continent.lv\\\/product\\\/bosch-kin96sfd0-193-5cm-iebuvejams\\\/\",\"name\":\"Bosch KIN96SFD0 193.5cm Ieb\u016bv\u0113jams! - Continent.lv\",\"isPartOf\":{\"@id\":\"https:\\\/\\\/continent.lv\\\/#website\"},\"primaryImageOfPage\":{\"@id\":\"https:\\\/\\\/continent.lv\\\/product\\\/bosch-kin96sfd0-193-5cm-iebuvejams\\\/#primaryimage\"},\"image\":{\"@id\":\"https:\\\/\\\/continent.lv\\\/product\\\/bosch-kin96sfd0-193-5cm-iebuvejams\\\/#primaryimage\"},\"thumbnailUrl\":\"https:\\\/\\\/continent.lv\\\/wp-content\\\/uploads\\\/2026\\\/05\\\/21_f3jl-h3.jpeg\",\"datePublished\":\"2026-05-01T07:53:22+00:00\",\"breadcrumb\":{\"@id\":\"https:\\\/\\\/continent.lv\\\/product\\\/bosch-kin96sfd0-193-5cm-iebuvejams\\\/#breadcrumb\"},\"inLanguage\":\"ru-RU\",\"potentialAction\":[{\"@type\":\"ReadAction\",\"target\":[\"https:\\\/\\\/continent.lv\\\/product\\\/bosch-kin96sfd0-193-5cm-iebuvejams\\\/\"]}]},{\"@type\":\"ImageObject\",\"inLanguage\":\"ru-RU\",\"@id\":\"https:\\\/\\\/continent.lv\\\/product\\\/bosch-kin96sfd0-193-5cm-iebuvejams\\\/#primaryimage\",\"url\":\"https:\\\/\\\/continent.lv\\\/wp-content\\\/uploads\\\/2026\\\/05\\\/21_f3jl-h3.jpeg\",\"contentUrl\":\"https:\\\/\\\/continent.lv\\\/wp-content\\\/uploads\\\/2026\\\/05\\\/21_f3jl-h3.jpeg\",\"width\":800,\"height\":800},{\"@type\":\"BreadcrumbList\",\"@id\":\"https:\\\/\\\/continent.lv\\\/product\\\/bosch-kin96sfd0-193-5cm-iebuvejams\\\/#breadcrumb\",\"itemListElement\":[{\"@type\":\"ListItem\",\"position\":1,\"name\":\"Home\",\"item\":\"https:\\\/\\\/continent.lv\\\/\"},{\"@type\":\"ListItem\",\"position\":2,\"name\":\"Veikals\",\"item\":\"https:\\\/\\\/continent.lv\\\/shop\\\/\"},{\"@type\":\"ListItem\",\"position\":3,\"name\":\"Bosch KIN96SFD0 193.5cm Ieb\u016bv\u0113jams!\"}]},{\"@type\":\"WebSite\",\"@id\":\"https:\\\/\\\/continent.lv\\\/#website\",\"url\":\"https:\\\/\\\/continent.lv\\\/\",\"name\":\"Continent.lv\",\"description\":\"Sadz\u012bves pre\u010du internetveikals\",\"publisher\":{\"@id\":\"https:\\\/\\\/continent.lv\\\/#organization\"},\"potentialAction\":[{\"@type\":\"SearchAction\",\"target\":{\"@type\":\"EntryPoint\",\"urlTemplate\":\"https:\\\/\\\/continent.lv\\\/?s={search_term_string}\"},\"query-input\":{\"@type\":\"PropertyValueSpecification\",\"valueRequired\":true,\"valueName\":\"search_term_string\"}}],\"inLanguage\":\"ru-RU\"},{\"@type\":\"Organization\",\"@id\":\"https:\\\/\\\/continent.lv\\\/#organization\",\"name\":\"Continent.lv\",\"url\":\"https:\\\/\\\/continent.lv\\\/\",\"logo\":{\"@type\":\"ImageObject\",\"inLanguage\":\"ru-RU\",\"@id\":\"https:\\\/\\\/continent.lv\\\/#\\\/schema\\\/logo\\\/image\\\/\",\"url\":\"https:\\\/\\\/continent.lv\\\/wp-content\\\/uploads\\\/2026\\\/05\\\/logo_continent_5nwv-jh.jpg\",\"contentUrl\":\"https:\\\/\\\/continent.lv\\\/wp-content\\\/uploads\\\/2026\\\/05\\\/logo_continent_5nwv-jh.jpg\",\"width\":221,\"height\":50,\"caption\":\"Continent.lv\"},\"image\":{\"@id\":\"https:\\\/\\\/continent.lv\\\/#\\\/schema\\\/logo\\\/image\\\/\"}}]}<\/script>\n<!-- \/ Yoast SEO plugin. -->","yoast_head_json":{"title":"Bosch KIN96SFD0 193.5cm Ieb\u016bv\u0113jams! - Continent.lv","robots":{"index":"index","follow":"follow","max-snippet":"max-snippet:-1","max-image-preview":"max-image-preview:large","max-video-preview":"max-video-preview:-1"},"canonical":"https:\/\/continent.lv\/ru\/product\/bosch-kin96sfd0-193-5cm-iebuvejams\/","og_locale":"ru_RU","og_type":"article","og_title":"Bosch KIN96SFD0 193.5cm Ieb\u016bv\u0113jams! - Continent.lv","og_description":"Tehniskais apraksts Apgaismojuma tips\u00a0\u00a0\u00a0 LEDLedusskapja tips\u00a0\u00a0\u00a0 Sald\u0113tava apak\u0161\u0101Atkaus\u0113\u0161anas metode\u00a0\u00a0\u00a0 No Frost (Frost free)Ener\u0123ijaEner\u0123ijas klase\u00a0\u00a0\u00a0 DTrok\u0161\u0146a l\u012bmenis (dB)\u00a0\u00a0\u00a0 34Ener\u0123ijas pat\u0113ri\u0146\u0161 gad\u0101 (kWh)\u00a0\u00a0\u00a0 184Trok\u0161\u0146a l\u012bmenis (klase)\u00a0\u00a0\u00a0 BUzglab\u0101\u0161anas laiks bez str\u0101vas (h)\u00a0\u00a0\u00a0 11Datu komunik\u0101cija WiFi\/lietotneIzm\u0113riAugstums (cm)\u00a0\u00a0\u00a0 193,5Platums (cm)\u00a0\u00a0\u00a0 55,8Dzi\u013cums (cm)\u00a0\u00a0\u00a0 54,8Svars (kg)\u00a0\u00a0\u00a0 62,2Ledusskapja tilpums, neto (l)\u00a0\u00a0\u00a0 215Sald\u0113tavas kameras tilpums, neto (l)\u00a0\u00a0\u00a0 75ms, neto (l)\u00a0\u00a0\u00a0 290CitsKr\u0101sa\u00a0\u00a0\u00a0 BaltsReversa durviDatu komunik\u0101cija [&hellip;]","og_url":"https:\/\/continent.lv\/ru\/product\/bosch-kin96sfd0-193-5cm-iebuvejams\/","og_site_name":"Continent.lv","og_image":[{"width":800,"height":800,"url":"https:\/\/continent.lv\/wp-content\/uploads\/2026\/05\/21_f3jl-h3.jpeg","type":"image\/jpeg"}],"twitter_card":"summary_large_image","twitter_misc":{"\u041f\u0440\u0438\u043c\u0435\u0440\u043d\u043e\u0435 \u0432\u0440\u0435\u043c\u044f \u0434\u043b\u044f \u0447\u0442\u0435\u043d\u0438\u044f":"1 \u043c\u0438\u043d\u0443\u0442\u0430"},"schema":{"@context":"https:\/\/schema.org","@graph":[{"@type":"WebPage","@id":"https:\/\/continent.lv\/product\/bosch-kin96sfd0-193-5cm-iebuvejams\/","url":"https:\/\/continent.lv\/product\/bosch-kin96sfd0-193-5cm-iebuvejams\/","name":"Bosch KIN96SFD0 193.5cm Ieb\u016bv\u0113jams! - Continent.lv","isPartOf":{"@id":"https:\/\/continent.lv\/#website"},"primaryImageOfPage":{"@id":"https:\/\/continent.lv\/product\/bosch-kin96sfd0-193-5cm-iebuvejams\/#primaryimage"},"image":{"@id":"https:\/\/continent.lv\/product\/bosch-kin96sfd0-193-5cm-iebuvejams\/#primaryimage"},"thumbnailUrl":"https:\/\/continent.lv\/wp-content\/uploads\/2026\/05\/21_f3jl-h3.jpeg","datePublished":"2026-05-01T07:53:22+00:00","breadcrumb":{"@id":"https:\/\/continent.lv\/product\/bosch-kin96sfd0-193-5cm-iebuvejams\/#breadcrumb"},"inLanguage":"ru-RU","potentialAction":[{"@type":"ReadAction","target":["https:\/\/continent.lv\/product\/bosch-kin96sfd0-193-5cm-iebuvejams\/"]}]},{"@type":"ImageObject","inLanguage":"ru-RU","@id":"https:\/\/continent.lv\/product\/bosch-kin96sfd0-193-5cm-iebuvejams\/#primaryimage","url":"https:\/\/continent.lv\/wp-content\/uploads\/2026\/05\/21_f3jl-h3.jpeg","contentUrl":"https:\/\/continent.lv\/wp-content\/uploads\/2026\/05\/21_f3jl-h3.jpeg","width":800,"height":800},{"@type":"BreadcrumbList","@id":"https:\/\/continent.lv\/product\/bosch-kin96sfd0-193-5cm-iebuvejams\/#breadcrumb","itemListElement":[{"@type":"ListItem","position":1,"name":"Home","item":"https:\/\/continent.lv\/"},{"@type":"ListItem","position":2,"name":"Veikals","item":"https:\/\/continent.lv\/shop\/"},{"@type":"ListItem","position":3,"name":"Bosch KIN96SFD0 193.5cm Ieb\u016bv\u0113jams!"}]},{"@type":"WebSite","@id":"https:\/\/continent.lv\/#website","url":"https:\/\/continent.lv\/","name":"Continent.lv","description":"Sadz\u012bves pre\u010du internetveikals","publisher":{"@id":"https:\/\/continent.lv\/#organization"},"potentialAction":[{"@type":"SearchAction","target":{"@type":"EntryPoint","urlTemplate":"https:\/\/continent.lv\/?s={search_term_string}"},"query-input":{"@type":"PropertyValueSpecification","valueRequired":true,"valueName":"search_term_string"}}],"inLanguage":"ru-RU"},{"@type":"Organization","@id":"https:\/\/continent.lv\/#organization","name":"Continent.lv","url":"https:\/\/continent.lv\/","logo":{"@type":"ImageObject","inLanguage":"ru-RU","@id":"https:\/\/continent.lv\/#\/schema\/logo\/image\/","url":"https:\/\/continent.lv\/wp-content\/uploads\/2026\/05\/logo_continent_5nwv-jh.jpg","contentUrl":"https:\/\/continent.lv\/wp-content\/uploads\/2026\/05\/logo_continent_5nwv-jh.jpg","width":221,"height":50,"caption":"Continent.lv"},"image":{"@id":"https:\/\/continent.lv\/#\/schema\/logo\/image\/"}}]}},"_links":{"self":[{"href":"https:\/\/continent.lv\/ru\/wp-json\/wp\/v2\/product\/45046","targetHints":{"allow":["GET"]}}],"collection":[{"href":"https:\/\/continent.lv\/ru\/wp-json\/wp\/v2\/product"}],"about":[{"href":"https:\/\/continent.lv\/ru\/wp-json\/wp\/v2\/types\/product"}],"replies":[{"embeddable":true,"href":"https:\/\/continent.lv\/ru\/wp-json\/wp\/v2\/comments?post=45046"}],"wp:featuredmedia":[{"embeddable":true,"href":"https:\/\/continent.lv\/ru\/wp-json\/wp\/v2\/media\/45039"}],"wp:attachment":[{"href":"https:\/\/continent.lv\/ru\/wp-json\/wp\/v2\/media?parent=45046"}],"wp:term":[{"taxonomy":"product_brand","embeddable":true,"href":"https:\/\/continent.lv\/ru\/wp-json\/wp\/v2\/product_brand?post=45046"},{"taxonomy":"product_cat","embeddable":true,"href":"https:\/\/continent.lv\/ru\/wp-json\/wp\/v2\/product_cat?post=45046"},{"taxonomy":"product_tag","embeddable":true,"href":"https:\/\/continent.lv\/ru\/wp-json\/wp\/v2\/product_tag?post=45046"}],"curies":[{"name":"wp","href":"https:\/\/api.w.org\/{rel}","templated":true}]}}