{"id":44970,"date":"2026-05-01T07:50:45","date_gmt":"2026-05-01T07:50:45","guid":{"rendered":"https:\/\/continent.lv\/product\/gardena-19703-75-970573108-1250-%d0%bc%c2%b2\/"},"modified":"2026-05-01T07:50:45","modified_gmt":"2026-05-01T07:50:45","slug":"gardena-19703-75-970573108-1250-%d0%bc%c2%b2","status":"publish","type":"product","link":"https:\/\/continent.lv\/ru\/product\/gardena-19703-75-970573108-1250-%d0%bc%c2%b2\/","title":{"rendered":"Gardena 19703-75 970573108, 1250 \u043c\u00b2"},"content":{"rendered":"<p>\u041e\u0431\u0449\u0438\u0435 \u043f\u0430\u0440\u0430\u043c\u0435\u0442\u0440\u044b<\/p>\n<p>Produkta veids\u00a0\u00a0\u00a0\u00a0 Z\u0101lienu p\u013cau\u0161anas roboti<br \/>Z\u012bmols\u00a0\u00a0\u00a0\u00a0 Gardena<br \/>Modelis\u00a0\u00a0\u00a0\u00a0 19703-75<br \/>Robota ier\u012bces tips\u00a0\u00a0\u00a0\u00a0 GPS, Vadu mar\u0137\u0113jums<br \/>\u041f\u0430\u0440\u0430\u043c\u0435\u0442\u0440\u044b \u0441\u0442\u0440\u0438\u0436\u043a\u0438<br \/>Darba platums\u00a0\u00a0\u00a0\u00a0 22 cm<br \/>P\u013cau\u0161anas augstums (Min)\u00a0\u00a0\u00a0\u00a0 20 mm<br \/>P\u013cau\u0161anas augstums (Maks)\u00a0\u00a0\u00a0\u00a0 50 mm<br \/>P\u013cau\u0161anas augstuma regul\u0113\u0161ana\u00a0\u00a0\u00a0\u00a0 J\u0101<br \/>P\u013cau\u0161anas augstuma poz\u012bcijas\u00a0\u00a0\u00a0\u00a0 3<br \/>Sensors\u00a0\u00a0\u00a0\u00a0 Pac\u0113l\u0101js, Sasv\u0113r\u0161an\u0101s, Tuvuma sensors<br \/>Maksim\u0101lais noslogojums\u00a0\u00a0\u00a0\u00a0 35 %<br \/>Maksim\u0101l\u0101 p\u013cau\u0161anas plat\u012bba\u00a0\u00a0\u00a0\u00a0 1250 m\u00b2<br \/>Dro\u0161\u012bbas noteikumi\u00a0\u00a0\u00a0\u00a0 PIN kods, Signaliz\u0101cija<br \/>\u0410\u043a\u043a\u0443\u043c\u0443\u043b\u044f\u0442\u043e\u0440<br \/>Akumulatora tips\u00a0\u00a0\u00a0\u00a0 Li-Ion<br \/>Akumulators iek\u013cauts komplekt\u0101\u00a0\u00a0\u00a0\u00a0 J\u0101<br \/>Akumulatora kapacit\u0101te\u00a0\u00a0\u00a0\u00a0 2100 mAh<br \/>Darb\u012bbas ilgums p\u0113c uzl\u0101des\u00a0\u00a0\u00a0\u00a0 65 min<br \/>Akumulatora spriegums\u00a0\u00a0\u00a0\u00a0 18 V<br \/>Palai\u0161anas sist\u0113ma\u00a0\u00a0\u00a0\u00a0 Autom\u0101tisks<br \/>Uzl\u0101des laiks\u00a0\u00a0\u00a0\u00a0 60 min<br \/>\u0424\u0438\u0437\u0438\u0447\u0435\u0441\u043a\u0438\u0435 \u043f\u0430\u0440\u0430\u043c\u0435\u0442\u0440\u044b<br \/>Kr\u0101sa\u00a0\u00a0\u00a0\u00a0 Melna, Zila<br \/>Garums\u00a0\u00a0\u00a0\u00a0 580 mm<br \/>Platums\u00a0\u00a0\u00a0\u00a0 390 mm<br \/>Augstums\u00a0\u00a0\u00a0\u00a0 230 mm<br \/>Svars\u00a0\u00a0\u00a0\u00a0 8.3 kg<br \/>\u0414\u043e\u043f\u043e\u043b\u043d\u0438\u0442\u0435\u043b\u044c\u043d\u043e<br \/>Kabe\u013ca auklas garums\u00a0\u00a0\u00a0\u00a0 250 \u2013 250250 m<br \/>Stieples skavu skaits\u00a0\u00a0\u00a0\u00a0 300<br \/>Trok\u0161\u0146a l\u012bmenis\u00a0\u00a0\u00a0\u00a0 57 dB<br \/>Garantija\u00a0\u00a0\u00a0\u00a0 24 m\u0113n<\/p><\/p>","protected":false},"excerpt":{"rendered":"<p>Kop\u0113jie parametri Produkta veids\u00a0\u00a0\u00a0\u00a0 Z\u0101lienu p\u013cau\u0161anas robotiZ\u012bmols\u00a0\u00a0\u00a0\u00a0 GardenaModelis\u00a0\u00a0\u00a0\u00a0 19703-75Robota ier\u012bces tips\u00a0\u00a0\u00a0\u00a0 GPS, Vadu mar\u0137\u0113jumsP\u013cau\u0161anas parametriDarba platums\u00a0\u00a0\u00a0\u00a0 22 cmP\u013cau\u0161anas augstums (Min)\u00a0\u00a0\u00a0\u00a0 20 mmP\u013cau\u0161anas augstums (Maks)\u00a0\u00a0\u00a0\u00a0 50 mmP\u013cau\u0161anas augstuma regul\u0113\u0161ana\u00a0\u00a0\u00a0\u00a0 J\u0101P\u013cau\u0161anas augstuma poz\u012bcijas\u00a0\u00a0\u00a0\u00a0 3Sensors\u00a0\u00a0\u00a0\u00a0 Pac\u0113l\u0101js, Sasv\u0113r\u0161an\u0101s, Tuvuma sensorsMaksim\u0101lais noslogojums\u00a0\u00a0\u00a0\u00a0 35 %Maksim\u0101l\u0101 p\u013cau\u0161anas plat\u012bba\u00a0\u00a0\u00a0\u00a0 1250 m\u00b2Dro\u0161\u012bbas noteikumi\u00a0\u00a0\u00a0\u00a0 PIN kods, Signaliz\u0101cijaAkumulatorsAkumulatora tips\u00a0\u00a0\u00a0\u00a0 Li-IonAkumulators iek\u013cauts komplekt\u0101\u00a0\u00a0\u00a0\u00a0 J\u0101Akumulatora kapacit\u0101te\u00a0\u00a0\u00a0\u00a0 2100 mAhDarb\u012bbas [&hellip;]<\/p>\n","protected":false},"featured_media":44967,"comment_status":"open","ping_status":"closed","template":"","meta":{"_joinchat":[]},"product_brand":[],"product_cat":[335],"product_tag":[],"class_list":{"0":"post-44970","1":"product","2":"type-product","3":"status-publish","4":"has-post-thumbnail","6":"product_cat-darza-tehnika-akumulatora-zales-plaveji","8":"first","9":"instock","10":"shipping-taxable","11":"purchasable","12":"product-type-simple"},"yoast_head":"<!-- This site is optimized with the Yoast SEO plugin v27.5 - https:\/\/yoast.com\/product\/yoast-seo-wordpress\/ -->\n<title>Gardena 19703-75 970573108, 1250 \u043c\u00b2 - Continent.lv<\/title>\n<meta name=\"robots\" content=\"index, follow, max-snippet:-1, max-image-preview:large, max-video-preview:-1\" \/>\n<link rel=\"canonical\" href=\"https:\/\/continent.lv\/ru\/product\/gardena-19703-75-970573108-1250-\u043c\u00b2\/\" \/>\n<meta property=\"og:locale\" content=\"ru_RU\" \/>\n<meta property=\"og:type\" content=\"article\" \/>\n<meta property=\"og:title\" content=\"Gardena 19703-75 970573108, 1250 \u043c\u00b2 - Continent.lv\" \/>\n<meta property=\"og:description\" content=\"Kop\u0113jie parametri Produkta veids\u00a0\u00a0\u00a0\u00a0 Z\u0101lienu p\u013cau\u0161anas robotiZ\u012bmols\u00a0\u00a0\u00a0\u00a0 GardenaModelis\u00a0\u00a0\u00a0\u00a0 19703-75Robota ier\u012bces tips\u00a0\u00a0\u00a0\u00a0 GPS, Vadu mar\u0137\u0113jumsP\u013cau\u0161anas parametriDarba platums\u00a0\u00a0\u00a0\u00a0 22 cmP\u013cau\u0161anas augstums (Min)\u00a0\u00a0\u00a0\u00a0 20 mmP\u013cau\u0161anas augstums (Maks)\u00a0\u00a0\u00a0\u00a0 50 mmP\u013cau\u0161anas augstuma regul\u0113\u0161ana\u00a0\u00a0\u00a0\u00a0 J\u0101P\u013cau\u0161anas augstuma poz\u012bcijas\u00a0\u00a0\u00a0\u00a0 3Sensors\u00a0\u00a0\u00a0\u00a0 Pac\u0113l\u0101js, Sasv\u0113r\u0161an\u0101s, Tuvuma sensorsMaksim\u0101lais noslogojums\u00a0\u00a0\u00a0\u00a0 35 %Maksim\u0101l\u0101 p\u013cau\u0161anas plat\u012bba\u00a0\u00a0\u00a0\u00a0 1250 m\u00b2Dro\u0161\u012bbas noteikumi\u00a0\u00a0\u00a0\u00a0 PIN kods, Signaliz\u0101cijaAkumulatorsAkumulatora tips\u00a0\u00a0\u00a0\u00a0 Li-IonAkumulators iek\u013cauts komplekt\u0101\u00a0\u00a0\u00a0\u00a0 J\u0101Akumulatora kapacit\u0101te\u00a0\u00a0\u00a0\u00a0 2100 mAhDarb\u012bbas [&hellip;]\" \/>\n<meta property=\"og:url\" content=\"https:\/\/continent.lv\/ru\/product\/gardena-19703-75-970573108-1250-\u043c\u00b2\/\" \/>\n<meta property=\"og:site_name\" content=\"Continent.lv\" \/>\n<meta property=\"og:image\" content=\"https:\/\/continent.lv\/wp-content\/uploads\/2026\/05\/21_iyqr-2v.jpeg\" \/>\n\t<meta property=\"og:image:width\" content=\"2000\" \/>\n\t<meta property=\"og:image:height\" content=\"1663\" \/>\n\t<meta property=\"og:image:type\" content=\"image\/jpeg\" \/>\n<meta name=\"twitter:card\" content=\"summary_large_image\" \/>\n<meta name=\"twitter:label1\" content=\"\u041f\u0440\u0438\u043c\u0435\u0440\u043d\u043e\u0435 \u0432\u0440\u0435\u043c\u044f \u0434\u043b\u044f \u0447\u0442\u0435\u043d\u0438\u044f\" \/>\n\t<meta name=\"twitter:data1\" content=\"1 \u043c\u0438\u043d\u0443\u0442\u0430\" \/>\n<script type=\"application\/ld+json\" class=\"yoast-schema-graph\">{\"@context\":\"https:\\\/\\\/schema.org\",\"@graph\":[{\"@type\":\"WebPage\",\"@id\":\"https:\\\/\\\/continent.lv\\\/product\\\/gardena-19703-75-970573108-1250-%d0%bc%c2%b2\\\/\",\"url\":\"https:\\\/\\\/continent.lv\\\/product\\\/gardena-19703-75-970573108-1250-%d0%bc%c2%b2\\\/\",\"name\":\"Gardena 19703-75 970573108, 1250 \u043c\u00b2 - Continent.lv\",\"isPartOf\":{\"@id\":\"https:\\\/\\\/continent.lv\\\/#website\"},\"primaryImageOfPage\":{\"@id\":\"https:\\\/\\\/continent.lv\\\/product\\\/gardena-19703-75-970573108-1250-%d0%bc%c2%b2\\\/#primaryimage\"},\"image\":{\"@id\":\"https:\\\/\\\/continent.lv\\\/product\\\/gardena-19703-75-970573108-1250-%d0%bc%c2%b2\\\/#primaryimage\"},\"thumbnailUrl\":\"https:\\\/\\\/continent.lv\\\/wp-content\\\/uploads\\\/2026\\\/05\\\/21_iyqr-2v.jpeg\",\"datePublished\":\"2026-05-01T07:50:45+00:00\",\"breadcrumb\":{\"@id\":\"https:\\\/\\\/continent.lv\\\/product\\\/gardena-19703-75-970573108-1250-%d0%bc%c2%b2\\\/#breadcrumb\"},\"inLanguage\":\"ru-RU\",\"potentialAction\":[{\"@type\":\"ReadAction\",\"target\":[\"https:\\\/\\\/continent.lv\\\/product\\\/gardena-19703-75-970573108-1250-%d0%bc%c2%b2\\\/\"]}]},{\"@type\":\"ImageObject\",\"inLanguage\":\"ru-RU\",\"@id\":\"https:\\\/\\\/continent.lv\\\/product\\\/gardena-19703-75-970573108-1250-%d0%bc%c2%b2\\\/#primaryimage\",\"url\":\"https:\\\/\\\/continent.lv\\\/wp-content\\\/uploads\\\/2026\\\/05\\\/21_iyqr-2v.jpeg\",\"contentUrl\":\"https:\\\/\\\/continent.lv\\\/wp-content\\\/uploads\\\/2026\\\/05\\\/21_iyqr-2v.jpeg\",\"width\":2000,\"height\":1663},{\"@type\":\"BreadcrumbList\",\"@id\":\"https:\\\/\\\/continent.lv\\\/product\\\/gardena-19703-75-970573108-1250-%d0%bc%c2%b2\\\/#breadcrumb\",\"itemListElement\":[{\"@type\":\"ListItem\",\"position\":1,\"name\":\"Home\",\"item\":\"https:\\\/\\\/continent.lv\\\/\"},{\"@type\":\"ListItem\",\"position\":2,\"name\":\"Veikals\",\"item\":\"https:\\\/\\\/continent.lv\\\/shop\\\/\"},{\"@type\":\"ListItem\",\"position\":3,\"name\":\"Gardena 19703-75 970573108, 1250 \u043c\u00b2\"}]},{\"@type\":\"WebSite\",\"@id\":\"https:\\\/\\\/continent.lv\\\/#website\",\"url\":\"https:\\\/\\\/continent.lv\\\/\",\"name\":\"Continent.lv\",\"description\":\"Sadz\u012bves pre\u010du internetveikals\",\"publisher\":{\"@id\":\"https:\\\/\\\/continent.lv\\\/#organization\"},\"potentialAction\":[{\"@type\":\"SearchAction\",\"target\":{\"@type\":\"EntryPoint\",\"urlTemplate\":\"https:\\\/\\\/continent.lv\\\/?s={search_term_string}\"},\"query-input\":{\"@type\":\"PropertyValueSpecification\",\"valueRequired\":true,\"valueName\":\"search_term_string\"}}],\"inLanguage\":\"ru-RU\"},{\"@type\":\"Organization\",\"@id\":\"https:\\\/\\\/continent.lv\\\/#organization\",\"name\":\"Continent.lv\",\"url\":\"https:\\\/\\\/continent.lv\\\/\",\"logo\":{\"@type\":\"ImageObject\",\"inLanguage\":\"ru-RU\",\"@id\":\"https:\\\/\\\/continent.lv\\\/#\\\/schema\\\/logo\\\/image\\\/\",\"url\":\"https:\\\/\\\/continent.lv\\\/wp-content\\\/uploads\\\/2026\\\/05\\\/logo_continent_5nwv-jh.jpg\",\"contentUrl\":\"https:\\\/\\\/continent.lv\\\/wp-content\\\/uploads\\\/2026\\\/05\\\/logo_continent_5nwv-jh.jpg\",\"width\":221,\"height\":50,\"caption\":\"Continent.lv\"},\"image\":{\"@id\":\"https:\\\/\\\/continent.lv\\\/#\\\/schema\\\/logo\\\/image\\\/\"}}]}<\/script>\n<!-- \/ Yoast SEO plugin. -->","yoast_head_json":{"title":"Gardena 19703-75 970573108, 1250 \u043c\u00b2 - Continent.lv","robots":{"index":"index","follow":"follow","max-snippet":"max-snippet:-1","max-image-preview":"max-image-preview:large","max-video-preview":"max-video-preview:-1"},"canonical":"https:\/\/continent.lv\/ru\/product\/gardena-19703-75-970573108-1250-\u043c\u00b2\/","og_locale":"ru_RU","og_type":"article","og_title":"Gardena 19703-75 970573108, 1250 \u043c\u00b2 - Continent.lv","og_description":"Kop\u0113jie parametri Produkta veids\u00a0\u00a0\u00a0\u00a0 Z\u0101lienu p\u013cau\u0161anas robotiZ\u012bmols\u00a0\u00a0\u00a0\u00a0 GardenaModelis\u00a0\u00a0\u00a0\u00a0 19703-75Robota ier\u012bces tips\u00a0\u00a0\u00a0\u00a0 GPS, Vadu mar\u0137\u0113jumsP\u013cau\u0161anas parametriDarba platums\u00a0\u00a0\u00a0\u00a0 22 cmP\u013cau\u0161anas augstums (Min)\u00a0\u00a0\u00a0\u00a0 20 mmP\u013cau\u0161anas augstums (Maks)\u00a0\u00a0\u00a0\u00a0 50 mmP\u013cau\u0161anas augstuma regul\u0113\u0161ana\u00a0\u00a0\u00a0\u00a0 J\u0101P\u013cau\u0161anas augstuma poz\u012bcijas\u00a0\u00a0\u00a0\u00a0 3Sensors\u00a0\u00a0\u00a0\u00a0 Pac\u0113l\u0101js, Sasv\u0113r\u0161an\u0101s, Tuvuma sensorsMaksim\u0101lais noslogojums\u00a0\u00a0\u00a0\u00a0 35 %Maksim\u0101l\u0101 p\u013cau\u0161anas plat\u012bba\u00a0\u00a0\u00a0\u00a0 1250 m\u00b2Dro\u0161\u012bbas noteikumi\u00a0\u00a0\u00a0\u00a0 PIN kods, Signaliz\u0101cijaAkumulatorsAkumulatora tips\u00a0\u00a0\u00a0\u00a0 Li-IonAkumulators iek\u013cauts komplekt\u0101\u00a0\u00a0\u00a0\u00a0 J\u0101Akumulatora kapacit\u0101te\u00a0\u00a0\u00a0\u00a0 2100 mAhDarb\u012bbas [&hellip;]","og_url":"https:\/\/continent.lv\/ru\/product\/gardena-19703-75-970573108-1250-\u043c\u00b2\/","og_site_name":"Continent.lv","og_image":[{"width":2000,"height":1663,"url":"https:\/\/continent.lv\/wp-content\/uploads\/2026\/05\/21_iyqr-2v.jpeg","type":"image\/jpeg"}],"twitter_card":"summary_large_image","twitter_misc":{"\u041f\u0440\u0438\u043c\u0435\u0440\u043d\u043e\u0435 \u0432\u0440\u0435\u043c\u044f \u0434\u043b\u044f \u0447\u0442\u0435\u043d\u0438\u044f":"1 \u043c\u0438\u043d\u0443\u0442\u0430"},"schema":{"@context":"https:\/\/schema.org","@graph":[{"@type":"WebPage","@id":"https:\/\/continent.lv\/product\/gardena-19703-75-970573108-1250-%d0%bc%c2%b2\/","url":"https:\/\/continent.lv\/product\/gardena-19703-75-970573108-1250-%d0%bc%c2%b2\/","name":"Gardena 19703-75 970573108, 1250 \u043c\u00b2 - Continent.lv","isPartOf":{"@id":"https:\/\/continent.lv\/#website"},"primaryImageOfPage":{"@id":"https:\/\/continent.lv\/product\/gardena-19703-75-970573108-1250-%d0%bc%c2%b2\/#primaryimage"},"image":{"@id":"https:\/\/continent.lv\/product\/gardena-19703-75-970573108-1250-%d0%bc%c2%b2\/#primaryimage"},"thumbnailUrl":"https:\/\/continent.lv\/wp-content\/uploads\/2026\/05\/21_iyqr-2v.jpeg","datePublished":"2026-05-01T07:50:45+00:00","breadcrumb":{"@id":"https:\/\/continent.lv\/product\/gardena-19703-75-970573108-1250-%d0%bc%c2%b2\/#breadcrumb"},"inLanguage":"ru-RU","potentialAction":[{"@type":"ReadAction","target":["https:\/\/continent.lv\/product\/gardena-19703-75-970573108-1250-%d0%bc%c2%b2\/"]}]},{"@type":"ImageObject","inLanguage":"ru-RU","@id":"https:\/\/continent.lv\/product\/gardena-19703-75-970573108-1250-%d0%bc%c2%b2\/#primaryimage","url":"https:\/\/continent.lv\/wp-content\/uploads\/2026\/05\/21_iyqr-2v.jpeg","contentUrl":"https:\/\/continent.lv\/wp-content\/uploads\/2026\/05\/21_iyqr-2v.jpeg","width":2000,"height":1663},{"@type":"BreadcrumbList","@id":"https:\/\/continent.lv\/product\/gardena-19703-75-970573108-1250-%d0%bc%c2%b2\/#breadcrumb","itemListElement":[{"@type":"ListItem","position":1,"name":"Home","item":"https:\/\/continent.lv\/"},{"@type":"ListItem","position":2,"name":"Veikals","item":"https:\/\/continent.lv\/shop\/"},{"@type":"ListItem","position":3,"name":"Gardena 19703-75 970573108, 1250 \u043c\u00b2"}]},{"@type":"WebSite","@id":"https:\/\/continent.lv\/#website","url":"https:\/\/continent.lv\/","name":"Continent.lv","description":"Sadz\u012bves pre\u010du internetveikals","publisher":{"@id":"https:\/\/continent.lv\/#organization"},"potentialAction":[{"@type":"SearchAction","target":{"@type":"EntryPoint","urlTemplate":"https:\/\/continent.lv\/?s={search_term_string}"},"query-input":{"@type":"PropertyValueSpecification","valueRequired":true,"valueName":"search_term_string"}}],"inLanguage":"ru-RU"},{"@type":"Organization","@id":"https:\/\/continent.lv\/#organization","name":"Continent.lv","url":"https:\/\/continent.lv\/","logo":{"@type":"ImageObject","inLanguage":"ru-RU","@id":"https:\/\/continent.lv\/#\/schema\/logo\/image\/","url":"https:\/\/continent.lv\/wp-content\/uploads\/2026\/05\/logo_continent_5nwv-jh.jpg","contentUrl":"https:\/\/continent.lv\/wp-content\/uploads\/2026\/05\/logo_continent_5nwv-jh.jpg","width":221,"height":50,"caption":"Continent.lv"},"image":{"@id":"https:\/\/continent.lv\/#\/schema\/logo\/image\/"}}]}},"_links":{"self":[{"href":"https:\/\/continent.lv\/ru\/wp-json\/wp\/v2\/product\/44970","targetHints":{"allow":["GET"]}}],"collection":[{"href":"https:\/\/continent.lv\/ru\/wp-json\/wp\/v2\/product"}],"about":[{"href":"https:\/\/continent.lv\/ru\/wp-json\/wp\/v2\/types\/product"}],"replies":[{"embeddable":true,"href":"https:\/\/continent.lv\/ru\/wp-json\/wp\/v2\/comments?post=44970"}],"wp:featuredmedia":[{"embeddable":true,"href":"https:\/\/continent.lv\/ru\/wp-json\/wp\/v2\/media\/44967"}],"wp:attachment":[{"href":"https:\/\/continent.lv\/ru\/wp-json\/wp\/v2\/media?parent=44970"}],"wp:term":[{"taxonomy":"product_brand","embeddable":true,"href":"https:\/\/continent.lv\/ru\/wp-json\/wp\/v2\/product_brand?post=44970"},{"taxonomy":"product_cat","embeddable":true,"href":"https:\/\/continent.lv\/ru\/wp-json\/wp\/v2\/product_cat?post=44970"},{"taxonomy":"product_tag","embeddable":true,"href":"https:\/\/continent.lv\/ru\/wp-json\/wp\/v2\/product_tag?post=44970"}],"curies":[{"name":"wp","href":"https:\/\/api.w.org\/{rel}","templated":true}]}}