{"id":44864,"date":"2026-05-01T07:47:28","date_gmt":"2026-05-01T07:47:28","guid":{"rendered":"https:\/\/continent.lv\/product\/samsung-ww90dg6u25lku4\/"},"modified":"2026-05-01T07:47:28","modified_gmt":"2026-05-01T07:47:28","slug":"samsung-ww90dg6u25lku4","status":"publish","type":"product","link":"https:\/\/continent.lv\/ru\/product\/samsung-ww90dg6u25lku4\/","title":{"rendered":"Samsung WW90DG6U25LKU4"},"content":{"rendered":"<p>\u0425\u0430\u0440\u0430\u043a\u0442\u0435\u0440\u0438\u0441\u0442\u0438\u043a\u0438\u00a0\u00a0\u00a0\u00a0 \u00a0<\/p>\n<p>Ve\u013cas ietilp\u012bba (kg)\u00a0\u00a0\u00a0\u00a0 9,0 kg<br \/>Burbu\u013cu tehnolo\u0123ija\u00a0\u00a0\u00a0\u00a0 J\u0101<br \/>Energoefektivit\u0101tes klase\u00a0\u00a0\u00a0\u00a0 A<br \/>Neto izm\u0113ri (platums x augstums x diametrs)\u00a0\u00a0\u00a0\u00a0 600 x 850 x 550 mm<br \/>Neto svars\u00a0\u00a0\u00a0\u00a0 66 kg<br \/>\u0412\u043c\u0435\u0441\u0442\u0438\u043c\u043e\u0441\u0442\u044c \u0441\u0442\u0438\u0440\u043a\u0438\u00a0\u00a0\u00a0\u00a0 \u00a0<br \/>Ve\u013cas ietilp\u012bba (kg)\u00a0\u00a0\u00a0\u00a0 9,0 kg<br \/>\u0414\u0438\u0437\u0430\u0439\u043d\u00a0\u00a0\u00a0\u00a0 \u00a0<br \/>Korpusa kr\u0101sa\u00a0\u00a0\u00a0\u00a0 Balts<br \/>Durvis\u00a0\u00a0\u00a0\u00a0 Cirsts durvis (melnas) + sudraba Deco<br \/>Pane\u013ca displejs\u00a0\u00a0\u00a0\u00a0 AI kontrole<br \/>\u00a0\u00a0\u00a0\u00a0\u00a0 \u00a0<br \/>\u0420\u0430\u0431\u043e\u0442\u0430\u00a0\u00a0\u00a0\u00a0 \u00a0<br \/>Energoefektivit\u0101tes klase\u00a0\u00a0\u00a0\u00a0 A<br \/>Ener\u0123ijas pat\u0113ri\u0146\u0161 (100 cikli)\u00a0\u00a0\u00a0\u00a0 44 kWh<br \/>\u016adens pat\u0113ri\u0146\u0161 (vien\u0101 cikl\u0101)\u00a0\u00a0\u00a0\u00a0 50 l<br \/>Eco 40-60 ilgums (H:MM)\u00a0\u00a0\u00a0\u00a0 3:48<br \/>Spininga sniegums\u00a0\u00a0\u00a0\u00a0 B<br \/>Trok\u0161\u0146a emisijas klase\u00a0\u00a0\u00a0\u00a0 A<br \/>Trok\u0161\u0146a l\u012bmenis (rot\u0101cijas laik\u0101)\u00a0\u00a0\u00a0\u00a0 72 dB<br \/>\u0414\u043e\u0441\u0442\u0430\u0432\u043a\u0430\u00a0\u00a0\u00a0\u00a0 \u00a0<br \/>AI kontrole\u00a0\u00a0\u00a0\u00a0 J\u0101<br \/>AI mazg\u0101\u0161ana\u00a0\u00a0\u00a0\u00a0 J\u0101<br \/>AI EcoBubble\u00a0\u00a0\u00a0\u00a0 J\u0101<br \/>QuickDrive\u00a0\u00a0\u00a0\u00a0 J\u0101<br \/>Autom\u0101tisk\u0101 izsnieg\u0161ana\u00a0\u00a0\u00a0\u00a0 J\u0101<br \/>Burbu\u013cu m\u0113rc\u0113\u0161ana\u00a0\u00a0\u00a0\u00a0 J\u0101<br \/>Burbu\u013cu tehnolo\u0123ija\u00a0\u00a0\u00a0\u00a0 J\u0101<br \/>B\u0113rnu sl\u0113dzene, lai ne\u013cautu b\u0113rniem main\u012bt opcijas\u00a0\u00a0\u00a0\u00a0 J\u0101<br \/>Nokav\u0113ta pabeig\u0161ana\u00a0\u00a0\u00a0\u00a0 J\u0101<br \/>Drum Clean+\u00a0\u00a0\u00a0\u00a0 J\u0101<br \/>Bungas tips\u00a0\u00a0\u00a0\u00a0 2. dimants<br \/>Intens\u012bvi\u00a0\u00a0\u00a0\u00a0 J\u0101<br \/>Valodas iestat\u012bjums\u00a0\u00a0\u00a0\u00a0 J\u0101<br \/>Dzin\u0113js\u00a0\u00a0\u00a0\u00a0 IT<br \/>Mans cikls\u00a0\u00a0\u00a0\u00a0 J\u0101<br \/>Iepriek\u0161\u0113ja mazg\u0101\u0161ana\u00a0\u00a0\u00a0\u00a0 J\u0101<br \/>\u0100tra mazg\u0101\u0161ana\u00a0\u00a0\u00a0\u00a0 J\u0101<br \/>Gudras lietas\u00a0\u00a0\u00a0\u00a0 J\u0101<br \/>Rot\u0101cijas \u0101trums\u00a0\u00a0\u00a0\u00a0 1400 apgr.\/min<br \/>StayClean atvilktne\u00a0\u00a0\u00a0\u00a0 J\u0101<br \/>Laiks\u00a0\u00a0\u00a0\u00a0 J\u0101<br \/>Super\u0101trums\u00a0\u00a0\u00a0\u00a0 J\u0101<br \/>\u0426\u0438\u043a\u043b\u00a0\u00a0\u00a0\u00a0 \u00a0<br \/>Eko 40-60\u00a0\u00a0\u00a0\u00a0 J\u0101<br \/>AI mazg\u0101\u0161ana\u00a0\u00a0\u00a0\u00a0 J\u0101<br \/>Super\u0101trums\u00a0\u00a0\u00a0\u00a0 J\u0101<br \/>15\u2032 \u0100tr\u0101 mazg\u0101\u0161ana\u00a0\u00a0\u00a0\u00a0 J\u0101<br \/>Active Wear\u00a0\u00a0\u00a0\u00a0 J\u0101<br \/>Mazu\u013cu dr\u0113bes\u00a0\u00a0\u00a0\u00a0 J\u0101<br \/>Gultas ve\u013ca\u00a0\u00a0\u00a0\u00a0 J\u0101<br \/>M\u0101ko\u0146aina diena\u00a0\u00a0\u00a0\u00a0 J\u0101<br \/>Kokvilna\u00a0\u00a0\u00a0\u00a0 J\u0101<br \/>Kr\u0101sas\u00a0\u00a0\u00a0\u00a0 J\u0101<br \/>Ve\u013ca, kurai nepiecie\u0161ama apr\u016bpe\u00a0\u00a0\u00a0\u00a0 J\u0101<br \/>D\u017einsa audums\u00a0\u00a0\u00a0\u00a0 J\u0101<br \/>Iztuk\u0161ojiet\/izgrieziet\u00a0\u00a0\u00a0\u00a0 J\u0101<br \/>Drum Clean+\u00a0\u00a0\u00a0\u00a0 J\u0101<br \/>Higi\u0113nas tvaiks\u00a0\u00a0\u00a0\u00a0 J\u0101<br \/>Intens\u012bvs aukstums\u00a0\u00a0\u00a0\u00a0 J\u0101<br \/>Maz\u0101k mikro\u0161\u0137iedras\u00a0\u00a0\u00a0\u00a0 J\u0101<br \/>\u0100r\u0101\u00a0\u00a0\u00a0\u00a0 J\u0101<br \/>Noskalo + centrif\u016bga\u00a0\u00a0\u00a0\u00a0 J\u0101<br \/>Krekli\u00a0\u00a0\u00a0\u00a0 J\u0101<br \/>Klus\u0101 mazg\u0101\u0161ana\u00a0\u00a0\u00a0\u00a0 J\u0101<br \/>Sint\u0113tisks\u00a0\u00a0\u00a0\u00a0 J\u0101<br \/>Dvie\u013ci\u00a0\u00a0\u00a0\u00a0 J\u0101<br \/>Vi\u013c\u0146a\u00a0\u00a0\u00a0\u00a0 J\u0101<br \/>\u0424\u0438\u0437\u0438\u0447\u0435\u0441\u043a\u0438\u0435 \u0445\u0430\u0440\u0430\u043a\u0442\u0435\u0440\u0438\u0441\u0442\u0438\u043a\u0438\u00a0\u00a0\u00a0\u00a0 \u00a0<br \/>Neto izm\u0113ri (platums x augstums x diametrs)\u00a0\u00a0\u00a0\u00a0 600 x 850 x 550 mm<br \/>Neto svars\u00a0\u00a0\u00a0\u00a0 66 kg<br \/>Izm\u0113ri (platums x augstums x dzi\u013cums)\u00a0\u00a0\u00a0\u00a0 670 x 890 x 660 mm<br \/>Bruto svars\u00a0\u00a0\u00a0\u00a0 68 kg<br \/>Pilns dzi\u013cums, ieskaitot izvirz\u012bto da\u013cu\u00a0\u00a0\u00a0\u00a0 630 mm<br \/>\u0423\u043c\u043d\u044b\u0439\u00a0\u00a0\u00a0\u00a0 \u00a0<br \/>Ieb\u016bv\u0113ts WiFi\u00a0\u00a0\u00a0\u00a0 J\u0101<br \/>\u0421\u043e\u0432\u043c\u0435\u0441\u0442\u0438\u043c\u043e\u0441\u0442\u044c \u0441 \u043f\u0440\u0438\u043b\u043e\u0436\u0435\u043d\u0438\u044f\u043c\u0438\u00a0\u00a0\u00a0\u00a0 \u00a0<br \/>SmartThings lietot\u0146u atbalsts\u00a0\u00a0\u00a0\u00a0 J\u0101<br \/>Garantija\u00a0\u00a0\u00a0\u00a0 24 m\u0113ne\u0161i<\/p><\/p>","protected":false},"excerpt":{"rendered":"<p>Specifik\u0101cijas\u00a0\u00a0\u00a0\u00a0 \u00a0 Ve\u013cas ietilp\u012bba (kg)\u00a0\u00a0\u00a0\u00a0 9,0 kgBurbu\u013cu tehnolo\u0123ija\u00a0\u00a0\u00a0\u00a0 J\u0101Energoefektivit\u0101tes klase\u00a0\u00a0\u00a0\u00a0 ANeto izm\u0113ri (platums x augstums x diametrs)\u00a0\u00a0\u00a0\u00a0 600 x 850 x 550 mmNeto svars\u00a0\u00a0\u00a0\u00a0 66 kgVe\u013cas ietilp\u012bba\u00a0\u00a0\u00a0\u00a0 \u00a0Ve\u013cas ietilp\u012bba (kg)\u00a0\u00a0\u00a0\u00a0 9,0 kgDizains\u00a0\u00a0\u00a0\u00a0 \u00a0Korpusa kr\u0101sa\u00a0\u00a0\u00a0\u00a0 BaltsDurvis\u00a0\u00a0\u00a0\u00a0 Cirsts durvis (melnas) + sudraba DecoPane\u013ca displejs\u00a0\u00a0\u00a0\u00a0 AI kontrole\u00a0\u00a0\u00a0\u00a0\u00a0 \u00a0Darb\u012bba\u00a0\u00a0\u00a0\u00a0 \u00a0Energoefektivit\u0101tes klase\u00a0\u00a0\u00a0\u00a0 AEner\u0123ijas pat\u0113ri\u0146\u0161 (100 cikli)\u00a0\u00a0\u00a0\u00a0 44 kWh\u016adens pat\u0113ri\u0146\u0161 (vien\u0101 [&hellip;]<\/p>\n","protected":false},"featured_media":44856,"comment_status":"open","ping_status":"closed","template":"","meta":{"_joinchat":[]},"product_brand":[139],"product_cat":[285],"product_tag":[],"class_list":{"0":"post-44864","1":"product","2":"type-product","3":"status-publish","4":"has-post-thumbnail","6":"product_brand-samsung","7":"product_cat-sadzives-tehnika-velas-masinas-ar-frontalo-ieladi","9":"first","10":"instock","11":"shipping-taxable","12":"purchasable","13":"product-type-simple"},"yoast_head":"<!-- This site is optimized with the Yoast SEO plugin v27.5 - https:\/\/yoast.com\/product\/yoast-seo-wordpress\/ -->\n<title>Samsung WW90DG6U25LKU4 - Continent.lv<\/title>\n<meta name=\"robots\" content=\"index, follow, max-snippet:-1, max-image-preview:large, max-video-preview:-1\" \/>\n<link rel=\"canonical\" href=\"https:\/\/continent.lv\/ru\/product\/samsung-ww90dg6u25lku4\/\" \/>\n<meta property=\"og:locale\" content=\"ru_RU\" \/>\n<meta property=\"og:type\" content=\"article\" \/>\n<meta property=\"og:title\" content=\"Samsung WW90DG6U25LKU4 - Continent.lv\" \/>\n<meta property=\"og:description\" content=\"Specifik\u0101cijas\u00a0\u00a0\u00a0\u00a0 \u00a0 Ve\u013cas ietilp\u012bba (kg)\u00a0\u00a0\u00a0\u00a0 9,0 kgBurbu\u013cu tehnolo\u0123ija\u00a0\u00a0\u00a0\u00a0 J\u0101Energoefektivit\u0101tes klase\u00a0\u00a0\u00a0\u00a0 ANeto izm\u0113ri (platums x augstums x diametrs)\u00a0\u00a0\u00a0\u00a0 600 x 850 x 550 mmNeto svars\u00a0\u00a0\u00a0\u00a0 66 kgVe\u013cas ietilp\u012bba\u00a0\u00a0\u00a0\u00a0 \u00a0Ve\u013cas ietilp\u012bba (kg)\u00a0\u00a0\u00a0\u00a0 9,0 kgDizains\u00a0\u00a0\u00a0\u00a0 \u00a0Korpusa kr\u0101sa\u00a0\u00a0\u00a0\u00a0 BaltsDurvis\u00a0\u00a0\u00a0\u00a0 Cirsts durvis (melnas) + sudraba DecoPane\u013ca displejs\u00a0\u00a0\u00a0\u00a0 AI kontrole\u00a0\u00a0\u00a0\u00a0\u00a0 \u00a0Darb\u012bba\u00a0\u00a0\u00a0\u00a0 \u00a0Energoefektivit\u0101tes klase\u00a0\u00a0\u00a0\u00a0 AEner\u0123ijas pat\u0113ri\u0146\u0161 (100 cikli)\u00a0\u00a0\u00a0\u00a0 44 kWh\u016adens pat\u0113ri\u0146\u0161 (vien\u0101 [&hellip;]\" \/>\n<meta property=\"og:url\" content=\"https:\/\/continent.lv\/ru\/product\/samsung-ww90dg6u25lku4\/\" \/>\n<meta property=\"og:site_name\" content=\"Continent.lv\" \/>\n<meta property=\"og:image\" content=\"https:\/\/continent.lv\/wp-content\/uploads\/2026\/05\/21_gnqg-60.jpeg\" \/>\n\t<meta property=\"og:image:width\" content=\"800\" \/>\n\t<meta property=\"og:image:height\" content=\"800\" \/>\n\t<meta property=\"og:image:type\" content=\"image\/jpeg\" \/>\n<meta name=\"twitter:card\" content=\"summary_large_image\" \/>\n<meta name=\"twitter:label1\" content=\"\u041f\u0440\u0438\u043c\u0435\u0440\u043d\u043e\u0435 \u0432\u0440\u0435\u043c\u044f \u0434\u043b\u044f \u0447\u0442\u0435\u043d\u0438\u044f\" \/>\n\t<meta name=\"twitter:data1\" content=\"3 \u043c\u0438\u043d\u0443\u0442\u044b\" \/>\n<script type=\"application\/ld+json\" class=\"yoast-schema-graph\">{\"@context\":\"https:\\\/\\\/schema.org\",\"@graph\":[{\"@type\":\"WebPage\",\"@id\":\"https:\\\/\\\/continent.lv\\\/product\\\/samsung-ww90dg6u25lku4\\\/\",\"url\":\"https:\\\/\\\/continent.lv\\\/product\\\/samsung-ww90dg6u25lku4\\\/\",\"name\":\"Samsung WW90DG6U25LKU4 - Continent.lv\",\"isPartOf\":{\"@id\":\"https:\\\/\\\/continent.lv\\\/#website\"},\"primaryImageOfPage\":{\"@id\":\"https:\\\/\\\/continent.lv\\\/product\\\/samsung-ww90dg6u25lku4\\\/#primaryimage\"},\"image\":{\"@id\":\"https:\\\/\\\/continent.lv\\\/product\\\/samsung-ww90dg6u25lku4\\\/#primaryimage\"},\"thumbnailUrl\":\"https:\\\/\\\/continent.lv\\\/wp-content\\\/uploads\\\/2026\\\/05\\\/21_gnqg-60.jpeg\",\"datePublished\":\"2026-05-01T07:47:28+00:00\",\"breadcrumb\":{\"@id\":\"https:\\\/\\\/continent.lv\\\/product\\\/samsung-ww90dg6u25lku4\\\/#breadcrumb\"},\"inLanguage\":\"ru-RU\",\"potentialAction\":[{\"@type\":\"ReadAction\",\"target\":[\"https:\\\/\\\/continent.lv\\\/product\\\/samsung-ww90dg6u25lku4\\\/\"]}]},{\"@type\":\"ImageObject\",\"inLanguage\":\"ru-RU\",\"@id\":\"https:\\\/\\\/continent.lv\\\/product\\\/samsung-ww90dg6u25lku4\\\/#primaryimage\",\"url\":\"https:\\\/\\\/continent.lv\\\/wp-content\\\/uploads\\\/2026\\\/05\\\/21_gnqg-60.jpeg\",\"contentUrl\":\"https:\\\/\\\/continent.lv\\\/wp-content\\\/uploads\\\/2026\\\/05\\\/21_gnqg-60.jpeg\",\"width\":800,\"height\":800},{\"@type\":\"BreadcrumbList\",\"@id\":\"https:\\\/\\\/continent.lv\\\/product\\\/samsung-ww90dg6u25lku4\\\/#breadcrumb\",\"itemListElement\":[{\"@type\":\"ListItem\",\"position\":1,\"name\":\"Home\",\"item\":\"https:\\\/\\\/continent.lv\\\/\"},{\"@type\":\"ListItem\",\"position\":2,\"name\":\"Veikals\",\"item\":\"https:\\\/\\\/continent.lv\\\/shop\\\/\"},{\"@type\":\"ListItem\",\"position\":3,\"name\":\"Samsung WW90DG6U25LKU4\"}]},{\"@type\":\"WebSite\",\"@id\":\"https:\\\/\\\/continent.lv\\\/#website\",\"url\":\"https:\\\/\\\/continent.lv\\\/\",\"name\":\"Continent.lv\",\"description\":\"Sadz\u012bves pre\u010du internetveikals\",\"publisher\":{\"@id\":\"https:\\\/\\\/continent.lv\\\/#organization\"},\"potentialAction\":[{\"@type\":\"SearchAction\",\"target\":{\"@type\":\"EntryPoint\",\"urlTemplate\":\"https:\\\/\\\/continent.lv\\\/?s={search_term_string}\"},\"query-input\":{\"@type\":\"PropertyValueSpecification\",\"valueRequired\":true,\"valueName\":\"search_term_string\"}}],\"inLanguage\":\"ru-RU\"},{\"@type\":\"Organization\",\"@id\":\"https:\\\/\\\/continent.lv\\\/#organization\",\"name\":\"Continent.lv\",\"url\":\"https:\\\/\\\/continent.lv\\\/\",\"logo\":{\"@type\":\"ImageObject\",\"inLanguage\":\"ru-RU\",\"@id\":\"https:\\\/\\\/continent.lv\\\/#\\\/schema\\\/logo\\\/image\\\/\",\"url\":\"https:\\\/\\\/continent.lv\\\/wp-content\\\/uploads\\\/2026\\\/05\\\/logo_continent_5nwv-jh.jpg\",\"contentUrl\":\"https:\\\/\\\/continent.lv\\\/wp-content\\\/uploads\\\/2026\\\/05\\\/logo_continent_5nwv-jh.jpg\",\"width\":221,\"height\":50,\"caption\":\"Continent.lv\"},\"image\":{\"@id\":\"https:\\\/\\\/continent.lv\\\/#\\\/schema\\\/logo\\\/image\\\/\"}}]}<\/script>\n<!-- \/ Yoast SEO plugin. -->","yoast_head_json":{"title":"Samsung WW90DG6U25LKU4 - Continent.lv","robots":{"index":"index","follow":"follow","max-snippet":"max-snippet:-1","max-image-preview":"max-image-preview:large","max-video-preview":"max-video-preview:-1"},"canonical":"https:\/\/continent.lv\/ru\/product\/samsung-ww90dg6u25lku4\/","og_locale":"ru_RU","og_type":"article","og_title":"Samsung WW90DG6U25LKU4 - Continent.lv","og_description":"Specifik\u0101cijas\u00a0\u00a0\u00a0\u00a0 \u00a0 Ve\u013cas ietilp\u012bba (kg)\u00a0\u00a0\u00a0\u00a0 9,0 kgBurbu\u013cu tehnolo\u0123ija\u00a0\u00a0\u00a0\u00a0 J\u0101Energoefektivit\u0101tes klase\u00a0\u00a0\u00a0\u00a0 ANeto izm\u0113ri (platums x augstums x diametrs)\u00a0\u00a0\u00a0\u00a0 600 x 850 x 550 mmNeto svars\u00a0\u00a0\u00a0\u00a0 66 kgVe\u013cas ietilp\u012bba\u00a0\u00a0\u00a0\u00a0 \u00a0Ve\u013cas ietilp\u012bba (kg)\u00a0\u00a0\u00a0\u00a0 9,0 kgDizains\u00a0\u00a0\u00a0\u00a0 \u00a0Korpusa kr\u0101sa\u00a0\u00a0\u00a0\u00a0 BaltsDurvis\u00a0\u00a0\u00a0\u00a0 Cirsts durvis (melnas) + sudraba DecoPane\u013ca displejs\u00a0\u00a0\u00a0\u00a0 AI kontrole\u00a0\u00a0\u00a0\u00a0\u00a0 \u00a0Darb\u012bba\u00a0\u00a0\u00a0\u00a0 \u00a0Energoefektivit\u0101tes klase\u00a0\u00a0\u00a0\u00a0 AEner\u0123ijas pat\u0113ri\u0146\u0161 (100 cikli)\u00a0\u00a0\u00a0\u00a0 44 kWh\u016adens pat\u0113ri\u0146\u0161 (vien\u0101 [&hellip;]","og_url":"https:\/\/continent.lv\/ru\/product\/samsung-ww90dg6u25lku4\/","og_site_name":"Continent.lv","og_image":[{"width":800,"height":800,"url":"https:\/\/continent.lv\/wp-content\/uploads\/2026\/05\/21_gnqg-60.jpeg","type":"image\/jpeg"}],"twitter_card":"summary_large_image","twitter_misc":{"\u041f\u0440\u0438\u043c\u0435\u0440\u043d\u043e\u0435 \u0432\u0440\u0435\u043c\u044f \u0434\u043b\u044f \u0447\u0442\u0435\u043d\u0438\u044f":"3 \u043c\u0438\u043d\u0443\u0442\u044b"},"schema":{"@context":"https:\/\/schema.org","@graph":[{"@type":"WebPage","@id":"https:\/\/continent.lv\/product\/samsung-ww90dg6u25lku4\/","url":"https:\/\/continent.lv\/product\/samsung-ww90dg6u25lku4\/","name":"Samsung WW90DG6U25LKU4 - Continent.lv","isPartOf":{"@id":"https:\/\/continent.lv\/#website"},"primaryImageOfPage":{"@id":"https:\/\/continent.lv\/product\/samsung-ww90dg6u25lku4\/#primaryimage"},"image":{"@id":"https:\/\/continent.lv\/product\/samsung-ww90dg6u25lku4\/#primaryimage"},"thumbnailUrl":"https:\/\/continent.lv\/wp-content\/uploads\/2026\/05\/21_gnqg-60.jpeg","datePublished":"2026-05-01T07:47:28+00:00","breadcrumb":{"@id":"https:\/\/continent.lv\/product\/samsung-ww90dg6u25lku4\/#breadcrumb"},"inLanguage":"ru-RU","potentialAction":[{"@type":"ReadAction","target":["https:\/\/continent.lv\/product\/samsung-ww90dg6u25lku4\/"]}]},{"@type":"ImageObject","inLanguage":"ru-RU","@id":"https:\/\/continent.lv\/product\/samsung-ww90dg6u25lku4\/#primaryimage","url":"https:\/\/continent.lv\/wp-content\/uploads\/2026\/05\/21_gnqg-60.jpeg","contentUrl":"https:\/\/continent.lv\/wp-content\/uploads\/2026\/05\/21_gnqg-60.jpeg","width":800,"height":800},{"@type":"BreadcrumbList","@id":"https:\/\/continent.lv\/product\/samsung-ww90dg6u25lku4\/#breadcrumb","itemListElement":[{"@type":"ListItem","position":1,"name":"Home","item":"https:\/\/continent.lv\/"},{"@type":"ListItem","position":2,"name":"Veikals","item":"https:\/\/continent.lv\/shop\/"},{"@type":"ListItem","position":3,"name":"Samsung WW90DG6U25LKU4"}]},{"@type":"WebSite","@id":"https:\/\/continent.lv\/#website","url":"https:\/\/continent.lv\/","name":"Continent.lv","description":"Sadz\u012bves pre\u010du internetveikals","publisher":{"@id":"https:\/\/continent.lv\/#organization"},"potentialAction":[{"@type":"SearchAction","target":{"@type":"EntryPoint","urlTemplate":"https:\/\/continent.lv\/?s={search_term_string}"},"query-input":{"@type":"PropertyValueSpecification","valueRequired":true,"valueName":"search_term_string"}}],"inLanguage":"ru-RU"},{"@type":"Organization","@id":"https:\/\/continent.lv\/#organization","name":"Continent.lv","url":"https:\/\/continent.lv\/","logo":{"@type":"ImageObject","inLanguage":"ru-RU","@id":"https:\/\/continent.lv\/#\/schema\/logo\/image\/","url":"https:\/\/continent.lv\/wp-content\/uploads\/2026\/05\/logo_continent_5nwv-jh.jpg","contentUrl":"https:\/\/continent.lv\/wp-content\/uploads\/2026\/05\/logo_continent_5nwv-jh.jpg","width":221,"height":50,"caption":"Continent.lv"},"image":{"@id":"https:\/\/continent.lv\/#\/schema\/logo\/image\/"}}]}},"_links":{"self":[{"href":"https:\/\/continent.lv\/ru\/wp-json\/wp\/v2\/product\/44864","targetHints":{"allow":["GET"]}}],"collection":[{"href":"https:\/\/continent.lv\/ru\/wp-json\/wp\/v2\/product"}],"about":[{"href":"https:\/\/continent.lv\/ru\/wp-json\/wp\/v2\/types\/product"}],"replies":[{"embeddable":true,"href":"https:\/\/continent.lv\/ru\/wp-json\/wp\/v2\/comments?post=44864"}],"wp:featuredmedia":[{"embeddable":true,"href":"https:\/\/continent.lv\/ru\/wp-json\/wp\/v2\/media\/44856"}],"wp:attachment":[{"href":"https:\/\/continent.lv\/ru\/wp-json\/wp\/v2\/media?parent=44864"}],"wp:term":[{"taxonomy":"product_brand","embeddable":true,"href":"https:\/\/continent.lv\/ru\/wp-json\/wp\/v2\/product_brand?post=44864"},{"taxonomy":"product_cat","embeddable":true,"href":"https:\/\/continent.lv\/ru\/wp-json\/wp\/v2\/product_cat?post=44864"},{"taxonomy":"product_tag","embeddable":true,"href":"https:\/\/continent.lv\/ru\/wp-json\/wp\/v2\/product_tag?post=44864"}],"curies":[{"name":"wp","href":"https:\/\/api.w.org\/{rel}","templated":true}]}}