{"id":44781,"date":"2026-05-01T07:45:14","date_gmt":"2026-05-01T07:45:14","guid":{"rendered":"https:\/\/continent.lv\/product\/xiaomi-a2025-32-smart-tv-led-wi-fi-google-tv\/"},"modified":"2026-05-01T07:45:14","modified_gmt":"2026-05-01T07:45:14","slug":"xiaomi-a2025-32-smart-tv-led-wi-fi-google-tv","status":"publish","type":"product","link":"https:\/\/continent.lv\/ru\/product\/xiaomi-a2025-32-smart-tv-led-wi-fi-google-tv\/","title":{"rendered":"Xiaomi A2025 32 SMART TV LED Wi Fi Google TV"},"content":{"rendered":"<\/p>\n<p class=\"translation-block\"><p><\/p><p>\u041f\u0440\u043e\u0438\u0437\u0432\u043e\u0434\u0438\u0442\u0435\u043b\u044c Xiaomi<br>\u0422\u0438\u043f \u0442\u0435\u043b\u0435\u0432\u0438\u0437\u043e\u0440\u0430 LED<br>\u0420\u0430\u0437\u043c\u0435\u0440 \u044d\u043a\u0440\u0430\u043d\u0430, \u0434\u044e\u0439\u043c\u044b 32<br>\u042d\u043a\u0440\u0430\u043d<br>\u0420\u0430\u0437\u0440\u0435\u0448\u0435\u043d\u0438\u0435 1366 x 768 (HD Ready)<br>\u0417\u0432\u0443\u043a<br>\u041c\u043e\u0449\u043d\u043e\u0441\u0442\u044c \u0437\u0432\u0443\u043a\u0430, \u0412\u0442 10<br>Smart TV \u0438 \u0438\u043d\u0442\u0435\u0440\u043d\u0435\u0442<br>\u0414\u043e\u0441\u0442\u0443\u043f \u0432 \u0438\u043d\u0442\u0435\u0440\u043d\u0435\u0442 (Smart TV) \u0415\u0441\u0442\u044c<br>\u0412\u0435\u0431-\u0431\u0440\u0430\u0443\u0437\u0435\u0440 \u0415\u0441\u0442\u044c<br>\u041e\u043f\u0435\u0440\u0430\u0446\u0438\u043e\u043d\u043d\u0430\u044f \u0441\u0438\u0441\u0442\u0435\u043c\u0430 Smart TV Google TV<br>\u0423\u043f\u0440\u0430\u0432\u043b\u0435\u043d\u0438\u0435 \u0447\u0435\u0440\u0435\u0437 \u0441\u043c\u0430\u0440\u0442\u0444\u043e\u043d \u0415\u0441\u0442\u044c<br>\u0426\u0438\u0444\u0440\u043e\u0432\u043e\u0439 \u0442\u044e\u043d\u0435\u0440<br>DVB-\u0442\u044e\u043d\u0435\u0440 DVB-T2<br>DVB-C<br>DVB-S2<br>\u0412\u0438\u0434\u044b \u043f\u043e\u0434\u043a\u043b\u044e\u0447\u0435\u043d\u0438\u044f<br>\u041f\u043e\u0434\u0434\u0435\u0440\u0436\u043a\u0430 WiFi \u0415\u0441\u0442\u044c (\u0432\u0441\u0442\u0440\u043e\u0435\u043d\u043d\u044b\u0439)<br>HDMI 2.0 \u0432\u0445\u043e\u0434\u044b 2<br>\u041a\u043e\u043b\u0438\u0447\u0435\u0441\u0442\u0432\u043e USB \u043f\u043e\u0440\u0442\u043e\u0432 1<br>USB \u043c\u0435\u0434\u0438\u0430\u043f\u043b\u0435\u0435\u0440 (\u0412\u0438\u0434\u0435\u043e, \u041c\u0443\u0437\u044b\u043a\u0430, \u0424\u043e\u0442\u043e) \u0415\u0441\u0442\u044c<br>\u0420\u0430\u0437\u044a\u0435\u043c \u0434\u043b\u044f \u043d\u0430\u0443\u0448\u043d\u0438\u043a\u043e\u0432 \u041d\u0435\u0442<br>\u041f\u043e\u0434\u043a\u043b\u044e\u0447\u0435\u043d\u0438\u0435 Wi-Fi Direct \/ Miracast \u0415\u0441\u0442\u044c<br>Bluetooth \u0415\u0441\u0442\u044c<br>\u0414\u043e\u043f\u043e\u043b\u043d\u0438\u0442\u0435\u043b\u044c\u043d\u044b\u0435 \u043f\u043e\u0434\u043a\u043b\u044e\u0447\u0435\u043d\u0438\u044f Common Interface + \u0441\u043b\u043e\u0442<br>LAN (RJ45) \u0432\u0445\u043e\u0434<br>\u042d\u043d\u0435\u0440\u0433\u043e\u043f\u043e\u0442\u0440\u0435\u0431\u043b\u0435\u043d\u0438\u0435<br>\u041a\u043b\u0430\u0441\u0441 \u044d\u043d\u0435\u0440\u0433\u043e\u043f\u043e\u0442\u0440\u0435\u0431\u043b\u0435\u043d\u0438\u044f E<br>\u0420\u0430\u0441\u0447\u0435\u0442 \u044d\u043d\u0435\u0440\u0433\u043e\u043f\u043e\u0442\u0440\u0435\u0431\u043b\u0435\u043d\u0438\u044f (\u043a\u0412\u0442\u0447\/1000\u0447) 26<br>\u0420\u0430\u0437\u043c\u0435\u0440 \u0438 \u0432\u0435\u0441<br>\u0420\u0430\u0437\u043c\u0435\u0440 \u0431\u0435\u0437 \u043f\u043e\u0434\u0441\u0442\u0430\u0432\u043a\u0438, (\u0428\u0445\u0412\u0445\u0413, \u043c\u043c) 719 x 72 x 421<br>\u0420\u0430\u0437\u043c\u0435\u0440 \u0441 \u043f\u043e\u0434\u0441\u0442\u0430\u0432\u043a\u043e\u0439, (\u0428\u0445\u0412\u0445\u0413, \u043c\u043c) 719 x 160 x 467<br>\u0412\u0435\u0441 \u0431\u0435\u0437 \u043f\u043e\u0434\u0441\u0442\u0430\u0432\u043a\u0438, \u043a\u0433 3.55<br>\u0412\u0435\u0441 \u0441 \u043f\u043e\u0434\u0441\u0442\u0430\u0432\u043a\u043e\u0439, \u043a\u0433 3.6<br>\u0412\u0435\u0441<br>\u0412\u0435\u0441 \u0441 \u0443\u043f\u0430\u043a\u043e\u0432\u043a\u043e\u0439 (\u043a\u0433) 5<\/p><\/p>","protected":false},"excerpt":{"rendered":"<p>Ra\u017eot\u0101js XiaomiTelevizora veids LEDEkr\u0101na izm\u0113rs, collas 32Ekr\u0101nsIz\u0161\u0137irtsp\u0113ja 1366 x 768 (HD Ready)Ska\u0146aSka\u0146as jauda, W 10Smart TV un internetsInterneta piek\u013cuve (Smart TV) IrInterneta p\u0101rl\u016bks IrSmart TV oper\u0113t\u0101jsist\u0113ma Google TVVad\u012bba, izmantojot viedt\u0101lruni IrDigit\u0101lais uztv\u0113r\u0113jsDVB uztv\u0113r\u0113js DVB-T2DVB-CDVB-S2Savienojumu veidiWiFi atbalsts Ir (ieb\u016bv\u0113ts)HDMI 2.0 ieejas 2USB ieeju skaits 1USB mediaplejeris (Video, Muzika, Foto) IrAusti\u0146u ligzda NavWi-Fi Direct \/ Miracast piesl\u0113gums [&hellip;]<\/p>\n","protected":false},"featured_media":44776,"comment_status":"open","ping_status":"closed","template":"","meta":{"_joinchat":[]},"product_brand":[329],"product_cat":[294],"product_tag":[],"class_list":{"0":"post-44781","1":"product","2":"type-product","3":"status-publish","4":"has-post-thumbnail","6":"product_brand-xiaomi","7":"product_cat-tv-foto-video-audio-televizori-un-aksesuari-led-televizori","9":"first","10":"instock","11":"shipping-taxable","12":"purchasable","13":"product-type-simple"},"yoast_head":"<!-- This site is optimized with the Yoast SEO plugin v27.5 - https:\/\/yoast.com\/product\/yoast-seo-wordpress\/ -->\n<title>Xiaomi A2025 32 SMART TV LED Wi Fi Google TV - Continent.lv<\/title>\n<meta name=\"robots\" content=\"index, follow, max-snippet:-1, max-image-preview:large, max-video-preview:-1\" \/>\n<link rel=\"canonical\" href=\"https:\/\/continent.lv\/ru\/product\/xiaomi-a2025-32-smart-tv-led-wi-fi-google-tv\/\" \/>\n<meta property=\"og:locale\" content=\"ru_RU\" \/>\n<meta property=\"og:type\" content=\"article\" \/>\n<meta property=\"og:title\" content=\"Xiaomi A2025 32 SMART TV LED Wi Fi Google TV - Continent.lv\" \/>\n<meta property=\"og:description\" content=\"Ra\u017eot\u0101js XiaomiTelevizora veids LEDEkr\u0101na izm\u0113rs, collas 32Ekr\u0101nsIz\u0161\u0137irtsp\u0113ja 1366 x 768 (HD Ready)Ska\u0146aSka\u0146as jauda, W 10Smart TV un internetsInterneta piek\u013cuve (Smart TV) IrInterneta p\u0101rl\u016bks IrSmart TV oper\u0113t\u0101jsist\u0113ma Google TVVad\u012bba, izmantojot viedt\u0101lruni IrDigit\u0101lais uztv\u0113r\u0113jsDVB uztv\u0113r\u0113js DVB-T2DVB-CDVB-S2Savienojumu veidiWiFi atbalsts Ir (ieb\u016bv\u0113ts)HDMI 2.0 ieejas 2USB ieeju skaits 1USB mediaplejeris (Video, Muzika, Foto) IrAusti\u0146u ligzda NavWi-Fi Direct \/ Miracast piesl\u0113gums [&hellip;]\" \/>\n<meta property=\"og:url\" content=\"https:\/\/continent.lv\/ru\/product\/xiaomi-a2025-32-smart-tv-led-wi-fi-google-tv\/\" \/>\n<meta property=\"og:site_name\" content=\"Continent.lv\" \/>\n<meta property=\"og:image\" content=\"https:\/\/continent.lv\/wp-content\/uploads\/2026\/05\/Xiaomi_A2025_32tv.jpg\" \/>\n\t<meta property=\"og:image:width\" content=\"1000\" \/>\n\t<meta property=\"og:image:height\" content=\"1000\" \/>\n\t<meta property=\"og:image:type\" content=\"image\/jpeg\" \/>\n<meta name=\"twitter:card\" content=\"summary_large_image\" \/>\n<meta name=\"twitter:label1\" content=\"\u041f\u0440\u0438\u043c\u0435\u0440\u043d\u043e\u0435 \u0432\u0440\u0435\u043c\u044f \u0434\u043b\u044f \u0447\u0442\u0435\u043d\u0438\u044f\" \/>\n\t<meta name=\"twitter:data1\" content=\"1 \u043c\u0438\u043d\u0443\u0442\u0430\" \/>\n<script type=\"application\/ld+json\" class=\"yoast-schema-graph\">{\"@context\":\"https:\\\/\\\/schema.org\",\"@graph\":[{\"@type\":\"WebPage\",\"@id\":\"https:\\\/\\\/continent.lv\\\/product\\\/xiaomi-a2025-32-smart-tv-led-wi-fi-google-tv\\\/\",\"url\":\"https:\\\/\\\/continent.lv\\\/product\\\/xiaomi-a2025-32-smart-tv-led-wi-fi-google-tv\\\/\",\"name\":\"Xiaomi A2025 32 SMART TV LED Wi Fi Google TV - Continent.lv\",\"isPartOf\":{\"@id\":\"https:\\\/\\\/continent.lv\\\/#website\"},\"primaryImageOfPage\":{\"@id\":\"https:\\\/\\\/continent.lv\\\/product\\\/xiaomi-a2025-32-smart-tv-led-wi-fi-google-tv\\\/#primaryimage\"},\"image\":{\"@id\":\"https:\\\/\\\/continent.lv\\\/product\\\/xiaomi-a2025-32-smart-tv-led-wi-fi-google-tv\\\/#primaryimage\"},\"thumbnailUrl\":\"https:\\\/\\\/continent.lv\\\/wp-content\\\/uploads\\\/2026\\\/05\\\/Xiaomi_A2025_32tv.jpg\",\"datePublished\":\"2026-05-01T07:45:14+00:00\",\"breadcrumb\":{\"@id\":\"https:\\\/\\\/continent.lv\\\/product\\\/xiaomi-a2025-32-smart-tv-led-wi-fi-google-tv\\\/#breadcrumb\"},\"inLanguage\":\"ru-RU\",\"potentialAction\":[{\"@type\":\"ReadAction\",\"target\":[\"https:\\\/\\\/continent.lv\\\/product\\\/xiaomi-a2025-32-smart-tv-led-wi-fi-google-tv\\\/\"]}]},{\"@type\":\"ImageObject\",\"inLanguage\":\"ru-RU\",\"@id\":\"https:\\\/\\\/continent.lv\\\/product\\\/xiaomi-a2025-32-smart-tv-led-wi-fi-google-tv\\\/#primaryimage\",\"url\":\"https:\\\/\\\/continent.lv\\\/wp-content\\\/uploads\\\/2026\\\/05\\\/Xiaomi_A2025_32tv.jpg\",\"contentUrl\":\"https:\\\/\\\/continent.lv\\\/wp-content\\\/uploads\\\/2026\\\/05\\\/Xiaomi_A2025_32tv.jpg\",\"width\":1000,\"height\":1000},{\"@type\":\"BreadcrumbList\",\"@id\":\"https:\\\/\\\/continent.lv\\\/product\\\/xiaomi-a2025-32-smart-tv-led-wi-fi-google-tv\\\/#breadcrumb\",\"itemListElement\":[{\"@type\":\"ListItem\",\"position\":1,\"name\":\"Home\",\"item\":\"https:\\\/\\\/continent.lv\\\/\"},{\"@type\":\"ListItem\",\"position\":2,\"name\":\"Veikals\",\"item\":\"https:\\\/\\\/continent.lv\\\/shop\\\/\"},{\"@type\":\"ListItem\",\"position\":3,\"name\":\"Xiaomi A2025 32 SMART TV LED Wi Fi Google TV\"}]},{\"@type\":\"WebSite\",\"@id\":\"https:\\\/\\\/continent.lv\\\/#website\",\"url\":\"https:\\\/\\\/continent.lv\\\/\",\"name\":\"Continent.lv\",\"description\":\"Sadz\u012bves pre\u010du internetveikals\",\"publisher\":{\"@id\":\"https:\\\/\\\/continent.lv\\\/#organization\"},\"potentialAction\":[{\"@type\":\"SearchAction\",\"target\":{\"@type\":\"EntryPoint\",\"urlTemplate\":\"https:\\\/\\\/continent.lv\\\/?s={search_term_string}\"},\"query-input\":{\"@type\":\"PropertyValueSpecification\",\"valueRequired\":true,\"valueName\":\"search_term_string\"}}],\"inLanguage\":\"ru-RU\"},{\"@type\":\"Organization\",\"@id\":\"https:\\\/\\\/continent.lv\\\/#organization\",\"name\":\"Continent.lv\",\"url\":\"https:\\\/\\\/continent.lv\\\/\",\"logo\":{\"@type\":\"ImageObject\",\"inLanguage\":\"ru-RU\",\"@id\":\"https:\\\/\\\/continent.lv\\\/#\\\/schema\\\/logo\\\/image\\\/\",\"url\":\"https:\\\/\\\/continent.lv\\\/wp-content\\\/uploads\\\/2026\\\/05\\\/logo_continent_5nwv-jh.jpg\",\"contentUrl\":\"https:\\\/\\\/continent.lv\\\/wp-content\\\/uploads\\\/2026\\\/05\\\/logo_continent_5nwv-jh.jpg\",\"width\":221,\"height\":50,\"caption\":\"Continent.lv\"},\"image\":{\"@id\":\"https:\\\/\\\/continent.lv\\\/#\\\/schema\\\/logo\\\/image\\\/\"}}]}<\/script>\n<!-- \/ Yoast SEO plugin. -->","yoast_head_json":{"title":"Xiaomi A2025 32 SMART TV LED Wi Fi Google TV - Continent.lv","robots":{"index":"index","follow":"follow","max-snippet":"max-snippet:-1","max-image-preview":"max-image-preview:large","max-video-preview":"max-video-preview:-1"},"canonical":"https:\/\/continent.lv\/ru\/product\/xiaomi-a2025-32-smart-tv-led-wi-fi-google-tv\/","og_locale":"ru_RU","og_type":"article","og_title":"Xiaomi A2025 32 SMART TV LED Wi Fi Google TV - Continent.lv","og_description":"Ra\u017eot\u0101js XiaomiTelevizora veids LEDEkr\u0101na izm\u0113rs, collas 32Ekr\u0101nsIz\u0161\u0137irtsp\u0113ja 1366 x 768 (HD Ready)Ska\u0146aSka\u0146as jauda, W 10Smart TV un internetsInterneta piek\u013cuve (Smart TV) IrInterneta p\u0101rl\u016bks IrSmart TV oper\u0113t\u0101jsist\u0113ma Google TVVad\u012bba, izmantojot viedt\u0101lruni IrDigit\u0101lais uztv\u0113r\u0113jsDVB uztv\u0113r\u0113js DVB-T2DVB-CDVB-S2Savienojumu veidiWiFi atbalsts Ir (ieb\u016bv\u0113ts)HDMI 2.0 ieejas 2USB ieeju skaits 1USB mediaplejeris (Video, Muzika, Foto) IrAusti\u0146u ligzda NavWi-Fi Direct \/ Miracast piesl\u0113gums [&hellip;]","og_url":"https:\/\/continent.lv\/ru\/product\/xiaomi-a2025-32-smart-tv-led-wi-fi-google-tv\/","og_site_name":"Continent.lv","og_image":[{"width":1000,"height":1000,"url":"https:\/\/continent.lv\/wp-content\/uploads\/2026\/05\/Xiaomi_A2025_32tv.jpg","type":"image\/jpeg"}],"twitter_card":"summary_large_image","twitter_misc":{"\u041f\u0440\u0438\u043c\u0435\u0440\u043d\u043e\u0435 \u0432\u0440\u0435\u043c\u044f \u0434\u043b\u044f \u0447\u0442\u0435\u043d\u0438\u044f":"1 \u043c\u0438\u043d\u0443\u0442\u0430"},"schema":{"@context":"https:\/\/schema.org","@graph":[{"@type":"WebPage","@id":"https:\/\/continent.lv\/product\/xiaomi-a2025-32-smart-tv-led-wi-fi-google-tv\/","url":"https:\/\/continent.lv\/product\/xiaomi-a2025-32-smart-tv-led-wi-fi-google-tv\/","name":"Xiaomi A2025 32 SMART TV LED Wi Fi Google TV - Continent.lv","isPartOf":{"@id":"https:\/\/continent.lv\/#website"},"primaryImageOfPage":{"@id":"https:\/\/continent.lv\/product\/xiaomi-a2025-32-smart-tv-led-wi-fi-google-tv\/#primaryimage"},"image":{"@id":"https:\/\/continent.lv\/product\/xiaomi-a2025-32-smart-tv-led-wi-fi-google-tv\/#primaryimage"},"thumbnailUrl":"https:\/\/continent.lv\/wp-content\/uploads\/2026\/05\/Xiaomi_A2025_32tv.jpg","datePublished":"2026-05-01T07:45:14+00:00","breadcrumb":{"@id":"https:\/\/continent.lv\/product\/xiaomi-a2025-32-smart-tv-led-wi-fi-google-tv\/#breadcrumb"},"inLanguage":"ru-RU","potentialAction":[{"@type":"ReadAction","target":["https:\/\/continent.lv\/product\/xiaomi-a2025-32-smart-tv-led-wi-fi-google-tv\/"]}]},{"@type":"ImageObject","inLanguage":"ru-RU","@id":"https:\/\/continent.lv\/product\/xiaomi-a2025-32-smart-tv-led-wi-fi-google-tv\/#primaryimage","url":"https:\/\/continent.lv\/wp-content\/uploads\/2026\/05\/Xiaomi_A2025_32tv.jpg","contentUrl":"https:\/\/continent.lv\/wp-content\/uploads\/2026\/05\/Xiaomi_A2025_32tv.jpg","width":1000,"height":1000},{"@type":"BreadcrumbList","@id":"https:\/\/continent.lv\/product\/xiaomi-a2025-32-smart-tv-led-wi-fi-google-tv\/#breadcrumb","itemListElement":[{"@type":"ListItem","position":1,"name":"Home","item":"https:\/\/continent.lv\/"},{"@type":"ListItem","position":2,"name":"Veikals","item":"https:\/\/continent.lv\/shop\/"},{"@type":"ListItem","position":3,"name":"Xiaomi A2025 32 SMART TV LED Wi Fi Google TV"}]},{"@type":"WebSite","@id":"https:\/\/continent.lv\/#website","url":"https:\/\/continent.lv\/","name":"Continent.lv","description":"Sadz\u012bves pre\u010du internetveikals","publisher":{"@id":"https:\/\/continent.lv\/#organization"},"potentialAction":[{"@type":"SearchAction","target":{"@type":"EntryPoint","urlTemplate":"https:\/\/continent.lv\/?s={search_term_string}"},"query-input":{"@type":"PropertyValueSpecification","valueRequired":true,"valueName":"search_term_string"}}],"inLanguage":"ru-RU"},{"@type":"Organization","@id":"https:\/\/continent.lv\/#organization","name":"Continent.lv","url":"https:\/\/continent.lv\/","logo":{"@type":"ImageObject","inLanguage":"ru-RU","@id":"https:\/\/continent.lv\/#\/schema\/logo\/image\/","url":"https:\/\/continent.lv\/wp-content\/uploads\/2026\/05\/logo_continent_5nwv-jh.jpg","contentUrl":"https:\/\/continent.lv\/wp-content\/uploads\/2026\/05\/logo_continent_5nwv-jh.jpg","width":221,"height":50,"caption":"Continent.lv"},"image":{"@id":"https:\/\/continent.lv\/#\/schema\/logo\/image\/"}}]}},"_links":{"self":[{"href":"https:\/\/continent.lv\/ru\/wp-json\/wp\/v2\/product\/44781","targetHints":{"allow":["GET"]}}],"collection":[{"href":"https:\/\/continent.lv\/ru\/wp-json\/wp\/v2\/product"}],"about":[{"href":"https:\/\/continent.lv\/ru\/wp-json\/wp\/v2\/types\/product"}],"replies":[{"embeddable":true,"href":"https:\/\/continent.lv\/ru\/wp-json\/wp\/v2\/comments?post=44781"}],"wp:featuredmedia":[{"embeddable":true,"href":"https:\/\/continent.lv\/ru\/wp-json\/wp\/v2\/media\/44776"}],"wp:attachment":[{"href":"https:\/\/continent.lv\/ru\/wp-json\/wp\/v2\/media?parent=44781"}],"wp:term":[{"taxonomy":"product_brand","embeddable":true,"href":"https:\/\/continent.lv\/ru\/wp-json\/wp\/v2\/product_brand?post=44781"},{"taxonomy":"product_cat","embeddable":true,"href":"https:\/\/continent.lv\/ru\/wp-json\/wp\/v2\/product_cat?post=44781"},{"taxonomy":"product_tag","embeddable":true,"href":"https:\/\/continent.lv\/ru\/wp-json\/wp\/v2\/product_tag?post=44781"}],"curies":[{"name":"wp","href":"https:\/\/api.w.org\/{rel}","templated":true}]}}