{"id":44746,"date":"2026-05-01T07:44:07","date_gmt":"2026-05-01T07:44:07","guid":{"rendered":"https:\/\/continent.lv\/product\/schlosser-oe555dtb\/"},"modified":"2026-05-01T07:44:07","modified_gmt":"2026-05-01T07:44:07","slug":"schlosser-oe555dtb","status":"publish","type":"product","link":"https:\/\/continent.lv\/ru\/product\/schlosser-oe555dtb\/","title":{"rendered":"Schlosser OE555DTB"},"content":{"rendered":"<p>\u00a0 \u00a0 Pre\u010du z\u012bme\u00a0 \u00a0 Schlosser<\/p>\n<p>\u00a0 \u00a0 Cepe\u0161kr\u0101sns veids\u00a0 \u00a0 Elektriska<br \/>\u00a0 \u00a0 Kr\u0101sa\u00a0 \u00a0 Melna<br \/>\u00a0 \u00a0 Cepe\u0161kr\u0101sns tilpums\u00a0 \u00a0 52 l<br \/>\u00a0 \u00a0 Re\u017e\u012bmi\u00a0 \u00a0 7<br \/>\u00a0 \u00a0 Svars\u00a0 \u00a0 22.5 kg<br \/>\u00a0 \u00a0 Svars ar iepakojumu\u00a0 \u00a0 24 kg<br \/>\u041f\u043e\u0442\u0440\u0435\u0431\u043b\u0435\u043d\u0438\u0435 \u044d\u043b\u0435\u043a\u0442\u0440\u043e\u044d\u043d\u0435\u0440\u0433\u0438\u0438<br \/>\u00a0 \u00a0 Energoefektivit\u0101tes klase\u00a0 \u00a0 A<br \/>\u0414\u0440\u0443\u0433\u0438\u0435 \u043f\u0430\u0440\u0430\u043c\u0435\u0442\u0440\u044b<br \/>\u00a0 \u00a0 Grils cepe\u0161kr\u0101snij\u00a0 \u00a0 Ir<br \/>\u00a0 \u00a0 Cepe\u0161kr\u0101sns t\u012br\u012b\u0161anas funkcija\u00a0 \u00a0 Hidrol\u012btisk\u0101<br \/>\u00a0 \u00a0 Izm\u0113ri mm (AxPxDz)\u00a0 \u00a0 595x450x565<\/p><\/p>","protected":false},"excerpt":{"rendered":"<p>\u00a0 \u00a0 Pre\u010du z\u012bme\u00a0 \u00a0 Schlosser \u00a0 \u00a0 Cepe\u0161kr\u0101sns veids\u00a0 \u00a0 Elektriska\u00a0 \u00a0 Kr\u0101sa\u00a0 \u00a0 Melna\u00a0 \u00a0 Cepe\u0161kr\u0101sns tilpums\u00a0 \u00a0 52 l\u00a0 \u00a0 Re\u017e\u012bmi\u00a0 \u00a0 7\u00a0 \u00a0 Svars\u00a0 \u00a0 22.5 kg\u00a0 \u00a0 Svars ar iepakojumu\u00a0 \u00a0 24 kgElektroener\u0123ijas pat\u0113ri\u0146\u0161\u00a0 \u00a0 Energoefektivit\u0101tes klase\u00a0 \u00a0 ACiti parametri\u00a0 \u00a0 Grils cepe\u0161kr\u0101snij\u00a0 \u00a0 Ir\u00a0 \u00a0 Cepe\u0161kr\u0101sns t\u012br\u012b\u0161anas funkcija\u00a0 \u00a0 [&hellip;]<\/p>\n","protected":false},"featured_media":44743,"comment_status":"open","ping_status":"closed","template":"","meta":{"_joinchat":[]},"product_brand":[],"product_cat":[266],"product_tag":[],"class_list":{"0":"post-44746","1":"product","2":"type-product","3":"status-publish","4":"has-post-thumbnail","6":"product_cat-iebuvejama-sadzives-tehnika-iebuvejamas-cepeskrasnis","8":"first","9":"instock","10":"shipping-taxable","11":"purchasable","12":"product-type-simple"},"yoast_head":"<!-- This site is optimized with the Yoast SEO plugin v27.5 - https:\/\/yoast.com\/product\/yoast-seo-wordpress\/ -->\n<title>Schlosser OE555DTB - Continent.lv<\/title>\n<meta name=\"robots\" content=\"index, follow, max-snippet:-1, max-image-preview:large, max-video-preview:-1\" \/>\n<link rel=\"canonical\" href=\"https:\/\/continent.lv\/ru\/product\/schlosser-oe555dtb\/\" \/>\n<meta property=\"og:locale\" content=\"ru_RU\" \/>\n<meta property=\"og:type\" content=\"article\" \/>\n<meta property=\"og:title\" content=\"Schlosser OE555DTB - Continent.lv\" \/>\n<meta property=\"og:description\" content=\"\u00a0 \u00a0 Pre\u010du z\u012bme\u00a0 \u00a0 Schlosser \u00a0 \u00a0 Cepe\u0161kr\u0101sns veids\u00a0 \u00a0 Elektriska\u00a0 \u00a0 Kr\u0101sa\u00a0 \u00a0 Melna\u00a0 \u00a0 Cepe\u0161kr\u0101sns tilpums\u00a0 \u00a0 52 l\u00a0 \u00a0 Re\u017e\u012bmi\u00a0 \u00a0 7\u00a0 \u00a0 Svars\u00a0 \u00a0 22.5 kg\u00a0 \u00a0 Svars ar iepakojumu\u00a0 \u00a0 24 kgElektroener\u0123ijas pat\u0113ri\u0146\u0161\u00a0 \u00a0 Energoefektivit\u0101tes klase\u00a0 \u00a0 ACiti parametri\u00a0 \u00a0 Grils cepe\u0161kr\u0101snij\u00a0 \u00a0 Ir\u00a0 \u00a0 Cepe\u0161kr\u0101sns t\u012br\u012b\u0161anas funkcija\u00a0 \u00a0 [&hellip;]\" \/>\n<meta property=\"og:url\" content=\"https:\/\/continent.lv\/ru\/product\/schlosser-oe555dtb\/\" \/>\n<meta property=\"og:site_name\" content=\"Continent.lv\" \/>\n<meta property=\"og:image\" content=\"https:\/\/continent.lv\/wp-content\/uploads\/2026\/05\/21-6.jpeg\" \/>\n\t<meta property=\"og:image:width\" content=\"841\" \/>\n\t<meta property=\"og:image:height\" content=\"993\" \/>\n\t<meta property=\"og:image:type\" content=\"image\/jpeg\" \/>\n<meta name=\"twitter:card\" content=\"summary_large_image\" \/>\n<script type=\"application\/ld+json\" class=\"yoast-schema-graph\">{\"@context\":\"https:\\\/\\\/schema.org\",\"@graph\":[{\"@type\":\"WebPage\",\"@id\":\"https:\\\/\\\/continent.lv\\\/product\\\/schlosser-oe555dtb\\\/\",\"url\":\"https:\\\/\\\/continent.lv\\\/product\\\/schlosser-oe555dtb\\\/\",\"name\":\"Schlosser OE555DTB - Continent.lv\",\"isPartOf\":{\"@id\":\"https:\\\/\\\/continent.lv\\\/#website\"},\"primaryImageOfPage\":{\"@id\":\"https:\\\/\\\/continent.lv\\\/product\\\/schlosser-oe555dtb\\\/#primaryimage\"},\"image\":{\"@id\":\"https:\\\/\\\/continent.lv\\\/product\\\/schlosser-oe555dtb\\\/#primaryimage\"},\"thumbnailUrl\":\"https:\\\/\\\/continent.lv\\\/wp-content\\\/uploads\\\/2026\\\/05\\\/21-6.jpeg\",\"datePublished\":\"2026-05-01T07:44:07+00:00\",\"breadcrumb\":{\"@id\":\"https:\\\/\\\/continent.lv\\\/product\\\/schlosser-oe555dtb\\\/#breadcrumb\"},\"inLanguage\":\"ru-RU\",\"potentialAction\":[{\"@type\":\"ReadAction\",\"target\":[\"https:\\\/\\\/continent.lv\\\/product\\\/schlosser-oe555dtb\\\/\"]}]},{\"@type\":\"ImageObject\",\"inLanguage\":\"ru-RU\",\"@id\":\"https:\\\/\\\/continent.lv\\\/product\\\/schlosser-oe555dtb\\\/#primaryimage\",\"url\":\"https:\\\/\\\/continent.lv\\\/wp-content\\\/uploads\\\/2026\\\/05\\\/21-6.jpeg\",\"contentUrl\":\"https:\\\/\\\/continent.lv\\\/wp-content\\\/uploads\\\/2026\\\/05\\\/21-6.jpeg\",\"width\":841,\"height\":993},{\"@type\":\"BreadcrumbList\",\"@id\":\"https:\\\/\\\/continent.lv\\\/product\\\/schlosser-oe555dtb\\\/#breadcrumb\",\"itemListElement\":[{\"@type\":\"ListItem\",\"position\":1,\"name\":\"Home\",\"item\":\"https:\\\/\\\/continent.lv\\\/\"},{\"@type\":\"ListItem\",\"position\":2,\"name\":\"Veikals\",\"item\":\"https:\\\/\\\/continent.lv\\\/shop\\\/\"},{\"@type\":\"ListItem\",\"position\":3,\"name\":\"Schlosser OE555DTB\"}]},{\"@type\":\"WebSite\",\"@id\":\"https:\\\/\\\/continent.lv\\\/#website\",\"url\":\"https:\\\/\\\/continent.lv\\\/\",\"name\":\"Continent.lv\",\"description\":\"Sadz\u012bves pre\u010du internetveikals\",\"publisher\":{\"@id\":\"https:\\\/\\\/continent.lv\\\/#organization\"},\"potentialAction\":[{\"@type\":\"SearchAction\",\"target\":{\"@type\":\"EntryPoint\",\"urlTemplate\":\"https:\\\/\\\/continent.lv\\\/?s={search_term_string}\"},\"query-input\":{\"@type\":\"PropertyValueSpecification\",\"valueRequired\":true,\"valueName\":\"search_term_string\"}}],\"inLanguage\":\"ru-RU\"},{\"@type\":\"Organization\",\"@id\":\"https:\\\/\\\/continent.lv\\\/#organization\",\"name\":\"Continent.lv\",\"url\":\"https:\\\/\\\/continent.lv\\\/\",\"logo\":{\"@type\":\"ImageObject\",\"inLanguage\":\"ru-RU\",\"@id\":\"https:\\\/\\\/continent.lv\\\/#\\\/schema\\\/logo\\\/image\\\/\",\"url\":\"https:\\\/\\\/continent.lv\\\/wp-content\\\/uploads\\\/2026\\\/05\\\/logo_continent_5nwv-jh.jpg\",\"contentUrl\":\"https:\\\/\\\/continent.lv\\\/wp-content\\\/uploads\\\/2026\\\/05\\\/logo_continent_5nwv-jh.jpg\",\"width\":221,\"height\":50,\"caption\":\"Continent.lv\"},\"image\":{\"@id\":\"https:\\\/\\\/continent.lv\\\/#\\\/schema\\\/logo\\\/image\\\/\"}}]}<\/script>\n<!-- \/ Yoast SEO plugin. -->","yoast_head_json":{"title":"Schlosser OE555DTB - Continent.lv","robots":{"index":"index","follow":"follow","max-snippet":"max-snippet:-1","max-image-preview":"max-image-preview:large","max-video-preview":"max-video-preview:-1"},"canonical":"https:\/\/continent.lv\/ru\/product\/schlosser-oe555dtb\/","og_locale":"ru_RU","og_type":"article","og_title":"Schlosser OE555DTB - Continent.lv","og_description":"\u00a0 \u00a0 Pre\u010du z\u012bme\u00a0 \u00a0 Schlosser \u00a0 \u00a0 Cepe\u0161kr\u0101sns veids\u00a0 \u00a0 Elektriska\u00a0 \u00a0 Kr\u0101sa\u00a0 \u00a0 Melna\u00a0 \u00a0 Cepe\u0161kr\u0101sns tilpums\u00a0 \u00a0 52 l\u00a0 \u00a0 Re\u017e\u012bmi\u00a0 \u00a0 7\u00a0 \u00a0 Svars\u00a0 \u00a0 22.5 kg\u00a0 \u00a0 Svars ar iepakojumu\u00a0 \u00a0 24 kgElektroener\u0123ijas pat\u0113ri\u0146\u0161\u00a0 \u00a0 Energoefektivit\u0101tes klase\u00a0 \u00a0 ACiti parametri\u00a0 \u00a0 Grils cepe\u0161kr\u0101snij\u00a0 \u00a0 Ir\u00a0 \u00a0 Cepe\u0161kr\u0101sns t\u012br\u012b\u0161anas funkcija\u00a0 \u00a0 [&hellip;]","og_url":"https:\/\/continent.lv\/ru\/product\/schlosser-oe555dtb\/","og_site_name":"Continent.lv","og_image":[{"width":841,"height":993,"url":"https:\/\/continent.lv\/wp-content\/uploads\/2026\/05\/21-6.jpeg","type":"image\/jpeg"}],"twitter_card":"summary_large_image","schema":{"@context":"https:\/\/schema.org","@graph":[{"@type":"WebPage","@id":"https:\/\/continent.lv\/product\/schlosser-oe555dtb\/","url":"https:\/\/continent.lv\/product\/schlosser-oe555dtb\/","name":"Schlosser OE555DTB - Continent.lv","isPartOf":{"@id":"https:\/\/continent.lv\/#website"},"primaryImageOfPage":{"@id":"https:\/\/continent.lv\/product\/schlosser-oe555dtb\/#primaryimage"},"image":{"@id":"https:\/\/continent.lv\/product\/schlosser-oe555dtb\/#primaryimage"},"thumbnailUrl":"https:\/\/continent.lv\/wp-content\/uploads\/2026\/05\/21-6.jpeg","datePublished":"2026-05-01T07:44:07+00:00","breadcrumb":{"@id":"https:\/\/continent.lv\/product\/schlosser-oe555dtb\/#breadcrumb"},"inLanguage":"ru-RU","potentialAction":[{"@type":"ReadAction","target":["https:\/\/continent.lv\/product\/schlosser-oe555dtb\/"]}]},{"@type":"ImageObject","inLanguage":"ru-RU","@id":"https:\/\/continent.lv\/product\/schlosser-oe555dtb\/#primaryimage","url":"https:\/\/continent.lv\/wp-content\/uploads\/2026\/05\/21-6.jpeg","contentUrl":"https:\/\/continent.lv\/wp-content\/uploads\/2026\/05\/21-6.jpeg","width":841,"height":993},{"@type":"BreadcrumbList","@id":"https:\/\/continent.lv\/product\/schlosser-oe555dtb\/#breadcrumb","itemListElement":[{"@type":"ListItem","position":1,"name":"Home","item":"https:\/\/continent.lv\/"},{"@type":"ListItem","position":2,"name":"Veikals","item":"https:\/\/continent.lv\/shop\/"},{"@type":"ListItem","position":3,"name":"Schlosser OE555DTB"}]},{"@type":"WebSite","@id":"https:\/\/continent.lv\/#website","url":"https:\/\/continent.lv\/","name":"Continent.lv","description":"Sadz\u012bves pre\u010du internetveikals","publisher":{"@id":"https:\/\/continent.lv\/#organization"},"potentialAction":[{"@type":"SearchAction","target":{"@type":"EntryPoint","urlTemplate":"https:\/\/continent.lv\/?s={search_term_string}"},"query-input":{"@type":"PropertyValueSpecification","valueRequired":true,"valueName":"search_term_string"}}],"inLanguage":"ru-RU"},{"@type":"Organization","@id":"https:\/\/continent.lv\/#organization","name":"Continent.lv","url":"https:\/\/continent.lv\/","logo":{"@type":"ImageObject","inLanguage":"ru-RU","@id":"https:\/\/continent.lv\/#\/schema\/logo\/image\/","url":"https:\/\/continent.lv\/wp-content\/uploads\/2026\/05\/logo_continent_5nwv-jh.jpg","contentUrl":"https:\/\/continent.lv\/wp-content\/uploads\/2026\/05\/logo_continent_5nwv-jh.jpg","width":221,"height":50,"caption":"Continent.lv"},"image":{"@id":"https:\/\/continent.lv\/#\/schema\/logo\/image\/"}}]}},"_links":{"self":[{"href":"https:\/\/continent.lv\/ru\/wp-json\/wp\/v2\/product\/44746","targetHints":{"allow":["GET"]}}],"collection":[{"href":"https:\/\/continent.lv\/ru\/wp-json\/wp\/v2\/product"}],"about":[{"href":"https:\/\/continent.lv\/ru\/wp-json\/wp\/v2\/types\/product"}],"replies":[{"embeddable":true,"href":"https:\/\/continent.lv\/ru\/wp-json\/wp\/v2\/comments?post=44746"}],"wp:featuredmedia":[{"embeddable":true,"href":"https:\/\/continent.lv\/ru\/wp-json\/wp\/v2\/media\/44743"}],"wp:attachment":[{"href":"https:\/\/continent.lv\/ru\/wp-json\/wp\/v2\/media?parent=44746"}],"wp:term":[{"taxonomy":"product_brand","embeddable":true,"href":"https:\/\/continent.lv\/ru\/wp-json\/wp\/v2\/product_brand?post=44746"},{"taxonomy":"product_cat","embeddable":true,"href":"https:\/\/continent.lv\/ru\/wp-json\/wp\/v2\/product_cat?post=44746"},{"taxonomy":"product_tag","embeddable":true,"href":"https:\/\/continent.lv\/ru\/wp-json\/wp\/v2\/product_tag?post=44746"}],"curies":[{"name":"wp","href":"https:\/\/api.w.org\/{rel}","templated":true}]}}