{"id":44596,"date":"2026-05-01T07:39:47","date_gmt":"2026-05-01T07:39:47","guid":{"rendered":"https:\/\/continent.lv\/product\/candy-bc449m4d8j-9kg-53cm\/"},"modified":"2026-05-01T07:39:47","modified_gmt":"2026-05-01T07:39:47","slug":"candy-bc449m4d8j-9kg-53cm","status":"publish","type":"product","link":"https:\/\/continent.lv\/ru\/product\/candy-bc449m4d8j-9kg-53cm\/","title":{"rendered":"Candy BC449M4D8J 9\u043a\u0433, 53\u0441\u043c"},"content":{"rendered":"<p>Pre\u010du z\u012bme\u00a0 \u00a0 Candy<\/p>\n<p>\u00a0 \u00a0 Iek\u0101rtas tips\u00a0 \u00a0 Ieb\u016bv\u0113jams<br \/>\u00a0 \u00a0 Ve\u013cas mazg\u0101jam\u0101s ma\u0161\u012bnas veids\u00a0 \u00a0 Ar front\u0101lo iel\u0101di<br \/>\u00a0 \u00a0 EAN\u00a0 \u00a0 8059019111292<br \/>\u041d\u043e\u0432\u0430\u044f \u044d\u043d\u0435\u0440\u0433\u0435\u0442\u0438\u0447\u0435\u0441\u043a\u0430\u044f \u043c\u0430\u0440\u043a\u0438\u0440\u043e\u0432\u043a\u0430 \u0441 2021 \u0433\u043e\u0434\u0430<br \/>\u00a0 \u00a0 Energoefektivit\u0101tes klase\u00a0 \u00a0 A<br \/>\u00a0 \u00a0 Elektroener\u0123ijas pat\u0113ri\u0146\u0161 100 mazg\u0101\u0161anas ciklos\u00a0 \u00a0 40 kWh<br \/>\u0401\u043c\u043a\u043e\u0441\u0442\u044c<br \/>\u00a0 \u00a0 Ve\u013cas ietilp\u012bba mazg\u0101jot\u00a0 \u00a0 9 kg<br \/>\u041c\u043e\u0439\u043a\u0430<br \/>\u00a0 \u00a0 Mazg\u0101\u0161anas cikla \u201cEco 40-60\u201d ilgums\u00a0 \u00a0 3:48<br \/>\u00a0 \u00a0 \u016adens pat\u0113ri\u0146\u0161 vien\u0101 mazg\u0101\u0161anas cikl\u0101\u00a0 \u00a0 46 l<br \/>\u041e\u0442\u0436\u0438\u043c<br \/>\u00a0 \u00a0 Centrif\u016bgas apgriezieni min\u016bt\u0113\u00a0 \u00a0 1400<br \/>\u00a0 \u00a0 Centrif\u016bgas energoefektivit\u0101tes klase\u00a0 \u00a0 B<br \/>\u00a0 \u00a0 Trok\u0161\u0146a l\u012bmenis centrif\u016bgas re\u017e\u012bm\u0101\u00a0 \u00a0 72 dB<br \/>\u00a0 \u00a0 Akustisk\u0101 trok\u0161\u0146a emisijas klase\u00a0 \u00a0 A<br \/>\u0420\u0430\u0437\u043c\u0435\u0440\u044b, \u0432\u0435\u0441<br \/>\u00a0 \u00a0 Augstums\u00a0 \u00a0 82 cm<br \/>\u00a0 \u00a0 Platums\u00a0 \u00a0 60 cm<br \/>\u00a0 \u00a0 Dzi\u013cums\u00a0 \u00a0 52.5 cm<br \/>\u00a0 \u00a0 Svars\u00a0 \u00a0 64 kg<br \/>\u00a0 \u00a0 Svars ar iepakojumu\u00a0 \u00a0 66 kg<br \/>\u0423\u043f\u0440\u0430\u0432\u043b\u0435\u043d\u0438\u0435<br \/>\u00a0 \u00a0 Elektroniskais displejs\u00a0 \u00a0 Ir<br \/>\u00a0 \u00a0 Vad\u012bba\u00a0 \u00a0 Elektroniska<br \/>\u00a0 \u00a0 Wi-Fi\u00a0 \u00a0 Ir<br \/>\u0414\u0440\u0443\u0433\u0438\u0435 \u043f\u0430\u0440\u0430\u043c\u0435\u0442\u0440\u044b<br \/>\u00a0 \u00a0 Programmu skaits\u00a0 \u00a0 16<br \/>\u00a0 \u00a0 Apstr\u0101de ar tvaiku\u00a0 \u00a0 Nav<br \/>\u00a0 \u00a0 Atlikt\u0101s mazg\u0101\u0161anas taimeris\u00a0 \u00a0 l\u012bdz 24 h<\/p><\/p>","protected":false},"excerpt":{"rendered":"<p>Pre\u010du z\u012bme\u00a0 \u00a0 Candy \u00a0 \u00a0 Iek\u0101rtas tips\u00a0 \u00a0 Ieb\u016bv\u0113jams\u00a0 \u00a0 Ve\u013cas mazg\u0101jam\u0101s ma\u0161\u012bnas veids\u00a0 \u00a0 Ar front\u0101lo iel\u0101di\u00a0 \u00a0 EAN\u00a0 \u00a0 8059019111292Jaunais energomar\u0137\u0113jums no 2021.gada\u00a0 \u00a0 Energoefektivit\u0101tes klase\u00a0 \u00a0 A\u00a0 \u00a0 Elektroener\u0123ijas pat\u0113ri\u0146\u0161 100 mazg\u0101\u0161anas ciklos\u00a0 \u00a0 40 kWhIetilp\u012bba\u00a0 \u00a0 Ve\u013cas ietilp\u012bba mazg\u0101jot\u00a0 \u00a0 9 kgMazg\u0101\u0161ana\u00a0 \u00a0 Mazg\u0101\u0161anas cikla \u201cEco 40-60\u201d ilgums\u00a0 \u00a0 3:48\u00a0 [&hellip;]<\/p>\n","protected":false},"featured_media":44589,"comment_status":"open","ping_status":"closed","template":"","meta":{"_joinchat":[]},"product_brand":[267],"product_cat":[310],"product_tag":[],"class_list":{"0":"post-44596","1":"product","2":"type-product","3":"status-publish","4":"has-post-thumbnail","6":"product_brand-candy","7":"product_cat-iebuvejama-sadzives-tehnika-iebuvejamas-velas-masinas","9":"first","10":"instock","11":"shipping-taxable","12":"purchasable","13":"product-type-simple"},"yoast_head":"<!-- This site is optimized with the Yoast SEO plugin v27.5 - https:\/\/yoast.com\/product\/yoast-seo-wordpress\/ -->\n<title>Candy BC449M4D8J 9kg, 53cm - Continent.lv<\/title>\n<meta name=\"robots\" content=\"index, follow, max-snippet:-1, max-image-preview:large, max-video-preview:-1\" \/>\n<link rel=\"canonical\" href=\"https:\/\/continent.lv\/ru\/product\/candy-bc449m4d8j-9kg-53cm\/\" \/>\n<meta property=\"og:locale\" content=\"ru_RU\" \/>\n<meta property=\"og:type\" content=\"article\" \/>\n<meta property=\"og:title\" content=\"Candy BC449M4D8J 9kg, 53cm - Continent.lv\" \/>\n<meta property=\"og:description\" content=\"Pre\u010du z\u012bme\u00a0 \u00a0 Candy \u00a0 \u00a0 Iek\u0101rtas tips\u00a0 \u00a0 Ieb\u016bv\u0113jams\u00a0 \u00a0 Ve\u013cas mazg\u0101jam\u0101s ma\u0161\u012bnas veids\u00a0 \u00a0 Ar front\u0101lo iel\u0101di\u00a0 \u00a0 EAN\u00a0 \u00a0 8059019111292Jaunais energomar\u0137\u0113jums no 2021.gada\u00a0 \u00a0 Energoefektivit\u0101tes klase\u00a0 \u00a0 A\u00a0 \u00a0 Elektroener\u0123ijas pat\u0113ri\u0146\u0161 100 mazg\u0101\u0161anas ciklos\u00a0 \u00a0 40 kWhIetilp\u012bba\u00a0 \u00a0 Ve\u013cas ietilp\u012bba mazg\u0101jot\u00a0 \u00a0 9 kgMazg\u0101\u0161ana\u00a0 \u00a0 Mazg\u0101\u0161anas cikla \u201cEco 40-60\u201d ilgums\u00a0 \u00a0 3:48\u00a0 [&hellip;]\" \/>\n<meta property=\"og:url\" content=\"https:\/\/continent.lv\/ru\/product\/candy-bc449m4d8j-9kg-53cm\/\" \/>\n<meta property=\"og:site_name\" content=\"Continent.lv\" \/>\n<meta property=\"og:image\" content=\"https:\/\/continent.lv\/wp-content\/uploads\/2026\/05\/21_mgxp-7e.jpeg\" \/>\n\t<meta property=\"og:image:width\" content=\"1000\" \/>\n\t<meta property=\"og:image:height\" content=\"1000\" \/>\n\t<meta property=\"og:image:type\" content=\"image\/jpeg\" \/>\n<meta name=\"twitter:card\" content=\"summary_large_image\" \/>\n<meta name=\"twitter:label1\" content=\"\u041f\u0440\u0438\u043c\u0435\u0440\u043d\u043e\u0435 \u0432\u0440\u0435\u043c\u044f \u0434\u043b\u044f \u0447\u0442\u0435\u043d\u0438\u044f\" \/>\n\t<meta name=\"twitter:data1\" content=\"1 \u043c\u0438\u043d\u0443\u0442\u0430\" \/>\n<script type=\"application\/ld+json\" class=\"yoast-schema-graph\">{\"@context\":\"https:\\\/\\\/schema.org\",\"@graph\":[{\"@type\":\"WebPage\",\"@id\":\"https:\\\/\\\/continent.lv\\\/product\\\/candy-bc449m4d8j-9kg-53cm\\\/\",\"url\":\"https:\\\/\\\/continent.lv\\\/product\\\/candy-bc449m4d8j-9kg-53cm\\\/\",\"name\":\"Candy BC449M4D8J 9kg, 53cm - Continent.lv\",\"isPartOf\":{\"@id\":\"https:\\\/\\\/continent.lv\\\/#website\"},\"primaryImageOfPage\":{\"@id\":\"https:\\\/\\\/continent.lv\\\/product\\\/candy-bc449m4d8j-9kg-53cm\\\/#primaryimage\"},\"image\":{\"@id\":\"https:\\\/\\\/continent.lv\\\/product\\\/candy-bc449m4d8j-9kg-53cm\\\/#primaryimage\"},\"thumbnailUrl\":\"https:\\\/\\\/continent.lv\\\/wp-content\\\/uploads\\\/2026\\\/05\\\/21_mgxp-7e.jpeg\",\"datePublished\":\"2026-05-01T07:39:47+00:00\",\"breadcrumb\":{\"@id\":\"https:\\\/\\\/continent.lv\\\/product\\\/candy-bc449m4d8j-9kg-53cm\\\/#breadcrumb\"},\"inLanguage\":\"ru-RU\",\"potentialAction\":[{\"@type\":\"ReadAction\",\"target\":[\"https:\\\/\\\/continent.lv\\\/product\\\/candy-bc449m4d8j-9kg-53cm\\\/\"]}]},{\"@type\":\"ImageObject\",\"inLanguage\":\"ru-RU\",\"@id\":\"https:\\\/\\\/continent.lv\\\/product\\\/candy-bc449m4d8j-9kg-53cm\\\/#primaryimage\",\"url\":\"https:\\\/\\\/continent.lv\\\/wp-content\\\/uploads\\\/2026\\\/05\\\/21_mgxp-7e.jpeg\",\"contentUrl\":\"https:\\\/\\\/continent.lv\\\/wp-content\\\/uploads\\\/2026\\\/05\\\/21_mgxp-7e.jpeg\",\"width\":1000,\"height\":1000},{\"@type\":\"BreadcrumbList\",\"@id\":\"https:\\\/\\\/continent.lv\\\/product\\\/candy-bc449m4d8j-9kg-53cm\\\/#breadcrumb\",\"itemListElement\":[{\"@type\":\"ListItem\",\"position\":1,\"name\":\"Home\",\"item\":\"https:\\\/\\\/continent.lv\\\/\"},{\"@type\":\"ListItem\",\"position\":2,\"name\":\"Veikals\",\"item\":\"https:\\\/\\\/continent.lv\\\/shop\\\/\"},{\"@type\":\"ListItem\",\"position\":3,\"name\":\"Candy BC449M4D8J 9kg, 53cm\"}]},{\"@type\":\"WebSite\",\"@id\":\"https:\\\/\\\/continent.lv\\\/#website\",\"url\":\"https:\\\/\\\/continent.lv\\\/\",\"name\":\"Continent.lv\",\"description\":\"Sadz\u012bves pre\u010du internetveikals\",\"publisher\":{\"@id\":\"https:\\\/\\\/continent.lv\\\/#organization\"},\"potentialAction\":[{\"@type\":\"SearchAction\",\"target\":{\"@type\":\"EntryPoint\",\"urlTemplate\":\"https:\\\/\\\/continent.lv\\\/?s={search_term_string}\"},\"query-input\":{\"@type\":\"PropertyValueSpecification\",\"valueRequired\":true,\"valueName\":\"search_term_string\"}}],\"inLanguage\":\"ru-RU\"},{\"@type\":\"Organization\",\"@id\":\"https:\\\/\\\/continent.lv\\\/#organization\",\"name\":\"Continent.lv\",\"url\":\"https:\\\/\\\/continent.lv\\\/\",\"logo\":{\"@type\":\"ImageObject\",\"inLanguage\":\"ru-RU\",\"@id\":\"https:\\\/\\\/continent.lv\\\/#\\\/schema\\\/logo\\\/image\\\/\",\"url\":\"https:\\\/\\\/continent.lv\\\/wp-content\\\/uploads\\\/2026\\\/05\\\/logo_continent_5nwv-jh.jpg\",\"contentUrl\":\"https:\\\/\\\/continent.lv\\\/wp-content\\\/uploads\\\/2026\\\/05\\\/logo_continent_5nwv-jh.jpg\",\"width\":221,\"height\":50,\"caption\":\"Continent.lv\"},\"image\":{\"@id\":\"https:\\\/\\\/continent.lv\\\/#\\\/schema\\\/logo\\\/image\\\/\"}}]}<\/script>\n<!-- \/ Yoast SEO plugin. -->","yoast_head_json":{"title":"Candy BC449M4D8J 9kg, 53cm - Continent.lv","robots":{"index":"index","follow":"follow","max-snippet":"max-snippet:-1","max-image-preview":"max-image-preview:large","max-video-preview":"max-video-preview:-1"},"canonical":"https:\/\/continent.lv\/ru\/product\/candy-bc449m4d8j-9kg-53cm\/","og_locale":"ru_RU","og_type":"article","og_title":"Candy BC449M4D8J 9kg, 53cm - Continent.lv","og_description":"Pre\u010du z\u012bme\u00a0 \u00a0 Candy \u00a0 \u00a0 Iek\u0101rtas tips\u00a0 \u00a0 Ieb\u016bv\u0113jams\u00a0 \u00a0 Ve\u013cas mazg\u0101jam\u0101s ma\u0161\u012bnas veids\u00a0 \u00a0 Ar front\u0101lo iel\u0101di\u00a0 \u00a0 EAN\u00a0 \u00a0 8059019111292Jaunais energomar\u0137\u0113jums no 2021.gada\u00a0 \u00a0 Energoefektivit\u0101tes klase\u00a0 \u00a0 A\u00a0 \u00a0 Elektroener\u0123ijas pat\u0113ri\u0146\u0161 100 mazg\u0101\u0161anas ciklos\u00a0 \u00a0 40 kWhIetilp\u012bba\u00a0 \u00a0 Ve\u013cas ietilp\u012bba mazg\u0101jot\u00a0 \u00a0 9 kgMazg\u0101\u0161ana\u00a0 \u00a0 Mazg\u0101\u0161anas cikla \u201cEco 40-60\u201d ilgums\u00a0 \u00a0 3:48\u00a0 [&hellip;]","og_url":"https:\/\/continent.lv\/ru\/product\/candy-bc449m4d8j-9kg-53cm\/","og_site_name":"Continent.lv","og_image":[{"width":1000,"height":1000,"url":"https:\/\/continent.lv\/wp-content\/uploads\/2026\/05\/21_mgxp-7e.jpeg","type":"image\/jpeg"}],"twitter_card":"summary_large_image","twitter_misc":{"\u041f\u0440\u0438\u043c\u0435\u0440\u043d\u043e\u0435 \u0432\u0440\u0435\u043c\u044f \u0434\u043b\u044f \u0447\u0442\u0435\u043d\u0438\u044f":"1 \u043c\u0438\u043d\u0443\u0442\u0430"},"schema":{"@context":"https:\/\/schema.org","@graph":[{"@type":"WebPage","@id":"https:\/\/continent.lv\/product\/candy-bc449m4d8j-9kg-53cm\/","url":"https:\/\/continent.lv\/product\/candy-bc449m4d8j-9kg-53cm\/","name":"Candy BC449M4D8J 9kg, 53cm - Continent.lv","isPartOf":{"@id":"https:\/\/continent.lv\/#website"},"primaryImageOfPage":{"@id":"https:\/\/continent.lv\/product\/candy-bc449m4d8j-9kg-53cm\/#primaryimage"},"image":{"@id":"https:\/\/continent.lv\/product\/candy-bc449m4d8j-9kg-53cm\/#primaryimage"},"thumbnailUrl":"https:\/\/continent.lv\/wp-content\/uploads\/2026\/05\/21_mgxp-7e.jpeg","datePublished":"2026-05-01T07:39:47+00:00","breadcrumb":{"@id":"https:\/\/continent.lv\/product\/candy-bc449m4d8j-9kg-53cm\/#breadcrumb"},"inLanguage":"ru-RU","potentialAction":[{"@type":"ReadAction","target":["https:\/\/continent.lv\/product\/candy-bc449m4d8j-9kg-53cm\/"]}]},{"@type":"ImageObject","inLanguage":"ru-RU","@id":"https:\/\/continent.lv\/product\/candy-bc449m4d8j-9kg-53cm\/#primaryimage","url":"https:\/\/continent.lv\/wp-content\/uploads\/2026\/05\/21_mgxp-7e.jpeg","contentUrl":"https:\/\/continent.lv\/wp-content\/uploads\/2026\/05\/21_mgxp-7e.jpeg","width":1000,"height":1000},{"@type":"BreadcrumbList","@id":"https:\/\/continent.lv\/product\/candy-bc449m4d8j-9kg-53cm\/#breadcrumb","itemListElement":[{"@type":"ListItem","position":1,"name":"Home","item":"https:\/\/continent.lv\/"},{"@type":"ListItem","position":2,"name":"Veikals","item":"https:\/\/continent.lv\/shop\/"},{"@type":"ListItem","position":3,"name":"Candy BC449M4D8J 9kg, 53cm"}]},{"@type":"WebSite","@id":"https:\/\/continent.lv\/#website","url":"https:\/\/continent.lv\/","name":"Continent.lv","description":"Sadz\u012bves pre\u010du internetveikals","publisher":{"@id":"https:\/\/continent.lv\/#organization"},"potentialAction":[{"@type":"SearchAction","target":{"@type":"EntryPoint","urlTemplate":"https:\/\/continent.lv\/?s={search_term_string}"},"query-input":{"@type":"PropertyValueSpecification","valueRequired":true,"valueName":"search_term_string"}}],"inLanguage":"ru-RU"},{"@type":"Organization","@id":"https:\/\/continent.lv\/#organization","name":"Continent.lv","url":"https:\/\/continent.lv\/","logo":{"@type":"ImageObject","inLanguage":"ru-RU","@id":"https:\/\/continent.lv\/#\/schema\/logo\/image\/","url":"https:\/\/continent.lv\/wp-content\/uploads\/2026\/05\/logo_continent_5nwv-jh.jpg","contentUrl":"https:\/\/continent.lv\/wp-content\/uploads\/2026\/05\/logo_continent_5nwv-jh.jpg","width":221,"height":50,"caption":"Continent.lv"},"image":{"@id":"https:\/\/continent.lv\/#\/schema\/logo\/image\/"}}]}},"_links":{"self":[{"href":"https:\/\/continent.lv\/ru\/wp-json\/wp\/v2\/product\/44596","targetHints":{"allow":["GET"]}}],"collection":[{"href":"https:\/\/continent.lv\/ru\/wp-json\/wp\/v2\/product"}],"about":[{"href":"https:\/\/continent.lv\/ru\/wp-json\/wp\/v2\/types\/product"}],"replies":[{"embeddable":true,"href":"https:\/\/continent.lv\/ru\/wp-json\/wp\/v2\/comments?post=44596"}],"wp:featuredmedia":[{"embeddable":true,"href":"https:\/\/continent.lv\/ru\/wp-json\/wp\/v2\/media\/44589"}],"wp:attachment":[{"href":"https:\/\/continent.lv\/ru\/wp-json\/wp\/v2\/media?parent=44596"}],"wp:term":[{"taxonomy":"product_brand","embeddable":true,"href":"https:\/\/continent.lv\/ru\/wp-json\/wp\/v2\/product_brand?post=44596"},{"taxonomy":"product_cat","embeddable":true,"href":"https:\/\/continent.lv\/ru\/wp-json\/wp\/v2\/product_cat?post=44596"},{"taxonomy":"product_tag","embeddable":true,"href":"https:\/\/continent.lv\/ru\/wp-json\/wp\/v2\/product_tag?post=44596"}],"curies":[{"name":"wp","href":"https:\/\/api.w.org\/{rel}","templated":true}]}}