{"id":44377,"date":"2026-05-01T07:32:50","date_gmt":"2026-05-01T07:32:50","guid":{"rendered":"https:\/\/continent.lv\/product\/electrolux-loe8p38z\/"},"modified":"2026-05-01T07:32:50","modified_gmt":"2026-05-01T07:32:50","slug":"electrolux-loe8p38z","status":"publish","type":"product","link":"https:\/\/continent.lv\/ru\/product\/electrolux-loe8p38z\/","title":{"rendered":"ELECTROLUX LOE8P38Z"},"content":{"rendered":"<\/p>\n<p class=\"translation-block\"><p><\/p><p>\u0422\u0438\u043f \u043f\u0440\u043e\u0434\u0443\u043a\u0442\u0430 \u0414\u0443\u0445\u043e\u0432\u044b\u0435 \u0448\u043a\u0430\u0444\u044b<br>\u0411\u0440\u0435\u043d\u0434 Electrolux<br>\u0421\u0435\u0440\u0438\u044f 700 \u0441\u0435\u0440\u0438\u044f<br>\u041a\u043e\u043b\u043b\u0435\u043a\u0446\u0438\u044f \u201eMealAssist\u201c<br>\u041c\u043e\u0449\u043d\u043e\u0441\u0442\u044c 3490 W<br>\u0421 \u043f\u043e\u0434\u0441\u0432\u0435\u0442\u043a\u043e\u0439 \u0414\u0430<br>\u0426\u0432\u0435\u0442 \u0427\u0435\u0440\u043d\u044b\u0439<br>\u041f\u0438\u0442\u0430\u043d\u0438\u0435 \u042d\u043b\u0435\u043a\u0442\u0440\u043e\u0441\u0435\u0442\u044c<br>\u042d\u043d\u0435\u0440\u0433\u043e\u043f\u043e\u0442\u0440\u0435\u0431\u043b\u0435\u043d\u0438\u0435<br>\u041a\u043b\u0430\u0441\u0441 \u044d\u043d\u0435\u0440\u0433\u043e\u044d\u0444\u0444\u0435\u043a\u0442\u0438\u0432\u043d\u043e\u0441\u0442\u0438 A+<br>\u0418\u043d\u0434\u0435\u043a\u0441 \u044d\u043d\u0435\u0440\u0433\u043e\u044d\u0444\u0444\u0435\u043a\u0442\u0438\u0432\u043d\u043e\u0441\u0442\u0438 (EEI) 81.2<br>\u041f\u043e\u0442\u0440\u0435\u0431\u043b\u0435\u043d\u0438\u0435 \u044d\u043b\u0435\u043a\u0442\u0440\u043e\u044d\u043d\u0435\u0440\u0433\u0438\u0438, \u043a\u0412\u0442\u00b7\u0447\/\u0447 0.93<br>\u041f\u043e\u0442\u0440\u0435\u0431\u043b\u0435\u043d\u0438\u0435 \u044d\u043d\u0435\u0440\u0433\u0438\u0438 \u0441 \u0432\u0435\u043d\u0442\u0438\u043b\u044f\u0442\u043e\u0440\u043e\u043c, \u043a\u0412\u0442\u00b7\u0447 0.69<br>\u0423\u043f\u0440\u0430\u0432\u043b\u0435\u043d\u0438\u0435<br>\u042d\u043a\u0440\u0430\u043d \u0414\u0430<br>\u0423\u043f\u0440\u0430\u0432\u043b\u0435\u043d\u0438\u0435 \u042d\u043b\u0435\u043a\u0442\u0440\u043e\u043d\u043d\u043e\u0435, \u0441\u0435\u043d\u0441\u043e\u0440\u043d\u043e\u0435<br>\u0422\u0430\u0439\u043c\u0435\u0440 \u0414\u0430<br>\u0422\u0438\u043f \u044d\u043a\u0440\u0430\u043d\u0430 TFT<br>\u0420\u0435\u0433\u0443\u043b\u0438\u0440\u043e\u0432\u043a\u0430 \u0442\u0435\u043c\u043f\u0435\u0440\u0430\u0442\u0443\u0440\u044b \u0414\u0430<br>\u0424\u0443\u043d\u043a\u0446\u0438\u0438 \u0434\u0443\u0445\u043e\u0432\u043a\u0438<br>\u041a\u043e\u043b\u0438\u0447\u0435\u0441\u0442\u0432\u043e \u043a\u0430\u043c\u0435\u0440 1<br>\u0422\u0438\u043f \u0434\u0443\u0445\u043e\u0432\u043a\u0438 \u042d\u043b\u0435\u043a\u0442\u0440\u0438\u0447\u0435\u0441\u043a\u0430\u044f<br>\u041e\u0431\u044a\u0435\u043c \u0434\u0443\u0445\u043e\u0432\u043a\u0438 72 \u043b<br>\u041a\u043e\u043b\u0438\u0447\u0435\u0441\u0442\u0432\u043e \u0444\u0443\u043d\u043a\u0446\u0438\u0439 \u0434\u0443\u0445\u043e\u0432\u043a\u0438 17<br>\u041a\u043e\u043b\u0438\u0447\u0435\u0441\u0442\u0432\u043e \u0441\u0442\u0435\u043a\u043e\u043b \u0434\u0432\u0435\u0440\u0438 \u0434\u0443\u0445\u043e\u0432\u043a\u0438 3<br>\u041c\u0430\u043a\u0441\u0438\u043c\u0430\u043b\u044c\u043d\u0430\u044f \u0442\u0435\u043c\u043f\u0435\u0440\u0430\u0442\u0443\u0440\u0430 \u0434\u0443\u0445\u043e\u0432\u043a\u0438 300 \u00b0C<br>\u0413\u0440\u0438\u043b\u044c \u0414\u0430<br>\u041a\u043e\u043d\u0432\u0435\u043a\u0446\u0438\u044f \u0414\u0430<br>\u0422\u0435\u0440\u043c\u043e\u0441\u0442\u0430\u0442 \u0414\u0430<br>\u0422\u0435\u0440\u043c\u043e\u043c\u0435\u0442\u0440 \u0434\u043b\u044f \u0432\u044b\u043f\u0435\u0447\u043a\u0438 \u041d\u0435\u0442<br>\u0411\u0435\u0437\u043e\u043f\u0430\u0441\u043d\u043e\u0441\u0442\u044c<br>\u0424\u0443\u043d\u043a\u0446\u0438\u044f \u0437\u0430\u0449\u0438\u0442\u044b \u043e\u0442 \u0434\u0435\u0442\u0435\u0439 \u0414\u0430<br>\u041a\u043e\u043c\u043f\u043b\u0435\u043a\u0442\u0430\u0446\u0438\u044f<br>\u0422\u0435\u043b\u0435\u0441\u043a\u043e\u043f\u0438\u0447\u0435\u0441\u043a\u0438\u0435 \u043d\u0430\u043f\u0440\u0430\u0432\u043b\u044f\u044e\u0449\u0438\u0435 1 \u0443\u0440\u043e\u0432\u0435\u043d\u044c<br>\u041a\u043e\u043b\u0438\u0447\u0435\u0441\u0442\u0432\u043e \u043f\u0440\u043e\u0442\u0438\u0432\u043d\u0435\u0439 2<br>\u0420\u0430\u0437\u043c\u0435\u0440\u044b<br>\u0428\u0438\u0440\u0438\u043d\u0430 59.4 \u0441\u043c<br>\u0413\u043b\u0443\u0431\u0438\u043d\u0430 56.9 \u0441\u043c<br>\u0412\u044b\u0441\u043e\u0442\u0430 59.4 \u0441\u043c<br>\u0412\u0435\u0441 29.3 \u043a\u0433<br>\u0414\u043e\u043f\u043e\u043b\u043d\u0438\u0442\u0435\u043b\u044c\u043d\u043e<br>\u041c\u0430\u0442\u0435\u0440\u0438\u0430\u043b \u043a\u043e\u0440\u043f\u0443\u0441\u0430 \u041c\u0435\u0442\u0430\u043b\u043b<br>\u0422\u0438\u043f \u043e\u0447\u0438\u0441\u0442\u043a\u0438 \u0421\u0438\u0441\u0442\u0435\u043c\u0430 \u0441\u0430\u043c\u043e\u043e\u0447\u0438\u0441\u0442\u043a\u0438 \u043f\u0438\u0440\u043e\u043b\u0438\u0442\u0438\u0447\u0435\u0441\u043a\u043e\u0433\u043e \u0438\u0437\u043b\u0443\u0447\u0435\u043d\u0438\u044f<br>\u041a\u043e\u043b\u0438\u0447\u0435\u0441\u0442\u0432\u043e \u0440\u0435\u0448\u0435\u0442\u043e\u043a 1<br>\u041a\u0430\u0431\u0435\u043b\u044c \u043f\u0438\u0442\u0430\u043d\u0438\u044f \u0414\u0430<br>\u0412\u0438\u043b\u043a\u0430 \u0414\u0430<br>\u0421\u0442\u0440\u0430\u043d\u0430 \u043f\u0440\u043e\u0438\u0437\u0432\u043e\u0434\u0441\u0442\u0432\u0430 \u0418\u0442\u0430\u043b\u0438\u044f<\/p><\/p>","protected":false},"excerpt":{"rendered":"<p>Produkta veids Cepe\u0161kr\u0101snisZ\u012bmols ElectroluxS\u0113rija 700 s\u0113rijaKolekcija \u201eMealAssist\u201cJauda 3490 WAr apgaismojumu J\u0101Kr\u0101sa MelnaElektroapg\u0101de Elektrisk\u0101 t\u012bklaEner\u0123ijas pat\u0113ri\u0146\u0161Energoefektivit\u0101tes klase A+Energoefektivit\u0101tes indekss (EEI) 81.2Elektroener\u0123ijas pat\u0113ri\u0146\u0161, kWh\/h 0.93Ener\u0123ijas pat\u0113ri\u0146\u0161 ar ventilatoru, kWh 0.69Vad\u012bbaEkr\u0101ns J\u0101Vad\u012bba Elektroniska, SensoruTaimeris J\u0101Ekr\u0101na tips TFTTemperat\u016bras regul\u0113\u0161ana J\u0101Cepe\u0161kr\u0101sns funkcijasKameru skaits 1Cepe\u0161kr\u0101sns veids Elektrisk\u0101Kr\u0101sns tilpums 72 lCepe\u0161kr\u0101sns funkciju skaits 17Cepe\u0161kr\u0101sns durvju stiklu skaits 3Cepe\u0161kr\u0101sns maksim\u0101l\u0101 temperat\u016bra 300 \u00b0CGrils [&hellip;]<\/p>\n","protected":false},"featured_media":44370,"comment_status":"open","ping_status":"closed","template":"","meta":{"_joinchat":[]},"product_brand":[265],"product_cat":[266],"product_tag":[],"class_list":{"0":"post-44377","1":"product","2":"type-product","3":"status-publish","4":"has-post-thumbnail","6":"product_brand-electrolux","7":"product_cat-iebuvejama-sadzives-tehnika-iebuvejamas-cepeskrasnis","9":"first","10":"instock","11":"shipping-taxable","12":"purchasable","13":"product-type-simple"},"yoast_head":"<!-- This site is optimized with the Yoast SEO plugin v27.5 - https:\/\/yoast.com\/product\/yoast-seo-wordpress\/ -->\n<title>ELECTROLUX LOE8P38Z - Continent.lv<\/title>\n<meta name=\"robots\" content=\"index, follow, max-snippet:-1, max-image-preview:large, max-video-preview:-1\" \/>\n<link rel=\"canonical\" href=\"https:\/\/continent.lv\/ru\/product\/electrolux-loe8p38z\/\" \/>\n<meta property=\"og:locale\" content=\"ru_RU\" \/>\n<meta property=\"og:type\" content=\"article\" \/>\n<meta property=\"og:title\" content=\"ELECTROLUX LOE8P38Z - Continent.lv\" \/>\n<meta property=\"og:description\" content=\"Produkta veids Cepe\u0161kr\u0101snisZ\u012bmols ElectroluxS\u0113rija 700 s\u0113rijaKolekcija \u201eMealAssist\u201cJauda 3490 WAr apgaismojumu J\u0101Kr\u0101sa MelnaElektroapg\u0101de Elektrisk\u0101 t\u012bklaEner\u0123ijas pat\u0113ri\u0146\u0161Energoefektivit\u0101tes klase A+Energoefektivit\u0101tes indekss (EEI) 81.2Elektroener\u0123ijas pat\u0113ri\u0146\u0161, kWh\/h 0.93Ener\u0123ijas pat\u0113ri\u0146\u0161 ar ventilatoru, kWh 0.69Vad\u012bbaEkr\u0101ns J\u0101Vad\u012bba Elektroniska, SensoruTaimeris J\u0101Ekr\u0101na tips TFTTemperat\u016bras regul\u0113\u0161ana J\u0101Cepe\u0161kr\u0101sns funkcijasKameru skaits 1Cepe\u0161kr\u0101sns veids Elektrisk\u0101Kr\u0101sns tilpums 72 lCepe\u0161kr\u0101sns funkciju skaits 17Cepe\u0161kr\u0101sns durvju stiklu skaits 3Cepe\u0161kr\u0101sns maksim\u0101l\u0101 temperat\u016bra 300 \u00b0CGrils [&hellip;]\" \/>\n<meta property=\"og:url\" content=\"https:\/\/continent.lv\/ru\/product\/electrolux-loe8p38z\/\" \/>\n<meta property=\"og:site_name\" content=\"Continent.lv\" \/>\n<meta property=\"og:image\" content=\"https:\/\/continent.lv\/wp-content\/uploads\/2026\/05\/LOE8P38Z.webp\" \/>\n\t<meta property=\"og:image:width\" content=\"2000\" \/>\n\t<meta property=\"og:image:height\" content=\"2000\" \/>\n\t<meta property=\"og:image:type\" content=\"image\/webp\" \/>\n<meta name=\"twitter:card\" content=\"summary_large_image\" \/>\n<meta name=\"twitter:label1\" content=\"\u041f\u0440\u0438\u043c\u0435\u0440\u043d\u043e\u0435 \u0432\u0440\u0435\u043c\u044f \u0434\u043b\u044f \u0447\u0442\u0435\u043d\u0438\u044f\" \/>\n\t<meta name=\"twitter:data1\" content=\"1 \u043c\u0438\u043d\u0443\u0442\u0430\" \/>\n<script type=\"application\/ld+json\" class=\"yoast-schema-graph\">{\"@context\":\"https:\\\/\\\/schema.org\",\"@graph\":[{\"@type\":\"WebPage\",\"@id\":\"https:\\\/\\\/continent.lv\\\/product\\\/electrolux-loe8p38z\\\/\",\"url\":\"https:\\\/\\\/continent.lv\\\/product\\\/electrolux-loe8p38z\\\/\",\"name\":\"ELECTROLUX LOE8P38Z - Continent.lv\",\"isPartOf\":{\"@id\":\"https:\\\/\\\/continent.lv\\\/#website\"},\"primaryImageOfPage\":{\"@id\":\"https:\\\/\\\/continent.lv\\\/product\\\/electrolux-loe8p38z\\\/#primaryimage\"},\"image\":{\"@id\":\"https:\\\/\\\/continent.lv\\\/product\\\/electrolux-loe8p38z\\\/#primaryimage\"},\"thumbnailUrl\":\"https:\\\/\\\/continent.lv\\\/wp-content\\\/uploads\\\/2026\\\/05\\\/LOE8P38Z.webp\",\"datePublished\":\"2026-05-01T07:32:50+00:00\",\"breadcrumb\":{\"@id\":\"https:\\\/\\\/continent.lv\\\/product\\\/electrolux-loe8p38z\\\/#breadcrumb\"},\"inLanguage\":\"ru-RU\",\"potentialAction\":[{\"@type\":\"ReadAction\",\"target\":[\"https:\\\/\\\/continent.lv\\\/product\\\/electrolux-loe8p38z\\\/\"]}]},{\"@type\":\"ImageObject\",\"inLanguage\":\"ru-RU\",\"@id\":\"https:\\\/\\\/continent.lv\\\/product\\\/electrolux-loe8p38z\\\/#primaryimage\",\"url\":\"https:\\\/\\\/continent.lv\\\/wp-content\\\/uploads\\\/2026\\\/05\\\/LOE8P38Z.webp\",\"contentUrl\":\"https:\\\/\\\/continent.lv\\\/wp-content\\\/uploads\\\/2026\\\/05\\\/LOE8P38Z.webp\",\"width\":2000,\"height\":2000},{\"@type\":\"BreadcrumbList\",\"@id\":\"https:\\\/\\\/continent.lv\\\/product\\\/electrolux-loe8p38z\\\/#breadcrumb\",\"itemListElement\":[{\"@type\":\"ListItem\",\"position\":1,\"name\":\"Home\",\"item\":\"https:\\\/\\\/continent.lv\\\/\"},{\"@type\":\"ListItem\",\"position\":2,\"name\":\"Veikals\",\"item\":\"https:\\\/\\\/continent.lv\\\/shop\\\/\"},{\"@type\":\"ListItem\",\"position\":3,\"name\":\"ELECTROLUX LOE8P38Z\"}]},{\"@type\":\"WebSite\",\"@id\":\"https:\\\/\\\/continent.lv\\\/#website\",\"url\":\"https:\\\/\\\/continent.lv\\\/\",\"name\":\"Continent.lv\",\"description\":\"Sadz\u012bves pre\u010du internetveikals\",\"publisher\":{\"@id\":\"https:\\\/\\\/continent.lv\\\/#organization\"},\"potentialAction\":[{\"@type\":\"SearchAction\",\"target\":{\"@type\":\"EntryPoint\",\"urlTemplate\":\"https:\\\/\\\/continent.lv\\\/?s={search_term_string}\"},\"query-input\":{\"@type\":\"PropertyValueSpecification\",\"valueRequired\":true,\"valueName\":\"search_term_string\"}}],\"inLanguage\":\"ru-RU\"},{\"@type\":\"Organization\",\"@id\":\"https:\\\/\\\/continent.lv\\\/#organization\",\"name\":\"Continent.lv\",\"url\":\"https:\\\/\\\/continent.lv\\\/\",\"logo\":{\"@type\":\"ImageObject\",\"inLanguage\":\"ru-RU\",\"@id\":\"https:\\\/\\\/continent.lv\\\/#\\\/schema\\\/logo\\\/image\\\/\",\"url\":\"https:\\\/\\\/continent.lv\\\/wp-content\\\/uploads\\\/2026\\\/05\\\/logo_continent_5nwv-jh.jpg\",\"contentUrl\":\"https:\\\/\\\/continent.lv\\\/wp-content\\\/uploads\\\/2026\\\/05\\\/logo_continent_5nwv-jh.jpg\",\"width\":221,\"height\":50,\"caption\":\"Continent.lv\"},\"image\":{\"@id\":\"https:\\\/\\\/continent.lv\\\/#\\\/schema\\\/logo\\\/image\\\/\"}}]}<\/script>\n<!-- \/ Yoast SEO plugin. -->","yoast_head_json":{"title":"ELECTROLUX LOE8P38Z - Continent.lv","robots":{"index":"index","follow":"follow","max-snippet":"max-snippet:-1","max-image-preview":"max-image-preview:large","max-video-preview":"max-video-preview:-1"},"canonical":"https:\/\/continent.lv\/ru\/product\/electrolux-loe8p38z\/","og_locale":"ru_RU","og_type":"article","og_title":"ELECTROLUX LOE8P38Z - Continent.lv","og_description":"Produkta veids Cepe\u0161kr\u0101snisZ\u012bmols ElectroluxS\u0113rija 700 s\u0113rijaKolekcija \u201eMealAssist\u201cJauda 3490 WAr apgaismojumu J\u0101Kr\u0101sa MelnaElektroapg\u0101de Elektrisk\u0101 t\u012bklaEner\u0123ijas pat\u0113ri\u0146\u0161Energoefektivit\u0101tes klase A+Energoefektivit\u0101tes indekss (EEI) 81.2Elektroener\u0123ijas pat\u0113ri\u0146\u0161, kWh\/h 0.93Ener\u0123ijas pat\u0113ri\u0146\u0161 ar ventilatoru, kWh 0.69Vad\u012bbaEkr\u0101ns J\u0101Vad\u012bba Elektroniska, SensoruTaimeris J\u0101Ekr\u0101na tips TFTTemperat\u016bras regul\u0113\u0161ana J\u0101Cepe\u0161kr\u0101sns funkcijasKameru skaits 1Cepe\u0161kr\u0101sns veids Elektrisk\u0101Kr\u0101sns tilpums 72 lCepe\u0161kr\u0101sns funkciju skaits 17Cepe\u0161kr\u0101sns durvju stiklu skaits 3Cepe\u0161kr\u0101sns maksim\u0101l\u0101 temperat\u016bra 300 \u00b0CGrils [&hellip;]","og_url":"https:\/\/continent.lv\/ru\/product\/electrolux-loe8p38z\/","og_site_name":"Continent.lv","og_image":[{"width":2000,"height":2000,"url":"https:\/\/continent.lv\/wp-content\/uploads\/2026\/05\/LOE8P38Z.webp","type":"image\/webp"}],"twitter_card":"summary_large_image","twitter_misc":{"\u041f\u0440\u0438\u043c\u0435\u0440\u043d\u043e\u0435 \u0432\u0440\u0435\u043c\u044f \u0434\u043b\u044f \u0447\u0442\u0435\u043d\u0438\u044f":"1 \u043c\u0438\u043d\u0443\u0442\u0430"},"schema":{"@context":"https:\/\/schema.org","@graph":[{"@type":"WebPage","@id":"https:\/\/continent.lv\/product\/electrolux-loe8p38z\/","url":"https:\/\/continent.lv\/product\/electrolux-loe8p38z\/","name":"ELECTROLUX LOE8P38Z - Continent.lv","isPartOf":{"@id":"https:\/\/continent.lv\/#website"},"primaryImageOfPage":{"@id":"https:\/\/continent.lv\/product\/electrolux-loe8p38z\/#primaryimage"},"image":{"@id":"https:\/\/continent.lv\/product\/electrolux-loe8p38z\/#primaryimage"},"thumbnailUrl":"https:\/\/continent.lv\/wp-content\/uploads\/2026\/05\/LOE8P38Z.webp","datePublished":"2026-05-01T07:32:50+00:00","breadcrumb":{"@id":"https:\/\/continent.lv\/product\/electrolux-loe8p38z\/#breadcrumb"},"inLanguage":"ru-RU","potentialAction":[{"@type":"ReadAction","target":["https:\/\/continent.lv\/product\/electrolux-loe8p38z\/"]}]},{"@type":"ImageObject","inLanguage":"ru-RU","@id":"https:\/\/continent.lv\/product\/electrolux-loe8p38z\/#primaryimage","url":"https:\/\/continent.lv\/wp-content\/uploads\/2026\/05\/LOE8P38Z.webp","contentUrl":"https:\/\/continent.lv\/wp-content\/uploads\/2026\/05\/LOE8P38Z.webp","width":2000,"height":2000},{"@type":"BreadcrumbList","@id":"https:\/\/continent.lv\/product\/electrolux-loe8p38z\/#breadcrumb","itemListElement":[{"@type":"ListItem","position":1,"name":"Home","item":"https:\/\/continent.lv\/"},{"@type":"ListItem","position":2,"name":"Veikals","item":"https:\/\/continent.lv\/shop\/"},{"@type":"ListItem","position":3,"name":"ELECTROLUX LOE8P38Z"}]},{"@type":"WebSite","@id":"https:\/\/continent.lv\/#website","url":"https:\/\/continent.lv\/","name":"Continent.lv","description":"Sadz\u012bves pre\u010du internetveikals","publisher":{"@id":"https:\/\/continent.lv\/#organization"},"potentialAction":[{"@type":"SearchAction","target":{"@type":"EntryPoint","urlTemplate":"https:\/\/continent.lv\/?s={search_term_string}"},"query-input":{"@type":"PropertyValueSpecification","valueRequired":true,"valueName":"search_term_string"}}],"inLanguage":"ru-RU"},{"@type":"Organization","@id":"https:\/\/continent.lv\/#organization","name":"Continent.lv","url":"https:\/\/continent.lv\/","logo":{"@type":"ImageObject","inLanguage":"ru-RU","@id":"https:\/\/continent.lv\/#\/schema\/logo\/image\/","url":"https:\/\/continent.lv\/wp-content\/uploads\/2026\/05\/logo_continent_5nwv-jh.jpg","contentUrl":"https:\/\/continent.lv\/wp-content\/uploads\/2026\/05\/logo_continent_5nwv-jh.jpg","width":221,"height":50,"caption":"Continent.lv"},"image":{"@id":"https:\/\/continent.lv\/#\/schema\/logo\/image\/"}}]}},"_links":{"self":[{"href":"https:\/\/continent.lv\/ru\/wp-json\/wp\/v2\/product\/44377","targetHints":{"allow":["GET"]}}],"collection":[{"href":"https:\/\/continent.lv\/ru\/wp-json\/wp\/v2\/product"}],"about":[{"href":"https:\/\/continent.lv\/ru\/wp-json\/wp\/v2\/types\/product"}],"replies":[{"embeddable":true,"href":"https:\/\/continent.lv\/ru\/wp-json\/wp\/v2\/comments?post=44377"}],"wp:featuredmedia":[{"embeddable":true,"href":"https:\/\/continent.lv\/ru\/wp-json\/wp\/v2\/media\/44370"}],"wp:attachment":[{"href":"https:\/\/continent.lv\/ru\/wp-json\/wp\/v2\/media?parent=44377"}],"wp:term":[{"taxonomy":"product_brand","embeddable":true,"href":"https:\/\/continent.lv\/ru\/wp-json\/wp\/v2\/product_brand?post=44377"},{"taxonomy":"product_cat","embeddable":true,"href":"https:\/\/continent.lv\/ru\/wp-json\/wp\/v2\/product_cat?post=44377"},{"taxonomy":"product_tag","embeddable":true,"href":"https:\/\/continent.lv\/ru\/wp-json\/wp\/v2\/product_tag?post=44377"}],"curies":[{"name":"wp","href":"https:\/\/api.w.org\/{rel}","templated":true}]}}