{"id":44019,"date":"2026-05-01T07:19:57","date_gmt":"2026-05-01T07:19:57","guid":{"rendered":"https:\/\/continent.lv\/product\/sony-kd55x75wlpaep\/"},"modified":"2026-05-01T07:19:57","modified_gmt":"2026-05-01T07:19:57","slug":"sony-kd55x75wlpaep","status":"publish","type":"product","link":"https:\/\/continent.lv\/ru\/product\/sony-kd55x75wlpaep\/","title":{"rendered":"Sony KD55X75WLPAEP"},"content":{"rendered":"<p>Ekr\u0101na izm\u0113rs pa diagon\u0101li\u00a0 \u00a0 \u00a055 \u201c<\/p>\n<p>TV diagon\u0101le\u00a0 \u00a0 \u00a033-43\u2033<br \/>Z\u012bmols\u00a0 \u00a0 \u00a0Sony<br \/>Modelis\u00a0 \u00a0 \u00a0KD55X75WLPAEP<br \/>Energoefektivit\u0101tes klase\u00a0 \u00a0 G<br \/>Energoefektivit\u0101tes kla\u0161u skala\u00a0 \u00a0 \u00a0A \u2013 G<br \/>Kr\u0101sa\u00a0 \u00a0 \u00a0Melna<br \/>Procesora modelis\u00a0 \u00a0 4K Processor X1<br \/>Spriegums\u00a0 \u00a0 \u00a0220 \u2013 240 V<br \/>Gatav\u012bbas re\u017e\u012bma elektropat\u0113ri\u0146\u0161\u00a0 \u00a0 \u00a00.5 W<br \/>Ekr\u0101na iz\u0161\u0137irtsp\u0113ja\u00a0 \u00a0 4K (3840 x 2160)<br \/>Ekr\u0101na tips\u00a0 \u00a0 \u00a0Direct LED<br \/>Ekr\u0101na iz\u0161\u0137irtsp\u0113jas veids\u00a0 \u00a0 \u00a0UHD<br \/>Oper\u0113t\u0101jsist\u0113ma\u00a0 \u00a0 \u00a0Google (Android) TV<br \/>Ekr\u0101na frekvence\u00a0 \u00a0 50 Hz<br \/>Ekr\u0101na forma\u00a0 \u00a0 \u00a0Plakana<br \/>Att\u0113la uzlabo\u0161anas sist\u0113mas\u00a0 \u00a0 \u00a04K X-Reality PRO<br \/>\u0421\u043c\u0430\u0440\u0442 \u0422\u0412 \u0438 \u0438\u043d\u0442\u0435\u0440\u043d\u0435\u0442<br \/>\u201cSmart TV\u201d\u00a0 \u00a0 J\u0101<br \/>Ska\u0146as jauda\u00a0 \u00a0 20 W<br \/>\u0411\u0435\u0441\u043f\u0440\u043e\u0432\u043e\u0434\u043d\u044b\u0435 \u0438 \u0444\u0438\u0437\u0438\u0447\u0435\u0441\u043a\u0438\u0435 \u043f\u043e\u0434\u043a\u043b\u044e\u0447\u0435\u043d\u0438\u044f<br \/>USB 2.0 savienot\u0101ju skaits\u00a0 \u00a0 2<br \/>HDMI piesl\u0113gvietu skaits\u00a0 \u00a0 4<br \/>WiFi savienojums\u00a0 \u00a0 J\u0101<br \/>Ethernet LAN (RJ-45) kontakts\u00a0 \u00a0 \u00a0J\u0101<br \/>Bluetooth interfeiss\u00a0 \u00a0 \u00a0J\u0101<br \/>Citi savienojumi\u00a0 \u00a0 \u00a0Digit\u0101l\u0101 optisk\u0101 audio izeja, RF<br \/>Platums\u00a0 \u00a0 \u00a0124.3 cm<br \/>Dzi\u013cums\u00a0 \u00a0 \u00a07.1 cm<br \/>Augstums\u00a0 \u00a0 \u00a072.1 cm<br \/>Svars bez stat\u012bva\u00a0 \u00a0 \u00a015.3 kg<br \/>Dzi\u013cums ar stat\u012bvu\u00a0 \u00a0 \u00a033.4 cm<br \/>Augstums ar stat\u012bvu\u00a0 \u00a0 \u00a078.9 cm<br \/>Svars\u00a0 \u00a0 \u00a015.6 kg<br \/>VESA standarts\u00a0 \u00a0 \u00a0300 x 300<br \/>Ciparu uztv\u0113r\u0113ja tips\u00a0 \u00a0 DVB-C, DVB-S, DVB-S2, DVB-T, DVB-T2<br \/>Ra\u017eo\u0161anas gads\u00a0 \u00a0 \u00a02023\u00a0<\/p><\/p>","protected":false},"excerpt":{"rendered":"<p>Ekr\u0101na izm\u0113rs pa diagon\u0101li\u00a0 \u00a0 \u00a055 \u201c TV diagon\u0101le\u00a0 \u00a0 \u00a033-43\u2033Z\u012bmols\u00a0 \u00a0 \u00a0SonyModelis\u00a0 \u00a0 \u00a0KD55X75WLPAEPEnergoefektivit\u0101tes klase\u00a0 \u00a0 GEnergoefektivit\u0101tes kla\u0161u skala\u00a0 \u00a0 \u00a0A \u2013 GKr\u0101sa\u00a0 \u00a0 \u00a0MelnaProcesora modelis\u00a0 \u00a0 4K Processor X1Spriegums\u00a0 \u00a0 \u00a0220 \u2013 240 VGatav\u012bbas re\u017e\u012bma elektropat\u0113ri\u0146\u0161\u00a0 \u00a0 \u00a00.5 WEkr\u0101na iz\u0161\u0137irtsp\u0113ja\u00a0 \u00a0 4K (3840 x 2160)Ekr\u0101na tips\u00a0 \u00a0 \u00a0Direct LEDEkr\u0101na iz\u0161\u0137irtsp\u0113jas veids\u00a0 \u00a0 \u00a0UHDOper\u0113t\u0101jsist\u0113ma\u00a0 [&hellip;]<\/p>\n","protected":false},"featured_media":44008,"comment_status":"open","ping_status":"closed","template":"","meta":{"_joinchat":[]},"product_brand":[],"product_cat":[294],"product_tag":[],"class_list":{"0":"post-44019","1":"product","2":"type-product","3":"status-publish","4":"has-post-thumbnail","6":"product_cat-tv-foto-video-audio-televizori-un-aksesuari-led-televizori","8":"first","9":"instock","10":"shipping-taxable","11":"purchasable","12":"product-type-simple"},"yoast_head":"<!-- This site is optimized with the Yoast SEO plugin v27.5 - https:\/\/yoast.com\/product\/yoast-seo-wordpress\/ -->\n<title>Sony KD55X75WLPAEP - Continent.lv<\/title>\n<meta name=\"robots\" content=\"index, follow, max-snippet:-1, max-image-preview:large, max-video-preview:-1\" \/>\n<link rel=\"canonical\" href=\"https:\/\/continent.lv\/ru\/product\/sony-kd55x75wlpaep\/\" \/>\n<meta property=\"og:locale\" content=\"ru_RU\" \/>\n<meta property=\"og:type\" content=\"article\" \/>\n<meta property=\"og:title\" content=\"Sony KD55X75WLPAEP - Continent.lv\" \/>\n<meta property=\"og:description\" content=\"Ekr\u0101na izm\u0113rs pa diagon\u0101li\u00a0 \u00a0 \u00a055 \u201c TV diagon\u0101le\u00a0 \u00a0 \u00a033-43\u2033Z\u012bmols\u00a0 \u00a0 \u00a0SonyModelis\u00a0 \u00a0 \u00a0KD55X75WLPAEPEnergoefektivit\u0101tes klase\u00a0 \u00a0 GEnergoefektivit\u0101tes kla\u0161u skala\u00a0 \u00a0 \u00a0A \u2013 GKr\u0101sa\u00a0 \u00a0 \u00a0MelnaProcesora modelis\u00a0 \u00a0 4K Processor X1Spriegums\u00a0 \u00a0 \u00a0220 \u2013 240 VGatav\u012bbas re\u017e\u012bma elektropat\u0113ri\u0146\u0161\u00a0 \u00a0 \u00a00.5 WEkr\u0101na iz\u0161\u0137irtsp\u0113ja\u00a0 \u00a0 4K (3840 x 2160)Ekr\u0101na tips\u00a0 \u00a0 \u00a0Direct LEDEkr\u0101na iz\u0161\u0137irtsp\u0113jas veids\u00a0 \u00a0 \u00a0UHDOper\u0113t\u0101jsist\u0113ma\u00a0 [&hellip;]\" \/>\n<meta property=\"og:url\" content=\"https:\/\/continent.lv\/ru\/product\/sony-kd55x75wlpaep\/\" \/>\n<meta property=\"og:site_name\" content=\"Continent.lv\" \/>\n<meta property=\"og:image\" content=\"https:\/\/continent.lv\/wp-content\/uploads\/2026\/05\/21_52rx-7s.jpeg\" \/>\n\t<meta property=\"og:image:width\" content=\"2000\" \/>\n\t<meta property=\"og:image:height\" content=\"2000\" \/>\n\t<meta property=\"og:image:type\" content=\"image\/jpeg\" \/>\n<meta name=\"twitter:card\" content=\"summary_large_image\" \/>\n<meta name=\"twitter:label1\" content=\"\u041f\u0440\u0438\u043c\u0435\u0440\u043d\u043e\u0435 \u0432\u0440\u0435\u043c\u044f \u0434\u043b\u044f \u0447\u0442\u0435\u043d\u0438\u044f\" \/>\n\t<meta name=\"twitter:data1\" content=\"1 \u043c\u0438\u043d\u0443\u0442\u0430\" \/>\n<script type=\"application\/ld+json\" class=\"yoast-schema-graph\">{\"@context\":\"https:\\\/\\\/schema.org\",\"@graph\":[{\"@type\":\"WebPage\",\"@id\":\"https:\\\/\\\/continent.lv\\\/product\\\/sony-kd55x75wlpaep\\\/\",\"url\":\"https:\\\/\\\/continent.lv\\\/product\\\/sony-kd55x75wlpaep\\\/\",\"name\":\"Sony KD55X75WLPAEP - Continent.lv\",\"isPartOf\":{\"@id\":\"https:\\\/\\\/continent.lv\\\/#website\"},\"primaryImageOfPage\":{\"@id\":\"https:\\\/\\\/continent.lv\\\/product\\\/sony-kd55x75wlpaep\\\/#primaryimage\"},\"image\":{\"@id\":\"https:\\\/\\\/continent.lv\\\/product\\\/sony-kd55x75wlpaep\\\/#primaryimage\"},\"thumbnailUrl\":\"https:\\\/\\\/continent.lv\\\/wp-content\\\/uploads\\\/2026\\\/05\\\/21_52rx-7s.jpeg\",\"datePublished\":\"2026-05-01T07:19:57+00:00\",\"breadcrumb\":{\"@id\":\"https:\\\/\\\/continent.lv\\\/product\\\/sony-kd55x75wlpaep\\\/#breadcrumb\"},\"inLanguage\":\"ru-RU\",\"potentialAction\":[{\"@type\":\"ReadAction\",\"target\":[\"https:\\\/\\\/continent.lv\\\/product\\\/sony-kd55x75wlpaep\\\/\"]}]},{\"@type\":\"ImageObject\",\"inLanguage\":\"ru-RU\",\"@id\":\"https:\\\/\\\/continent.lv\\\/product\\\/sony-kd55x75wlpaep\\\/#primaryimage\",\"url\":\"https:\\\/\\\/continent.lv\\\/wp-content\\\/uploads\\\/2026\\\/05\\\/21_52rx-7s.jpeg\",\"contentUrl\":\"https:\\\/\\\/continent.lv\\\/wp-content\\\/uploads\\\/2026\\\/05\\\/21_52rx-7s.jpeg\",\"width\":2000,\"height\":2000},{\"@type\":\"BreadcrumbList\",\"@id\":\"https:\\\/\\\/continent.lv\\\/product\\\/sony-kd55x75wlpaep\\\/#breadcrumb\",\"itemListElement\":[{\"@type\":\"ListItem\",\"position\":1,\"name\":\"Home\",\"item\":\"https:\\\/\\\/continent.lv\\\/\"},{\"@type\":\"ListItem\",\"position\":2,\"name\":\"Veikals\",\"item\":\"https:\\\/\\\/continent.lv\\\/shop\\\/\"},{\"@type\":\"ListItem\",\"position\":3,\"name\":\"Sony KD55X75WLPAEP\"}]},{\"@type\":\"WebSite\",\"@id\":\"https:\\\/\\\/continent.lv\\\/#website\",\"url\":\"https:\\\/\\\/continent.lv\\\/\",\"name\":\"Continent.lv\",\"description\":\"Sadz\u012bves pre\u010du internetveikals\",\"publisher\":{\"@id\":\"https:\\\/\\\/continent.lv\\\/#organization\"},\"potentialAction\":[{\"@type\":\"SearchAction\",\"target\":{\"@type\":\"EntryPoint\",\"urlTemplate\":\"https:\\\/\\\/continent.lv\\\/?s={search_term_string}\"},\"query-input\":{\"@type\":\"PropertyValueSpecification\",\"valueRequired\":true,\"valueName\":\"search_term_string\"}}],\"inLanguage\":\"ru-RU\"},{\"@type\":\"Organization\",\"@id\":\"https:\\\/\\\/continent.lv\\\/#organization\",\"name\":\"Continent.lv\",\"url\":\"https:\\\/\\\/continent.lv\\\/\",\"logo\":{\"@type\":\"ImageObject\",\"inLanguage\":\"ru-RU\",\"@id\":\"https:\\\/\\\/continent.lv\\\/#\\\/schema\\\/logo\\\/image\\\/\",\"url\":\"https:\\\/\\\/continent.lv\\\/wp-content\\\/uploads\\\/2026\\\/05\\\/logo_continent_5nwv-jh.jpg\",\"contentUrl\":\"https:\\\/\\\/continent.lv\\\/wp-content\\\/uploads\\\/2026\\\/05\\\/logo_continent_5nwv-jh.jpg\",\"width\":221,\"height\":50,\"caption\":\"Continent.lv\"},\"image\":{\"@id\":\"https:\\\/\\\/continent.lv\\\/#\\\/schema\\\/logo\\\/image\\\/\"}}]}<\/script>\n<!-- \/ Yoast SEO plugin. -->","yoast_head_json":{"title":"Sony KD55X75WLPAEP - Continent.lv","robots":{"index":"index","follow":"follow","max-snippet":"max-snippet:-1","max-image-preview":"max-image-preview:large","max-video-preview":"max-video-preview:-1"},"canonical":"https:\/\/continent.lv\/ru\/product\/sony-kd55x75wlpaep\/","og_locale":"ru_RU","og_type":"article","og_title":"Sony KD55X75WLPAEP - Continent.lv","og_description":"Ekr\u0101na izm\u0113rs pa diagon\u0101li\u00a0 \u00a0 \u00a055 \u201c TV diagon\u0101le\u00a0 \u00a0 \u00a033-43\u2033Z\u012bmols\u00a0 \u00a0 \u00a0SonyModelis\u00a0 \u00a0 \u00a0KD55X75WLPAEPEnergoefektivit\u0101tes klase\u00a0 \u00a0 GEnergoefektivit\u0101tes kla\u0161u skala\u00a0 \u00a0 \u00a0A \u2013 GKr\u0101sa\u00a0 \u00a0 \u00a0MelnaProcesora modelis\u00a0 \u00a0 4K Processor X1Spriegums\u00a0 \u00a0 \u00a0220 \u2013 240 VGatav\u012bbas re\u017e\u012bma elektropat\u0113ri\u0146\u0161\u00a0 \u00a0 \u00a00.5 WEkr\u0101na iz\u0161\u0137irtsp\u0113ja\u00a0 \u00a0 4K (3840 x 2160)Ekr\u0101na tips\u00a0 \u00a0 \u00a0Direct LEDEkr\u0101na iz\u0161\u0137irtsp\u0113jas veids\u00a0 \u00a0 \u00a0UHDOper\u0113t\u0101jsist\u0113ma\u00a0 [&hellip;]","og_url":"https:\/\/continent.lv\/ru\/product\/sony-kd55x75wlpaep\/","og_site_name":"Continent.lv","og_image":[{"width":2000,"height":2000,"url":"https:\/\/continent.lv\/wp-content\/uploads\/2026\/05\/21_52rx-7s.jpeg","type":"image\/jpeg"}],"twitter_card":"summary_large_image","twitter_misc":{"\u041f\u0440\u0438\u043c\u0435\u0440\u043d\u043e\u0435 \u0432\u0440\u0435\u043c\u044f \u0434\u043b\u044f \u0447\u0442\u0435\u043d\u0438\u044f":"1 \u043c\u0438\u043d\u0443\u0442\u0430"},"schema":{"@context":"https:\/\/schema.org","@graph":[{"@type":"WebPage","@id":"https:\/\/continent.lv\/product\/sony-kd55x75wlpaep\/","url":"https:\/\/continent.lv\/product\/sony-kd55x75wlpaep\/","name":"Sony KD55X75WLPAEP - Continent.lv","isPartOf":{"@id":"https:\/\/continent.lv\/#website"},"primaryImageOfPage":{"@id":"https:\/\/continent.lv\/product\/sony-kd55x75wlpaep\/#primaryimage"},"image":{"@id":"https:\/\/continent.lv\/product\/sony-kd55x75wlpaep\/#primaryimage"},"thumbnailUrl":"https:\/\/continent.lv\/wp-content\/uploads\/2026\/05\/21_52rx-7s.jpeg","datePublished":"2026-05-01T07:19:57+00:00","breadcrumb":{"@id":"https:\/\/continent.lv\/product\/sony-kd55x75wlpaep\/#breadcrumb"},"inLanguage":"ru-RU","potentialAction":[{"@type":"ReadAction","target":["https:\/\/continent.lv\/product\/sony-kd55x75wlpaep\/"]}]},{"@type":"ImageObject","inLanguage":"ru-RU","@id":"https:\/\/continent.lv\/product\/sony-kd55x75wlpaep\/#primaryimage","url":"https:\/\/continent.lv\/wp-content\/uploads\/2026\/05\/21_52rx-7s.jpeg","contentUrl":"https:\/\/continent.lv\/wp-content\/uploads\/2026\/05\/21_52rx-7s.jpeg","width":2000,"height":2000},{"@type":"BreadcrumbList","@id":"https:\/\/continent.lv\/product\/sony-kd55x75wlpaep\/#breadcrumb","itemListElement":[{"@type":"ListItem","position":1,"name":"Home","item":"https:\/\/continent.lv\/"},{"@type":"ListItem","position":2,"name":"Veikals","item":"https:\/\/continent.lv\/shop\/"},{"@type":"ListItem","position":3,"name":"Sony KD55X75WLPAEP"}]},{"@type":"WebSite","@id":"https:\/\/continent.lv\/#website","url":"https:\/\/continent.lv\/","name":"Continent.lv","description":"Sadz\u012bves pre\u010du internetveikals","publisher":{"@id":"https:\/\/continent.lv\/#organization"},"potentialAction":[{"@type":"SearchAction","target":{"@type":"EntryPoint","urlTemplate":"https:\/\/continent.lv\/?s={search_term_string}"},"query-input":{"@type":"PropertyValueSpecification","valueRequired":true,"valueName":"search_term_string"}}],"inLanguage":"ru-RU"},{"@type":"Organization","@id":"https:\/\/continent.lv\/#organization","name":"Continent.lv","url":"https:\/\/continent.lv\/","logo":{"@type":"ImageObject","inLanguage":"ru-RU","@id":"https:\/\/continent.lv\/#\/schema\/logo\/image\/","url":"https:\/\/continent.lv\/wp-content\/uploads\/2026\/05\/logo_continent_5nwv-jh.jpg","contentUrl":"https:\/\/continent.lv\/wp-content\/uploads\/2026\/05\/logo_continent_5nwv-jh.jpg","width":221,"height":50,"caption":"Continent.lv"},"image":{"@id":"https:\/\/continent.lv\/#\/schema\/logo\/image\/"}}]}},"_links":{"self":[{"href":"https:\/\/continent.lv\/ru\/wp-json\/wp\/v2\/product\/44019","targetHints":{"allow":["GET"]}}],"collection":[{"href":"https:\/\/continent.lv\/ru\/wp-json\/wp\/v2\/product"}],"about":[{"href":"https:\/\/continent.lv\/ru\/wp-json\/wp\/v2\/types\/product"}],"replies":[{"embeddable":true,"href":"https:\/\/continent.lv\/ru\/wp-json\/wp\/v2\/comments?post=44019"}],"wp:featuredmedia":[{"embeddable":true,"href":"https:\/\/continent.lv\/ru\/wp-json\/wp\/v2\/media\/44008"}],"wp:attachment":[{"href":"https:\/\/continent.lv\/ru\/wp-json\/wp\/v2\/media?parent=44019"}],"wp:term":[{"taxonomy":"product_brand","embeddable":true,"href":"https:\/\/continent.lv\/ru\/wp-json\/wp\/v2\/product_brand?post=44019"},{"taxonomy":"product_cat","embeddable":true,"href":"https:\/\/continent.lv\/ru\/wp-json\/wp\/v2\/product_cat?post=44019"},{"taxonomy":"product_tag","embeddable":true,"href":"https:\/\/continent.lv\/ru\/wp-json\/wp\/v2\/product_tag?post=44019"}],"curies":[{"name":"wp","href":"https:\/\/api.w.org\/{rel}","templated":true}]}}