{"id":43823,"date":"2026-05-01T07:12:42","date_gmt":"2026-05-01T07:12:42","guid":{"rendered":"https:\/\/continent.lv\/product\/hoover-hf210p-011\/"},"modified":"2026-05-01T07:12:42","modified_gmt":"2026-05-01T07:12:42","slug":"hoover-hf210p-011","status":"publish","type":"product","link":"https:\/\/continent.lv\/ru\/product\/hoover-hf210p-011\/","title":{"rendered":"Hoover HF210P 011"},"content":{"rendered":"<p>Speci\u0101las iesp\u0113jas\u00a0\u00a0\u00a0 Anti-Twist tehnoloogia, LED-valgustus, Ultra Compact X3<\/p>\n<p>Akumulatora darb\u012bbas laiks (min)\u00a0\u00a0\u00a0 40<br \/>Akumulatora uzl\u0101des laiks (h)\u00a0\u00a0\u00a0 3,5<br \/>Baterijas Tips\u00a0\u00a0\u00a0 14,4 V Li-ion<br \/>Dzi\u013cums (cm)\u00a0\u00a0\u00a0 20,4<br \/>Ener\u0123ijas padeve\u00a0\u00a0\u00a0 Akumulators<br \/>Jauda (W)\u00a0\u00a0\u00a0 165<br \/>Jaudas regul\u0113\u0161ana\u00a0\u00a0\u00a0 +<br \/>Kr\u0101sa\u00a0\u00a0\u00a0 Melns<br \/>Platums (cm)\u00a0\u00a0\u00a0 25,9<br \/>Putek\u013cs\u016bc\u0113ja veids\u00a0\u00a0\u00a0 Konteiners<br \/>Putek\u013cu sav\u0101c\u0113ja tilpums (l)\u00a0\u00a0\u00a0 1<br \/>Svars (kg)\u00a0\u00a0\u00a0 2,35<br \/>Teleskopisk\u0101 caurule\u00a0\u00a0\u00a0 +<br \/>WiFi\/lietotne\u00a0\u00a0\u00a0 +<\/p><\/p>","protected":false},"excerpt":{"rendered":"<p>Speci\u0101las iesp\u0113jas\u00a0\u00a0\u00a0 Anti-Twist tehnoloogia, LED-valgustus, Ultra Compact X3 Akumulatora darb\u012bbas laiks (min)\u00a0\u00a0\u00a0 40Akumulatora uzl\u0101des laiks (h)\u00a0\u00a0\u00a0 3,5Baterijas Tips\u00a0\u00a0\u00a0 14,4 V Li-ionDzi\u013cums (cm)\u00a0\u00a0\u00a0 20,4Ener\u0123ijas padeve\u00a0\u00a0\u00a0 AkumulatorsJauda (W)\u00a0\u00a0\u00a0 165Jaudas regul\u0113\u0161ana\u00a0\u00a0\u00a0 +Kr\u0101sa\u00a0\u00a0\u00a0 MelnsPlatums (cm)\u00a0\u00a0\u00a0 25,9Putek\u013cs\u016bc\u0113ja veids\u00a0\u00a0\u00a0 KonteinersPutek\u013cu sav\u0101c\u0113ja tilpums (l)\u00a0\u00a0\u00a0 1Svars (kg)\u00a0\u00a0\u00a0 2,35Teleskopisk\u0101 caurule\u00a0\u00a0\u00a0 +WiFi\/lietotne\u00a0\u00a0\u00a0 +<\/p>","protected":false},"featured_media":43815,"comment_status":"open","ping_status":"closed","template":"","meta":{"_joinchat":[]},"product_brand":[279],"product_cat":[282],"product_tag":[],"class_list":{"0":"post-43823","1":"product","2":"type-product","3":"status-publish","4":"has-post-thumbnail","6":"product_brand-hoover","7":"product_cat-sadzives-tehnika-puteklu-suceji","9":"first","10":"instock","11":"shipping-taxable","12":"purchasable","13":"product-type-simple"},"yoast_head":"<!-- This site is optimized with the Yoast SEO plugin v27.5 - https:\/\/yoast.com\/product\/yoast-seo-wordpress\/ -->\n<title>Hoover HF210P 011 - Continent.lv<\/title>\n<meta name=\"robots\" content=\"index, follow, max-snippet:-1, max-image-preview:large, max-video-preview:-1\" \/>\n<link rel=\"canonical\" href=\"https:\/\/continent.lv\/ru\/product\/hoover-hf210p-011\/\" \/>\n<meta property=\"og:locale\" content=\"ru_RU\" \/>\n<meta property=\"og:type\" content=\"article\" \/>\n<meta property=\"og:title\" content=\"Hoover HF210P 011 - Continent.lv\" \/>\n<meta property=\"og:description\" content=\"Speci\u0101las iesp\u0113jas\u00a0\u00a0\u00a0 Anti-Twist tehnoloogia, LED-valgustus, Ultra Compact X3 Akumulatora darb\u012bbas laiks (min)\u00a0\u00a0\u00a0 40Akumulatora uzl\u0101des laiks (h)\u00a0\u00a0\u00a0 3,5Baterijas Tips\u00a0\u00a0\u00a0 14,4 V Li-ionDzi\u013cums (cm)\u00a0\u00a0\u00a0 20,4Ener\u0123ijas padeve\u00a0\u00a0\u00a0 AkumulatorsJauda (W)\u00a0\u00a0\u00a0 165Jaudas regul\u0113\u0161ana\u00a0\u00a0\u00a0 +Kr\u0101sa\u00a0\u00a0\u00a0 MelnsPlatums (cm)\u00a0\u00a0\u00a0 25,9Putek\u013cs\u016bc\u0113ja veids\u00a0\u00a0\u00a0 KonteinersPutek\u013cu sav\u0101c\u0113ja tilpums (l)\u00a0\u00a0\u00a0 1Svars (kg)\u00a0\u00a0\u00a0 2,35Teleskopisk\u0101 caurule\u00a0\u00a0\u00a0 +WiFi\/lietotne\u00a0\u00a0\u00a0 +\" \/>\n<meta property=\"og:url\" content=\"https:\/\/continent.lv\/ru\/product\/hoover-hf210p-011\/\" \/>\n<meta property=\"og:site_name\" content=\"Continent.lv\" \/>\n<meta property=\"og:image\" content=\"https:\/\/continent.lv\/wp-content\/uploads\/2026\/05\/21_fn9l-ho.jpeg\" \/>\n\t<meta property=\"og:image:width\" content=\"1200\" \/>\n\t<meta property=\"og:image:height\" content=\"1372\" \/>\n\t<meta property=\"og:image:type\" content=\"image\/jpeg\" \/>\n<meta name=\"twitter:card\" content=\"summary_large_image\" \/>\n<meta name=\"twitter:label1\" content=\"\u041f\u0440\u0438\u043c\u0435\u0440\u043d\u043e\u0435 \u0432\u0440\u0435\u043c\u044f \u0434\u043b\u044f \u0447\u0442\u0435\u043d\u0438\u044f\" \/>\n\t<meta name=\"twitter:data1\" content=\"1 \u043c\u0438\u043d\u0443\u0442\u0430\" \/>\n<script type=\"application\/ld+json\" class=\"yoast-schema-graph\">{\"@context\":\"https:\\\/\\\/schema.org\",\"@graph\":[{\"@type\":\"WebPage\",\"@id\":\"https:\\\/\\\/continent.lv\\\/product\\\/hoover-hf210p-011\\\/\",\"url\":\"https:\\\/\\\/continent.lv\\\/product\\\/hoover-hf210p-011\\\/\",\"name\":\"Hoover HF210P 011 - Continent.lv\",\"isPartOf\":{\"@id\":\"https:\\\/\\\/continent.lv\\\/#website\"},\"primaryImageOfPage\":{\"@id\":\"https:\\\/\\\/continent.lv\\\/product\\\/hoover-hf210p-011\\\/#primaryimage\"},\"image\":{\"@id\":\"https:\\\/\\\/continent.lv\\\/product\\\/hoover-hf210p-011\\\/#primaryimage\"},\"thumbnailUrl\":\"https:\\\/\\\/continent.lv\\\/wp-content\\\/uploads\\\/2026\\\/05\\\/21_fn9l-ho.jpeg\",\"datePublished\":\"2026-05-01T07:12:42+00:00\",\"breadcrumb\":{\"@id\":\"https:\\\/\\\/continent.lv\\\/product\\\/hoover-hf210p-011\\\/#breadcrumb\"},\"inLanguage\":\"ru-RU\",\"potentialAction\":[{\"@type\":\"ReadAction\",\"target\":[\"https:\\\/\\\/continent.lv\\\/product\\\/hoover-hf210p-011\\\/\"]}]},{\"@type\":\"ImageObject\",\"inLanguage\":\"ru-RU\",\"@id\":\"https:\\\/\\\/continent.lv\\\/product\\\/hoover-hf210p-011\\\/#primaryimage\",\"url\":\"https:\\\/\\\/continent.lv\\\/wp-content\\\/uploads\\\/2026\\\/05\\\/21_fn9l-ho.jpeg\",\"contentUrl\":\"https:\\\/\\\/continent.lv\\\/wp-content\\\/uploads\\\/2026\\\/05\\\/21_fn9l-ho.jpeg\",\"width\":1200,\"height\":1372},{\"@type\":\"BreadcrumbList\",\"@id\":\"https:\\\/\\\/continent.lv\\\/product\\\/hoover-hf210p-011\\\/#breadcrumb\",\"itemListElement\":[{\"@type\":\"ListItem\",\"position\":1,\"name\":\"Home\",\"item\":\"https:\\\/\\\/continent.lv\\\/\"},{\"@type\":\"ListItem\",\"position\":2,\"name\":\"Veikals\",\"item\":\"https:\\\/\\\/continent.lv\\\/shop\\\/\"},{\"@type\":\"ListItem\",\"position\":3,\"name\":\"Hoover HF210P 011\"}]},{\"@type\":\"WebSite\",\"@id\":\"https:\\\/\\\/continent.lv\\\/#website\",\"url\":\"https:\\\/\\\/continent.lv\\\/\",\"name\":\"Continent.lv\",\"description\":\"Sadz\u012bves pre\u010du internetveikals\",\"publisher\":{\"@id\":\"https:\\\/\\\/continent.lv\\\/#organization\"},\"potentialAction\":[{\"@type\":\"SearchAction\",\"target\":{\"@type\":\"EntryPoint\",\"urlTemplate\":\"https:\\\/\\\/continent.lv\\\/?s={search_term_string}\"},\"query-input\":{\"@type\":\"PropertyValueSpecification\",\"valueRequired\":true,\"valueName\":\"search_term_string\"}}],\"inLanguage\":\"ru-RU\"},{\"@type\":\"Organization\",\"@id\":\"https:\\\/\\\/continent.lv\\\/#organization\",\"name\":\"Continent.lv\",\"url\":\"https:\\\/\\\/continent.lv\\\/\",\"logo\":{\"@type\":\"ImageObject\",\"inLanguage\":\"ru-RU\",\"@id\":\"https:\\\/\\\/continent.lv\\\/#\\\/schema\\\/logo\\\/image\\\/\",\"url\":\"https:\\\/\\\/continent.lv\\\/wp-content\\\/uploads\\\/2026\\\/05\\\/logo_continent_5nwv-jh.jpg\",\"contentUrl\":\"https:\\\/\\\/continent.lv\\\/wp-content\\\/uploads\\\/2026\\\/05\\\/logo_continent_5nwv-jh.jpg\",\"width\":221,\"height\":50,\"caption\":\"Continent.lv\"},\"image\":{\"@id\":\"https:\\\/\\\/continent.lv\\\/#\\\/schema\\\/logo\\\/image\\\/\"}}]}<\/script>\n<!-- \/ Yoast SEO plugin. -->","yoast_head_json":{"title":"Hoover HF210P 011 - Continent.lv","robots":{"index":"index","follow":"follow","max-snippet":"max-snippet:-1","max-image-preview":"max-image-preview:large","max-video-preview":"max-video-preview:-1"},"canonical":"https:\/\/continent.lv\/ru\/product\/hoover-hf210p-011\/","og_locale":"ru_RU","og_type":"article","og_title":"Hoover HF210P 011 - Continent.lv","og_description":"Speci\u0101las iesp\u0113jas\u00a0\u00a0\u00a0 Anti-Twist tehnoloogia, LED-valgustus, Ultra Compact X3 Akumulatora darb\u012bbas laiks (min)\u00a0\u00a0\u00a0 40Akumulatora uzl\u0101des laiks (h)\u00a0\u00a0\u00a0 3,5Baterijas Tips\u00a0\u00a0\u00a0 14,4 V Li-ionDzi\u013cums (cm)\u00a0\u00a0\u00a0 20,4Ener\u0123ijas padeve\u00a0\u00a0\u00a0 AkumulatorsJauda (W)\u00a0\u00a0\u00a0 165Jaudas regul\u0113\u0161ana\u00a0\u00a0\u00a0 +Kr\u0101sa\u00a0\u00a0\u00a0 MelnsPlatums (cm)\u00a0\u00a0\u00a0 25,9Putek\u013cs\u016bc\u0113ja veids\u00a0\u00a0\u00a0 KonteinersPutek\u013cu sav\u0101c\u0113ja tilpums (l)\u00a0\u00a0\u00a0 1Svars (kg)\u00a0\u00a0\u00a0 2,35Teleskopisk\u0101 caurule\u00a0\u00a0\u00a0 +WiFi\/lietotne\u00a0\u00a0\u00a0 +","og_url":"https:\/\/continent.lv\/ru\/product\/hoover-hf210p-011\/","og_site_name":"Continent.lv","og_image":[{"width":1200,"height":1372,"url":"https:\/\/continent.lv\/wp-content\/uploads\/2026\/05\/21_fn9l-ho.jpeg","type":"image\/jpeg"}],"twitter_card":"summary_large_image","twitter_misc":{"\u041f\u0440\u0438\u043c\u0435\u0440\u043d\u043e\u0435 \u0432\u0440\u0435\u043c\u044f \u0434\u043b\u044f \u0447\u0442\u0435\u043d\u0438\u044f":"1 \u043c\u0438\u043d\u0443\u0442\u0430"},"schema":{"@context":"https:\/\/schema.org","@graph":[{"@type":"WebPage","@id":"https:\/\/continent.lv\/product\/hoover-hf210p-011\/","url":"https:\/\/continent.lv\/product\/hoover-hf210p-011\/","name":"Hoover HF210P 011 - Continent.lv","isPartOf":{"@id":"https:\/\/continent.lv\/#website"},"primaryImageOfPage":{"@id":"https:\/\/continent.lv\/product\/hoover-hf210p-011\/#primaryimage"},"image":{"@id":"https:\/\/continent.lv\/product\/hoover-hf210p-011\/#primaryimage"},"thumbnailUrl":"https:\/\/continent.lv\/wp-content\/uploads\/2026\/05\/21_fn9l-ho.jpeg","datePublished":"2026-05-01T07:12:42+00:00","breadcrumb":{"@id":"https:\/\/continent.lv\/product\/hoover-hf210p-011\/#breadcrumb"},"inLanguage":"ru-RU","potentialAction":[{"@type":"ReadAction","target":["https:\/\/continent.lv\/product\/hoover-hf210p-011\/"]}]},{"@type":"ImageObject","inLanguage":"ru-RU","@id":"https:\/\/continent.lv\/product\/hoover-hf210p-011\/#primaryimage","url":"https:\/\/continent.lv\/wp-content\/uploads\/2026\/05\/21_fn9l-ho.jpeg","contentUrl":"https:\/\/continent.lv\/wp-content\/uploads\/2026\/05\/21_fn9l-ho.jpeg","width":1200,"height":1372},{"@type":"BreadcrumbList","@id":"https:\/\/continent.lv\/product\/hoover-hf210p-011\/#breadcrumb","itemListElement":[{"@type":"ListItem","position":1,"name":"Home","item":"https:\/\/continent.lv\/"},{"@type":"ListItem","position":2,"name":"Veikals","item":"https:\/\/continent.lv\/shop\/"},{"@type":"ListItem","position":3,"name":"Hoover HF210P 011"}]},{"@type":"WebSite","@id":"https:\/\/continent.lv\/#website","url":"https:\/\/continent.lv\/","name":"Continent.lv","description":"Sadz\u012bves pre\u010du internetveikals","publisher":{"@id":"https:\/\/continent.lv\/#organization"},"potentialAction":[{"@type":"SearchAction","target":{"@type":"EntryPoint","urlTemplate":"https:\/\/continent.lv\/?s={search_term_string}"},"query-input":{"@type":"PropertyValueSpecification","valueRequired":true,"valueName":"search_term_string"}}],"inLanguage":"ru-RU"},{"@type":"Organization","@id":"https:\/\/continent.lv\/#organization","name":"Continent.lv","url":"https:\/\/continent.lv\/","logo":{"@type":"ImageObject","inLanguage":"ru-RU","@id":"https:\/\/continent.lv\/#\/schema\/logo\/image\/","url":"https:\/\/continent.lv\/wp-content\/uploads\/2026\/05\/logo_continent_5nwv-jh.jpg","contentUrl":"https:\/\/continent.lv\/wp-content\/uploads\/2026\/05\/logo_continent_5nwv-jh.jpg","width":221,"height":50,"caption":"Continent.lv"},"image":{"@id":"https:\/\/continent.lv\/#\/schema\/logo\/image\/"}}]}},"_links":{"self":[{"href":"https:\/\/continent.lv\/ru\/wp-json\/wp\/v2\/product\/43823","targetHints":{"allow":["GET"]}}],"collection":[{"href":"https:\/\/continent.lv\/ru\/wp-json\/wp\/v2\/product"}],"about":[{"href":"https:\/\/continent.lv\/ru\/wp-json\/wp\/v2\/types\/product"}],"replies":[{"embeddable":true,"href":"https:\/\/continent.lv\/ru\/wp-json\/wp\/v2\/comments?post=43823"}],"wp:featuredmedia":[{"embeddable":true,"href":"https:\/\/continent.lv\/ru\/wp-json\/wp\/v2\/media\/43815"}],"wp:attachment":[{"href":"https:\/\/continent.lv\/ru\/wp-json\/wp\/v2\/media?parent=43823"}],"wp:term":[{"taxonomy":"product_brand","embeddable":true,"href":"https:\/\/continent.lv\/ru\/wp-json\/wp\/v2\/product_brand?post=43823"},{"taxonomy":"product_cat","embeddable":true,"href":"https:\/\/continent.lv\/ru\/wp-json\/wp\/v2\/product_cat?post=43823"},{"taxonomy":"product_tag","embeddable":true,"href":"https:\/\/continent.lv\/ru\/wp-json\/wp\/v2\/product_tag?post=43823"}],"curies":[{"name":"wp","href":"https:\/\/api.w.org\/{rel}","templated":true}]}}