{"id":43678,"date":"2026-05-01T07:08:00","date_gmt":"2026-05-01T07:08:00","guid":{"rendered":"https:\/\/continent.lv\/product\/bosch-bbs611bsc-2\/"},"modified":"2026-05-01T07:08:00","modified_gmt":"2026-05-01T07:08:00","slug":"bosch-bbs611bsc-2","status":"publish","type":"product","link":"https:\/\/continent.lv\/ru\/product\/bosch-bbs611bsc-2\/","title":{"rendered":"Bosch BBS611BSC"},"content":{"rendered":"<table width=\"70%\">\n<tr>\n<td>\n<table class=\"spec\">\n<tr class=\"odd\">\n<td class=\"specleft\">\u041e\u0441\u043e\u0431\u044b\u0435 \u0445\u0430\u0440\u0430\u043a\u0442\u0435\u0440\u0438\u0441\u0442\u0438\u043a\u0438<\/td>\n<td class=\"specright\">V\u00e4ga kompaktne, AllFloor Power Brush,  kompaktne DigitalSpin-mootor, kauakestev filtrimaterjal: PureAir-membraaniga h\u00fcgieeniline filtrikassett puhastab v\u00e4ljuva \u00f5hu<\/td>\n<\/tr>\n<tr class=\"even\">\n<td class=\"specleft\">\u0412\u0440\u0435\u043c\u044f \u0437\u0430\u0440\u044f\u0434\u043a\u0438 (\u0447)<\/td>\n<td class=\"specright\">4<\/td>\n<\/tr>\n<tr class=\"odd\">\n<td class=\"specleft\">\u0426\u0432\u0435\u0442<\/td>\n<td class=\"specright\">\u0427\u0435\u0440\u043d\u044b\u0439<\/td>\n<\/tr>\n<tr class=\"even\">\n<td class=\"specleft\">\u0413\u043b\u0443\u0431\u0438\u043d\u0430 (\u0441\u043c)<\/td>\n<td class=\"specright\">26,5<\/td>\n<\/tr>\n<tr class=\"odd\">\n<td class=\"specleft\">\u041e\u0431\u044a\u0435\u043c \u043a\u043e\u043d\u0442\u0435\u0439\u043d\u0435\u0440\u0430 \u0434\u043b\u044f \u043f\u044b\u043b\u0438 (\u043b)<\/td>\n<td class=\"specright\">0,3<\/td>\n<\/tr>\n<tr class=\"even\">\n<td class=\"specleft\">\u0412\u044b\u0441\u043e\u0442\u0430 (\u0441\u043c)<\/td>\n<td class=\"specright\">122.7<\/td>\n<\/tr>\n<tr class=\"odd\">\n<td class=\"specleft\">\u0412\u0440\u0435\u043c\u044f \u0440\u0430\u0431\u043e\u0442\u044b (\u043c\u0438\u043d)<\/td>\n<td class=\"specright\">30<\/td>\n<\/tr>\n<tr class=\"even\">\n<td class=\"specleft\">\u0418\u0441\u0442\u043e\u0447\u043d\u0438\u043a \u043f\u0438\u0442\u0430\u043d\u0438\u044f<\/td>\n<td class=\"specright\">\u0411\u0430\u0442\u0430\u0440\u0435\u044f<\/td>\n<\/tr>\n<tr class=\"odd\">\n<td class=\"specleft\">\u0422\u0438\u043f \u043f\u044b\u043b\u0435\u0441\u043e\u0441\u0430<\/td>\n<td class=\"specright\">\u041f\u043b\u0430\u0441\u0442\u0438\u043a\u043e\u0432\u044b\u0439 \u043a\u043e\u043d\u0442\u0435\u0439\u043d\u0435\u0440 \u0434\u043b\u044f \u043f\u044b\u043b\u0438<\/td>\n<\/tr>\n<tr class=\"even\">\n<td class=\"specleft\">\u0412\u0435\u0441 (\u043a\u0433)<\/td>\n<td class=\"specright\">2,3<\/td>\n<\/tr>\n<tr class=\"odd\">\n<td class=\"specleft\">\u0428\u0438\u0440\u0438\u043d\u0430(\u0441\u043c)<\/td>\n<td class=\"specright\">20<\/td>\n<\/tr>\n<\/table>\n<\/td>\n<\/tr>\n<\/table>","protected":false},"excerpt":{"rendered":"<p>Special features V\u00e4ga kompaktne, AllFloor Power Brush, kompaktne DigitalSpin-mootor, kauakestev filtrimaterjal: PureAir-membraaniga h\u00fcgieeniline filtrikassett puhastab v\u00e4ljuva \u00f5hu Charging time (h) 4 Color Black Depth (cm) 26,5 Dust Container measure (l) 0,3 Height (cm) 122.7 Operation time (min) 30 Power supply Battery Vacuum Cleaner type Plastic Dust Container Svars (kg) 2,3 Width(cm) 20<\/p>","protected":false},"featured_media":43673,"comment_status":"open","ping_status":"closed","template":"","meta":{"_joinchat":[]},"product_brand":[281],"product_cat":[282],"product_tag":[],"class_list":{"0":"post-43678","1":"product","2":"type-product","3":"status-publish","4":"has-post-thumbnail","6":"product_brand-bosch","7":"product_cat-sadzives-tehnika-puteklu-suceji","9":"first","10":"instock","11":"shipping-taxable","12":"purchasable","13":"product-type-simple"},"yoast_head":"<!-- This site is optimized with the Yoast SEO plugin v27.5 - https:\/\/yoast.com\/product\/yoast-seo-wordpress\/ -->\n<title>Bosch BBS611BSC - Continent.lv<\/title>\n<meta name=\"robots\" content=\"index, follow, max-snippet:-1, max-image-preview:large, max-video-preview:-1\" \/>\n<link rel=\"canonical\" href=\"https:\/\/continent.lv\/ru\/product\/bosch-bbs611bsc-2\/\" \/>\n<meta property=\"og:locale\" content=\"ru_RU\" \/>\n<meta property=\"og:type\" content=\"article\" \/>\n<meta property=\"og:title\" content=\"Bosch BBS611BSC - Continent.lv\" \/>\n<meta property=\"og:description\" content=\"Special features V\u00e4ga kompaktne, AllFloor Power Brush, kompaktne DigitalSpin-mootor, kauakestev filtrimaterjal: PureAir-membraaniga h\u00fcgieeniline filtrikassett puhastab v\u00e4ljuva \u00f5hu Charging time (h) 4 Color Black Depth (cm) 26,5 Dust Container measure (l) 0,3 Height (cm) 122.7 Operation time (min) 30 Power supply Battery Vacuum Cleaner type Plastic Dust Container Svars (kg) 2,3 Width(cm) 20\" \/>\n<meta property=\"og:url\" content=\"https:\/\/continent.lv\/ru\/product\/bosch-bbs611bsc-2\/\" \/>\n<meta property=\"og:site_name\" content=\"Continent.lv\" \/>\n<meta property=\"og:image\" content=\"https:\/\/continent.lv\/wp-content\/uploads\/2026\/05\/ext-1197250807_7276_1.jpg\" \/>\n\t<meta property=\"og:image:width\" content=\"546\" \/>\n\t<meta property=\"og:image:height\" content=\"789\" \/>\n\t<meta property=\"og:image:type\" content=\"image\/jpeg\" \/>\n<meta name=\"twitter:card\" content=\"summary_large_image\" \/>\n<script type=\"application\/ld+json\" class=\"yoast-schema-graph\">{\"@context\":\"https:\\\/\\\/schema.org\",\"@graph\":[{\"@type\":\"WebPage\",\"@id\":\"https:\\\/\\\/continent.lv\\\/product\\\/bosch-bbs611bsc-2\\\/\",\"url\":\"https:\\\/\\\/continent.lv\\\/product\\\/bosch-bbs611bsc-2\\\/\",\"name\":\"Bosch BBS611BSC - Continent.lv\",\"isPartOf\":{\"@id\":\"https:\\\/\\\/continent.lv\\\/#website\"},\"primaryImageOfPage\":{\"@id\":\"https:\\\/\\\/continent.lv\\\/product\\\/bosch-bbs611bsc-2\\\/#primaryimage\"},\"image\":{\"@id\":\"https:\\\/\\\/continent.lv\\\/product\\\/bosch-bbs611bsc-2\\\/#primaryimage\"},\"thumbnailUrl\":\"https:\\\/\\\/continent.lv\\\/wp-content\\\/uploads\\\/2026\\\/05\\\/ext-1197250807_7276_1.jpg\",\"datePublished\":\"2026-05-01T07:08:00+00:00\",\"breadcrumb\":{\"@id\":\"https:\\\/\\\/continent.lv\\\/product\\\/bosch-bbs611bsc-2\\\/#breadcrumb\"},\"inLanguage\":\"ru-RU\",\"potentialAction\":[{\"@type\":\"ReadAction\",\"target\":[\"https:\\\/\\\/continent.lv\\\/product\\\/bosch-bbs611bsc-2\\\/\"]}]},{\"@type\":\"ImageObject\",\"inLanguage\":\"ru-RU\",\"@id\":\"https:\\\/\\\/continent.lv\\\/product\\\/bosch-bbs611bsc-2\\\/#primaryimage\",\"url\":\"https:\\\/\\\/continent.lv\\\/wp-content\\\/uploads\\\/2026\\\/05\\\/ext-1197250807_7276_1.jpg\",\"contentUrl\":\"https:\\\/\\\/continent.lv\\\/wp-content\\\/uploads\\\/2026\\\/05\\\/ext-1197250807_7276_1.jpg\",\"width\":546,\"height\":789},{\"@type\":\"BreadcrumbList\",\"@id\":\"https:\\\/\\\/continent.lv\\\/product\\\/bosch-bbs611bsc-2\\\/#breadcrumb\",\"itemListElement\":[{\"@type\":\"ListItem\",\"position\":1,\"name\":\"Home\",\"item\":\"https:\\\/\\\/continent.lv\\\/\"},{\"@type\":\"ListItem\",\"position\":2,\"name\":\"Veikals\",\"item\":\"https:\\\/\\\/continent.lv\\\/shop\\\/\"},{\"@type\":\"ListItem\",\"position\":3,\"name\":\"Bosch BBS611BSC\"}]},{\"@type\":\"WebSite\",\"@id\":\"https:\\\/\\\/continent.lv\\\/#website\",\"url\":\"https:\\\/\\\/continent.lv\\\/\",\"name\":\"Continent.lv\",\"description\":\"Sadz\u012bves pre\u010du internetveikals\",\"publisher\":{\"@id\":\"https:\\\/\\\/continent.lv\\\/#organization\"},\"potentialAction\":[{\"@type\":\"SearchAction\",\"target\":{\"@type\":\"EntryPoint\",\"urlTemplate\":\"https:\\\/\\\/continent.lv\\\/?s={search_term_string}\"},\"query-input\":{\"@type\":\"PropertyValueSpecification\",\"valueRequired\":true,\"valueName\":\"search_term_string\"}}],\"inLanguage\":\"ru-RU\"},{\"@type\":\"Organization\",\"@id\":\"https:\\\/\\\/continent.lv\\\/#organization\",\"name\":\"Continent.lv\",\"url\":\"https:\\\/\\\/continent.lv\\\/\",\"logo\":{\"@type\":\"ImageObject\",\"inLanguage\":\"ru-RU\",\"@id\":\"https:\\\/\\\/continent.lv\\\/#\\\/schema\\\/logo\\\/image\\\/\",\"url\":\"https:\\\/\\\/continent.lv\\\/wp-content\\\/uploads\\\/2026\\\/05\\\/logo_continent_5nwv-jh.jpg\",\"contentUrl\":\"https:\\\/\\\/continent.lv\\\/wp-content\\\/uploads\\\/2026\\\/05\\\/logo_continent_5nwv-jh.jpg\",\"width\":221,\"height\":50,\"caption\":\"Continent.lv\"},\"image\":{\"@id\":\"https:\\\/\\\/continent.lv\\\/#\\\/schema\\\/logo\\\/image\\\/\"}}]}<\/script>\n<!-- \/ Yoast SEO plugin. -->","yoast_head_json":{"title":"Bosch BBS611BSC - Continent.lv","robots":{"index":"index","follow":"follow","max-snippet":"max-snippet:-1","max-image-preview":"max-image-preview:large","max-video-preview":"max-video-preview:-1"},"canonical":"https:\/\/continent.lv\/ru\/product\/bosch-bbs611bsc-2\/","og_locale":"ru_RU","og_type":"article","og_title":"Bosch BBS611BSC - Continent.lv","og_description":"Special features V\u00e4ga kompaktne, AllFloor Power Brush, kompaktne DigitalSpin-mootor, kauakestev filtrimaterjal: PureAir-membraaniga h\u00fcgieeniline filtrikassett puhastab v\u00e4ljuva \u00f5hu Charging time (h) 4 Color Black Depth (cm) 26,5 Dust Container measure (l) 0,3 Height (cm) 122.7 Operation time (min) 30 Power supply Battery Vacuum Cleaner type Plastic Dust Container Svars (kg) 2,3 Width(cm) 20","og_url":"https:\/\/continent.lv\/ru\/product\/bosch-bbs611bsc-2\/","og_site_name":"Continent.lv","og_image":[{"width":546,"height":789,"url":"https:\/\/continent.lv\/wp-content\/uploads\/2026\/05\/ext-1197250807_7276_1.jpg","type":"image\/jpeg"}],"twitter_card":"summary_large_image","schema":{"@context":"https:\/\/schema.org","@graph":[{"@type":"WebPage","@id":"https:\/\/continent.lv\/product\/bosch-bbs611bsc-2\/","url":"https:\/\/continent.lv\/product\/bosch-bbs611bsc-2\/","name":"Bosch BBS611BSC - Continent.lv","isPartOf":{"@id":"https:\/\/continent.lv\/#website"},"primaryImageOfPage":{"@id":"https:\/\/continent.lv\/product\/bosch-bbs611bsc-2\/#primaryimage"},"image":{"@id":"https:\/\/continent.lv\/product\/bosch-bbs611bsc-2\/#primaryimage"},"thumbnailUrl":"https:\/\/continent.lv\/wp-content\/uploads\/2026\/05\/ext-1197250807_7276_1.jpg","datePublished":"2026-05-01T07:08:00+00:00","breadcrumb":{"@id":"https:\/\/continent.lv\/product\/bosch-bbs611bsc-2\/#breadcrumb"},"inLanguage":"ru-RU","potentialAction":[{"@type":"ReadAction","target":["https:\/\/continent.lv\/product\/bosch-bbs611bsc-2\/"]}]},{"@type":"ImageObject","inLanguage":"ru-RU","@id":"https:\/\/continent.lv\/product\/bosch-bbs611bsc-2\/#primaryimage","url":"https:\/\/continent.lv\/wp-content\/uploads\/2026\/05\/ext-1197250807_7276_1.jpg","contentUrl":"https:\/\/continent.lv\/wp-content\/uploads\/2026\/05\/ext-1197250807_7276_1.jpg","width":546,"height":789},{"@type":"BreadcrumbList","@id":"https:\/\/continent.lv\/product\/bosch-bbs611bsc-2\/#breadcrumb","itemListElement":[{"@type":"ListItem","position":1,"name":"Home","item":"https:\/\/continent.lv\/"},{"@type":"ListItem","position":2,"name":"Veikals","item":"https:\/\/continent.lv\/shop\/"},{"@type":"ListItem","position":3,"name":"Bosch BBS611BSC"}]},{"@type":"WebSite","@id":"https:\/\/continent.lv\/#website","url":"https:\/\/continent.lv\/","name":"Continent.lv","description":"Sadz\u012bves pre\u010du internetveikals","publisher":{"@id":"https:\/\/continent.lv\/#organization"},"potentialAction":[{"@type":"SearchAction","target":{"@type":"EntryPoint","urlTemplate":"https:\/\/continent.lv\/?s={search_term_string}"},"query-input":{"@type":"PropertyValueSpecification","valueRequired":true,"valueName":"search_term_string"}}],"inLanguage":"ru-RU"},{"@type":"Organization","@id":"https:\/\/continent.lv\/#organization","name":"Continent.lv","url":"https:\/\/continent.lv\/","logo":{"@type":"ImageObject","inLanguage":"ru-RU","@id":"https:\/\/continent.lv\/#\/schema\/logo\/image\/","url":"https:\/\/continent.lv\/wp-content\/uploads\/2026\/05\/logo_continent_5nwv-jh.jpg","contentUrl":"https:\/\/continent.lv\/wp-content\/uploads\/2026\/05\/logo_continent_5nwv-jh.jpg","width":221,"height":50,"caption":"Continent.lv"},"image":{"@id":"https:\/\/continent.lv\/#\/schema\/logo\/image\/"}}]}},"_links":{"self":[{"href":"https:\/\/continent.lv\/ru\/wp-json\/wp\/v2\/product\/43678","targetHints":{"allow":["GET"]}}],"collection":[{"href":"https:\/\/continent.lv\/ru\/wp-json\/wp\/v2\/product"}],"about":[{"href":"https:\/\/continent.lv\/ru\/wp-json\/wp\/v2\/types\/product"}],"replies":[{"embeddable":true,"href":"https:\/\/continent.lv\/ru\/wp-json\/wp\/v2\/comments?post=43678"}],"wp:featuredmedia":[{"embeddable":true,"href":"https:\/\/continent.lv\/ru\/wp-json\/wp\/v2\/media\/43673"}],"wp:attachment":[{"href":"https:\/\/continent.lv\/ru\/wp-json\/wp\/v2\/media?parent=43678"}],"wp:term":[{"taxonomy":"product_brand","embeddable":true,"href":"https:\/\/continent.lv\/ru\/wp-json\/wp\/v2\/product_brand?post=43678"},{"taxonomy":"product_cat","embeddable":true,"href":"https:\/\/continent.lv\/ru\/wp-json\/wp\/v2\/product_cat?post=43678"},{"taxonomy":"product_tag","embeddable":true,"href":"https:\/\/continent.lv\/ru\/wp-json\/wp\/v2\/product_tag?post=43678"}],"curies":[{"name":"wp","href":"https:\/\/api.w.org\/{rel}","templated":true}]}}