{"id":43465,"date":"2026-05-01T07:00:33","date_gmt":"2026-05-01T07:00:33","guid":{"rendered":"https:\/\/continent.lv\/product\/kenwood-khc29a-x0si\/"},"modified":"2026-05-01T07:00:33","modified_gmt":"2026-05-01T07:00:33","slug":"kenwood-khc29a-x0si","status":"publish","type":"product","link":"https:\/\/continent.lv\/ru\/product\/kenwood-khc29a-x0si\/","title":{"rendered":"Kenwood KHC29A.X0SI"},"content":{"rendered":"<table width=\"70%\">\n<tr>\n<td>\n<table class=\"spec\">\n<tr class=\"odd\">\n<td class=\"specleft\">\u0411\u043b\u0435\u043d\u0434\u0435\u0440<\/td>\n<td class=\"specright\">+<\/td>\n<\/tr>\n<tr class=\"even\">\n<td class=\"specleft\">\u0426\u0432\u0435\u0442<\/td>\n<td class=\"specright\">\u0421\u0435\u0440\u0435\u0431\u0440\u0438\u0441\u0442\u044b\u0439<\/td>\n<\/tr>\n<tr class=\"odd\">\n<td class=\"specleft\">\u0415\u043c\u043a\u043e\u0441\u0442\u044c \u043a\u043e\u043d\u0442\u0435\u0439\u043d\u0435\u0440\u0430 (\u043b)<\/td>\n<td class=\"specright\">4,3<\/td>\n<\/tr>\n<tr class=\"even\">\n<td class=\"specleft\">\u0414\u043e\u043f\u043e\u043b\u043d\u0438\u0442\u0435\u043b\u044c\u043d\u043e<\/td>\n<td class=\"specright\">Hakklihamasin, klaasist blender 1,2 liitrit, minil\u00f5ikur, tsitrusepress<\/td>\n<\/tr>\n<tr class=\"odd\">\n<td class=\"specleft\">\u0412 \u043a\u043e\u043c\u043f\u043b\u0435\u043a\u0442\u0435<\/td>\n<td class=\"specright\">K-Beater otsik, s\u00f5tkumisotsik, vahustamisotsik, blender 1,2l, mahlapress, minil\u00f5ikur, tsitruspress, hakklihamasin, EasyWeigh Scales<\/td>\n<\/tr>\n<tr class=\"even\">\n<td class=\"specleft\">\u041c\u044f\u0441\u043e\u0440\u0443\u0431\u043a\u0430<\/td>\n<td class=\"specright\">+<\/td>\n<\/tr>\n<tr class=\"odd\">\n<td class=\"specleft\">\u041c\u043e\u0449\u043d\u043e\u0441\u0442\u044c (\u0412\u0442)<\/td>\n<td class=\"specright\">1000<\/td>\n<\/tr>\n<tr class=\"even\">\n<td class=\"specleft\">\u0422\u0438\u043f<\/td>\n<td class=\"specright\">\u041a\u0443\u0445\u043e\u043d\u043d\u044b\u0439 \u043a\u043e\u043c\u0431\u0430\u0439\u043d<\/td>\n<\/tr>\n<\/table>\n<\/td>\n<\/tr>\n<\/table>","protected":false},"excerpt":{"rendered":"<p>Blender + Color Silver Container capacity (l) 4,3 Extras Hakklihamasin, klaasist blender 1,2 liitrit, minil\u00f5ikur, tsitrusepress Included K-Beater otsik, s\u00f5tkumisotsik, vahustamisotsik, blender 1,2l, mahlapress, minil\u00f5ikur, tsitruspress, hakklihamasin, EasyWeigh Scales Meat mincer + Jauda (W) 1000 Type K\u00f6\u00f6gikombain<\/p>","protected":false},"featured_media":43460,"comment_status":"open","ping_status":"closed","template":"","meta":{"_joinchat":[]},"product_brand":[],"product_cat":[308],"product_tag":[],"class_list":{"0":"post-43465","1":"product","2":"type-product","3":"status-publish","4":"has-post-thumbnail","6":"product_cat-maza-sadzives-tehnika-virtuves-kombaini","8":"first","9":"instock","10":"shipping-taxable","11":"purchasable","12":"product-type-simple"},"yoast_head":"<!-- This site is optimized with the Yoast SEO plugin v27.5 - https:\/\/yoast.com\/product\/yoast-seo-wordpress\/ -->\n<title>Kenwood KHC29A.X0SI - Continent.lv<\/title>\n<meta name=\"robots\" content=\"index, follow, max-snippet:-1, max-image-preview:large, max-video-preview:-1\" \/>\n<link rel=\"canonical\" href=\"https:\/\/continent.lv\/ru\/product\/kenwood-khc29a-x0si\/\" \/>\n<meta property=\"og:locale\" content=\"ru_RU\" \/>\n<meta property=\"og:type\" content=\"article\" \/>\n<meta property=\"og:title\" content=\"Kenwood KHC29A.X0SI - Continent.lv\" \/>\n<meta property=\"og:description\" content=\"Blender + Color Silver Container capacity (l) 4,3 Extras Hakklihamasin, klaasist blender 1,2 liitrit, minil\u00f5ikur, tsitrusepress Included K-Beater otsik, s\u00f5tkumisotsik, vahustamisotsik, blender 1,2l, mahlapress, minil\u00f5ikur, tsitruspress, hakklihamasin, EasyWeigh Scales Meat mincer + Jauda (W) 1000 Type K\u00f6\u00f6gikombain\" \/>\n<meta property=\"og:url\" content=\"https:\/\/continent.lv\/ru\/product\/kenwood-khc29a-x0si\/\" \/>\n<meta property=\"og:site_name\" content=\"Continent.lv\" \/>\n<meta property=\"og:image\" content=\"https:\/\/continent.lv\/wp-content\/uploads\/2026\/05\/ext-724572586_7240_1.jpg\" \/>\n\t<meta property=\"og:image:width\" content=\"1041\" \/>\n\t<meta property=\"og:image:height\" content=\"1300\" \/>\n\t<meta property=\"og:image:type\" content=\"image\/jpeg\" \/>\n<meta name=\"twitter:card\" content=\"summary_large_image\" \/>\n<script type=\"application\/ld+json\" class=\"yoast-schema-graph\">{\"@context\":\"https:\\\/\\\/schema.org\",\"@graph\":[{\"@type\":\"WebPage\",\"@id\":\"https:\\\/\\\/continent.lv\\\/product\\\/kenwood-khc29a-x0si\\\/\",\"url\":\"https:\\\/\\\/continent.lv\\\/product\\\/kenwood-khc29a-x0si\\\/\",\"name\":\"Kenwood KHC29A.X0SI - Continent.lv\",\"isPartOf\":{\"@id\":\"https:\\\/\\\/continent.lv\\\/#website\"},\"primaryImageOfPage\":{\"@id\":\"https:\\\/\\\/continent.lv\\\/product\\\/kenwood-khc29a-x0si\\\/#primaryimage\"},\"image\":{\"@id\":\"https:\\\/\\\/continent.lv\\\/product\\\/kenwood-khc29a-x0si\\\/#primaryimage\"},\"thumbnailUrl\":\"https:\\\/\\\/continent.lv\\\/wp-content\\\/uploads\\\/2026\\\/05\\\/ext-724572586_7240_1.jpg\",\"datePublished\":\"2026-05-01T07:00:33+00:00\",\"breadcrumb\":{\"@id\":\"https:\\\/\\\/continent.lv\\\/product\\\/kenwood-khc29a-x0si\\\/#breadcrumb\"},\"inLanguage\":\"ru-RU\",\"potentialAction\":[{\"@type\":\"ReadAction\",\"target\":[\"https:\\\/\\\/continent.lv\\\/product\\\/kenwood-khc29a-x0si\\\/\"]}]},{\"@type\":\"ImageObject\",\"inLanguage\":\"ru-RU\",\"@id\":\"https:\\\/\\\/continent.lv\\\/product\\\/kenwood-khc29a-x0si\\\/#primaryimage\",\"url\":\"https:\\\/\\\/continent.lv\\\/wp-content\\\/uploads\\\/2026\\\/05\\\/ext-724572586_7240_1.jpg\",\"contentUrl\":\"https:\\\/\\\/continent.lv\\\/wp-content\\\/uploads\\\/2026\\\/05\\\/ext-724572586_7240_1.jpg\",\"width\":1041,\"height\":1300},{\"@type\":\"BreadcrumbList\",\"@id\":\"https:\\\/\\\/continent.lv\\\/product\\\/kenwood-khc29a-x0si\\\/#breadcrumb\",\"itemListElement\":[{\"@type\":\"ListItem\",\"position\":1,\"name\":\"Home\",\"item\":\"https:\\\/\\\/continent.lv\\\/\"},{\"@type\":\"ListItem\",\"position\":2,\"name\":\"Veikals\",\"item\":\"https:\\\/\\\/continent.lv\\\/shop\\\/\"},{\"@type\":\"ListItem\",\"position\":3,\"name\":\"Kenwood KHC29A.X0SI\"}]},{\"@type\":\"WebSite\",\"@id\":\"https:\\\/\\\/continent.lv\\\/#website\",\"url\":\"https:\\\/\\\/continent.lv\\\/\",\"name\":\"Continent.lv\",\"description\":\"Sadz\u012bves pre\u010du internetveikals\",\"publisher\":{\"@id\":\"https:\\\/\\\/continent.lv\\\/#organization\"},\"potentialAction\":[{\"@type\":\"SearchAction\",\"target\":{\"@type\":\"EntryPoint\",\"urlTemplate\":\"https:\\\/\\\/continent.lv\\\/?s={search_term_string}\"},\"query-input\":{\"@type\":\"PropertyValueSpecification\",\"valueRequired\":true,\"valueName\":\"search_term_string\"}}],\"inLanguage\":\"ru-RU\"},{\"@type\":\"Organization\",\"@id\":\"https:\\\/\\\/continent.lv\\\/#organization\",\"name\":\"Continent.lv\",\"url\":\"https:\\\/\\\/continent.lv\\\/\",\"logo\":{\"@type\":\"ImageObject\",\"inLanguage\":\"ru-RU\",\"@id\":\"https:\\\/\\\/continent.lv\\\/#\\\/schema\\\/logo\\\/image\\\/\",\"url\":\"https:\\\/\\\/continent.lv\\\/wp-content\\\/uploads\\\/2026\\\/05\\\/logo_continent_5nwv-jh.jpg\",\"contentUrl\":\"https:\\\/\\\/continent.lv\\\/wp-content\\\/uploads\\\/2026\\\/05\\\/logo_continent_5nwv-jh.jpg\",\"width\":221,\"height\":50,\"caption\":\"Continent.lv\"},\"image\":{\"@id\":\"https:\\\/\\\/continent.lv\\\/#\\\/schema\\\/logo\\\/image\\\/\"}}]}<\/script>\n<!-- \/ Yoast SEO plugin. -->","yoast_head_json":{"title":"Kenwood KHC29A.X0SI - Continent.lv","robots":{"index":"index","follow":"follow","max-snippet":"max-snippet:-1","max-image-preview":"max-image-preview:large","max-video-preview":"max-video-preview:-1"},"canonical":"https:\/\/continent.lv\/ru\/product\/kenwood-khc29a-x0si\/","og_locale":"ru_RU","og_type":"article","og_title":"Kenwood KHC29A.X0SI - Continent.lv","og_description":"Blender + Color Silver Container capacity (l) 4,3 Extras Hakklihamasin, klaasist blender 1,2 liitrit, minil\u00f5ikur, tsitrusepress Included K-Beater otsik, s\u00f5tkumisotsik, vahustamisotsik, blender 1,2l, mahlapress, minil\u00f5ikur, tsitruspress, hakklihamasin, EasyWeigh Scales Meat mincer + Jauda (W) 1000 Type K\u00f6\u00f6gikombain","og_url":"https:\/\/continent.lv\/ru\/product\/kenwood-khc29a-x0si\/","og_site_name":"Continent.lv","og_image":[{"width":1041,"height":1300,"url":"https:\/\/continent.lv\/wp-content\/uploads\/2026\/05\/ext-724572586_7240_1.jpg","type":"image\/jpeg"}],"twitter_card":"summary_large_image","schema":{"@context":"https:\/\/schema.org","@graph":[{"@type":"WebPage","@id":"https:\/\/continent.lv\/product\/kenwood-khc29a-x0si\/","url":"https:\/\/continent.lv\/product\/kenwood-khc29a-x0si\/","name":"Kenwood KHC29A.X0SI - Continent.lv","isPartOf":{"@id":"https:\/\/continent.lv\/#website"},"primaryImageOfPage":{"@id":"https:\/\/continent.lv\/product\/kenwood-khc29a-x0si\/#primaryimage"},"image":{"@id":"https:\/\/continent.lv\/product\/kenwood-khc29a-x0si\/#primaryimage"},"thumbnailUrl":"https:\/\/continent.lv\/wp-content\/uploads\/2026\/05\/ext-724572586_7240_1.jpg","datePublished":"2026-05-01T07:00:33+00:00","breadcrumb":{"@id":"https:\/\/continent.lv\/product\/kenwood-khc29a-x0si\/#breadcrumb"},"inLanguage":"ru-RU","potentialAction":[{"@type":"ReadAction","target":["https:\/\/continent.lv\/product\/kenwood-khc29a-x0si\/"]}]},{"@type":"ImageObject","inLanguage":"ru-RU","@id":"https:\/\/continent.lv\/product\/kenwood-khc29a-x0si\/#primaryimage","url":"https:\/\/continent.lv\/wp-content\/uploads\/2026\/05\/ext-724572586_7240_1.jpg","contentUrl":"https:\/\/continent.lv\/wp-content\/uploads\/2026\/05\/ext-724572586_7240_1.jpg","width":1041,"height":1300},{"@type":"BreadcrumbList","@id":"https:\/\/continent.lv\/product\/kenwood-khc29a-x0si\/#breadcrumb","itemListElement":[{"@type":"ListItem","position":1,"name":"Home","item":"https:\/\/continent.lv\/"},{"@type":"ListItem","position":2,"name":"Veikals","item":"https:\/\/continent.lv\/shop\/"},{"@type":"ListItem","position":3,"name":"Kenwood KHC29A.X0SI"}]},{"@type":"WebSite","@id":"https:\/\/continent.lv\/#website","url":"https:\/\/continent.lv\/","name":"Continent.lv","description":"Sadz\u012bves pre\u010du internetveikals","publisher":{"@id":"https:\/\/continent.lv\/#organization"},"potentialAction":[{"@type":"SearchAction","target":{"@type":"EntryPoint","urlTemplate":"https:\/\/continent.lv\/?s={search_term_string}"},"query-input":{"@type":"PropertyValueSpecification","valueRequired":true,"valueName":"search_term_string"}}],"inLanguage":"ru-RU"},{"@type":"Organization","@id":"https:\/\/continent.lv\/#organization","name":"Continent.lv","url":"https:\/\/continent.lv\/","logo":{"@type":"ImageObject","inLanguage":"ru-RU","@id":"https:\/\/continent.lv\/#\/schema\/logo\/image\/","url":"https:\/\/continent.lv\/wp-content\/uploads\/2026\/05\/logo_continent_5nwv-jh.jpg","contentUrl":"https:\/\/continent.lv\/wp-content\/uploads\/2026\/05\/logo_continent_5nwv-jh.jpg","width":221,"height":50,"caption":"Continent.lv"},"image":{"@id":"https:\/\/continent.lv\/#\/schema\/logo\/image\/"}}]}},"_links":{"self":[{"href":"https:\/\/continent.lv\/ru\/wp-json\/wp\/v2\/product\/43465","targetHints":{"allow":["GET"]}}],"collection":[{"href":"https:\/\/continent.lv\/ru\/wp-json\/wp\/v2\/product"}],"about":[{"href":"https:\/\/continent.lv\/ru\/wp-json\/wp\/v2\/types\/product"}],"replies":[{"embeddable":true,"href":"https:\/\/continent.lv\/ru\/wp-json\/wp\/v2\/comments?post=43465"}],"wp:featuredmedia":[{"embeddable":true,"href":"https:\/\/continent.lv\/ru\/wp-json\/wp\/v2\/media\/43460"}],"wp:attachment":[{"href":"https:\/\/continent.lv\/ru\/wp-json\/wp\/v2\/media?parent=43465"}],"wp:term":[{"taxonomy":"product_brand","embeddable":true,"href":"https:\/\/continent.lv\/ru\/wp-json\/wp\/v2\/product_brand?post=43465"},{"taxonomy":"product_cat","embeddable":true,"href":"https:\/\/continent.lv\/ru\/wp-json\/wp\/v2\/product_cat?post=43465"},{"taxonomy":"product_tag","embeddable":true,"href":"https:\/\/continent.lv\/ru\/wp-json\/wp\/v2\/product_tag?post=43465"}],"curies":[{"name":"wp","href":"https:\/\/api.w.org\/{rel}","templated":true}]}}