{"id":43434,"date":"2026-05-01T06:59:30","date_gmt":"2026-05-01T06:59:30","guid":{"rendered":"https:\/\/continent.lv\/product\/lg-sg10ty\/"},"modified":"2026-05-01T06:59:30","modified_gmt":"2026-05-01T06:59:30","slug":"lg-sg10ty","status":"publish","type":"product","link":"https:\/\/continent.lv\/ru\/product\/lg-sg10ty\/","title":{"rendered":"LG SG10TY"},"content":{"rendered":"<table width=\"70%\">\n<tr>\n<td>\n<table class=\"spec\">\n<tr class=\"odd\">\n<td class=\"specleft\">\u041e\u0441\u043e\u0431\u044b\u0435 \u0445\u0430\u0440\u0430\u043a\u0442\u0435\u0440\u0438\u0441\u0442\u0438\u043a\u0438<\/td>\n<td class=\"specright\">Dolby Atmos ja DTS tugi, juhtmevaba subwoofer, mitmek\u00fclgsed \u00fchendusv\u00f5imalused<\/td>\n<\/tr>\n<tr class=\"even\">\n<td class=\"specleft\">\u0410\u0443\u0434\u0438\u043e \u043a\u0430\u043d\u0430\u043b\u044b<\/td>\n<td class=\"specright\">3.1<\/td>\n<\/tr>\n<tr class=\"odd\">\n<td class=\"specleft\">Bluetooth<\/td>\n<td class=\"specright\">+<\/td>\n<\/tr>\n<tr class=\"even\">\n<td class=\"specleft\">\u0426\u0432\u0435\u0442<\/td>\n<td class=\"specright\">\u0427\u0435\u0440\u043d\u044b\u0439<\/td>\n<\/tr>\n<tr class=\"odd\">\n<td class=\"specleft\">HDMI<\/td>\n<td class=\"specright\">1<\/td>\n<\/tr>\n<tr class=\"even\">\n<td class=\"specleft\">\u0413\u043b\u0443\u0431\u0438\u043d\u0430 \u043e\u0441\u043d\u043e\u0432\u043d\u043e\u0433\u043e \u0431\u043b\u043e\u043a\u0430 (\u0441\u043c)<\/td>\n<td class=\"specright\">3,25<\/td>\n<\/tr>\n<tr class=\"odd\">\n<td class=\"specleft\">\u0412\u044b\u0441\u043e\u0442\u0430 \u043e\u0441\u043d\u043e\u0432\u043d\u043e\u0433\u043e \u0431\u043b\u043e\u043a\u0430 (\u0441\u043c)<\/td>\n<td class=\"specright\">15<\/td>\n<\/tr>\n<tr class=\"even\">\n<td class=\"specleft\">\u0428\u0438\u0440\u0438\u043d\u0430 \u043e\u0441\u043d\u043e\u0432\u043d\u043e\u0433\u043e \u0431\u043b\u043e\u043a\u0430 (\u0441\u043c)<\/td>\n<td class=\"specright\">144,6<\/td>\n<\/tr>\n<tr class=\"odd\">\n<td class=\"specleft\">\u0422\u0435\u0445\u043d\u043e\u043b\u043e\u0433\u0438\u044f \u0437\u0432\u0443\u043a\u0430<\/td>\n<td class=\"specright\">Dolby Atmos, DTS:X, DTS Digital Surround<\/td>\n<\/tr>\n<tr class=\"even\">\n<td class=\"specleft\">\u0413\u043b\u0443\u0431\u0438\u043d\u0430 \u043a\u043e\u043b\u043e\u043d\u043a\u0438 (\u0441\u043c)<\/td>\n<td class=\"specright\">29<\/td>\n<\/tr>\n<tr class=\"odd\">\n<td class=\"specleft\">\u0412\u044b\u0441\u043e\u0442\u0430 \u043a\u043e\u043b\u043e\u043d\u043a\u0438 (\u0441\u043c)<\/td>\n<td class=\"specright\">39,4<\/td>\n<\/tr>\n<tr class=\"even\">\n<td class=\"specleft\">\u041c\u043e\u0449\u043d\u043e\u0441\u0442\u044c \u0434\u0438\u043d\u0430\u043c\u0438\u043a\u0430, RMS (\u0412\u0442)<\/td>\n<td class=\"specright\">420<\/td>\n<\/tr>\n<tr class=\"odd\">\n<td class=\"specleft\">\u0428\u0438\u0440\u0438\u043d\u0430 \u043a\u043e\u043b\u043e\u043d\u043a\u0438 (\u0441\u043c)<\/td>\n<td class=\"specright\">18<\/td>\n<\/tr>\n<tr class=\"even\">\n<td class=\"specleft\">USB<\/td>\n<td class=\"specright\">+<\/td>\n<\/tr>\n<tr class=\"odd\">\n<td class=\"specleft\">Wi-Fi<\/td>\n<td class=\"specright\">+<\/td>\n<\/tr>\n<\/table>\n<\/td>\n<\/tr>\n<\/table>","protected":false},"excerpt":{"rendered":"<p>Special features Dolby Atmos ja DTS tugi, juhtmevaba subwoofer, mitmek\u00fclgsed \u00fchendusv\u00f5imalused Audio channels 3.1 Bluetooth + Color Black HDMI 1 Main unit depth (cm) 3,25 Main unit height (cm) 15 Main unit width (cm) 144,6 Sound technology Dolby Atmos, DTS:X, DTS Digital Surround Speaker depth (cm) 29 Speaker height (cm) 39,4 Speaker power, RMS (W) [&hellip;]<\/p>\n","protected":false},"featured_media":43429,"comment_status":"open","ping_status":"closed","template":"","meta":{"_joinchat":[]},"product_brand":[112],"product_cat":[304],"product_tag":[],"class_list":{"0":"post-43434","1":"product","2":"type-product","3":"status-publish","4":"has-post-thumbnail","6":"product_brand-lg","7":"product_cat-tv-foto-video-audio-audio-aparatura-skalruni","9":"first","10":"instock","11":"shipping-taxable","12":"purchasable","13":"product-type-simple"},"yoast_head":"<!-- This site is optimized with the Yoast SEO plugin v27.5 - https:\/\/yoast.com\/product\/yoast-seo-wordpress\/ -->\n<title>LG SG10TY - Continent.lv<\/title>\n<meta name=\"robots\" content=\"index, follow, max-snippet:-1, max-image-preview:large, max-video-preview:-1\" \/>\n<link rel=\"canonical\" href=\"https:\/\/continent.lv\/ru\/product\/lg-sg10ty\/\" \/>\n<meta property=\"og:locale\" content=\"ru_RU\" \/>\n<meta property=\"og:type\" content=\"article\" \/>\n<meta property=\"og:title\" content=\"LG SG10TY - Continent.lv\" \/>\n<meta property=\"og:description\" content=\"Special features Dolby Atmos ja DTS tugi, juhtmevaba subwoofer, mitmek\u00fclgsed \u00fchendusv\u00f5imalused Audio channels 3.1 Bluetooth + Color Black HDMI 1 Main unit depth (cm) 3,25 Main unit height (cm) 15 Main unit width (cm) 144,6 Sound technology Dolby Atmos, DTS:X, DTS Digital Surround Speaker depth (cm) 29 Speaker height (cm) 39,4 Speaker power, RMS (W) [&hellip;]\" \/>\n<meta property=\"og:url\" content=\"https:\/\/continent.lv\/ru\/product\/lg-sg10ty\/\" \/>\n<meta property=\"og:site_name\" content=\"Continent.lv\" \/>\n<meta property=\"og:image\" content=\"https:\/\/continent.lv\/wp-content\/uploads\/2026\/05\/ext-3817815878_7234_1.jpg\" \/>\n\t<meta property=\"og:image:width\" content=\"486\" \/>\n\t<meta property=\"og:image:height\" content=\"109\" \/>\n\t<meta property=\"og:image:type\" content=\"image\/jpeg\" \/>\n<meta name=\"twitter:card\" content=\"summary_large_image\" \/>\n<script type=\"application\/ld+json\" class=\"yoast-schema-graph\">{\"@context\":\"https:\\\/\\\/schema.org\",\"@graph\":[{\"@type\":\"WebPage\",\"@id\":\"https:\\\/\\\/continent.lv\\\/product\\\/lg-sg10ty\\\/\",\"url\":\"https:\\\/\\\/continent.lv\\\/product\\\/lg-sg10ty\\\/\",\"name\":\"LG SG10TY - Continent.lv\",\"isPartOf\":{\"@id\":\"https:\\\/\\\/continent.lv\\\/#website\"},\"primaryImageOfPage\":{\"@id\":\"https:\\\/\\\/continent.lv\\\/product\\\/lg-sg10ty\\\/#primaryimage\"},\"image\":{\"@id\":\"https:\\\/\\\/continent.lv\\\/product\\\/lg-sg10ty\\\/#primaryimage\"},\"thumbnailUrl\":\"https:\\\/\\\/continent.lv\\\/wp-content\\\/uploads\\\/2026\\\/05\\\/ext-3817815878_7234_1.jpg\",\"datePublished\":\"2026-05-01T06:59:30+00:00\",\"breadcrumb\":{\"@id\":\"https:\\\/\\\/continent.lv\\\/product\\\/lg-sg10ty\\\/#breadcrumb\"},\"inLanguage\":\"ru-RU\",\"potentialAction\":[{\"@type\":\"ReadAction\",\"target\":[\"https:\\\/\\\/continent.lv\\\/product\\\/lg-sg10ty\\\/\"]}]},{\"@type\":\"ImageObject\",\"inLanguage\":\"ru-RU\",\"@id\":\"https:\\\/\\\/continent.lv\\\/product\\\/lg-sg10ty\\\/#primaryimage\",\"url\":\"https:\\\/\\\/continent.lv\\\/wp-content\\\/uploads\\\/2026\\\/05\\\/ext-3817815878_7234_1.jpg\",\"contentUrl\":\"https:\\\/\\\/continent.lv\\\/wp-content\\\/uploads\\\/2026\\\/05\\\/ext-3817815878_7234_1.jpg\",\"width\":486,\"height\":109},{\"@type\":\"BreadcrumbList\",\"@id\":\"https:\\\/\\\/continent.lv\\\/product\\\/lg-sg10ty\\\/#breadcrumb\",\"itemListElement\":[{\"@type\":\"ListItem\",\"position\":1,\"name\":\"Home\",\"item\":\"https:\\\/\\\/continent.lv\\\/\"},{\"@type\":\"ListItem\",\"position\":2,\"name\":\"Veikals\",\"item\":\"https:\\\/\\\/continent.lv\\\/shop\\\/\"},{\"@type\":\"ListItem\",\"position\":3,\"name\":\"LG SG10TY\"}]},{\"@type\":\"WebSite\",\"@id\":\"https:\\\/\\\/continent.lv\\\/#website\",\"url\":\"https:\\\/\\\/continent.lv\\\/\",\"name\":\"Continent.lv\",\"description\":\"Sadz\u012bves pre\u010du internetveikals\",\"publisher\":{\"@id\":\"https:\\\/\\\/continent.lv\\\/#organization\"},\"potentialAction\":[{\"@type\":\"SearchAction\",\"target\":{\"@type\":\"EntryPoint\",\"urlTemplate\":\"https:\\\/\\\/continent.lv\\\/?s={search_term_string}\"},\"query-input\":{\"@type\":\"PropertyValueSpecification\",\"valueRequired\":true,\"valueName\":\"search_term_string\"}}],\"inLanguage\":\"ru-RU\"},{\"@type\":\"Organization\",\"@id\":\"https:\\\/\\\/continent.lv\\\/#organization\",\"name\":\"Continent.lv\",\"url\":\"https:\\\/\\\/continent.lv\\\/\",\"logo\":{\"@type\":\"ImageObject\",\"inLanguage\":\"ru-RU\",\"@id\":\"https:\\\/\\\/continent.lv\\\/#\\\/schema\\\/logo\\\/image\\\/\",\"url\":\"https:\\\/\\\/continent.lv\\\/wp-content\\\/uploads\\\/2026\\\/05\\\/logo_continent_5nwv-jh.jpg\",\"contentUrl\":\"https:\\\/\\\/continent.lv\\\/wp-content\\\/uploads\\\/2026\\\/05\\\/logo_continent_5nwv-jh.jpg\",\"width\":221,\"height\":50,\"caption\":\"Continent.lv\"},\"image\":{\"@id\":\"https:\\\/\\\/continent.lv\\\/#\\\/schema\\\/logo\\\/image\\\/\"}}]}<\/script>\n<!-- \/ Yoast SEO plugin. -->","yoast_head_json":{"title":"LG SG10TY - Continent.lv","robots":{"index":"index","follow":"follow","max-snippet":"max-snippet:-1","max-image-preview":"max-image-preview:large","max-video-preview":"max-video-preview:-1"},"canonical":"https:\/\/continent.lv\/ru\/product\/lg-sg10ty\/","og_locale":"ru_RU","og_type":"article","og_title":"LG SG10TY - Continent.lv","og_description":"Special features Dolby Atmos ja DTS tugi, juhtmevaba subwoofer, mitmek\u00fclgsed \u00fchendusv\u00f5imalused Audio channels 3.1 Bluetooth + Color Black HDMI 1 Main unit depth (cm) 3,25 Main unit height (cm) 15 Main unit width (cm) 144,6 Sound technology Dolby Atmos, DTS:X, DTS Digital Surround Speaker depth (cm) 29 Speaker height (cm) 39,4 Speaker power, RMS (W) [&hellip;]","og_url":"https:\/\/continent.lv\/ru\/product\/lg-sg10ty\/","og_site_name":"Continent.lv","og_image":[{"width":486,"height":109,"url":"https:\/\/continent.lv\/wp-content\/uploads\/2026\/05\/ext-3817815878_7234_1.jpg","type":"image\/jpeg"}],"twitter_card":"summary_large_image","schema":{"@context":"https:\/\/schema.org","@graph":[{"@type":"WebPage","@id":"https:\/\/continent.lv\/product\/lg-sg10ty\/","url":"https:\/\/continent.lv\/product\/lg-sg10ty\/","name":"LG SG10TY - Continent.lv","isPartOf":{"@id":"https:\/\/continent.lv\/#website"},"primaryImageOfPage":{"@id":"https:\/\/continent.lv\/product\/lg-sg10ty\/#primaryimage"},"image":{"@id":"https:\/\/continent.lv\/product\/lg-sg10ty\/#primaryimage"},"thumbnailUrl":"https:\/\/continent.lv\/wp-content\/uploads\/2026\/05\/ext-3817815878_7234_1.jpg","datePublished":"2026-05-01T06:59:30+00:00","breadcrumb":{"@id":"https:\/\/continent.lv\/product\/lg-sg10ty\/#breadcrumb"},"inLanguage":"ru-RU","potentialAction":[{"@type":"ReadAction","target":["https:\/\/continent.lv\/product\/lg-sg10ty\/"]}]},{"@type":"ImageObject","inLanguage":"ru-RU","@id":"https:\/\/continent.lv\/product\/lg-sg10ty\/#primaryimage","url":"https:\/\/continent.lv\/wp-content\/uploads\/2026\/05\/ext-3817815878_7234_1.jpg","contentUrl":"https:\/\/continent.lv\/wp-content\/uploads\/2026\/05\/ext-3817815878_7234_1.jpg","width":486,"height":109},{"@type":"BreadcrumbList","@id":"https:\/\/continent.lv\/product\/lg-sg10ty\/#breadcrumb","itemListElement":[{"@type":"ListItem","position":1,"name":"Home","item":"https:\/\/continent.lv\/"},{"@type":"ListItem","position":2,"name":"Veikals","item":"https:\/\/continent.lv\/shop\/"},{"@type":"ListItem","position":3,"name":"LG SG10TY"}]},{"@type":"WebSite","@id":"https:\/\/continent.lv\/#website","url":"https:\/\/continent.lv\/","name":"Continent.lv","description":"Sadz\u012bves pre\u010du internetveikals","publisher":{"@id":"https:\/\/continent.lv\/#organization"},"potentialAction":[{"@type":"SearchAction","target":{"@type":"EntryPoint","urlTemplate":"https:\/\/continent.lv\/?s={search_term_string}"},"query-input":{"@type":"PropertyValueSpecification","valueRequired":true,"valueName":"search_term_string"}}],"inLanguage":"ru-RU"},{"@type":"Organization","@id":"https:\/\/continent.lv\/#organization","name":"Continent.lv","url":"https:\/\/continent.lv\/","logo":{"@type":"ImageObject","inLanguage":"ru-RU","@id":"https:\/\/continent.lv\/#\/schema\/logo\/image\/","url":"https:\/\/continent.lv\/wp-content\/uploads\/2026\/05\/logo_continent_5nwv-jh.jpg","contentUrl":"https:\/\/continent.lv\/wp-content\/uploads\/2026\/05\/logo_continent_5nwv-jh.jpg","width":221,"height":50,"caption":"Continent.lv"},"image":{"@id":"https:\/\/continent.lv\/#\/schema\/logo\/image\/"}}]}},"_links":{"self":[{"href":"https:\/\/continent.lv\/ru\/wp-json\/wp\/v2\/product\/43434","targetHints":{"allow":["GET"]}}],"collection":[{"href":"https:\/\/continent.lv\/ru\/wp-json\/wp\/v2\/product"}],"about":[{"href":"https:\/\/continent.lv\/ru\/wp-json\/wp\/v2\/types\/product"}],"replies":[{"embeddable":true,"href":"https:\/\/continent.lv\/ru\/wp-json\/wp\/v2\/comments?post=43434"}],"wp:featuredmedia":[{"embeddable":true,"href":"https:\/\/continent.lv\/ru\/wp-json\/wp\/v2\/media\/43429"}],"wp:attachment":[{"href":"https:\/\/continent.lv\/ru\/wp-json\/wp\/v2\/media?parent=43434"}],"wp:term":[{"taxonomy":"product_brand","embeddable":true,"href":"https:\/\/continent.lv\/ru\/wp-json\/wp\/v2\/product_brand?post=43434"},{"taxonomy":"product_cat","embeddable":true,"href":"https:\/\/continent.lv\/ru\/wp-json\/wp\/v2\/product_cat?post=43434"},{"taxonomy":"product_tag","embeddable":true,"href":"https:\/\/continent.lv\/ru\/wp-json\/wp\/v2\/product_tag?post=43434"}],"curies":[{"name":"wp","href":"https:\/\/api.w.org\/{rel}","templated":true}]}}