{"id":42427,"date":"2026-05-01T06:25:23","date_gmt":"2026-05-01T06:25:23","guid":{"rendered":"https:\/\/continent.lv\/product\/bosch-prp6a6h40\/"},"modified":"2026-05-01T06:25:23","modified_gmt":"2026-05-01T06:25:23","slug":"bosch-prp6a6h40","status":"publish","type":"product","link":"https:\/\/continent.lv\/ru\/product\/bosch-prp6a6h40\/","title":{"rendered":"Bosch PRP6A6H40"},"content":{"rendered":"<p>Z\u012bmols\u00a0 \u00a0 \u00a0Bosch<\/p>\n<p>Modelis\u00a0 \u00a0 \u00a0PRP6A6H40<br \/>\u0420\u0430\u0437\u043c\u0435\u0440\u044b, \u0432\u0435\u0441 \u0438 \u0446\u0432\u0435\u0442<br \/>R\u0101mis\u00a0 \u00a0 N\u0113<br \/>Platums\u00a0 \u00a0 \u00a059 cm<br \/>Dzi\u013cums\u00a0 \u00a0 \u00a052 cm<br \/>Augstums\u00a0 \u00a0 \u00a00.45 cm<br \/>Kr\u0101sa\u00a0 \u00a0 \u00a0Melna kr\u0101s.<br \/>Svars\u00a0 \u00a0 \u00a016.9 kg<br \/>\u041f\u0430\u0440\u0430\u043c\u0435\u0442\u0440\u044b \u043f\u043e\u0432\u0435\u0440\u0445\u043d\u043e\u0441\u0442\u0438<br \/>Pl\u012bts virsmas veids\u00a0 \u00a0 G\u0101zes<br \/>Ri\u0146\u0137u skaits\u00a0 \u00a0 \u00a04<br \/>Pl\u012bts virsma\u00a0 \u00a0 R\u016bd\u012bt\u0101 stikla<br \/>\u0423\u043f\u0440\u0430\u0432\u043b\u0435\u043d\u0438\u0435<br \/>Vad\u012bba\u00a0 \u00a0 Meh\u0101nisks<br \/>Ekr\u0101ns\u00a0 \u00a0 \u00a0N\u0113<br \/>\u0424\u0443\u043d\u043a\u0446\u0438\u0438 \u0438 \u0432\u043e\u0437\u043c\u043e\u0436\u043d\u043e\u0441\u0442\u0438<br \/>Funkcijas\u00a0 \u00a0 \u00a0Tvaika nos\u016bc\u0113ja vad\u012bba no pl\u012bts virsmas: sader\u012bgu tvaika nos\u016bc\u0113ju var vad\u012bt ar pl\u012bts virsmas pog\u0101m.<br \/>Taimeris\u00a0 \u00a0 J\u0101<br \/>B\u0113rnu dro\u0161\u012bbas funkcija\u00a0 \u00a0 J\u0101\u00a0<\/p><\/p>","protected":false},"excerpt":{"rendered":"<p>Z\u012bmols\u00a0 \u00a0 \u00a0Bosch Modelis\u00a0 \u00a0 \u00a0PRP6A6H40Izm\u0113ri, svars un kr\u0101saR\u0101mis\u00a0 \u00a0 N\u0113Platums\u00a0 \u00a0 \u00a059 cmDzi\u013cums\u00a0 \u00a0 \u00a052 cmAugstums\u00a0 \u00a0 \u00a00.45 cmKr\u0101sa\u00a0 \u00a0 \u00a0Melna kr\u0101s.Svars\u00a0 \u00a0 \u00a016.9 kgVirsmas parametriPl\u012bts virsmas veids\u00a0 \u00a0 G\u0101zesRi\u0146\u0137u skaits\u00a0 \u00a0 \u00a04Pl\u012bts virsma\u00a0 \u00a0 R\u016bd\u012bt\u0101 stiklaVad\u012bbaVad\u012bba\u00a0 \u00a0 Meh\u0101nisksEkr\u0101ns\u00a0 \u00a0 \u00a0N\u0113Funkcijas un iesp\u0113jasFunkcijas\u00a0 \u00a0 \u00a0Tvaika nos\u016bc\u0113ja vad\u012bba no pl\u012bts virsmas: sader\u012bgu tvaika nos\u016bc\u0113ju var [&hellip;]<\/p>\n","protected":false},"featured_media":42421,"comment_status":"open","ping_status":"closed","template":"","meta":{"_joinchat":[]},"product_brand":[281],"product_cat":[268],"product_tag":[],"class_list":{"0":"post-42427","1":"product","2":"type-product","3":"status-publish","4":"has-post-thumbnail","6":"product_brand-bosch","7":"product_cat-iebuvejama-sadzives-tehnika-iebuvejamas-gazes-plits-virsmas","9":"first","10":"instock","11":"shipping-taxable","12":"purchasable","13":"product-type-simple"},"yoast_head":"<!-- This site is optimized with the Yoast SEO plugin v27.5 - https:\/\/yoast.com\/product\/yoast-seo-wordpress\/ -->\n<title>Bosch PRP6A6H40 - Continent.lv<\/title>\n<meta name=\"robots\" content=\"index, follow, max-snippet:-1, max-image-preview:large, max-video-preview:-1\" \/>\n<link rel=\"canonical\" href=\"https:\/\/continent.lv\/ru\/product\/bosch-prp6a6h40\/\" \/>\n<meta property=\"og:locale\" content=\"ru_RU\" \/>\n<meta property=\"og:type\" content=\"article\" \/>\n<meta property=\"og:title\" content=\"Bosch PRP6A6H40 - Continent.lv\" \/>\n<meta property=\"og:description\" content=\"Z\u012bmols\u00a0 \u00a0 \u00a0Bosch Modelis\u00a0 \u00a0 \u00a0PRP6A6H40Izm\u0113ri, svars un kr\u0101saR\u0101mis\u00a0 \u00a0 N\u0113Platums\u00a0 \u00a0 \u00a059 cmDzi\u013cums\u00a0 \u00a0 \u00a052 cmAugstums\u00a0 \u00a0 \u00a00.45 cmKr\u0101sa\u00a0 \u00a0 \u00a0Melna kr\u0101s.Svars\u00a0 \u00a0 \u00a016.9 kgVirsmas parametriPl\u012bts virsmas veids\u00a0 \u00a0 G\u0101zesRi\u0146\u0137u skaits\u00a0 \u00a0 \u00a04Pl\u012bts virsma\u00a0 \u00a0 R\u016bd\u012bt\u0101 stiklaVad\u012bbaVad\u012bba\u00a0 \u00a0 Meh\u0101nisksEkr\u0101ns\u00a0 \u00a0 \u00a0N\u0113Funkcijas un iesp\u0113jasFunkcijas\u00a0 \u00a0 \u00a0Tvaika nos\u016bc\u0113ja vad\u012bba no pl\u012bts virsmas: sader\u012bgu tvaika nos\u016bc\u0113ju var [&hellip;]\" \/>\n<meta property=\"og:url\" content=\"https:\/\/continent.lv\/ru\/product\/bosch-prp6a6h40\/\" \/>\n<meta property=\"og:site_name\" content=\"Continent.lv\" \/>\n<meta property=\"og:image\" content=\"https:\/\/continent.lv\/wp-content\/uploads\/2026\/05\/21_v3ia-54.jpeg\" \/>\n\t<meta property=\"og:image:width\" content=\"2000\" \/>\n\t<meta property=\"og:image:height\" content=\"2000\" \/>\n\t<meta property=\"og:image:type\" content=\"image\/jpeg\" \/>\n<meta name=\"twitter:card\" content=\"summary_large_image\" \/>\n<meta name=\"twitter:label1\" content=\"\u041f\u0440\u0438\u043c\u0435\u0440\u043d\u043e\u0435 \u0432\u0440\u0435\u043c\u044f \u0434\u043b\u044f \u0447\u0442\u0435\u043d\u0438\u044f\" \/>\n\t<meta name=\"twitter:data1\" content=\"1 \u043c\u0438\u043d\u0443\u0442\u0430\" \/>\n<script type=\"application\/ld+json\" class=\"yoast-schema-graph\">{\"@context\":\"https:\\\/\\\/schema.org\",\"@graph\":[{\"@type\":\"WebPage\",\"@id\":\"https:\\\/\\\/continent.lv\\\/product\\\/bosch-prp6a6h40\\\/\",\"url\":\"https:\\\/\\\/continent.lv\\\/product\\\/bosch-prp6a6h40\\\/\",\"name\":\"Bosch PRP6A6H40 - Continent.lv\",\"isPartOf\":{\"@id\":\"https:\\\/\\\/continent.lv\\\/#website\"},\"primaryImageOfPage\":{\"@id\":\"https:\\\/\\\/continent.lv\\\/product\\\/bosch-prp6a6h40\\\/#primaryimage\"},\"image\":{\"@id\":\"https:\\\/\\\/continent.lv\\\/product\\\/bosch-prp6a6h40\\\/#primaryimage\"},\"thumbnailUrl\":\"https:\\\/\\\/continent.lv\\\/wp-content\\\/uploads\\\/2026\\\/05\\\/21_v3ia-54.jpeg\",\"datePublished\":\"2026-05-01T06:25:23+00:00\",\"breadcrumb\":{\"@id\":\"https:\\\/\\\/continent.lv\\\/product\\\/bosch-prp6a6h40\\\/#breadcrumb\"},\"inLanguage\":\"ru-RU\",\"potentialAction\":[{\"@type\":\"ReadAction\",\"target\":[\"https:\\\/\\\/continent.lv\\\/product\\\/bosch-prp6a6h40\\\/\"]}]},{\"@type\":\"ImageObject\",\"inLanguage\":\"ru-RU\",\"@id\":\"https:\\\/\\\/continent.lv\\\/product\\\/bosch-prp6a6h40\\\/#primaryimage\",\"url\":\"https:\\\/\\\/continent.lv\\\/wp-content\\\/uploads\\\/2026\\\/05\\\/21_v3ia-54.jpeg\",\"contentUrl\":\"https:\\\/\\\/continent.lv\\\/wp-content\\\/uploads\\\/2026\\\/05\\\/21_v3ia-54.jpeg\",\"width\":2000,\"height\":2000},{\"@type\":\"BreadcrumbList\",\"@id\":\"https:\\\/\\\/continent.lv\\\/product\\\/bosch-prp6a6h40\\\/#breadcrumb\",\"itemListElement\":[{\"@type\":\"ListItem\",\"position\":1,\"name\":\"Home\",\"item\":\"https:\\\/\\\/continent.lv\\\/\"},{\"@type\":\"ListItem\",\"position\":2,\"name\":\"Veikals\",\"item\":\"https:\\\/\\\/continent.lv\\\/shop\\\/\"},{\"@type\":\"ListItem\",\"position\":3,\"name\":\"Bosch PRP6A6H40\"}]},{\"@type\":\"WebSite\",\"@id\":\"https:\\\/\\\/continent.lv\\\/#website\",\"url\":\"https:\\\/\\\/continent.lv\\\/\",\"name\":\"Continent.lv\",\"description\":\"Sadz\u012bves pre\u010du internetveikals\",\"publisher\":{\"@id\":\"https:\\\/\\\/continent.lv\\\/#organization\"},\"potentialAction\":[{\"@type\":\"SearchAction\",\"target\":{\"@type\":\"EntryPoint\",\"urlTemplate\":\"https:\\\/\\\/continent.lv\\\/?s={search_term_string}\"},\"query-input\":{\"@type\":\"PropertyValueSpecification\",\"valueRequired\":true,\"valueName\":\"search_term_string\"}}],\"inLanguage\":\"ru-RU\"},{\"@type\":\"Organization\",\"@id\":\"https:\\\/\\\/continent.lv\\\/#organization\",\"name\":\"Continent.lv\",\"url\":\"https:\\\/\\\/continent.lv\\\/\",\"logo\":{\"@type\":\"ImageObject\",\"inLanguage\":\"ru-RU\",\"@id\":\"https:\\\/\\\/continent.lv\\\/#\\\/schema\\\/logo\\\/image\\\/\",\"url\":\"https:\\\/\\\/continent.lv\\\/wp-content\\\/uploads\\\/2026\\\/05\\\/logo_continent_5nwv-jh.jpg\",\"contentUrl\":\"https:\\\/\\\/continent.lv\\\/wp-content\\\/uploads\\\/2026\\\/05\\\/logo_continent_5nwv-jh.jpg\",\"width\":221,\"height\":50,\"caption\":\"Continent.lv\"},\"image\":{\"@id\":\"https:\\\/\\\/continent.lv\\\/#\\\/schema\\\/logo\\\/image\\\/\"}}]}<\/script>\n<!-- \/ Yoast SEO plugin. -->","yoast_head_json":{"title":"Bosch PRP6A6H40 - Continent.lv","robots":{"index":"index","follow":"follow","max-snippet":"max-snippet:-1","max-image-preview":"max-image-preview:large","max-video-preview":"max-video-preview:-1"},"canonical":"https:\/\/continent.lv\/ru\/product\/bosch-prp6a6h40\/","og_locale":"ru_RU","og_type":"article","og_title":"Bosch PRP6A6H40 - Continent.lv","og_description":"Z\u012bmols\u00a0 \u00a0 \u00a0Bosch Modelis\u00a0 \u00a0 \u00a0PRP6A6H40Izm\u0113ri, svars un kr\u0101saR\u0101mis\u00a0 \u00a0 N\u0113Platums\u00a0 \u00a0 \u00a059 cmDzi\u013cums\u00a0 \u00a0 \u00a052 cmAugstums\u00a0 \u00a0 \u00a00.45 cmKr\u0101sa\u00a0 \u00a0 \u00a0Melna kr\u0101s.Svars\u00a0 \u00a0 \u00a016.9 kgVirsmas parametriPl\u012bts virsmas veids\u00a0 \u00a0 G\u0101zesRi\u0146\u0137u skaits\u00a0 \u00a0 \u00a04Pl\u012bts virsma\u00a0 \u00a0 R\u016bd\u012bt\u0101 stiklaVad\u012bbaVad\u012bba\u00a0 \u00a0 Meh\u0101nisksEkr\u0101ns\u00a0 \u00a0 \u00a0N\u0113Funkcijas un iesp\u0113jasFunkcijas\u00a0 \u00a0 \u00a0Tvaika nos\u016bc\u0113ja vad\u012bba no pl\u012bts virsmas: sader\u012bgu tvaika nos\u016bc\u0113ju var [&hellip;]","og_url":"https:\/\/continent.lv\/ru\/product\/bosch-prp6a6h40\/","og_site_name":"Continent.lv","og_image":[{"width":2000,"height":2000,"url":"https:\/\/continent.lv\/wp-content\/uploads\/2026\/05\/21_v3ia-54.jpeg","type":"image\/jpeg"}],"twitter_card":"summary_large_image","twitter_misc":{"\u041f\u0440\u0438\u043c\u0435\u0440\u043d\u043e\u0435 \u0432\u0440\u0435\u043c\u044f \u0434\u043b\u044f \u0447\u0442\u0435\u043d\u0438\u044f":"1 \u043c\u0438\u043d\u0443\u0442\u0430"},"schema":{"@context":"https:\/\/schema.org","@graph":[{"@type":"WebPage","@id":"https:\/\/continent.lv\/product\/bosch-prp6a6h40\/","url":"https:\/\/continent.lv\/product\/bosch-prp6a6h40\/","name":"Bosch PRP6A6H40 - Continent.lv","isPartOf":{"@id":"https:\/\/continent.lv\/#website"},"primaryImageOfPage":{"@id":"https:\/\/continent.lv\/product\/bosch-prp6a6h40\/#primaryimage"},"image":{"@id":"https:\/\/continent.lv\/product\/bosch-prp6a6h40\/#primaryimage"},"thumbnailUrl":"https:\/\/continent.lv\/wp-content\/uploads\/2026\/05\/21_v3ia-54.jpeg","datePublished":"2026-05-01T06:25:23+00:00","breadcrumb":{"@id":"https:\/\/continent.lv\/product\/bosch-prp6a6h40\/#breadcrumb"},"inLanguage":"ru-RU","potentialAction":[{"@type":"ReadAction","target":["https:\/\/continent.lv\/product\/bosch-prp6a6h40\/"]}]},{"@type":"ImageObject","inLanguage":"ru-RU","@id":"https:\/\/continent.lv\/product\/bosch-prp6a6h40\/#primaryimage","url":"https:\/\/continent.lv\/wp-content\/uploads\/2026\/05\/21_v3ia-54.jpeg","contentUrl":"https:\/\/continent.lv\/wp-content\/uploads\/2026\/05\/21_v3ia-54.jpeg","width":2000,"height":2000},{"@type":"BreadcrumbList","@id":"https:\/\/continent.lv\/product\/bosch-prp6a6h40\/#breadcrumb","itemListElement":[{"@type":"ListItem","position":1,"name":"Home","item":"https:\/\/continent.lv\/"},{"@type":"ListItem","position":2,"name":"Veikals","item":"https:\/\/continent.lv\/shop\/"},{"@type":"ListItem","position":3,"name":"Bosch PRP6A6H40"}]},{"@type":"WebSite","@id":"https:\/\/continent.lv\/#website","url":"https:\/\/continent.lv\/","name":"Continent.lv","description":"Sadz\u012bves pre\u010du internetveikals","publisher":{"@id":"https:\/\/continent.lv\/#organization"},"potentialAction":[{"@type":"SearchAction","target":{"@type":"EntryPoint","urlTemplate":"https:\/\/continent.lv\/?s={search_term_string}"},"query-input":{"@type":"PropertyValueSpecification","valueRequired":true,"valueName":"search_term_string"}}],"inLanguage":"ru-RU"},{"@type":"Organization","@id":"https:\/\/continent.lv\/#organization","name":"Continent.lv","url":"https:\/\/continent.lv\/","logo":{"@type":"ImageObject","inLanguage":"ru-RU","@id":"https:\/\/continent.lv\/#\/schema\/logo\/image\/","url":"https:\/\/continent.lv\/wp-content\/uploads\/2026\/05\/logo_continent_5nwv-jh.jpg","contentUrl":"https:\/\/continent.lv\/wp-content\/uploads\/2026\/05\/logo_continent_5nwv-jh.jpg","width":221,"height":50,"caption":"Continent.lv"},"image":{"@id":"https:\/\/continent.lv\/#\/schema\/logo\/image\/"}}]}},"_links":{"self":[{"href":"https:\/\/continent.lv\/ru\/wp-json\/wp\/v2\/product\/42427","targetHints":{"allow":["GET"]}}],"collection":[{"href":"https:\/\/continent.lv\/ru\/wp-json\/wp\/v2\/product"}],"about":[{"href":"https:\/\/continent.lv\/ru\/wp-json\/wp\/v2\/types\/product"}],"replies":[{"embeddable":true,"href":"https:\/\/continent.lv\/ru\/wp-json\/wp\/v2\/comments?post=42427"}],"wp:featuredmedia":[{"embeddable":true,"href":"https:\/\/continent.lv\/ru\/wp-json\/wp\/v2\/media\/42421"}],"wp:attachment":[{"href":"https:\/\/continent.lv\/ru\/wp-json\/wp\/v2\/media?parent=42427"}],"wp:term":[{"taxonomy":"product_brand","embeddable":true,"href":"https:\/\/continent.lv\/ru\/wp-json\/wp\/v2\/product_brand?post=42427"},{"taxonomy":"product_cat","embeddable":true,"href":"https:\/\/continent.lv\/ru\/wp-json\/wp\/v2\/product_cat?post=42427"},{"taxonomy":"product_tag","embeddable":true,"href":"https:\/\/continent.lv\/ru\/wp-json\/wp\/v2\/product_tag?post=42427"}],"curies":[{"name":"wp","href":"https:\/\/api.w.org\/{rel}","templated":true}]}}