{"id":42406,"date":"2026-05-01T06:24:38","date_gmt":"2026-05-01T06:24:38","guid":{"rendered":"https:\/\/continent.lv\/product\/bosch-kir81nse0-177-2cm-iebuvejams\/"},"modified":"2026-05-01T06:24:38","modified_gmt":"2026-05-01T06:24:38","slug":"bosch-kir81nse0-177-2cm-iebuvejams","status":"publish","type":"product","link":"https:\/\/continent.lv\/ru\/product\/bosch-kir81nse0-177-2cm-iebuvejams\/","title":{"rendered":"Bosch KIR81NSE0 177.2\u0441\u043c \u0412\u0441\u0442\u0440\u0430\u0438\u0432\u0430\u0435\u043c\u044b\u0439"},"content":{"rendered":"<br \/>\n<table style=\"width:100%;border-collapse:collapse;font-size:14px\">\n<tr>\n<td colspan=\"2\" style=\"padding:10px;font-weight:bold;background:#efefef\">\u041e\u0441\u043d\u043e\u0432\u043d\u0430\u044f \u0438\u043d\u0444\u043e\u0440\u043c\u0430\u0446\u0438\u044f<\/td>\n<\/tr>\n<tr style=\"background:#f7f7f7\">\n<td style=\"padding:8px;border-bottom:1px solid #e5e5e5;width:45%;font-weight:600\">\u0422\u043e\u0440\u0433\u043e\u0432\u0430\u044f \u043c\u0430\u0440\u043a\u0430<\/td>\n<td style=\"padding:8px;border-bottom:1px solid #e5e5e5\">Bosch<\/td>\n<\/tr>\n<tr style=\"background:#ffffff\">\n<td style=\"padding:8px;border-bottom:1px solid #e5e5e5;width:45%;font-weight:600\">EAN<\/td>\n<td style=\"padding:8px;border-bottom:1px solid #e5e5e5\">4242005348565<\/td>\n<\/tr>\n<tr style=\"background:#f7f7f7\">\n<td style=\"padding:8px;border-bottom:1px solid #e5e5e5;width:45%;font-weight:600\">\u0422\u0438\u043f \u0443\u0441\u0442\u0440\u043e\u0439\u0441\u0442\u0432\u0430<\/td>\n<td style=\"padding:8px;border-bottom:1px solid #e5e5e5\">\u0412\u0441\u0442\u0440\u0430\u0438\u0432\u0430\u0435\u043c\u044b\u0439<\/td>\n<\/tr>\n<tr>\n<td colspan=\"2\" style=\"padding:10px;font-weight:bold;background:#efefef\">\u042d\u043d\u0435\u0440\u0433\u043e\u043f\u043e\u0442\u0440\u0435\u0431\u043b\u0435\u043d\u0438\u0435<\/td>\n<\/tr>\n<tr style=\"background:#ffffff\">\n<td style=\"padding:8px;border-bottom:1px solid #e5e5e5;width:45%;font-weight:600\">\u041a\u043b\u0430\u0441\u0441 \u044d\u043d\u0435\u0440\u0433\u043e\u044d\u0444\u0444\u0435\u043a\u0442\u0438\u0432\u043d\u043e\u0441\u0442\u0438<\/td>\n<td style=\"padding:8px;border-bottom:1px solid #e5e5e5\">E<\/td>\n<\/tr>\n<tr>\n<td colspan=\"2\" style=\"padding:10px;font-weight:bold;background:#efefef\">\u0401\u043c\u043a\u043e\u0441\u0442\u044c<\/td>\n<\/tr>\n<tr style=\"background:#f7f7f7\">\n<td style=\"padding:8px;border-bottom:1px solid #e5e5e5;width:45%;font-weight:600\">\u041e\u0431\u044a\u0435\u043c \u043e\u0442\u0434\u0435\u043b\u0435\u043d\u0438\u044f \u0434\u043b\u044f \u0441\u0432\u0435\u0436\u0438\u0445 \u043f\u0440\u043e\u0434\u0443\u043a\u0442\u043e\u0432 \u043f\u0438\u0442\u0430\u043d\u0438\u044f<\/td>\n<td style=\"padding:8px;border-bottom:1px solid #e5e5e5\">310 l<\/td>\n<\/tr>\n<tr>\n<td colspan=\"2\" style=\"padding:10px;font-weight:bold;background:#efefef\">\u0420\u0430\u0437\u043c\u0435\u0440\u044b, \u0432\u0435\u0441<\/td>\n<\/tr>\n<tr style=\"background:#ffffff\">\n<td style=\"padding:8px;border-bottom:1px solid #e5e5e5;width:45%;font-weight:600\">\u0412\u044b\u0441\u043e\u0442\u0430<\/td>\n<td style=\"padding:8px;border-bottom:1px solid #e5e5e5\">177.2 \u0441\u043c<\/td>\n<\/tr>\n<tr style=\"background:#f7f7f7\">\n<td style=\"padding:8px;border-bottom:1px solid #e5e5e5;width:45%;font-weight:600\">\u0428\u0438\u0440\u0438\u043d\u0430<\/td>\n<td style=\"padding:8px;border-bottom:1px solid #e5e5e5\">54.1 \u0441\u043c<\/td>\n<\/tr>\n<tr style=\"background:#ffffff\">\n<td style=\"padding:8px;border-bottom:1px solid #e5e5e5;width:45%;font-weight:600\">\u0413\u043b\u0443\u0431\u0438\u043d\u0430<\/td>\n<td style=\"padding:8px;border-bottom:1px solid #e5e5e5\">54.8 \u0441\u043c<\/td>\n<\/tr>\n<tr style=\"background:#f7f7f7\">\n<td style=\"padding:8px;border-bottom:1px solid #e5e5e5;width:45%;font-weight:600\">\u0412\u0435\u0441<\/td>\n<td style=\"padding:8px;border-bottom:1px solid #e5e5e5\">50.7 \u043a\u0433<\/td>\n<\/tr>\n<tr style=\"background:#ffffff\">\n<td style=\"padding:8px;border-bottom:1px solid #e5e5e5;width:45%;font-weight:600\">\u0412\u0435\u0441 \u0441 \u0443\u043f\u0430\u043a\u043e\u0432\u043a\u043e\u0439<\/td>\n<td style=\"padding:8px;border-bottom:1px solid #e5e5e5\">55 \u043a\u0433<\/td>\n<\/tr>\n<tr>\n<td colspan=\"2\" style=\"padding:10px;font-weight:bold;background:#efefef\">\u0423\u043f\u0440\u0430\u0432\u043b\u0435\u043d\u0438\u0435<\/td>\n<\/tr>\n<tr style=\"background:#f7f7f7\">\n<td style=\"padding:8px;border-bottom:1px solid #e5e5e5;width:45%;font-weight:600\">\u0423\u043f\u0440\u0430\u0432\u043b\u0435\u043d\u0438\u0435<\/td>\n<td style=\"padding:8px;border-bottom:1px solid #e5e5e5\">\u042d\u043b\u0435\u043a\u0442\u0440\u043e\u043d\u043d\u0430\u044f<\/td>\n<\/tr>\n<tr style=\"background:#ffffff\">\n<td style=\"padding:8px;border-bottom:1px solid #e5e5e5;width:45%;font-weight:600\">\u042d\u043b\u0435\u043a\u0442\u0440\u043e\u043d\u043d\u044b\u0439 \u0434\u0438\u0441\u043f\u043b\u0435\u0439<\/td>\n<td style=\"padding:8px;border-bottom:1px solid #e5e5e5\">\u0415\u0441\u0442\u044c<\/td>\n<\/tr>\n<tr>\n<td colspan=\"2\" style=\"padding:10px;font-weight:bold;background:#efefef\">\u0414\u043e\u043f\u043e\u043b\u043d\u0438\u0442\u0435\u043b\u044c\u043d\u044b\u0435 \u043f\u0430\u0440\u0430\u043c\u0435\u0442\u0440\u044b<\/td>\n<\/tr>\n<tr style=\"background:#f7f7f7\">\n<td style=\"padding:8px;border-bottom:1px solid #e5e5e5;width:45%;font-weight:600\">\u0422\u0438\u043f \u0445\u043e\u043b\u043e\u0434\u0438\u043b\u044c\u043d\u0438\u043a\u0430<\/td>\n<td style=\"padding:8px;border-bottom:1px solid #e5e5e5\">\u0411\u0435\u0437 \u043c\u043e\u0440\u043e\u0437\u0438\u043b\u044c\u043d\u043e\u0439 \u043a\u0430\u043c\u0435\u0440\u044b<\/td>\n<\/tr>\n<tr style=\"background:#ffffff\">\n<td style=\"padding:8px;border-bottom:1px solid #e5e5e5;width:45%;font-weight:600\">\u0421\u0438\u0441\u0442\u0435\u043c\u0430 \u043a\u0440\u0435\u043f\u043b\u0435\u043d\u0438\u044f \u0444\u0430\u0441\u0430\u0434\u043e\u0432<\/td>\n<td style=\"padding:8px;border-bottom:1px solid #e5e5e5\">\u0420\u0430\u0437\u0434\u0432\u0438\u0436\u043d\u0430\u044f \u0434\u0432\u0435\u0440\u044c<\/td>\n<\/tr>\n<tr style=\"background:#f7f7f7\">\n<td style=\"padding:8px;border-bottom:1px solid #e5e5e5;width:45%;font-weight:600\">\u0413\u043e\u0434\u043e\u0432\u043e\u0435 \u043f\u043e\u0442\u0440\u0435\u0431\u043b\u0435\u043d\u0438\u0435 \u044d\u043b\u0435\u043a\u0442\u0440\u043e\u044d\u043d\u0435\u0440\u0433\u0438\u0438<\/td>\n<td style=\"padding:8px;border-bottom:1px solid #e5e5e5\">114 kWh<\/td>\n<\/tr>\n<tr style=\"background:#ffffff\">\n<td style=\"padding:8px;border-bottom:1px solid #e5e5e5;width:45%;font-weight:600\">\u041a\u043b\u0438\u043c\u0430\u0442\u0438\u0447\u0435\u0441\u043a\u0438\u0439 \u043a\u043b\u0430\u0441\u0441<\/td>\n<td style=\"padding:8px;border-bottom:1px solid #e5e5e5\">N-ST<\/td>\n<\/tr>\n<tr style=\"background:#f7f7f7\">\n<td style=\"padding:8px;border-bottom:1px solid #e5e5e5;width:45%;font-weight:600\">\u041a\u043e\u043b\u0438\u0447\u0435\u0441\u0442\u0432\u043e \u0434\u0432\u0435\u0440\u0435\u0439<\/td>\n<td style=\"padding:8px;border-bottom:1px solid #e5e5e5\">1<\/td>\n<\/tr>\n<tr style=\"background:#ffffff\">\n<td style=\"padding:8px;border-bottom:1px solid #e5e5e5;width:45%;font-weight:600\">\u041a\u043b\u0430\u0441\u0441 \u0430\u043a\u0443\u0441\u0442\u0438\u0447\u0435\u0441\u043a\u043e\u0439 \u0448\u0443\u043c\u043e\u0432\u043e\u0439 \u044d\u043c\u0438\u0441\u0441\u0438\u0438<\/td>\n<td style=\"padding:8px;border-bottom:1px solid #e5e5e5\">B<\/td>\n<\/tr>\n<tr style=\"background:#f7f7f7\">\n<td style=\"padding:8px;border-bottom:1px solid #e5e5e5;width:45%;font-weight:600\">\u0423\u0440\u043e\u0432\u0435\u043d\u044c \u0448\u0443\u043c\u0430<\/td>\n<td style=\"padding:8px;border-bottom:1px solid #e5e5e5\">35 \u0434\u0411<\/td>\n<\/tr>\n<tr style=\"background:#ffffff\">\n<td style=\"padding:8px;border-bottom:1px solid #e5e5e5;width:45%;font-weight:600\">\u0414\u0432\u0443\u0441\u0442\u043e\u0440\u043e\u043d\u043d\u044f\u044f \u0443\u0441\u0442\u0430\u043d\u043e\u0432\u043a\u0430 \u0434\u0432\u0435\u0440\u0435\u0439<\/td>\n<td style=\"padding:8px;border-bottom:1px solid #e5e5e5\">\u0415\u0441\u0442\u044c<\/td>\n<\/tr>\n<tr style=\"background:#f7f7f7\">\n<td style=\"padding:8px;border-bottom:1px solid #e5e5e5;width:45%;font-weight:600\">\u0422\u0438\u043f \u043f\u043e\u043b\u043e\u043a<\/td>\n<td style=\"padding:8px;border-bottom:1px solid #e5e5e5\">\u0417\u0430\u043a\u0430\u043b\u0451\u043d\u043d\u043e\u0435 \u0441\u0442\u0435\u043a\u043b\u043e<\/td>\n<\/tr>\n<tr style=\"background:#ffffff\">\n<td style=\"padding:8px;border-bottom:1px solid #e5e5e5;width:45%;font-weight:600\">\u0421\u0438\u0433\u043d\u0430\u043b\u0438\u0437\u0430\u0446\u0438\u044f \u043e\u0442\u043a\u0440\u044b\u0442\u044b\u0445 \u0434\u0432\u0435\u0440\u0435\u0439<\/td>\n<td style=\"padding:8px;border-bottom:1px solid #e5e5e5\">\u0415\u0441\u0442\u044c<\/td>\n<\/tr>\n<tr style=\"background:#f7f7f7\">\n<td style=\"padding:8px;border-bottom:1px solid #e5e5e5;width:45%;font-weight:600\">\u0411\u044b\u0441\u0442\u0440\u043e\u0435 \u043e\u0445\u043b\u0430\u0436\u0434\u0435\u043d\u0438\u0435<\/td>\n<td style=\"padding:8px;border-bottom:1px solid #e5e5e5\">\u0415\u0441\u0442\u044c<\/td>\n<\/tr>\n<\/table>","protected":false},"excerpt":{"rendered":"<p>Pamatinform\u0101cija Pre\u010du z\u012bme Bosch EAN 4242005348565 Iek\u0101rtas tips Ieb\u016bv\u0113jams Ener\u0123ijas pat\u0113ri\u0146\u0161 Energoefektivit\u0101tes klase E Ietilp\u012bba Svaigo p\u0101rtikas produktu nodal\u012bjuma tilpums 310 l Izm\u0113ri, svars Augstums 177.2 cm Platums 54.1 cm Dzi\u013cums 54.8 cm Svars 50.7 kg Svars ar iepakojumu 55 kg Vad\u012bba Vad\u012bba Elektroniska Elektroniskais displejs Ir Papildus parametri Ledusskapja veids Bez sald\u0113tavas Fas\u0101des nostiprin\u0101\u0161anas [&hellip;]<\/p>\n","protected":false},"featured_media":42400,"comment_status":"open","ping_status":"closed","template":"","meta":{"_joinchat":[]},"product_brand":[281],"product_cat":[296],"product_tag":[],"class_list":{"0":"post-42406","1":"product","2":"type-product","3":"status-publish","4":"has-post-thumbnail","6":"product_brand-bosch","7":"product_cat-iebuvejama-sadzives-tehnika-iebuvejamie-ledusskapji","9":"first","10":"instock","11":"shipping-taxable","12":"purchasable","13":"product-type-simple"},"yoast_head":"<!-- This site is optimized with the Yoast SEO plugin v27.5 - https:\/\/yoast.com\/product\/yoast-seo-wordpress\/ -->\n<title>Bosch KIR81NSE0 177.2cm Ieb\u016bv\u0113jams! - Continent.lv<\/title>\n<meta name=\"robots\" content=\"index, follow, max-snippet:-1, max-image-preview:large, max-video-preview:-1\" \/>\n<link rel=\"canonical\" href=\"https:\/\/continent.lv\/ru\/product\/bosch-kir81nse0-177-2cm-iebuvejams\/\" \/>\n<meta property=\"og:locale\" content=\"ru_RU\" \/>\n<meta property=\"og:type\" content=\"article\" \/>\n<meta property=\"og:title\" content=\"Bosch KIR81NSE0 177.2cm Ieb\u016bv\u0113jams! - Continent.lv\" \/>\n<meta property=\"og:description\" content=\"Pamatinform\u0101cija Pre\u010du z\u012bme Bosch EAN 4242005348565 Iek\u0101rtas tips Ieb\u016bv\u0113jams Ener\u0123ijas pat\u0113ri\u0146\u0161 Energoefektivit\u0101tes klase E Ietilp\u012bba Svaigo p\u0101rtikas produktu nodal\u012bjuma tilpums 310 l Izm\u0113ri, svars Augstums 177.2 cm Platums 54.1 cm Dzi\u013cums 54.8 cm Svars 50.7 kg Svars ar iepakojumu 55 kg Vad\u012bba Vad\u012bba Elektroniska Elektroniskais displejs Ir Papildus parametri Ledusskapja veids Bez sald\u0113tavas Fas\u0101des nostiprin\u0101\u0161anas [&hellip;]\" \/>\n<meta property=\"og:url\" content=\"https:\/\/continent.lv\/ru\/product\/bosch-kir81nse0-177-2cm-iebuvejams\/\" \/>\n<meta property=\"og:site_name\" content=\"Continent.lv\" \/>\n<meta property=\"og:image\" content=\"https:\/\/continent.lv\/wp-content\/uploads\/2026\/05\/Bosch_KIR81NSE0.jpeg\" \/>\n\t<meta property=\"og:image:width\" content=\"449\" \/>\n\t<meta property=\"og:image:height\" content=\"1024\" \/>\n\t<meta property=\"og:image:type\" content=\"image\/jpeg\" \/>\n<meta name=\"twitter:card\" content=\"summary_large_image\" \/>\n<meta name=\"twitter:label1\" content=\"\u041f\u0440\u0438\u043c\u0435\u0440\u043d\u043e\u0435 \u0432\u0440\u0435\u043c\u044f \u0434\u043b\u044f \u0447\u0442\u0435\u043d\u0438\u044f\" \/>\n\t<meta name=\"twitter:data1\" content=\"1 \u043c\u0438\u043d\u0443\u0442\u0430\" \/>\n<script type=\"application\/ld+json\" class=\"yoast-schema-graph\">{\"@context\":\"https:\\\/\\\/schema.org\",\"@graph\":[{\"@type\":\"WebPage\",\"@id\":\"https:\\\/\\\/continent.lv\\\/product\\\/bosch-kir81nse0-177-2cm-iebuvejams\\\/\",\"url\":\"https:\\\/\\\/continent.lv\\\/product\\\/bosch-kir81nse0-177-2cm-iebuvejams\\\/\",\"name\":\"Bosch KIR81NSE0 177.2cm Ieb\u016bv\u0113jams! - Continent.lv\",\"isPartOf\":{\"@id\":\"https:\\\/\\\/continent.lv\\\/#website\"},\"primaryImageOfPage\":{\"@id\":\"https:\\\/\\\/continent.lv\\\/product\\\/bosch-kir81nse0-177-2cm-iebuvejams\\\/#primaryimage\"},\"image\":{\"@id\":\"https:\\\/\\\/continent.lv\\\/product\\\/bosch-kir81nse0-177-2cm-iebuvejams\\\/#primaryimage\"},\"thumbnailUrl\":\"https:\\\/\\\/continent.lv\\\/wp-content\\\/uploads\\\/2026\\\/05\\\/Bosch_KIR81NSE0.jpeg\",\"datePublished\":\"2026-05-01T06:24:38+00:00\",\"breadcrumb\":{\"@id\":\"https:\\\/\\\/continent.lv\\\/product\\\/bosch-kir81nse0-177-2cm-iebuvejams\\\/#breadcrumb\"},\"inLanguage\":\"ru-RU\",\"potentialAction\":[{\"@type\":\"ReadAction\",\"target\":[\"https:\\\/\\\/continent.lv\\\/product\\\/bosch-kir81nse0-177-2cm-iebuvejams\\\/\"]}]},{\"@type\":\"ImageObject\",\"inLanguage\":\"ru-RU\",\"@id\":\"https:\\\/\\\/continent.lv\\\/product\\\/bosch-kir81nse0-177-2cm-iebuvejams\\\/#primaryimage\",\"url\":\"https:\\\/\\\/continent.lv\\\/wp-content\\\/uploads\\\/2026\\\/05\\\/Bosch_KIR81NSE0.jpeg\",\"contentUrl\":\"https:\\\/\\\/continent.lv\\\/wp-content\\\/uploads\\\/2026\\\/05\\\/Bosch_KIR81NSE0.jpeg\",\"width\":449,\"height\":1024},{\"@type\":\"BreadcrumbList\",\"@id\":\"https:\\\/\\\/continent.lv\\\/product\\\/bosch-kir81nse0-177-2cm-iebuvejams\\\/#breadcrumb\",\"itemListElement\":[{\"@type\":\"ListItem\",\"position\":1,\"name\":\"Home\",\"item\":\"https:\\\/\\\/continent.lv\\\/\"},{\"@type\":\"ListItem\",\"position\":2,\"name\":\"Veikals\",\"item\":\"https:\\\/\\\/continent.lv\\\/shop\\\/\"},{\"@type\":\"ListItem\",\"position\":3,\"name\":\"Bosch KIR81NSE0 177.2cm Ieb\u016bv\u0113jams!\"}]},{\"@type\":\"WebSite\",\"@id\":\"https:\\\/\\\/continent.lv\\\/#website\",\"url\":\"https:\\\/\\\/continent.lv\\\/\",\"name\":\"Continent.lv\",\"description\":\"Sadz\u012bves pre\u010du internetveikals\",\"publisher\":{\"@id\":\"https:\\\/\\\/continent.lv\\\/#organization\"},\"potentialAction\":[{\"@type\":\"SearchAction\",\"target\":{\"@type\":\"EntryPoint\",\"urlTemplate\":\"https:\\\/\\\/continent.lv\\\/?s={search_term_string}\"},\"query-input\":{\"@type\":\"PropertyValueSpecification\",\"valueRequired\":true,\"valueName\":\"search_term_string\"}}],\"inLanguage\":\"ru-RU\"},{\"@type\":\"Organization\",\"@id\":\"https:\\\/\\\/continent.lv\\\/#organization\",\"name\":\"Continent.lv\",\"url\":\"https:\\\/\\\/continent.lv\\\/\",\"logo\":{\"@type\":\"ImageObject\",\"inLanguage\":\"ru-RU\",\"@id\":\"https:\\\/\\\/continent.lv\\\/#\\\/schema\\\/logo\\\/image\\\/\",\"url\":\"https:\\\/\\\/continent.lv\\\/wp-content\\\/uploads\\\/2026\\\/05\\\/logo_continent_5nwv-jh.jpg\",\"contentUrl\":\"https:\\\/\\\/continent.lv\\\/wp-content\\\/uploads\\\/2026\\\/05\\\/logo_continent_5nwv-jh.jpg\",\"width\":221,\"height\":50,\"caption\":\"Continent.lv\"},\"image\":{\"@id\":\"https:\\\/\\\/continent.lv\\\/#\\\/schema\\\/logo\\\/image\\\/\"}}]}<\/script>\n<!-- \/ Yoast SEO plugin. -->","yoast_head_json":{"title":"Bosch KIR81NSE0 177.2cm Ieb\u016bv\u0113jams! - Continent.lv","robots":{"index":"index","follow":"follow","max-snippet":"max-snippet:-1","max-image-preview":"max-image-preview:large","max-video-preview":"max-video-preview:-1"},"canonical":"https:\/\/continent.lv\/ru\/product\/bosch-kir81nse0-177-2cm-iebuvejams\/","og_locale":"ru_RU","og_type":"article","og_title":"Bosch KIR81NSE0 177.2cm Ieb\u016bv\u0113jams! - Continent.lv","og_description":"Pamatinform\u0101cija Pre\u010du z\u012bme Bosch EAN 4242005348565 Iek\u0101rtas tips Ieb\u016bv\u0113jams Ener\u0123ijas pat\u0113ri\u0146\u0161 Energoefektivit\u0101tes klase E Ietilp\u012bba Svaigo p\u0101rtikas produktu nodal\u012bjuma tilpums 310 l Izm\u0113ri, svars Augstums 177.2 cm Platums 54.1 cm Dzi\u013cums 54.8 cm Svars 50.7 kg Svars ar iepakojumu 55 kg Vad\u012bba Vad\u012bba Elektroniska Elektroniskais displejs Ir Papildus parametri Ledusskapja veids Bez sald\u0113tavas Fas\u0101des nostiprin\u0101\u0161anas [&hellip;]","og_url":"https:\/\/continent.lv\/ru\/product\/bosch-kir81nse0-177-2cm-iebuvejams\/","og_site_name":"Continent.lv","og_image":[{"width":449,"height":1024,"url":"https:\/\/continent.lv\/wp-content\/uploads\/2026\/05\/Bosch_KIR81NSE0.jpeg","type":"image\/jpeg"}],"twitter_card":"summary_large_image","twitter_misc":{"\u041f\u0440\u0438\u043c\u0435\u0440\u043d\u043e\u0435 \u0432\u0440\u0435\u043c\u044f \u0434\u043b\u044f \u0447\u0442\u0435\u043d\u0438\u044f":"1 \u043c\u0438\u043d\u0443\u0442\u0430"},"schema":{"@context":"https:\/\/schema.org","@graph":[{"@type":"WebPage","@id":"https:\/\/continent.lv\/product\/bosch-kir81nse0-177-2cm-iebuvejams\/","url":"https:\/\/continent.lv\/product\/bosch-kir81nse0-177-2cm-iebuvejams\/","name":"Bosch KIR81NSE0 177.2cm Ieb\u016bv\u0113jams! - Continent.lv","isPartOf":{"@id":"https:\/\/continent.lv\/#website"},"primaryImageOfPage":{"@id":"https:\/\/continent.lv\/product\/bosch-kir81nse0-177-2cm-iebuvejams\/#primaryimage"},"image":{"@id":"https:\/\/continent.lv\/product\/bosch-kir81nse0-177-2cm-iebuvejams\/#primaryimage"},"thumbnailUrl":"https:\/\/continent.lv\/wp-content\/uploads\/2026\/05\/Bosch_KIR81NSE0.jpeg","datePublished":"2026-05-01T06:24:38+00:00","breadcrumb":{"@id":"https:\/\/continent.lv\/product\/bosch-kir81nse0-177-2cm-iebuvejams\/#breadcrumb"},"inLanguage":"ru-RU","potentialAction":[{"@type":"ReadAction","target":["https:\/\/continent.lv\/product\/bosch-kir81nse0-177-2cm-iebuvejams\/"]}]},{"@type":"ImageObject","inLanguage":"ru-RU","@id":"https:\/\/continent.lv\/product\/bosch-kir81nse0-177-2cm-iebuvejams\/#primaryimage","url":"https:\/\/continent.lv\/wp-content\/uploads\/2026\/05\/Bosch_KIR81NSE0.jpeg","contentUrl":"https:\/\/continent.lv\/wp-content\/uploads\/2026\/05\/Bosch_KIR81NSE0.jpeg","width":449,"height":1024},{"@type":"BreadcrumbList","@id":"https:\/\/continent.lv\/product\/bosch-kir81nse0-177-2cm-iebuvejams\/#breadcrumb","itemListElement":[{"@type":"ListItem","position":1,"name":"Home","item":"https:\/\/continent.lv\/"},{"@type":"ListItem","position":2,"name":"Veikals","item":"https:\/\/continent.lv\/shop\/"},{"@type":"ListItem","position":3,"name":"Bosch KIR81NSE0 177.2cm Ieb\u016bv\u0113jams!"}]},{"@type":"WebSite","@id":"https:\/\/continent.lv\/#website","url":"https:\/\/continent.lv\/","name":"Continent.lv","description":"Sadz\u012bves pre\u010du internetveikals","publisher":{"@id":"https:\/\/continent.lv\/#organization"},"potentialAction":[{"@type":"SearchAction","target":{"@type":"EntryPoint","urlTemplate":"https:\/\/continent.lv\/?s={search_term_string}"},"query-input":{"@type":"PropertyValueSpecification","valueRequired":true,"valueName":"search_term_string"}}],"inLanguage":"ru-RU"},{"@type":"Organization","@id":"https:\/\/continent.lv\/#organization","name":"Continent.lv","url":"https:\/\/continent.lv\/","logo":{"@type":"ImageObject","inLanguage":"ru-RU","@id":"https:\/\/continent.lv\/#\/schema\/logo\/image\/","url":"https:\/\/continent.lv\/wp-content\/uploads\/2026\/05\/logo_continent_5nwv-jh.jpg","contentUrl":"https:\/\/continent.lv\/wp-content\/uploads\/2026\/05\/logo_continent_5nwv-jh.jpg","width":221,"height":50,"caption":"Continent.lv"},"image":{"@id":"https:\/\/continent.lv\/#\/schema\/logo\/image\/"}}]}},"_links":{"self":[{"href":"https:\/\/continent.lv\/ru\/wp-json\/wp\/v2\/product\/42406","targetHints":{"allow":["GET"]}}],"collection":[{"href":"https:\/\/continent.lv\/ru\/wp-json\/wp\/v2\/product"}],"about":[{"href":"https:\/\/continent.lv\/ru\/wp-json\/wp\/v2\/types\/product"}],"replies":[{"embeddable":true,"href":"https:\/\/continent.lv\/ru\/wp-json\/wp\/v2\/comments?post=42406"}],"wp:featuredmedia":[{"embeddable":true,"href":"https:\/\/continent.lv\/ru\/wp-json\/wp\/v2\/media\/42400"}],"wp:attachment":[{"href":"https:\/\/continent.lv\/ru\/wp-json\/wp\/v2\/media?parent=42406"}],"wp:term":[{"taxonomy":"product_brand","embeddable":true,"href":"https:\/\/continent.lv\/ru\/wp-json\/wp\/v2\/product_brand?post=42406"},{"taxonomy":"product_cat","embeddable":true,"href":"https:\/\/continent.lv\/ru\/wp-json\/wp\/v2\/product_cat?post=42406"},{"taxonomy":"product_tag","embeddable":true,"href":"https:\/\/continent.lv\/ru\/wp-json\/wp\/v2\/product_tag?post=42406"}],"curies":[{"name":"wp","href":"https:\/\/api.w.org\/{rel}","templated":true}]}}