{"id":42399,"date":"2026-05-01T06:24:28","date_gmt":"2026-05-01T06:24:28","guid":{"rendered":"https:\/\/continent.lv\/product\/bosch-kir51afe0-139-7cm-iebuvejams\/"},"modified":"2026-05-01T06:24:28","modified_gmt":"2026-05-01T06:24:28","slug":"bosch-kir51afe0-139-7cm-iebuvejams","status":"publish","type":"product","link":"https:\/\/continent.lv\/ru\/product\/bosch-kir51afe0-139-7cm-iebuvejams\/","title":{"rendered":"Bosch KIR51AFE0 139.7 \u0441\u043c \u0412\u0441\u0442\u0440\u0430\u0438\u0432\u0430\u0435\u043c\u044b\u0439!"},"content":{"rendered":"<\/p>\n<p class=\"translation-block\"><p><\/p><p>\u0411\u0440\u0435\u043d\u0434 Bosch<br>\u0422\u0438\u043f \u0443\u0441\u0442\u0440\u043e\u0439\u0441\u0442\u0432\u0430 \u0412\u0441\u0442\u0440\u0430\u0438\u0432\u0430\u0435\u043c\u044b\u0439<br>\u0422\u0438\u043f \u0445\u043e\u043b\u043e\u0434\u0438\u043b\u044c\u043d\u0438\u043a\u0430 \u0411\u0435\u0437 \u043c\u043e\u0440\u043e\u0437\u0438\u043b\u044c\u043d\u043e\u0439 \u043a\u0430\u043c\u0435\u0440\u044b<br>\u0421\u0438\u0441\u0442\u0435\u043c\u0430 \u043a\u0440\u0435\u043f\u043b\u0435\u043d\u0438\u044f \u0444\u0430\u0441\u0430\u0434\u0430 \u0421\u043a\u043e\u043b\u044c\u0437\u044f\u0449\u0430\u044f \u0434\u0432\u0435\u0440\u044c<br>EAN 4242005431526<br>\u041d\u043e\u0432\u0430\u044f \u044d\u043d\u0435\u0440\u0433\u0435\u0442\u0438\u0447\u0435\u0441\u043a\u0430\u044f \u043c\u0430\u0440\u043a\u0438\u0440\u043e\u0432\u043a\u0430 \u0441 2021 \u0433\u043e\u0434\u0430<br>\u041a\u043b\u0430\u0441\u0441 \u044d\u043d\u0435\u0440\u0433\u043e\u043f\u043e\u0442\u0440\u0435\u0431\u043b\u0435\u043d\u0438\u044f E<br>\u0413\u043e\u0434\u043e\u0432\u043e\u0435 \u043f\u043e\u0442\u0440\u0435\u0431\u043b\u0435\u043d\u0438\u0435 \u044d\u043b\u0435\u043a\u0442\u0440\u043e\u044d\u043d\u0435\u0440\u0433\u0438\u0438 106 \u043a\u0412\u0442\u00b7\u0447<br>\u0401\u043c\u043a\u043e\u0441\u0442\u044c<br>\u041e\u0431\u044a\u0435\u043c \u043e\u0442\u0434\u0435\u043b\u0435\u043d\u0438\u044f \u0434\u043b\u044f \u0441\u0432\u0435\u0436\u0438\u0445 \u043f\u0440\u043e\u0434\u0443\u043a\u0442\u043e\u0432 247 \u043b<br>\u0423\u0440\u043e\u0432\u0435\u043d\u044c \u0448\u0443\u043c\u0430<br>\u0423\u0440\u043e\u0432\u0435\u043d\u044c \u0448\u0443\u043c\u0430 33 \u0434\u0411<br>\u041a\u043b\u0430\u0441\u0441 \u0430\u043a\u0443\u0441\u0442\u0438\u0447\u0435\u0441\u043a\u0438\u0445 \u0448\u0443\u043c\u043e\u0432\u044b\u0445 \u0432\u044b\u0431\u0440\u043e\u0441\u043e\u0432 B<br>\u0420\u0430\u0437\u043c\u0435\u0440\u044b, \u0432\u0435\u0441<br>\u0412\u044b\u0441\u043e\u0442\u0430 139.7 \u0441\u043c<br>\u0428\u0438\u0440\u0438\u043d\u0430 55.8 \u0441\u043c<br>\u0413\u043b\u0443\u0431\u0438\u043d\u0430 54.5 \u0441\u043c<br>\u0412\u0435\u0441 50.2 \u043a\u0433<br>\u0412\u0435\u0441 \u0441 \u0443\u043f\u0430\u043a\u043e\u0432\u043a\u043e\u0439 52 \u043a\u0433<br>\u0423\u043f\u0440\u0430\u0432\u043b\u0435\u043d\u0438\u0435<br>\u042d\u043b\u0435\u043a\u0442\u0440\u043e\u043d\u043d\u044b\u0439 \u0434\u0438\u0441\u043f\u043b\u0435\u0439 \u0415\u0441\u0442\u044c<br>\u0423\u043f\u0440\u0430\u0432\u043b\u0435\u043d\u0438\u0435 \u042d\u043b\u0435\u043a\u0442\u0440\u043e\u043d\u043d\u043e\u0435<br>\u0424\u0443\u043d\u043a\u0446\u0438\u0438<br>\u0421\u0438\u0433\u043d\u0430\u043b\u0438\u0437\u0430\u0446\u0438\u044f \u043e\u0442\u043a\u0440\u044b\u0442\u044b\u0445 \u0434\u0432\u0435\u0440\u0435\u0439 \u0415\u0441\u0442\u044c<br>\u0411\u044b\u0441\u0442\u0440\u043e\u0435 \u043e\u0445\u043b\u0430\u0436\u0434\u0435\u043d\u0438\u0435 \u0415\u0441\u0442\u044c<br>\u041f\u0440\u043e\u0447\u0438\u0435 \u043f\u0430\u0440\u0430\u043c\u0435\u0442\u0440\u044b<br>\u0412\u043e\u0437\u043c\u043e\u0436\u043d\u043e\u0441\u0442\u044c \u0434\u0432\u0443\u0441\u0442\u043e\u0440\u043e\u043d\u043d\u0435\u0433\u043e \u043c\u043e\u043d\u0442\u0430\u0436\u0430 \u0434\u0432\u0435\u0440\u0435\u0439 \u0415\u0441\u0442\u044c<br>\u041a\u043b\u0438\u043c\u0430\u0442\u0438\u0447\u0435\u0441\u043a\u0438\u0439 \u043a\u043b\u0430\u0441\u0441 SN-ST<br>\u0422\u0438\u043f \u043f\u043e\u043b\u043e\u043a \u0417\u0430\u043a\u0430\u043b\u0451\u043d\u043d\u043e\u0435 \u0441\u0442\u0435\u043a\u043b\u043e<br>\u041a\u043e\u043b\u0438\u0447\u0435\u0441\u0442\u0432\u043e \u0434\u0432\u0435\u0440\u0435\u0439 1<\/p><\/p>","protected":false},"excerpt":{"rendered":"<p>Pre\u010du z\u012bme BoschIek\u0101rtas tips Ieb\u016bv\u0113jamsLedusskapja veids Bez sald\u0113tavasFas\u0101des nostiprin\u0101\u0161anas sist\u0113ma Sliding doorEAN 4242005431526Jaunais energomar\u0137\u0113jums no 2021.gadaEnergoefektivit\u0101tes klase EElektroener\u0123ijas pat\u0113ri\u0146\u0161 gad\u0101 106 kWhIetilp\u012bbaSvaigo p\u0101rtikas produktu nodal\u012bjuma tilpums 247 lTrok\u0161\u0146a l\u012bmenisTrok\u0161\u0146a l\u012bmenis 33 dBAkustisk\u0101 trok\u0161\u0146a emisijas klase BIzm\u0113ri, svarsAugstums 139.7 cmPlatums 55.8 cmDzi\u013cums 54.5 cmSvars 50.2 kgSvars ar iepakojumu 52 kgVad\u012bbaElektroniskais displejs IrVad\u012bba ElektroniskaFunkcijasAtv\u0113rto durvju signaliz\u0101cija Ir\u0100tr\u0101 [&hellip;]<\/p>\n","protected":false},"featured_media":42394,"comment_status":"open","ping_status":"closed","template":"","meta":{"_joinchat":[]},"product_brand":[281],"product_cat":[296],"product_tag":[],"class_list":{"0":"post-42399","1":"product","2":"type-product","3":"status-publish","4":"has-post-thumbnail","6":"product_brand-bosch","7":"product_cat-iebuvejama-sadzives-tehnika-iebuvejamie-ledusskapji","9":"first","10":"instock","11":"shipping-taxable","12":"purchasable","13":"product-type-simple"},"yoast_head":"<!-- This site is optimized with the Yoast SEO plugin v27.5 - https:\/\/yoast.com\/product\/yoast-seo-wordpress\/ -->\n<title>Bosch KIR51AFE0 139.7cm Ieb\u016bv\u0113jams! - Continent.lv<\/title>\n<meta name=\"robots\" content=\"index, follow, max-snippet:-1, max-image-preview:large, max-video-preview:-1\" \/>\n<link rel=\"canonical\" href=\"https:\/\/continent.lv\/ru\/product\/bosch-kir51afe0-139-7cm-iebuvejams\/\" \/>\n<meta property=\"og:locale\" content=\"ru_RU\" \/>\n<meta property=\"og:type\" content=\"article\" \/>\n<meta property=\"og:title\" content=\"Bosch KIR51AFE0 139.7cm Ieb\u016bv\u0113jams! - Continent.lv\" \/>\n<meta property=\"og:description\" content=\"Pre\u010du z\u012bme BoschIek\u0101rtas tips Ieb\u016bv\u0113jamsLedusskapja veids Bez sald\u0113tavasFas\u0101des nostiprin\u0101\u0161anas sist\u0113ma Sliding doorEAN 4242005431526Jaunais energomar\u0137\u0113jums no 2021.gadaEnergoefektivit\u0101tes klase EElektroener\u0123ijas pat\u0113ri\u0146\u0161 gad\u0101 106 kWhIetilp\u012bbaSvaigo p\u0101rtikas produktu nodal\u012bjuma tilpums 247 lTrok\u0161\u0146a l\u012bmenisTrok\u0161\u0146a l\u012bmenis 33 dBAkustisk\u0101 trok\u0161\u0146a emisijas klase BIzm\u0113ri, svarsAugstums 139.7 cmPlatums 55.8 cmDzi\u013cums 54.5 cmSvars 50.2 kgSvars ar iepakojumu 52 kgVad\u012bbaElektroniskais displejs IrVad\u012bba ElektroniskaFunkcijasAtv\u0113rto durvju signaliz\u0101cija Ir\u0100tr\u0101 [&hellip;]\" \/>\n<meta property=\"og:url\" content=\"https:\/\/continent.lv\/ru\/product\/bosch-kir51afe0-139-7cm-iebuvejams\/\" \/>\n<meta property=\"og:site_name\" content=\"Continent.lv\" \/>\n<meta property=\"og:image\" content=\"https:\/\/continent.lv\/wp-content\/uploads\/2026\/05\/Bosch_KIR51AFE0.jpeg\" \/>\n\t<meta property=\"og:image:width\" content=\"567\" \/>\n\t<meta property=\"og:image:height\" content=\"1024\" \/>\n\t<meta property=\"og:image:type\" content=\"image\/jpeg\" \/>\n<meta name=\"twitter:card\" content=\"summary_large_image\" \/>\n<script type=\"application\/ld+json\" class=\"yoast-schema-graph\">{\"@context\":\"https:\\\/\\\/schema.org\",\"@graph\":[{\"@type\":\"WebPage\",\"@id\":\"https:\\\/\\\/continent.lv\\\/product\\\/bosch-kir51afe0-139-7cm-iebuvejams\\\/\",\"url\":\"https:\\\/\\\/continent.lv\\\/product\\\/bosch-kir51afe0-139-7cm-iebuvejams\\\/\",\"name\":\"Bosch KIR51AFE0 139.7cm Ieb\u016bv\u0113jams! - Continent.lv\",\"isPartOf\":{\"@id\":\"https:\\\/\\\/continent.lv\\\/#website\"},\"primaryImageOfPage\":{\"@id\":\"https:\\\/\\\/continent.lv\\\/product\\\/bosch-kir51afe0-139-7cm-iebuvejams\\\/#primaryimage\"},\"image\":{\"@id\":\"https:\\\/\\\/continent.lv\\\/product\\\/bosch-kir51afe0-139-7cm-iebuvejams\\\/#primaryimage\"},\"thumbnailUrl\":\"https:\\\/\\\/continent.lv\\\/wp-content\\\/uploads\\\/2026\\\/05\\\/Bosch_KIR51AFE0.jpeg\",\"datePublished\":\"2026-05-01T06:24:28+00:00\",\"breadcrumb\":{\"@id\":\"https:\\\/\\\/continent.lv\\\/product\\\/bosch-kir51afe0-139-7cm-iebuvejams\\\/#breadcrumb\"},\"inLanguage\":\"ru-RU\",\"potentialAction\":[{\"@type\":\"ReadAction\",\"target\":[\"https:\\\/\\\/continent.lv\\\/product\\\/bosch-kir51afe0-139-7cm-iebuvejams\\\/\"]}]},{\"@type\":\"ImageObject\",\"inLanguage\":\"ru-RU\",\"@id\":\"https:\\\/\\\/continent.lv\\\/product\\\/bosch-kir51afe0-139-7cm-iebuvejams\\\/#primaryimage\",\"url\":\"https:\\\/\\\/continent.lv\\\/wp-content\\\/uploads\\\/2026\\\/05\\\/Bosch_KIR51AFE0.jpeg\",\"contentUrl\":\"https:\\\/\\\/continent.lv\\\/wp-content\\\/uploads\\\/2026\\\/05\\\/Bosch_KIR51AFE0.jpeg\",\"width\":567,\"height\":1024},{\"@type\":\"BreadcrumbList\",\"@id\":\"https:\\\/\\\/continent.lv\\\/product\\\/bosch-kir51afe0-139-7cm-iebuvejams\\\/#breadcrumb\",\"itemListElement\":[{\"@type\":\"ListItem\",\"position\":1,\"name\":\"Home\",\"item\":\"https:\\\/\\\/continent.lv\\\/\"},{\"@type\":\"ListItem\",\"position\":2,\"name\":\"Veikals\",\"item\":\"https:\\\/\\\/continent.lv\\\/shop\\\/\"},{\"@type\":\"ListItem\",\"position\":3,\"name\":\"Bosch KIR51AFE0 139.7cm Ieb\u016bv\u0113jams!\"}]},{\"@type\":\"WebSite\",\"@id\":\"https:\\\/\\\/continent.lv\\\/#website\",\"url\":\"https:\\\/\\\/continent.lv\\\/\",\"name\":\"Continent.lv\",\"description\":\"Sadz\u012bves pre\u010du internetveikals\",\"publisher\":{\"@id\":\"https:\\\/\\\/continent.lv\\\/#organization\"},\"potentialAction\":[{\"@type\":\"SearchAction\",\"target\":{\"@type\":\"EntryPoint\",\"urlTemplate\":\"https:\\\/\\\/continent.lv\\\/?s={search_term_string}\"},\"query-input\":{\"@type\":\"PropertyValueSpecification\",\"valueRequired\":true,\"valueName\":\"search_term_string\"}}],\"inLanguage\":\"ru-RU\"},{\"@type\":\"Organization\",\"@id\":\"https:\\\/\\\/continent.lv\\\/#organization\",\"name\":\"Continent.lv\",\"url\":\"https:\\\/\\\/continent.lv\\\/\",\"logo\":{\"@type\":\"ImageObject\",\"inLanguage\":\"ru-RU\",\"@id\":\"https:\\\/\\\/continent.lv\\\/#\\\/schema\\\/logo\\\/image\\\/\",\"url\":\"https:\\\/\\\/continent.lv\\\/wp-content\\\/uploads\\\/2026\\\/05\\\/logo_continent_5nwv-jh.jpg\",\"contentUrl\":\"https:\\\/\\\/continent.lv\\\/wp-content\\\/uploads\\\/2026\\\/05\\\/logo_continent_5nwv-jh.jpg\",\"width\":221,\"height\":50,\"caption\":\"Continent.lv\"},\"image\":{\"@id\":\"https:\\\/\\\/continent.lv\\\/#\\\/schema\\\/logo\\\/image\\\/\"}}]}<\/script>\n<!-- \/ Yoast SEO plugin. -->","yoast_head_json":{"title":"Bosch KIR51AFE0 139.7cm Ieb\u016bv\u0113jams! - Continent.lv","robots":{"index":"index","follow":"follow","max-snippet":"max-snippet:-1","max-image-preview":"max-image-preview:large","max-video-preview":"max-video-preview:-1"},"canonical":"https:\/\/continent.lv\/ru\/product\/bosch-kir51afe0-139-7cm-iebuvejams\/","og_locale":"ru_RU","og_type":"article","og_title":"Bosch KIR51AFE0 139.7cm Ieb\u016bv\u0113jams! - Continent.lv","og_description":"Pre\u010du z\u012bme BoschIek\u0101rtas tips Ieb\u016bv\u0113jamsLedusskapja veids Bez sald\u0113tavasFas\u0101des nostiprin\u0101\u0161anas sist\u0113ma Sliding doorEAN 4242005431526Jaunais energomar\u0137\u0113jums no 2021.gadaEnergoefektivit\u0101tes klase EElektroener\u0123ijas pat\u0113ri\u0146\u0161 gad\u0101 106 kWhIetilp\u012bbaSvaigo p\u0101rtikas produktu nodal\u012bjuma tilpums 247 lTrok\u0161\u0146a l\u012bmenisTrok\u0161\u0146a l\u012bmenis 33 dBAkustisk\u0101 trok\u0161\u0146a emisijas klase BIzm\u0113ri, svarsAugstums 139.7 cmPlatums 55.8 cmDzi\u013cums 54.5 cmSvars 50.2 kgSvars ar iepakojumu 52 kgVad\u012bbaElektroniskais displejs IrVad\u012bba ElektroniskaFunkcijasAtv\u0113rto durvju signaliz\u0101cija Ir\u0100tr\u0101 [&hellip;]","og_url":"https:\/\/continent.lv\/ru\/product\/bosch-kir51afe0-139-7cm-iebuvejams\/","og_site_name":"Continent.lv","og_image":[{"width":567,"height":1024,"url":"https:\/\/continent.lv\/wp-content\/uploads\/2026\/05\/Bosch_KIR51AFE0.jpeg","type":"image\/jpeg"}],"twitter_card":"summary_large_image","schema":{"@context":"https:\/\/schema.org","@graph":[{"@type":"WebPage","@id":"https:\/\/continent.lv\/product\/bosch-kir51afe0-139-7cm-iebuvejams\/","url":"https:\/\/continent.lv\/product\/bosch-kir51afe0-139-7cm-iebuvejams\/","name":"Bosch KIR51AFE0 139.7cm Ieb\u016bv\u0113jams! - Continent.lv","isPartOf":{"@id":"https:\/\/continent.lv\/#website"},"primaryImageOfPage":{"@id":"https:\/\/continent.lv\/product\/bosch-kir51afe0-139-7cm-iebuvejams\/#primaryimage"},"image":{"@id":"https:\/\/continent.lv\/product\/bosch-kir51afe0-139-7cm-iebuvejams\/#primaryimage"},"thumbnailUrl":"https:\/\/continent.lv\/wp-content\/uploads\/2026\/05\/Bosch_KIR51AFE0.jpeg","datePublished":"2026-05-01T06:24:28+00:00","breadcrumb":{"@id":"https:\/\/continent.lv\/product\/bosch-kir51afe0-139-7cm-iebuvejams\/#breadcrumb"},"inLanguage":"ru-RU","potentialAction":[{"@type":"ReadAction","target":["https:\/\/continent.lv\/product\/bosch-kir51afe0-139-7cm-iebuvejams\/"]}]},{"@type":"ImageObject","inLanguage":"ru-RU","@id":"https:\/\/continent.lv\/product\/bosch-kir51afe0-139-7cm-iebuvejams\/#primaryimage","url":"https:\/\/continent.lv\/wp-content\/uploads\/2026\/05\/Bosch_KIR51AFE0.jpeg","contentUrl":"https:\/\/continent.lv\/wp-content\/uploads\/2026\/05\/Bosch_KIR51AFE0.jpeg","width":567,"height":1024},{"@type":"BreadcrumbList","@id":"https:\/\/continent.lv\/product\/bosch-kir51afe0-139-7cm-iebuvejams\/#breadcrumb","itemListElement":[{"@type":"ListItem","position":1,"name":"Home","item":"https:\/\/continent.lv\/"},{"@type":"ListItem","position":2,"name":"Veikals","item":"https:\/\/continent.lv\/shop\/"},{"@type":"ListItem","position":3,"name":"Bosch KIR51AFE0 139.7cm Ieb\u016bv\u0113jams!"}]},{"@type":"WebSite","@id":"https:\/\/continent.lv\/#website","url":"https:\/\/continent.lv\/","name":"Continent.lv","description":"Sadz\u012bves pre\u010du internetveikals","publisher":{"@id":"https:\/\/continent.lv\/#organization"},"potentialAction":[{"@type":"SearchAction","target":{"@type":"EntryPoint","urlTemplate":"https:\/\/continent.lv\/?s={search_term_string}"},"query-input":{"@type":"PropertyValueSpecification","valueRequired":true,"valueName":"search_term_string"}}],"inLanguage":"ru-RU"},{"@type":"Organization","@id":"https:\/\/continent.lv\/#organization","name":"Continent.lv","url":"https:\/\/continent.lv\/","logo":{"@type":"ImageObject","inLanguage":"ru-RU","@id":"https:\/\/continent.lv\/#\/schema\/logo\/image\/","url":"https:\/\/continent.lv\/wp-content\/uploads\/2026\/05\/logo_continent_5nwv-jh.jpg","contentUrl":"https:\/\/continent.lv\/wp-content\/uploads\/2026\/05\/logo_continent_5nwv-jh.jpg","width":221,"height":50,"caption":"Continent.lv"},"image":{"@id":"https:\/\/continent.lv\/#\/schema\/logo\/image\/"}}]}},"_links":{"self":[{"href":"https:\/\/continent.lv\/ru\/wp-json\/wp\/v2\/product\/42399","targetHints":{"allow":["GET"]}}],"collection":[{"href":"https:\/\/continent.lv\/ru\/wp-json\/wp\/v2\/product"}],"about":[{"href":"https:\/\/continent.lv\/ru\/wp-json\/wp\/v2\/types\/product"}],"replies":[{"embeddable":true,"href":"https:\/\/continent.lv\/ru\/wp-json\/wp\/v2\/comments?post=42399"}],"wp:featuredmedia":[{"embeddable":true,"href":"https:\/\/continent.lv\/ru\/wp-json\/wp\/v2\/media\/42394"}],"wp:attachment":[{"href":"https:\/\/continent.lv\/ru\/wp-json\/wp\/v2\/media?parent=42399"}],"wp:term":[{"taxonomy":"product_brand","embeddable":true,"href":"https:\/\/continent.lv\/ru\/wp-json\/wp\/v2\/product_brand?post=42399"},{"taxonomy":"product_cat","embeddable":true,"href":"https:\/\/continent.lv\/ru\/wp-json\/wp\/v2\/product_cat?post=42399"},{"taxonomy":"product_tag","embeddable":true,"href":"https:\/\/continent.lv\/ru\/wp-json\/wp\/v2\/product_tag?post=42399"}],"curies":[{"name":"wp","href":"https:\/\/api.w.org\/{rel}","templated":true}]}}