{"id":41886,"date":"2026-05-01T06:11:29","date_gmt":"2026-05-01T06:11:29","guid":{"rendered":"https:\/\/continent.lv\/product\/petrol-snow-blower-c-st013-71cm-9-5-kw\/"},"modified":"2026-05-01T06:11:29","modified_gmt":"2026-05-01T06:11:29","slug":"petrol-snow-blower-c-st013-71cm-9-5-kw","status":"publish","type":"product","link":"https:\/\/continent.lv\/ru\/product\/petrol-snow-blower-c-st013-71cm-9-5-kw\/","title":{"rendered":"PETROL SNOW BLOWER C-ST013 71CM 9.5 KW"},"content":{"rendered":"<p class=\"translation-block\"><p><span class=\"HwtZe\" lang=\"lv\"><span class=\"jCAhz ChMk0b\"><span class=\"ryNqvb\">\u0422\u0438\u043f \u043f\u0440\u043e\u0434\u0443\u043a\u0442\u0430: \u0421\u043d\u0435\u0433\u043e\u0443\u0431\u043e\u0440\u0449\u0438\u043a \u0441 \u0431\u0435\u043d\u0437\u0438\u043d\u043e\u0432\u044b\u043c \u0434\u0432\u0438\u0433\u0430\u0442\u0435\u043b\u0435\u043c \u0441\u0430\u043c\u043e\u0445\u043e\u0434\u043d\u044b\u0439<br>\u041c\u043e\u0434\u0435\u043b\u044c: C-ST013<br>\u0420\u0430\u0431\u043e\u0447\u0430\u044f \u0448\u0438\u0440\u0438\u043d\u0430: 71 \u0441\u043c<br>\u0420\u0430\u0431\u043e\u0447\u0430\u044f \u0432\u044b\u0441\u043e\u0442\u0430: 56 \u0441\u043c<br>\u0412\u0435\u0441: 105 \u043a\u0433<br>\u0426\u0432\u0435\u0442: \u0427\u0435\u0440\u043d\u044b\u0439, \u043e\u0440\u0430\u043d\u0436\u0435\u0432\u044b\u0439<br>\u0422\u0438\u043f \u0441\u043d\u0435\u0433\u043e\u0443\u0431\u043e\u0440\u0449\u0438\u043a\u0430: \u0421\u0430\u043c\u043e\u0445\u043e\u0434\u043d\u044b\u0439<br>\u041a\u043e\u043b\u0435\u0441\u0430 \u0441 \u043f\u043e\u0434\u0448\u0438\u043f\u043d\u0438\u043a\u0430\u043c\u0438: \u0414\u0430<br>\u041c\u0430\u0442\u0435\u0440\u0438\u0430\u043b \u043a\u043e\u043b\u0435\u0441: \u0420\u0435\u0437\u0438\u043d\u0430<br>\u0420\u0430\u0437\u043c\u0435\u0440 \u043a\u043e\u043b\u0435\u0441: 38 \u0441\u043c<br>\u0422\u0438\u043f \u0434\u0432\u0438\u0433\u0430\u0442\u0435\u043b\u044f: \u0427\u0435\u0442\u044b\u0440\u0435\u0445\u0442\u0430\u043a\u0442\u043d\u044b\u0439 \u0431\u0435\u043d\u0437\u0438\u043d\u043e\u0432\u044b\u0439 \u0434\u0432\u0438\u0433\u0430\u0442\u0435\u043b\u044c<br>\u041c\u043e\u0449\u043d\u043e\u0441\u0442\u044c \u0434\u0432\u0438\u0433\u0430\u0442\u0435\u043b\u044f: 9500 \u0412\u0442<br>\u041e\u0431\u044a\u0435\u043c \u0446\u0438\u043b\u0438\u043d\u0434\u0440\u0430: 1 \u0441\u043c\u00b3<br>\u041e\u0431\u044a\u0435\u043c \u0442\u043e\u043f\u043b\u0438\u0432\u043d\u043e\u0433\u043e \u0431\u0430\u043a\u0430: 6 \u043b<br>\u041a\u043e\u043b\u0438\u0447\u0435\u0441\u0442\u0432\u043e \u0441\u043a\u043e\u0440\u043e\u0441\u0442\u0435\u0439 \u0432\u043f\u0435\u0440\u0435\u0434: 4<br>\u041a\u043e\u043b\u0438\u0447\u0435\u0441\u0442\u0432\u043e \u0441\u043a\u043e\u0440\u043e\u0441\u0442\u0435\u0439 \u043d\u0430\u0437\u0430\u0434: 2<br>\u041c\u0430\u043a\u0441\u0438\u043c\u0430\u043b\u044c\u043d\u0430\u044f \u0434\u0430\u043b\u044c\u043d\u043e\u0441\u0442\u044c \u0432\u044b\u0431\u0440\u043e\u0441\u0430 \u0441\u043d\u0435\u0433\u0430: 15 \u043c<br>\u0421\u043a\u043b\u0430\u0434\u043d\u0430\u044f \u0440\u0443\u043a\u043e\u044f\u0442\u043a\u0430: \u041d\u0435\u0442<br>\u041f\u043e\u0434\u043e\u0433\u0440\u0435\u0432 \u0440\u0443\u043a\u043e\u044f\u0442\u043e\u043a: \u041d\u0435\u0442<\/span><\/span><\/span><\/p><\/p>","protected":false},"excerpt":{"rendered":"<p>Produkta veids: Pa\u0161g\u0101j\u0113js sniega p\u016bt\u0113js ar benz\u012bna dzin\u0113juModelis: C-ST013Darba platums: 71 cmDarba augstums: 56 cmSvars: 105 kgKr\u0101sa: Melna, oran\u017eaSniega p\u016bt\u0113ja tips: Pa\u0161g\u0101j\u0113jsRite\u0146i ar gult\u0146iem: J\u0101Rite\u0146u materi\u0101ls: GumijaRite\u0146u izm\u0113rs: 38 cmDzin\u0113ja tips: \u010cetrtaktu benz\u012bna dzin\u0113jsDzin\u0113ja jauda: 9500 WCilindra tilpums: 1 cm\u00b3Degvielas tvertnes tilpums: 6 lUz priek\u0161u brauk\u0161anas \u0101trumu skaits: 4Atpaka\u013cgaitas \u0101trumu skaits: 2Maksim\u0101lais metiena att\u0101lums: 15 [&hellip;]<\/p>\n","protected":false},"featured_media":41885,"comment_status":"open","ping_status":"closed","template":"","meta":{"_joinchat":[]},"product_brand":[],"product_cat":[300],"product_tag":[],"class_list":{"0":"post-41886","1":"product","2":"type-product","3":"status-publish","4":"has-post-thumbnail","6":"product_cat-darza-tehnika-sniega-puteji","8":"first","9":"instock","10":"shipping-taxable","11":"purchasable","12":"product-type-simple"},"yoast_head":"<!-- This site is optimized with the Yoast SEO plugin v27.5 - https:\/\/yoast.com\/product\/yoast-seo-wordpress\/ -->\n<title>PETROL SNOW BLOWER C-ST013 71CM 9.5 KW - Continent.lv<\/title>\n<meta name=\"robots\" content=\"index, follow, max-snippet:-1, max-image-preview:large, max-video-preview:-1\" \/>\n<link rel=\"canonical\" href=\"https:\/\/continent.lv\/ru\/product\/petrol-snow-blower-c-st013-71cm-9-5-kw\/\" \/>\n<meta property=\"og:locale\" content=\"ru_RU\" \/>\n<meta property=\"og:type\" content=\"article\" \/>\n<meta property=\"og:title\" content=\"PETROL SNOW BLOWER C-ST013 71CM 9.5 KW - Continent.lv\" \/>\n<meta property=\"og:description\" content=\"Produkta veids: Pa\u0161g\u0101j\u0113js sniega p\u016bt\u0113js ar benz\u012bna dzin\u0113juModelis: C-ST013Darba platums: 71 cmDarba augstums: 56 cmSvars: 105 kgKr\u0101sa: Melna, oran\u017eaSniega p\u016bt\u0113ja tips: Pa\u0161g\u0101j\u0113jsRite\u0146i ar gult\u0146iem: J\u0101Rite\u0146u materi\u0101ls: GumijaRite\u0146u izm\u0113rs: 38 cmDzin\u0113ja tips: \u010cetrtaktu benz\u012bna dzin\u0113jsDzin\u0113ja jauda: 9500 WCilindra tilpums: 1 cm\u00b3Degvielas tvertnes tilpums: 6 lUz priek\u0161u brauk\u0161anas \u0101trumu skaits: 4Atpaka\u013cgaitas \u0101trumu skaits: 2Maksim\u0101lais metiena att\u0101lums: 15 [&hellip;]\" \/>\n<meta property=\"og:url\" content=\"https:\/\/continent.lv\/ru\/product\/petrol-snow-blower-c-st013-71cm-9-5-kw\/\" \/>\n<meta property=\"og:site_name\" content=\"Continent.lv\" \/>\n<meta property=\"og:image\" content=\"https:\/\/continent.lv\/wp-content\/uploads\/2026\/05\/21_2cay-qj.jpeg\" \/>\n\t<meta property=\"og:image:width\" content=\"1170\" \/>\n\t<meta property=\"og:image:height\" content=\"1137\" \/>\n\t<meta property=\"og:image:type\" content=\"image\/jpeg\" \/>\n<meta name=\"twitter:card\" content=\"summary_large_image\" \/>\n<script type=\"application\/ld+json\" class=\"yoast-schema-graph\">{\"@context\":\"https:\\\/\\\/schema.org\",\"@graph\":[{\"@type\":\"WebPage\",\"@id\":\"https:\\\/\\\/continent.lv\\\/product\\\/petrol-snow-blower-c-st013-71cm-9-5-kw\\\/\",\"url\":\"https:\\\/\\\/continent.lv\\\/product\\\/petrol-snow-blower-c-st013-71cm-9-5-kw\\\/\",\"name\":\"PETROL SNOW BLOWER C-ST013 71CM 9.5 KW - Continent.lv\",\"isPartOf\":{\"@id\":\"https:\\\/\\\/continent.lv\\\/#website\"},\"primaryImageOfPage\":{\"@id\":\"https:\\\/\\\/continent.lv\\\/product\\\/petrol-snow-blower-c-st013-71cm-9-5-kw\\\/#primaryimage\"},\"image\":{\"@id\":\"https:\\\/\\\/continent.lv\\\/product\\\/petrol-snow-blower-c-st013-71cm-9-5-kw\\\/#primaryimage\"},\"thumbnailUrl\":\"https:\\\/\\\/continent.lv\\\/wp-content\\\/uploads\\\/2026\\\/05\\\/21_2cay-qj.jpeg\",\"datePublished\":\"2026-05-01T06:11:29+00:00\",\"breadcrumb\":{\"@id\":\"https:\\\/\\\/continent.lv\\\/product\\\/petrol-snow-blower-c-st013-71cm-9-5-kw\\\/#breadcrumb\"},\"inLanguage\":\"ru-RU\",\"potentialAction\":[{\"@type\":\"ReadAction\",\"target\":[\"https:\\\/\\\/continent.lv\\\/product\\\/petrol-snow-blower-c-st013-71cm-9-5-kw\\\/\"]}]},{\"@type\":\"ImageObject\",\"inLanguage\":\"ru-RU\",\"@id\":\"https:\\\/\\\/continent.lv\\\/product\\\/petrol-snow-blower-c-st013-71cm-9-5-kw\\\/#primaryimage\",\"url\":\"https:\\\/\\\/continent.lv\\\/wp-content\\\/uploads\\\/2026\\\/05\\\/21_2cay-qj.jpeg\",\"contentUrl\":\"https:\\\/\\\/continent.lv\\\/wp-content\\\/uploads\\\/2026\\\/05\\\/21_2cay-qj.jpeg\",\"width\":1170,\"height\":1137},{\"@type\":\"BreadcrumbList\",\"@id\":\"https:\\\/\\\/continent.lv\\\/product\\\/petrol-snow-blower-c-st013-71cm-9-5-kw\\\/#breadcrumb\",\"itemListElement\":[{\"@type\":\"ListItem\",\"position\":1,\"name\":\"Home\",\"item\":\"https:\\\/\\\/continent.lv\\\/\"},{\"@type\":\"ListItem\",\"position\":2,\"name\":\"Veikals\",\"item\":\"https:\\\/\\\/continent.lv\\\/shop\\\/\"},{\"@type\":\"ListItem\",\"position\":3,\"name\":\"PETROL SNOW BLOWER C-ST013 71CM 9.5 KW\"}]},{\"@type\":\"WebSite\",\"@id\":\"https:\\\/\\\/continent.lv\\\/#website\",\"url\":\"https:\\\/\\\/continent.lv\\\/\",\"name\":\"Continent.lv\",\"description\":\"Sadz\u012bves pre\u010du internetveikals\",\"publisher\":{\"@id\":\"https:\\\/\\\/continent.lv\\\/#organization\"},\"potentialAction\":[{\"@type\":\"SearchAction\",\"target\":{\"@type\":\"EntryPoint\",\"urlTemplate\":\"https:\\\/\\\/continent.lv\\\/?s={search_term_string}\"},\"query-input\":{\"@type\":\"PropertyValueSpecification\",\"valueRequired\":true,\"valueName\":\"search_term_string\"}}],\"inLanguage\":\"ru-RU\"},{\"@type\":\"Organization\",\"@id\":\"https:\\\/\\\/continent.lv\\\/#organization\",\"name\":\"Continent.lv\",\"url\":\"https:\\\/\\\/continent.lv\\\/\",\"logo\":{\"@type\":\"ImageObject\",\"inLanguage\":\"ru-RU\",\"@id\":\"https:\\\/\\\/continent.lv\\\/#\\\/schema\\\/logo\\\/image\\\/\",\"url\":\"https:\\\/\\\/continent.lv\\\/wp-content\\\/uploads\\\/2026\\\/05\\\/logo_continent_5nwv-jh.jpg\",\"contentUrl\":\"https:\\\/\\\/continent.lv\\\/wp-content\\\/uploads\\\/2026\\\/05\\\/logo_continent_5nwv-jh.jpg\",\"width\":221,\"height\":50,\"caption\":\"Continent.lv\"},\"image\":{\"@id\":\"https:\\\/\\\/continent.lv\\\/#\\\/schema\\\/logo\\\/image\\\/\"}}]}<\/script>\n<!-- \/ Yoast SEO plugin. -->","yoast_head_json":{"title":"PETROL SNOW BLOWER C-ST013 71CM 9.5 KW - Continent.lv","robots":{"index":"index","follow":"follow","max-snippet":"max-snippet:-1","max-image-preview":"max-image-preview:large","max-video-preview":"max-video-preview:-1"},"canonical":"https:\/\/continent.lv\/ru\/product\/petrol-snow-blower-c-st013-71cm-9-5-kw\/","og_locale":"ru_RU","og_type":"article","og_title":"PETROL SNOW BLOWER C-ST013 71CM 9.5 KW - Continent.lv","og_description":"Produkta veids: Pa\u0161g\u0101j\u0113js sniega p\u016bt\u0113js ar benz\u012bna dzin\u0113juModelis: C-ST013Darba platums: 71 cmDarba augstums: 56 cmSvars: 105 kgKr\u0101sa: Melna, oran\u017eaSniega p\u016bt\u0113ja tips: Pa\u0161g\u0101j\u0113jsRite\u0146i ar gult\u0146iem: J\u0101Rite\u0146u materi\u0101ls: GumijaRite\u0146u izm\u0113rs: 38 cmDzin\u0113ja tips: \u010cetrtaktu benz\u012bna dzin\u0113jsDzin\u0113ja jauda: 9500 WCilindra tilpums: 1 cm\u00b3Degvielas tvertnes tilpums: 6 lUz priek\u0161u brauk\u0161anas \u0101trumu skaits: 4Atpaka\u013cgaitas \u0101trumu skaits: 2Maksim\u0101lais metiena att\u0101lums: 15 [&hellip;]","og_url":"https:\/\/continent.lv\/ru\/product\/petrol-snow-blower-c-st013-71cm-9-5-kw\/","og_site_name":"Continent.lv","og_image":[{"width":1170,"height":1137,"url":"https:\/\/continent.lv\/wp-content\/uploads\/2026\/05\/21_2cay-qj.jpeg","type":"image\/jpeg"}],"twitter_card":"summary_large_image","schema":{"@context":"https:\/\/schema.org","@graph":[{"@type":"WebPage","@id":"https:\/\/continent.lv\/product\/petrol-snow-blower-c-st013-71cm-9-5-kw\/","url":"https:\/\/continent.lv\/product\/petrol-snow-blower-c-st013-71cm-9-5-kw\/","name":"PETROL SNOW BLOWER C-ST013 71CM 9.5 KW - Continent.lv","isPartOf":{"@id":"https:\/\/continent.lv\/#website"},"primaryImageOfPage":{"@id":"https:\/\/continent.lv\/product\/petrol-snow-blower-c-st013-71cm-9-5-kw\/#primaryimage"},"image":{"@id":"https:\/\/continent.lv\/product\/petrol-snow-blower-c-st013-71cm-9-5-kw\/#primaryimage"},"thumbnailUrl":"https:\/\/continent.lv\/wp-content\/uploads\/2026\/05\/21_2cay-qj.jpeg","datePublished":"2026-05-01T06:11:29+00:00","breadcrumb":{"@id":"https:\/\/continent.lv\/product\/petrol-snow-blower-c-st013-71cm-9-5-kw\/#breadcrumb"},"inLanguage":"ru-RU","potentialAction":[{"@type":"ReadAction","target":["https:\/\/continent.lv\/product\/petrol-snow-blower-c-st013-71cm-9-5-kw\/"]}]},{"@type":"ImageObject","inLanguage":"ru-RU","@id":"https:\/\/continent.lv\/product\/petrol-snow-blower-c-st013-71cm-9-5-kw\/#primaryimage","url":"https:\/\/continent.lv\/wp-content\/uploads\/2026\/05\/21_2cay-qj.jpeg","contentUrl":"https:\/\/continent.lv\/wp-content\/uploads\/2026\/05\/21_2cay-qj.jpeg","width":1170,"height":1137},{"@type":"BreadcrumbList","@id":"https:\/\/continent.lv\/product\/petrol-snow-blower-c-st013-71cm-9-5-kw\/#breadcrumb","itemListElement":[{"@type":"ListItem","position":1,"name":"Home","item":"https:\/\/continent.lv\/"},{"@type":"ListItem","position":2,"name":"Veikals","item":"https:\/\/continent.lv\/shop\/"},{"@type":"ListItem","position":3,"name":"PETROL SNOW BLOWER C-ST013 71CM 9.5 KW"}]},{"@type":"WebSite","@id":"https:\/\/continent.lv\/#website","url":"https:\/\/continent.lv\/","name":"Continent.lv","description":"Sadz\u012bves pre\u010du internetveikals","publisher":{"@id":"https:\/\/continent.lv\/#organization"},"potentialAction":[{"@type":"SearchAction","target":{"@type":"EntryPoint","urlTemplate":"https:\/\/continent.lv\/?s={search_term_string}"},"query-input":{"@type":"PropertyValueSpecification","valueRequired":true,"valueName":"search_term_string"}}],"inLanguage":"ru-RU"},{"@type":"Organization","@id":"https:\/\/continent.lv\/#organization","name":"Continent.lv","url":"https:\/\/continent.lv\/","logo":{"@type":"ImageObject","inLanguage":"ru-RU","@id":"https:\/\/continent.lv\/#\/schema\/logo\/image\/","url":"https:\/\/continent.lv\/wp-content\/uploads\/2026\/05\/logo_continent_5nwv-jh.jpg","contentUrl":"https:\/\/continent.lv\/wp-content\/uploads\/2026\/05\/logo_continent_5nwv-jh.jpg","width":221,"height":50,"caption":"Continent.lv"},"image":{"@id":"https:\/\/continent.lv\/#\/schema\/logo\/image\/"}}]}},"_links":{"self":[{"href":"https:\/\/continent.lv\/ru\/wp-json\/wp\/v2\/product\/41886","targetHints":{"allow":["GET"]}}],"collection":[{"href":"https:\/\/continent.lv\/ru\/wp-json\/wp\/v2\/product"}],"about":[{"href":"https:\/\/continent.lv\/ru\/wp-json\/wp\/v2\/types\/product"}],"replies":[{"embeddable":true,"href":"https:\/\/continent.lv\/ru\/wp-json\/wp\/v2\/comments?post=41886"}],"wp:featuredmedia":[{"embeddable":true,"href":"https:\/\/continent.lv\/ru\/wp-json\/wp\/v2\/media\/41885"}],"wp:attachment":[{"href":"https:\/\/continent.lv\/ru\/wp-json\/wp\/v2\/media?parent=41886"}],"wp:term":[{"taxonomy":"product_brand","embeddable":true,"href":"https:\/\/continent.lv\/ru\/wp-json\/wp\/v2\/product_brand?post=41886"},{"taxonomy":"product_cat","embeddable":true,"href":"https:\/\/continent.lv\/ru\/wp-json\/wp\/v2\/product_cat?post=41886"},{"taxonomy":"product_tag","embeddable":true,"href":"https:\/\/continent.lv\/ru\/wp-json\/wp\/v2\/product_tag?post=41886"}],"curies":[{"name":"wp","href":"https:\/\/api.w.org\/{rel}","templated":true}]}}