{"id":41862,"date":"2026-05-01T06:10:50","date_gmt":"2026-05-01T06:10:50","guid":{"rendered":"https:\/\/continent.lv\/product\/aeg-tr939m6ce-9kg\/"},"modified":"2026-05-01T06:10:50","modified_gmt":"2026-05-01T06:10:50","slug":"aeg-tr939m6ce-9kg","status":"publish","type":"product","link":"https:\/\/continent.lv\/ru\/product\/aeg-tr939m6ce-9kg\/","title":{"rendered":"AEG TR939M6CE 9 \u043a\u0433"},"content":{"rendered":"<\/p>\n<p>\u00a0\u00a0\u00a0 Pre\u010du z\u012bme\u00a0\u00a0\u00a0 AEG<br \/>\u00a0\u00a0\u00a0 Kr\u0101sa\u00a0\u00a0\u00a0 Balta<br \/>\u00a0\u00a0\u00a0 EAN\u00a0\u00a0\u00a0 7332543844012<br \/>\u0401\u043c\u043a\u043e\u0441\u0442\u044c<br \/>\u00a0\u00a0\u00a0 Ve\u013cas ietilp\u012bba \u017e\u0101v\u0113jot\u00a0\u00a0\u00a0 9 kg<br \/>\u041f\u043e\u0442\u0440\u0435\u0431\u043b\u0435\u043d\u0438\u0435 \u044d\u043b\u0435\u043a\u0442\u0440\u043e\u044d\u043d\u0435\u0440\u0433\u0438\u0438 \u0438 \u0432\u043e\u0434\u044b<br \/>\u00a0\u00a0\u00a0 Energoefektivit\u0101tes klase\u00a0\u00a0\u00a0 A+++<br \/>\u00a0\u00a0\u00a0 Elektroener\u0123ijas pat\u0113ri\u0146\u0161 gad\u0101 (160 cikli) (kw\/h)\u00a0\u00a0\u00a0 195 kWh<br \/>\u0420\u0430\u0437\u043c\u0435\u0440\u044b, \u0432\u0435\u0441<br \/>\u00a0\u00a0\u00a0 Augstums\u00a0\u00a0\u00a0 85 cm<br \/>\u00a0\u00a0\u00a0 Platums\u00a0\u00a0\u00a0 59.6 cm<br \/>\u00a0\u00a0\u00a0 Dzi\u013cums\u00a0\u00a0\u00a0 63.8 cm<br \/>\u00a0\u00a0\u00a0 Dzi\u013cums ar l\u016bku\u00a0\u00a0\u00a0 66.3 cm<br \/>\u00a0\u00a0\u00a0 Svars\u00a0\u00a0\u00a0 51.5 kg<br \/>\u00a0\u00a0\u00a0 Svars ar iepakojumu\u00a0\u00a0\u00a0 53 kg<br \/>\u0423\u043f\u0440\u0430\u0432\u043b\u0435\u043d\u0438\u0435<br \/>\u00a0\u00a0\u00a0 Vad\u012bba\u00a0\u00a0\u00a0 Elektroniska<br \/>\u00a0\u00a0\u00a0 Displejs\u00a0\u00a0\u00a0 Ir<br \/>\u0414\u0440\u0443\u0433\u0438\u0435 \u043f\u0430\u0440\u0430\u043c\u0435\u0442\u0440\u044b<br \/>\u00a0\u00a0\u00a0 Trok\u0161\u0146a l\u012bmenis\u00a0\u00a0\u00a0 63 dB<br \/>\u00a0\u00a0\u00a0 Atliktais starts\u00a0\u00a0\u00a0 Ir<\/p><\/p>","protected":false},"excerpt":{"rendered":"<p>\u00a0\u00a0\u00a0 Pre\u010du z\u012bme\u00a0\u00a0\u00a0 AEG\u00a0\u00a0\u00a0 Kr\u0101sa\u00a0\u00a0\u00a0 Balta\u00a0\u00a0\u00a0 EAN\u00a0\u00a0\u00a0 7332543844012Ietilp\u012bba\u00a0\u00a0\u00a0 Ve\u013cas ietilp\u012bba \u017e\u0101v\u0113jot\u00a0\u00a0\u00a0 9 kgElektroener\u0123ijas un \u016bdens pat\u0113ri\u0146\u0161\u00a0\u00a0\u00a0 Energoefektivit\u0101tes klase\u00a0\u00a0\u00a0 A+++\u00a0\u00a0\u00a0 Elektroener\u0123ijas pat\u0113ri\u0146\u0161 gad\u0101 (160 cikli) (kw\/h)\u00a0\u00a0\u00a0 195 kWhIzm\u0113ri, svars\u00a0\u00a0\u00a0 Augstums\u00a0\u00a0\u00a0 85 cm\u00a0\u00a0\u00a0 Platums\u00a0\u00a0\u00a0 59.6 cm\u00a0\u00a0\u00a0 Dzi\u013cums\u00a0\u00a0\u00a0 63.8 cm\u00a0\u00a0\u00a0 Dzi\u013cums ar l\u016bku\u00a0\u00a0\u00a0 66.3 cm\u00a0\u00a0\u00a0 Svars\u00a0\u00a0\u00a0 51.5 kg\u00a0\u00a0\u00a0 Svars ar iepakojumu\u00a0\u00a0\u00a0 53 kgVad\u012bba\u00a0\u00a0\u00a0 Vad\u012bba\u00a0\u00a0\u00a0 Elektroniska\u00a0\u00a0\u00a0 Displejs\u00a0\u00a0\u00a0 IrCiti parametri\u00a0\u00a0\u00a0 [&hellip;]<\/p>\n","protected":false},"featured_media":41859,"comment_status":"open","ping_status":"closed","template":"","meta":{"_joinchat":[]},"product_brand":[262],"product_cat":[261],"product_tag":[],"class_list":{"0":"post-41862","1":"product","2":"type-product","3":"status-publish","4":"has-post-thumbnail","6":"product_brand-aeg","7":"product_cat-sadzives-tehnika-velas-zavetaji","9":"first","10":"instock","11":"shipping-taxable","12":"purchasable","13":"product-type-simple"},"yoast_head":"<!-- This site is optimized with the Yoast SEO plugin v27.5 - https:\/\/yoast.com\/product\/yoast-seo-wordpress\/ -->\n<title>AEG TR939M6CE 9kg - Continent.lv<\/title>\n<meta name=\"robots\" content=\"index, follow, max-snippet:-1, max-image-preview:large, max-video-preview:-1\" \/>\n<link rel=\"canonical\" href=\"https:\/\/continent.lv\/ru\/product\/aeg-tr939m6ce-9kg\/\" \/>\n<meta property=\"og:locale\" content=\"ru_RU\" \/>\n<meta property=\"og:type\" content=\"article\" \/>\n<meta property=\"og:title\" content=\"AEG TR939M6CE 9kg - Continent.lv\" \/>\n<meta property=\"og:description\" content=\"\u00a0\u00a0\u00a0 Pre\u010du z\u012bme\u00a0\u00a0\u00a0 AEG\u00a0\u00a0\u00a0 Kr\u0101sa\u00a0\u00a0\u00a0 Balta\u00a0\u00a0\u00a0 EAN\u00a0\u00a0\u00a0 7332543844012Ietilp\u012bba\u00a0\u00a0\u00a0 Ve\u013cas ietilp\u012bba \u017e\u0101v\u0113jot\u00a0\u00a0\u00a0 9 kgElektroener\u0123ijas un \u016bdens pat\u0113ri\u0146\u0161\u00a0\u00a0\u00a0 Energoefektivit\u0101tes klase\u00a0\u00a0\u00a0 A+++\u00a0\u00a0\u00a0 Elektroener\u0123ijas pat\u0113ri\u0146\u0161 gad\u0101 (160 cikli) (kw\/h)\u00a0\u00a0\u00a0 195 kWhIzm\u0113ri, svars\u00a0\u00a0\u00a0 Augstums\u00a0\u00a0\u00a0 85 cm\u00a0\u00a0\u00a0 Platums\u00a0\u00a0\u00a0 59.6 cm\u00a0\u00a0\u00a0 Dzi\u013cums\u00a0\u00a0\u00a0 63.8 cm\u00a0\u00a0\u00a0 Dzi\u013cums ar l\u016bku\u00a0\u00a0\u00a0 66.3 cm\u00a0\u00a0\u00a0 Svars\u00a0\u00a0\u00a0 51.5 kg\u00a0\u00a0\u00a0 Svars ar iepakojumu\u00a0\u00a0\u00a0 53 kgVad\u012bba\u00a0\u00a0\u00a0 Vad\u012bba\u00a0\u00a0\u00a0 Elektroniska\u00a0\u00a0\u00a0 Displejs\u00a0\u00a0\u00a0 IrCiti parametri\u00a0\u00a0\u00a0 [&hellip;]\" \/>\n<meta property=\"og:url\" content=\"https:\/\/continent.lv\/ru\/product\/aeg-tr939m6ce-9kg\/\" \/>\n<meta property=\"og:site_name\" content=\"Continent.lv\" \/>\n<meta property=\"og:image\" content=\"https:\/\/continent.lv\/wp-content\/uploads\/2026\/05\/21_z253-ob.jpeg\" \/>\n\t<meta property=\"og:image:width\" content=\"700\" \/>\n\t<meta property=\"og:image:height\" content=\"700\" \/>\n\t<meta property=\"og:image:type\" content=\"image\/jpeg\" \/>\n<meta name=\"twitter:card\" content=\"summary_large_image\" \/>\n<meta name=\"twitter:label1\" content=\"\u041f\u0440\u0438\u043c\u0435\u0440\u043d\u043e\u0435 \u0432\u0440\u0435\u043c\u044f \u0434\u043b\u044f \u0447\u0442\u0435\u043d\u0438\u044f\" \/>\n\t<meta name=\"twitter:data1\" content=\"1 \u043c\u0438\u043d\u0443\u0442\u0430\" \/>\n<script type=\"application\/ld+json\" class=\"yoast-schema-graph\">{\"@context\":\"https:\\\/\\\/schema.org\",\"@graph\":[{\"@type\":\"WebPage\",\"@id\":\"https:\\\/\\\/continent.lv\\\/product\\\/aeg-tr939m6ce-9kg\\\/\",\"url\":\"https:\\\/\\\/continent.lv\\\/product\\\/aeg-tr939m6ce-9kg\\\/\",\"name\":\"AEG TR939M6CE 9kg - Continent.lv\",\"isPartOf\":{\"@id\":\"https:\\\/\\\/continent.lv\\\/#website\"},\"primaryImageOfPage\":{\"@id\":\"https:\\\/\\\/continent.lv\\\/product\\\/aeg-tr939m6ce-9kg\\\/#primaryimage\"},\"image\":{\"@id\":\"https:\\\/\\\/continent.lv\\\/product\\\/aeg-tr939m6ce-9kg\\\/#primaryimage\"},\"thumbnailUrl\":\"https:\\\/\\\/continent.lv\\\/wp-content\\\/uploads\\\/2026\\\/05\\\/21_z253-ob.jpeg\",\"datePublished\":\"2026-05-01T06:10:50+00:00\",\"breadcrumb\":{\"@id\":\"https:\\\/\\\/continent.lv\\\/product\\\/aeg-tr939m6ce-9kg\\\/#breadcrumb\"},\"inLanguage\":\"ru-RU\",\"potentialAction\":[{\"@type\":\"ReadAction\",\"target\":[\"https:\\\/\\\/continent.lv\\\/product\\\/aeg-tr939m6ce-9kg\\\/\"]}]},{\"@type\":\"ImageObject\",\"inLanguage\":\"ru-RU\",\"@id\":\"https:\\\/\\\/continent.lv\\\/product\\\/aeg-tr939m6ce-9kg\\\/#primaryimage\",\"url\":\"https:\\\/\\\/continent.lv\\\/wp-content\\\/uploads\\\/2026\\\/05\\\/21_z253-ob.jpeg\",\"contentUrl\":\"https:\\\/\\\/continent.lv\\\/wp-content\\\/uploads\\\/2026\\\/05\\\/21_z253-ob.jpeg\",\"width\":700,\"height\":700},{\"@type\":\"BreadcrumbList\",\"@id\":\"https:\\\/\\\/continent.lv\\\/product\\\/aeg-tr939m6ce-9kg\\\/#breadcrumb\",\"itemListElement\":[{\"@type\":\"ListItem\",\"position\":1,\"name\":\"Home\",\"item\":\"https:\\\/\\\/continent.lv\\\/\"},{\"@type\":\"ListItem\",\"position\":2,\"name\":\"Veikals\",\"item\":\"https:\\\/\\\/continent.lv\\\/shop\\\/\"},{\"@type\":\"ListItem\",\"position\":3,\"name\":\"AEG TR939M6CE 9kg\"}]},{\"@type\":\"WebSite\",\"@id\":\"https:\\\/\\\/continent.lv\\\/#website\",\"url\":\"https:\\\/\\\/continent.lv\\\/\",\"name\":\"Continent.lv\",\"description\":\"Sadz\u012bves pre\u010du internetveikals\",\"publisher\":{\"@id\":\"https:\\\/\\\/continent.lv\\\/#organization\"},\"potentialAction\":[{\"@type\":\"SearchAction\",\"target\":{\"@type\":\"EntryPoint\",\"urlTemplate\":\"https:\\\/\\\/continent.lv\\\/?s={search_term_string}\"},\"query-input\":{\"@type\":\"PropertyValueSpecification\",\"valueRequired\":true,\"valueName\":\"search_term_string\"}}],\"inLanguage\":\"ru-RU\"},{\"@type\":\"Organization\",\"@id\":\"https:\\\/\\\/continent.lv\\\/#organization\",\"name\":\"Continent.lv\",\"url\":\"https:\\\/\\\/continent.lv\\\/\",\"logo\":{\"@type\":\"ImageObject\",\"inLanguage\":\"ru-RU\",\"@id\":\"https:\\\/\\\/continent.lv\\\/#\\\/schema\\\/logo\\\/image\\\/\",\"url\":\"https:\\\/\\\/continent.lv\\\/wp-content\\\/uploads\\\/2026\\\/05\\\/logo_continent_5nwv-jh.jpg\",\"contentUrl\":\"https:\\\/\\\/continent.lv\\\/wp-content\\\/uploads\\\/2026\\\/05\\\/logo_continent_5nwv-jh.jpg\",\"width\":221,\"height\":50,\"caption\":\"Continent.lv\"},\"image\":{\"@id\":\"https:\\\/\\\/continent.lv\\\/#\\\/schema\\\/logo\\\/image\\\/\"}}]}<\/script>\n<!-- \/ Yoast SEO plugin. -->","yoast_head_json":{"title":"AEG TR939M6CE 9kg - Continent.lv","robots":{"index":"index","follow":"follow","max-snippet":"max-snippet:-1","max-image-preview":"max-image-preview:large","max-video-preview":"max-video-preview:-1"},"canonical":"https:\/\/continent.lv\/ru\/product\/aeg-tr939m6ce-9kg\/","og_locale":"ru_RU","og_type":"article","og_title":"AEG TR939M6CE 9kg - Continent.lv","og_description":"\u00a0\u00a0\u00a0 Pre\u010du z\u012bme\u00a0\u00a0\u00a0 AEG\u00a0\u00a0\u00a0 Kr\u0101sa\u00a0\u00a0\u00a0 Balta\u00a0\u00a0\u00a0 EAN\u00a0\u00a0\u00a0 7332543844012Ietilp\u012bba\u00a0\u00a0\u00a0 Ve\u013cas ietilp\u012bba \u017e\u0101v\u0113jot\u00a0\u00a0\u00a0 9 kgElektroener\u0123ijas un \u016bdens pat\u0113ri\u0146\u0161\u00a0\u00a0\u00a0 Energoefektivit\u0101tes klase\u00a0\u00a0\u00a0 A+++\u00a0\u00a0\u00a0 Elektroener\u0123ijas pat\u0113ri\u0146\u0161 gad\u0101 (160 cikli) (kw\/h)\u00a0\u00a0\u00a0 195 kWhIzm\u0113ri, svars\u00a0\u00a0\u00a0 Augstums\u00a0\u00a0\u00a0 85 cm\u00a0\u00a0\u00a0 Platums\u00a0\u00a0\u00a0 59.6 cm\u00a0\u00a0\u00a0 Dzi\u013cums\u00a0\u00a0\u00a0 63.8 cm\u00a0\u00a0\u00a0 Dzi\u013cums ar l\u016bku\u00a0\u00a0\u00a0 66.3 cm\u00a0\u00a0\u00a0 Svars\u00a0\u00a0\u00a0 51.5 kg\u00a0\u00a0\u00a0 Svars ar iepakojumu\u00a0\u00a0\u00a0 53 kgVad\u012bba\u00a0\u00a0\u00a0 Vad\u012bba\u00a0\u00a0\u00a0 Elektroniska\u00a0\u00a0\u00a0 Displejs\u00a0\u00a0\u00a0 IrCiti parametri\u00a0\u00a0\u00a0 [&hellip;]","og_url":"https:\/\/continent.lv\/ru\/product\/aeg-tr939m6ce-9kg\/","og_site_name":"Continent.lv","og_image":[{"width":700,"height":700,"url":"https:\/\/continent.lv\/wp-content\/uploads\/2026\/05\/21_z253-ob.jpeg","type":"image\/jpeg"}],"twitter_card":"summary_large_image","twitter_misc":{"\u041f\u0440\u0438\u043c\u0435\u0440\u043d\u043e\u0435 \u0432\u0440\u0435\u043c\u044f \u0434\u043b\u044f \u0447\u0442\u0435\u043d\u0438\u044f":"1 \u043c\u0438\u043d\u0443\u0442\u0430"},"schema":{"@context":"https:\/\/schema.org","@graph":[{"@type":"WebPage","@id":"https:\/\/continent.lv\/product\/aeg-tr939m6ce-9kg\/","url":"https:\/\/continent.lv\/product\/aeg-tr939m6ce-9kg\/","name":"AEG TR939M6CE 9kg - Continent.lv","isPartOf":{"@id":"https:\/\/continent.lv\/#website"},"primaryImageOfPage":{"@id":"https:\/\/continent.lv\/product\/aeg-tr939m6ce-9kg\/#primaryimage"},"image":{"@id":"https:\/\/continent.lv\/product\/aeg-tr939m6ce-9kg\/#primaryimage"},"thumbnailUrl":"https:\/\/continent.lv\/wp-content\/uploads\/2026\/05\/21_z253-ob.jpeg","datePublished":"2026-05-01T06:10:50+00:00","breadcrumb":{"@id":"https:\/\/continent.lv\/product\/aeg-tr939m6ce-9kg\/#breadcrumb"},"inLanguage":"ru-RU","potentialAction":[{"@type":"ReadAction","target":["https:\/\/continent.lv\/product\/aeg-tr939m6ce-9kg\/"]}]},{"@type":"ImageObject","inLanguage":"ru-RU","@id":"https:\/\/continent.lv\/product\/aeg-tr939m6ce-9kg\/#primaryimage","url":"https:\/\/continent.lv\/wp-content\/uploads\/2026\/05\/21_z253-ob.jpeg","contentUrl":"https:\/\/continent.lv\/wp-content\/uploads\/2026\/05\/21_z253-ob.jpeg","width":700,"height":700},{"@type":"BreadcrumbList","@id":"https:\/\/continent.lv\/product\/aeg-tr939m6ce-9kg\/#breadcrumb","itemListElement":[{"@type":"ListItem","position":1,"name":"Home","item":"https:\/\/continent.lv\/"},{"@type":"ListItem","position":2,"name":"Veikals","item":"https:\/\/continent.lv\/shop\/"},{"@type":"ListItem","position":3,"name":"AEG TR939M6CE 9kg"}]},{"@type":"WebSite","@id":"https:\/\/continent.lv\/#website","url":"https:\/\/continent.lv\/","name":"Continent.lv","description":"Sadz\u012bves pre\u010du internetveikals","publisher":{"@id":"https:\/\/continent.lv\/#organization"},"potentialAction":[{"@type":"SearchAction","target":{"@type":"EntryPoint","urlTemplate":"https:\/\/continent.lv\/?s={search_term_string}"},"query-input":{"@type":"PropertyValueSpecification","valueRequired":true,"valueName":"search_term_string"}}],"inLanguage":"ru-RU"},{"@type":"Organization","@id":"https:\/\/continent.lv\/#organization","name":"Continent.lv","url":"https:\/\/continent.lv\/","logo":{"@type":"ImageObject","inLanguage":"ru-RU","@id":"https:\/\/continent.lv\/#\/schema\/logo\/image\/","url":"https:\/\/continent.lv\/wp-content\/uploads\/2026\/05\/logo_continent_5nwv-jh.jpg","contentUrl":"https:\/\/continent.lv\/wp-content\/uploads\/2026\/05\/logo_continent_5nwv-jh.jpg","width":221,"height":50,"caption":"Continent.lv"},"image":{"@id":"https:\/\/continent.lv\/#\/schema\/logo\/image\/"}}]}},"_links":{"self":[{"href":"https:\/\/continent.lv\/ru\/wp-json\/wp\/v2\/product\/41862","targetHints":{"allow":["GET"]}}],"collection":[{"href":"https:\/\/continent.lv\/ru\/wp-json\/wp\/v2\/product"}],"about":[{"href":"https:\/\/continent.lv\/ru\/wp-json\/wp\/v2\/types\/product"}],"replies":[{"embeddable":true,"href":"https:\/\/continent.lv\/ru\/wp-json\/wp\/v2\/comments?post=41862"}],"wp:featuredmedia":[{"embeddable":true,"href":"https:\/\/continent.lv\/ru\/wp-json\/wp\/v2\/media\/41859"}],"wp:attachment":[{"href":"https:\/\/continent.lv\/ru\/wp-json\/wp\/v2\/media?parent=41862"}],"wp:term":[{"taxonomy":"product_brand","embeddable":true,"href":"https:\/\/continent.lv\/ru\/wp-json\/wp\/v2\/product_brand?post=41862"},{"taxonomy":"product_cat","embeddable":true,"href":"https:\/\/continent.lv\/ru\/wp-json\/wp\/v2\/product_cat?post=41862"},{"taxonomy":"product_tag","embeddable":true,"href":"https:\/\/continent.lv\/ru\/wp-json\/wp\/v2\/product_tag?post=41862"}],"curies":[{"name":"wp","href":"https:\/\/api.w.org\/{rel}","templated":true}]}}