{"id":41846,"date":"2026-05-01T06:10:22","date_gmt":"2026-05-01T06:10:22","guid":{"rendered":"https:\/\/continent.lv\/product\/electrolux-ew6f1492e\/"},"modified":"2026-05-01T06:10:22","modified_gmt":"2026-05-01T06:10:22","slug":"electrolux-ew6f1492e","status":"publish","type":"product","link":"https:\/\/continent.lv\/ru\/product\/electrolux-ew6f1492e\/","title":{"rendered":"Electrolux EW6F1492E"},"content":{"rendered":"<p>Ra\u017eot\u0101js\u00a0\u00a0\u00a0\u00a0 Electrolux<\/p>\n<p>Ekr\u0101ns +\u00a0\u00a0\u00a0\u00a0 LED<br \/>Mont\u0101\u017eas tips\u00a0\u00a0\u00a0\u00a0 Br\u012bvi st\u0101vo\u0161s<br \/>Apgaismojums\u00a0\u00a0\u00a0\u00a0 Nav<br \/>Platuma interv\u0101ls, cm\u00a0\u00a0\u00a0\u00a0 55 \u2013 60 cm<br \/>Ener\u0123ijas klase\u00a0\u00a0\u00a0\u00a0 A<br \/>Sv\u0101rpstu tilpums, kg\u00a0\u00a0\u00a0\u00a0 9<br \/>Sv\u0101rpstu tilpums \u017e\u0101v\u0113\u0161anas laik\u0101, kg\u00a0\u00a0\u00a0\u00a0 Bez \u017e\u0101v\u0113\u0161anas<br \/>Dzi\u013cuma interv\u0101ls, cm\u00a0\u00a0\u00a0\u00a0 61 un vair\u0101k cm<br \/>Grie\u0161an\u0101s \u0101trums, apgr.\/min.\u00a0\u00a0\u00a0\u00a0 1400<br \/>Invertora dzin\u0113js\u00a0\u00a0\u00a0\u00a0 J\u0101<br \/>Ve\u013cas mazg\u0101jam\u0101s ma\u0161\u012bnas tips\u00a0\u00a0\u00a0\u00a0 Aizpild\u0101ma no priek\u0161puses<br \/>Ve\u013cas mazg\u0101jam\u0101s ma\u0161\u012bnas tips\u00a0\u00a0\u00a0\u00a0 Aizpild\u0101ma no priek\u0161puses<br \/>Produkta kategorija\u00a0\u00a0\u00a0\u00a0 Ve\u013cas mazg\u0101jam\u0101s ma\u0161\u012bnas<br \/>Dzi\u013cums\u00a0\u00a0\u00a0\u00a0 63 cm<br \/>Platums\u00a0\u00a0\u00a0\u00a0 60 cm<br \/>Svars, Kg\u00a0\u00a0\u00a0\u00a0 74.5<br \/>Augstums\u00a0\u00a0\u00a0\u00a0 85 cm<br \/>Garantijas laiks\u00a0\u00a0\u00a0\u00a0 24 m\u0113n.<br \/>Svars ar iepakojumu, Kg\u00a0\u00a0\u00a0\u00a0 76<\/p><\/p>","protected":false},"excerpt":{"rendered":"<p>Ra\u017eot\u0101js\u00a0\u00a0\u00a0\u00a0 Electrolux Ekr\u0101ns +\u00a0\u00a0\u00a0\u00a0 LEDMont\u0101\u017eas tips\u00a0\u00a0\u00a0\u00a0 Br\u012bvi st\u0101vo\u0161sApgaismojums\u00a0\u00a0\u00a0\u00a0 NavPlatuma interv\u0101ls, cm\u00a0\u00a0\u00a0\u00a0 55 \u2013 60 cmEner\u0123ijas klase\u00a0\u00a0\u00a0\u00a0 ASv\u0101rpstu tilpums, kg\u00a0\u00a0\u00a0\u00a0 9Sv\u0101rpstu tilpums \u017e\u0101v\u0113\u0161anas laik\u0101, kg\u00a0\u00a0\u00a0\u00a0 Bez \u017e\u0101v\u0113\u0161anasDzi\u013cuma interv\u0101ls, cm\u00a0\u00a0\u00a0\u00a0 61 un vair\u0101k cmGrie\u0161an\u0101s \u0101trums, apgr.\/min.\u00a0\u00a0\u00a0\u00a0 1400Invertora dzin\u0113js\u00a0\u00a0\u00a0\u00a0 J\u0101Ve\u013cas mazg\u0101jam\u0101s ma\u0161\u012bnas tips\u00a0\u00a0\u00a0\u00a0 Aizpild\u0101ma no priek\u0161pusesVe\u013cas mazg\u0101jam\u0101s ma\u0161\u012bnas tips\u00a0\u00a0\u00a0\u00a0 Aizpild\u0101ma no priek\u0161pusesProdukta kategorija\u00a0\u00a0\u00a0\u00a0 Ve\u013cas mazg\u0101jam\u0101s ma\u0161\u012bnasDzi\u013cums\u00a0\u00a0\u00a0\u00a0 63 cmPlatums\u00a0\u00a0\u00a0\u00a0 [&hellip;]<\/p>\n","protected":false},"featured_media":41844,"comment_status":"open","ping_status":"closed","template":"","meta":{"_joinchat":[]},"product_brand":[265],"product_cat":[285],"product_tag":[],"class_list":{"0":"post-41846","1":"product","2":"type-product","3":"status-publish","4":"has-post-thumbnail","6":"product_brand-electrolux","7":"product_cat-sadzives-tehnika-velas-masinas-ar-frontalo-ieladi","9":"first","10":"instock","11":"shipping-taxable","12":"purchasable","13":"product-type-simple"},"yoast_head":"<!-- This site is optimized with the Yoast SEO plugin v27.5 - https:\/\/yoast.com\/product\/yoast-seo-wordpress\/ -->\n<title>Electrolux EW6F1492E - Continent.lv<\/title>\n<meta name=\"robots\" content=\"index, follow, max-snippet:-1, max-image-preview:large, max-video-preview:-1\" \/>\n<link rel=\"canonical\" href=\"https:\/\/continent.lv\/ru\/product\/electrolux-ew6f1492e\/\" \/>\n<meta property=\"og:locale\" content=\"ru_RU\" \/>\n<meta property=\"og:type\" content=\"article\" \/>\n<meta property=\"og:title\" content=\"Electrolux EW6F1492E - Continent.lv\" \/>\n<meta property=\"og:description\" content=\"Ra\u017eot\u0101js\u00a0\u00a0\u00a0\u00a0 Electrolux Ekr\u0101ns +\u00a0\u00a0\u00a0\u00a0 LEDMont\u0101\u017eas tips\u00a0\u00a0\u00a0\u00a0 Br\u012bvi st\u0101vo\u0161sApgaismojums\u00a0\u00a0\u00a0\u00a0 NavPlatuma interv\u0101ls, cm\u00a0\u00a0\u00a0\u00a0 55 \u2013 60 cmEner\u0123ijas klase\u00a0\u00a0\u00a0\u00a0 ASv\u0101rpstu tilpums, kg\u00a0\u00a0\u00a0\u00a0 9Sv\u0101rpstu tilpums \u017e\u0101v\u0113\u0161anas laik\u0101, kg\u00a0\u00a0\u00a0\u00a0 Bez \u017e\u0101v\u0113\u0161anasDzi\u013cuma interv\u0101ls, cm\u00a0\u00a0\u00a0\u00a0 61 un vair\u0101k cmGrie\u0161an\u0101s \u0101trums, apgr.\/min.\u00a0\u00a0\u00a0\u00a0 1400Invertora dzin\u0113js\u00a0\u00a0\u00a0\u00a0 J\u0101Ve\u013cas mazg\u0101jam\u0101s ma\u0161\u012bnas tips\u00a0\u00a0\u00a0\u00a0 Aizpild\u0101ma no priek\u0161pusesVe\u013cas mazg\u0101jam\u0101s ma\u0161\u012bnas tips\u00a0\u00a0\u00a0\u00a0 Aizpild\u0101ma no priek\u0161pusesProdukta kategorija\u00a0\u00a0\u00a0\u00a0 Ve\u013cas mazg\u0101jam\u0101s ma\u0161\u012bnasDzi\u013cums\u00a0\u00a0\u00a0\u00a0 63 cmPlatums\u00a0\u00a0\u00a0\u00a0 [&hellip;]\" \/>\n<meta property=\"og:url\" content=\"https:\/\/continent.lv\/ru\/product\/electrolux-ew6f1492e\/\" \/>\n<meta property=\"og:site_name\" content=\"Continent.lv\" \/>\n<meta property=\"og:image\" content=\"https:\/\/continent.lv\/wp-content\/uploads\/2026\/05\/21_rk8g-rt.jpeg\" \/>\n\t<meta property=\"og:image:width\" content=\"800\" \/>\n\t<meta property=\"og:image:height\" content=\"800\" \/>\n\t<meta property=\"og:image:type\" content=\"image\/jpeg\" \/>\n<meta name=\"twitter:card\" content=\"summary_large_image\" \/>\n<meta name=\"twitter:label1\" content=\"\u041f\u0440\u0438\u043c\u0435\u0440\u043d\u043e\u0435 \u0432\u0440\u0435\u043c\u044f \u0434\u043b\u044f \u0447\u0442\u0435\u043d\u0438\u044f\" \/>\n\t<meta name=\"twitter:data1\" content=\"1 \u043c\u0438\u043d\u0443\u0442\u0430\" \/>\n<script type=\"application\/ld+json\" class=\"yoast-schema-graph\">{\"@context\":\"https:\\\/\\\/schema.org\",\"@graph\":[{\"@type\":\"WebPage\",\"@id\":\"https:\\\/\\\/continent.lv\\\/product\\\/electrolux-ew6f1492e\\\/\",\"url\":\"https:\\\/\\\/continent.lv\\\/product\\\/electrolux-ew6f1492e\\\/\",\"name\":\"Electrolux EW6F1492E - Continent.lv\",\"isPartOf\":{\"@id\":\"https:\\\/\\\/continent.lv\\\/#website\"},\"primaryImageOfPage\":{\"@id\":\"https:\\\/\\\/continent.lv\\\/product\\\/electrolux-ew6f1492e\\\/#primaryimage\"},\"image\":{\"@id\":\"https:\\\/\\\/continent.lv\\\/product\\\/electrolux-ew6f1492e\\\/#primaryimage\"},\"thumbnailUrl\":\"https:\\\/\\\/continent.lv\\\/wp-content\\\/uploads\\\/2026\\\/05\\\/21_rk8g-rt.jpeg\",\"datePublished\":\"2026-05-01T06:10:22+00:00\",\"breadcrumb\":{\"@id\":\"https:\\\/\\\/continent.lv\\\/product\\\/electrolux-ew6f1492e\\\/#breadcrumb\"},\"inLanguage\":\"ru-RU\",\"potentialAction\":[{\"@type\":\"ReadAction\",\"target\":[\"https:\\\/\\\/continent.lv\\\/product\\\/electrolux-ew6f1492e\\\/\"]}]},{\"@type\":\"ImageObject\",\"inLanguage\":\"ru-RU\",\"@id\":\"https:\\\/\\\/continent.lv\\\/product\\\/electrolux-ew6f1492e\\\/#primaryimage\",\"url\":\"https:\\\/\\\/continent.lv\\\/wp-content\\\/uploads\\\/2026\\\/05\\\/21_rk8g-rt.jpeg\",\"contentUrl\":\"https:\\\/\\\/continent.lv\\\/wp-content\\\/uploads\\\/2026\\\/05\\\/21_rk8g-rt.jpeg\",\"width\":800,\"height\":800},{\"@type\":\"BreadcrumbList\",\"@id\":\"https:\\\/\\\/continent.lv\\\/product\\\/electrolux-ew6f1492e\\\/#breadcrumb\",\"itemListElement\":[{\"@type\":\"ListItem\",\"position\":1,\"name\":\"Home\",\"item\":\"https:\\\/\\\/continent.lv\\\/\"},{\"@type\":\"ListItem\",\"position\":2,\"name\":\"Veikals\",\"item\":\"https:\\\/\\\/continent.lv\\\/shop\\\/\"},{\"@type\":\"ListItem\",\"position\":3,\"name\":\"Electrolux EW6F1492E\"}]},{\"@type\":\"WebSite\",\"@id\":\"https:\\\/\\\/continent.lv\\\/#website\",\"url\":\"https:\\\/\\\/continent.lv\\\/\",\"name\":\"Continent.lv\",\"description\":\"Sadz\u012bves pre\u010du internetveikals\",\"publisher\":{\"@id\":\"https:\\\/\\\/continent.lv\\\/#organization\"},\"potentialAction\":[{\"@type\":\"SearchAction\",\"target\":{\"@type\":\"EntryPoint\",\"urlTemplate\":\"https:\\\/\\\/continent.lv\\\/?s={search_term_string}\"},\"query-input\":{\"@type\":\"PropertyValueSpecification\",\"valueRequired\":true,\"valueName\":\"search_term_string\"}}],\"inLanguage\":\"ru-RU\"},{\"@type\":\"Organization\",\"@id\":\"https:\\\/\\\/continent.lv\\\/#organization\",\"name\":\"Continent.lv\",\"url\":\"https:\\\/\\\/continent.lv\\\/\",\"logo\":{\"@type\":\"ImageObject\",\"inLanguage\":\"ru-RU\",\"@id\":\"https:\\\/\\\/continent.lv\\\/#\\\/schema\\\/logo\\\/image\\\/\",\"url\":\"https:\\\/\\\/continent.lv\\\/wp-content\\\/uploads\\\/2026\\\/05\\\/logo_continent_5nwv-jh.jpg\",\"contentUrl\":\"https:\\\/\\\/continent.lv\\\/wp-content\\\/uploads\\\/2026\\\/05\\\/logo_continent_5nwv-jh.jpg\",\"width\":221,\"height\":50,\"caption\":\"Continent.lv\"},\"image\":{\"@id\":\"https:\\\/\\\/continent.lv\\\/#\\\/schema\\\/logo\\\/image\\\/\"}}]}<\/script>\n<!-- \/ Yoast SEO plugin. -->","yoast_head_json":{"title":"Electrolux EW6F1492E - Continent.lv","robots":{"index":"index","follow":"follow","max-snippet":"max-snippet:-1","max-image-preview":"max-image-preview:large","max-video-preview":"max-video-preview:-1"},"canonical":"https:\/\/continent.lv\/ru\/product\/electrolux-ew6f1492e\/","og_locale":"ru_RU","og_type":"article","og_title":"Electrolux EW6F1492E - Continent.lv","og_description":"Ra\u017eot\u0101js\u00a0\u00a0\u00a0\u00a0 Electrolux Ekr\u0101ns +\u00a0\u00a0\u00a0\u00a0 LEDMont\u0101\u017eas tips\u00a0\u00a0\u00a0\u00a0 Br\u012bvi st\u0101vo\u0161sApgaismojums\u00a0\u00a0\u00a0\u00a0 NavPlatuma interv\u0101ls, cm\u00a0\u00a0\u00a0\u00a0 55 \u2013 60 cmEner\u0123ijas klase\u00a0\u00a0\u00a0\u00a0 ASv\u0101rpstu tilpums, kg\u00a0\u00a0\u00a0\u00a0 9Sv\u0101rpstu tilpums \u017e\u0101v\u0113\u0161anas laik\u0101, kg\u00a0\u00a0\u00a0\u00a0 Bez \u017e\u0101v\u0113\u0161anasDzi\u013cuma interv\u0101ls, cm\u00a0\u00a0\u00a0\u00a0 61 un vair\u0101k cmGrie\u0161an\u0101s \u0101trums, apgr.\/min.\u00a0\u00a0\u00a0\u00a0 1400Invertora dzin\u0113js\u00a0\u00a0\u00a0\u00a0 J\u0101Ve\u013cas mazg\u0101jam\u0101s ma\u0161\u012bnas tips\u00a0\u00a0\u00a0\u00a0 Aizpild\u0101ma no priek\u0161pusesVe\u013cas mazg\u0101jam\u0101s ma\u0161\u012bnas tips\u00a0\u00a0\u00a0\u00a0 Aizpild\u0101ma no priek\u0161pusesProdukta kategorija\u00a0\u00a0\u00a0\u00a0 Ve\u013cas mazg\u0101jam\u0101s ma\u0161\u012bnasDzi\u013cums\u00a0\u00a0\u00a0\u00a0 63 cmPlatums\u00a0\u00a0\u00a0\u00a0 [&hellip;]","og_url":"https:\/\/continent.lv\/ru\/product\/electrolux-ew6f1492e\/","og_site_name":"Continent.lv","og_image":[{"width":800,"height":800,"url":"https:\/\/continent.lv\/wp-content\/uploads\/2026\/05\/21_rk8g-rt.jpeg","type":"image\/jpeg"}],"twitter_card":"summary_large_image","twitter_misc":{"\u041f\u0440\u0438\u043c\u0435\u0440\u043d\u043e\u0435 \u0432\u0440\u0435\u043c\u044f \u0434\u043b\u044f \u0447\u0442\u0435\u043d\u0438\u044f":"1 \u043c\u0438\u043d\u0443\u0442\u0430"},"schema":{"@context":"https:\/\/schema.org","@graph":[{"@type":"WebPage","@id":"https:\/\/continent.lv\/product\/electrolux-ew6f1492e\/","url":"https:\/\/continent.lv\/product\/electrolux-ew6f1492e\/","name":"Electrolux EW6F1492E - Continent.lv","isPartOf":{"@id":"https:\/\/continent.lv\/#website"},"primaryImageOfPage":{"@id":"https:\/\/continent.lv\/product\/electrolux-ew6f1492e\/#primaryimage"},"image":{"@id":"https:\/\/continent.lv\/product\/electrolux-ew6f1492e\/#primaryimage"},"thumbnailUrl":"https:\/\/continent.lv\/wp-content\/uploads\/2026\/05\/21_rk8g-rt.jpeg","datePublished":"2026-05-01T06:10:22+00:00","breadcrumb":{"@id":"https:\/\/continent.lv\/product\/electrolux-ew6f1492e\/#breadcrumb"},"inLanguage":"ru-RU","potentialAction":[{"@type":"ReadAction","target":["https:\/\/continent.lv\/product\/electrolux-ew6f1492e\/"]}]},{"@type":"ImageObject","inLanguage":"ru-RU","@id":"https:\/\/continent.lv\/product\/electrolux-ew6f1492e\/#primaryimage","url":"https:\/\/continent.lv\/wp-content\/uploads\/2026\/05\/21_rk8g-rt.jpeg","contentUrl":"https:\/\/continent.lv\/wp-content\/uploads\/2026\/05\/21_rk8g-rt.jpeg","width":800,"height":800},{"@type":"BreadcrumbList","@id":"https:\/\/continent.lv\/product\/electrolux-ew6f1492e\/#breadcrumb","itemListElement":[{"@type":"ListItem","position":1,"name":"Home","item":"https:\/\/continent.lv\/"},{"@type":"ListItem","position":2,"name":"Veikals","item":"https:\/\/continent.lv\/shop\/"},{"@type":"ListItem","position":3,"name":"Electrolux EW6F1492E"}]},{"@type":"WebSite","@id":"https:\/\/continent.lv\/#website","url":"https:\/\/continent.lv\/","name":"Continent.lv","description":"Sadz\u012bves pre\u010du internetveikals","publisher":{"@id":"https:\/\/continent.lv\/#organization"},"potentialAction":[{"@type":"SearchAction","target":{"@type":"EntryPoint","urlTemplate":"https:\/\/continent.lv\/?s={search_term_string}"},"query-input":{"@type":"PropertyValueSpecification","valueRequired":true,"valueName":"search_term_string"}}],"inLanguage":"ru-RU"},{"@type":"Organization","@id":"https:\/\/continent.lv\/#organization","name":"Continent.lv","url":"https:\/\/continent.lv\/","logo":{"@type":"ImageObject","inLanguage":"ru-RU","@id":"https:\/\/continent.lv\/#\/schema\/logo\/image\/","url":"https:\/\/continent.lv\/wp-content\/uploads\/2026\/05\/logo_continent_5nwv-jh.jpg","contentUrl":"https:\/\/continent.lv\/wp-content\/uploads\/2026\/05\/logo_continent_5nwv-jh.jpg","width":221,"height":50,"caption":"Continent.lv"},"image":{"@id":"https:\/\/continent.lv\/#\/schema\/logo\/image\/"}}]}},"_links":{"self":[{"href":"https:\/\/continent.lv\/ru\/wp-json\/wp\/v2\/product\/41846","targetHints":{"allow":["GET"]}}],"collection":[{"href":"https:\/\/continent.lv\/ru\/wp-json\/wp\/v2\/product"}],"about":[{"href":"https:\/\/continent.lv\/ru\/wp-json\/wp\/v2\/types\/product"}],"replies":[{"embeddable":true,"href":"https:\/\/continent.lv\/ru\/wp-json\/wp\/v2\/comments?post=41846"}],"wp:featuredmedia":[{"embeddable":true,"href":"https:\/\/continent.lv\/ru\/wp-json\/wp\/v2\/media\/41844"}],"wp:attachment":[{"href":"https:\/\/continent.lv\/ru\/wp-json\/wp\/v2\/media?parent=41846"}],"wp:term":[{"taxonomy":"product_brand","embeddable":true,"href":"https:\/\/continent.lv\/ru\/wp-json\/wp\/v2\/product_brand?post=41846"},{"taxonomy":"product_cat","embeddable":true,"href":"https:\/\/continent.lv\/ru\/wp-json\/wp\/v2\/product_cat?post=41846"},{"taxonomy":"product_tag","embeddable":true,"href":"https:\/\/continent.lv\/ru\/wp-json\/wp\/v2\/product_tag?post=41846"}],"curies":[{"name":"wp","href":"https:\/\/api.w.org\/{rel}","templated":true}]}}